{"id":4833,"date":"2022-05-22T04:39:28","date_gmt":"2022-05-22T04:39:28","guid":{"rendered":"https:\/\/18pet.com\/?post_type=product&#038;p=4833"},"modified":"2025-03-23T14:00:33","modified_gmt":"2025-03-23T14:00:33","slug":"pet-dog-mouth-breathable-adjustable-anti-bite-metal-muzzle-protection-cover-dog-accessories","status":"publish","type":"product","link":"https:\/\/18pet.com\/pt_br\/produto\/pet-cachorro-boca-respiravel-ajustavel-anti-mordida-metal-focinho-protecao-capa-cao-acessorios\/","title":{"rendered":"<p>Cobertura de prote\u00e7\u00e3o anti-mordida de metal respir\u00e1vel e ajust\u00e1vel para c\u00e3es<\/p>"},"content":{"rendered":"<h3><strong>Recurso:<\/strong><p>1. Este focinho de cesta bem ventilado permite ofegar e beber, dentro acolchoado com couro sint\u00e9tico macio, para maior conforto e seguran\u00e7a.<\/p><p>2. Feito de couro sint\u00e9tico flex\u00edvel e fio de ferro, muito dur\u00e1vel.<\/p><p>3. A cinta de seguran\u00e7a ajust\u00e1vel garante que o cano permane\u00e7a sempre seguro no lugar.<\/p><p>4. F\u00e1cil de colocar, mas o c\u00e3o n\u00e3o pode tirar sozinho.<\/p><p><strong><em>Esta focinheira para c\u00e3es \u00e9 uma ferramenta de treinamento \u00fatil em muitas situa\u00e7\u00f5es e uso di\u00e1rio, que desencoraja os c\u00e3es de morder, latir, mastigar objetos estranhos ou lamber feridas.<\/em><\/strong><\/p><p><strong>Tipo:<\/strong> focinheira de cachorro<br>\n<strong>Material<\/strong>: couro sint\u00e9tico, ferro<br>\n<strong>Caracter\u00edsticas<\/strong>: Respir\u00e1vel, Dur\u00e1vel, Confort\u00e1vel, Ajust\u00e1vel<\/p><h3><span style=\"color: #ff0000\"><strong>Detalhes do tamanho<\/strong>: Por favor, me\u00e7a cuidadosamente o tamanho da boca do cachorro antes de comprar. Isso \u00e9 importante.<\/span><\/h3><p><strong><span style=\"color: #ff0000\">M: <\/span><\/strong><\/p><p><strong>Circunfer\u00eancia frontal:<\/strong> 23 cm\/9,06\u2033,<\/p><p><strong>Comprimento:<\/strong> 6 cm\/2,36\u2033,<\/p><p><strong>Circunfer\u00eancia m\u00e9dia:<\/strong> 29 cm\/11,42\u2033 (Aprox.)<\/p><p><strong><span style=\"color: #ff0000\">EU: <\/span><\/strong><\/p><p><strong>Circunfer\u00eancia frontal:<\/strong> 30 cm\/11,81\u2033,<\/p><p><strong>Comprimento:<\/strong> 8,5 cm\/3,35\u2033,<\/p><p><strong>Circunfer\u00eancia m\u00e9dia:<\/strong> 37 cm\/14,57\u2033 (Aprox.)<\/p><p><span style=\"color: #ff0000\">GG: <\/span><\/p><p><strong>Circunfer\u00eancia frontal:<\/strong> 32 cm\/12,60\u2033,<\/p><p><strong>Comprimento:<\/strong> 9,5 cm\/3,74\u2033,<\/p><p><strong>Circunfer\u00eancia m\u00e9dia:<\/strong> 44 cm\/17,32\u2033 (Aprox.)<\/p><p><span style=\"color: #ff0000\">XXG: <\/span><\/p><p><strong>Circunfer\u00eancia frontal:<\/strong> 41 cm\/16,14\u2033,<\/p><p><strong>Comprimento:<\/strong> 10 cm\/3,94\u2033,<\/p><p><strong>Circunfer\u00eancia m\u00e9dia:<\/strong> 48 cm\/18,90\u2033 (Aprox.)<\/p><p><strong>Notas:<\/strong><\/p><p>Devido \u00e0 diferen\u00e7a de configura\u00e7\u00e3o de luz e tela, a cor do item pode ser ligeiramente diferente das fotos.<br>\nPor favor, permita uma pequena diferen\u00e7a de dimens\u00e3o devido a diferentes medi\u00e7\u00f5es manuais.<\/p><p><strong>O pacote inclui:<\/strong><\/p><p>1 x focinheira de cachorro<\/p><p><img decoding=\"async\" class=\"img-responsive\" src=\"https:\/\/18pet.com\/wp-content\/uploads\/2023\/05\/891467424-1.jpg\"><img decoding=\"async\" class=\"img-responsive\" src=\"https:\/\/18pet.com\/wp-content\/uploads\/2023\/05\/405613593-1.jpg\"><img decoding=\"async\" class=\"img-responsive\" src=\"https:\/\/18pet.com\/wp-content\/uploads\/2023\/05\/1202312148-1.jpg\"><img decoding=\"async\" class=\"img-responsive\" src=\"https:\/\/18pet.com\/wp-content\/uploads\/2023\/05\/1240136531-1.jpg\"><img decoding=\"async\" class=\"img-responsive\" src=\"https:\/\/18pet.com\/wp-content\/uploads\/2023\/05\/1143836322-1.jpg\"><img decoding=\"async\" class=\"img-responsive\" src=\"https:\/\/18pet.com\/wp-content\/uploads\/2023\/05\/143617062-1.jpg\"><img decoding=\"async\" class=\"img-responsive\" src=\"https:\/\/18pet.com\/wp-content\/uploads\/2023\/05\/762126164-1.jpg\"><img decoding=\"async\" class=\"img-responsive\" src=\"https:\/\/18pet.com\/wp-content\/uploads\/2023\/05\/672897733-1.jpg\"><\/p><\/h3>","protected":false},"excerpt":{"rendered":"<h3><strong>Recurso:<\/strong><p>1. Este focinho de cesta bem ventilado permite ofegar e beber, dentro acolchoado com couro sint\u00e9tico macio, para maior conforto e seguran\u00e7a.<\/p><p>2. Feito de couro sint\u00e9tico flex\u00edvel e fio de ferro, muito dur\u00e1vel.<\/p><p>3. A cinta de seguran\u00e7a ajust\u00e1vel garante que o cano permane\u00e7a sempre seguro no lugar.<\/p><p>4. F\u00e1cil de colocar, mas o c\u00e3o n\u00e3o pode tirar sozinho.<\/p><\/h3>","protected":false},"featured_media":4834,"comment_status":"open","ping_status":"closed","template":"","meta":[],"product_brand":[],"product_cat":[118],"product_tag":[244,424],"class_list":{"0":"post-4833","1":"product","2":"type-product","3":"status-publish","4":"has-post-thumbnail","6":"product_cat-muzzles","7":"product_tag-dog","8":"product_tag-muzzles","9":"pa_size-l","10":"pa_size-m","11":"pa_size-xl","12":"pa_size-xxl","14":"first","15":"instock","16":"sale","17":"taxable","18":"shipping-taxable","19":"purchasable","20":"product-type-variable"},"yoast_head":"<!-- This site is optimized with the Yoast SEO plugin v25.0 - https:\/\/yoast.com\/wordpress\/plugins\/seo\/ -->\n<title>Dog Metal Muzzle Mouth Breathable Adjustable Anti-Bite Protection Cover &#8212; 18pet.com<\/title>\n<meta name=\"description\" content=\"This muzzle is made of metal wire outside and leather inside. Excellent design, both durable and comfortable to wear, preventing harm to dogs.\" \/>\n<meta name=\"robots\" content=\"index, follow, max-snippet:-1, max-image-preview:large, max-video-preview:-1\" \/>\n<link rel=\"canonical\" href=\"https:\/\/18pet.com\/pt_br\/produto\/pet-cachorro-boca-respiravel-ajustavel-anti-mordida-metal-focinho-protecao-capa-cao-acessorios\/\" \/>\n<meta property=\"og:locale\" content=\"pt_BR\" \/>\n<meta property=\"og:type\" content=\"article\" \/>\n<meta property=\"og:title\" content=\"Dog Metal Muzzle Mouth Breathable Adjustable Anti-Bite Protection Cover &#8212; 18pet.com\" \/>\n<meta property=\"og:description\" content=\"This muzzle is made of metal wire outside and leather inside. Excellent design, both durable and comfortable to wear, preventing harm to dogs.\" \/>\n<meta property=\"og:url\" content=\"https:\/\/18pet.com\/pt_br\/produto\/pet-cachorro-boca-respiravel-ajustavel-anti-mordida-metal-focinho-protecao-capa-cao-acessorios\/\" \/>\n<meta property=\"og:site_name\" content=\"18pet.com\" \/>\n<meta property=\"article:modified_time\" content=\"2025-03-23T14:00:33+00:00\" \/>\n<meta property=\"og:image\" content=\"https:\/\/18pet.com\/wp-content\/uploads\/2023\/05\/1627849007-1.jpg\" \/>\n\t<meta property=\"og:image:width\" content=\"1000\" \/>\n\t<meta property=\"og:image:height\" content=\"1000\" \/>\n\t<meta property=\"og:image:type\" content=\"image\/jpeg\" \/>\n<meta name=\"twitter:card\" content=\"summary_large_image\" \/>\n<meta name=\"twitter:label1\" content=\"Est. tempo de leitura\" \/>\n\t<meta name=\"twitter:data1\" content=\"3 minutos\" \/>\n<script type=\"application\/ld+json\" class=\"yoast-schema-graph\">{\"@context\":\"https:\/\/schema.org\",\"@graph\":[{\"@type\":\"WebPage\",\"@id\":\"https:\/\/18pet.com\/product\/pet-dog-mouth-breathable-adjustable-anti-bite-metal-muzzle-protection-cover-dog-accessories\/\",\"url\":\"https:\/\/18pet.com\/product\/pet-dog-mouth-breathable-adjustable-anti-bite-metal-muzzle-protection-cover-dog-accessories\/\",\"name\":\"Dog Metal Muzzle Mouth Breathable Adjustable Anti-Bite Protection Cover &#8212; 18pet.com\",\"isPartOf\":{\"@id\":\"https:\/\/18pet.com\/id\/#website\"},\"primaryImageOfPage\":{\"@id\":\"https:\/\/18pet.com\/product\/pet-dog-mouth-breathable-adjustable-anti-bite-metal-muzzle-protection-cover-dog-accessories\/#primaryimage\"},\"image\":{\"@id\":\"https:\/\/18pet.com\/product\/pet-dog-mouth-breathable-adjustable-anti-bite-metal-muzzle-protection-cover-dog-accessories\/#primaryimage\"},\"thumbnailUrl\":\"https:\/\/18pet.com\/wp-content\/uploads\/2023\/05\/1627849007-1.jpg\",\"datePublished\":\"2022-05-22T04:39:28+00:00\",\"dateModified\":\"2025-03-23T14:00:33+00:00\",\"description\":\"This muzzle is made of metal wire outside and leather inside. Excellent design, both durable and comfortable to wear, preventing harm to dogs.\",\"breadcrumb\":{\"@id\":\"https:\/\/18pet.com\/product\/pet-dog-mouth-breathable-adjustable-anti-bite-metal-muzzle-protection-cover-dog-accessories\/#breadcrumb\"},\"inLanguage\":\"pt-BR\",\"potentialAction\":[{\"@type\":\"ReadAction\",\"target\":[\"https:\/\/18pet.com\/product\/pet-dog-mouth-breathable-adjustable-anti-bite-metal-muzzle-protection-cover-dog-accessories\/\"]}]},{\"@type\":\"ImageObject\",\"inLanguage\":\"pt-BR\",\"@id\":\"https:\/\/18pet.com\/product\/pet-dog-mouth-breathable-adjustable-anti-bite-metal-muzzle-protection-cover-dog-accessories\/#primaryimage\",\"url\":\"https:\/\/18pet.com\/wp-content\/uploads\/2023\/05\/1627849007-1.jpg\",\"contentUrl\":\"https:\/\/18pet.com\/wp-content\/uploads\/2023\/05\/1627849007-1.jpg\",\"width\":1000,\"height\":1000,\"caption\":\"Pet Dog Mouth Breathable Adjustable Anti-Bite Metal Muzzle Protection Cover Dog Accessories 1\"},{\"@type\":\"BreadcrumbList\",\"@id\":\"https:\/\/18pet.com\/product\/pet-dog-mouth-breathable-adjustable-anti-bite-metal-muzzle-protection-cover-dog-accessories\/#breadcrumb\",\"itemListElement\":[{\"@type\":\"ListItem\",\"position\":1,\"name\":\"Home\",\"item\":\"https:\/\/18pet.com\/\"},{\"@type\":\"ListItem\",\"position\":2,\"name\":\"Products\",\"item\":\"https:\/\/18pet.com\/tr\/products\/\"},{\"@type\":\"ListItem\",\"position\":3,\"name\":\"Dog Metal Muzzle Mouth Breathable Adjustable Anti-Bite Protection Cover\"}]},{\"@type\":\"WebSite\",\"@id\":\"https:\/\/18pet.com\/id\/#website\",\"url\":\"https:\/\/18pet.com\/id\/\",\"name\":\"18pet.com\",\"description\":\"Your pet supplies center\",\"publisher\":{\"@id\":\"https:\/\/18pet.com\/id\/#organization\"},\"potentialAction\":[{\"@type\":\"SearchAction\",\"target\":{\"@type\":\"EntryPoint\",\"urlTemplate\":\"https:\/\/18pet.com\/id\/?s={search_term_string}\"},\"query-input\":{\"@type\":\"PropertyValueSpecification\",\"valueRequired\":true,\"valueName\":\"search_term_string\"}}],\"inLanguage\":\"pt-BR\"},{\"@type\":\"Organization\",\"@id\":\"https:\/\/18pet.com\/id\/#organization\",\"name\":\"18pet.com\",\"url\":\"https:\/\/18pet.com\/id\/\",\"logo\":{\"@type\":\"ImageObject\",\"inLanguage\":\"pt-BR\",\"@id\":\"https:\/\/18pet.com\/id\/#\/schema\/logo\/image\/\",\"url\":\"https:\/\/18pet.com\/wp-content\/uploads\/2023\/04\/18pet-white-background.png\",\"contentUrl\":\"https:\/\/18pet.com\/wp-content\/uploads\/2023\/04\/18pet-white-background.png\",\"width\":515,\"height\":167,\"caption\":\"18pet.com\"},\"image\":{\"@id\":\"https:\/\/18pet.com\/id\/#\/schema\/logo\/image\/\"}}]}<\/script>\n<!-- \/ Yoast SEO plugin. -->","yoast_head_json":{"title":"Dog Metal Muzzle Mouth Breathable Adjustable Anti-Bite Protection Cover &#8212; 18pet.com","description":"This muzzle is made of metal wire outside and leather inside. Excellent design, both durable and comfortable to wear, preventing harm to dogs.","robots":{"index":"index","follow":"follow","max-snippet":"max-snippet:-1","max-image-preview":"max-image-preview:large","max-video-preview":"max-video-preview:-1"},"canonical":"https:\/\/18pet.com\/pt_br\/produto\/pet-cachorro-boca-respiravel-ajustavel-anti-mordida-metal-focinho-protecao-capa-cao-acessorios\/","og_locale":"pt_BR","og_type":"article","og_title":"Dog Metal Muzzle Mouth Breathable Adjustable Anti-Bite Protection Cover &#8212; 18pet.com","og_description":"This muzzle is made of metal wire outside and leather inside. Excellent design, both durable and comfortable to wear, preventing harm to dogs.","og_url":"https:\/\/18pet.com\/pt_br\/produto\/pet-cachorro-boca-respiravel-ajustavel-anti-mordida-metal-focinho-protecao-capa-cao-acessorios\/","og_site_name":"18pet.com","article_modified_time":"2025-03-23T14:00:33+00:00","og_image":[{"width":1000,"height":1000,"url":"https:\/\/18pet.com\/wp-content\/uploads\/2023\/05\/1627849007-1.jpg","type":"image\/jpeg"}],"twitter_card":"summary_large_image","twitter_misc":{"Est. tempo de leitura":"3 minutos"},"schema":{"@context":"https:\/\/schema.org","@graph":[{"@type":"WebPage","@id":"https:\/\/18pet.com\/product\/pet-dog-mouth-breathable-adjustable-anti-bite-metal-muzzle-protection-cover-dog-accessories\/","url":"https:\/\/18pet.com\/product\/pet-dog-mouth-breathable-adjustable-anti-bite-metal-muzzle-protection-cover-dog-accessories\/","name":"Dog Metal Muzzle Mouth Breathable Adjustable Anti-Bite Protection Cover &#8212; 18pet.com","isPartOf":{"@id":"https:\/\/18pet.com\/id\/#website"},"primaryImageOfPage":{"@id":"https:\/\/18pet.com\/product\/pet-dog-mouth-breathable-adjustable-anti-bite-metal-muzzle-protection-cover-dog-accessories\/#primaryimage"},"image":{"@id":"https:\/\/18pet.com\/product\/pet-dog-mouth-breathable-adjustable-anti-bite-metal-muzzle-protection-cover-dog-accessories\/#primaryimage"},"thumbnailUrl":"https:\/\/18pet.com\/wp-content\/uploads\/2023\/05\/1627849007-1.jpg","datePublished":"2022-05-22T04:39:28+00:00","dateModified":"2025-03-23T14:00:33+00:00","description":"This muzzle is made of metal wire outside and leather inside. Excellent design, both durable and comfortable to wear, preventing harm to dogs.","breadcrumb":{"@id":"https:\/\/18pet.com\/product\/pet-dog-mouth-breathable-adjustable-anti-bite-metal-muzzle-protection-cover-dog-accessories\/#breadcrumb"},"inLanguage":"pt-BR","potentialAction":[{"@type":"ReadAction","target":["https:\/\/18pet.com\/product\/pet-dog-mouth-breathable-adjustable-anti-bite-metal-muzzle-protection-cover-dog-accessories\/"]}]},{"@type":"ImageObject","inLanguage":"pt-BR","@id":"https:\/\/18pet.com\/product\/pet-dog-mouth-breathable-adjustable-anti-bite-metal-muzzle-protection-cover-dog-accessories\/#primaryimage","url":"https:\/\/18pet.com\/wp-content\/uploads\/2023\/05\/1627849007-1.jpg","contentUrl":"https:\/\/18pet.com\/wp-content\/uploads\/2023\/05\/1627849007-1.jpg","width":1000,"height":1000,"caption":"Pet Dog Mouth Breathable Adjustable Anti-Bite Metal Muzzle Protection Cover Dog Accessories 1"},{"@type":"BreadcrumbList","@id":"https:\/\/18pet.com\/product\/pet-dog-mouth-breathable-adjustable-anti-bite-metal-muzzle-protection-cover-dog-accessories\/#breadcrumb","itemListElement":[{"@type":"ListItem","position":1,"name":"Home","item":"https:\/\/18pet.com\/"},{"@type":"ListItem","position":2,"name":"Products","item":"https:\/\/18pet.com\/tr\/products\/"},{"@type":"ListItem","position":3,"name":"Dog Metal Muzzle Mouth Breathable Adjustable Anti-Bite Protection Cover"}]},{"@type":"WebSite","@id":"https:\/\/18pet.com\/id\/#website","url":"https:\/\/18pet.com\/id\/","name":"18pet.com","description":"Your pet supplies center","publisher":{"@id":"https:\/\/18pet.com\/id\/#organization"},"potentialAction":[{"@type":"SearchAction","target":{"@type":"EntryPoint","urlTemplate":"https:\/\/18pet.com\/id\/?s={search_term_string}"},"query-input":{"@type":"PropertyValueSpecification","valueRequired":true,"valueName":"search_term_string"}}],"inLanguage":"pt-BR"},{"@type":"Organization","@id":"https:\/\/18pet.com\/id\/#organization","name":"18pet.com","url":"https:\/\/18pet.com\/id\/","logo":{"@type":"ImageObject","inLanguage":"pt-BR","@id":"https:\/\/18pet.com\/id\/#\/schema\/logo\/image\/","url":"https:\/\/18pet.com\/wp-content\/uploads\/2023\/04\/18pet-white-background.png","contentUrl":"https:\/\/18pet.com\/wp-content\/uploads\/2023\/04\/18pet-white-background.png","width":515,"height":167,"caption":"18pet.com"},"image":{"@id":"https:\/\/18pet.com\/id\/#\/schema\/logo\/image\/"}}]}},"jetpack_sharing_enabled":true,"_links":{"self":[{"href":"https:\/\/18pet.com\/pt_br\/wp-json\/wp\/v2\/product\/4833","targetHints":{"allow":["GET"]}}],"collection":[{"href":"https:\/\/18pet.com\/pt_br\/wp-json\/wp\/v2\/product"}],"about":[{"href":"https:\/\/18pet.com\/pt_br\/wp-json\/wp\/v2\/types\/product"}],"replies":[{"embeddable":true,"href":"https:\/\/18pet.com\/pt_br\/wp-json\/wp\/v2\/comments?post=4833"}],"wp:featuredmedia":[{"embeddable":true,"href":"https:\/\/18pet.com\/pt_br\/wp-json\/wp\/v2\/media\/4834"}],"wp:attachment":[{"href":"https:\/\/18pet.com\/pt_br\/wp-json\/wp\/v2\/media?parent=4833"}],"wp:term":[{"taxonomy":"product_brand","embeddable":true,"href":"https:\/\/18pet.com\/pt_br\/wp-json\/wp\/v2\/product_brand?post=4833"},{"taxonomy":"product_cat","embeddable":true,"href":"https:\/\/18pet.com\/pt_br\/wp-json\/wp\/v2\/product_cat?post=4833"},{"taxonomy":"product_tag","embeddable":true,"href":"https:\/\/18pet.com\/pt_br\/wp-json\/wp\/v2\/product_tag?post=4833"}],"curies":[{"name":"wp","href":"https:\/\/api.w.org\/{rel}","templated":true}]}}