{"id":4779,"date":"2022-05-21T10:54:08","date_gmt":"2022-05-21T10:54:08","guid":{"rendered":"https:\/\/18pet.com\/?post_type=product&#038;p=4779"},"modified":"2025-03-23T12:58:33","modified_gmt":"2025-03-23T12:58:33","slug":"led-pet-dog-collar-anti-lost-avoid-car-accident-collar-luminous-band-led-night-safety-flashing-glow-pets-collar-strap","status":"publish","type":"product","link":"https:\/\/18pet.com\/pt_br\/produto\/coleira-anti-perda-para-evitar-acidente-de-carro-coleira-luminosa-faixa-led-seguranca-noturna-brilho-piscante-coleira-correia-para-animais-de-estimacao\/","title":{"rendered":"<p>Acess\u00f3rio de coleira piscante LED para c\u00e3es de estima\u00e7\u00e3o anti-perda\/evita acidentes de carro Luminoso acess\u00f3rio de trela de seguran\u00e7a noturna<\/p>"},"content":{"rendered":"<div style=\"width: 100%\">\n<div style=\"width: 1280px;\" class=\"wp-video\"><video class=\"wp-video-shortcode\" id=\"video-4779-1\" width=\"1280\" height=\"720\" preload=\"metadata\" controls=\"controls\"><source type=\"video\/mp4\" src=\"https:\/\/18pet.com\/wp-content\/uploads\/2023\/05\/535-Dog-Cat-Flash-leash-extendtion.mp4?_=1\"><\/source><a href=\"https:\/\/18pet.com\/wp-content\/uploads\/2023\/05\/535-Dog-Cat-Flash-leash-extendtion.mp4\">https:\/\/18pet.com\/wp-content\/uploads\/2023\/05\/535-Dog-Cat-Flash-leash-extendtion.mp4<\/a><\/video><\/div>\n<p><strong>Material:<\/strong> Silicone<br>\n<strong>Tamanho:<\/strong> Comprimento 24 cm\/9,45\u2033*Largura 3,8 cm\/1,5\u2033<\/p><p><strong>Caracter\u00edsticas do produto<\/strong><br>\n1. Pode ser luminoso ao viajar \u00e0 noite e pode ser amarrado a um colar ou corda de tra\u00e7\u00e3o.<br>\n2. Superf\u00edcie luminosa, com piscar r\u00e1pido, piscar lento, luz constante, desligue os 4 modos de emiss\u00e3o de luz<br>\n3. A fonte de luz \u00e9 duradoura e dur\u00e1vel, e a bateria pode ser usada por cerca de 40 horas.<br>\n4. \u00c9 feito de material de pulseira de silicone emissor de luz de PVC + ABS, que \u00e9 ecologicamente correto e resistente a dobras<\/p><p><span style=\"color: #ff0000\"><strong>O pacote inclui:<\/strong><\/span><br>\nCorreia luminosa para animais de estima\u00e7\u00e3o * 1 pe\u00e7a<\/p><p><strong>Notas:<\/strong><br>\n1. Por favor, permita uma diferen\u00e7a de 1-3 cm devido \u00e0 medi\u00e7\u00e3o manual e 3-5 g para a diferen\u00e7a entre cores diferentes.<br>\n2. Devido \u00e0 diferen\u00e7a de tela, a cor pode ser um pouco diferente do que voc\u00ea espera, por favor, permita.<img decoding=\"async\" class=\"img-responsive\" src=\"https:\/\/18pet.com\/wp-content\/uploads\/2023\/05\/347683163-1.jpg\"><img decoding=\"async\" class=\"img-responsive\" src=\"https:\/\/18pet.com\/wp-content\/uploads\/2023\/05\/1451290777-1.jpg\"><img decoding=\"async\" class=\"img-responsive\" src=\"https:\/\/18pet.com\/wp-content\/uploads\/2023\/05\/17954342-1.jpg\"><img decoding=\"async\" class=\"img-responsive\" src=\"https:\/\/18pet.com\/wp-content\/uploads\/2023\/05\/1468961890-1.jpg\"><img decoding=\"async\" class=\"img-responsive\" src=\"https:\/\/18pet.com\/wp-content\/uploads\/2023\/05\/1447802361-1.jpg\"><img decoding=\"async\" class=\"img-responsive\" src=\"https:\/\/18pet.com\/wp-content\/uploads\/2023\/05\/744353766-1.jpg\"><\/p><\/div>","protected":false},"excerpt":{"rendered":"<p><span style=\"color: #ff0000\"><strong>Observa\u00e7\u00e3o:<\/strong><\/span><p><strong>Recurso:<\/strong>Bateria embutida, auto-iluminada ou intermitente. Melhorar a seguran\u00e7a de sair \u00e0 noite.<\/p><p><strong>Aplic\u00e1vel a: <\/strong>Como um acess\u00f3rio para a coleira de cachorro ou coleira de estima\u00e7\u00e3o. No entanto, observe que n\u00e3o pode ser usado como uma extens\u00e3o da corda. Puxar com for\u00e7a pode causar danos.<\/p><p><strong>Pacote Incluindo:<\/strong> Correia luminosa para animais de estima\u00e7\u00e3o * 1 pe\u00e7a<\/p><p>&nbsp;<\/p><\/p>","protected":false},"featured_media":4780,"comment_status":"open","ping_status":"closed","template":"","meta":[],"product_brand":[],"product_cat":[163,114],"product_tag":[387,244,286],"class_list":{"0":"post-4779","1":"product","2":"type-product","3":"status-publish","4":"has-post-thumbnail","6":"product_cat-cat-collars-leads","7":"product_cat-leashes","8":"product_tag-cat","9":"product_tag-dog","10":"product_tag-leashes","11":"pa_color-green","12":"pa_color-pink","13":"pa_color-white","14":"pa_color-yellow","16":"first","17":"instock","18":"sale","19":"taxable","20":"shipping-taxable","21":"purchasable","22":"product-type-variable"},"yoast_head":"<!-- This site is optimized with the Yoast SEO plugin v25.0 - https:\/\/yoast.com\/wordpress\/plugins\/seo\/ -->\n<title>LED Pet Dog Flashing Collar Accessory Anti-Lost\/Avoid Car Accident Luminous Night Safety Leash Attachment &#8212; 18pet.com<\/title>\n<meta name=\"robots\" content=\"index, follow, max-snippet:-1, max-image-preview:large, max-video-preview:-1\" \/>\n<link rel=\"canonical\" href=\"https:\/\/18pet.com\/pt_br\/produto\/coleira-anti-perda-para-evitar-acidente-de-carro-coleira-luminosa-faixa-led-seguranca-noturna-brilho-piscante-coleira-correia-para-animais-de-estimacao\/\" \/>\n<meta property=\"og:locale\" content=\"pt_BR\" \/>\n<meta property=\"og:type\" content=\"article\" \/>\n<meta property=\"og:title\" content=\"LED Pet Dog Flashing Collar Accessory Anti-Lost\/Avoid Car Accident Luminous Night Safety Leash Attachment &#8212; 18pet.com\" \/>\n<meta property=\"og:description\" content=\"Note:  Feature:Built in battery, self illuminating or flashing. Improve the safety of going out at night.  Applicable to: As an accessory to the dog collar or pet leash.\u00a0 However, please note that it cannot be used as an extension of the rope. Pulling hard can cause damage.  Package Including: Pet luminous strap * 1 piece  &nbsp;\" \/>\n<meta property=\"og:url\" content=\"https:\/\/18pet.com\/pt_br\/produto\/coleira-anti-perda-para-evitar-acidente-de-carro-coleira-luminosa-faixa-led-seguranca-noturna-brilho-piscante-coleira-correia-para-animais-de-estimacao\/\" \/>\n<meta property=\"og:site_name\" content=\"18pet.com\" \/>\n<meta property=\"article:modified_time\" content=\"2025-03-23T12:58:33+00:00\" \/>\n<meta property=\"og:image\" content=\"https:\/\/18pet.com\/wp-content\/uploads\/2023\/05\/331887191-1.jpg\" \/>\n\t<meta property=\"og:image:width\" content=\"800\" \/>\n\t<meta property=\"og:image:height\" content=\"800\" \/>\n\t<meta property=\"og:image:type\" content=\"image\/jpeg\" \/>\n<meta name=\"twitter:card\" content=\"summary_large_image\" \/>\n<meta name=\"twitter:label1\" content=\"Est. tempo de leitura\" \/>\n\t<meta name=\"twitter:data1\" content=\"2 minutos\" \/>\n<script type=\"application\/ld+json\" class=\"yoast-schema-graph\">{\"@context\":\"https:\/\/schema.org\",\"@graph\":[{\"@type\":\"WebPage\",\"@id\":\"https:\/\/18pet.com\/product\/led-pet-dog-collar-anti-lost-avoid-car-accident-collar-luminous-band-led-night-safety-flashing-glow-pets-collar-strap\/\",\"url\":\"https:\/\/18pet.com\/product\/led-pet-dog-collar-anti-lost-avoid-car-accident-collar-luminous-band-led-night-safety-flashing-glow-pets-collar-strap\/\",\"name\":\"LED Pet Dog Flashing Collar Accessory Anti-Lost\/Avoid Car Accident Luminous Night Safety Leash Attachment &#8212; 18pet.com\",\"isPartOf\":{\"@id\":\"https:\/\/18pet.com\/id\/#website\"},\"primaryImageOfPage\":{\"@id\":\"https:\/\/18pet.com\/product\/led-pet-dog-collar-anti-lost-avoid-car-accident-collar-luminous-band-led-night-safety-flashing-glow-pets-collar-strap\/#primaryimage\"},\"image\":{\"@id\":\"https:\/\/18pet.com\/product\/led-pet-dog-collar-anti-lost-avoid-car-accident-collar-luminous-band-led-night-safety-flashing-glow-pets-collar-strap\/#primaryimage\"},\"thumbnailUrl\":\"https:\/\/18pet.com\/wp-content\/uploads\/2023\/05\/331887191-1.jpg\",\"datePublished\":\"2022-05-21T10:54:08+00:00\",\"dateModified\":\"2025-03-23T12:58:33+00:00\",\"breadcrumb\":{\"@id\":\"https:\/\/18pet.com\/product\/led-pet-dog-collar-anti-lost-avoid-car-accident-collar-luminous-band-led-night-safety-flashing-glow-pets-collar-strap\/#breadcrumb\"},\"inLanguage\":\"pt-BR\",\"potentialAction\":[{\"@type\":\"ReadAction\",\"target\":[\"https:\/\/18pet.com\/product\/led-pet-dog-collar-anti-lost-avoid-car-accident-collar-luminous-band-led-night-safety-flashing-glow-pets-collar-strap\/\"]}]},{\"@type\":\"ImageObject\",\"inLanguage\":\"pt-BR\",\"@id\":\"https:\/\/18pet.com\/product\/led-pet-dog-collar-anti-lost-avoid-car-accident-collar-luminous-band-led-night-safety-flashing-glow-pets-collar-strap\/#primaryimage\",\"url\":\"https:\/\/18pet.com\/wp-content\/uploads\/2023\/05\/331887191-1.jpg\",\"contentUrl\":\"https:\/\/18pet.com\/wp-content\/uploads\/2023\/05\/331887191-1.jpg\",\"width\":800,\"height\":800,\"caption\":\"Led Pet Dog Collar Anti-Lost\/Avoid Car Accident Collar Luminous band LED Night Safety Flashing Glow Pets Collar Strap 1\"},{\"@type\":\"BreadcrumbList\",\"@id\":\"https:\/\/18pet.com\/product\/led-pet-dog-collar-anti-lost-avoid-car-accident-collar-luminous-band-led-night-safety-flashing-glow-pets-collar-strap\/#breadcrumb\",\"itemListElement\":[{\"@type\":\"ListItem\",\"position\":1,\"name\":\"Home\",\"item\":\"https:\/\/18pet.com\/\"},{\"@type\":\"ListItem\",\"position\":2,\"name\":\"Products\",\"item\":\"https:\/\/18pet.com\/tr\/products\/\"},{\"@type\":\"ListItem\",\"position\":3,\"name\":\"LED Pet Dog Flashing Collar Accessory Anti-Lost\/Avoid Car Accident Luminous Night Safety Leash Attachment\"}]},{\"@type\":\"WebSite\",\"@id\":\"https:\/\/18pet.com\/id\/#website\",\"url\":\"https:\/\/18pet.com\/id\/\",\"name\":\"18pet.com\",\"description\":\"Your pet supplies center\",\"publisher\":{\"@id\":\"https:\/\/18pet.com\/id\/#organization\"},\"potentialAction\":[{\"@type\":\"SearchAction\",\"target\":{\"@type\":\"EntryPoint\",\"urlTemplate\":\"https:\/\/18pet.com\/id\/?s={search_term_string}\"},\"query-input\":{\"@type\":\"PropertyValueSpecification\",\"valueRequired\":true,\"valueName\":\"search_term_string\"}}],\"inLanguage\":\"pt-BR\"},{\"@type\":\"Organization\",\"@id\":\"https:\/\/18pet.com\/id\/#organization\",\"name\":\"18pet.com\",\"url\":\"https:\/\/18pet.com\/id\/\",\"logo\":{\"@type\":\"ImageObject\",\"inLanguage\":\"pt-BR\",\"@id\":\"https:\/\/18pet.com\/id\/#\/schema\/logo\/image\/\",\"url\":\"https:\/\/18pet.com\/wp-content\/uploads\/2023\/04\/18pet-white-background.png\",\"contentUrl\":\"https:\/\/18pet.com\/wp-content\/uploads\/2023\/04\/18pet-white-background.png\",\"width\":515,\"height\":167,\"caption\":\"18pet.com\"},\"image\":{\"@id\":\"https:\/\/18pet.com\/id\/#\/schema\/logo\/image\/\"}}]}<\/script>\n<!-- \/ Yoast SEO plugin. -->","yoast_head_json":{"title":"LED Pet Dog Flashing Collar Accessory Anti-Lost\/Avoid Car Accident Luminous Night Safety Leash Attachment &#8212; 18pet.com","robots":{"index":"index","follow":"follow","max-snippet":"max-snippet:-1","max-image-preview":"max-image-preview:large","max-video-preview":"max-video-preview:-1"},"canonical":"https:\/\/18pet.com\/pt_br\/produto\/coleira-anti-perda-para-evitar-acidente-de-carro-coleira-luminosa-faixa-led-seguranca-noturna-brilho-piscante-coleira-correia-para-animais-de-estimacao\/","og_locale":"pt_BR","og_type":"article","og_title":"LED Pet Dog Flashing Collar Accessory Anti-Lost\/Avoid Car Accident Luminous Night Safety Leash Attachment &#8212; 18pet.com","og_description":"Note:  Feature:Built in battery, self illuminating or flashing. Improve the safety of going out at night.  Applicable to: As an accessory to the dog collar or pet leash.\u00a0 However, please note that it cannot be used as an extension of the rope. Pulling hard can cause damage.  Package Including: Pet luminous strap * 1 piece  &nbsp;","og_url":"https:\/\/18pet.com\/pt_br\/produto\/coleira-anti-perda-para-evitar-acidente-de-carro-coleira-luminosa-faixa-led-seguranca-noturna-brilho-piscante-coleira-correia-para-animais-de-estimacao\/","og_site_name":"18pet.com","article_modified_time":"2025-03-23T12:58:33+00:00","og_image":[{"width":800,"height":800,"url":"https:\/\/18pet.com\/wp-content\/uploads\/2023\/05\/331887191-1.jpg","type":"image\/jpeg"}],"twitter_card":"summary_large_image","twitter_misc":{"Est. tempo de leitura":"2 minutos"},"schema":{"@context":"https:\/\/schema.org","@graph":[{"@type":"WebPage","@id":"https:\/\/18pet.com\/product\/led-pet-dog-collar-anti-lost-avoid-car-accident-collar-luminous-band-led-night-safety-flashing-glow-pets-collar-strap\/","url":"https:\/\/18pet.com\/product\/led-pet-dog-collar-anti-lost-avoid-car-accident-collar-luminous-band-led-night-safety-flashing-glow-pets-collar-strap\/","name":"LED Pet Dog Flashing Collar Accessory Anti-Lost\/Avoid Car Accident Luminous Night Safety Leash Attachment &#8212; 18pet.com","isPartOf":{"@id":"https:\/\/18pet.com\/id\/#website"},"primaryImageOfPage":{"@id":"https:\/\/18pet.com\/product\/led-pet-dog-collar-anti-lost-avoid-car-accident-collar-luminous-band-led-night-safety-flashing-glow-pets-collar-strap\/#primaryimage"},"image":{"@id":"https:\/\/18pet.com\/product\/led-pet-dog-collar-anti-lost-avoid-car-accident-collar-luminous-band-led-night-safety-flashing-glow-pets-collar-strap\/#primaryimage"},"thumbnailUrl":"https:\/\/18pet.com\/wp-content\/uploads\/2023\/05\/331887191-1.jpg","datePublished":"2022-05-21T10:54:08+00:00","dateModified":"2025-03-23T12:58:33+00:00","breadcrumb":{"@id":"https:\/\/18pet.com\/product\/led-pet-dog-collar-anti-lost-avoid-car-accident-collar-luminous-band-led-night-safety-flashing-glow-pets-collar-strap\/#breadcrumb"},"inLanguage":"pt-BR","potentialAction":[{"@type":"ReadAction","target":["https:\/\/18pet.com\/product\/led-pet-dog-collar-anti-lost-avoid-car-accident-collar-luminous-band-led-night-safety-flashing-glow-pets-collar-strap\/"]}]},{"@type":"ImageObject","inLanguage":"pt-BR","@id":"https:\/\/18pet.com\/product\/led-pet-dog-collar-anti-lost-avoid-car-accident-collar-luminous-band-led-night-safety-flashing-glow-pets-collar-strap\/#primaryimage","url":"https:\/\/18pet.com\/wp-content\/uploads\/2023\/05\/331887191-1.jpg","contentUrl":"https:\/\/18pet.com\/wp-content\/uploads\/2023\/05\/331887191-1.jpg","width":800,"height":800,"caption":"Led Pet Dog Collar Anti-Lost\/Avoid Car Accident Collar Luminous band LED Night Safety Flashing Glow Pets Collar Strap 1"},{"@type":"BreadcrumbList","@id":"https:\/\/18pet.com\/product\/led-pet-dog-collar-anti-lost-avoid-car-accident-collar-luminous-band-led-night-safety-flashing-glow-pets-collar-strap\/#breadcrumb","itemListElement":[{"@type":"ListItem","position":1,"name":"Home","item":"https:\/\/18pet.com\/"},{"@type":"ListItem","position":2,"name":"Products","item":"https:\/\/18pet.com\/tr\/products\/"},{"@type":"ListItem","position":3,"name":"LED Pet Dog Flashing Collar Accessory Anti-Lost\/Avoid Car Accident Luminous Night Safety Leash Attachment"}]},{"@type":"WebSite","@id":"https:\/\/18pet.com\/id\/#website","url":"https:\/\/18pet.com\/id\/","name":"18pet.com","description":"Your pet supplies center","publisher":{"@id":"https:\/\/18pet.com\/id\/#organization"},"potentialAction":[{"@type":"SearchAction","target":{"@type":"EntryPoint","urlTemplate":"https:\/\/18pet.com\/id\/?s={search_term_string}"},"query-input":{"@type":"PropertyValueSpecification","valueRequired":true,"valueName":"search_term_string"}}],"inLanguage":"pt-BR"},{"@type":"Organization","@id":"https:\/\/18pet.com\/id\/#organization","name":"18pet.com","url":"https:\/\/18pet.com\/id\/","logo":{"@type":"ImageObject","inLanguage":"pt-BR","@id":"https:\/\/18pet.com\/id\/#\/schema\/logo\/image\/","url":"https:\/\/18pet.com\/wp-content\/uploads\/2023\/04\/18pet-white-background.png","contentUrl":"https:\/\/18pet.com\/wp-content\/uploads\/2023\/04\/18pet-white-background.png","width":515,"height":167,"caption":"18pet.com"},"image":{"@id":"https:\/\/18pet.com\/id\/#\/schema\/logo\/image\/"}}]}},"jetpack_sharing_enabled":true,"_links":{"self":[{"href":"https:\/\/18pet.com\/pt_br\/wp-json\/wp\/v2\/product\/4779","targetHints":{"allow":["GET"]}}],"collection":[{"href":"https:\/\/18pet.com\/pt_br\/wp-json\/wp\/v2\/product"}],"about":[{"href":"https:\/\/18pet.com\/pt_br\/wp-json\/wp\/v2\/types\/product"}],"replies":[{"embeddable":true,"href":"https:\/\/18pet.com\/pt_br\/wp-json\/wp\/v2\/comments?post=4779"}],"wp:featuredmedia":[{"embeddable":true,"href":"https:\/\/18pet.com\/pt_br\/wp-json\/wp\/v2\/media\/4780"}],"wp:attachment":[{"href":"https:\/\/18pet.com\/pt_br\/wp-json\/wp\/v2\/media?parent=4779"}],"wp:term":[{"taxonomy":"product_brand","embeddable":true,"href":"https:\/\/18pet.com\/pt_br\/wp-json\/wp\/v2\/product_brand?post=4779"},{"taxonomy":"product_cat","embeddable":true,"href":"https:\/\/18pet.com\/pt_br\/wp-json\/wp\/v2\/product_cat?post=4779"},{"taxonomy":"product_tag","embeddable":true,"href":"https:\/\/18pet.com\/pt_br\/wp-json\/wp\/v2\/product_tag?post=4779"}],"curies":[{"name":"wp","href":"https:\/\/api.w.org\/{rel}","templated":true}]}}