{"id":4741,"date":"2022-05-21T09:49:25","date_gmt":"2022-05-21T09:49:25","guid":{"rendered":"https:\/\/18pet.com\/?post_type=product&#038;p=4741"},"modified":"2025-03-23T12:26:55","modified_gmt":"2025-03-23T12:26:55","slug":"pet-dog-car-seat-belts-harness-vehicle-1pcs-puppy-adjustable-leader-clip-dog-supplies-safety-pet-products","status":"publish","type":"product","link":"https:\/\/18pet.com\/pt_br\/produto\/cao-de-carro-cintos-de-carro-arnes-veiculo-1pcs-filhote-ajustavel-lider-clip-caes-suprimentos-produtos-para-animais-de-estimacao\/","title":{"rendered":"<p>Cintos de seguran\u00e7a ajust\u00e1veis para c\u00e3es\/cachorros\/animais de estima\u00e7\u00e3o<\/p>"},"content":{"rendered":"<p><img decoding=\"async\" class=\"img-responsive\" src=\"https:\/\/18pet.com\/wp-content\/uploads\/2023\/05\/2025210258-1.jpg\"><br>\n<strong>Nome do Produto:<\/strong> Cintos de seguran\u00e7a para animais de estima\u00e7\u00e3o<p><strong>Material:<\/strong> Nylon, fivela de metal<\/p><p><strong>Tamanho:<\/strong> 2,5*70CM<br>\n<strong>Cor:<\/strong> preto, vermelho, verde, roxo, azul, rosa<br>\n<strong>Caracter\u00edsticas:<\/strong>seguran\u00e7a para cachorro no carro<br>\n<strong>O pacote inclui: <\/strong>&nbsp;Uma pe\u00e7a de cintos de seguran\u00e7a de carro<\/p><p><img decoding=\"async\" class=\"img-responsive\" src=\"https:\/\/18pet.com\/wp-content\/uploads\/2023\/05\/1217697945-1.jpg\"> <img decoding=\"async\" class=\"img-responsive\" src=\"https:\/\/18pet.com\/wp-content\/uploads\/2023\/05\/740731901-1.jpg\"> <img decoding=\"async\" class=\"img-responsive\" src=\"https:\/\/18pet.com\/wp-content\/uploads\/2023\/05\/982502695-1.jpg\"> <img decoding=\"async\" class=\"img-responsive\" src=\"https:\/\/18pet.com\/wp-content\/uploads\/2023\/05\/614116179-1.jpg\"> <img decoding=\"async\" class=\"img-responsive\" src=\"https:\/\/18pet.com\/wp-content\/uploads\/2023\/05\/1033497943-1.jpg\"> <img decoding=\"async\" class=\"img-responsive\" src=\"https:\/\/18pet.com\/wp-content\/uploads\/2023\/05\/265424699-1.jpg\"> <img decoding=\"async\" class=\"img-responsive\" src=\"https:\/\/18pet.com\/wp-content\/uploads\/2023\/05\/756512267-1.jpg\"> <img decoding=\"async\" class=\"img-responsive\" src=\"https:\/\/18pet.com\/wp-content\/uploads\/2023\/05\/696751569-1.jpg\"> <img decoding=\"async\" class=\"img-responsive\" src=\"https:\/\/18pet.com\/wp-content\/uploads\/2023\/05\/1745229526-1.jpg\"> <img decoding=\"async\" class=\"img-responsive\" src=\"https:\/\/18pet.com\/wp-content\/uploads\/2023\/05\/479429103-1.jpg\"> <img decoding=\"async\" class=\"img-responsive\" src=\"https:\/\/18pet.com\/wp-content\/uploads\/2023\/05\/722112857-1.jpg\"> <img decoding=\"async\" class=\"img-responsive\" src=\"https:\/\/18pet.com\/wp-content\/uploads\/2023\/05\/186603181-1.jpg\"> <img decoding=\"async\" class=\"img-responsive\" src=\"https:\/\/18pet.com\/wp-content\/uploads\/2023\/05\/1444874287-1.jpg\"> <img decoding=\"async\" class=\"img-responsive\" src=\"https:\/\/18pet.com\/wp-content\/uploads\/2023\/05\/1323865780-1.jpg\"> <img decoding=\"async\" class=\"img-responsive\" src=\"https:\/\/18pet.com\/wp-content\/uploads\/2023\/05\/1861677100-1.jpg\"><\/p><p>&#039;<\/p><p>&nbsp;<\/p><\/p>","protected":false},"excerpt":{"rendered":"<p>Cinto de seguran\u00e7a para carro de cachorro.<p>Desining de Libera\u00e7\u00e3o R\u00e1pida.<\/p><\/p>","protected":false},"featured_media":4742,"comment_status":"open","ping_status":"closed","template":"","meta":[],"product_brand":[],"product_cat":[117],"product_tag":[387,244,286,421],"class_list":{"0":"post-4741","1":"product","2":"type-product","3":"status-publish","4":"has-post-thumbnail","6":"product_cat-seat-belts","7":"product_tag-cat","8":"product_tag-dog","9":"product_tag-leashes","10":"product_tag-seat-belt","11":"pa_color-black","12":"pa_color-blue","13":"pa_color-green","14":"pa_color-pink","15":"pa_color-purple","16":"pa_color-red","17":"pa_ships-from-china","18":"pa_size-2-5x70cm","20":"first","21":"instock","22":"sale","23":"taxable","24":"shipping-taxable","25":"purchasable","26":"product-type-variable"},"yoast_head":"<!-- This site is optimized with the Yoast SEO plugin v25.0 - https:\/\/yoast.com\/wordpress\/plugins\/seo\/ -->\n<title>Dog Car Seat Belts Adjustable Dog \/ Puppy \/ Pet Safety Supplies &#8212; 18pet.com<\/title>\n<meta name=\"robots\" content=\"index, follow, max-snippet:-1, max-image-preview:large, max-video-preview:-1\" \/>\n<link rel=\"canonical\" href=\"https:\/\/18pet.com\/pt_br\/produto\/cao-de-carro-cintos-de-carro-arnes-veiculo-1pcs-filhote-ajustavel-lider-clip-caes-suprimentos-produtos-para-animais-de-estimacao\/\" \/>\n<meta property=\"og:locale\" content=\"pt_BR\" \/>\n<meta property=\"og:type\" content=\"article\" \/>\n<meta property=\"og:title\" content=\"Dog Car Seat Belts Adjustable Dog \/ Puppy \/ Pet Safety Supplies &#8212; 18pet.com\" \/>\n<meta property=\"og:description\" content=\"Dog Car Safe Seat Belt.  Quick Release Desining.\" \/>\n<meta property=\"og:url\" content=\"https:\/\/18pet.com\/pt_br\/produto\/cao-de-carro-cintos-de-carro-arnes-veiculo-1pcs-filhote-ajustavel-lider-clip-caes-suprimentos-produtos-para-animais-de-estimacao\/\" \/>\n<meta property=\"og:site_name\" content=\"18pet.com\" \/>\n<meta property=\"article:modified_time\" content=\"2025-03-23T12:26:55+00:00\" \/>\n<meta property=\"og:image\" content=\"https:\/\/18pet.com\/wp-content\/uploads\/2023\/05\/114388347-1.jpg\" \/>\n\t<meta property=\"og:image:width\" content=\"900\" \/>\n\t<meta property=\"og:image:height\" content=\"900\" \/>\n\t<meta property=\"og:image:type\" content=\"image\/jpeg\" \/>\n<meta name=\"twitter:card\" content=\"summary_large_image\" \/>\n<meta name=\"twitter:label1\" content=\"Est. tempo de leitura\" \/>\n\t<meta name=\"twitter:data1\" content=\"4 minutos\" \/>\n<script type=\"application\/ld+json\" class=\"yoast-schema-graph\">{\"@context\":\"https:\/\/schema.org\",\"@graph\":[{\"@type\":\"WebPage\",\"@id\":\"https:\/\/18pet.com\/product\/pet-dog-car-seat-belts-harness-vehicle-1pcs-puppy-adjustable-leader-clip-dog-supplies-safety-pet-products\/\",\"url\":\"https:\/\/18pet.com\/product\/pet-dog-car-seat-belts-harness-vehicle-1pcs-puppy-adjustable-leader-clip-dog-supplies-safety-pet-products\/\",\"name\":\"Dog Car Seat Belts Adjustable Dog \/ Puppy \/ Pet Safety Supplies &#8212; 18pet.com\",\"isPartOf\":{\"@id\":\"https:\/\/18pet.com\/id\/#website\"},\"primaryImageOfPage\":{\"@id\":\"https:\/\/18pet.com\/product\/pet-dog-car-seat-belts-harness-vehicle-1pcs-puppy-adjustable-leader-clip-dog-supplies-safety-pet-products\/#primaryimage\"},\"image\":{\"@id\":\"https:\/\/18pet.com\/product\/pet-dog-car-seat-belts-harness-vehicle-1pcs-puppy-adjustable-leader-clip-dog-supplies-safety-pet-products\/#primaryimage\"},\"thumbnailUrl\":\"https:\/\/18pet.com\/wp-content\/uploads\/2023\/05\/114388347-1.jpg\",\"datePublished\":\"2022-05-21T09:49:25+00:00\",\"dateModified\":\"2025-03-23T12:26:55+00:00\",\"breadcrumb\":{\"@id\":\"https:\/\/18pet.com\/product\/pet-dog-car-seat-belts-harness-vehicle-1pcs-puppy-adjustable-leader-clip-dog-supplies-safety-pet-products\/#breadcrumb\"},\"inLanguage\":\"pt-BR\",\"potentialAction\":[{\"@type\":\"ReadAction\",\"target\":[\"https:\/\/18pet.com\/product\/pet-dog-car-seat-belts-harness-vehicle-1pcs-puppy-adjustable-leader-clip-dog-supplies-safety-pet-products\/\"]}]},{\"@type\":\"ImageObject\",\"inLanguage\":\"pt-BR\",\"@id\":\"https:\/\/18pet.com\/product\/pet-dog-car-seat-belts-harness-vehicle-1pcs-puppy-adjustable-leader-clip-dog-supplies-safety-pet-products\/#primaryimage\",\"url\":\"https:\/\/18pet.com\/wp-content\/uploads\/2023\/05\/114388347-1.jpg\",\"contentUrl\":\"https:\/\/18pet.com\/wp-content\/uploads\/2023\/05\/114388347-1.jpg\",\"width\":900,\"height\":900,\"caption\":\"Pet Dog Car Seat Belts Harness Vehicle 1pcs Puppy Adjustable Leader Clip Dog Supplies Safety Pet Products 1\"},{\"@type\":\"BreadcrumbList\",\"@id\":\"https:\/\/18pet.com\/product\/pet-dog-car-seat-belts-harness-vehicle-1pcs-puppy-adjustable-leader-clip-dog-supplies-safety-pet-products\/#breadcrumb\",\"itemListElement\":[{\"@type\":\"ListItem\",\"position\":1,\"name\":\"Home\",\"item\":\"https:\/\/18pet.com\/\"},{\"@type\":\"ListItem\",\"position\":2,\"name\":\"Products\",\"item\":\"https:\/\/18pet.com\/tr\/products\/\"},{\"@type\":\"ListItem\",\"position\":3,\"name\":\"Dog Car Seat Belts Adjustable Dog \/ Puppy \/ Pet Safety Supplies\"}]},{\"@type\":\"WebSite\",\"@id\":\"https:\/\/18pet.com\/id\/#website\",\"url\":\"https:\/\/18pet.com\/id\/\",\"name\":\"18pet.com\",\"description\":\"Your pet supplies center\",\"publisher\":{\"@id\":\"https:\/\/18pet.com\/id\/#organization\"},\"potentialAction\":[{\"@type\":\"SearchAction\",\"target\":{\"@type\":\"EntryPoint\",\"urlTemplate\":\"https:\/\/18pet.com\/id\/?s={search_term_string}\"},\"query-input\":{\"@type\":\"PropertyValueSpecification\",\"valueRequired\":true,\"valueName\":\"search_term_string\"}}],\"inLanguage\":\"pt-BR\"},{\"@type\":\"Organization\",\"@id\":\"https:\/\/18pet.com\/id\/#organization\",\"name\":\"18pet.com\",\"url\":\"https:\/\/18pet.com\/id\/\",\"logo\":{\"@type\":\"ImageObject\",\"inLanguage\":\"pt-BR\",\"@id\":\"https:\/\/18pet.com\/id\/#\/schema\/logo\/image\/\",\"url\":\"https:\/\/18pet.com\/wp-content\/uploads\/2023\/04\/18pet-white-background.png\",\"contentUrl\":\"https:\/\/18pet.com\/wp-content\/uploads\/2023\/04\/18pet-white-background.png\",\"width\":515,\"height\":167,\"caption\":\"18pet.com\"},\"image\":{\"@id\":\"https:\/\/18pet.com\/id\/#\/schema\/logo\/image\/\"}}]}<\/script>\n<!-- \/ Yoast SEO plugin. -->","yoast_head_json":{"title":"Dog Car Seat Belts Adjustable Dog \/ Puppy \/ Pet Safety Supplies &#8212; 18pet.com","robots":{"index":"index","follow":"follow","max-snippet":"max-snippet:-1","max-image-preview":"max-image-preview:large","max-video-preview":"max-video-preview:-1"},"canonical":"https:\/\/18pet.com\/pt_br\/produto\/cao-de-carro-cintos-de-carro-arnes-veiculo-1pcs-filhote-ajustavel-lider-clip-caes-suprimentos-produtos-para-animais-de-estimacao\/","og_locale":"pt_BR","og_type":"article","og_title":"Dog Car Seat Belts Adjustable Dog \/ Puppy \/ Pet Safety Supplies &#8212; 18pet.com","og_description":"Dog Car Safe Seat Belt.  Quick Release Desining.","og_url":"https:\/\/18pet.com\/pt_br\/produto\/cao-de-carro-cintos-de-carro-arnes-veiculo-1pcs-filhote-ajustavel-lider-clip-caes-suprimentos-produtos-para-animais-de-estimacao\/","og_site_name":"18pet.com","article_modified_time":"2025-03-23T12:26:55+00:00","og_image":[{"width":900,"height":900,"url":"https:\/\/18pet.com\/wp-content\/uploads\/2023\/05\/114388347-1.jpg","type":"image\/jpeg"}],"twitter_card":"summary_large_image","twitter_misc":{"Est. tempo de leitura":"4 minutos"},"schema":{"@context":"https:\/\/schema.org","@graph":[{"@type":"WebPage","@id":"https:\/\/18pet.com\/product\/pet-dog-car-seat-belts-harness-vehicle-1pcs-puppy-adjustable-leader-clip-dog-supplies-safety-pet-products\/","url":"https:\/\/18pet.com\/product\/pet-dog-car-seat-belts-harness-vehicle-1pcs-puppy-adjustable-leader-clip-dog-supplies-safety-pet-products\/","name":"Dog Car Seat Belts Adjustable Dog \/ Puppy \/ Pet Safety Supplies &#8212; 18pet.com","isPartOf":{"@id":"https:\/\/18pet.com\/id\/#website"},"primaryImageOfPage":{"@id":"https:\/\/18pet.com\/product\/pet-dog-car-seat-belts-harness-vehicle-1pcs-puppy-adjustable-leader-clip-dog-supplies-safety-pet-products\/#primaryimage"},"image":{"@id":"https:\/\/18pet.com\/product\/pet-dog-car-seat-belts-harness-vehicle-1pcs-puppy-adjustable-leader-clip-dog-supplies-safety-pet-products\/#primaryimage"},"thumbnailUrl":"https:\/\/18pet.com\/wp-content\/uploads\/2023\/05\/114388347-1.jpg","datePublished":"2022-05-21T09:49:25+00:00","dateModified":"2025-03-23T12:26:55+00:00","breadcrumb":{"@id":"https:\/\/18pet.com\/product\/pet-dog-car-seat-belts-harness-vehicle-1pcs-puppy-adjustable-leader-clip-dog-supplies-safety-pet-products\/#breadcrumb"},"inLanguage":"pt-BR","potentialAction":[{"@type":"ReadAction","target":["https:\/\/18pet.com\/product\/pet-dog-car-seat-belts-harness-vehicle-1pcs-puppy-adjustable-leader-clip-dog-supplies-safety-pet-products\/"]}]},{"@type":"ImageObject","inLanguage":"pt-BR","@id":"https:\/\/18pet.com\/product\/pet-dog-car-seat-belts-harness-vehicle-1pcs-puppy-adjustable-leader-clip-dog-supplies-safety-pet-products\/#primaryimage","url":"https:\/\/18pet.com\/wp-content\/uploads\/2023\/05\/114388347-1.jpg","contentUrl":"https:\/\/18pet.com\/wp-content\/uploads\/2023\/05\/114388347-1.jpg","width":900,"height":900,"caption":"Pet Dog Car Seat Belts Harness Vehicle 1pcs Puppy Adjustable Leader Clip Dog Supplies Safety Pet Products 1"},{"@type":"BreadcrumbList","@id":"https:\/\/18pet.com\/product\/pet-dog-car-seat-belts-harness-vehicle-1pcs-puppy-adjustable-leader-clip-dog-supplies-safety-pet-products\/#breadcrumb","itemListElement":[{"@type":"ListItem","position":1,"name":"Home","item":"https:\/\/18pet.com\/"},{"@type":"ListItem","position":2,"name":"Products","item":"https:\/\/18pet.com\/tr\/products\/"},{"@type":"ListItem","position":3,"name":"Dog Car Seat Belts Adjustable Dog \/ Puppy \/ Pet Safety Supplies"}]},{"@type":"WebSite","@id":"https:\/\/18pet.com\/id\/#website","url":"https:\/\/18pet.com\/id\/","name":"18pet.com","description":"Your pet supplies center","publisher":{"@id":"https:\/\/18pet.com\/id\/#organization"},"potentialAction":[{"@type":"SearchAction","target":{"@type":"EntryPoint","urlTemplate":"https:\/\/18pet.com\/id\/?s={search_term_string}"},"query-input":{"@type":"PropertyValueSpecification","valueRequired":true,"valueName":"search_term_string"}}],"inLanguage":"pt-BR"},{"@type":"Organization","@id":"https:\/\/18pet.com\/id\/#organization","name":"18pet.com","url":"https:\/\/18pet.com\/id\/","logo":{"@type":"ImageObject","inLanguage":"pt-BR","@id":"https:\/\/18pet.com\/id\/#\/schema\/logo\/image\/","url":"https:\/\/18pet.com\/wp-content\/uploads\/2023\/04\/18pet-white-background.png","contentUrl":"https:\/\/18pet.com\/wp-content\/uploads\/2023\/04\/18pet-white-background.png","width":515,"height":167,"caption":"18pet.com"},"image":{"@id":"https:\/\/18pet.com\/id\/#\/schema\/logo\/image\/"}}]}},"jetpack_sharing_enabled":true,"_links":{"self":[{"href":"https:\/\/18pet.com\/pt_br\/wp-json\/wp\/v2\/product\/4741","targetHints":{"allow":["GET"]}}],"collection":[{"href":"https:\/\/18pet.com\/pt_br\/wp-json\/wp\/v2\/product"}],"about":[{"href":"https:\/\/18pet.com\/pt_br\/wp-json\/wp\/v2\/types\/product"}],"replies":[{"embeddable":true,"href":"https:\/\/18pet.com\/pt_br\/wp-json\/wp\/v2\/comments?post=4741"}],"wp:featuredmedia":[{"embeddable":true,"href":"https:\/\/18pet.com\/pt_br\/wp-json\/wp\/v2\/media\/4742"}],"wp:attachment":[{"href":"https:\/\/18pet.com\/pt_br\/wp-json\/wp\/v2\/media?parent=4741"}],"wp:term":[{"taxonomy":"product_brand","embeddable":true,"href":"https:\/\/18pet.com\/pt_br\/wp-json\/wp\/v2\/product_brand?post=4741"},{"taxonomy":"product_cat","embeddable":true,"href":"https:\/\/18pet.com\/pt_br\/wp-json\/wp\/v2\/product_cat?post=4741"},{"taxonomy":"product_tag","embeddable":true,"href":"https:\/\/18pet.com\/pt_br\/wp-json\/wp\/v2\/product_tag?post=4741"}],"curies":[{"name":"wp","href":"https:\/\/api.w.org\/{rel}","templated":true}]}}