{"id":4684,"date":"2022-05-17T11:59:49","date_gmt":"2022-05-17T11:59:49","guid":{"rendered":"https:\/\/18pet.com\/?post_type=product&#038;p=4684"},"modified":"2025-03-23T13:30:21","modified_gmt":"2025-03-23T13:30:21","slug":"pet-dog-adjustable-leather-collar-leash-set-for-small-medium-large-dogs-teddy-pug-yorkie-french-bulldog","status":"publish","type":"product","link":"https:\/\/18pet.com\/pt_br\/produto\/conjunto-de-coleira-de-couro-ajustavel-para-caes-de-estimacao-para-caes-pequenos-medios-e-grandes-de-pelucia-pug-yorkie-bulldog-frances\/","title":{"rendered":"<p>Conjunto de coleira de couro ajust\u00e1vel para c\u00e3es de estima\u00e7\u00e3o<\/p>"},"content":{"rendered":"<div style=\"width: 100%\">\n<div style=\"width: 720px;\" class=\"wp-video\"><video class=\"wp-video-shortcode\" id=\"video-4684-1\" width=\"720\" height=\"720\" preload=\"metadata\" controls=\"controls\"><source type=\"video\/mp4\" src=\"https:\/\/18pet.com\/wp-content\/uploads\/2023\/05\/533-Dog-collar-and-leash-set1.mp4?_=1\"><\/source><a href=\"https:\/\/18pet.com\/wp-content\/uploads\/2023\/05\/533-Dog-collar-and-leash-set1.mp4\">https:\/\/18pet.com\/wp-content\/uploads\/2023\/05\/533-Dog-collar-and-leash-set1.mp4<\/a><\/video><\/div>\n<p><span style=\"color: #ff0000\"><strong>Material:<\/strong><\/span> Couro<\/p><p><strong><span style=\"color: #ff0000\">Cor:<\/span> <\/strong>Vermelho acastanhado<\/p><p><span style=\"color: #ff0000\"><strong>Tamanho:<\/strong><\/span><\/p><p><strong>Coleira:<\/strong> Comprimento 150cm; Largura 2cm<\/p><p><strong>Colar ajust\u00e1vel:<\/strong><\/p><p>P: 19-24 cm? 7,4 ~ 9,4 polegadas.<\/p><p>M: 24-34 cm; 9,4 ~ 13,4 polegadas.<\/p><p>L: 30-44cm;11,8~17,3 polegadas<\/p><p>GG: 40-65 cm; 15,7-25,6 polegadas.<\/p><p><span style=\"color: #ff0000\"><strong>Dicas quentes:<\/strong><\/span><\/p><p>1. Por favor, permita um erro de 1-2cm devido \u00e0 medi\u00e7\u00e3o manual, por favor, certifique-se de que voc\u00ea n\u00e3o se importa antes de comprar.<\/p><p>2. Devido \u00e0 diferen\u00e7a entre monitores diferentes, a imagem pode n\u00e3o refletir a cor real do item.<\/p><p><span style=\"color: #ff0000\"><strong>Tiro real do produto:<\/strong><\/span><\/p><p><img decoding=\"async\" class=\"img-responsive\" src=\"https:\/\/18pet.com\/wp-content\/uploads\/2023\/05\/1640971017-1.jpg\"><img decoding=\"async\" class=\"img-responsive\" src=\"https:\/\/18pet.com\/wp-content\/uploads\/2023\/05\/91687549-1.jpg\"><img decoding=\"async\" class=\"img-responsive\" src=\"https:\/\/18pet.com\/wp-content\/uploads\/2023\/05\/384623238-1.jpg\"><img decoding=\"async\" class=\"img-responsive\" src=\"https:\/\/18pet.com\/wp-content\/uploads\/2023\/05\/858840265-1.jpg\"><img decoding=\"async\" class=\"img-responsive\" src=\"https:\/\/18pet.com\/wp-content\/uploads\/2023\/05\/1025351683-1.jpg\"><img decoding=\"async\" class=\"img-responsive\" src=\"https:\/\/18pet.com\/wp-content\/uploads\/2023\/05\/775606464-1.jpg\"><img decoding=\"async\" class=\"img-responsive\" src=\"https:\/\/18pet.com\/wp-content\/uploads\/2023\/05\/751947131-1.jpg\"><img decoding=\"async\" class=\"img-responsive\" src=\"https:\/\/18pet.com\/wp-content\/uploads\/2023\/05\/641298611-1.jpg\"><img decoding=\"async\" class=\"img-responsive\" src=\"https:\/\/18pet.com\/wp-content\/uploads\/2023\/05\/1324475856-1.jpg\"><img decoding=\"async\" class=\"img-responsive\" src=\"https:\/\/18pet.com\/wp-content\/uploads\/2023\/05\/587386381-1.jpg\"><\/p><\/div>","protected":false},"excerpt":{"rendered":"<p><span style=\"color: #ff0000\"><strong>Recurso:<\/strong><\/span><br>\n1. Feito de couro. Dur\u00e1vel e resistente, com uma boa sensa\u00e7\u00e3o.<br>\n2. Voc\u00ea pode escolher coleira \u00fanica, coleira \u00fanica ou conjunto de coleira e coleira.<br>\n3. O colar vem com uma etiqueta de identifica\u00e7\u00e3o. Voc\u00ea pode escrever o nome do seu animal de estima\u00e7\u00e3o e o n\u00famero de telefone nele, evitando a perda do c\u00e3o.<\/p>","protected":false},"featured_media":4731,"comment_status":"open","ping_status":"closed","template":"","meta":[],"product_brand":[],"product_cat":[116],"product_tag":[246,244,412,414],"class_list":{"0":"post-4684","1":"product","2":"type-product","3":"status-publish","4":"has-post-thumbnail","6":"product_cat-sets","7":"product_tag-collar","8":"product_tag-dog","9":"product_tag-leash","10":"product_tag-leash-and-collar-set","11":"pa_color-brown-collar","12":"pa_color-brown-leash","13":"pa_color-brown-set","14":"pa_color-red-collar","15":"pa_color-red-leash","16":"pa_color-red-set","17":"pa_size-l","18":"pa_size-m","19":"pa_size-s","20":"pa_size-xl","22":"first","23":"instock","24":"sale","25":"taxable","26":"shipping-taxable","27":"purchasable","28":"product-type-variable"},"yoast_head":"<!-- This site is optimized with the Yoast SEO plugin v25.0 - https:\/\/yoast.com\/wordpress\/plugins\/seo\/ -->\n<title>Pet Dog Adjustable Leather Collar Leash Set &#8212; 18pet.com<\/title>\n<meta name=\"robots\" content=\"index, follow, max-snippet:-1, max-image-preview:large, max-video-preview:-1\" \/>\n<link rel=\"canonical\" href=\"https:\/\/18pet.com\/pt_br\/produto\/conjunto-de-coleira-de-couro-ajustavel-para-caes-de-estimacao-para-caes-pequenos-medios-e-grandes-de-pelucia-pug-yorkie-bulldog-frances\/\" \/>\n<meta property=\"og:locale\" content=\"pt_BR\" \/>\n<meta property=\"og:type\" content=\"article\" \/>\n<meta property=\"og:title\" content=\"Pet Dog Adjustable Leather Collar Leash Set &#8212; 18pet.com\" \/>\n<meta property=\"og:description\" content=\"Feature: 1. Made of cowhide. Durable and sturdy, with a good feel. 2. You can choose single collar, single leash, or collar and leash set. 3. The collar comes with an ID tag. You can write your pet name and phone number on it, prevent dog lossing.\" \/>\n<meta property=\"og:url\" content=\"https:\/\/18pet.com\/pt_br\/produto\/conjunto-de-coleira-de-couro-ajustavel-para-caes-de-estimacao-para-caes-pequenos-medios-e-grandes-de-pelucia-pug-yorkie-bulldog-frances\/\" \/>\n<meta property=\"og:site_name\" content=\"18pet.com\" \/>\n<meta property=\"article:modified_time\" content=\"2025-03-23T13:30:21+00:00\" \/>\n<meta property=\"og:image\" content=\"https:\/\/18pet.com\/wp-content\/uploads\/2023\/05\/1335739514-1.png\" \/>\n\t<meta property=\"og:image:width\" content=\"800\" \/>\n\t<meta property=\"og:image:height\" content=\"800\" \/>\n\t<meta property=\"og:image:type\" content=\"image\/png\" \/>\n<meta name=\"twitter:card\" content=\"summary_large_image\" \/>\n<meta name=\"twitter:label1\" content=\"Est. tempo de leitura\" \/>\n\t<meta name=\"twitter:data1\" content=\"3 minutos\" \/>\n<script type=\"application\/ld+json\" class=\"yoast-schema-graph\">{\"@context\":\"https:\/\/schema.org\",\"@graph\":[{\"@type\":\"WebPage\",\"@id\":\"https:\/\/18pet.com\/product\/pet-dog-adjustable-leather-collar-leash-set-for-small-medium-large-dogs-teddy-pug-yorkie-french-bulldog\/\",\"url\":\"https:\/\/18pet.com\/product\/pet-dog-adjustable-leather-collar-leash-set-for-small-medium-large-dogs-teddy-pug-yorkie-french-bulldog\/\",\"name\":\"Pet Dog Adjustable Leather Collar Leash Set &#8212; 18pet.com\",\"isPartOf\":{\"@id\":\"https:\/\/18pet.com\/id\/#website\"},\"primaryImageOfPage\":{\"@id\":\"https:\/\/18pet.com\/product\/pet-dog-adjustable-leather-collar-leash-set-for-small-medium-large-dogs-teddy-pug-yorkie-french-bulldog\/#primaryimage\"},\"image\":{\"@id\":\"https:\/\/18pet.com\/product\/pet-dog-adjustable-leather-collar-leash-set-for-small-medium-large-dogs-teddy-pug-yorkie-french-bulldog\/#primaryimage\"},\"thumbnailUrl\":\"https:\/\/18pet.com\/wp-content\/uploads\/2023\/05\/1335739514-1.png\",\"datePublished\":\"2022-05-17T11:59:49+00:00\",\"dateModified\":\"2025-03-23T13:30:21+00:00\",\"breadcrumb\":{\"@id\":\"https:\/\/18pet.com\/product\/pet-dog-adjustable-leather-collar-leash-set-for-small-medium-large-dogs-teddy-pug-yorkie-french-bulldog\/#breadcrumb\"},\"inLanguage\":\"pt-BR\",\"potentialAction\":[{\"@type\":\"ReadAction\",\"target\":[\"https:\/\/18pet.com\/product\/pet-dog-adjustable-leather-collar-leash-set-for-small-medium-large-dogs-teddy-pug-yorkie-french-bulldog\/\"]}]},{\"@type\":\"ImageObject\",\"inLanguage\":\"pt-BR\",\"@id\":\"https:\/\/18pet.com\/product\/pet-dog-adjustable-leather-collar-leash-set-for-small-medium-large-dogs-teddy-pug-yorkie-french-bulldog\/#primaryimage\",\"url\":\"https:\/\/18pet.com\/wp-content\/uploads\/2023\/05\/1335739514-1.png\",\"contentUrl\":\"https:\/\/18pet.com\/wp-content\/uploads\/2023\/05\/1335739514-1.png\",\"width\":800,\"height\":800},{\"@type\":\"BreadcrumbList\",\"@id\":\"https:\/\/18pet.com\/product\/pet-dog-adjustable-leather-collar-leash-set-for-small-medium-large-dogs-teddy-pug-yorkie-french-bulldog\/#breadcrumb\",\"itemListElement\":[{\"@type\":\"ListItem\",\"position\":1,\"name\":\"Home\",\"item\":\"https:\/\/18pet.com\/\"},{\"@type\":\"ListItem\",\"position\":2,\"name\":\"Products\",\"item\":\"https:\/\/18pet.com\/tr\/products\/\"},{\"@type\":\"ListItem\",\"position\":3,\"name\":\"Pet Dog Adjustable Leather Collar Leash Set\"}]},{\"@type\":\"WebSite\",\"@id\":\"https:\/\/18pet.com\/id\/#website\",\"url\":\"https:\/\/18pet.com\/id\/\",\"name\":\"18pet.com\",\"description\":\"Your pet supplies center\",\"publisher\":{\"@id\":\"https:\/\/18pet.com\/id\/#organization\"},\"potentialAction\":[{\"@type\":\"SearchAction\",\"target\":{\"@type\":\"EntryPoint\",\"urlTemplate\":\"https:\/\/18pet.com\/id\/?s={search_term_string}\"},\"query-input\":{\"@type\":\"PropertyValueSpecification\",\"valueRequired\":true,\"valueName\":\"search_term_string\"}}],\"inLanguage\":\"pt-BR\"},{\"@type\":\"Organization\",\"@id\":\"https:\/\/18pet.com\/id\/#organization\",\"name\":\"18pet.com\",\"url\":\"https:\/\/18pet.com\/id\/\",\"logo\":{\"@type\":\"ImageObject\",\"inLanguage\":\"pt-BR\",\"@id\":\"https:\/\/18pet.com\/id\/#\/schema\/logo\/image\/\",\"url\":\"https:\/\/18pet.com\/wp-content\/uploads\/2023\/04\/18pet-white-background.png\",\"contentUrl\":\"https:\/\/18pet.com\/wp-content\/uploads\/2023\/04\/18pet-white-background.png\",\"width\":515,\"height\":167,\"caption\":\"18pet.com\"},\"image\":{\"@id\":\"https:\/\/18pet.com\/id\/#\/schema\/logo\/image\/\"}}]}<\/script>\n<!-- \/ Yoast SEO plugin. -->","yoast_head_json":{"title":"Pet Dog Adjustable Leather Collar Leash Set &#8212; 18pet.com","robots":{"index":"index","follow":"follow","max-snippet":"max-snippet:-1","max-image-preview":"max-image-preview:large","max-video-preview":"max-video-preview:-1"},"canonical":"https:\/\/18pet.com\/pt_br\/produto\/conjunto-de-coleira-de-couro-ajustavel-para-caes-de-estimacao-para-caes-pequenos-medios-e-grandes-de-pelucia-pug-yorkie-bulldog-frances\/","og_locale":"pt_BR","og_type":"article","og_title":"Pet Dog Adjustable Leather Collar Leash Set &#8212; 18pet.com","og_description":"Feature: 1. Made of cowhide. Durable and sturdy, with a good feel. 2. You can choose single collar, single leash, or collar and leash set. 3. The collar comes with an ID tag. You can write your pet name and phone number on it, prevent dog lossing.","og_url":"https:\/\/18pet.com\/pt_br\/produto\/conjunto-de-coleira-de-couro-ajustavel-para-caes-de-estimacao-para-caes-pequenos-medios-e-grandes-de-pelucia-pug-yorkie-bulldog-frances\/","og_site_name":"18pet.com","article_modified_time":"2025-03-23T13:30:21+00:00","og_image":[{"width":800,"height":800,"url":"https:\/\/18pet.com\/wp-content\/uploads\/2023\/05\/1335739514-1.png","type":"image\/png"}],"twitter_card":"summary_large_image","twitter_misc":{"Est. tempo de leitura":"3 minutos"},"schema":{"@context":"https:\/\/schema.org","@graph":[{"@type":"WebPage","@id":"https:\/\/18pet.com\/product\/pet-dog-adjustable-leather-collar-leash-set-for-small-medium-large-dogs-teddy-pug-yorkie-french-bulldog\/","url":"https:\/\/18pet.com\/product\/pet-dog-adjustable-leather-collar-leash-set-for-small-medium-large-dogs-teddy-pug-yorkie-french-bulldog\/","name":"Pet Dog Adjustable Leather Collar Leash Set &#8212; 18pet.com","isPartOf":{"@id":"https:\/\/18pet.com\/id\/#website"},"primaryImageOfPage":{"@id":"https:\/\/18pet.com\/product\/pet-dog-adjustable-leather-collar-leash-set-for-small-medium-large-dogs-teddy-pug-yorkie-french-bulldog\/#primaryimage"},"image":{"@id":"https:\/\/18pet.com\/product\/pet-dog-adjustable-leather-collar-leash-set-for-small-medium-large-dogs-teddy-pug-yorkie-french-bulldog\/#primaryimage"},"thumbnailUrl":"https:\/\/18pet.com\/wp-content\/uploads\/2023\/05\/1335739514-1.png","datePublished":"2022-05-17T11:59:49+00:00","dateModified":"2025-03-23T13:30:21+00:00","breadcrumb":{"@id":"https:\/\/18pet.com\/product\/pet-dog-adjustable-leather-collar-leash-set-for-small-medium-large-dogs-teddy-pug-yorkie-french-bulldog\/#breadcrumb"},"inLanguage":"pt-BR","potentialAction":[{"@type":"ReadAction","target":["https:\/\/18pet.com\/product\/pet-dog-adjustable-leather-collar-leash-set-for-small-medium-large-dogs-teddy-pug-yorkie-french-bulldog\/"]}]},{"@type":"ImageObject","inLanguage":"pt-BR","@id":"https:\/\/18pet.com\/product\/pet-dog-adjustable-leather-collar-leash-set-for-small-medium-large-dogs-teddy-pug-yorkie-french-bulldog\/#primaryimage","url":"https:\/\/18pet.com\/wp-content\/uploads\/2023\/05\/1335739514-1.png","contentUrl":"https:\/\/18pet.com\/wp-content\/uploads\/2023\/05\/1335739514-1.png","width":800,"height":800},{"@type":"BreadcrumbList","@id":"https:\/\/18pet.com\/product\/pet-dog-adjustable-leather-collar-leash-set-for-small-medium-large-dogs-teddy-pug-yorkie-french-bulldog\/#breadcrumb","itemListElement":[{"@type":"ListItem","position":1,"name":"Home","item":"https:\/\/18pet.com\/"},{"@type":"ListItem","position":2,"name":"Products","item":"https:\/\/18pet.com\/tr\/products\/"},{"@type":"ListItem","position":3,"name":"Pet Dog Adjustable Leather Collar Leash Set"}]},{"@type":"WebSite","@id":"https:\/\/18pet.com\/id\/#website","url":"https:\/\/18pet.com\/id\/","name":"18pet.com","description":"Your pet supplies center","publisher":{"@id":"https:\/\/18pet.com\/id\/#organization"},"potentialAction":[{"@type":"SearchAction","target":{"@type":"EntryPoint","urlTemplate":"https:\/\/18pet.com\/id\/?s={search_term_string}"},"query-input":{"@type":"PropertyValueSpecification","valueRequired":true,"valueName":"search_term_string"}}],"inLanguage":"pt-BR"},{"@type":"Organization","@id":"https:\/\/18pet.com\/id\/#organization","name":"18pet.com","url":"https:\/\/18pet.com\/id\/","logo":{"@type":"ImageObject","inLanguage":"pt-BR","@id":"https:\/\/18pet.com\/id\/#\/schema\/logo\/image\/","url":"https:\/\/18pet.com\/wp-content\/uploads\/2023\/04\/18pet-white-background.png","contentUrl":"https:\/\/18pet.com\/wp-content\/uploads\/2023\/04\/18pet-white-background.png","width":515,"height":167,"caption":"18pet.com"},"image":{"@id":"https:\/\/18pet.com\/id\/#\/schema\/logo\/image\/"}}]}},"jetpack_sharing_enabled":true,"_links":{"self":[{"href":"https:\/\/18pet.com\/pt_br\/wp-json\/wp\/v2\/product\/4684","targetHints":{"allow":["GET"]}}],"collection":[{"href":"https:\/\/18pet.com\/pt_br\/wp-json\/wp\/v2\/product"}],"about":[{"href":"https:\/\/18pet.com\/pt_br\/wp-json\/wp\/v2\/types\/product"}],"replies":[{"embeddable":true,"href":"https:\/\/18pet.com\/pt_br\/wp-json\/wp\/v2\/comments?post=4684"}],"wp:featuredmedia":[{"embeddable":true,"href":"https:\/\/18pet.com\/pt_br\/wp-json\/wp\/v2\/media\/4731"}],"wp:attachment":[{"href":"https:\/\/18pet.com\/pt_br\/wp-json\/wp\/v2\/media?parent=4684"}],"wp:term":[{"taxonomy":"product_brand","embeddable":true,"href":"https:\/\/18pet.com\/pt_br\/wp-json\/wp\/v2\/product_brand?post=4684"},{"taxonomy":"product_cat","embeddable":true,"href":"https:\/\/18pet.com\/pt_br\/wp-json\/wp\/v2\/product_cat?post=4684"},{"taxonomy":"product_tag","embeddable":true,"href":"https:\/\/18pet.com\/pt_br\/wp-json\/wp\/v2\/product_tag?post=4684"}],"curies":[{"name":"wp","href":"https:\/\/api.w.org\/{rel}","templated":true}]}}