{"id":4084,"date":"2022-05-14T14:57:39","date_gmt":"2022-05-14T14:57:39","guid":{"rendered":"https:\/\/18pet.com\/?post_type=product&#038;p=4084"},"modified":"2026-05-03T05:53:17","modified_gmt":"2026-05-03T05:53:17","slug":"personalized-dog-harness-reflective-breathable-pet-harness","status":"publish","type":"product","link":"https:\/\/18pet.com\/pt_br\/produto\/arnes-cao-refletivo-respiravel-personalizado-pet-arnes\/","title":{"rendered":"<p>Arn\u00eas personalizado para c\u00e3es Arn\u00eas refletivo respir\u00e1vel para animais de estima\u00e7\u00e3o<\/p>"},"content":{"rendered":"<div style=\"width: 100%\">\n<div style=\"width: 1280px;\" class=\"wp-video\"><video class=\"wp-video-shortcode\" id=\"video-4084-1\" width=\"1280\" height=\"720\" preload=\"metadata\" controls=\"controls\"><source type=\"video\/mp4\" src=\"https:\/\/18pet.com\/wp-content\/uploads\/2023\/05\/524-Personalized-Dog-Harness-Reflective-Breathable.mp4?_=1\"><\/source><a href=\"https:\/\/18pet.com\/wp-content\/uploads\/2023\/05\/524-Personalized-Dog-Harness-Reflective-Breathable.mp4\">https:\/\/18pet.com\/wp-content\/uploads\/2023\/05\/524-Personalized-Dog-Harness-Reflective-Breathable.mp4<\/a><\/video><\/div>\n<h2>Recurso:<\/h2><h3>1. Etiquetas personalizadas. Evite que os c\u00e3es se percam.<\/h3><p>As etiquetas do arn\u00eas para c\u00e3es, podem ser personalizadas. ao fazer o pedido, voc\u00ea pode escrever uma nota sobre ele, deixe-nos saber o nome do seu cachorro e o n\u00famero de contato de voc\u00ea.<\/p><h3>2. SUPER CONFORT\u00c1VEL:<\/h3><p>A press\u00e3o de tra\u00e7\u00e3o \u00e9 distribu\u00edda uniformemente pelo corpo para evitar pux\u00f5es e engasgos. O arn\u00eas do colete para c\u00e3es tem uma al\u00e7a ajust\u00e1vel no peito com fivela de encaixe, move suas partes do corpo livremente, pode ser personalizado para o crescimento do seu c\u00e3o, n\u00e3o precisa sempre troc\u00e1-lo.<\/p><h3>3. CABO RESISTENTE:<\/h3><p>A al\u00e7a de nylon resistente aumenta ainda mais a dist\u00e2ncia do c\u00e3o e \u00e9 mais \u00edntimo um do outro. \u00c9 tamb\u00e9m o melhor parceiro para c\u00e3es de servi\u00e7o e \u00e9 f\u00e1cil de controlar o seu c\u00e3o.<\/p><h3>4. SEGURAN\u00c7A AO AR LIVRE:<\/h3><p>Tiras reflexivas para garantir que seu c\u00e3o seja altamente vis\u00edvel e mantenha os c\u00e3es seguros \u00e0 noite. Voc\u00ea pode conectar a coleira do cachorro no anel D e \u00e9 mais seguro em ruas movimentadas. O arn\u00eas de alta qualidade \u00e9 perfeito para caminhada di\u00e1ria, corrida, caminhada, treinamento, ca\u00e7a, aventura ao ar livre e muito mais!<\/p><h3>5. GARANTIA DE SATISFA\u00c7\u00c3O 100%:<\/h3><p>Estamos empenhados em fornecer aos nossos clientes produtos de alta qualidade e a melhor experi\u00eancia de compra. Se voc\u00ea encontrar algum problema ou n\u00e3o estiver satisfeito de alguma forma, basta nos enviar um e-mail e forneceremos a melhor solu\u00e7\u00e3o e todos os problemas ser\u00e3o resolvidos em 48 horas.<\/p><p>&nbsp;<\/p><h3>Como personalizar as tags:<\/h3><p>Por favor, deixe-nos uma mensagem curta sobre as informa\u00e7\u00f5es que voc\u00ea precisa!!!<\/p><p><u>Podemos imprimir seu idioma no patch (por exemplo: ingl\u00eas ou russo, etc) nome do animal de estima\u00e7\u00e3o + n\u00famero de telefone, como: Kiki 191 456 7897.&nbsp;<\/u><\/p><p><u><span style=\"color: #ff0000\">Se voc\u00ea esqueceu de deixar a mensagem.&nbsp;<\/span> Tentaremos entrar em contato com voc\u00ea. Por favor, mantenha contato dentro de 24 horas ap\u00f3s fazer seu pedido. Se n\u00e3o conseguirmos sua resposta. N\u00f3s lhe enviaremos um aleat\u00f3rio <\/u><u>patch \u2013 Por exemplo: c\u00e3o de servi\u00e7o, em treinamento, etc.<\/u><\/p><p>&nbsp;<\/p><p>A imagem a seguir \u00e9 do show do comprador.<\/p><p><img decoding=\"async\" class=\"img-responsive\" src=\"https:\/\/18pet.com\/wp-content\/uploads\/2023\/05\/1097758268-1.jpg\"><img decoding=\"async\" class=\"img-responsive\" src=\"https:\/\/18pet.com\/wp-content\/uploads\/2023\/05\/947890778-1.jpg\"><\/p><p>As imagens a seguir s\u00e3o exemplos de etiquetas personalizadas.<\/p><p><img decoding=\"async\" class=\"img-responsive\" src=\"https:\/\/18pet.com\/wp-content\/uploads\/2023\/05\/1995615340-1.jpg\"><\/p><p>A imagem a seguir mostra r\u00f3tulos em diferentes idiomas.<br>\n<img decoding=\"async\" class=\"img-responsive\" src=\"https:\/\/18pet.com\/wp-content\/uploads\/2023\/05\/382564094-1.jpg\"><\/p><p>&nbsp;<\/p><p>&nbsp;<\/p><p><span style=\"color: #ff0000\">Aqui est\u00e1 a tabela de tamanhos abaixo.&nbsp;<\/span><\/p><p>As colunas da esquerda para a direita na tabela a seguir s\u00e3o: tamanho, busto ou peito (cm), pesco\u00e7o (cm), peso do cachorro (kg)<\/p><p><img decoding=\"async\" class=\"img-responsive\" src=\"https:\/\/18pet.com\/wp-content\/uploads\/2023\/05\/805939755-1.jpg\"><\/p><p>&nbsp;<\/p><p>A imagem a seguir mostra os detalhes deste arn\u00eas para c\u00e3es<strong>.<\/strong><br>\n<img decoding=\"async\" class=\"img-responsive\" src=\"https:\/\/18pet.com\/wp-content\/uploads\/2023\/05\/205201903-1.jpg\"><\/p><p>&nbsp;<\/p><p>As fotos a seguir s\u00e3o fotos reais do produto. Devido \u00e0 diferen\u00e7a de cor entre a c\u00e2mera e a tela de exibi\u00e7\u00e3o, os objetos que voc\u00ea recebe podem ter diferen\u00e7a de cor. Obrigado pela sua compreens\u00e3o.<br>\n<img decoding=\"async\" class=\"img-responsive\" src=\"https:\/\/18pet.com\/wp-content\/uploads\/2023\/05\/745155955-1.jpg\"><br>\n<img decoding=\"async\" class=\"img-responsive\" src=\"https:\/\/18pet.com\/wp-content\/uploads\/2023\/05\/467324355-1.jpg\"><br>\n<img decoding=\"async\" class=\"img-responsive\" src=\"https:\/\/18pet.com\/wp-content\/uploads\/2023\/05\/573072890-1.jpg\"><br>\n<img decoding=\"async\" class=\"img-responsive\" src=\"https:\/\/18pet.com\/wp-content\/uploads\/2023\/05\/1149209281-1.jpg\"><br>\n<img decoding=\"async\" class=\"img-responsive\" src=\"https:\/\/18pet.com\/wp-content\/uploads\/2023\/05\/1369455858-1.jpg\"><br>\n<img decoding=\"async\" class=\"img-responsive\" src=\"https:\/\/18pet.com\/wp-content\/uploads\/2023\/05\/669192286-1.jpg\"><br>\n<img decoding=\"async\" class=\"img-responsive\" src=\"https:\/\/18pet.com\/wp-content\/uploads\/2023\/05\/1815608854-1.jpg\"><br>\n<img decoding=\"async\" class=\"img-responsive\" src=\"https:\/\/18pet.com\/wp-content\/uploads\/2023\/05\/692966439-1.jpg\"><br>\n<img decoding=\"async\" class=\"img-responsive\" src=\"https:\/\/18pet.com\/wp-content\/uploads\/2023\/05\/276741857-1.jpg\"><br>\n<img decoding=\"async\" class=\"img-responsive\" src=\"https:\/\/18pet.com\/wp-content\/uploads\/2023\/05\/837536306-1.jpg\"><br>\n<img decoding=\"async\" class=\"img-responsive\" src=\"https:\/\/18pet.com\/wp-content\/uploads\/2023\/05\/685597709-1.jpg\"><br>\n<img decoding=\"async\" class=\"img-responsive\" src=\"https:\/\/18pet.com\/wp-content\/uploads\/2023\/05\/1958507725-1.jpg\"><br>\n<img decoding=\"async\" class=\"img-responsive\" src=\"https:\/\/18pet.com\/wp-content\/uploads\/2023\/05\/1863893827-1.jpg\"><br>\n<img decoding=\"async\" class=\"img-responsive\" src=\"https:\/\/18pet.com\/wp-content\/uploads\/2023\/05\/2076575841-1.jpg\"><br>\n<img decoding=\"async\" class=\"img-responsive\" src=\"https:\/\/18pet.com\/wp-content\/uploads\/2023\/05\/1522979851-1.jpg\"><br>\n<img decoding=\"async\" class=\"img-responsive\" src=\"https:\/\/18pet.com\/wp-content\/uploads\/2023\/05\/739716679-1.jpg\"><br>\n<img decoding=\"async\" class=\"img-responsive\" src=\"https:\/\/18pet.com\/wp-content\/uploads\/2023\/05\/1129077977-1.jpg\"><br>\n<img decoding=\"async\" class=\"img-responsive\" src=\"https:\/\/18pet.com\/wp-content\/uploads\/2023\/05\/1072660987-1.jpg\"><br>\n<img decoding=\"async\" class=\"img-responsive\" src=\"https:\/\/18pet.com\/wp-content\/uploads\/2023\/05\/1795766003-1.jpg\"><\/p><p><span style=\"color: #ff0000\"><strong>Envio?<\/strong><\/span><\/p><h4>Tempo de preparo:<\/h4><p>precisamos de 2 a 5 dias \u00fateis para preparar seu pedido de acordo com nossos in\u00fameros pedidos todos os dias.<\/p><h4><strong>APO\/FPO\/DPO<\/strong> Envio:<\/h4><p>Pedimos desculpas pela impossibilidade de entrega de Caixas Postais e endere\u00e7os militares (APO, FPO). Para os territ\u00f3rios dos EUA, deixe um coment\u00e1rio ao fazer o pedido. Por exemplo, se voc\u00ea estivesse em Guam, Porto Rico, poderia indicar Guam, Porto Rico na se\u00e7\u00e3o do pa\u00eds. Clientes do Brasil devem deixar uma mensagem para nos fornecer seu CPF de 11 d\u00edgitos.<\/p><\/div>","protected":false},"excerpt":{"rendered":"<h2><span style=\"color: #ff0000\"><strong>Recurso:<\/strong><\/span><p>1. As etiquetas do arn\u00eas para c\u00e3es podem ser personalizadas, evitando a perda do c\u00e3o.<\/p><p>2. Excelente design, confort\u00e1vel para os c\u00e3es usarem.<\/p><p>3. Existem tiras reflexivas que fornecem conveni\u00eancia para uso noturno.<\/p><\/h2>","protected":false},"featured_media":4085,"comment_status":"open","ping_status":"closed","template":"","meta":[],"product_brand":[],"product_cat":[113],"product_tag":[246,244,374,373],"class_list":{"0":"post-4084","1":"product","2":"type-product","3":"status-publish","4":"has-post-thumbnail","6":"product_cat-harnesses","7":"product_tag-collar","8":"product_tag-dog","9":"product_tag-harnesses","10":"product_tag-leads","11":"pa_color-black","12":"pa_color-blue","13":"pa_color-blue-camouflage","14":"pa_color-fallen-leaves","15":"pa_color-green","16":"pa_color-green-camouflage","17":"pa_color-pink","18":"pa_color-purple","19":"pa_color-red","20":"pa_color-rose-red","21":"pa_ships-from-china","22":"pa_size-l","23":"pa_size-m","24":"pa_size-s","25":"pa_size-xl","26":"pa_size-xs","27":"pa_size-xxl","29":"first","30":"instock","31":"sale","32":"taxable","33":"shipping-taxable","34":"purchasable","35":"product-type-variable"},"yoast_head":"<!-- This site is optimized with the Yoast SEO plugin v25.0 - https:\/\/yoast.com\/wordpress\/plugins\/seo\/ -->\n<title>Personalized Dog Harness Reflective Breathable Pet Harness &#8212; 18pet.com<\/title>\n<meta name=\"robots\" content=\"index, follow, max-snippet:-1, max-image-preview:large, max-video-preview:-1\" \/>\n<link rel=\"canonical\" href=\"https:\/\/18pet.com\/pt_br\/produto\/arnes-cao-refletivo-respiravel-personalizado-pet-arnes\/\" \/>\n<meta property=\"og:locale\" content=\"pt_BR\" \/>\n<meta property=\"og:type\" content=\"article\" \/>\n<meta property=\"og:title\" content=\"Personalized Dog Harness Reflective Breathable Pet Harness &#8212; 18pet.com\" \/>\n<meta property=\"og:description\" content=\"Feature: 1.\u00a0 Tags of the dog harness can be customise, prevent dog losing.  2. Excellent design, comfortable for dogs to wear.  3. There are reflective strips that provide convenience for nighttime use.\" \/>\n<meta property=\"og:url\" content=\"https:\/\/18pet.com\/pt_br\/produto\/arnes-cao-refletivo-respiravel-personalizado-pet-arnes\/\" \/>\n<meta property=\"og:site_name\" content=\"18pet.com\" \/>\n<meta property=\"article:modified_time\" content=\"2026-05-03T05:53:17+00:00\" \/>\n<meta property=\"og:image\" content=\"https:\/\/18pet.com\/wp-content\/uploads\/2023\/05\/1855960904-1.jpg\" \/>\n\t<meta property=\"og:image:width\" content=\"850\" \/>\n\t<meta property=\"og:image:height\" content=\"850\" \/>\n\t<meta property=\"og:image:type\" content=\"image\/jpeg\" \/>\n<meta name=\"twitter:card\" content=\"summary_large_image\" \/>\n<meta name=\"twitter:label1\" content=\"Est. tempo de leitura\" \/>\n\t<meta name=\"twitter:data1\" content=\"2 minutos\" \/>\n<script type=\"application\/ld+json\" class=\"yoast-schema-graph\">{\"@context\":\"https:\/\/schema.org\",\"@graph\":[{\"@type\":\"WebPage\",\"@id\":\"https:\/\/18pet.com\/product\/personalized-dog-harness-reflective-breathable-pet-harness\/\",\"url\":\"https:\/\/18pet.com\/product\/personalized-dog-harness-reflective-breathable-pet-harness\/\",\"name\":\"Personalized Dog Harness Reflective Breathable Pet Harness &#8212; 18pet.com\",\"isPartOf\":{\"@id\":\"https:\/\/18pet.com\/id\/#website\"},\"primaryImageOfPage\":{\"@id\":\"https:\/\/18pet.com\/product\/personalized-dog-harness-reflective-breathable-pet-harness\/#primaryimage\"},\"image\":{\"@id\":\"https:\/\/18pet.com\/product\/personalized-dog-harness-reflective-breathable-pet-harness\/#primaryimage\"},\"thumbnailUrl\":\"https:\/\/18pet.com\/wp-content\/uploads\/2023\/05\/1855960904-1.jpg\",\"datePublished\":\"2022-05-14T14:57:39+00:00\",\"dateModified\":\"2026-05-03T05:53:17+00:00\",\"breadcrumb\":{\"@id\":\"https:\/\/18pet.com\/product\/personalized-dog-harness-reflective-breathable-pet-harness\/#breadcrumb\"},\"inLanguage\":\"pt-BR\",\"potentialAction\":[{\"@type\":\"ReadAction\",\"target\":[\"https:\/\/18pet.com\/product\/personalized-dog-harness-reflective-breathable-pet-harness\/\"]}]},{\"@type\":\"ImageObject\",\"inLanguage\":\"pt-BR\",\"@id\":\"https:\/\/18pet.com\/product\/personalized-dog-harness-reflective-breathable-pet-harness\/#primaryimage\",\"url\":\"https:\/\/18pet.com\/wp-content\/uploads\/2023\/05\/1855960904-1.jpg\",\"contentUrl\":\"https:\/\/18pet.com\/wp-content\/uploads\/2023\/05\/1855960904-1.jpg\",\"width\":850,\"height\":850,\"caption\":\"Personalized Dog Harness Reflective Breathable Pet Harness 1\"},{\"@type\":\"BreadcrumbList\",\"@id\":\"https:\/\/18pet.com\/product\/personalized-dog-harness-reflective-breathable-pet-harness\/#breadcrumb\",\"itemListElement\":[{\"@type\":\"ListItem\",\"position\":1,\"name\":\"Home\",\"item\":\"https:\/\/18pet.com\/\"},{\"@type\":\"ListItem\",\"position\":2,\"name\":\"Products\",\"item\":\"https:\/\/18pet.com\/tr\/products\/\"},{\"@type\":\"ListItem\",\"position\":3,\"name\":\"Personalized Dog Harness Reflective Breathable Pet Harness\"}]},{\"@type\":\"WebSite\",\"@id\":\"https:\/\/18pet.com\/id\/#website\",\"url\":\"https:\/\/18pet.com\/id\/\",\"name\":\"18pet.com\",\"description\":\"Your pet supplies center\",\"publisher\":{\"@id\":\"https:\/\/18pet.com\/id\/#organization\"},\"potentialAction\":[{\"@type\":\"SearchAction\",\"target\":{\"@type\":\"EntryPoint\",\"urlTemplate\":\"https:\/\/18pet.com\/id\/?s={search_term_string}\"},\"query-input\":{\"@type\":\"PropertyValueSpecification\",\"valueRequired\":true,\"valueName\":\"search_term_string\"}}],\"inLanguage\":\"pt-BR\"},{\"@type\":\"Organization\",\"@id\":\"https:\/\/18pet.com\/id\/#organization\",\"name\":\"18pet.com\",\"url\":\"https:\/\/18pet.com\/id\/\",\"logo\":{\"@type\":\"ImageObject\",\"inLanguage\":\"pt-BR\",\"@id\":\"https:\/\/18pet.com\/id\/#\/schema\/logo\/image\/\",\"url\":\"https:\/\/18pet.com\/wp-content\/uploads\/2023\/04\/18pet-white-background.png\",\"contentUrl\":\"https:\/\/18pet.com\/wp-content\/uploads\/2023\/04\/18pet-white-background.png\",\"width\":515,\"height\":167,\"caption\":\"18pet.com\"},\"image\":{\"@id\":\"https:\/\/18pet.com\/id\/#\/schema\/logo\/image\/\"}}]}<\/script>\n<!-- \/ Yoast SEO plugin. -->","yoast_head_json":{"title":"Personalized Dog Harness Reflective Breathable Pet Harness &#8212; 18pet.com","robots":{"index":"index","follow":"follow","max-snippet":"max-snippet:-1","max-image-preview":"max-image-preview:large","max-video-preview":"max-video-preview:-1"},"canonical":"https:\/\/18pet.com\/pt_br\/produto\/arnes-cao-refletivo-respiravel-personalizado-pet-arnes\/","og_locale":"pt_BR","og_type":"article","og_title":"Personalized Dog Harness Reflective Breathable Pet Harness &#8212; 18pet.com","og_description":"Feature: 1.\u00a0 Tags of the dog harness can be customise, prevent dog losing.  2. Excellent design, comfortable for dogs to wear.  3. There are reflective strips that provide convenience for nighttime use.","og_url":"https:\/\/18pet.com\/pt_br\/produto\/arnes-cao-refletivo-respiravel-personalizado-pet-arnes\/","og_site_name":"18pet.com","article_modified_time":"2026-05-03T05:53:17+00:00","og_image":[{"width":850,"height":850,"url":"https:\/\/18pet.com\/wp-content\/uploads\/2023\/05\/1855960904-1.jpg","type":"image\/jpeg"}],"twitter_card":"summary_large_image","twitter_misc":{"Est. tempo de leitura":"2 minutos"},"schema":{"@context":"https:\/\/schema.org","@graph":[{"@type":"WebPage","@id":"https:\/\/18pet.com\/product\/personalized-dog-harness-reflective-breathable-pet-harness\/","url":"https:\/\/18pet.com\/product\/personalized-dog-harness-reflective-breathable-pet-harness\/","name":"Personalized Dog Harness Reflective Breathable Pet Harness &#8212; 18pet.com","isPartOf":{"@id":"https:\/\/18pet.com\/id\/#website"},"primaryImageOfPage":{"@id":"https:\/\/18pet.com\/product\/personalized-dog-harness-reflective-breathable-pet-harness\/#primaryimage"},"image":{"@id":"https:\/\/18pet.com\/product\/personalized-dog-harness-reflective-breathable-pet-harness\/#primaryimage"},"thumbnailUrl":"https:\/\/18pet.com\/wp-content\/uploads\/2023\/05\/1855960904-1.jpg","datePublished":"2022-05-14T14:57:39+00:00","dateModified":"2026-05-03T05:53:17+00:00","breadcrumb":{"@id":"https:\/\/18pet.com\/product\/personalized-dog-harness-reflective-breathable-pet-harness\/#breadcrumb"},"inLanguage":"pt-BR","potentialAction":[{"@type":"ReadAction","target":["https:\/\/18pet.com\/product\/personalized-dog-harness-reflective-breathable-pet-harness\/"]}]},{"@type":"ImageObject","inLanguage":"pt-BR","@id":"https:\/\/18pet.com\/product\/personalized-dog-harness-reflective-breathable-pet-harness\/#primaryimage","url":"https:\/\/18pet.com\/wp-content\/uploads\/2023\/05\/1855960904-1.jpg","contentUrl":"https:\/\/18pet.com\/wp-content\/uploads\/2023\/05\/1855960904-1.jpg","width":850,"height":850,"caption":"Personalized Dog Harness Reflective Breathable Pet Harness 1"},{"@type":"BreadcrumbList","@id":"https:\/\/18pet.com\/product\/personalized-dog-harness-reflective-breathable-pet-harness\/#breadcrumb","itemListElement":[{"@type":"ListItem","position":1,"name":"Home","item":"https:\/\/18pet.com\/"},{"@type":"ListItem","position":2,"name":"Products","item":"https:\/\/18pet.com\/tr\/products\/"},{"@type":"ListItem","position":3,"name":"Personalized Dog Harness Reflective Breathable Pet Harness"}]},{"@type":"WebSite","@id":"https:\/\/18pet.com\/id\/#website","url":"https:\/\/18pet.com\/id\/","name":"18pet.com","description":"Your pet supplies center","publisher":{"@id":"https:\/\/18pet.com\/id\/#organization"},"potentialAction":[{"@type":"SearchAction","target":{"@type":"EntryPoint","urlTemplate":"https:\/\/18pet.com\/id\/?s={search_term_string}"},"query-input":{"@type":"PropertyValueSpecification","valueRequired":true,"valueName":"search_term_string"}}],"inLanguage":"pt-BR"},{"@type":"Organization","@id":"https:\/\/18pet.com\/id\/#organization","name":"18pet.com","url":"https:\/\/18pet.com\/id\/","logo":{"@type":"ImageObject","inLanguage":"pt-BR","@id":"https:\/\/18pet.com\/id\/#\/schema\/logo\/image\/","url":"https:\/\/18pet.com\/wp-content\/uploads\/2023\/04\/18pet-white-background.png","contentUrl":"https:\/\/18pet.com\/wp-content\/uploads\/2023\/04\/18pet-white-background.png","width":515,"height":167,"caption":"18pet.com"},"image":{"@id":"https:\/\/18pet.com\/id\/#\/schema\/logo\/image\/"}}]}},"jetpack_sharing_enabled":true,"_links":{"self":[{"href":"https:\/\/18pet.com\/pt_br\/wp-json\/wp\/v2\/product\/4084","targetHints":{"allow":["GET"]}}],"collection":[{"href":"https:\/\/18pet.com\/pt_br\/wp-json\/wp\/v2\/product"}],"about":[{"href":"https:\/\/18pet.com\/pt_br\/wp-json\/wp\/v2\/types\/product"}],"replies":[{"embeddable":true,"href":"https:\/\/18pet.com\/pt_br\/wp-json\/wp\/v2\/comments?post=4084"}],"wp:featuredmedia":[{"embeddable":true,"href":"https:\/\/18pet.com\/pt_br\/wp-json\/wp\/v2\/media\/4085"}],"wp:attachment":[{"href":"https:\/\/18pet.com\/pt_br\/wp-json\/wp\/v2\/media?parent=4084"}],"wp:term":[{"taxonomy":"product_brand","embeddable":true,"href":"https:\/\/18pet.com\/pt_br\/wp-json\/wp\/v2\/product_brand?post=4084"},{"taxonomy":"product_cat","embeddable":true,"href":"https:\/\/18pet.com\/pt_br\/wp-json\/wp\/v2\/product_cat?post=4084"},{"taxonomy":"product_tag","embeddable":true,"href":"https:\/\/18pet.com\/pt_br\/wp-json\/wp\/v2\/product_tag?post=4084"}],"curies":[{"name":"wp","href":"https:\/\/api.w.org\/{rel}","templated":true}]}}