{"id":3920,"date":"2022-05-06T12:47:05","date_gmt":"2022-05-06T12:47:05","guid":{"rendered":"https:\/\/18pet.com\/?post_type=product&#038;p=3920"},"modified":"2026-05-03T05:54:02","modified_gmt":"2026-05-03T05:54:02","slug":"washable-female-dog-diaper-shorts-panties-menstruation-underwea-pet-pad","status":"publish","type":"product","link":"https:\/\/18pet.com\/pt_br\/produto\/lavavel-femea-cachorro-fralda-shorts-calcinha-menstruacao-cueca-almofada-para-animais-de-estimacao\/","title":{"rendered":"<p>Fralda lav\u00e1vel para c\u00e3es e f\u00eameas Calcinha Menstrua\u00e7\u00e3o Underwea Pet PAD<\/p>"},"content":{"rendered":"<p><strong>Recurso:<\/strong><br>\n<strong>Material:<\/strong> Poli\u00e9ster<br>\n<strong>Estilo:<\/strong> Moda<p><strong>Conte\u00fado do pacote:<\/strong><br>\n1 x fralda fisiol\u00f3gica para animais de estima\u00e7\u00e3o<\/p><p><strong>Tamanho Cintura<\/strong><br>\nS: 25cm-30cm\/9,84\u201d-11,81\u201d<br>\nM: 30 cm-35 cm\/11,81&quot;-13,78&quot;<br>\nL: 35cm-45cm\/13,78\u201d-17,72\u201d<br>\nGG: 45cm-55cm\/17,72\u201d-21,65\u201d<br>\nXXG: 55cm-65cm\/21,65\u201d-25,59\u201d<\/p><h3><span style=\"color: #ff0000\">Aviso:<\/span><\/h3><p>Fraldas para c\u00e3es n\u00e3o incluem absorventes fisiol\u00f3gicos; Esta p\u00e1gina de produto tem op\u00e7\u00f5es de almofadas fisiol\u00f3gicas para animais de estima\u00e7\u00e3o, 30 pe\u00e7as por caixa, compre conforme necess\u00e1rio.<\/p><p><img decoding=\"async\" class=\"img-responsive\" src=\"https:\/\/18pet.com\/wp-content\/uploads\/2023\/05\/1707830057-1.jpg\"><img decoding=\"async\" class=\"img-responsive\" src=\"https:\/\/18pet.com\/wp-content\/uploads\/2023\/05\/1203357704-1.jpg\"><img decoding=\"async\" class=\"img-responsive\" src=\"https:\/\/18pet.com\/wp-content\/uploads\/2023\/05\/1090206034-1.jpg\"><img decoding=\"async\" class=\"img-responsive\" src=\"https:\/\/18pet.com\/wp-content\/uploads\/2023\/05\/1236778237-1.jpg\"><img decoding=\"async\" class=\"img-responsive\" src=\"https:\/\/18pet.com\/wp-content\/uploads\/2023\/05\/1470899839-1.jpg\"><img decoding=\"async\" class=\"img-responsive\" src=\"https:\/\/18pet.com\/wp-content\/uploads\/2023\/05\/2041702228-1.jpg\"><img decoding=\"async\" class=\"img-responsive\" src=\"https:\/\/18pet.com\/wp-content\/uploads\/2023\/05\/1880739434-1.jpg\"><img decoding=\"async\" class=\"img-responsive\" src=\"https:\/\/18pet.com\/wp-content\/uploads\/2023\/05\/1732130702-1.jpg\"><img decoding=\"async\" class=\"img-responsive\" src=\"https:\/\/18pet.com\/wp-content\/uploads\/2023\/05\/315573661-1.jpg\"><img decoding=\"async\" class=\"img-responsive\" src=\"https:\/\/18pet.com\/wp-content\/uploads\/2023\/05\/1210131075-1.jpg\"><img decoding=\"async\" class=\"img-responsive\" src=\"https:\/\/18pet.com\/wp-content\/uploads\/2023\/05\/442856193-1.jpg\"><img decoding=\"async\" class=\"img-responsive\" src=\"https:\/\/18pet.com\/wp-content\/uploads\/2023\/05\/1213194596-1.jpg\"><img decoding=\"async\" class=\"img-responsive\" src=\"https:\/\/18pet.com\/wp-content\/uploads\/2023\/05\/46977301-1.jpg\"><img decoding=\"async\" class=\"img-responsive\" src=\"https:\/\/18pet.com\/wp-content\/uploads\/2023\/05\/746498910-1.jpg\"><img decoding=\"async\" class=\"img-responsive\" src=\"https:\/\/18pet.com\/wp-content\/uploads\/2023\/05\/712003963-1.jpg\"><img decoding=\"async\" class=\"img-responsive\" src=\"https:\/\/18pet.com\/wp-content\/uploads\/2023\/05\/77109065-1.jpg\"><img decoding=\"async\" class=\"img-responsive\" src=\"https:\/\/18pet.com\/wp-content\/uploads\/2023\/05\/1335008765-1.jpg\"><img decoding=\"async\" class=\"img-responsive\" src=\"https:\/\/18pet.com\/wp-content\/uploads\/2023\/05\/939372678-1.jpg\"><img decoding=\"async\" class=\"img-responsive\" src=\"https:\/\/18pet.com\/wp-content\/uploads\/2023\/05\/632500422-1.jpg\"><img decoding=\"async\" class=\"img-responsive\" src=\"https:\/\/18pet.com\/wp-content\/uploads\/2023\/05\/1250353821-1.jpg\"><\/p><\/p>","protected":false},"excerpt":{"rendered":"<h3><span style=\"color: #ff0000\">Observa\u00e7\u00e3o:<\/span><p>1. Esta \u00e9 uma fralda adequada para cadelas.<br>\n2. Fraldas n\u00e3o incluem absorventes fisiol\u00f3gicos. Esta p\u00e1gina de produto tem op\u00e7\u00f5es de almofadas fisiol\u00f3gicas para animais de estima\u00e7\u00e3o, 30 pe\u00e7as por caixa, compre conforme necess\u00e1rio.<\/p><\/h3>","protected":false},"featured_media":3921,"comment_status":"open","ping_status":"closed","template":"","meta":[],"product_brand":[],"product_cat":[109],"product_tag":[349,244,355],"class_list":{"0":"post-3920","1":"product","2":"type-product","3":"status-publish","4":"has-post-thumbnail","6":"product_cat-diapers","7":"product_tag-diapers","8":"product_tag-dog","9":"product_tag-pet-pad","10":"pa_color-blue","11":"pa_color-pet-pad","12":"pa_color-red","13":"pa_color-yellow","14":"pa_size-l","15":"pa_size-m","16":"pa_size-s","17":"pa_size-xl","18":"pa_size-xxl","20":"first","21":"instock","22":"sale","23":"taxable","24":"shipping-taxable","25":"purchasable","26":"product-type-variable"},"yoast_head":"<!-- This site is optimized with the Yoast SEO plugin v25.0 - https:\/\/yoast.com\/wordpress\/plugins\/seo\/ -->\n<title>Washable Female Dog Diaper Shorts Panties Menstruation Underwea Pet PAD &#8212; 18pet.com<\/title>\n<meta name=\"robots\" content=\"index, follow, max-snippet:-1, max-image-preview:large, max-video-preview:-1\" \/>\n<link rel=\"canonical\" href=\"https:\/\/18pet.com\/pt_br\/produto\/lavavel-femea-cachorro-fralda-shorts-calcinha-menstruacao-cueca-almofada-para-animais-de-estimacao\/\" \/>\n<meta property=\"og:locale\" content=\"pt_BR\" \/>\n<meta property=\"og:type\" content=\"article\" \/>\n<meta property=\"og:title\" content=\"Washable Female Dog Diaper Shorts Panties Menstruation Underwea Pet PAD &#8212; 18pet.com\" \/>\n<meta property=\"og:description\" content=\"Note: 1. This is a diaper suitable for female dogs. 2. Diapers do not include physiological pads. This product page has options for pet physiological pads, 30 pieces per box, please purchase as needed.\" \/>\n<meta property=\"og:url\" content=\"https:\/\/18pet.com\/pt_br\/produto\/lavavel-femea-cachorro-fralda-shorts-calcinha-menstruacao-cueca-almofada-para-animais-de-estimacao\/\" \/>\n<meta property=\"og:site_name\" content=\"18pet.com\" \/>\n<meta property=\"article:modified_time\" content=\"2026-05-03T05:54:02+00:00\" \/>\n<meta property=\"og:image\" content=\"https:\/\/18pet.com\/wp-content\/uploads\/2023\/05\/1184202784-1.jpg\" \/>\n\t<meta property=\"og:image:width\" content=\"1000\" \/>\n\t<meta property=\"og:image:height\" content=\"1000\" \/>\n\t<meta property=\"og:image:type\" content=\"image\/jpeg\" \/>\n<meta name=\"twitter:card\" content=\"summary_large_image\" \/>\n<script type=\"application\/ld+json\" class=\"yoast-schema-graph\">{\"@context\":\"https:\/\/schema.org\",\"@graph\":[{\"@type\":\"WebPage\",\"@id\":\"https:\/\/18pet.com\/product\/washable-female-dog-diaper-shorts-panties-menstruation-underwea-pet-pad\/\",\"url\":\"https:\/\/18pet.com\/product\/washable-female-dog-diaper-shorts-panties-menstruation-underwea-pet-pad\/\",\"name\":\"Washable Female Dog Diaper Shorts Panties Menstruation Underwea Pet PAD &#8212; 18pet.com\",\"isPartOf\":{\"@id\":\"https:\/\/18pet.com\/id\/#website\"},\"primaryImageOfPage\":{\"@id\":\"https:\/\/18pet.com\/product\/washable-female-dog-diaper-shorts-panties-menstruation-underwea-pet-pad\/#primaryimage\"},\"image\":{\"@id\":\"https:\/\/18pet.com\/product\/washable-female-dog-diaper-shorts-panties-menstruation-underwea-pet-pad\/#primaryimage\"},\"thumbnailUrl\":\"https:\/\/18pet.com\/wp-content\/uploads\/2023\/05\/1184202784-1.jpg\",\"datePublished\":\"2022-05-06T12:47:05+00:00\",\"dateModified\":\"2026-05-03T05:54:02+00:00\",\"breadcrumb\":{\"@id\":\"https:\/\/18pet.com\/product\/washable-female-dog-diaper-shorts-panties-menstruation-underwea-pet-pad\/#breadcrumb\"},\"inLanguage\":\"pt-BR\",\"potentialAction\":[{\"@type\":\"ReadAction\",\"target\":[\"https:\/\/18pet.com\/product\/washable-female-dog-diaper-shorts-panties-menstruation-underwea-pet-pad\/\"]}]},{\"@type\":\"ImageObject\",\"inLanguage\":\"pt-BR\",\"@id\":\"https:\/\/18pet.com\/product\/washable-female-dog-diaper-shorts-panties-menstruation-underwea-pet-pad\/#primaryimage\",\"url\":\"https:\/\/18pet.com\/wp-content\/uploads\/2023\/05\/1184202784-1.jpg\",\"contentUrl\":\"https:\/\/18pet.com\/wp-content\/uploads\/2023\/05\/1184202784-1.jpg\",\"width\":1000,\"height\":1000,\"caption\":\"Washable Female Dog Diaper Shorts Panties Menstruation Underwea Pet PAD 1\"},{\"@type\":\"BreadcrumbList\",\"@id\":\"https:\/\/18pet.com\/product\/washable-female-dog-diaper-shorts-panties-menstruation-underwea-pet-pad\/#breadcrumb\",\"itemListElement\":[{\"@type\":\"ListItem\",\"position\":1,\"name\":\"Home\",\"item\":\"https:\/\/18pet.com\/\"},{\"@type\":\"ListItem\",\"position\":2,\"name\":\"Products\",\"item\":\"https:\/\/18pet.com\/tr\/products\/\"},{\"@type\":\"ListItem\",\"position\":3,\"name\":\"Washable Female Dog Diaper Shorts Panties Menstruation Underwea Pet PAD\"}]},{\"@type\":\"WebSite\",\"@id\":\"https:\/\/18pet.com\/id\/#website\",\"url\":\"https:\/\/18pet.com\/id\/\",\"name\":\"18pet.com\",\"description\":\"Your pet supplies center\",\"publisher\":{\"@id\":\"https:\/\/18pet.com\/id\/#organization\"},\"potentialAction\":[{\"@type\":\"SearchAction\",\"target\":{\"@type\":\"EntryPoint\",\"urlTemplate\":\"https:\/\/18pet.com\/id\/?s={search_term_string}\"},\"query-input\":{\"@type\":\"PropertyValueSpecification\",\"valueRequired\":true,\"valueName\":\"search_term_string\"}}],\"inLanguage\":\"pt-BR\"},{\"@type\":\"Organization\",\"@id\":\"https:\/\/18pet.com\/id\/#organization\",\"name\":\"18pet.com\",\"url\":\"https:\/\/18pet.com\/id\/\",\"logo\":{\"@type\":\"ImageObject\",\"inLanguage\":\"pt-BR\",\"@id\":\"https:\/\/18pet.com\/id\/#\/schema\/logo\/image\/\",\"url\":\"https:\/\/18pet.com\/wp-content\/uploads\/2023\/04\/18pet-white-background.png\",\"contentUrl\":\"https:\/\/18pet.com\/wp-content\/uploads\/2023\/04\/18pet-white-background.png\",\"width\":515,\"height\":167,\"caption\":\"18pet.com\"},\"image\":{\"@id\":\"https:\/\/18pet.com\/id\/#\/schema\/logo\/image\/\"}}]}<\/script>\n<!-- \/ Yoast SEO plugin. -->","yoast_head_json":{"title":"Washable Female Dog Diaper Shorts Panties Menstruation Underwea Pet PAD &#8212; 18pet.com","robots":{"index":"index","follow":"follow","max-snippet":"max-snippet:-1","max-image-preview":"max-image-preview:large","max-video-preview":"max-video-preview:-1"},"canonical":"https:\/\/18pet.com\/pt_br\/produto\/lavavel-femea-cachorro-fralda-shorts-calcinha-menstruacao-cueca-almofada-para-animais-de-estimacao\/","og_locale":"pt_BR","og_type":"article","og_title":"Washable Female Dog Diaper Shorts Panties Menstruation Underwea Pet PAD &#8212; 18pet.com","og_description":"Note: 1. This is a diaper suitable for female dogs. 2. Diapers do not include physiological pads. This product page has options for pet physiological pads, 30 pieces per box, please purchase as needed.","og_url":"https:\/\/18pet.com\/pt_br\/produto\/lavavel-femea-cachorro-fralda-shorts-calcinha-menstruacao-cueca-almofada-para-animais-de-estimacao\/","og_site_name":"18pet.com","article_modified_time":"2026-05-03T05:54:02+00:00","og_image":[{"width":1000,"height":1000,"url":"https:\/\/18pet.com\/wp-content\/uploads\/2023\/05\/1184202784-1.jpg","type":"image\/jpeg"}],"twitter_card":"summary_large_image","schema":{"@context":"https:\/\/schema.org","@graph":[{"@type":"WebPage","@id":"https:\/\/18pet.com\/product\/washable-female-dog-diaper-shorts-panties-menstruation-underwea-pet-pad\/","url":"https:\/\/18pet.com\/product\/washable-female-dog-diaper-shorts-panties-menstruation-underwea-pet-pad\/","name":"Washable Female Dog Diaper Shorts Panties Menstruation Underwea Pet PAD &#8212; 18pet.com","isPartOf":{"@id":"https:\/\/18pet.com\/id\/#website"},"primaryImageOfPage":{"@id":"https:\/\/18pet.com\/product\/washable-female-dog-diaper-shorts-panties-menstruation-underwea-pet-pad\/#primaryimage"},"image":{"@id":"https:\/\/18pet.com\/product\/washable-female-dog-diaper-shorts-panties-menstruation-underwea-pet-pad\/#primaryimage"},"thumbnailUrl":"https:\/\/18pet.com\/wp-content\/uploads\/2023\/05\/1184202784-1.jpg","datePublished":"2022-05-06T12:47:05+00:00","dateModified":"2026-05-03T05:54:02+00:00","breadcrumb":{"@id":"https:\/\/18pet.com\/product\/washable-female-dog-diaper-shorts-panties-menstruation-underwea-pet-pad\/#breadcrumb"},"inLanguage":"pt-BR","potentialAction":[{"@type":"ReadAction","target":["https:\/\/18pet.com\/product\/washable-female-dog-diaper-shorts-panties-menstruation-underwea-pet-pad\/"]}]},{"@type":"ImageObject","inLanguage":"pt-BR","@id":"https:\/\/18pet.com\/product\/washable-female-dog-diaper-shorts-panties-menstruation-underwea-pet-pad\/#primaryimage","url":"https:\/\/18pet.com\/wp-content\/uploads\/2023\/05\/1184202784-1.jpg","contentUrl":"https:\/\/18pet.com\/wp-content\/uploads\/2023\/05\/1184202784-1.jpg","width":1000,"height":1000,"caption":"Washable Female Dog Diaper Shorts Panties Menstruation Underwea Pet PAD 1"},{"@type":"BreadcrumbList","@id":"https:\/\/18pet.com\/product\/washable-female-dog-diaper-shorts-panties-menstruation-underwea-pet-pad\/#breadcrumb","itemListElement":[{"@type":"ListItem","position":1,"name":"Home","item":"https:\/\/18pet.com\/"},{"@type":"ListItem","position":2,"name":"Products","item":"https:\/\/18pet.com\/tr\/products\/"},{"@type":"ListItem","position":3,"name":"Washable Female Dog Diaper Shorts Panties Menstruation Underwea Pet PAD"}]},{"@type":"WebSite","@id":"https:\/\/18pet.com\/id\/#website","url":"https:\/\/18pet.com\/id\/","name":"18pet.com","description":"Your pet supplies center","publisher":{"@id":"https:\/\/18pet.com\/id\/#organization"},"potentialAction":[{"@type":"SearchAction","target":{"@type":"EntryPoint","urlTemplate":"https:\/\/18pet.com\/id\/?s={search_term_string}"},"query-input":{"@type":"PropertyValueSpecification","valueRequired":true,"valueName":"search_term_string"}}],"inLanguage":"pt-BR"},{"@type":"Organization","@id":"https:\/\/18pet.com\/id\/#organization","name":"18pet.com","url":"https:\/\/18pet.com\/id\/","logo":{"@type":"ImageObject","inLanguage":"pt-BR","@id":"https:\/\/18pet.com\/id\/#\/schema\/logo\/image\/","url":"https:\/\/18pet.com\/wp-content\/uploads\/2023\/04\/18pet-white-background.png","contentUrl":"https:\/\/18pet.com\/wp-content\/uploads\/2023\/04\/18pet-white-background.png","width":515,"height":167,"caption":"18pet.com"},"image":{"@id":"https:\/\/18pet.com\/id\/#\/schema\/logo\/image\/"}}]}},"jetpack_sharing_enabled":true,"_links":{"self":[{"href":"https:\/\/18pet.com\/pt_br\/wp-json\/wp\/v2\/product\/3920","targetHints":{"allow":["GET"]}}],"collection":[{"href":"https:\/\/18pet.com\/pt_br\/wp-json\/wp\/v2\/product"}],"about":[{"href":"https:\/\/18pet.com\/pt_br\/wp-json\/wp\/v2\/types\/product"}],"replies":[{"embeddable":true,"href":"https:\/\/18pet.com\/pt_br\/wp-json\/wp\/v2\/comments?post=3920"}],"wp:featuredmedia":[{"embeddable":true,"href":"https:\/\/18pet.com\/pt_br\/wp-json\/wp\/v2\/media\/3921"}],"wp:attachment":[{"href":"https:\/\/18pet.com\/pt_br\/wp-json\/wp\/v2\/media?parent=3920"}],"wp:term":[{"taxonomy":"product_brand","embeddable":true,"href":"https:\/\/18pet.com\/pt_br\/wp-json\/wp\/v2\/product_brand?post=3920"},{"taxonomy":"product_cat","embeddable":true,"href":"https:\/\/18pet.com\/pt_br\/wp-json\/wp\/v2\/product_cat?post=3920"},{"taxonomy":"product_tag","embeddable":true,"href":"https:\/\/18pet.com\/pt_br\/wp-json\/wp\/v2\/product_tag?post=3920"}],"curies":[{"name":"wp","href":"https:\/\/api.w.org\/{rel}","templated":true}]}}