{"id":3761,"date":"2022-05-05T13:46:47","date_gmt":"2022-05-05T13:46:47","guid":{"rendered":"https:\/\/18pet.com\/?post_type=product&#038;p=3761"},"modified":"2025-03-23T14:00:26","modified_gmt":"2025-03-23T14:00:26","slug":"dog-pet-travel-foldable-pooper-scooper-with-1-roll-decomposable-bags-poop-scoop-clean-pick-up-excreta-cleaner","status":"publish","type":"product","link":"https:\/\/18pet.com\/pt_br\/produto\/cao-animal-de-estimacao-viagem-dobravel-pooper-scooper-com-1-rolo-decomponivel-sacos-coco-colher-limpo-recolher-excreta-limpador\/","title":{"rendered":"<p>Limpador de fezes dobr\u00e1vel para cachorro para animais de estima\u00e7\u00e3o<\/p>"},"content":{"rendered":"<div style=\"width: 100%\">\n<div style=\"width: 854px;\" class=\"wp-video\"><video class=\"wp-video-shortcode\" id=\"video-3761-1\" width=\"854\" height=\"480\" preload=\"metadata\" controls=\"controls\"><source type=\"video\/mp4\" src=\"https:\/\/18pet.com\/wp-content\/uploads\/2023\/05\/518-Foldable-Pooper-Scooper.mp4?_=1\"><\/source><a href=\"https:\/\/18pet.com\/wp-content\/uploads\/2023\/05\/518-Foldable-Pooper-Scooper.mp4\">https:\/\/18pet.com\/wp-content\/uploads\/2023\/05\/518-Foldable-Pooper-Scooper.mp4<\/a><\/video><\/div>\n<p>&nbsp;<\/p>\n<p><span style=\"color: #ff0000\">Material:<\/span>pl\u00e1stico<\/p><p><span style=\"color: #ff0000\">Cor:<\/span> Azul, amarelo, verde, vermelho<\/p><p><span style=\"color: #ff0000\">Tamanho:<\/span><\/p><p>P: 13,5X11,5CM L?18x15cm<\/p><h3><\/h3><h3><span style=\"color: #ff0000\">Observa\u00e7\u00e3o:<\/span><\/h3><p>H\u00e1 1 saco de rolo (15PCS) na colher! Outros sacos n\u00e3o podem ser colocados nesta colher!<\/p><h3><span style=\"color: #ff0000\">Quest\u00f5es:<\/span><\/h3><p>P: Qual tamanho devo comprar para o meu cachorro?<br>\nR: Recomendamos uma p\u00e1 pequena para c\u00e3es com peso inferior a 22 kg (50 libras) e uma p\u00e1 grande para c\u00e3es com peso igual ou superior a 22 kg (50 libras).<\/p><p>P: a colher vem com saquinhos?<br>\nR: Sim, inclui 1 saco de lixo em rolo para cada p\u00e1.<\/p><p>P: Posso usar minha pr\u00f3pria bolsa?<br>\nR: Sim, mas recomendamos o uso de nossa bolsa. Ele se encaixa perfeitamente! Apenas certifique-se de escolher o tamanho correspondente para sua concha ao comprar nossas bolsas.<\/p><p><img decoding=\"async\" class=\"img-responsive\" src=\"https:\/\/18pet.com\/wp-content\/uploads\/2023\/05\/1410865447-1.jpg\"><img decoding=\"async\" class=\"img-responsive\" src=\"https:\/\/18pet.com\/wp-content\/uploads\/2023\/05\/160462190-1.jpg\"><img decoding=\"async\" class=\"img-responsive\" src=\"https:\/\/18pet.com\/wp-content\/uploads\/2023\/05\/1771905960-1.jpg\"><img decoding=\"async\" class=\"img-responsive\" src=\"https:\/\/18pet.com\/wp-content\/uploads\/2023\/05\/1162303915-1.jpg\"><\/p><p><img decoding=\"async\" class=\"img-responsive\" src=\"https:\/\/18pet.com\/wp-content\/uploads\/2023\/05\/2063936899-1.jpg\"><\/p><h2><span style=\"color: #ff0000\">M\u00e9todo de uso<\/span> (conforme mostrado nas etapas acima)?<\/h2><p>1? Estique a caixa dobr\u00e1vel para torn\u00e1-la um volume maior.<\/p><p>2?Retire um saco de lixo<\/p><p>3?Coloque o saco de lixo no coletor de coc\u00f4, na al\u00e7a de m\u00e3o h\u00e1 um orif\u00edcio de reten\u00e7\u00e3o para o saco fixo.<\/p><p>4? Limpe facilmente qualquer res\u00edduo de animal de estima\u00e7\u00e3o.<\/p><p><img decoding=\"async\" class=\"img-responsive\" src=\"https:\/\/18pet.com\/wp-content\/uploads\/2023\/05\/1280260456-1.jpg\"><img decoding=\"async\" class=\"img-responsive\" src=\"https:\/\/18pet.com\/wp-content\/uploads\/2023\/05\/1964760766-1.jpg\"><\/p><p><img decoding=\"async\" class=\"img-responsive\" src=\"https:\/\/18pet.com\/wp-content\/uploads\/2023\/05\/1503707166-1.jpg\"><br>\n<img decoding=\"async\" class=\"img-responsive\" src=\"https:\/\/18pet.com\/wp-content\/uploads\/2023\/05\/654947875-1.jpg\"><\/p><p><img decoding=\"async\" class=\"img-responsive\" src=\"https:\/\/18pet.com\/wp-content\/uploads\/2023\/05\/1470796085-1.jpg\"><img decoding=\"async\" class=\"img-responsive\" src=\"https:\/\/18pet.com\/wp-content\/uploads\/2023\/05\/1579619164-1.jpg\"><img decoding=\"async\" class=\"img-responsive\" src=\"https:\/\/18pet.com\/wp-content\/uploads\/2023\/05\/630411446-1.jpg\"><img decoding=\"async\" class=\"img-responsive\" src=\"https:\/\/18pet.com\/wp-content\/uploads\/2023\/05\/1234086709-1.jpg\"><\/p><p><img decoding=\"async\" class=\"img-responsive\" src=\"https:\/\/18pet.com\/wp-content\/uploads\/2023\/05\/605156974-1.jpg\"><br>\n<img decoding=\"async\" class=\"img-responsive\" src=\"https:\/\/18pet.com\/wp-content\/uploads\/2023\/05\/897414419-1.jpg\"><br>\n<img decoding=\"async\" class=\"img-responsive\" src=\"https:\/\/18pet.com\/wp-content\/uploads\/2023\/05\/898461555-1.jpg\"><\/p><\/div>","protected":false},"excerpt":{"rendered":"<h2><span style=\"color: #ff0000\">Recurso:<\/span><p>1? Portabilidade dobr\u00e1vel.<\/p><p>2?F\u00e1cil de usar. H\u00e1 1 saco de rolo dentro do scooper!<\/p><p><span style=\"color: #ff0000\">Escolha o tamanho com base no peso do seu c\u00e3o:<\/span><br>\nMenos de 22KG: tamanho pequeno.<br>\n22-68KG: Tamanho grande.<\/p><\/h2>","protected":false},"featured_media":3811,"comment_status":"open","ping_status":"closed","template":"","meta":[],"product_brand":[],"product_cat":[108],"product_tag":[244,342],"class_list":{"0":"post-3761","1":"product","2":"type-product","3":"status-publish","4":"has-post-thumbnail","6":"product_cat-pooper-scoopers-bags","7":"product_tag-dog","8":"product_tag-pooper-scoopers-and-bags","9":"pa_color-6-rolls-bags","10":"pa_color-beige","11":"pa_color-beige-and-6rolls","12":"pa_color-blue","13":"pa_color-blue-and-6-rolls","14":"pa_color-gray","15":"pa_color-gray-and-6-rolls","16":"pa_color-yellow","17":"pa_color-yellow-and-6-rolls","18":"pa_ships-from-china","19":"pa_size-l","20":"pa_size-s","22":"first","23":"instock","24":"sale","25":"taxable","26":"shipping-taxable","27":"purchasable","28":"product-type-variable"},"yoast_head":"<!-- This site is optimized with the Yoast SEO plugin v25.0 - https:\/\/yoast.com\/wordpress\/plugins\/seo\/ -->\n<title>Dog Pet Foldable Pooper Scooper Excreta Cleaner &#8212; 18pet.com<\/title>\n<meta name=\"robots\" content=\"index, follow, max-snippet:-1, max-image-preview:large, max-video-preview:-1\" \/>\n<link rel=\"canonical\" href=\"https:\/\/18pet.com\/pt_br\/produto\/cao-animal-de-estimacao-viagem-dobravel-pooper-scooper-com-1-rolo-decomponivel-sacos-coco-colher-limpo-recolher-excreta-limpador\/\" \/>\n<meta property=\"og:locale\" content=\"pt_BR\" \/>\n<meta property=\"og:type\" content=\"article\" \/>\n<meta property=\"og:title\" content=\"Dog Pet Foldable Pooper Scooper Excreta Cleaner &#8212; 18pet.com\" \/>\n<meta property=\"og:description\" content=\"Feature: 1\u3001Foldable portability.  2\u3001Easy to use. There is 1 roll bag inside the scooper!  Choose the size based on the weight of your dog: Less than 22KG:\u00a0 small size. 22-68KG: Large size.\" \/>\n<meta property=\"og:url\" content=\"https:\/\/18pet.com\/pt_br\/produto\/cao-animal-de-estimacao-viagem-dobravel-pooper-scooper-com-1-rolo-decomponivel-sacos-coco-colher-limpo-recolher-excreta-limpador\/\" \/>\n<meta property=\"og:site_name\" content=\"18pet.com\" \/>\n<meta property=\"article:modified_time\" content=\"2025-03-23T14:00:26+00:00\" \/>\n<meta property=\"og:image\" content=\"https:\/\/18pet.com\/wp-content\/uploads\/2023\/05\/753197181-1.png\" \/>\n\t<meta property=\"og:image:width\" content=\"800\" \/>\n\t<meta property=\"og:image:height\" content=\"800\" \/>\n\t<meta property=\"og:image:type\" content=\"image\/png\" \/>\n<meta name=\"twitter:card\" content=\"summary_large_image\" \/>\n<meta name=\"twitter:label1\" content=\"Est. tempo de leitura\" \/>\n\t<meta name=\"twitter:data1\" content=\"1 minuto\" \/>\n<script type=\"application\/ld+json\" class=\"yoast-schema-graph\">{\"@context\":\"https:\/\/schema.org\",\"@graph\":[{\"@type\":\"WebPage\",\"@id\":\"https:\/\/18pet.com\/product\/dog-pet-travel-foldable-pooper-scooper-with-1-roll-decomposable-bags-poop-scoop-clean-pick-up-excreta-cleaner\/\",\"url\":\"https:\/\/18pet.com\/product\/dog-pet-travel-foldable-pooper-scooper-with-1-roll-decomposable-bags-poop-scoop-clean-pick-up-excreta-cleaner\/\",\"name\":\"Dog Pet Foldable Pooper Scooper Excreta Cleaner &#8212; 18pet.com\",\"isPartOf\":{\"@id\":\"https:\/\/18pet.com\/id\/#website\"},\"primaryImageOfPage\":{\"@id\":\"https:\/\/18pet.com\/product\/dog-pet-travel-foldable-pooper-scooper-with-1-roll-decomposable-bags-poop-scoop-clean-pick-up-excreta-cleaner\/#primaryimage\"},\"image\":{\"@id\":\"https:\/\/18pet.com\/product\/dog-pet-travel-foldable-pooper-scooper-with-1-roll-decomposable-bags-poop-scoop-clean-pick-up-excreta-cleaner\/#primaryimage\"},\"thumbnailUrl\":\"https:\/\/18pet.com\/wp-content\/uploads\/2023\/05\/753197181-1.png\",\"datePublished\":\"2022-05-05T13:46:47+00:00\",\"dateModified\":\"2025-03-23T14:00:26+00:00\",\"breadcrumb\":{\"@id\":\"https:\/\/18pet.com\/product\/dog-pet-travel-foldable-pooper-scooper-with-1-roll-decomposable-bags-poop-scoop-clean-pick-up-excreta-cleaner\/#breadcrumb\"},\"inLanguage\":\"pt-BR\",\"potentialAction\":[{\"@type\":\"ReadAction\",\"target\":[\"https:\/\/18pet.com\/product\/dog-pet-travel-foldable-pooper-scooper-with-1-roll-decomposable-bags-poop-scoop-clean-pick-up-excreta-cleaner\/\"]}]},{\"@type\":\"ImageObject\",\"inLanguage\":\"pt-BR\",\"@id\":\"https:\/\/18pet.com\/product\/dog-pet-travel-foldable-pooper-scooper-with-1-roll-decomposable-bags-poop-scoop-clean-pick-up-excreta-cleaner\/#primaryimage\",\"url\":\"https:\/\/18pet.com\/wp-content\/uploads\/2023\/05\/753197181-1.png\",\"contentUrl\":\"https:\/\/18pet.com\/wp-content\/uploads\/2023\/05\/753197181-1.png\",\"width\":800,\"height\":800},{\"@type\":\"BreadcrumbList\",\"@id\":\"https:\/\/18pet.com\/product\/dog-pet-travel-foldable-pooper-scooper-with-1-roll-decomposable-bags-poop-scoop-clean-pick-up-excreta-cleaner\/#breadcrumb\",\"itemListElement\":[{\"@type\":\"ListItem\",\"position\":1,\"name\":\"Home\",\"item\":\"https:\/\/18pet.com\/\"},{\"@type\":\"ListItem\",\"position\":2,\"name\":\"Products\",\"item\":\"https:\/\/18pet.com\/tr\/products\/\"},{\"@type\":\"ListItem\",\"position\":3,\"name\":\"Dog Pet Foldable Pooper Scooper Excreta Cleaner\"}]},{\"@type\":\"WebSite\",\"@id\":\"https:\/\/18pet.com\/id\/#website\",\"url\":\"https:\/\/18pet.com\/id\/\",\"name\":\"18pet.com\",\"description\":\"Your pet supplies center\",\"publisher\":{\"@id\":\"https:\/\/18pet.com\/id\/#organization\"},\"potentialAction\":[{\"@type\":\"SearchAction\",\"target\":{\"@type\":\"EntryPoint\",\"urlTemplate\":\"https:\/\/18pet.com\/id\/?s={search_term_string}\"},\"query-input\":{\"@type\":\"PropertyValueSpecification\",\"valueRequired\":true,\"valueName\":\"search_term_string\"}}],\"inLanguage\":\"pt-BR\"},{\"@type\":\"Organization\",\"@id\":\"https:\/\/18pet.com\/id\/#organization\",\"name\":\"18pet.com\",\"url\":\"https:\/\/18pet.com\/id\/\",\"logo\":{\"@type\":\"ImageObject\",\"inLanguage\":\"pt-BR\",\"@id\":\"https:\/\/18pet.com\/id\/#\/schema\/logo\/image\/\",\"url\":\"https:\/\/18pet.com\/wp-content\/uploads\/2023\/04\/18pet-white-background.png\",\"contentUrl\":\"https:\/\/18pet.com\/wp-content\/uploads\/2023\/04\/18pet-white-background.png\",\"width\":515,\"height\":167,\"caption\":\"18pet.com\"},\"image\":{\"@id\":\"https:\/\/18pet.com\/id\/#\/schema\/logo\/image\/\"}}]}<\/script>\n<!-- \/ Yoast SEO plugin. -->","yoast_head_json":{"title":"Dog Pet Foldable Pooper Scooper Excreta Cleaner &#8212; 18pet.com","robots":{"index":"index","follow":"follow","max-snippet":"max-snippet:-1","max-image-preview":"max-image-preview:large","max-video-preview":"max-video-preview:-1"},"canonical":"https:\/\/18pet.com\/pt_br\/produto\/cao-animal-de-estimacao-viagem-dobravel-pooper-scooper-com-1-rolo-decomponivel-sacos-coco-colher-limpo-recolher-excreta-limpador\/","og_locale":"pt_BR","og_type":"article","og_title":"Dog Pet Foldable Pooper Scooper Excreta Cleaner &#8212; 18pet.com","og_description":"Feature: 1\u3001Foldable portability.  2\u3001Easy to use. There is 1 roll bag inside the scooper!  Choose the size based on the weight of your dog: Less than 22KG:\u00a0 small size. 22-68KG: Large size.","og_url":"https:\/\/18pet.com\/pt_br\/produto\/cao-animal-de-estimacao-viagem-dobravel-pooper-scooper-com-1-rolo-decomponivel-sacos-coco-colher-limpo-recolher-excreta-limpador\/","og_site_name":"18pet.com","article_modified_time":"2025-03-23T14:00:26+00:00","og_image":[{"width":800,"height":800,"url":"https:\/\/18pet.com\/wp-content\/uploads\/2023\/05\/753197181-1.png","type":"image\/png"}],"twitter_card":"summary_large_image","twitter_misc":{"Est. tempo de leitura":"1 minuto"},"schema":{"@context":"https:\/\/schema.org","@graph":[{"@type":"WebPage","@id":"https:\/\/18pet.com\/product\/dog-pet-travel-foldable-pooper-scooper-with-1-roll-decomposable-bags-poop-scoop-clean-pick-up-excreta-cleaner\/","url":"https:\/\/18pet.com\/product\/dog-pet-travel-foldable-pooper-scooper-with-1-roll-decomposable-bags-poop-scoop-clean-pick-up-excreta-cleaner\/","name":"Dog Pet Foldable Pooper Scooper Excreta Cleaner &#8212; 18pet.com","isPartOf":{"@id":"https:\/\/18pet.com\/id\/#website"},"primaryImageOfPage":{"@id":"https:\/\/18pet.com\/product\/dog-pet-travel-foldable-pooper-scooper-with-1-roll-decomposable-bags-poop-scoop-clean-pick-up-excreta-cleaner\/#primaryimage"},"image":{"@id":"https:\/\/18pet.com\/product\/dog-pet-travel-foldable-pooper-scooper-with-1-roll-decomposable-bags-poop-scoop-clean-pick-up-excreta-cleaner\/#primaryimage"},"thumbnailUrl":"https:\/\/18pet.com\/wp-content\/uploads\/2023\/05\/753197181-1.png","datePublished":"2022-05-05T13:46:47+00:00","dateModified":"2025-03-23T14:00:26+00:00","breadcrumb":{"@id":"https:\/\/18pet.com\/product\/dog-pet-travel-foldable-pooper-scooper-with-1-roll-decomposable-bags-poop-scoop-clean-pick-up-excreta-cleaner\/#breadcrumb"},"inLanguage":"pt-BR","potentialAction":[{"@type":"ReadAction","target":["https:\/\/18pet.com\/product\/dog-pet-travel-foldable-pooper-scooper-with-1-roll-decomposable-bags-poop-scoop-clean-pick-up-excreta-cleaner\/"]}]},{"@type":"ImageObject","inLanguage":"pt-BR","@id":"https:\/\/18pet.com\/product\/dog-pet-travel-foldable-pooper-scooper-with-1-roll-decomposable-bags-poop-scoop-clean-pick-up-excreta-cleaner\/#primaryimage","url":"https:\/\/18pet.com\/wp-content\/uploads\/2023\/05\/753197181-1.png","contentUrl":"https:\/\/18pet.com\/wp-content\/uploads\/2023\/05\/753197181-1.png","width":800,"height":800},{"@type":"BreadcrumbList","@id":"https:\/\/18pet.com\/product\/dog-pet-travel-foldable-pooper-scooper-with-1-roll-decomposable-bags-poop-scoop-clean-pick-up-excreta-cleaner\/#breadcrumb","itemListElement":[{"@type":"ListItem","position":1,"name":"Home","item":"https:\/\/18pet.com\/"},{"@type":"ListItem","position":2,"name":"Products","item":"https:\/\/18pet.com\/tr\/products\/"},{"@type":"ListItem","position":3,"name":"Dog Pet Foldable Pooper Scooper Excreta Cleaner"}]},{"@type":"WebSite","@id":"https:\/\/18pet.com\/id\/#website","url":"https:\/\/18pet.com\/id\/","name":"18pet.com","description":"Your pet supplies center","publisher":{"@id":"https:\/\/18pet.com\/id\/#organization"},"potentialAction":[{"@type":"SearchAction","target":{"@type":"EntryPoint","urlTemplate":"https:\/\/18pet.com\/id\/?s={search_term_string}"},"query-input":{"@type":"PropertyValueSpecification","valueRequired":true,"valueName":"search_term_string"}}],"inLanguage":"pt-BR"},{"@type":"Organization","@id":"https:\/\/18pet.com\/id\/#organization","name":"18pet.com","url":"https:\/\/18pet.com\/id\/","logo":{"@type":"ImageObject","inLanguage":"pt-BR","@id":"https:\/\/18pet.com\/id\/#\/schema\/logo\/image\/","url":"https:\/\/18pet.com\/wp-content\/uploads\/2023\/04\/18pet-white-background.png","contentUrl":"https:\/\/18pet.com\/wp-content\/uploads\/2023\/04\/18pet-white-background.png","width":515,"height":167,"caption":"18pet.com"},"image":{"@id":"https:\/\/18pet.com\/id\/#\/schema\/logo\/image\/"}}]}},"jetpack_sharing_enabled":true,"_links":{"self":[{"href":"https:\/\/18pet.com\/pt_br\/wp-json\/wp\/v2\/product\/3761","targetHints":{"allow":["GET"]}}],"collection":[{"href":"https:\/\/18pet.com\/pt_br\/wp-json\/wp\/v2\/product"}],"about":[{"href":"https:\/\/18pet.com\/pt_br\/wp-json\/wp\/v2\/types\/product"}],"replies":[{"embeddable":true,"href":"https:\/\/18pet.com\/pt_br\/wp-json\/wp\/v2\/comments?post=3761"}],"wp:featuredmedia":[{"embeddable":true,"href":"https:\/\/18pet.com\/pt_br\/wp-json\/wp\/v2\/media\/3811"}],"wp:attachment":[{"href":"https:\/\/18pet.com\/pt_br\/wp-json\/wp\/v2\/media?parent=3761"}],"wp:term":[{"taxonomy":"product_brand","embeddable":true,"href":"https:\/\/18pet.com\/pt_br\/wp-json\/wp\/v2\/product_brand?post=3761"},{"taxonomy":"product_cat","embeddable":true,"href":"https:\/\/18pet.com\/pt_br\/wp-json\/wp\/v2\/product_cat?post=3761"},{"taxonomy":"product_tag","embeddable":true,"href":"https:\/\/18pet.com\/pt_br\/wp-json\/wp\/v2\/product_tag?post=3761"}],"curies":[{"name":"wp","href":"https:\/\/api.w.org\/{rel}","templated":true}]}}