{"id":3715,"date":"2022-05-05T07:56:02","date_gmt":"2022-05-05T07:56:02","guid":{"rendered":"https:\/\/18pet.com\/?post_type=product&#038;p=3715"},"modified":"2025-03-23T14:00:31","modified_gmt":"2025-03-23T14:00:31","slug":"outdoor-dog-training-disc-stakes-position-marker-10pcs","status":"publish","type":"product","link":"https:\/\/18pet.com\/pt_br\/produto\/outdoor-dog-training-disco-estacas-marcador-de-posicao-10pcs\/","title":{"rendered":"<p>Estacas de disco para treinamento de c\u00e3es ao ar livre Marcador de posi\u00e7\u00e3o 10 pe\u00e7as<\/p>"},"content":{"rendered":"<p><span style=\"color: #ff0000\">Material:<\/span> PE<p><span style=\"color: #ff0000\">Especifica\u00e7\u00e3o:<\/span> altura 5cm, di\u00e2metro inferior 18cm<\/p><p><span style=\"color: #ff0000\">Peso l\u00edquido: <\/span><\/p><p>Estilo comum: 18g\/pe\u00e7a;<\/p><p>Estilo normal: 22g\/pe\u00e7a;<\/p><p>Estilo engrossado: 26g \/ pe\u00e7a;<\/p><p><span style=\"color: #ff0000\">Cor:<\/span> vermelho amarelo azul verde laranja<\/p><h3><span style=\"color: #ff0000\">Caracter\u00edsticas: <\/span><\/h3><p>O material do produto \u00e9 material PE ambiental, absolutamente n\u00e3o t\u00f3xico. Pode ser usado com seguran\u00e7a. E tem boa tenacidade.<\/p><p><img decoding=\"async\" class=\"img-responsive\" src=\"https:\/\/18pet.com\/wp-content\/uploads\/2023\/05\/1256048050-1.jpg\"><img decoding=\"async\" class=\"img-responsive\" src=\"https:\/\/18pet.com\/wp-content\/uploads\/2023\/05\/440434846-1.jpg\"><img decoding=\"async\" class=\"img-responsive\" src=\"https:\/\/18pet.com\/wp-content\/uploads\/2023\/05\/1827197044-1.jpg\"><img decoding=\"async\" class=\"img-responsive\" src=\"https:\/\/18pet.com\/wp-content\/uploads\/2023\/05\/837504863-1.jpg\"><img decoding=\"async\" class=\"img-responsive\" src=\"https:\/\/18pet.com\/wp-content\/uploads\/2023\/05\/1163074630-1.jpg\"><img decoding=\"async\" class=\"img-responsive\" src=\"https:\/\/18pet.com\/wp-content\/uploads\/2023\/05\/1436652577-1.jpg\"><img decoding=\"async\" class=\"img-responsive\" src=\"https:\/\/18pet.com\/wp-content\/uploads\/2023\/05\/1430771577-1.jpg\"><img decoding=\"async\" class=\"img-responsive\" src=\"https:\/\/18pet.com\/wp-content\/uploads\/2023\/05\/267196205-1.jpg\"><img decoding=\"async\" class=\"img-responsive\" src=\"https:\/\/18pet.com\/wp-content\/uploads\/2023\/05\/1236014179-1.jpg\"><img decoding=\"async\" class=\"img-responsive\" src=\"https:\/\/18pet.com\/wp-content\/uploads\/2023\/05\/1660132654-1.jpg\"><img decoding=\"async\" class=\"img-responsive\" src=\"https:\/\/18pet.com\/wp-content\/uploads\/2023\/05\/2136762002-1.jpg\"><img decoding=\"async\" class=\"img-responsive\" src=\"https:\/\/18pet.com\/wp-content\/uploads\/2023\/05\/433815388-1.jpg\"><img decoding=\"async\" class=\"img-responsive\" src=\"https:\/\/18pet.com\/wp-content\/uploads\/2023\/05\/603460788-1.jpg\"><img decoding=\"async\" class=\"img-responsive\" src=\"https:\/\/18pet.com\/wp-content\/uploads\/2023\/05\/817209410-1.jpg\"><\/p><\/p>","protected":false},"excerpt":{"rendered":"<h3><span style=\"color: #ff0000\">Recurso?<\/span><p>Feito de novo material PE, seguro e n\u00e3o t\u00f3xico.<br>\nExcelente tenacidade, n\u00e3o quebra ao pisar. Facilmente restaure a forma ap\u00f3s o afrouxamento.<\/p><\/h3>","protected":false},"featured_media":3716,"comment_status":"open","ping_status":"closed","template":"","meta":[],"product_brand":[],"product_cat":[100,105],"product_tag":[263,244,265],"class_list":{"0":"post-3715","1":"product","2":"type-product","3":"status-publish","4":"has-post-thumbnail","6":"product_cat-agility-equipment","7":"product_cat-training-stakes","8":"product_tag-agility-equipment","9":"product_tag-dog","10":"product_tag-dog-training","11":"pa_color-net-bag-no-disk","12":"pa_color-ordinary-green","13":"pa_color-regular-blue","14":"pa_color-regular-orange","15":"pa_color-regular-red","16":"pa_color-regular-yellow","17":"pa_color-shelf","18":"pa_color-thickened-blue","19":"pa_color-thickened-green","20":"pa_color-thickened-orange","21":"pa_color-thickened-red","22":"pa_color-thickened-yellow","24":"first","25":"instock","26":"sale","27":"taxable","28":"shipping-taxable","29":"purchasable","30":"product-type-variable"},"yoast_head":"<!-- This site is optimized with the Yoast SEO plugin v25.0 - https:\/\/yoast.com\/wordpress\/plugins\/seo\/ -->\n<title>Outdoor Dog Training Disc Stakes Position Marker 10PCS &#8212; 18pet.com<\/title>\n<meta name=\"robots\" content=\"index, follow, max-snippet:-1, max-image-preview:large, max-video-preview:-1\" \/>\n<link rel=\"canonical\" href=\"https:\/\/18pet.com\/pt_br\/produto\/outdoor-dog-training-disco-estacas-marcador-de-posicao-10pcs\/\" \/>\n<meta property=\"og:locale\" content=\"pt_BR\" \/>\n<meta property=\"og:type\" content=\"article\" \/>\n<meta property=\"og:title\" content=\"Outdoor Dog Training Disc Stakes Position Marker 10PCS &#8212; 18pet.com\" \/>\n<meta property=\"og:description\" content=\"Feature\uff1a Made of brand new PE material, safe and non-toxic. Excellent toughness, not broken by stepping on. Easily restore shape after loosening.\" \/>\n<meta property=\"og:url\" content=\"https:\/\/18pet.com\/pt_br\/produto\/outdoor-dog-training-disco-estacas-marcador-de-posicao-10pcs\/\" \/>\n<meta property=\"og:site_name\" content=\"18pet.com\" \/>\n<meta property=\"article:modified_time\" content=\"2025-03-23T14:00:31+00:00\" \/>\n<meta property=\"og:image\" content=\"https:\/\/18pet.com\/wp-content\/uploads\/2023\/05\/1858707652-1.jpg\" \/>\n\t<meta property=\"og:image:width\" content=\"1000\" \/>\n\t<meta property=\"og:image:height\" content=\"1000\" \/>\n\t<meta property=\"og:image:type\" content=\"image\/jpeg\" \/>\n<meta name=\"twitter:card\" content=\"summary_large_image\" \/>\n<script type=\"application\/ld+json\" class=\"yoast-schema-graph\">{\"@context\":\"https:\/\/schema.org\",\"@graph\":[{\"@type\":\"WebPage\",\"@id\":\"https:\/\/18pet.com\/product\/outdoor-dog-training-disc-stakes-position-marker-10pcs\/\",\"url\":\"https:\/\/18pet.com\/product\/outdoor-dog-training-disc-stakes-position-marker-10pcs\/\",\"name\":\"Outdoor Dog Training Disc Stakes Position Marker 10PCS &#8212; 18pet.com\",\"isPartOf\":{\"@id\":\"https:\/\/18pet.com\/id\/#website\"},\"primaryImageOfPage\":{\"@id\":\"https:\/\/18pet.com\/product\/outdoor-dog-training-disc-stakes-position-marker-10pcs\/#primaryimage\"},\"image\":{\"@id\":\"https:\/\/18pet.com\/product\/outdoor-dog-training-disc-stakes-position-marker-10pcs\/#primaryimage\"},\"thumbnailUrl\":\"https:\/\/18pet.com\/wp-content\/uploads\/2023\/05\/1858707652-1.jpg\",\"datePublished\":\"2022-05-05T07:56:02+00:00\",\"dateModified\":\"2025-03-23T14:00:31+00:00\",\"breadcrumb\":{\"@id\":\"https:\/\/18pet.com\/product\/outdoor-dog-training-disc-stakes-position-marker-10pcs\/#breadcrumb\"},\"inLanguage\":\"pt-BR\",\"potentialAction\":[{\"@type\":\"ReadAction\",\"target\":[\"https:\/\/18pet.com\/product\/outdoor-dog-training-disc-stakes-position-marker-10pcs\/\"]}]},{\"@type\":\"ImageObject\",\"inLanguage\":\"pt-BR\",\"@id\":\"https:\/\/18pet.com\/product\/outdoor-dog-training-disc-stakes-position-marker-10pcs\/#primaryimage\",\"url\":\"https:\/\/18pet.com\/wp-content\/uploads\/2023\/05\/1858707652-1.jpg\",\"contentUrl\":\"https:\/\/18pet.com\/wp-content\/uploads\/2023\/05\/1858707652-1.jpg\",\"width\":1000,\"height\":1000,\"caption\":\"Outdoor Dog Training Disc Stakes Position Marker 10PCS 1\"},{\"@type\":\"BreadcrumbList\",\"@id\":\"https:\/\/18pet.com\/product\/outdoor-dog-training-disc-stakes-position-marker-10pcs\/#breadcrumb\",\"itemListElement\":[{\"@type\":\"ListItem\",\"position\":1,\"name\":\"Home\",\"item\":\"https:\/\/18pet.com\/\"},{\"@type\":\"ListItem\",\"position\":2,\"name\":\"Products\",\"item\":\"https:\/\/18pet.com\/tr\/products\/\"},{\"@type\":\"ListItem\",\"position\":3,\"name\":\"Outdoor Dog Training Disc Stakes Position Marker 10PCS\"}]},{\"@type\":\"WebSite\",\"@id\":\"https:\/\/18pet.com\/id\/#website\",\"url\":\"https:\/\/18pet.com\/id\/\",\"name\":\"18pet.com\",\"description\":\"Your pet supplies center\",\"publisher\":{\"@id\":\"https:\/\/18pet.com\/id\/#organization\"},\"potentialAction\":[{\"@type\":\"SearchAction\",\"target\":{\"@type\":\"EntryPoint\",\"urlTemplate\":\"https:\/\/18pet.com\/id\/?s={search_term_string}\"},\"query-input\":{\"@type\":\"PropertyValueSpecification\",\"valueRequired\":true,\"valueName\":\"search_term_string\"}}],\"inLanguage\":\"pt-BR\"},{\"@type\":\"Organization\",\"@id\":\"https:\/\/18pet.com\/id\/#organization\",\"name\":\"18pet.com\",\"url\":\"https:\/\/18pet.com\/id\/\",\"logo\":{\"@type\":\"ImageObject\",\"inLanguage\":\"pt-BR\",\"@id\":\"https:\/\/18pet.com\/id\/#\/schema\/logo\/image\/\",\"url\":\"https:\/\/18pet.com\/wp-content\/uploads\/2023\/04\/18pet-white-background.png\",\"contentUrl\":\"https:\/\/18pet.com\/wp-content\/uploads\/2023\/04\/18pet-white-background.png\",\"width\":515,\"height\":167,\"caption\":\"18pet.com\"},\"image\":{\"@id\":\"https:\/\/18pet.com\/id\/#\/schema\/logo\/image\/\"}}]}<\/script>\n<!-- \/ Yoast SEO plugin. -->","yoast_head_json":{"title":"Outdoor Dog Training Disc Stakes Position Marker 10PCS &#8212; 18pet.com","robots":{"index":"index","follow":"follow","max-snippet":"max-snippet:-1","max-image-preview":"max-image-preview:large","max-video-preview":"max-video-preview:-1"},"canonical":"https:\/\/18pet.com\/pt_br\/produto\/outdoor-dog-training-disco-estacas-marcador-de-posicao-10pcs\/","og_locale":"pt_BR","og_type":"article","og_title":"Outdoor Dog Training Disc Stakes Position Marker 10PCS &#8212; 18pet.com","og_description":"Feature\uff1a Made of brand new PE material, safe and non-toxic. Excellent toughness, not broken by stepping on. Easily restore shape after loosening.","og_url":"https:\/\/18pet.com\/pt_br\/produto\/outdoor-dog-training-disco-estacas-marcador-de-posicao-10pcs\/","og_site_name":"18pet.com","article_modified_time":"2025-03-23T14:00:31+00:00","og_image":[{"width":1000,"height":1000,"url":"https:\/\/18pet.com\/wp-content\/uploads\/2023\/05\/1858707652-1.jpg","type":"image\/jpeg"}],"twitter_card":"summary_large_image","schema":{"@context":"https:\/\/schema.org","@graph":[{"@type":"WebPage","@id":"https:\/\/18pet.com\/product\/outdoor-dog-training-disc-stakes-position-marker-10pcs\/","url":"https:\/\/18pet.com\/product\/outdoor-dog-training-disc-stakes-position-marker-10pcs\/","name":"Outdoor Dog Training Disc Stakes Position Marker 10PCS &#8212; 18pet.com","isPartOf":{"@id":"https:\/\/18pet.com\/id\/#website"},"primaryImageOfPage":{"@id":"https:\/\/18pet.com\/product\/outdoor-dog-training-disc-stakes-position-marker-10pcs\/#primaryimage"},"image":{"@id":"https:\/\/18pet.com\/product\/outdoor-dog-training-disc-stakes-position-marker-10pcs\/#primaryimage"},"thumbnailUrl":"https:\/\/18pet.com\/wp-content\/uploads\/2023\/05\/1858707652-1.jpg","datePublished":"2022-05-05T07:56:02+00:00","dateModified":"2025-03-23T14:00:31+00:00","breadcrumb":{"@id":"https:\/\/18pet.com\/product\/outdoor-dog-training-disc-stakes-position-marker-10pcs\/#breadcrumb"},"inLanguage":"pt-BR","potentialAction":[{"@type":"ReadAction","target":["https:\/\/18pet.com\/product\/outdoor-dog-training-disc-stakes-position-marker-10pcs\/"]}]},{"@type":"ImageObject","inLanguage":"pt-BR","@id":"https:\/\/18pet.com\/product\/outdoor-dog-training-disc-stakes-position-marker-10pcs\/#primaryimage","url":"https:\/\/18pet.com\/wp-content\/uploads\/2023\/05\/1858707652-1.jpg","contentUrl":"https:\/\/18pet.com\/wp-content\/uploads\/2023\/05\/1858707652-1.jpg","width":1000,"height":1000,"caption":"Outdoor Dog Training Disc Stakes Position Marker 10PCS 1"},{"@type":"BreadcrumbList","@id":"https:\/\/18pet.com\/product\/outdoor-dog-training-disc-stakes-position-marker-10pcs\/#breadcrumb","itemListElement":[{"@type":"ListItem","position":1,"name":"Home","item":"https:\/\/18pet.com\/"},{"@type":"ListItem","position":2,"name":"Products","item":"https:\/\/18pet.com\/tr\/products\/"},{"@type":"ListItem","position":3,"name":"Outdoor Dog Training Disc Stakes Position Marker 10PCS"}]},{"@type":"WebSite","@id":"https:\/\/18pet.com\/id\/#website","url":"https:\/\/18pet.com\/id\/","name":"18pet.com","description":"Your pet supplies center","publisher":{"@id":"https:\/\/18pet.com\/id\/#organization"},"potentialAction":[{"@type":"SearchAction","target":{"@type":"EntryPoint","urlTemplate":"https:\/\/18pet.com\/id\/?s={search_term_string}"},"query-input":{"@type":"PropertyValueSpecification","valueRequired":true,"valueName":"search_term_string"}}],"inLanguage":"pt-BR"},{"@type":"Organization","@id":"https:\/\/18pet.com\/id\/#organization","name":"18pet.com","url":"https:\/\/18pet.com\/id\/","logo":{"@type":"ImageObject","inLanguage":"pt-BR","@id":"https:\/\/18pet.com\/id\/#\/schema\/logo\/image\/","url":"https:\/\/18pet.com\/wp-content\/uploads\/2023\/04\/18pet-white-background.png","contentUrl":"https:\/\/18pet.com\/wp-content\/uploads\/2023\/04\/18pet-white-background.png","width":515,"height":167,"caption":"18pet.com"},"image":{"@id":"https:\/\/18pet.com\/id\/#\/schema\/logo\/image\/"}}]}},"jetpack_sharing_enabled":true,"_links":{"self":[{"href":"https:\/\/18pet.com\/pt_br\/wp-json\/wp\/v2\/product\/3715","targetHints":{"allow":["GET"]}}],"collection":[{"href":"https:\/\/18pet.com\/pt_br\/wp-json\/wp\/v2\/product"}],"about":[{"href":"https:\/\/18pet.com\/pt_br\/wp-json\/wp\/v2\/types\/product"}],"replies":[{"embeddable":true,"href":"https:\/\/18pet.com\/pt_br\/wp-json\/wp\/v2\/comments?post=3715"}],"wp:featuredmedia":[{"embeddable":true,"href":"https:\/\/18pet.com\/pt_br\/wp-json\/wp\/v2\/media\/3716"}],"wp:attachment":[{"href":"https:\/\/18pet.com\/pt_br\/wp-json\/wp\/v2\/media?parent=3715"}],"wp:term":[{"taxonomy":"product_brand","embeddable":true,"href":"https:\/\/18pet.com\/pt_br\/wp-json\/wp\/v2\/product_brand?post=3715"},{"taxonomy":"product_cat","embeddable":true,"href":"https:\/\/18pet.com\/pt_br\/wp-json\/wp\/v2\/product_cat?post=3715"},{"taxonomy":"product_tag","embeddable":true,"href":"https:\/\/18pet.com\/pt_br\/wp-json\/wp\/v2\/product_tag?post=3715"}],"curies":[{"name":"wp","href":"https:\/\/api.w.org\/{rel}","templated":true}]}}