{"id":3693,"date":"2022-05-05T06:26:35","date_gmt":"2022-05-05T06:26:35","guid":{"rendered":"https:\/\/18pet.com\/?post_type=product&#038;p=3693"},"modified":"2026-05-03T05:52:10","modified_gmt":"2026-05-03T05:52:10","slug":"10pcs-batch-pet-training-stake-18cm-pe-warning-signs","status":"publish","type":"product","link":"https:\/\/18pet.com\/pt_br\/produto\/10pcs-lote-pet-training-stake-18cm-pe-warning-signs\/","title":{"rendered":"<p>10 unidades \/ lote Estaca de treinamento para animais de estima\u00e7\u00e3o Sinais de advert\u00eancia PE de 18 cm<\/p>"},"content":{"rendered":"<div style=\"width: 100%\">\n<div style=\"width: 854px;\" class=\"wp-video\"><video class=\"wp-video-shortcode\" id=\"video-3693-1\" width=\"854\" height=\"480\" preload=\"metadata\" controls=\"controls\"><source type=\"video\/mp4\" src=\"https:\/\/18pet.com\/wp-content\/uploads\/2023\/05\/516-pet-training-stake-Excellent-elasticity.mp4?_=1\"><\/source><a href=\"https:\/\/18pet.com\/wp-content\/uploads\/2023\/05\/516-pet-training-stake-Excellent-elasticity.mp4\">https:\/\/18pet.com\/wp-content\/uploads\/2023\/05\/516-pet-training-stake-Excellent-elasticity.mp4<\/a><\/video><\/div>\n<p style=\"font-family: 'Open Sans', sans-serif;font-size: 14px;font-weight: 400;letter-spacing: normal;line-height: inherit;text-align: start;margin: 0px;padding: 0px\" align=\"start\"><span style=\"color: #ff0000\">O pacote inclui:<\/span> 10 pe\u00e7as de sinais de alerta<\/p><h3 align=\"start\"><span style=\"color: #ff0000\">Aviso:<\/span><\/h3><p style=\"font-family: 'Open Sans', sans-serif;font-size: 14px;font-weight: 400;letter-spacing: normal;line-height: inherit;text-align: start;margin: 0px;padding: 0px\" align=\"start\">O produto ser\u00e1 atualizado constantemente, a apar\u00eancia e a cor podem ser alteradas, por favor, n\u00e3o se importe. E leve em considera\u00e7\u00e3o antes de fazer o pedido se voc\u00ea tiver pedido de cor ou apar\u00eancia.<\/p><p><img decoding=\"async\" class=\"img-responsive\" src=\"https:\/\/18pet.com\/wp-content\/uploads\/2023\/05\/367145826-1.jpg\"><img decoding=\"async\" class=\"img-responsive\" src=\"https:\/\/18pet.com\/wp-content\/uploads\/2023\/05\/523900381-1.jpg\"><img decoding=\"async\" class=\"img-responsive\" src=\"https:\/\/18pet.com\/wp-content\/uploads\/2023\/05\/771691766-1.jpg\"><img decoding=\"async\" class=\"img-responsive\" src=\"https:\/\/18pet.com\/wp-content\/uploads\/2023\/05\/1853823686-1.jpg\"><img decoding=\"async\" class=\"img-responsive\" src=\"https:\/\/18pet.com\/wp-content\/uploads\/2023\/05\/899998194-1.jpg\"><img decoding=\"async\" class=\"img-responsive\" src=\"https:\/\/18pet.com\/wp-content\/uploads\/2023\/05\/533712470-1.jpg\"><img decoding=\"async\" class=\"img-responsive\" src=\"https:\/\/18pet.com\/wp-content\/uploads\/2023\/05\/366354492-1.jpg\"><img decoding=\"async\" class=\"img-responsive\" src=\"https:\/\/18pet.com\/wp-content\/uploads\/2023\/05\/1635496198-1.jpg\"><img decoding=\"async\" class=\"img-responsive\" src=\"https:\/\/18pet.com\/wp-content\/uploads\/2023\/05\/651112306-1.jpg\"><img decoding=\"async\" class=\"img-responsive\" src=\"https:\/\/18pet.com\/wp-content\/uploads\/2023\/05\/1106089924-1.jpg\"><\/p><\/div>","protected":false},"excerpt":{"rendered":"<h3><span style=\"color: #ff0000\">Aviso:<\/span><p>1. Excelente elasticidade e superdurabilidade! Consulte o v\u00eddeo para obter detalhes.<br>\n2. 10 unidades por pacote, vendidas em um pacote.<br>\n3. Se o produto for atualizado, poder\u00e1 haver altera\u00e7\u00f5es na cor e na apar\u00eancia.<\/p><\/h3>","protected":false},"featured_media":3694,"comment_status":"open","ping_status":"closed","template":"","meta":[],"product_brand":[],"product_cat":[100,105],"product_tag":[263,244,265],"class_list":{"0":"post-3693","1":"product","2":"type-product","3":"status-publish","4":"has-post-thumbnail","6":"product_cat-agility-equipment","7":"product_cat-training-stakes","8":"product_tag-agility-equipment","9":"product_tag-dog","10":"product_tag-dog-training","11":"pa_color-blue","12":"pa_color-green","13":"pa_color-orange","14":"pa_color-red","15":"pa_color-yellow","16":"pa_size-18cm","18":"first","19":"instock","20":"sale","21":"taxable","22":"shipping-taxable","23":"purchasable","24":"product-type-variable"},"yoast_head":"<!-- This site is optimized with the Yoast SEO plugin v25.0 - https:\/\/yoast.com\/wordpress\/plugins\/seo\/ -->\n<title>10pcs \/ batch pet training stake 18cm PE warning signs &#8212; 18pet.com<\/title>\n<meta name=\"robots\" content=\"index, follow, max-snippet:-1, max-image-preview:large, max-video-preview:-1\" \/>\n<link rel=\"canonical\" href=\"https:\/\/18pet.com\/pt_br\/produto\/10pcs-lote-pet-training-stake-18cm-pe-warning-signs\/\" \/>\n<meta property=\"og:locale\" content=\"pt_BR\" \/>\n<meta property=\"og:type\" content=\"article\" \/>\n<meta property=\"og:title\" content=\"10pcs \/ batch pet training stake 18cm PE warning signs &#8212; 18pet.com\" \/>\n<meta property=\"og:description\" content=\"Notice: 1. Excellent elasticity and super durability! Please refer to the video for details. 2. 10 pcs per bundle, sold in bundle. 3. If the product is upgraded, there may be changes in color and appearance.\" \/>\n<meta property=\"og:url\" content=\"https:\/\/18pet.com\/pt_br\/produto\/10pcs-lote-pet-training-stake-18cm-pe-warning-signs\/\" \/>\n<meta property=\"og:site_name\" content=\"18pet.com\" \/>\n<meta property=\"article:modified_time\" content=\"2026-05-03T05:52:10+00:00\" \/>\n<meta property=\"og:image\" content=\"https:\/\/18pet.com\/wp-content\/uploads\/2023\/05\/1707760351-1.jpg\" \/>\n\t<meta property=\"og:image:width\" content=\"850\" \/>\n\t<meta property=\"og:image:height\" content=\"850\" \/>\n\t<meta property=\"og:image:type\" content=\"image\/jpeg\" \/>\n<meta name=\"twitter:card\" content=\"summary_large_image\" \/>\n<script type=\"application\/ld+json\" class=\"yoast-schema-graph\">{\"@context\":\"https:\/\/schema.org\",\"@graph\":[{\"@type\":\"WebPage\",\"@id\":\"https:\/\/18pet.com\/product\/10pcs-batch-pet-training-stake-18cm-pe-warning-signs\/\",\"url\":\"https:\/\/18pet.com\/product\/10pcs-batch-pet-training-stake-18cm-pe-warning-signs\/\",\"name\":\"10pcs \/ batch pet training stake 18cm PE warning signs &#8212; 18pet.com\",\"isPartOf\":{\"@id\":\"https:\/\/18pet.com\/id\/#website\"},\"primaryImageOfPage\":{\"@id\":\"https:\/\/18pet.com\/product\/10pcs-batch-pet-training-stake-18cm-pe-warning-signs\/#primaryimage\"},\"image\":{\"@id\":\"https:\/\/18pet.com\/product\/10pcs-batch-pet-training-stake-18cm-pe-warning-signs\/#primaryimage\"},\"thumbnailUrl\":\"https:\/\/18pet.com\/wp-content\/uploads\/2023\/05\/1707760351-1.jpg\",\"datePublished\":\"2022-05-05T06:26:35+00:00\",\"dateModified\":\"2026-05-03T05:52:10+00:00\",\"breadcrumb\":{\"@id\":\"https:\/\/18pet.com\/product\/10pcs-batch-pet-training-stake-18cm-pe-warning-signs\/#breadcrumb\"},\"inLanguage\":\"pt-BR\",\"potentialAction\":[{\"@type\":\"ReadAction\",\"target\":[\"https:\/\/18pet.com\/product\/10pcs-batch-pet-training-stake-18cm-pe-warning-signs\/\"]}]},{\"@type\":\"ImageObject\",\"inLanguage\":\"pt-BR\",\"@id\":\"https:\/\/18pet.com\/product\/10pcs-batch-pet-training-stake-18cm-pe-warning-signs\/#primaryimage\",\"url\":\"https:\/\/18pet.com\/wp-content\/uploads\/2023\/05\/1707760351-1.jpg\",\"contentUrl\":\"https:\/\/18pet.com\/wp-content\/uploads\/2023\/05\/1707760351-1.jpg\",\"width\":850,\"height\":850,\"caption\":\"10pcs \/ batch pet training stake 18cm PE warning signs 1\"},{\"@type\":\"BreadcrumbList\",\"@id\":\"https:\/\/18pet.com\/product\/10pcs-batch-pet-training-stake-18cm-pe-warning-signs\/#breadcrumb\",\"itemListElement\":[{\"@type\":\"ListItem\",\"position\":1,\"name\":\"Home\",\"item\":\"https:\/\/18pet.com\/\"},{\"@type\":\"ListItem\",\"position\":2,\"name\":\"Products\",\"item\":\"https:\/\/18pet.com\/tr\/products\/\"},{\"@type\":\"ListItem\",\"position\":3,\"name\":\"10pcs \/ batch pet training stake 18cm PE warning signs\"}]},{\"@type\":\"WebSite\",\"@id\":\"https:\/\/18pet.com\/id\/#website\",\"url\":\"https:\/\/18pet.com\/id\/\",\"name\":\"18pet.com\",\"description\":\"Your pet supplies center\",\"publisher\":{\"@id\":\"https:\/\/18pet.com\/id\/#organization\"},\"potentialAction\":[{\"@type\":\"SearchAction\",\"target\":{\"@type\":\"EntryPoint\",\"urlTemplate\":\"https:\/\/18pet.com\/id\/?s={search_term_string}\"},\"query-input\":{\"@type\":\"PropertyValueSpecification\",\"valueRequired\":true,\"valueName\":\"search_term_string\"}}],\"inLanguage\":\"pt-BR\"},{\"@type\":\"Organization\",\"@id\":\"https:\/\/18pet.com\/id\/#organization\",\"name\":\"18pet.com\",\"url\":\"https:\/\/18pet.com\/id\/\",\"logo\":{\"@type\":\"ImageObject\",\"inLanguage\":\"pt-BR\",\"@id\":\"https:\/\/18pet.com\/id\/#\/schema\/logo\/image\/\",\"url\":\"https:\/\/18pet.com\/wp-content\/uploads\/2023\/04\/18pet-white-background.png\",\"contentUrl\":\"https:\/\/18pet.com\/wp-content\/uploads\/2023\/04\/18pet-white-background.png\",\"width\":515,\"height\":167,\"caption\":\"18pet.com\"},\"image\":{\"@id\":\"https:\/\/18pet.com\/id\/#\/schema\/logo\/image\/\"}}]}<\/script>\n<!-- \/ Yoast SEO plugin. -->","yoast_head_json":{"title":"10pcs \/ batch pet training stake 18cm PE warning signs &#8212; 18pet.com","robots":{"index":"index","follow":"follow","max-snippet":"max-snippet:-1","max-image-preview":"max-image-preview:large","max-video-preview":"max-video-preview:-1"},"canonical":"https:\/\/18pet.com\/pt_br\/produto\/10pcs-lote-pet-training-stake-18cm-pe-warning-signs\/","og_locale":"pt_BR","og_type":"article","og_title":"10pcs \/ batch pet training stake 18cm PE warning signs &#8212; 18pet.com","og_description":"Notice: 1. Excellent elasticity and super durability! Please refer to the video for details. 2. 10 pcs per bundle, sold in bundle. 3. If the product is upgraded, there may be changes in color and appearance.","og_url":"https:\/\/18pet.com\/pt_br\/produto\/10pcs-lote-pet-training-stake-18cm-pe-warning-signs\/","og_site_name":"18pet.com","article_modified_time":"2026-05-03T05:52:10+00:00","og_image":[{"width":850,"height":850,"url":"https:\/\/18pet.com\/wp-content\/uploads\/2023\/05\/1707760351-1.jpg","type":"image\/jpeg"}],"twitter_card":"summary_large_image","schema":{"@context":"https:\/\/schema.org","@graph":[{"@type":"WebPage","@id":"https:\/\/18pet.com\/product\/10pcs-batch-pet-training-stake-18cm-pe-warning-signs\/","url":"https:\/\/18pet.com\/product\/10pcs-batch-pet-training-stake-18cm-pe-warning-signs\/","name":"10pcs \/ batch pet training stake 18cm PE warning signs &#8212; 18pet.com","isPartOf":{"@id":"https:\/\/18pet.com\/id\/#website"},"primaryImageOfPage":{"@id":"https:\/\/18pet.com\/product\/10pcs-batch-pet-training-stake-18cm-pe-warning-signs\/#primaryimage"},"image":{"@id":"https:\/\/18pet.com\/product\/10pcs-batch-pet-training-stake-18cm-pe-warning-signs\/#primaryimage"},"thumbnailUrl":"https:\/\/18pet.com\/wp-content\/uploads\/2023\/05\/1707760351-1.jpg","datePublished":"2022-05-05T06:26:35+00:00","dateModified":"2026-05-03T05:52:10+00:00","breadcrumb":{"@id":"https:\/\/18pet.com\/product\/10pcs-batch-pet-training-stake-18cm-pe-warning-signs\/#breadcrumb"},"inLanguage":"pt-BR","potentialAction":[{"@type":"ReadAction","target":["https:\/\/18pet.com\/product\/10pcs-batch-pet-training-stake-18cm-pe-warning-signs\/"]}]},{"@type":"ImageObject","inLanguage":"pt-BR","@id":"https:\/\/18pet.com\/product\/10pcs-batch-pet-training-stake-18cm-pe-warning-signs\/#primaryimage","url":"https:\/\/18pet.com\/wp-content\/uploads\/2023\/05\/1707760351-1.jpg","contentUrl":"https:\/\/18pet.com\/wp-content\/uploads\/2023\/05\/1707760351-1.jpg","width":850,"height":850,"caption":"10pcs \/ batch pet training stake 18cm PE warning signs 1"},{"@type":"BreadcrumbList","@id":"https:\/\/18pet.com\/product\/10pcs-batch-pet-training-stake-18cm-pe-warning-signs\/#breadcrumb","itemListElement":[{"@type":"ListItem","position":1,"name":"Home","item":"https:\/\/18pet.com\/"},{"@type":"ListItem","position":2,"name":"Products","item":"https:\/\/18pet.com\/tr\/products\/"},{"@type":"ListItem","position":3,"name":"10pcs \/ batch pet training stake 18cm PE warning signs"}]},{"@type":"WebSite","@id":"https:\/\/18pet.com\/id\/#website","url":"https:\/\/18pet.com\/id\/","name":"18pet.com","description":"Your pet supplies center","publisher":{"@id":"https:\/\/18pet.com\/id\/#organization"},"potentialAction":[{"@type":"SearchAction","target":{"@type":"EntryPoint","urlTemplate":"https:\/\/18pet.com\/id\/?s={search_term_string}"},"query-input":{"@type":"PropertyValueSpecification","valueRequired":true,"valueName":"search_term_string"}}],"inLanguage":"pt-BR"},{"@type":"Organization","@id":"https:\/\/18pet.com\/id\/#organization","name":"18pet.com","url":"https:\/\/18pet.com\/id\/","logo":{"@type":"ImageObject","inLanguage":"pt-BR","@id":"https:\/\/18pet.com\/id\/#\/schema\/logo\/image\/","url":"https:\/\/18pet.com\/wp-content\/uploads\/2023\/04\/18pet-white-background.png","contentUrl":"https:\/\/18pet.com\/wp-content\/uploads\/2023\/04\/18pet-white-background.png","width":515,"height":167,"caption":"18pet.com"},"image":{"@id":"https:\/\/18pet.com\/id\/#\/schema\/logo\/image\/"}}]}},"jetpack_sharing_enabled":true,"_links":{"self":[{"href":"https:\/\/18pet.com\/pt_br\/wp-json\/wp\/v2\/product\/3693","targetHints":{"allow":["GET"]}}],"collection":[{"href":"https:\/\/18pet.com\/pt_br\/wp-json\/wp\/v2\/product"}],"about":[{"href":"https:\/\/18pet.com\/pt_br\/wp-json\/wp\/v2\/types\/product"}],"replies":[{"embeddable":true,"href":"https:\/\/18pet.com\/pt_br\/wp-json\/wp\/v2\/comments?post=3693"}],"wp:featuredmedia":[{"embeddable":true,"href":"https:\/\/18pet.com\/pt_br\/wp-json\/wp\/v2\/media\/3694"}],"wp:attachment":[{"href":"https:\/\/18pet.com\/pt_br\/wp-json\/wp\/v2\/media?parent=3693"}],"wp:term":[{"taxonomy":"product_brand","embeddable":true,"href":"https:\/\/18pet.com\/pt_br\/wp-json\/wp\/v2\/product_brand?post=3693"},{"taxonomy":"product_cat","embeddable":true,"href":"https:\/\/18pet.com\/pt_br\/wp-json\/wp\/v2\/product_cat?post=3693"},{"taxonomy":"product_tag","embeddable":true,"href":"https:\/\/18pet.com\/pt_br\/wp-json\/wp\/v2\/product_tag?post=3693"}],"curies":[{"name":"wp","href":"https:\/\/api.w.org\/{rel}","templated":true}]}}