{"id":3659,"date":"2022-05-05T03:15:02","date_gmt":"2022-05-05T03:15:02","guid":{"rendered":"https:\/\/18pet.com\/?post_type=product&#038;p=3659"},"modified":"2025-03-23T12:26:55","modified_gmt":"2025-03-23T12:26:55","slug":"1-2-3-wireless-electric-dog-pet-fence-shock-collar-system-waterproof-transmitter-100g2280","status":"publish","type":"product","link":"https:\/\/18pet.com\/pt_br\/produto\/1-2-3-wireless-electric-dog-pet-pet-cerca-coleira-sistema-transmissor-impermeavel-100g2280\/","title":{"rendered":"<p>Cerca el\u00e9trica sem fio para c\u00e3es<\/p>"},"content":{"rendered":"<div style=\"width: 100%\">\n<div style=\"width: 872px;\" class=\"wp-video\"><video class=\"wp-video-shortcode\" id=\"video-3659-1\" width=\"872\" height=\"480\" preload=\"metadata\" controls=\"controls\"><source type=\"video\/mp4\" src=\"https:\/\/18pet.com\/wp-content\/uploads\/2023\/05\/Dog-wireless-fence-training-assistance-tool.mp4?_=1\"><\/source><a href=\"https:\/\/18pet.com\/wp-content\/uploads\/2023\/05\/Dog-wireless-fence-training-assistance-tool.mp4\">https:\/\/18pet.com\/wp-content\/uploads\/2023\/05\/Dog-wireless-fence-training-assistance-tool.mp4<\/a><\/video><\/div>\n<p align=\"center\"><img decoding=\"async\" class=\"img-responsive\" src=\"https:\/\/18pet.com\/wp-content\/uploads\/2023\/05\/262999544-1.jpg\"><\/p><h2>Ponto de bala:<\/h2><h3>Cerca sem fio para c\u00e3es<\/h3><p>A cerca digital sem fio para c\u00e3es pode ajudar a treinar c\u00e3es para moldar o h\u00e1bito de viver em seu pr\u00f3prio espa\u00e7o independente e manter seus m\u00f3veis e necessidades di\u00e1rias limpos e arrumados, especialmente manter seus animais de estima\u00e7\u00e3o longe do inc\u00f4modo de viver em uma cerca real. Certifique-se de que seus c\u00e3es fiquem na \u00e1rea especificada, voc\u00ea nunca ter\u00e1 que se preocupar com nada quando sair. Pode ser amplamente utilizado para treinamento de c\u00e3es em casa ou em viagens de campo.<\/p><h3>\u00c1rea de Cerca Inteligente<\/h3><p>Este sistema de cerca el\u00e9trica para animais de estima\u00e7\u00e3o \u00e9 confi\u00e1vel e seguro para treinamento de animais de estima\u00e7\u00e3o. Ele eliminou completamente o problema da fia\u00e7\u00e3o e \u00e9 muito conveniente estabelecer uma \u00e1rea segura para atividades de animais de estima\u00e7\u00e3o. Com 100 n\u00edveis de intensidade de sinal do transmissor para ajustar o alcance do controle remoto. Seu alcance de controle remoto \u00e9 uma \u00e1rea circular com raio de 82-1620 p\u00e9s e a cobertura \u00e9 de at\u00e9 78 hectares. Neste grande espa\u00e7o, seu c\u00e3o pode ir a qualquer lugar livremente e com seguran\u00e7a.<\/p><h3>colar receptor recarreg\u00e1vel<\/h3><p>A coleira receptora sem fio \u00e9 equipada com bateria dur\u00e1vel de alta capacidade que \u00e9 recarreg\u00e1vel e \u00e9 feita de material \u00e0 prova d&#039;\u00e1gua IP67, o que significa que seu c\u00e3o pode se molhar na grama, mexer com o aspersor ou brincar na chuva com este sistema de cerca el\u00e9trica para c\u00e3es . Com al\u00e7a de TPU ajust\u00e1vel, a coleira receptora suporta a maioria dos tamanhos de c\u00e3es (10-110 libras, pesco\u00e7o: 8-28 polegadas)<\/p><h3>Como funciona:<\/h3><p>O sistema iniciar\u00e1 automaticamente enquanto seu c\u00e3o estiver correndo al\u00e9m da faixa de controle de configura\u00e7\u00e3o, o receptor come\u00e7ar\u00e1 a funcionar emitindo sons de aviso a cada 2 segundos. Inicie o choque est\u00e1tico em n\u00edvel baixo ap\u00f3s o terceiro som de advert\u00eancia e aumente a intensidade do choque est\u00e1tico gradualmente. Se seus c\u00e3es continuarem fora da \u00e1rea especificada, o receptor desistir\u00e1 de trabalhar ap\u00f3s o terceiro ciclo para evitar que seu c\u00e3o receba puni\u00e7\u00f5es excessivas.<\/p><h3>Design cuidadoso e compra confiante<\/h3><p>O receptor opera a uma voltagem de 3,7 V e emite<br>\neletricidade, n\u00e3o vai prejudicar o c\u00e3o e seu cabelo. O design sem fio do produto pode lidar com todos os tipos de terreno. E um transmissor pode suportar v\u00e1rios receptores trabalhando simultaneamente. Entre em contato conosco livremente se precisar de mais assist\u00eancia.<\/p><p>Este \u00e9 um sistema de veda\u00e7\u00e3o para c\u00e3es confi\u00e1vel e seguro. Ele fornece conex\u00e3o WiFi em vez de conex\u00e3o com fio, o que torna a instala\u00e7\u00e3o muito mais f\u00e1cil do que antes. Transmissor como o centro, fornece o alcance de at\u00e9 500 metros. Quando seu c\u00e3o se aproxima do limite al\u00e9m do alcance de configura\u00e7\u00e3o, a coleira receptora sob o pesco\u00e7o do c\u00e3o enviar\u00e1 um bipe de aviso primeiro. Se o seu c\u00e3o continuar correndo para o limite, o receptor emitir\u00e1 um choque com intensidade gradualmente mais forte at\u00e9 que seu c\u00e3o retorne \u00e0 \u00e1rea do animal de estima\u00e7\u00e3o.<\/p><h2>Caracter\u00edsticas do artigo:<\/h2><p>a, Use para estabelecer uma zona segura de at\u00e9 500 metros de raio\/78 hectares para manter animais de estima\u00e7\u00e3o livremente contidos mesmo na chuva.<\/p><p>b, configura\u00e7\u00e3o f\u00e1cil por meio de emparelhamento sem fio, n\u00e3o \u00e9 mais necess\u00e1rio cavar e enterrar fios.<\/p><p>c, ajuste de n\u00edvel de sinal de transmiss\u00e3o de um bot\u00e3o de 1-100 para personalizar a cobertura da \u00e1rea.<\/p><p>d, display digital claro mostra o n\u00edvel de sinal de transmiss\u00e3o atual. Suporta controlar v\u00e1rios c\u00e3es simultaneamente com um transmissor.<\/p><p>e, Adequado para todos os tipos de c\u00e3es, pequenos, m\u00e9dios e grandes com pesco\u00e7o de at\u00e9 26?.<\/p><p>f, Cada receptor vem com 2 conjuntos de sondas de contato de extens\u00e3o de metal para c\u00e3es com p\u00ealo curto ou longo.<\/p><h2>Especifica\u00e7\u00f5es:<\/h2><p><strong>-Materiais:<\/strong><br>\nPl\u00e1stico ABS (transmissor, receptor), TPU (cinto)<\/p><p><strong>-Adaptador de energia:<\/strong><br>\nAC 110-240V<\/p><p><strong>-N\u00edvel de sinal ajust\u00e1vel:<\/strong><br>\n1-100<\/p><p><strong>-Faixa de controle remoto<\/strong><br>\n: raio de at\u00e9 500 metros<\/p><p>Circunfer\u00eancia do pesco\u00e7o do animal de estima\u00e7\u00e3o compat\u00edvel<br>\n: 6 \u201c- 26\u201d<\/p><p><strong>-Grau de acoplamento \u00e0 prova d&#039;\u00e1gua:<\/strong><br>\nIP67<\/p><p><strong>-Receptor embutido na bateria<\/strong><br>\n: 300mAh<br>\n(O transmissor sem fio n\u00e3o cont\u00e9m bateria e precisa ser conectado \u00e0 fonte de alimenta\u00e7\u00e3o!)<\/p><p><strong>-Tamanho do cinto:<\/strong><br>\n30&quot; x 0,7 \/ 75,5 x 1,9 (C x L)<\/p><p><strong>-Tamanho do transmissor:<\/strong><br>\n5,5 \u201cx 3,3\u201d x 1,3 \u201c\/ 14 x 8,5 x 3,2cm (C x L x A)<\/p><p>-Peso do transmissor:<br>\n82G \/ 0,18 lb<\/p><p>-Tamanho do receptor:<br>\n2,7 \u201cx 1,5\u201d x 1,3 \u201c\/ 7 x 4 x 3,2 cm (C x L x A)<\/p><p>-Peso do receptor:<br>\n55 g \/ 0,12 libras<\/p><p>Fun\u00e7\u00e3o:<\/p><p>1. Inicie o sistema O sistema iniciar\u00e1 enquanto seu c\u00e3o estiver correndo al\u00e9m da dist\u00e2ncia definida, a coleira receptora no pesco\u00e7o de seu c\u00e3o emitir\u00e1 um sinal de alerta por sons \u201cBi-Bi\u201d e choque est\u00e1tico, de modo a lembrar ou impedir que seu cachorro seguindo em frente.<\/p><p>2. Modo de trabalho No status de trabalho, o LED vermelho piscar\u00e1 a cada 2 segundos. Se o receptor estiver fora do intervalo de configura\u00e7\u00e3o de<br>\ntransmissor soar\u00e1 &#039;Bi-Bi 3 vezes primeiro e, em seguida, iniciar\u00e1 o choque est\u00e1tico e aumentar\u00e1 a intensidade de n\u00edvel para n\u00edvel 4.<\/p><p>3. Modo de espera Ele entrar\u00e1 automaticamente no modo de espera e economia de energia, quando o receptor estiver em espera e n\u00e3o se mover por mais de um minuto. Assim que o receptor estiver em movimento, ele ser\u00e1 ativado imediatamente.<\/p><p>&nbsp;<\/p><p><strong>Por favor, leia o manual cuidadosamente antes de usar.<\/strong><\/p><p>Este produto pode ser usado em ambientes internos, mas n\u00e3o recomendamos que voc\u00ea fa\u00e7a isso, pois h\u00e1 muitos fatores de interfer\u00eancia em ambientes internos.<\/p><p>Se o seu c\u00e3o voltou para a \u00e1rea de seguran\u00e7a, mas o bipe ainda est\u00e1 funcionando, basta aumentar o n\u00edvel do sinal e o bipe parar\u00e1 de funcionar.<\/p><p>Voc\u00ea deve colocar o transmissor alto e aberto o suficiente para garantir que n\u00e3o haja barreira entre o transmissor e o receptor.<\/p><p>Configure o n\u00edvel de pot\u00eancia do sinal do transmissor corretamente seguindo a tabela abaixo.<\/p><table class=\"table table-bordered border=\">\n<tbody>\n<tr>\n<td>\n<p align=\"center\"><strong><span style=\"color: #ff0000\">N\u00edvel do Sinal do Transmissor<\/span><\/strong><\/p>\n<\/td>\n<td>\n<p align=\"center\"><strong><span style=\"color: #ff0000\">Dist\u00e2ncia de controle remoto<\/span><\/strong><\/p>\n<\/td>\n<\/tr>\n<tr>\n<td>\n<p align=\"center\">10<\/p>\n<\/td>\n<td>\n<p align=\"center\">25 metros<\/p>\n<\/td>\n<\/tr>\n<tr>\n<td>\n<p align=\"center\">20<\/p>\n<\/td>\n<td>\n<p align=\"center\">50 metros<\/p>\n<\/td>\n<\/tr>\n<tr>\n<td>\n<p align=\"center\">30<\/p>\n<\/td>\n<td>\n<p align=\"center\">65 metros<\/p>\n<\/td>\n<\/tr>\n<tr>\n<td>\n<p align=\"center\">40<\/p>\n<\/td>\n<td>\n<p align=\"center\">80 metros<\/p>\n<\/td>\n<\/tr>\n<tr>\n<td>\n<p align=\"center\">50<\/p>\n<\/td>\n<td>\n<p align=\"center\">95 metros<\/p>\n<\/td>\n<\/tr>\n<tr>\n<td>\n<p align=\"center\">60<\/p>\n<\/td>\n<td>\n<p align=\"center\">115 metros<\/p>\n<\/td>\n<\/tr>\n<tr>\n<td>\n<p align=\"center\">70<\/p>\n<\/td>\n<td>\n<p align=\"center\">140 metros<\/p>\n<\/td>\n<\/tr>\n<tr>\n<td colspan=\"1\" rowspan=\"1\">\n<p align=\"center\">80<\/p>\n<\/td>\n<td colspan=\"1\" rowspan=\"1\">\n<p align=\"center\">170 metros<\/p>\n<\/td>\n<\/tr>\n<tr>\n<td>\n<p align=\"center\">90<\/p>\n<\/td>\n<td>\n<p align=\"center\">230 metros<\/p>\n<\/td>\n<\/tr>\n<tr>\n<td>\n<p align=\"center\">100<\/p>\n<\/td>\n<td>\n<p align=\"center\">500 metros<\/p>\n<\/td>\n<\/tr>\n<\/tbody>\n<\/table><p>&nbsp;<\/p><p align=\"center\"><img decoding=\"async\" class=\"img-responsive\" src=\"https:\/\/18pet.com\/wp-content\/uploads\/2023\/05\/896807550-1.jpg\"><img decoding=\"async\" class=\"img-responsive\" src=\"https:\/\/18pet.com\/wp-content\/uploads\/2023\/05\/1640572329-1.jpg\"><img decoding=\"async\" class=\"img-responsive\" src=\"https:\/\/18pet.com\/wp-content\/uploads\/2023\/05\/1203119976-1.jpg\"><\/p><p align=\"center\"><img decoding=\"async\" class=\"img-responsive\" src=\"https:\/\/18pet.com\/wp-content\/uploads\/2023\/05\/2114642460-1.jpg\"><\/p><p align=\"center\"><img decoding=\"async\" class=\"img-responsive\" src=\"https:\/\/18pet.com\/wp-content\/uploads\/2023\/05\/1903624130-1.jpg\"><img decoding=\"async\" class=\"img-responsive\" src=\"https:\/\/18pet.com\/wp-content\/uploads\/2023\/05\/1737262198-1.jpg\"><img decoding=\"async\" class=\"img-responsive\" src=\"https:\/\/18pet.com\/wp-content\/uploads\/2023\/05\/1819787230-1.jpg\"><img decoding=\"async\" class=\"img-responsive\" src=\"https:\/\/18pet.com\/wp-content\/uploads\/2023\/05\/297824403-1.jpg\"><img decoding=\"async\" class=\"img-responsive\" src=\"https:\/\/18pet.com\/wp-content\/uploads\/2023\/05\/362026525-1.jpg\"><img decoding=\"async\" class=\"img-responsive\" src=\"https:\/\/18pet.com\/wp-content\/uploads\/2023\/05\/1651698639-1.jpg\"><\/p><p>&nbsp;<\/p><p align=\"center\"><img decoding=\"async\" class=\"img-responsive\" src=\"https:\/\/18pet.com\/wp-content\/uploads\/2023\/05\/1397304240-1.jpg\"><img decoding=\"async\" class=\"img-responsive\" src=\"https:\/\/18pet.com\/wp-content\/uploads\/2023\/05\/2095485627-1.jpg\"><img decoding=\"async\" class=\"img-responsive\" src=\"https:\/\/18pet.com\/wp-content\/uploads\/2023\/05\/106715444-1.jpg\"><img decoding=\"async\" class=\"img-responsive\" src=\"https:\/\/18pet.com\/wp-content\/uploads\/2023\/05\/1129078714-1.jpg\"><img decoding=\"async\" class=\"img-responsive\" src=\"https:\/\/18pet.com\/wp-content\/uploads\/2023\/05\/973178032-1.jpg\"><\/p><p align=\"center\">\n<\/p><\/div>","protected":false},"excerpt":{"rendered":"<h3><span style=\"color: #ff0000\">Aviso:<\/span><p>1. Um transmissor pode ser equipado com coleiras ilimitadas.<br>\n2. O transmissor est\u00e1 conectado \u00e0 fonte de alimenta\u00e7\u00e3o para opera\u00e7\u00e3o. Selecione o adaptador adequado.<br>\n3. Carregar o colar leva aproximadamente 4 horas. Totalmente carregado, pode funcionar por 2 a 3 dias.<br>\n4. Sugira a compra de uma ou duas coleiras individuais, conforme necess\u00e1rio. Quando outras coleiras de cachorro est\u00e3o funcionando, elas podem ser carregadas.<\/p><\/h3>","protected":false},"featured_media":3660,"comment_status":"open","ping_status":"closed","template":"","meta":[],"product_brand":[],"product_cat":[112,106,99],"product_tag":[244,265,324],"class_list":{"0":"post-3659","1":"product","2":"type-product","3":"status-publish","4":"has-post-thumbnail","6":"product_cat-collars","7":"product_cat-other-dog-training-aids","8":"product_cat-training-collars","9":"product_tag-dog","10":"product_tag-dog-training","11":"product_tag-fence","12":"pa_color-one-single-collar","13":"pa_color-with-1-collar","14":"pa_color-with-2-collars","15":"pa_color-with-3-collars","17":"first","18":"instock","19":"sale","20":"taxable","21":"shipping-taxable","22":"purchasable","23":"product-type-variable"},"yoast_head":"<!-- This site is optimized with the Yoast SEO plugin v25.0 - https:\/\/yoast.com\/wordpress\/plugins\/seo\/ -->\n<title>Wireless Electric Dog Fence &#8212; 18pet.com<\/title>\n<meta name=\"robots\" content=\"index, follow, max-snippet:-1, max-image-preview:large, max-video-preview:-1\" \/>\n<link rel=\"canonical\" href=\"https:\/\/18pet.com\/pt_br\/produto\/1-2-3-wireless-electric-dog-pet-pet-cerca-coleira-sistema-transmissor-impermeavel-100g2280\/\" \/>\n<meta property=\"og:locale\" content=\"pt_BR\" \/>\n<meta property=\"og:type\" content=\"article\" \/>\n<meta property=\"og:title\" content=\"Wireless Electric Dog Fence &#8212; 18pet.com\" \/>\n<meta property=\"og:description\" content=\"Notice: 1. A transmitter can be equipped with unlimited dog collars. 2. The transmitter is connected to the power supply for operation.\u00a0 Please select the suitable adapter. 3. Charging the collar takes approximately 4 hours. Fully charged, it can work for 2 to 3 days. 4. Suggest purchasing one or two single dog collars as needed.\u00a0 When other dog collars are working,\u00a0 they can be charged.\" \/>\n<meta property=\"og:url\" content=\"https:\/\/18pet.com\/pt_br\/produto\/1-2-3-wireless-electric-dog-pet-pet-cerca-coleira-sistema-transmissor-impermeavel-100g2280\/\" \/>\n<meta property=\"og:site_name\" content=\"18pet.com\" \/>\n<meta property=\"article:modified_time\" content=\"2025-03-23T12:26:55+00:00\" \/>\n<meta property=\"og:image\" content=\"https:\/\/18pet.com\/wp-content\/uploads\/2023\/05\/593529546-1.jpg\" \/>\n\t<meta property=\"og:image:width\" content=\"1000\" \/>\n\t<meta property=\"og:image:height\" content=\"1000\" \/>\n\t<meta property=\"og:image:type\" content=\"image\/jpeg\" \/>\n<meta name=\"twitter:card\" content=\"summary_large_image\" \/>\n<meta name=\"twitter:label1\" content=\"Est. tempo de leitura\" \/>\n\t<meta name=\"twitter:data1\" content=\"4 minutos\" \/>\n<script type=\"application\/ld+json\" class=\"yoast-schema-graph\">{\"@context\":\"https:\/\/schema.org\",\"@graph\":[{\"@type\":\"WebPage\",\"@id\":\"https:\/\/18pet.com\/product\/1-2-3-wireless-electric-dog-pet-fence-shock-collar-system-waterproof-transmitter-100g2280\/\",\"url\":\"https:\/\/18pet.com\/product\/1-2-3-wireless-electric-dog-pet-fence-shock-collar-system-waterproof-transmitter-100g2280\/\",\"name\":\"Wireless Electric Dog Fence &#8212; 18pet.com\",\"isPartOf\":{\"@id\":\"https:\/\/18pet.com\/id\/#website\"},\"primaryImageOfPage\":{\"@id\":\"https:\/\/18pet.com\/product\/1-2-3-wireless-electric-dog-pet-fence-shock-collar-system-waterproof-transmitter-100g2280\/#primaryimage\"},\"image\":{\"@id\":\"https:\/\/18pet.com\/product\/1-2-3-wireless-electric-dog-pet-fence-shock-collar-system-waterproof-transmitter-100g2280\/#primaryimage\"},\"thumbnailUrl\":\"https:\/\/18pet.com\/wp-content\/uploads\/2023\/05\/593529546-1.jpg\",\"datePublished\":\"2022-05-05T03:15:02+00:00\",\"dateModified\":\"2025-03-23T12:26:55+00:00\",\"breadcrumb\":{\"@id\":\"https:\/\/18pet.com\/product\/1-2-3-wireless-electric-dog-pet-fence-shock-collar-system-waterproof-transmitter-100g2280\/#breadcrumb\"},\"inLanguage\":\"pt-BR\",\"potentialAction\":[{\"@type\":\"ReadAction\",\"target\":[\"https:\/\/18pet.com\/product\/1-2-3-wireless-electric-dog-pet-fence-shock-collar-system-waterproof-transmitter-100g2280\/\"]}]},{\"@type\":\"ImageObject\",\"inLanguage\":\"pt-BR\",\"@id\":\"https:\/\/18pet.com\/product\/1-2-3-wireless-electric-dog-pet-fence-shock-collar-system-waterproof-transmitter-100g2280\/#primaryimage\",\"url\":\"https:\/\/18pet.com\/wp-content\/uploads\/2023\/05\/593529546-1.jpg\",\"contentUrl\":\"https:\/\/18pet.com\/wp-content\/uploads\/2023\/05\/593529546-1.jpg\",\"width\":1000,\"height\":1000,\"caption\":\"1\/2\/3 Wireless Electric Dog Pet Fence Shock Collar System Waterproof Transmitter 100g2280 1\"},{\"@type\":\"BreadcrumbList\",\"@id\":\"https:\/\/18pet.com\/product\/1-2-3-wireless-electric-dog-pet-fence-shock-collar-system-waterproof-transmitter-100g2280\/#breadcrumb\",\"itemListElement\":[{\"@type\":\"ListItem\",\"position\":1,\"name\":\"Home\",\"item\":\"https:\/\/18pet.com\/\"},{\"@type\":\"ListItem\",\"position\":2,\"name\":\"Products\",\"item\":\"https:\/\/18pet.com\/tr\/products\/\"},{\"@type\":\"ListItem\",\"position\":3,\"name\":\"Wireless Electric Dog Fence\"}]},{\"@type\":\"WebSite\",\"@id\":\"https:\/\/18pet.com\/id\/#website\",\"url\":\"https:\/\/18pet.com\/id\/\",\"name\":\"18pet.com\",\"description\":\"Your pet supplies center\",\"publisher\":{\"@id\":\"https:\/\/18pet.com\/id\/#organization\"},\"potentialAction\":[{\"@type\":\"SearchAction\",\"target\":{\"@type\":\"EntryPoint\",\"urlTemplate\":\"https:\/\/18pet.com\/id\/?s={search_term_string}\"},\"query-input\":{\"@type\":\"PropertyValueSpecification\",\"valueRequired\":true,\"valueName\":\"search_term_string\"}}],\"inLanguage\":\"pt-BR\"},{\"@type\":\"Organization\",\"@id\":\"https:\/\/18pet.com\/id\/#organization\",\"name\":\"18pet.com\",\"url\":\"https:\/\/18pet.com\/id\/\",\"logo\":{\"@type\":\"ImageObject\",\"inLanguage\":\"pt-BR\",\"@id\":\"https:\/\/18pet.com\/id\/#\/schema\/logo\/image\/\",\"url\":\"https:\/\/18pet.com\/wp-content\/uploads\/2023\/04\/18pet-white-background.png\",\"contentUrl\":\"https:\/\/18pet.com\/wp-content\/uploads\/2023\/04\/18pet-white-background.png\",\"width\":515,\"height\":167,\"caption\":\"18pet.com\"},\"image\":{\"@id\":\"https:\/\/18pet.com\/id\/#\/schema\/logo\/image\/\"}}]}<\/script>\n<!-- \/ Yoast SEO plugin. -->","yoast_head_json":{"title":"Wireless Electric Dog Fence &#8212; 18pet.com","robots":{"index":"index","follow":"follow","max-snippet":"max-snippet:-1","max-image-preview":"max-image-preview:large","max-video-preview":"max-video-preview:-1"},"canonical":"https:\/\/18pet.com\/pt_br\/produto\/1-2-3-wireless-electric-dog-pet-pet-cerca-coleira-sistema-transmissor-impermeavel-100g2280\/","og_locale":"pt_BR","og_type":"article","og_title":"Wireless Electric Dog Fence &#8212; 18pet.com","og_description":"Notice: 1. A transmitter can be equipped with unlimited dog collars. 2. The transmitter is connected to the power supply for operation.\u00a0 Please select the suitable adapter. 3. Charging the collar takes approximately 4 hours. Fully charged, it can work for 2 to 3 days. 4. Suggest purchasing one or two single dog collars as needed.\u00a0 When other dog collars are working,\u00a0 they can be charged.","og_url":"https:\/\/18pet.com\/pt_br\/produto\/1-2-3-wireless-electric-dog-pet-pet-cerca-coleira-sistema-transmissor-impermeavel-100g2280\/","og_site_name":"18pet.com","article_modified_time":"2025-03-23T12:26:55+00:00","og_image":[{"width":1000,"height":1000,"url":"https:\/\/18pet.com\/wp-content\/uploads\/2023\/05\/593529546-1.jpg","type":"image\/jpeg"}],"twitter_card":"summary_large_image","twitter_misc":{"Est. tempo de leitura":"4 minutos"},"schema":{"@context":"https:\/\/schema.org","@graph":[{"@type":"WebPage","@id":"https:\/\/18pet.com\/product\/1-2-3-wireless-electric-dog-pet-fence-shock-collar-system-waterproof-transmitter-100g2280\/","url":"https:\/\/18pet.com\/product\/1-2-3-wireless-electric-dog-pet-fence-shock-collar-system-waterproof-transmitter-100g2280\/","name":"Wireless Electric Dog Fence &#8212; 18pet.com","isPartOf":{"@id":"https:\/\/18pet.com\/id\/#website"},"primaryImageOfPage":{"@id":"https:\/\/18pet.com\/product\/1-2-3-wireless-electric-dog-pet-fence-shock-collar-system-waterproof-transmitter-100g2280\/#primaryimage"},"image":{"@id":"https:\/\/18pet.com\/product\/1-2-3-wireless-electric-dog-pet-fence-shock-collar-system-waterproof-transmitter-100g2280\/#primaryimage"},"thumbnailUrl":"https:\/\/18pet.com\/wp-content\/uploads\/2023\/05\/593529546-1.jpg","datePublished":"2022-05-05T03:15:02+00:00","dateModified":"2025-03-23T12:26:55+00:00","breadcrumb":{"@id":"https:\/\/18pet.com\/product\/1-2-3-wireless-electric-dog-pet-fence-shock-collar-system-waterproof-transmitter-100g2280\/#breadcrumb"},"inLanguage":"pt-BR","potentialAction":[{"@type":"ReadAction","target":["https:\/\/18pet.com\/product\/1-2-3-wireless-electric-dog-pet-fence-shock-collar-system-waterproof-transmitter-100g2280\/"]}]},{"@type":"ImageObject","inLanguage":"pt-BR","@id":"https:\/\/18pet.com\/product\/1-2-3-wireless-electric-dog-pet-fence-shock-collar-system-waterproof-transmitter-100g2280\/#primaryimage","url":"https:\/\/18pet.com\/wp-content\/uploads\/2023\/05\/593529546-1.jpg","contentUrl":"https:\/\/18pet.com\/wp-content\/uploads\/2023\/05\/593529546-1.jpg","width":1000,"height":1000,"caption":"1\/2\/3 Wireless Electric Dog Pet Fence Shock Collar System Waterproof Transmitter 100g2280 1"},{"@type":"BreadcrumbList","@id":"https:\/\/18pet.com\/product\/1-2-3-wireless-electric-dog-pet-fence-shock-collar-system-waterproof-transmitter-100g2280\/#breadcrumb","itemListElement":[{"@type":"ListItem","position":1,"name":"Home","item":"https:\/\/18pet.com\/"},{"@type":"ListItem","position":2,"name":"Products","item":"https:\/\/18pet.com\/tr\/products\/"},{"@type":"ListItem","position":3,"name":"Wireless Electric Dog Fence"}]},{"@type":"WebSite","@id":"https:\/\/18pet.com\/id\/#website","url":"https:\/\/18pet.com\/id\/","name":"18pet.com","description":"Your pet supplies center","publisher":{"@id":"https:\/\/18pet.com\/id\/#organization"},"potentialAction":[{"@type":"SearchAction","target":{"@type":"EntryPoint","urlTemplate":"https:\/\/18pet.com\/id\/?s={search_term_string}"},"query-input":{"@type":"PropertyValueSpecification","valueRequired":true,"valueName":"search_term_string"}}],"inLanguage":"pt-BR"},{"@type":"Organization","@id":"https:\/\/18pet.com\/id\/#organization","name":"18pet.com","url":"https:\/\/18pet.com\/id\/","logo":{"@type":"ImageObject","inLanguage":"pt-BR","@id":"https:\/\/18pet.com\/id\/#\/schema\/logo\/image\/","url":"https:\/\/18pet.com\/wp-content\/uploads\/2023\/04\/18pet-white-background.png","contentUrl":"https:\/\/18pet.com\/wp-content\/uploads\/2023\/04\/18pet-white-background.png","width":515,"height":167,"caption":"18pet.com"},"image":{"@id":"https:\/\/18pet.com\/id\/#\/schema\/logo\/image\/"}}]}},"jetpack_sharing_enabled":true,"_links":{"self":[{"href":"https:\/\/18pet.com\/pt_br\/wp-json\/wp\/v2\/product\/3659","targetHints":{"allow":["GET"]}}],"collection":[{"href":"https:\/\/18pet.com\/pt_br\/wp-json\/wp\/v2\/product"}],"about":[{"href":"https:\/\/18pet.com\/pt_br\/wp-json\/wp\/v2\/types\/product"}],"replies":[{"embeddable":true,"href":"https:\/\/18pet.com\/pt_br\/wp-json\/wp\/v2\/comments?post=3659"}],"wp:featuredmedia":[{"embeddable":true,"href":"https:\/\/18pet.com\/pt_br\/wp-json\/wp\/v2\/media\/3660"}],"wp:attachment":[{"href":"https:\/\/18pet.com\/pt_br\/wp-json\/wp\/v2\/media?parent=3659"}],"wp:term":[{"taxonomy":"product_brand","embeddable":true,"href":"https:\/\/18pet.com\/pt_br\/wp-json\/wp\/v2\/product_brand?post=3659"},{"taxonomy":"product_cat","embeddable":true,"href":"https:\/\/18pet.com\/pt_br\/wp-json\/wp\/v2\/product_cat?post=3659"},{"taxonomy":"product_tag","embeddable":true,"href":"https:\/\/18pet.com\/pt_br\/wp-json\/wp\/v2\/product_tag?post=3659"}],"curies":[{"name":"wp","href":"https:\/\/api.w.org\/{rel}","templated":true}]}}