{"id":3632,"date":"2022-05-04T07:32:50","date_gmt":"2022-05-04T07:32:50","guid":{"rendered":"https:\/\/18pet.com\/?post_type=product&#038;p=3632"},"modified":"2025-03-23T14:00:27","modified_gmt":"2025-03-23T14:00:27","slug":"durable-training-nylon-tactical-dog-leash-with-reflective-streak-and-car-seat-belt-buckle","status":"publish","type":"product","link":"https:\/\/18pet.com\/pt_br\/produto\/coleira-tatica-de-treino-resistente-de-nailon-com-estria-refletiva-e-cinto-de-carro-fivela\/","title":{"rendered":"<p>Coleira t\u00e1tica de nylon dur\u00e1vel para treinamento de c\u00e3es com faixa refletiva e fivela para cinto de seguran\u00e7a de carro<\/p>"},"content":{"rendered":"<div>\n<div style=\"width: 480px;\" class=\"wp-video\"><video class=\"wp-video-shortcode\" id=\"video-3632-1\" width=\"480\" height=\"480\" preload=\"metadata\" controls=\"controls\"><source type=\"video\/mp4\" src=\"https:\/\/18pet.com\/wp-content\/uploads\/2023\/05\/Dog-tactical-training-leash-with-reflex-streak.mp4?_=1\"><\/source><a href=\"https:\/\/18pet.com\/wp-content\/uploads\/2023\/05\/Dog-tactical-training-leash-with-reflex-streak.mp4\">https:\/\/18pet.com\/wp-content\/uploads\/2023\/05\/Dog-tactical-training-leash-with-reflex-streak.mp4<\/a><\/video><\/div>\n<h3>Clipe de sapo de libera\u00e7\u00e3o r\u00e1pida, design girat\u00f3rio.<\/h3><p style=\"font-family: 'Open Sans', Roboto, Arial, Helvetica, sans-serif, SimSun;font-size: 14px;font-weight: 400;letter-spacing: normal;line-height: inherit;text-align: start;color: #222222;background-color: #ffffff;margin: 0px;padding: 0px\" align=\"start\">1. O clipe de sapo girat\u00f3rio de 360 \u00b0 \u00e9 feito de alum\u00ednio de avia\u00e7\u00e3o, pode suportar at\u00e9 400 libras.<\/p><p style=\"font-family: 'Open Sans', Roboto, Arial, Helvetica, sans-serif, SimSun;font-size: 14px;font-weight: 400;letter-spacing: normal;line-height: inherit;text-align: start;color: #222222;background-color: #ffffff;margin: 0px;padding: 0px\" align=\"start\">2. Libera\u00e7\u00e3o r\u00e1pida e fivela de coleira de travamento enquanto segura firme sob tra\u00e7\u00e3o forte. 360 \u00b0 rotativo para evitar que a coleira do c\u00e3o tor\u00e7a e d\u00ea n\u00f3s.<\/p><p style=\"font-family: 'Open Sans', Roboto, Arial, Helvetica, sans-serif, SimSun;font-size: 14px;font-weight: 400;letter-spacing: normal;line-height: inherit;text-align: start;color: #222222;background-color: #ffffff;margin: 0px;padding: 0px\" align=\"start\"><img decoding=\"async\" class=\"img-responsive\" src=\"https:\/\/18pet.com\/wp-content\/uploads\/2023\/05\/1360607746-1.jpg\"><\/p><h3>Trela El\u00e1stica Bungee. Boa elasticidade para evitar que tens\u00f5es repentinas causem les\u00f5es no c\u00e3o:<\/h3><p style=\"font-family: 'Open Sans', Roboto, Arial, Helvetica, sans-serif, SimSun;font-size: 14px;font-weight: 400;letter-spacing: normal;line-height: inherit;text-align: start;color: #222222;background-color: #ffffff;margin: 0px;padding: 0px\" align=\"start\">Esta coleira para animais de estima\u00e7\u00e3o \u00e0 prova de mastiga\u00e7\u00e3o sem puxar \u00e9 projetada com tecnologia el\u00e1stica de absor\u00e7\u00e3o de choque zero, pode ser esticada por mais 2 p\u00e9s. Dissipe a maior parte da for\u00e7a e proteja o cachorro que corre repentinamente.<\/p><p style=\"font-family: 'Open Sans', Roboto, Arial, Helvetica, sans-serif, SimSun;font-size: 14px;font-weight: 400;letter-spacing: normal;line-height: inherit;text-align: start;color: #222222;background-color: #ffffff;margin: 0px;padding: 0px\" align=\"start\">El\u00e1stico absorvente de choque 6-6FT: Minimize o risco de ferimentos para propriet\u00e1rios e animais de estima\u00e7\u00e3o<\/p><p style=\"font-family: 'Open Sans', Roboto, Arial, Helvetica, sans-serif, SimSun;font-size: 14px;font-weight: 400;letter-spacing: normal;line-height: inherit;text-align: start;color: #222222;background-color: #ffffff;margin: 0px;padding: 0px\" align=\"start\">Largura: 2,5 cm\/0,98 polegadas<\/p><p style=\"font-family: 'Open Sans', Roboto, Arial, Helvetica, sans-serif, SimSun;font-size: 14px;font-weight: 400;letter-spacing: normal;line-height: inherit;text-align: start;color: #222222;background-color: #ffffff;margin: 0px;padding: 0px\" align=\"start\">Comprimento m\u00ednimo: 135 cm\/53,1 polegadas<\/p><p style=\"font-family: 'Open Sans', Roboto, Arial, Helvetica, sans-serif, SimSun;font-size: 14px;font-weight: 400;letter-spacing: normal;line-height: inherit;text-align: start;color: #222222;background-color: #ffffff;margin: 0px;padding: 0px\" align=\"start\">Comprimento m\u00e1ximo do estiramento: 190 cm\/74,8 polegadas<img decoding=\"async\" class=\"img-responsive\" src=\"https:\/\/18pet.com\/wp-content\/uploads\/2023\/05\/1672407864-1.jpg\">COLEIRA MULTIUSO K9<\/p><p style=\"font-family: 'Open Sans', Roboto, Arial, Helvetica, sans-serif, SimSun;font-size: 14px;font-weight: 400;letter-spacing: normal;line-height: inherit;text-align: start;color: #222222;background-color: #ffffff;margin: 0px;padding: 0px\" align=\"start\">1. Al\u00e7as duplas confort\u00e1veis para controle total: a al\u00e7a acolchoada f\u00e1cil de caminhar + al\u00e7a de controle de tr\u00e1fego<\/p><p style=\"font-family: 'Open Sans', Roboto, Arial, Helvetica, sans-serif, SimSun;font-size: 14px;font-weight: 400;letter-spacing: normal;line-height: inherit;text-align: start;color: #222222;background-color: #ffffff;margin: 0px;padding: 0px\" align=\"start\">2. Coleira altamente reflexiva para c\u00e3es: Tr\u00eas fios altamente reflexivos adicionados a toda a coleira el\u00e1stica para garantir a seguran\u00e7a de voc\u00ea e de seu c\u00e3o \u00e0 noite.<\/p><p style=\"font-family: 'Open Sans', Roboto, Arial, Helvetica, sans-serif, SimSun;font-size: 14px;font-weight: 400;letter-spacing: normal;line-height: inherit;text-align: start;color: #222222;background-color: #ffffff;margin: 0px;padding: 0px\" align=\"start\">3. Fivela do cinto de seguran\u00e7a do carro para manter a seguran\u00e7a do seu c\u00e3o enquanto voc\u00ea dirige.<img decoding=\"async\" class=\"img-responsive\" src=\"https:\/\/18pet.com\/wp-content\/uploads\/2023\/05\/288665265-1.jpg\"><img decoding=\"async\" class=\"img-responsive\" src=\"https:\/\/18pet.com\/wp-content\/uploads\/2023\/05\/1077054985-1.jpg\"><img decoding=\"async\" class=\"img-responsive\" src=\"https:\/\/18pet.com\/wp-content\/uploads\/2023\/05\/1711169300-1.jpg\"><img decoding=\"async\" class=\"img-responsive\" src=\"https:\/\/18pet.com\/wp-content\/uploads\/2023\/05\/1937713218-1.jpg\"><img decoding=\"async\" class=\"img-responsive\" src=\"https:\/\/18pet.com\/wp-content\/uploads\/2023\/05\/848348647-1.jpg\"><img decoding=\"async\" class=\"img-responsive\" src=\"https:\/\/18pet.com\/wp-content\/uploads\/2023\/05\/1605632468-1.jpg\"><\/p><\/div>","protected":false},"excerpt":{"rendered":"<h3><span style=\"color: #ff0000\">Recurso:<\/span><p>1. Libera\u00e7\u00e3o r\u00e1pida e dispositivo de bloqueio para evitar o desprendimento.<br>\n2. Equipado com uma fivela de cinto de seguran\u00e7a do carro.<br>\n3. Existem faixas reflexivas.<br>\n4. Material el\u00e1stico para evitar aperto repentino e les\u00f5es no c\u00e3o.<\/p><\/h3>","protected":false},"featured_media":3633,"comment_status":"open","ping_status":"closed","template":"","meta":[],"product_brand":[],"product_cat":[114,104],"product_tag":[244,265,319],"class_list":{"0":"post-3632","1":"product","2":"type-product","3":"status-publish","4":"has-post-thumbnail","6":"product_cat-leashes","7":"product_cat-training-leashes","8":"product_tag-dog","9":"product_tag-dog-training","10":"product_tag-tactical-dog-leash","11":"pa_color-black","12":"pa_color-green","13":"pa_color-khaki","14":"pa_color-orange","15":"pa_color-purple","16":"pa_ships-from-china","18":"first","19":"instock","20":"sale","21":"taxable","22":"shipping-taxable","23":"purchasable","24":"product-type-variable"},"yoast_head":"<!-- This site is optimized with the Yoast SEO plugin v25.0 - https:\/\/yoast.com\/wordpress\/plugins\/seo\/ -->\n<title>Durable Training Nylon Tactical Dog Leash With Reflective Streak And Car Seat Belt Buckle &#8212; 18pet.com<\/title>\n<meta name=\"robots\" content=\"index, follow, max-snippet:-1, max-image-preview:large, max-video-preview:-1\" \/>\n<link rel=\"canonical\" href=\"https:\/\/18pet.com\/pt_br\/produto\/coleira-tatica-de-treino-resistente-de-nailon-com-estria-refletiva-e-cinto-de-carro-fivela\/\" \/>\n<meta property=\"og:locale\" content=\"pt_BR\" \/>\n<meta property=\"og:type\" content=\"article\" \/>\n<meta property=\"og:title\" content=\"Durable Training Nylon Tactical Dog Leash With Reflective Streak And Car Seat Belt Buckle &#8212; 18pet.com\" \/>\n<meta property=\"og:description\" content=\"Feature: 1. Quick release and locking device to prevent detachment. 2. Equipped with a car safety belt buckle. 3. There are reflective stripes. 4. Elastic material to avoid sudden tightening and dog injury.\" \/>\n<meta property=\"og:url\" content=\"https:\/\/18pet.com\/pt_br\/produto\/coleira-tatica-de-treino-resistente-de-nailon-com-estria-refletiva-e-cinto-de-carro-fivela\/\" \/>\n<meta property=\"og:site_name\" content=\"18pet.com\" \/>\n<meta property=\"article:modified_time\" content=\"2025-03-23T14:00:27+00:00\" \/>\n<meta property=\"og:image\" content=\"https:\/\/18pet.com\/wp-content\/uploads\/2023\/05\/1091687404-1.jpg\" \/>\n\t<meta property=\"og:image:width\" content=\"1000\" \/>\n\t<meta property=\"og:image:height\" content=\"1000\" \/>\n\t<meta property=\"og:image:type\" content=\"image\/jpeg\" \/>\n<meta name=\"twitter:card\" content=\"summary_large_image\" \/>\n<meta name=\"twitter:label1\" content=\"Est. tempo de leitura\" \/>\n\t<meta name=\"twitter:data1\" content=\"1 minuto\" \/>\n<script type=\"application\/ld+json\" class=\"yoast-schema-graph\">{\"@context\":\"https:\/\/schema.org\",\"@graph\":[{\"@type\":\"WebPage\",\"@id\":\"https:\/\/18pet.com\/product\/durable-training-nylon-tactical-dog-leash-with-reflective-streak-and-car-seat-belt-buckle\/\",\"url\":\"https:\/\/18pet.com\/product\/durable-training-nylon-tactical-dog-leash-with-reflective-streak-and-car-seat-belt-buckle\/\",\"name\":\"Durable Training Nylon Tactical Dog Leash With Reflective Streak And Car Seat Belt Buckle &#8212; 18pet.com\",\"isPartOf\":{\"@id\":\"https:\/\/18pet.com\/id\/#website\"},\"primaryImageOfPage\":{\"@id\":\"https:\/\/18pet.com\/product\/durable-training-nylon-tactical-dog-leash-with-reflective-streak-and-car-seat-belt-buckle\/#primaryimage\"},\"image\":{\"@id\":\"https:\/\/18pet.com\/product\/durable-training-nylon-tactical-dog-leash-with-reflective-streak-and-car-seat-belt-buckle\/#primaryimage\"},\"thumbnailUrl\":\"https:\/\/18pet.com\/wp-content\/uploads\/2023\/05\/1091687404-1.jpg\",\"datePublished\":\"2022-05-04T07:32:50+00:00\",\"dateModified\":\"2025-03-23T14:00:27+00:00\",\"breadcrumb\":{\"@id\":\"https:\/\/18pet.com\/product\/durable-training-nylon-tactical-dog-leash-with-reflective-streak-and-car-seat-belt-buckle\/#breadcrumb\"},\"inLanguage\":\"pt-BR\",\"potentialAction\":[{\"@type\":\"ReadAction\",\"target\":[\"https:\/\/18pet.com\/product\/durable-training-nylon-tactical-dog-leash-with-reflective-streak-and-car-seat-belt-buckle\/\"]}]},{\"@type\":\"ImageObject\",\"inLanguage\":\"pt-BR\",\"@id\":\"https:\/\/18pet.com\/product\/durable-training-nylon-tactical-dog-leash-with-reflective-streak-and-car-seat-belt-buckle\/#primaryimage\",\"url\":\"https:\/\/18pet.com\/wp-content\/uploads\/2023\/05\/1091687404-1.jpg\",\"contentUrl\":\"https:\/\/18pet.com\/wp-content\/uploads\/2023\/05\/1091687404-1.jpg\",\"width\":1000,\"height\":1000,\"caption\":\"Durable Training Nylon Tactical Dog Leash With Reflective Streak And Car Seat Belt Buckle 1\"},{\"@type\":\"BreadcrumbList\",\"@id\":\"https:\/\/18pet.com\/product\/durable-training-nylon-tactical-dog-leash-with-reflective-streak-and-car-seat-belt-buckle\/#breadcrumb\",\"itemListElement\":[{\"@type\":\"ListItem\",\"position\":1,\"name\":\"Home\",\"item\":\"https:\/\/18pet.com\/\"},{\"@type\":\"ListItem\",\"position\":2,\"name\":\"Products\",\"item\":\"https:\/\/18pet.com\/tr\/products\/\"},{\"@type\":\"ListItem\",\"position\":3,\"name\":\"Durable Training Nylon Tactical Dog Leash With Reflective Streak And Car Seat Belt Buckle\"}]},{\"@type\":\"WebSite\",\"@id\":\"https:\/\/18pet.com\/id\/#website\",\"url\":\"https:\/\/18pet.com\/id\/\",\"name\":\"18pet.com\",\"description\":\"Your pet supplies center\",\"publisher\":{\"@id\":\"https:\/\/18pet.com\/id\/#organization\"},\"potentialAction\":[{\"@type\":\"SearchAction\",\"target\":{\"@type\":\"EntryPoint\",\"urlTemplate\":\"https:\/\/18pet.com\/id\/?s={search_term_string}\"},\"query-input\":{\"@type\":\"PropertyValueSpecification\",\"valueRequired\":true,\"valueName\":\"search_term_string\"}}],\"inLanguage\":\"pt-BR\"},{\"@type\":\"Organization\",\"@id\":\"https:\/\/18pet.com\/id\/#organization\",\"name\":\"18pet.com\",\"url\":\"https:\/\/18pet.com\/id\/\",\"logo\":{\"@type\":\"ImageObject\",\"inLanguage\":\"pt-BR\",\"@id\":\"https:\/\/18pet.com\/id\/#\/schema\/logo\/image\/\",\"url\":\"https:\/\/18pet.com\/wp-content\/uploads\/2023\/04\/18pet-white-background.png\",\"contentUrl\":\"https:\/\/18pet.com\/wp-content\/uploads\/2023\/04\/18pet-white-background.png\",\"width\":515,\"height\":167,\"caption\":\"18pet.com\"},\"image\":{\"@id\":\"https:\/\/18pet.com\/id\/#\/schema\/logo\/image\/\"}}]}<\/script>\n<!-- \/ Yoast SEO plugin. -->","yoast_head_json":{"title":"Durable Training Nylon Tactical Dog Leash With Reflective Streak And Car Seat Belt Buckle &#8212; 18pet.com","robots":{"index":"index","follow":"follow","max-snippet":"max-snippet:-1","max-image-preview":"max-image-preview:large","max-video-preview":"max-video-preview:-1"},"canonical":"https:\/\/18pet.com\/pt_br\/produto\/coleira-tatica-de-treino-resistente-de-nailon-com-estria-refletiva-e-cinto-de-carro-fivela\/","og_locale":"pt_BR","og_type":"article","og_title":"Durable Training Nylon Tactical Dog Leash With Reflective Streak And Car Seat Belt Buckle &#8212; 18pet.com","og_description":"Feature: 1. Quick release and locking device to prevent detachment. 2. Equipped with a car safety belt buckle. 3. There are reflective stripes. 4. Elastic material to avoid sudden tightening and dog injury.","og_url":"https:\/\/18pet.com\/pt_br\/produto\/coleira-tatica-de-treino-resistente-de-nailon-com-estria-refletiva-e-cinto-de-carro-fivela\/","og_site_name":"18pet.com","article_modified_time":"2025-03-23T14:00:27+00:00","og_image":[{"width":1000,"height":1000,"url":"https:\/\/18pet.com\/wp-content\/uploads\/2023\/05\/1091687404-1.jpg","type":"image\/jpeg"}],"twitter_card":"summary_large_image","twitter_misc":{"Est. tempo de leitura":"1 minuto"},"schema":{"@context":"https:\/\/schema.org","@graph":[{"@type":"WebPage","@id":"https:\/\/18pet.com\/product\/durable-training-nylon-tactical-dog-leash-with-reflective-streak-and-car-seat-belt-buckle\/","url":"https:\/\/18pet.com\/product\/durable-training-nylon-tactical-dog-leash-with-reflective-streak-and-car-seat-belt-buckle\/","name":"Durable Training Nylon Tactical Dog Leash With Reflective Streak And Car Seat Belt Buckle &#8212; 18pet.com","isPartOf":{"@id":"https:\/\/18pet.com\/id\/#website"},"primaryImageOfPage":{"@id":"https:\/\/18pet.com\/product\/durable-training-nylon-tactical-dog-leash-with-reflective-streak-and-car-seat-belt-buckle\/#primaryimage"},"image":{"@id":"https:\/\/18pet.com\/product\/durable-training-nylon-tactical-dog-leash-with-reflective-streak-and-car-seat-belt-buckle\/#primaryimage"},"thumbnailUrl":"https:\/\/18pet.com\/wp-content\/uploads\/2023\/05\/1091687404-1.jpg","datePublished":"2022-05-04T07:32:50+00:00","dateModified":"2025-03-23T14:00:27+00:00","breadcrumb":{"@id":"https:\/\/18pet.com\/product\/durable-training-nylon-tactical-dog-leash-with-reflective-streak-and-car-seat-belt-buckle\/#breadcrumb"},"inLanguage":"pt-BR","potentialAction":[{"@type":"ReadAction","target":["https:\/\/18pet.com\/product\/durable-training-nylon-tactical-dog-leash-with-reflective-streak-and-car-seat-belt-buckle\/"]}]},{"@type":"ImageObject","inLanguage":"pt-BR","@id":"https:\/\/18pet.com\/product\/durable-training-nylon-tactical-dog-leash-with-reflective-streak-and-car-seat-belt-buckle\/#primaryimage","url":"https:\/\/18pet.com\/wp-content\/uploads\/2023\/05\/1091687404-1.jpg","contentUrl":"https:\/\/18pet.com\/wp-content\/uploads\/2023\/05\/1091687404-1.jpg","width":1000,"height":1000,"caption":"Durable Training Nylon Tactical Dog Leash With Reflective Streak And Car Seat Belt Buckle 1"},{"@type":"BreadcrumbList","@id":"https:\/\/18pet.com\/product\/durable-training-nylon-tactical-dog-leash-with-reflective-streak-and-car-seat-belt-buckle\/#breadcrumb","itemListElement":[{"@type":"ListItem","position":1,"name":"Home","item":"https:\/\/18pet.com\/"},{"@type":"ListItem","position":2,"name":"Products","item":"https:\/\/18pet.com\/tr\/products\/"},{"@type":"ListItem","position":3,"name":"Durable Training Nylon Tactical Dog Leash With Reflective Streak And Car Seat Belt Buckle"}]},{"@type":"WebSite","@id":"https:\/\/18pet.com\/id\/#website","url":"https:\/\/18pet.com\/id\/","name":"18pet.com","description":"Your pet supplies center","publisher":{"@id":"https:\/\/18pet.com\/id\/#organization"},"potentialAction":[{"@type":"SearchAction","target":{"@type":"EntryPoint","urlTemplate":"https:\/\/18pet.com\/id\/?s={search_term_string}"},"query-input":{"@type":"PropertyValueSpecification","valueRequired":true,"valueName":"search_term_string"}}],"inLanguage":"pt-BR"},{"@type":"Organization","@id":"https:\/\/18pet.com\/id\/#organization","name":"18pet.com","url":"https:\/\/18pet.com\/id\/","logo":{"@type":"ImageObject","inLanguage":"pt-BR","@id":"https:\/\/18pet.com\/id\/#\/schema\/logo\/image\/","url":"https:\/\/18pet.com\/wp-content\/uploads\/2023\/04\/18pet-white-background.png","contentUrl":"https:\/\/18pet.com\/wp-content\/uploads\/2023\/04\/18pet-white-background.png","width":515,"height":167,"caption":"18pet.com"},"image":{"@id":"https:\/\/18pet.com\/id\/#\/schema\/logo\/image\/"}}]}},"jetpack_sharing_enabled":true,"_links":{"self":[{"href":"https:\/\/18pet.com\/pt_br\/wp-json\/wp\/v2\/product\/3632","targetHints":{"allow":["GET"]}}],"collection":[{"href":"https:\/\/18pet.com\/pt_br\/wp-json\/wp\/v2\/product"}],"about":[{"href":"https:\/\/18pet.com\/pt_br\/wp-json\/wp\/v2\/types\/product"}],"replies":[{"embeddable":true,"href":"https:\/\/18pet.com\/pt_br\/wp-json\/wp\/v2\/comments?post=3632"}],"wp:featuredmedia":[{"embeddable":true,"href":"https:\/\/18pet.com\/pt_br\/wp-json\/wp\/v2\/media\/3633"}],"wp:attachment":[{"href":"https:\/\/18pet.com\/pt_br\/wp-json\/wp\/v2\/media?parent=3632"}],"wp:term":[{"taxonomy":"product_brand","embeddable":true,"href":"https:\/\/18pet.com\/pt_br\/wp-json\/wp\/v2\/product_brand?post=3632"},{"taxonomy":"product_cat","embeddable":true,"href":"https:\/\/18pet.com\/pt_br\/wp-json\/wp\/v2\/product_cat?post=3632"},{"taxonomy":"product_tag","embeddable":true,"href":"https:\/\/18pet.com\/pt_br\/wp-json\/wp\/v2\/product_tag?post=3632"}],"curies":[{"name":"wp","href":"https:\/\/api.w.org\/{rel}","templated":true}]}}