{"id":3598,"date":"2022-05-04T04:39:33","date_gmt":"2022-05-04T04:39:33","guid":{"rendered":"https:\/\/18pet.com\/?post_type=product&#038;p=3598"},"modified":"2025-03-23T12:58:32","modified_gmt":"2025-03-23T12:58:32","slug":"army-tactical-dog-training-leash-nylon-bungee-leashes-pet-military-lead-belt","status":"publish","type":"product","link":"https:\/\/18pet.com\/pt_br\/produto\/exercito-tatico-treino-cao-coleira-nylon-bungee-trelas-pet-militar-chumbo-cinto\/","title":{"rendered":"<p>Army Tactical Dog Training Leash Nylon Bungee Leashes Pet Military Lead Belt<\/p>"},"content":{"rendered":"<div style=\"width: 100%\">\n<div style=\"width: 720px;\" class=\"wp-video\"><video class=\"wp-video-shortcode\" id=\"video-3598-1\" width=\"720\" height=\"960\" preload=\"metadata\" controls=\"controls\"><source type=\"video\/mp4\" src=\"https:\/\/18pet.com\/wp-content\/uploads\/2023\/05\/dog-tactical-collar-leash-making.mp4?_=1\"><\/source><a href=\"https:\/\/18pet.com\/wp-content\/uploads\/2023\/05\/dog-tactical-collar-leash-making.mp4\">https:\/\/18pet.com\/wp-content\/uploads\/2023\/05\/dog-tactical-collar-leash-making.mp4<\/a><\/video><\/div>\n<h3><strong>Material:<\/strong><\/h3><p>Nylon 1000D<\/p><h3>Tamanho:<\/h3><p>104-139 cm de comprimento (el\u00e1stico retr\u00e1til), 2,5 cm de largura.<\/p><h3>Recurso:<\/h3><p>Servi\u00e7o pesado com extrema resist\u00eancia \u00e0 abras\u00e3o, resistente a rasgos e manchas<\/p><p>Fechos e conectores s\u00e3o dur\u00e1veis<\/p><p>O gancho pode suportar 100 kg de tens\u00e3o<\/p><p>Esta coleira de cachorro tem uma al\u00e7a de tr\u00e1fego e uma al\u00e7a<\/p><p>A trela para c\u00e3es ajuda a controlar o seu c\u00e3o quando sai para passear<\/p><p><span style=\"color: #ff0000\">Observa\u00e7\u00e3o:<\/span> Devido \u00e0 diferen\u00e7a entre monitores diferentes, a imagem pode n\u00e3o refletir a cor real do item. Obrigado! Compare os tamanhos dos detalhes com o seu, por favor, permita uma diferen\u00e7a de 1-4cm devido \u00e0 medi\u00e7\u00e3o manual, obrigado!<\/p><h3>O pacote inclui:<\/h3><p>1 pe\u00e7a de coleira de nylon t\u00e1tica para treinamento de c\u00e3es. N\u00e3o inclui coleira de cachorro.<\/p><p>&nbsp;<\/p><p><img decoding=\"async\" class=\"img-responsive\" src=\"https:\/\/18pet.com\/wp-content\/uploads\/2023\/05\/1232386967-1.jpg\"><img decoding=\"async\" class=\"img-responsive\" src=\"https:\/\/18pet.com\/wp-content\/uploads\/2023\/05\/1856418196-1.jpg\"><img decoding=\"async\" class=\"img-responsive\" src=\"https:\/\/18pet.com\/wp-content\/uploads\/2023\/05\/1172634543-1.jpg\"><\/p><p><img decoding=\"async\" class=\"img-responsive\" src=\"https:\/\/18pet.com\/wp-content\/uploads\/2023\/05\/2104857291-1.jpg\" data-lazyload-src=\"https:\/\/cbu01.alicdn.com\/img\/ibank\/2020\/721\/639\/20245936127_922207554.jpg\"><\/p><p><img decoding=\"async\" class=\"img-responsive\" src=\"https:\/\/18pet.com\/wp-content\/uploads\/2023\/05\/1866885671-1.jpg\" data-lazyload-src=\"https:\/\/cbu01.alicdn.com\/img\/ibank\/2020\/173\/939\/20245939371_922207554.jpg\"><\/p><p><img decoding=\"async\" class=\"img-responsive\" src=\"https:\/\/18pet.com\/wp-content\/uploads\/2023\/05\/355731024-1.jpg\" data-lazyload-src=\"https:\/\/cbu01.alicdn.com\/img\/ibank\/2020\/578\/411\/20327114875_922207554.jpg\"><img decoding=\"async\" class=\"img-responsive\" src=\"https:\/\/18pet.com\/wp-content\/uploads\/2023\/05\/473214113-1.jpg\" data-lazyload-src=\"https:\/\/cbu01.alicdn.com\/img\/ibank\/2020\/973\/669\/20245966379_922207554.jpg\"><\/p><p><img decoding=\"async\" class=\"img-responsive\" src=\"https:\/\/18pet.com\/wp-content\/uploads\/2023\/05\/1324891707-1.jpg\" data-lazyload-src=\"https:\/\/cbu01.alicdn.com\/img\/ibank\/2020\/009\/110\/20173011900_922207554.jpg\"><\/p><p><img decoding=\"async\" class=\"img-responsive\" src=\"https:\/\/18pet.com\/wp-content\/uploads\/2023\/05\/174402160-1.jpg\" data-lazyload-src=\"https:\/\/cbu01.alicdn.com\/img\/ibank\/2018\/190\/822\/9590228091_922207554.jpg\"><\/p><p><img decoding=\"async\" class=\"img-responsive\" src=\"https:\/\/18pet.com\/wp-content\/uploads\/2023\/05\/669665987-1.jpg\" data-lazyload-src=\"https:\/\/cbu01.alicdn.com\/img\/ibank\/2018\/561\/378\/9543873165_922207554.jpg\"><\/p><p><img decoding=\"async\" class=\"img-responsive\" src=\"https:\/\/18pet.com\/wp-content\/uploads\/2023\/05\/2132483386-1.jpg\" data-lazyload-src=\"https:\/\/cbu01.alicdn.com\/img\/ibank\/2016\/292\/511\/3726115292_922207554.jpg\"><\/p><p><img decoding=\"async\" class=\"img-responsive\" src=\"https:\/\/18pet.com\/wp-content\/uploads\/2023\/05\/1729979935-1.jpg\" data-lazyload-src=\"https:\/\/cbu01.alicdn.com\/img\/ibank\/2016\/943\/211\/3726112349_922207554.jpg\"><\/p><p><img decoding=\"async\" class=\"img-responsive\" src=\"https:\/\/18pet.com\/wp-content\/uploads\/2023\/05\/65361639-1.jpg\" data-spm-anchor-id=\"a261y.7663282.108118130105804.i0.1214537acVPLcO\" data-lazyload-src=\"https:\/\/cbu01.alicdn.com\/img\/ibank\/2018\/294\/139\/9567931492_922207554.jpg\"><\/p><p><img decoding=\"async\" class=\"img-responsive\" src=\"https:\/\/18pet.com\/wp-content\/uploads\/2023\/05\/1829942790-1.jpg\"><\/p><p><img decoding=\"async\" class=\"img-responsive\" src=\"https:\/\/18pet.com\/wp-content\/uploads\/2023\/05\/2108263990-1.jpg\"><img decoding=\"async\" class=\"img-responsive\" src=\"https:\/\/18pet.com\/wp-content\/uploads\/2023\/05\/176157958-1.jpg\"><img decoding=\"async\" class=\"img-responsive\" src=\"https:\/\/18pet.com\/wp-content\/uploads\/2023\/05\/809827002-1.jpg\"><img decoding=\"async\" class=\"img-responsive\" src=\"https:\/\/18pet.com\/wp-content\/uploads\/2023\/05\/209331753-1.jpg\"><\/p><p>&nbsp;<\/p><\/div>","protected":false},"excerpt":{"rendered":"<p>Material: 1000D Nylon Size: 104-139 cm long (elastic band retractable),&nbsp; 2.5cm wide. Feature: Heavy duty with extreme abrasion resistance, resistant to tearing and staining Clasps and connectors are durable The hook can withstand 100kg tension This dog leash have one traffic handle and one handle The dog leash helps to control your dog when out for a walk Note: Due to the difference between different monitors, the picture may not reflect the actual color of the item. Thank you!Compare the detail sizes with yours, please allow 1-4CM differs due to manual measurement, thanks! Package includes: 1 piece of&nbsp; Tactical Dog?<\/p>","protected":false},"featured_media":3599,"comment_status":"open","ping_status":"closed","template":"","meta":[],"product_brand":[],"product_cat":[114,104],"product_tag":[244,265,319],"class_list":{"0":"post-3598","1":"product","2":"type-product","3":"status-publish","4":"has-post-thumbnail","6":"product_cat-leashes","7":"product_cat-training-leashes","8":"product_tag-dog","9":"product_tag-dog-training","10":"product_tag-tactical-dog-leash","11":"pa_color-army-green","12":"pa_color-black","13":"pa_color-camouflage","14":"pa_color-khaki","15":"pa_size-100cm","17":"first","18":"instock","19":"sale","20":"taxable","21":"shipping-taxable","22":"purchasable","23":"product-type-variable"},"yoast_head":"<!-- This site is optimized with the Yoast SEO plugin v25.0 - https:\/\/yoast.com\/wordpress\/plugins\/seo\/ -->\n<title>Army Tactical Dog Training Leash Nylon Bungee Leashes Pet Military Lead Belt &#8212; 18pet.com<\/title>\n<meta name=\"robots\" content=\"index, follow, max-snippet:-1, max-image-preview:large, max-video-preview:-1\" \/>\n<link rel=\"canonical\" href=\"https:\/\/18pet.com\/pt_br\/produto\/exercito-tatico-treino-cao-coleira-nylon-bungee-trelas-pet-militar-chumbo-cinto\/\" \/>\n<meta property=\"og:locale\" content=\"pt_BR\" \/>\n<meta property=\"og:type\" content=\"article\" \/>\n<meta property=\"og:title\" content=\"Army Tactical Dog Training Leash Nylon Bungee Leashes Pet Military Lead Belt &#8212; 18pet.com\" \/>\n<meta property=\"og:description\" content=\"Material: 1000D Nylon Size: 104-139 cm long (elastic band retractable),\u00a0 2.5cm wide. Feature: Heavy duty with extreme abrasion resistance, resistant to tearing and staining Clasps and connectors are durable The hook can withstand 100kg tension This dog leash have one traffic handle and one handle The dog leash helps to control your dog when out for a walk Note: Due to the difference between different monitors, the picture may not reflect the actual color of the item. Thank you!Compare the detail sizes with yours, please allow 1-4CM differs due to manual measurement, thanks! Package includes: 1 piece of\u00a0 Tactical Dog\u2026\" \/>\n<meta property=\"og:url\" content=\"https:\/\/18pet.com\/pt_br\/produto\/exercito-tatico-treino-cao-coleira-nylon-bungee-trelas-pet-militar-chumbo-cinto\/\" \/>\n<meta property=\"og:site_name\" content=\"18pet.com\" \/>\n<meta property=\"article:modified_time\" content=\"2025-03-23T12:58:32+00:00\" \/>\n<meta property=\"og:image\" content=\"https:\/\/18pet.com\/wp-content\/uploads\/2023\/05\/1956682046.gif\" \/>\n\t<meta property=\"og:image:width\" content=\"800\" \/>\n\t<meta property=\"og:image:height\" content=\"800\" \/>\n\t<meta property=\"og:image:type\" content=\"image\/gif\" \/>\n<meta name=\"twitter:card\" content=\"summary_large_image\" \/>\n<meta name=\"twitter:label1\" content=\"Est. tempo de leitura\" \/>\n\t<meta name=\"twitter:data1\" content=\"1 minuto\" \/>\n<script type=\"application\/ld+json\" class=\"yoast-schema-graph\">{\"@context\":\"https:\/\/schema.org\",\"@graph\":[{\"@type\":\"WebPage\",\"@id\":\"https:\/\/18pet.com\/product\/army-tactical-dog-training-leash-nylon-bungee-leashes-pet-military-lead-belt\/\",\"url\":\"https:\/\/18pet.com\/product\/army-tactical-dog-training-leash-nylon-bungee-leashes-pet-military-lead-belt\/\",\"name\":\"Army Tactical Dog Training Leash Nylon Bungee Leashes Pet Military Lead Belt &#8212; 18pet.com\",\"isPartOf\":{\"@id\":\"https:\/\/18pet.com\/id\/#website\"},\"primaryImageOfPage\":{\"@id\":\"https:\/\/18pet.com\/product\/army-tactical-dog-training-leash-nylon-bungee-leashes-pet-military-lead-belt\/#primaryimage\"},\"image\":{\"@id\":\"https:\/\/18pet.com\/product\/army-tactical-dog-training-leash-nylon-bungee-leashes-pet-military-lead-belt\/#primaryimage\"},\"thumbnailUrl\":\"https:\/\/18pet.com\/wp-content\/uploads\/2023\/05\/1956682046.gif\",\"datePublished\":\"2022-05-04T04:39:33+00:00\",\"dateModified\":\"2025-03-23T12:58:32+00:00\",\"breadcrumb\":{\"@id\":\"https:\/\/18pet.com\/product\/army-tactical-dog-training-leash-nylon-bungee-leashes-pet-military-lead-belt\/#breadcrumb\"},\"inLanguage\":\"pt-BR\",\"potentialAction\":[{\"@type\":\"ReadAction\",\"target\":[\"https:\/\/18pet.com\/product\/army-tactical-dog-training-leash-nylon-bungee-leashes-pet-military-lead-belt\/\"]}]},{\"@type\":\"ImageObject\",\"inLanguage\":\"pt-BR\",\"@id\":\"https:\/\/18pet.com\/product\/army-tactical-dog-training-leash-nylon-bungee-leashes-pet-military-lead-belt\/#primaryimage\",\"url\":\"https:\/\/18pet.com\/wp-content\/uploads\/2023\/05\/1956682046.gif\",\"contentUrl\":\"https:\/\/18pet.com\/wp-content\/uploads\/2023\/05\/1956682046.gif\",\"width\":800,\"height\":800,\"caption\":\"Army Tactical Dog Training Leash Nylon Bungee Leashes Pet Military Lead Belt 1\"},{\"@type\":\"BreadcrumbList\",\"@id\":\"https:\/\/18pet.com\/product\/army-tactical-dog-training-leash-nylon-bungee-leashes-pet-military-lead-belt\/#breadcrumb\",\"itemListElement\":[{\"@type\":\"ListItem\",\"position\":1,\"name\":\"Home\",\"item\":\"https:\/\/18pet.com\/\"},{\"@type\":\"ListItem\",\"position\":2,\"name\":\"Products\",\"item\":\"https:\/\/18pet.com\/tr\/products\/\"},{\"@type\":\"ListItem\",\"position\":3,\"name\":\"Army Tactical Dog Training Leash Nylon Bungee Leashes Pet Military Lead Belt\"}]},{\"@type\":\"WebSite\",\"@id\":\"https:\/\/18pet.com\/id\/#website\",\"url\":\"https:\/\/18pet.com\/id\/\",\"name\":\"18pet.com\",\"description\":\"Your pet supplies center\",\"publisher\":{\"@id\":\"https:\/\/18pet.com\/id\/#organization\"},\"potentialAction\":[{\"@type\":\"SearchAction\",\"target\":{\"@type\":\"EntryPoint\",\"urlTemplate\":\"https:\/\/18pet.com\/id\/?s={search_term_string}\"},\"query-input\":{\"@type\":\"PropertyValueSpecification\",\"valueRequired\":true,\"valueName\":\"search_term_string\"}}],\"inLanguage\":\"pt-BR\"},{\"@type\":\"Organization\",\"@id\":\"https:\/\/18pet.com\/id\/#organization\",\"name\":\"18pet.com\",\"url\":\"https:\/\/18pet.com\/id\/\",\"logo\":{\"@type\":\"ImageObject\",\"inLanguage\":\"pt-BR\",\"@id\":\"https:\/\/18pet.com\/id\/#\/schema\/logo\/image\/\",\"url\":\"https:\/\/18pet.com\/wp-content\/uploads\/2023\/04\/18pet-white-background.png\",\"contentUrl\":\"https:\/\/18pet.com\/wp-content\/uploads\/2023\/04\/18pet-white-background.png\",\"width\":515,\"height\":167,\"caption\":\"18pet.com\"},\"image\":{\"@id\":\"https:\/\/18pet.com\/id\/#\/schema\/logo\/image\/\"}}]}<\/script>\n<!-- \/ Yoast SEO plugin. -->","yoast_head_json":{"title":"Army Tactical Dog Training Leash Nylon Bungee Leashes Pet Military Lead Belt &#8212; 18pet.com","robots":{"index":"index","follow":"follow","max-snippet":"max-snippet:-1","max-image-preview":"max-image-preview:large","max-video-preview":"max-video-preview:-1"},"canonical":"https:\/\/18pet.com\/pt_br\/produto\/exercito-tatico-treino-cao-coleira-nylon-bungee-trelas-pet-militar-chumbo-cinto\/","og_locale":"pt_BR","og_type":"article","og_title":"Army Tactical Dog Training Leash Nylon Bungee Leashes Pet Military Lead Belt &#8212; 18pet.com","og_description":"Material: 1000D Nylon Size: 104-139 cm long (elastic band retractable),\u00a0 2.5cm wide. Feature: Heavy duty with extreme abrasion resistance, resistant to tearing and staining Clasps and connectors are durable The hook can withstand 100kg tension This dog leash have one traffic handle and one handle The dog leash helps to control your dog when out for a walk Note: Due to the difference between different monitors, the picture may not reflect the actual color of the item. Thank you!Compare the detail sizes with yours, please allow 1-4CM differs due to manual measurement, thanks! Package includes: 1 piece of\u00a0 Tactical Dog\u2026","og_url":"https:\/\/18pet.com\/pt_br\/produto\/exercito-tatico-treino-cao-coleira-nylon-bungee-trelas-pet-militar-chumbo-cinto\/","og_site_name":"18pet.com","article_modified_time":"2025-03-23T12:58:32+00:00","og_image":[{"width":800,"height":800,"url":"https:\/\/18pet.com\/wp-content\/uploads\/2023\/05\/1956682046.gif","type":"image\/gif"}],"twitter_card":"summary_large_image","twitter_misc":{"Est. tempo de leitura":"1 minuto"},"schema":{"@context":"https:\/\/schema.org","@graph":[{"@type":"WebPage","@id":"https:\/\/18pet.com\/product\/army-tactical-dog-training-leash-nylon-bungee-leashes-pet-military-lead-belt\/","url":"https:\/\/18pet.com\/product\/army-tactical-dog-training-leash-nylon-bungee-leashes-pet-military-lead-belt\/","name":"Army Tactical Dog Training Leash Nylon Bungee Leashes Pet Military Lead Belt &#8212; 18pet.com","isPartOf":{"@id":"https:\/\/18pet.com\/id\/#website"},"primaryImageOfPage":{"@id":"https:\/\/18pet.com\/product\/army-tactical-dog-training-leash-nylon-bungee-leashes-pet-military-lead-belt\/#primaryimage"},"image":{"@id":"https:\/\/18pet.com\/product\/army-tactical-dog-training-leash-nylon-bungee-leashes-pet-military-lead-belt\/#primaryimage"},"thumbnailUrl":"https:\/\/18pet.com\/wp-content\/uploads\/2023\/05\/1956682046.gif","datePublished":"2022-05-04T04:39:33+00:00","dateModified":"2025-03-23T12:58:32+00:00","breadcrumb":{"@id":"https:\/\/18pet.com\/product\/army-tactical-dog-training-leash-nylon-bungee-leashes-pet-military-lead-belt\/#breadcrumb"},"inLanguage":"pt-BR","potentialAction":[{"@type":"ReadAction","target":["https:\/\/18pet.com\/product\/army-tactical-dog-training-leash-nylon-bungee-leashes-pet-military-lead-belt\/"]}]},{"@type":"ImageObject","inLanguage":"pt-BR","@id":"https:\/\/18pet.com\/product\/army-tactical-dog-training-leash-nylon-bungee-leashes-pet-military-lead-belt\/#primaryimage","url":"https:\/\/18pet.com\/wp-content\/uploads\/2023\/05\/1956682046.gif","contentUrl":"https:\/\/18pet.com\/wp-content\/uploads\/2023\/05\/1956682046.gif","width":800,"height":800,"caption":"Army Tactical Dog Training Leash Nylon Bungee Leashes Pet Military Lead Belt 1"},{"@type":"BreadcrumbList","@id":"https:\/\/18pet.com\/product\/army-tactical-dog-training-leash-nylon-bungee-leashes-pet-military-lead-belt\/#breadcrumb","itemListElement":[{"@type":"ListItem","position":1,"name":"Home","item":"https:\/\/18pet.com\/"},{"@type":"ListItem","position":2,"name":"Products","item":"https:\/\/18pet.com\/tr\/products\/"},{"@type":"ListItem","position":3,"name":"Army Tactical Dog Training Leash Nylon Bungee Leashes Pet Military Lead Belt"}]},{"@type":"WebSite","@id":"https:\/\/18pet.com\/id\/#website","url":"https:\/\/18pet.com\/id\/","name":"18pet.com","description":"Your pet supplies center","publisher":{"@id":"https:\/\/18pet.com\/id\/#organization"},"potentialAction":[{"@type":"SearchAction","target":{"@type":"EntryPoint","urlTemplate":"https:\/\/18pet.com\/id\/?s={search_term_string}"},"query-input":{"@type":"PropertyValueSpecification","valueRequired":true,"valueName":"search_term_string"}}],"inLanguage":"pt-BR"},{"@type":"Organization","@id":"https:\/\/18pet.com\/id\/#organization","name":"18pet.com","url":"https:\/\/18pet.com\/id\/","logo":{"@type":"ImageObject","inLanguage":"pt-BR","@id":"https:\/\/18pet.com\/id\/#\/schema\/logo\/image\/","url":"https:\/\/18pet.com\/wp-content\/uploads\/2023\/04\/18pet-white-background.png","contentUrl":"https:\/\/18pet.com\/wp-content\/uploads\/2023\/04\/18pet-white-background.png","width":515,"height":167,"caption":"18pet.com"},"image":{"@id":"https:\/\/18pet.com\/id\/#\/schema\/logo\/image\/"}}]}},"jetpack_sharing_enabled":true,"_links":{"self":[{"href":"https:\/\/18pet.com\/pt_br\/wp-json\/wp\/v2\/product\/3598","targetHints":{"allow":["GET"]}}],"collection":[{"href":"https:\/\/18pet.com\/pt_br\/wp-json\/wp\/v2\/product"}],"about":[{"href":"https:\/\/18pet.com\/pt_br\/wp-json\/wp\/v2\/types\/product"}],"replies":[{"embeddable":true,"href":"https:\/\/18pet.com\/pt_br\/wp-json\/wp\/v2\/comments?post=3598"}],"wp:featuredmedia":[{"embeddable":true,"href":"https:\/\/18pet.com\/pt_br\/wp-json\/wp\/v2\/media\/3599"}],"wp:attachment":[{"href":"https:\/\/18pet.com\/pt_br\/wp-json\/wp\/v2\/media?parent=3598"}],"wp:term":[{"taxonomy":"product_brand","embeddable":true,"href":"https:\/\/18pet.com\/pt_br\/wp-json\/wp\/v2\/product_brand?post=3598"},{"taxonomy":"product_cat","embeddable":true,"href":"https:\/\/18pet.com\/pt_br\/wp-json\/wp\/v2\/product_cat?post=3598"},{"taxonomy":"product_tag","embeddable":true,"href":"https:\/\/18pet.com\/pt_br\/wp-json\/wp\/v2\/product_tag?post=3598"}],"curies":[{"name":"wp","href":"https:\/\/api.w.org\/{rel}","templated":true}]}}