{"id":3452,"date":"2022-05-03T12:53:36","date_gmt":"2022-05-03T12:53:36","guid":{"rendered":"https:\/\/18pet.com\/?post_type=product&#038;p=3452"},"modified":"2025-03-23T14:00:29","modified_gmt":"2025-03-23T14:00:29","slug":"solid-dog-leash-nylon-pet-rope","status":"publish","type":"product","link":"https:\/\/18pet.com\/pt_br\/produto\/corda-de-nylon-solida-para-caes\/","title":{"rendered":"<p>Coleira s\u00f3lida para c\u00e3es Corda de nylon para animais de estima\u00e7\u00e3o<\/p>"},"content":{"rendered":"<div style=\"width: 100%\">\n<div style=\"width: 720px;\" class=\"wp-video\"><video class=\"wp-video-shortcode\" id=\"video-3452-1\" width=\"720\" height=\"720\" preload=\"metadata\" controls=\"controls\"><source type=\"video\/mp4\" src=\"https:\/\/18pet.com\/wp-content\/uploads\/2023\/05\/dog-leash-1.mp4?_=1\"><\/source><a href=\"https:\/\/18pet.com\/wp-content\/uploads\/2023\/05\/dog-leash-1.mp4\">https:\/\/18pet.com\/wp-content\/uploads\/2023\/05\/dog-leash-1.mp4<\/a><\/video><\/div>\n<p>&nbsp;<\/p>\n<h3><span style=\"color: #ff0000\">Escolha o tamanho com base no peso do animal de estima\u00e7\u00e3o:<\/span><\/h3><p><span style=\"color: #ff0000\">menos de 3 kg: S<\/span><\/p><p>di\u00e2metro 0,6 cm comprimento 1,2 metros. Adequado para animais de estima\u00e7\u00e3o com peso inferior a 3KG.<\/p><p><span style=\"color: #ff0000\">3-7,5 kg: M<\/span><br>\ndi\u00e2metro 0,8 cm comprimento 1,2 metros. Adequado para animais de estima\u00e7\u00e3o com peso de 3 a 7,5 kg.<\/p><p><span style=\"color: #ff0000\">7,5-12,5 kg: G<\/span><br>\ndi\u00e2metro 1,0 cm comprimento 1,2 metros. Adequado para animais de estima\u00e7\u00e3o com peso de 7,5 a 12,5 kg.<\/p><p><span style=\"color: #ff0000\">12,5-60 kg: XL<\/span><br>\ndi\u00e2metro 1,2 cm comprimento 1,2 metros. Adequado para animais de estima\u00e7\u00e3o com peso de 12,5 a 60 kg.<\/p><h3>RECURSO<\/h3><p>Esta coleira para animais de estima\u00e7\u00e3o \u00e9 feita de nylon, resistente e dur\u00e1vel, adequada para cachorros, c\u00e3es pequenos e grandes. Cabo de esponja, confort\u00e1vel. Gancho de metal girat\u00f3rio de 360 graus, dur\u00e1vel. A corda da trela para c\u00e3es \u00e9 necess\u00e1ria para que os animais de estima\u00e7\u00e3o saiam ao ar livre.<\/p><h3>PAR\u00c2METRO<\/h3><p>PRODUTO: trela para animais de estima\u00e7\u00e3o<br>\nMATERIAL: n\u00e1ilon<br>\nCOR:vermelho,rosa,laranja,amarelo,preto,azul.roxo<\/p><h3>USAR PARA:<\/h3><p>cachorro gato<\/p><p><img decoding=\"async\" class=\"img-responsive\" src=\"https:\/\/18pet.com\/wp-content\/uploads\/2023\/05\/741810876-1.jpg\"><\/p><p>TABELA DE TAMANHOS<\/p><p><img decoding=\"async\" class=\"img-responsive\" src=\"https:\/\/18pet.com\/wp-content\/uploads\/2023\/05\/985401691-1.jpg\"><\/p><h3>DETALHE<\/h3><h4>01. Cabo de esponja confort\u00e1vel<\/h4><p><img decoding=\"async\" class=\"img-responsive\" src=\"https:\/\/18pet.com\/wp-content\/uploads\/2023\/05\/597938523-1.jpg\"><\/p><h4>02.Gancho de metal dur\u00e1vel<\/h4><p><img decoding=\"async\" class=\"img-responsive\" src=\"https:\/\/18pet.com\/wp-content\/uploads\/2023\/05\/1229763937-1.jpg\"><\/p><h3>COR<\/h3><h4>01.azul<\/h4><p><img decoding=\"async\" class=\"img-responsive\" src=\"https:\/\/18pet.com\/wp-content\/uploads\/2023\/05\/1844135631-1.jpg\"><\/p><h4>02.laranja<\/h4><p><img decoding=\"async\" class=\"img-responsive\" src=\"https:\/\/18pet.com\/wp-content\/uploads\/2023\/05\/1702719723-1.jpg\"><\/p><h4>03.rosa<\/h4><p><img decoding=\"async\" class=\"img-responsive\" src=\"https:\/\/18pet.com\/wp-content\/uploads\/2023\/05\/2082647969-1.jpg\"><\/p><h4>04.roxo<\/h4><p><img decoding=\"async\" class=\"img-responsive\" src=\"https:\/\/18pet.com\/wp-content\/uploads\/2023\/05\/1534661887-1.jpg\"><\/p><h4>05.amarelo<\/h4><p><img decoding=\"async\" class=\"img-responsive\" src=\"https:\/\/18pet.com\/wp-content\/uploads\/2023\/05\/1760388535-1.jpg\"><\/p><h4>06. preto<\/h4><p><img decoding=\"async\" class=\"img-responsive\" src=\"https:\/\/18pet.com\/wp-content\/uploads\/2023\/05\/1852516142-1.jpg\"><\/p><h4>07.vermelho<\/h4><p><img decoding=\"async\" class=\"img-responsive\" src=\"https:\/\/18pet.com\/wp-content\/uploads\/2023\/05\/1981672518-1.jpg\"><\/p><\/div>","protected":false},"excerpt":{"rendered":"<p><span style=\"color: #ff0000\">Dur\u00e1vel:<\/span> Corda s\u00f3lida, resistente ao desgaste e dur\u00e1vel.<br>\n<span style=\"color: #ff0000\">Confort\u00e1vel:<\/span> Cabo de esponja; F\u00e1cil de usar.<br>\n<span style=\"color: #ff0000\">Adequado para c\u00e3es e gatos:<\/span> Escolha a espessura apropriada da corda de acordo com as instru\u00e7\u00f5es na p\u00e1gina de detalhes.<\/p>","protected":false},"featured_media":3453,"comment_status":"open","ping_status":"closed","template":"","meta":[],"product_brand":[],"product_cat":[163,114,104],"product_tag":[244,265,286],"class_list":{"0":"post-3452","1":"product","2":"type-product","3":"status-publish","4":"has-post-thumbnail","6":"product_cat-cat-collars-leads","7":"product_cat-leashes","8":"product_cat-training-leashes","9":"product_tag-dog","10":"product_tag-dog-training","11":"product_tag-leashes","12":"pa_color-black","13":"pa_color-blue","14":"pa_color-orange","15":"pa_color-pink","16":"pa_color-purple","17":"pa_color-red","18":"pa_color-yellow","19":"pa_size-l-dia-1-0cm","20":"pa_size-m-dia-0-8cm","21":"pa_size-s-dia-0-6cm","22":"pa_size-xl-dia-1-2cm","24":"first","25":"instock","26":"sale","27":"taxable","28":"shipping-taxable","29":"purchasable","30":"product-type-variable"},"yoast_head":"<!-- This site is optimized with the Yoast SEO plugin v25.0 - https:\/\/yoast.com\/wordpress\/plugins\/seo\/ -->\n<title>Solid Dog Leash Nylon Pet Rope &#8212; 18pet.com<\/title>\n<meta name=\"robots\" content=\"index, follow, max-snippet:-1, max-image-preview:large, max-video-preview:-1\" \/>\n<link rel=\"canonical\" href=\"https:\/\/18pet.com\/pt_br\/produto\/corda-de-nylon-solida-para-caes\/\" \/>\n<meta property=\"og:locale\" content=\"pt_BR\" \/>\n<meta property=\"og:type\" content=\"article\" \/>\n<meta property=\"og:title\" content=\"Solid Dog Leash Nylon Pet Rope &#8212; 18pet.com\" \/>\n<meta property=\"og:description\" content=\"Durable: Solid rope, wear-resistant and durable. Comfortable: Sponge handle; Easy to use. Suitable for both cats and dogs: Please choose the appropriate thickness of rope according to the instructions on the details page.\" \/>\n<meta property=\"og:url\" content=\"https:\/\/18pet.com\/pt_br\/produto\/corda-de-nylon-solida-para-caes\/\" \/>\n<meta property=\"og:site_name\" content=\"18pet.com\" \/>\n<meta property=\"article:modified_time\" content=\"2025-03-23T14:00:29+00:00\" \/>\n<meta property=\"og:image\" content=\"https:\/\/18pet.com\/wp-content\/uploads\/2023\/05\/649214278-1.jpg\" \/>\n\t<meta property=\"og:image:width\" content=\"1000\" \/>\n\t<meta property=\"og:image:height\" content=\"1000\" \/>\n\t<meta property=\"og:image:type\" content=\"image\/jpeg\" \/>\n<meta name=\"twitter:card\" content=\"summary_large_image\" \/>\n<meta name=\"twitter:label1\" content=\"Est. tempo de leitura\" \/>\n\t<meta name=\"twitter:data1\" content=\"1 minuto\" \/>\n<script type=\"application\/ld+json\" class=\"yoast-schema-graph\">{\"@context\":\"https:\/\/schema.org\",\"@graph\":[{\"@type\":\"WebPage\",\"@id\":\"https:\/\/18pet.com\/product\/solid-dog-leash-nylon-pet-rope\/\",\"url\":\"https:\/\/18pet.com\/product\/solid-dog-leash-nylon-pet-rope\/\",\"name\":\"Solid Dog Leash Nylon Pet Rope &#8212; 18pet.com\",\"isPartOf\":{\"@id\":\"https:\/\/18pet.com\/id\/#website\"},\"primaryImageOfPage\":{\"@id\":\"https:\/\/18pet.com\/product\/solid-dog-leash-nylon-pet-rope\/#primaryimage\"},\"image\":{\"@id\":\"https:\/\/18pet.com\/product\/solid-dog-leash-nylon-pet-rope\/#primaryimage\"},\"thumbnailUrl\":\"https:\/\/18pet.com\/wp-content\/uploads\/2023\/05\/649214278-1.jpg\",\"datePublished\":\"2022-05-03T12:53:36+00:00\",\"dateModified\":\"2025-03-23T14:00:29+00:00\",\"breadcrumb\":{\"@id\":\"https:\/\/18pet.com\/product\/solid-dog-leash-nylon-pet-rope\/#breadcrumb\"},\"inLanguage\":\"pt-BR\",\"potentialAction\":[{\"@type\":\"ReadAction\",\"target\":[\"https:\/\/18pet.com\/product\/solid-dog-leash-nylon-pet-rope\/\"]}]},{\"@type\":\"ImageObject\",\"inLanguage\":\"pt-BR\",\"@id\":\"https:\/\/18pet.com\/product\/solid-dog-leash-nylon-pet-rope\/#primaryimage\",\"url\":\"https:\/\/18pet.com\/wp-content\/uploads\/2023\/05\/649214278-1.jpg\",\"contentUrl\":\"https:\/\/18pet.com\/wp-content\/uploads\/2023\/05\/649214278-1.jpg\",\"width\":1000,\"height\":1000,\"caption\":\"Solid Dog Leash Nylon Pet Rope 1\"},{\"@type\":\"BreadcrumbList\",\"@id\":\"https:\/\/18pet.com\/product\/solid-dog-leash-nylon-pet-rope\/#breadcrumb\",\"itemListElement\":[{\"@type\":\"ListItem\",\"position\":1,\"name\":\"Home\",\"item\":\"https:\/\/18pet.com\/\"},{\"@type\":\"ListItem\",\"position\":2,\"name\":\"Products\",\"item\":\"https:\/\/18pet.com\/tr\/products\/\"},{\"@type\":\"ListItem\",\"position\":3,\"name\":\"Solid Dog Leash Nylon Pet Rope\"}]},{\"@type\":\"WebSite\",\"@id\":\"https:\/\/18pet.com\/id\/#website\",\"url\":\"https:\/\/18pet.com\/id\/\",\"name\":\"18pet.com\",\"description\":\"Your pet supplies center\",\"publisher\":{\"@id\":\"https:\/\/18pet.com\/id\/#organization\"},\"potentialAction\":[{\"@type\":\"SearchAction\",\"target\":{\"@type\":\"EntryPoint\",\"urlTemplate\":\"https:\/\/18pet.com\/id\/?s={search_term_string}\"},\"query-input\":{\"@type\":\"PropertyValueSpecification\",\"valueRequired\":true,\"valueName\":\"search_term_string\"}}],\"inLanguage\":\"pt-BR\"},{\"@type\":\"Organization\",\"@id\":\"https:\/\/18pet.com\/id\/#organization\",\"name\":\"18pet.com\",\"url\":\"https:\/\/18pet.com\/id\/\",\"logo\":{\"@type\":\"ImageObject\",\"inLanguage\":\"pt-BR\",\"@id\":\"https:\/\/18pet.com\/id\/#\/schema\/logo\/image\/\",\"url\":\"https:\/\/18pet.com\/wp-content\/uploads\/2023\/04\/18pet-white-background.png\",\"contentUrl\":\"https:\/\/18pet.com\/wp-content\/uploads\/2023\/04\/18pet-white-background.png\",\"width\":515,\"height\":167,\"caption\":\"18pet.com\"},\"image\":{\"@id\":\"https:\/\/18pet.com\/id\/#\/schema\/logo\/image\/\"}}]}<\/script>\n<!-- \/ Yoast SEO plugin. -->","yoast_head_json":{"title":"Solid Dog Leash Nylon Pet Rope &#8212; 18pet.com","robots":{"index":"index","follow":"follow","max-snippet":"max-snippet:-1","max-image-preview":"max-image-preview:large","max-video-preview":"max-video-preview:-1"},"canonical":"https:\/\/18pet.com\/pt_br\/produto\/corda-de-nylon-solida-para-caes\/","og_locale":"pt_BR","og_type":"article","og_title":"Solid Dog Leash Nylon Pet Rope &#8212; 18pet.com","og_description":"Durable: Solid rope, wear-resistant and durable. Comfortable: Sponge handle; Easy to use. Suitable for both cats and dogs: Please choose the appropriate thickness of rope according to the instructions on the details page.","og_url":"https:\/\/18pet.com\/pt_br\/produto\/corda-de-nylon-solida-para-caes\/","og_site_name":"18pet.com","article_modified_time":"2025-03-23T14:00:29+00:00","og_image":[{"width":1000,"height":1000,"url":"https:\/\/18pet.com\/wp-content\/uploads\/2023\/05\/649214278-1.jpg","type":"image\/jpeg"}],"twitter_card":"summary_large_image","twitter_misc":{"Est. tempo de leitura":"1 minuto"},"schema":{"@context":"https:\/\/schema.org","@graph":[{"@type":"WebPage","@id":"https:\/\/18pet.com\/product\/solid-dog-leash-nylon-pet-rope\/","url":"https:\/\/18pet.com\/product\/solid-dog-leash-nylon-pet-rope\/","name":"Solid Dog Leash Nylon Pet Rope &#8212; 18pet.com","isPartOf":{"@id":"https:\/\/18pet.com\/id\/#website"},"primaryImageOfPage":{"@id":"https:\/\/18pet.com\/product\/solid-dog-leash-nylon-pet-rope\/#primaryimage"},"image":{"@id":"https:\/\/18pet.com\/product\/solid-dog-leash-nylon-pet-rope\/#primaryimage"},"thumbnailUrl":"https:\/\/18pet.com\/wp-content\/uploads\/2023\/05\/649214278-1.jpg","datePublished":"2022-05-03T12:53:36+00:00","dateModified":"2025-03-23T14:00:29+00:00","breadcrumb":{"@id":"https:\/\/18pet.com\/product\/solid-dog-leash-nylon-pet-rope\/#breadcrumb"},"inLanguage":"pt-BR","potentialAction":[{"@type":"ReadAction","target":["https:\/\/18pet.com\/product\/solid-dog-leash-nylon-pet-rope\/"]}]},{"@type":"ImageObject","inLanguage":"pt-BR","@id":"https:\/\/18pet.com\/product\/solid-dog-leash-nylon-pet-rope\/#primaryimage","url":"https:\/\/18pet.com\/wp-content\/uploads\/2023\/05\/649214278-1.jpg","contentUrl":"https:\/\/18pet.com\/wp-content\/uploads\/2023\/05\/649214278-1.jpg","width":1000,"height":1000,"caption":"Solid Dog Leash Nylon Pet Rope 1"},{"@type":"BreadcrumbList","@id":"https:\/\/18pet.com\/product\/solid-dog-leash-nylon-pet-rope\/#breadcrumb","itemListElement":[{"@type":"ListItem","position":1,"name":"Home","item":"https:\/\/18pet.com\/"},{"@type":"ListItem","position":2,"name":"Products","item":"https:\/\/18pet.com\/tr\/products\/"},{"@type":"ListItem","position":3,"name":"Solid Dog Leash Nylon Pet Rope"}]},{"@type":"WebSite","@id":"https:\/\/18pet.com\/id\/#website","url":"https:\/\/18pet.com\/id\/","name":"18pet.com","description":"Your pet supplies center","publisher":{"@id":"https:\/\/18pet.com\/id\/#organization"},"potentialAction":[{"@type":"SearchAction","target":{"@type":"EntryPoint","urlTemplate":"https:\/\/18pet.com\/id\/?s={search_term_string}"},"query-input":{"@type":"PropertyValueSpecification","valueRequired":true,"valueName":"search_term_string"}}],"inLanguage":"pt-BR"},{"@type":"Organization","@id":"https:\/\/18pet.com\/id\/#organization","name":"18pet.com","url":"https:\/\/18pet.com\/id\/","logo":{"@type":"ImageObject","inLanguage":"pt-BR","@id":"https:\/\/18pet.com\/id\/#\/schema\/logo\/image\/","url":"https:\/\/18pet.com\/wp-content\/uploads\/2023\/04\/18pet-white-background.png","contentUrl":"https:\/\/18pet.com\/wp-content\/uploads\/2023\/04\/18pet-white-background.png","width":515,"height":167,"caption":"18pet.com"},"image":{"@id":"https:\/\/18pet.com\/id\/#\/schema\/logo\/image\/"}}]}},"jetpack_sharing_enabled":true,"_links":{"self":[{"href":"https:\/\/18pet.com\/pt_br\/wp-json\/wp\/v2\/product\/3452","targetHints":{"allow":["GET"]}}],"collection":[{"href":"https:\/\/18pet.com\/pt_br\/wp-json\/wp\/v2\/product"}],"about":[{"href":"https:\/\/18pet.com\/pt_br\/wp-json\/wp\/v2\/types\/product"}],"replies":[{"embeddable":true,"href":"https:\/\/18pet.com\/pt_br\/wp-json\/wp\/v2\/comments?post=3452"}],"wp:featuredmedia":[{"embeddable":true,"href":"https:\/\/18pet.com\/pt_br\/wp-json\/wp\/v2\/media\/3453"}],"wp:attachment":[{"href":"https:\/\/18pet.com\/pt_br\/wp-json\/wp\/v2\/media?parent=3452"}],"wp:term":[{"taxonomy":"product_brand","embeddable":true,"href":"https:\/\/18pet.com\/pt_br\/wp-json\/wp\/v2\/product_brand?post=3452"},{"taxonomy":"product_cat","embeddable":true,"href":"https:\/\/18pet.com\/pt_br\/wp-json\/wp\/v2\/product_cat?post=3452"},{"taxonomy":"product_tag","embeddable":true,"href":"https:\/\/18pet.com\/pt_br\/wp-json\/wp\/v2\/product_tag?post=3452"}],"curies":[{"name":"wp","href":"https:\/\/api.w.org\/{rel}","templated":true}]}}