{"id":3340,"date":"2022-05-03T08:10:17","date_gmt":"2022-05-03T08:10:17","guid":{"rendered":"https:\/\/18pet.com\/?post_type=product&#038;p=3340"},"modified":"2025-03-23T12:58:32","modified_gmt":"2025-03-23T12:58:32","slug":"automatic-retractable-dog-traction-rope-dog-leash","status":"publish","type":"product","link":"https:\/\/18pet.com\/pt_br\/produto\/trela-automatica-retratil-cao-tracao-cao-corda-cao\/","title":{"rendered":"<p>Coleira de corda retr\u00e1til autom\u00e1tica para c\u00e3es<\/p>"},"content":{"rendered":"<h2><span style=\"color: #ff0000\">Como escolher:<\/span><p><span style=\"color: #ff0000\">3M<\/span>: 3m \u00e9 adequado para animais de estima\u00e7\u00e3o com peso de at\u00e9 15KG, comprimento da coleira 3M<br>\n<span style=\"color: #ff0000\">5M<\/span> : 5m \u00e9 adequado para animais de estima\u00e7\u00e3o com peso de at\u00e9 25KG, comprimento da coleira 5M<\/p><h2>Bot\u00e3o de freio patenteado:<\/h2><p>Bot\u00e3o de freio de ponto, design antiderrapante de face larga aumenta o conforto do polegar, sistema de freio patenteado, material resistente a pux\u00f5es fortes, resposta r\u00e1pida, bot\u00e3o de tolo de um bot\u00e3o, em linha com a opera\u00e7\u00e3o de reflex\u00e3o condicional do corpo humano em situa\u00e7\u00f5es de emerg\u00eancia.<\/p><h2>ABS resistente a casca forte?<\/h2><p>O corpo principal da carca\u00e7a da fuselagem \u00e9 feito de material ABS de alta resist\u00eancia, e o interior da carca\u00e7a \u00e9 conectado de forma fixa por 14 parafusos de metal resistentes \u00e0 corros\u00e3o, combinados com tecnologia de prensagem ultrass\u00f4nica, que \u00e9 forte e resistente a quedas.<\/p><h2>Design ergon\u00f4mico de al\u00e7a de borracha macia?<\/h2><p>A al\u00e7a \u00e9 ergon\u00f4mica e simplificada, combinada com um processo de borracha macia e ecol\u00f3gica para uma pegada confort\u00e1vel.<\/p><h2>Correia antidesgaste de alta resist\u00eancia:<\/h2><p>For\u00e7a de tra\u00e7\u00e3o m\u00e1xima padr\u00e3o de mais de cinco vezes o valor nominal alta resist\u00eancia \u00e0 tra\u00e7\u00e3o, antidesgaste, n\u00e3o \u00e9 f\u00e1cil de rebarbar, correias e cor da casca, combina\u00e7\u00e3o de valor de moda e cor.<\/p><h2>Gancho de eletroforese anticorrosivo aprimorado:<\/h2><p>Adota o gancho de eletroforese de prote\u00e7\u00e3o ambiental aprimorado, que \u00e9 resistente \u00e0 corros\u00e3o por spray de sal e n\u00e3o \u00e9 f\u00e1cil de enferrujar. Pode ser facilmente usado com a gola e o peito nas costas.<\/p><p align=\"center\"><img decoding=\"async\" class=\"img-responsive\" src=\"https:\/\/18pet.com\/wp-content\/uploads\/2023\/05\/2051948329-1.jpg\"><img decoding=\"async\" class=\"img-responsive\" src=\"https:\/\/18pet.com\/wp-content\/uploads\/2023\/05\/834587198-1.jpg\"><img decoding=\"async\" class=\"img-responsive\" src=\"https:\/\/18pet.com\/wp-content\/uploads\/2023\/05\/1264309890-1.jpg\"><img decoding=\"async\" class=\"img-responsive\" src=\"https:\/\/18pet.com\/wp-content\/uploads\/2023\/05\/1208886570-1.jpg\"><img decoding=\"async\" class=\"img-responsive\" src=\"https:\/\/18pet.com\/wp-content\/uploads\/2023\/05\/1990431932-1.jpg\"><img decoding=\"async\" class=\"img-responsive\" src=\"https:\/\/18pet.com\/wp-content\/uploads\/2023\/05\/1727437834-1.jpg\"><img decoding=\"async\" class=\"img-responsive\" src=\"https:\/\/18pet.com\/wp-content\/uploads\/2023\/05\/1312003729-1.jpg\"><img decoding=\"async\" class=\"img-responsive\" src=\"https:\/\/18pet.com\/wp-content\/uploads\/2023\/05\/938249656-1.jpg\"><img decoding=\"async\" class=\"img-responsive\" src=\"https:\/\/18pet.com\/wp-content\/uploads\/2023\/05\/1085178089-1.jpg\"><img decoding=\"async\" class=\"img-responsive\" src=\"https:\/\/18pet.com\/wp-content\/uploads\/2023\/05\/1504917139-1.jpg\"><img decoding=\"async\" class=\"img-responsive\" src=\"https:\/\/18pet.com\/wp-content\/uploads\/2023\/05\/654055404-1.jpg\"><img decoding=\"async\" class=\"img-responsive\" src=\"https:\/\/18pet.com\/wp-content\/uploads\/2023\/05\/1609163459-1.jpg\"><img decoding=\"async\" class=\"img-responsive\" src=\"https:\/\/18pet.com\/wp-content\/uploads\/2023\/05\/218251162-1.jpg\"><img decoding=\"async\" class=\"img-responsive\" src=\"https:\/\/18pet.com\/wp-content\/uploads\/2023\/05\/439712414-1.jpg\"><img decoding=\"async\" class=\"img-responsive\" src=\"https:\/\/18pet.com\/wp-content\/uploads\/2023\/05\/1390722026-1.jpg\"><\/p><\/h2>","protected":false},"excerpt":{"rendered":"<h2><span style=\"color: #ff0000\">3M<\/span>: 3m \u00e9 adequado para animais de estima\u00e7\u00e3o com peso de at\u00e9 15KG, comprimento da coleira 3M.<br>\n<span style=\"color: #ff0000\">5M<\/span> :5m \u00e9 adequado para animais de estima\u00e7\u00e3o com peso de at\u00e9 25KG, comprimento da trela de 5M.<h2><span style=\"color: #ff0000\">Recurso<\/span> :Pode ser estendido e encurtado, facilitando o uso.<\/h2><\/h2>","protected":false},"featured_media":3380,"comment_status":"open","ping_status":"closed","template":"","meta":[],"product_brand":[],"product_cat":[114],"product_tag":[244,286],"class_list":{"0":"post-3340","1":"product","2":"type-product","3":"status-publish","4":"has-post-thumbnail","6":"product_cat-leashes","7":"product_tag-dog","8":"product_tag-leashes","9":"pa_color-blue","10":"pa_color-coffee","11":"pa_color-dark-blue","12":"pa_color-dark-grey","13":"pa_color-purple","14":"pa_color-red","15":"pa_size-3m-15kg","16":"pa_size-5m-25kg","18":"first","19":"instock","20":"sale","21":"taxable","22":"shipping-taxable","23":"purchasable","24":"product-type-variable"},"yoast_head":"<!-- This site is optimized with the Yoast SEO plugin v25.0 - https:\/\/yoast.com\/wordpress\/plugins\/seo\/ -->\n<title>Automatic Retractable Dog Traction Rope Dog Leash &#8212; 18pet.com<\/title>\n<meta name=\"robots\" content=\"index, follow, max-snippet:-1, max-image-preview:large, max-video-preview:-1\" \/>\n<link rel=\"canonical\" href=\"https:\/\/18pet.com\/pt_br\/produto\/trela-automatica-retratil-cao-tracao-cao-corda-cao\/\" \/>\n<meta property=\"og:locale\" content=\"pt_BR\" \/>\n<meta property=\"og:type\" content=\"article\" \/>\n<meta property=\"og:title\" content=\"Automatic Retractable Dog Traction Rope Dog Leash &#8212; 18pet.com\" \/>\n<meta property=\"og:description\" content=\"3M: 3m is suitable for pet weight up to 15KG, leash length 3M. 5M :5m is suitable for pet weight up to 25KG, leash length 5M. Feature :It can be extended and shortened, making it easy to use.\" \/>\n<meta property=\"og:url\" content=\"https:\/\/18pet.com\/pt_br\/produto\/trela-automatica-retratil-cao-tracao-cao-corda-cao\/\" \/>\n<meta property=\"og:site_name\" content=\"18pet.com\" \/>\n<meta property=\"article:modified_time\" content=\"2025-03-23T12:58:32+00:00\" \/>\n<meta property=\"og:image\" content=\"https:\/\/18pet.com\/wp-content\/uploads\/2023\/05\/1783558209-1.png\" \/>\n\t<meta property=\"og:image:width\" content=\"1000\" \/>\n\t<meta property=\"og:image:height\" content=\"1000\" \/>\n\t<meta property=\"og:image:type\" content=\"image\/png\" \/>\n<meta name=\"twitter:card\" content=\"summary_large_image\" \/>\n<meta name=\"twitter:label1\" content=\"Est. tempo de leitura\" \/>\n\t<meta name=\"twitter:data1\" content=\"1 minuto\" \/>\n<script type=\"application\/ld+json\" class=\"yoast-schema-graph\">{\"@context\":\"https:\/\/schema.org\",\"@graph\":[{\"@type\":\"WebPage\",\"@id\":\"https:\/\/18pet.com\/product\/automatic-retractable-dog-traction-rope-dog-leash\/\",\"url\":\"https:\/\/18pet.com\/product\/automatic-retractable-dog-traction-rope-dog-leash\/\",\"name\":\"Automatic Retractable Dog Traction Rope Dog Leash &#8212; 18pet.com\",\"isPartOf\":{\"@id\":\"https:\/\/18pet.com\/id\/#website\"},\"primaryImageOfPage\":{\"@id\":\"https:\/\/18pet.com\/product\/automatic-retractable-dog-traction-rope-dog-leash\/#primaryimage\"},\"image\":{\"@id\":\"https:\/\/18pet.com\/product\/automatic-retractable-dog-traction-rope-dog-leash\/#primaryimage\"},\"thumbnailUrl\":\"https:\/\/18pet.com\/wp-content\/uploads\/2023\/05\/1783558209-1.png\",\"datePublished\":\"2022-05-03T08:10:17+00:00\",\"dateModified\":\"2025-03-23T12:58:32+00:00\",\"breadcrumb\":{\"@id\":\"https:\/\/18pet.com\/product\/automatic-retractable-dog-traction-rope-dog-leash\/#breadcrumb\"},\"inLanguage\":\"pt-BR\",\"potentialAction\":[{\"@type\":\"ReadAction\",\"target\":[\"https:\/\/18pet.com\/product\/automatic-retractable-dog-traction-rope-dog-leash\/\"]}]},{\"@type\":\"ImageObject\",\"inLanguage\":\"pt-BR\",\"@id\":\"https:\/\/18pet.com\/product\/automatic-retractable-dog-traction-rope-dog-leash\/#primaryimage\",\"url\":\"https:\/\/18pet.com\/wp-content\/uploads\/2023\/05\/1783558209-1.png\",\"contentUrl\":\"https:\/\/18pet.com\/wp-content\/uploads\/2023\/05\/1783558209-1.png\",\"width\":1000,\"height\":1000},{\"@type\":\"BreadcrumbList\",\"@id\":\"https:\/\/18pet.com\/product\/automatic-retractable-dog-traction-rope-dog-leash\/#breadcrumb\",\"itemListElement\":[{\"@type\":\"ListItem\",\"position\":1,\"name\":\"Home\",\"item\":\"https:\/\/18pet.com\/\"},{\"@type\":\"ListItem\",\"position\":2,\"name\":\"Products\",\"item\":\"https:\/\/18pet.com\/tr\/products\/\"},{\"@type\":\"ListItem\",\"position\":3,\"name\":\"Automatic Retractable Dog Traction Rope Dog Leash\"}]},{\"@type\":\"WebSite\",\"@id\":\"https:\/\/18pet.com\/id\/#website\",\"url\":\"https:\/\/18pet.com\/id\/\",\"name\":\"18pet.com\",\"description\":\"Your pet supplies center\",\"publisher\":{\"@id\":\"https:\/\/18pet.com\/id\/#organization\"},\"potentialAction\":[{\"@type\":\"SearchAction\",\"target\":{\"@type\":\"EntryPoint\",\"urlTemplate\":\"https:\/\/18pet.com\/id\/?s={search_term_string}\"},\"query-input\":{\"@type\":\"PropertyValueSpecification\",\"valueRequired\":true,\"valueName\":\"search_term_string\"}}],\"inLanguage\":\"pt-BR\"},{\"@type\":\"Organization\",\"@id\":\"https:\/\/18pet.com\/id\/#organization\",\"name\":\"18pet.com\",\"url\":\"https:\/\/18pet.com\/id\/\",\"logo\":{\"@type\":\"ImageObject\",\"inLanguage\":\"pt-BR\",\"@id\":\"https:\/\/18pet.com\/id\/#\/schema\/logo\/image\/\",\"url\":\"https:\/\/18pet.com\/wp-content\/uploads\/2023\/04\/18pet-white-background.png\",\"contentUrl\":\"https:\/\/18pet.com\/wp-content\/uploads\/2023\/04\/18pet-white-background.png\",\"width\":515,\"height\":167,\"caption\":\"18pet.com\"},\"image\":{\"@id\":\"https:\/\/18pet.com\/id\/#\/schema\/logo\/image\/\"}}]}<\/script>\n<!-- \/ Yoast SEO plugin. -->","yoast_head_json":{"title":"Automatic Retractable Dog Traction Rope Dog Leash &#8212; 18pet.com","robots":{"index":"index","follow":"follow","max-snippet":"max-snippet:-1","max-image-preview":"max-image-preview:large","max-video-preview":"max-video-preview:-1"},"canonical":"https:\/\/18pet.com\/pt_br\/produto\/trela-automatica-retratil-cao-tracao-cao-corda-cao\/","og_locale":"pt_BR","og_type":"article","og_title":"Automatic Retractable Dog Traction Rope Dog Leash &#8212; 18pet.com","og_description":"3M: 3m is suitable for pet weight up to 15KG, leash length 3M. 5M :5m is suitable for pet weight up to 25KG, leash length 5M. Feature :It can be extended and shortened, making it easy to use.","og_url":"https:\/\/18pet.com\/pt_br\/produto\/trela-automatica-retratil-cao-tracao-cao-corda-cao\/","og_site_name":"18pet.com","article_modified_time":"2025-03-23T12:58:32+00:00","og_image":[{"width":1000,"height":1000,"url":"https:\/\/18pet.com\/wp-content\/uploads\/2023\/05\/1783558209-1.png","type":"image\/png"}],"twitter_card":"summary_large_image","twitter_misc":{"Est. tempo de leitura":"1 minuto"},"schema":{"@context":"https:\/\/schema.org","@graph":[{"@type":"WebPage","@id":"https:\/\/18pet.com\/product\/automatic-retractable-dog-traction-rope-dog-leash\/","url":"https:\/\/18pet.com\/product\/automatic-retractable-dog-traction-rope-dog-leash\/","name":"Automatic Retractable Dog Traction Rope Dog Leash &#8212; 18pet.com","isPartOf":{"@id":"https:\/\/18pet.com\/id\/#website"},"primaryImageOfPage":{"@id":"https:\/\/18pet.com\/product\/automatic-retractable-dog-traction-rope-dog-leash\/#primaryimage"},"image":{"@id":"https:\/\/18pet.com\/product\/automatic-retractable-dog-traction-rope-dog-leash\/#primaryimage"},"thumbnailUrl":"https:\/\/18pet.com\/wp-content\/uploads\/2023\/05\/1783558209-1.png","datePublished":"2022-05-03T08:10:17+00:00","dateModified":"2025-03-23T12:58:32+00:00","breadcrumb":{"@id":"https:\/\/18pet.com\/product\/automatic-retractable-dog-traction-rope-dog-leash\/#breadcrumb"},"inLanguage":"pt-BR","potentialAction":[{"@type":"ReadAction","target":["https:\/\/18pet.com\/product\/automatic-retractable-dog-traction-rope-dog-leash\/"]}]},{"@type":"ImageObject","inLanguage":"pt-BR","@id":"https:\/\/18pet.com\/product\/automatic-retractable-dog-traction-rope-dog-leash\/#primaryimage","url":"https:\/\/18pet.com\/wp-content\/uploads\/2023\/05\/1783558209-1.png","contentUrl":"https:\/\/18pet.com\/wp-content\/uploads\/2023\/05\/1783558209-1.png","width":1000,"height":1000},{"@type":"BreadcrumbList","@id":"https:\/\/18pet.com\/product\/automatic-retractable-dog-traction-rope-dog-leash\/#breadcrumb","itemListElement":[{"@type":"ListItem","position":1,"name":"Home","item":"https:\/\/18pet.com\/"},{"@type":"ListItem","position":2,"name":"Products","item":"https:\/\/18pet.com\/tr\/products\/"},{"@type":"ListItem","position":3,"name":"Automatic Retractable Dog Traction Rope Dog Leash"}]},{"@type":"WebSite","@id":"https:\/\/18pet.com\/id\/#website","url":"https:\/\/18pet.com\/id\/","name":"18pet.com","description":"Your pet supplies center","publisher":{"@id":"https:\/\/18pet.com\/id\/#organization"},"potentialAction":[{"@type":"SearchAction","target":{"@type":"EntryPoint","urlTemplate":"https:\/\/18pet.com\/id\/?s={search_term_string}"},"query-input":{"@type":"PropertyValueSpecification","valueRequired":true,"valueName":"search_term_string"}}],"inLanguage":"pt-BR"},{"@type":"Organization","@id":"https:\/\/18pet.com\/id\/#organization","name":"18pet.com","url":"https:\/\/18pet.com\/id\/","logo":{"@type":"ImageObject","inLanguage":"pt-BR","@id":"https:\/\/18pet.com\/id\/#\/schema\/logo\/image\/","url":"https:\/\/18pet.com\/wp-content\/uploads\/2023\/04\/18pet-white-background.png","contentUrl":"https:\/\/18pet.com\/wp-content\/uploads\/2023\/04\/18pet-white-background.png","width":515,"height":167,"caption":"18pet.com"},"image":{"@id":"https:\/\/18pet.com\/id\/#\/schema\/logo\/image\/"}}]}},"jetpack_sharing_enabled":true,"_links":{"self":[{"href":"https:\/\/18pet.com\/pt_br\/wp-json\/wp\/v2\/product\/3340","targetHints":{"allow":["GET"]}}],"collection":[{"href":"https:\/\/18pet.com\/pt_br\/wp-json\/wp\/v2\/product"}],"about":[{"href":"https:\/\/18pet.com\/pt_br\/wp-json\/wp\/v2\/types\/product"}],"replies":[{"embeddable":true,"href":"https:\/\/18pet.com\/pt_br\/wp-json\/wp\/v2\/comments?post=3340"}],"wp:featuredmedia":[{"embeddable":true,"href":"https:\/\/18pet.com\/pt_br\/wp-json\/wp\/v2\/media\/3380"}],"wp:attachment":[{"href":"https:\/\/18pet.com\/pt_br\/wp-json\/wp\/v2\/media?parent=3340"}],"wp:term":[{"taxonomy":"product_brand","embeddable":true,"href":"https:\/\/18pet.com\/pt_br\/wp-json\/wp\/v2\/product_brand?post=3340"},{"taxonomy":"product_cat","embeddable":true,"href":"https:\/\/18pet.com\/pt_br\/wp-json\/wp\/v2\/product_cat?post=3340"},{"taxonomy":"product_tag","embeddable":true,"href":"https:\/\/18pet.com\/pt_br\/wp-json\/wp\/v2\/product_tag?post=3340"}],"curies":[{"name":"wp","href":"https:\/\/api.w.org\/{rel}","templated":true}]}}