{"id":3273,"date":"2022-05-03T03:34:28","date_gmt":"2022-05-03T03:34:28","guid":{"rendered":"https:\/\/18pet.com\/?post_type=product&#038;p=3273"},"modified":"2025-03-23T14:00:35","modified_gmt":"2025-03-23T14:00:35","slug":"pet-training-supplies-click-sound-clicker-dog-supplies-training-sounder-clicker-sound-guide-durable-training-clicker-for-dog","status":"publish","type":"product","link":"https:\/\/18pet.com\/pt_br\/produto\/pet-training-supplies-click-sound-clicker-dog-supplies-training-sounder-clicker-sound-guide-duravel-training-clicker-for-dog\/","title":{"rendered":"<p>Clicker dur\u00e1vel para treinamento de animais de estima\u00e7\u00e3o Suprimentos para c\u00e3es<\/p>"},"content":{"rendered":"<p>Clicker \u00e9 uma ferramenta interativa entre o dono e o animal de estima\u00e7\u00e3o. Requer pr\u00e1tica paciente para ser eficaz. Durante a pr\u00e1tica, voc\u00ea aprender\u00e1 mais sobre o comportamento do pet e cultivar\u00e1 uma rela\u00e7\u00e3o de confian\u00e7a com ele.<h2>Recurso:<\/h2><p>F\u00e1cil de usar. \u00e9 \u00fatil treinar animais de estima\u00e7\u00e3o.<\/p><p>Design n\u00e3o corrosivo e resistente a choques.<\/p><p>Isso \u00e9 dur\u00e1vel prop\u00edcio ao uso a longo prazo.<\/p><h2>Especifica\u00e7\u00f5es:<\/h2><p><strong>Material:<\/strong> Pl\u00e1stico<\/p><p><strong>Peso l\u00edquido:<\/strong>15g<\/p><p><strong>Cor:<\/strong> roxo azulado<\/p><p><strong>Tipo de item:<\/strong> clickers de treinamento<\/p><p><strong>Fun\u00e7\u00e3o:<\/strong> c\u00e3o de treinamento<\/p><p><strong>Inclu\u00eddo no Pacote:<\/strong>Clicker*1<\/p><p id=\"combine-desc-images\"><img decoding=\"async\" class=\"img-responsive\" src=\"https:\/\/18pet.com\/wp-content\/uploads\/2023\/05\/756598323-1.jpg\"><img decoding=\"async\" class=\"img-responsive\" src=\"https:\/\/18pet.com\/wp-content\/uploads\/2023\/05\/101473562-1.jpg\"><img decoding=\"async\" class=\"img-responsive\" src=\"https:\/\/18pet.com\/wp-content\/uploads\/2023\/05\/310653738-1.jpg\"><img decoding=\"async\" class=\"img-responsive\" src=\"https:\/\/18pet.com\/wp-content\/uploads\/2023\/05\/863596867-1.jpg\"><img decoding=\"async\" class=\"img-responsive\" src=\"https:\/\/18pet.com\/wp-content\/uploads\/2023\/05\/436394719-1.jpg\"><img decoding=\"async\" class=\"img-responsive\" src=\"https:\/\/18pet.com\/wp-content\/uploads\/2023\/05\/668275958-1.jpg\"><img decoding=\"async\" class=\"img-responsive\" src=\"https:\/\/18pet.com\/wp-content\/uploads\/2023\/05\/1867742143-1.jpg\"><img decoding=\"async\" class=\"img-responsive\" src=\"https:\/\/18pet.com\/wp-content\/uploads\/2023\/05\/77707764-1.jpg\"><img decoding=\"async\" class=\"img-responsive\" src=\"https:\/\/18pet.com\/wp-content\/uploads\/2023\/05\/518941275-1.jpg\"><img decoding=\"async\" class=\"img-responsive\" src=\"https:\/\/18pet.com\/wp-content\/uploads\/2023\/05\/588503608-1.jpg\"><img decoding=\"async\" class=\"img-responsive\" src=\"https:\/\/18pet.com\/wp-content\/uploads\/2023\/05\/510803606-1.jpg\"><img decoding=\"async\" class=\"img-responsive\" src=\"https:\/\/18pet.com\/wp-content\/uploads\/2023\/05\/182252690-1.jpg\"><img decoding=\"async\" class=\"img-responsive\" src=\"https:\/\/18pet.com\/wp-content\/uploads\/2023\/05\/66164110-1.jpg\"><\/p><\/p>","protected":false},"excerpt":{"rendered":"<p><span style=\"color: #ff0000\">1. F\u00e1cil de usar.<\/span>&nbsp; Design de faixa el\u00e1stica que pode ser afivelada nos dedos.<br>\n2.Design n\u00e3o corrosivo e resistente a choques.<br>\n3. Isso \u00e9 dur\u00e1vel e prop\u00edcio ao uso a longo prazo.<br>\n4.Peso l\u00edquido 15g.<\/p>","protected":false},"featured_media":3274,"comment_status":"open","ping_status":"closed","template":"","meta":[],"product_brand":[],"product_cat":[103],"product_tag":[275,244,265],"class_list":{"0":"post-3273","1":"product","2":"type-product","3":"status-publish","4":"has-post-thumbnail","6":"product_cat-training-clickers","7":"product_tag-clickers","8":"product_tag-dog","9":"product_tag-dog-training","10":"pa_color-blue","11":"pa_color-purple","13":"first","14":"instock","15":"sale","16":"taxable","17":"shipping-taxable","18":"purchasable","19":"product-type-variable"},"yoast_head":"<!-- This site is optimized with the Yoast SEO plugin v25.0 - https:\/\/yoast.com\/wordpress\/plugins\/seo\/ -->\n<title>Durable Pet Training Clicker Dog Supplies &#8212; 18pet.com<\/title>\n<meta name=\"robots\" content=\"index, follow, max-snippet:-1, max-image-preview:large, max-video-preview:-1\" \/>\n<link rel=\"canonical\" href=\"https:\/\/18pet.com\/pt_br\/produto\/pet-training-supplies-click-sound-clicker-dog-supplies-training-sounder-clicker-sound-guide-duravel-training-clicker-for-dog\/\" \/>\n<meta property=\"og:locale\" content=\"pt_BR\" \/>\n<meta property=\"og:type\" content=\"article\" \/>\n<meta property=\"og:title\" content=\"Durable Pet Training Clicker Dog Supplies &#8212; 18pet.com\" \/>\n<meta property=\"og:description\" content=\"1. Easy to use.\u00a0 Elastic band design that can be buckled onto the fingers. 2.Non-corroding, shock-resistant design. 3.That is durable conducive to long-term use. 4.Net weight 15g.\" \/>\n<meta property=\"og:url\" content=\"https:\/\/18pet.com\/pt_br\/produto\/pet-training-supplies-click-sound-clicker-dog-supplies-training-sounder-clicker-sound-guide-duravel-training-clicker-for-dog\/\" \/>\n<meta property=\"og:site_name\" content=\"18pet.com\" \/>\n<meta property=\"article:modified_time\" content=\"2025-03-23T14:00:35+00:00\" \/>\n<meta property=\"og:image\" content=\"https:\/\/18pet.com\/wp-content\/uploads\/2023\/05\/1446787414-1.jpg\" \/>\n\t<meta property=\"og:image:width\" content=\"800\" \/>\n\t<meta property=\"og:image:height\" content=\"800\" \/>\n\t<meta property=\"og:image:type\" content=\"image\/jpeg\" \/>\n<meta name=\"twitter:card\" content=\"summary_large_image\" \/>\n<script type=\"application\/ld+json\" class=\"yoast-schema-graph\">{\"@context\":\"https:\/\/schema.org\",\"@graph\":[{\"@type\":\"WebPage\",\"@id\":\"https:\/\/18pet.com\/product\/pet-training-supplies-click-sound-clicker-dog-supplies-training-sounder-clicker-sound-guide-durable-training-clicker-for-dog\/\",\"url\":\"https:\/\/18pet.com\/product\/pet-training-supplies-click-sound-clicker-dog-supplies-training-sounder-clicker-sound-guide-durable-training-clicker-for-dog\/\",\"name\":\"Durable Pet Training Clicker Dog Supplies &#8212; 18pet.com\",\"isPartOf\":{\"@id\":\"https:\/\/18pet.com\/id\/#website\"},\"primaryImageOfPage\":{\"@id\":\"https:\/\/18pet.com\/product\/pet-training-supplies-click-sound-clicker-dog-supplies-training-sounder-clicker-sound-guide-durable-training-clicker-for-dog\/#primaryimage\"},\"image\":{\"@id\":\"https:\/\/18pet.com\/product\/pet-training-supplies-click-sound-clicker-dog-supplies-training-sounder-clicker-sound-guide-durable-training-clicker-for-dog\/#primaryimage\"},\"thumbnailUrl\":\"https:\/\/18pet.com\/wp-content\/uploads\/2023\/05\/1446787414-1.jpg\",\"datePublished\":\"2022-05-03T03:34:28+00:00\",\"dateModified\":\"2025-03-23T14:00:35+00:00\",\"breadcrumb\":{\"@id\":\"https:\/\/18pet.com\/product\/pet-training-supplies-click-sound-clicker-dog-supplies-training-sounder-clicker-sound-guide-durable-training-clicker-for-dog\/#breadcrumb\"},\"inLanguage\":\"pt-BR\",\"potentialAction\":[{\"@type\":\"ReadAction\",\"target\":[\"https:\/\/18pet.com\/product\/pet-training-supplies-click-sound-clicker-dog-supplies-training-sounder-clicker-sound-guide-durable-training-clicker-for-dog\/\"]}]},{\"@type\":\"ImageObject\",\"inLanguage\":\"pt-BR\",\"@id\":\"https:\/\/18pet.com\/product\/pet-training-supplies-click-sound-clicker-dog-supplies-training-sounder-clicker-sound-guide-durable-training-clicker-for-dog\/#primaryimage\",\"url\":\"https:\/\/18pet.com\/wp-content\/uploads\/2023\/05\/1446787414-1.jpg\",\"contentUrl\":\"https:\/\/18pet.com\/wp-content\/uploads\/2023\/05\/1446787414-1.jpg\",\"width\":800,\"height\":800,\"caption\":\"Pet Training Supplies Click Sound Clicker Dog Supplies Training Sounder Clicker Sound Guide Durable Training Clicker for Dog 1\"},{\"@type\":\"BreadcrumbList\",\"@id\":\"https:\/\/18pet.com\/product\/pet-training-supplies-click-sound-clicker-dog-supplies-training-sounder-clicker-sound-guide-durable-training-clicker-for-dog\/#breadcrumb\",\"itemListElement\":[{\"@type\":\"ListItem\",\"position\":1,\"name\":\"Home\",\"item\":\"https:\/\/18pet.com\/\"},{\"@type\":\"ListItem\",\"position\":2,\"name\":\"Products\",\"item\":\"https:\/\/18pet.com\/tr\/products\/\"},{\"@type\":\"ListItem\",\"position\":3,\"name\":\"Durable Pet Training Clicker Dog Supplies\"}]},{\"@type\":\"WebSite\",\"@id\":\"https:\/\/18pet.com\/id\/#website\",\"url\":\"https:\/\/18pet.com\/id\/\",\"name\":\"18pet.com\",\"description\":\"Your pet supplies center\",\"publisher\":{\"@id\":\"https:\/\/18pet.com\/id\/#organization\"},\"potentialAction\":[{\"@type\":\"SearchAction\",\"target\":{\"@type\":\"EntryPoint\",\"urlTemplate\":\"https:\/\/18pet.com\/id\/?s={search_term_string}\"},\"query-input\":{\"@type\":\"PropertyValueSpecification\",\"valueRequired\":true,\"valueName\":\"search_term_string\"}}],\"inLanguage\":\"pt-BR\"},{\"@type\":\"Organization\",\"@id\":\"https:\/\/18pet.com\/id\/#organization\",\"name\":\"18pet.com\",\"url\":\"https:\/\/18pet.com\/id\/\",\"logo\":{\"@type\":\"ImageObject\",\"inLanguage\":\"pt-BR\",\"@id\":\"https:\/\/18pet.com\/id\/#\/schema\/logo\/image\/\",\"url\":\"https:\/\/18pet.com\/wp-content\/uploads\/2023\/04\/18pet-white-background.png\",\"contentUrl\":\"https:\/\/18pet.com\/wp-content\/uploads\/2023\/04\/18pet-white-background.png\",\"width\":515,\"height\":167,\"caption\":\"18pet.com\"},\"image\":{\"@id\":\"https:\/\/18pet.com\/id\/#\/schema\/logo\/image\/\"}}]}<\/script>\n<!-- \/ Yoast SEO plugin. -->","yoast_head_json":{"title":"Durable Pet Training Clicker Dog Supplies &#8212; 18pet.com","robots":{"index":"index","follow":"follow","max-snippet":"max-snippet:-1","max-image-preview":"max-image-preview:large","max-video-preview":"max-video-preview:-1"},"canonical":"https:\/\/18pet.com\/pt_br\/produto\/pet-training-supplies-click-sound-clicker-dog-supplies-training-sounder-clicker-sound-guide-duravel-training-clicker-for-dog\/","og_locale":"pt_BR","og_type":"article","og_title":"Durable Pet Training Clicker Dog Supplies &#8212; 18pet.com","og_description":"1. Easy to use.\u00a0 Elastic band design that can be buckled onto the fingers. 2.Non-corroding, shock-resistant design. 3.That is durable conducive to long-term use. 4.Net weight 15g.","og_url":"https:\/\/18pet.com\/pt_br\/produto\/pet-training-supplies-click-sound-clicker-dog-supplies-training-sounder-clicker-sound-guide-duravel-training-clicker-for-dog\/","og_site_name":"18pet.com","article_modified_time":"2025-03-23T14:00:35+00:00","og_image":[{"width":800,"height":800,"url":"https:\/\/18pet.com\/wp-content\/uploads\/2023\/05\/1446787414-1.jpg","type":"image\/jpeg"}],"twitter_card":"summary_large_image","schema":{"@context":"https:\/\/schema.org","@graph":[{"@type":"WebPage","@id":"https:\/\/18pet.com\/product\/pet-training-supplies-click-sound-clicker-dog-supplies-training-sounder-clicker-sound-guide-durable-training-clicker-for-dog\/","url":"https:\/\/18pet.com\/product\/pet-training-supplies-click-sound-clicker-dog-supplies-training-sounder-clicker-sound-guide-durable-training-clicker-for-dog\/","name":"Durable Pet Training Clicker Dog Supplies &#8212; 18pet.com","isPartOf":{"@id":"https:\/\/18pet.com\/id\/#website"},"primaryImageOfPage":{"@id":"https:\/\/18pet.com\/product\/pet-training-supplies-click-sound-clicker-dog-supplies-training-sounder-clicker-sound-guide-durable-training-clicker-for-dog\/#primaryimage"},"image":{"@id":"https:\/\/18pet.com\/product\/pet-training-supplies-click-sound-clicker-dog-supplies-training-sounder-clicker-sound-guide-durable-training-clicker-for-dog\/#primaryimage"},"thumbnailUrl":"https:\/\/18pet.com\/wp-content\/uploads\/2023\/05\/1446787414-1.jpg","datePublished":"2022-05-03T03:34:28+00:00","dateModified":"2025-03-23T14:00:35+00:00","breadcrumb":{"@id":"https:\/\/18pet.com\/product\/pet-training-supplies-click-sound-clicker-dog-supplies-training-sounder-clicker-sound-guide-durable-training-clicker-for-dog\/#breadcrumb"},"inLanguage":"pt-BR","potentialAction":[{"@type":"ReadAction","target":["https:\/\/18pet.com\/product\/pet-training-supplies-click-sound-clicker-dog-supplies-training-sounder-clicker-sound-guide-durable-training-clicker-for-dog\/"]}]},{"@type":"ImageObject","inLanguage":"pt-BR","@id":"https:\/\/18pet.com\/product\/pet-training-supplies-click-sound-clicker-dog-supplies-training-sounder-clicker-sound-guide-durable-training-clicker-for-dog\/#primaryimage","url":"https:\/\/18pet.com\/wp-content\/uploads\/2023\/05\/1446787414-1.jpg","contentUrl":"https:\/\/18pet.com\/wp-content\/uploads\/2023\/05\/1446787414-1.jpg","width":800,"height":800,"caption":"Pet Training Supplies Click Sound Clicker Dog Supplies Training Sounder Clicker Sound Guide Durable Training Clicker for Dog 1"},{"@type":"BreadcrumbList","@id":"https:\/\/18pet.com\/product\/pet-training-supplies-click-sound-clicker-dog-supplies-training-sounder-clicker-sound-guide-durable-training-clicker-for-dog\/#breadcrumb","itemListElement":[{"@type":"ListItem","position":1,"name":"Home","item":"https:\/\/18pet.com\/"},{"@type":"ListItem","position":2,"name":"Products","item":"https:\/\/18pet.com\/tr\/products\/"},{"@type":"ListItem","position":3,"name":"Durable Pet Training Clicker Dog Supplies"}]},{"@type":"WebSite","@id":"https:\/\/18pet.com\/id\/#website","url":"https:\/\/18pet.com\/id\/","name":"18pet.com","description":"Your pet supplies center","publisher":{"@id":"https:\/\/18pet.com\/id\/#organization"},"potentialAction":[{"@type":"SearchAction","target":{"@type":"EntryPoint","urlTemplate":"https:\/\/18pet.com\/id\/?s={search_term_string}"},"query-input":{"@type":"PropertyValueSpecification","valueRequired":true,"valueName":"search_term_string"}}],"inLanguage":"pt-BR"},{"@type":"Organization","@id":"https:\/\/18pet.com\/id\/#organization","name":"18pet.com","url":"https:\/\/18pet.com\/id\/","logo":{"@type":"ImageObject","inLanguage":"pt-BR","@id":"https:\/\/18pet.com\/id\/#\/schema\/logo\/image\/","url":"https:\/\/18pet.com\/wp-content\/uploads\/2023\/04\/18pet-white-background.png","contentUrl":"https:\/\/18pet.com\/wp-content\/uploads\/2023\/04\/18pet-white-background.png","width":515,"height":167,"caption":"18pet.com"},"image":{"@id":"https:\/\/18pet.com\/id\/#\/schema\/logo\/image\/"}}]}},"jetpack_sharing_enabled":true,"_links":{"self":[{"href":"https:\/\/18pet.com\/pt_br\/wp-json\/wp\/v2\/product\/3273","targetHints":{"allow":["GET"]}}],"collection":[{"href":"https:\/\/18pet.com\/pt_br\/wp-json\/wp\/v2\/product"}],"about":[{"href":"https:\/\/18pet.com\/pt_br\/wp-json\/wp\/v2\/types\/product"}],"replies":[{"embeddable":true,"href":"https:\/\/18pet.com\/pt_br\/wp-json\/wp\/v2\/comments?post=3273"}],"wp:featuredmedia":[{"embeddable":true,"href":"https:\/\/18pet.com\/pt_br\/wp-json\/wp\/v2\/media\/3274"}],"wp:attachment":[{"href":"https:\/\/18pet.com\/pt_br\/wp-json\/wp\/v2\/media?parent=3273"}],"wp:term":[{"taxonomy":"product_brand","embeddable":true,"href":"https:\/\/18pet.com\/pt_br\/wp-json\/wp\/v2\/product_brand?post=3273"},{"taxonomy":"product_cat","embeddable":true,"href":"https:\/\/18pet.com\/pt_br\/wp-json\/wp\/v2\/product_cat?post=3273"},{"taxonomy":"product_tag","embeddable":true,"href":"https:\/\/18pet.com\/pt_br\/wp-json\/wp\/v2\/product_tag?post=3273"}],"curies":[{"name":"wp","href":"https:\/\/api.w.org\/{rel}","templated":true}]}}