{"id":3235,"date":"2022-05-03T02:34:04","date_gmt":"2022-05-03T02:34:04","guid":{"rendered":"https:\/\/18pet.com\/?post_type=product&#038;p=3235"},"modified":"2025-03-23T12:58:34","modified_gmt":"2025-03-23T12:58:34","slug":"bark-control-device-ultrasonic-anti-bark-device-outdoor-dog-barking-deterrent-silencer-waterproof-training-tool","status":"publish","type":"product","link":"https:\/\/18pet.com\/pt_br\/produto\/dispositivo-de-controle-de-latidos-dispositivo-ultrassonico-antilatidos-para-caes-ao-ar-livre-dissuasor-de-latidos-silenciador-ferramenta-de-treinamento-a-prova-dagua\/","title":{"rendered":"<p>Dispositivo de Controle de Latidos de C\u00e3es Detector Anti-Latido Ultrass\u00f4nico<\/p>"},"content":{"rendered":"<div style=\"width: 100%\">\n<div style=\"width: 854px;\" class=\"wp-video\"><video class=\"wp-video-shortcode\" id=\"video-3235-1\" width=\"854\" height=\"480\" preload=\"metadata\" controls=\"controls\"><source type=\"video\/mp4\" src=\"https:\/\/18pet.com\/wp-content\/uploads\/2023\/05\/510-dog-deterrent.mp4?_=1\"><\/source><a href=\"https:\/\/18pet.com\/wp-content\/uploads\/2023\/05\/510-dog-deterrent.mp4\">https:\/\/18pet.com\/wp-content\/uploads\/2023\/05\/510-dog-deterrent.mp4<\/a><\/video><\/div>\n<h2>Sobre o produto:<\/h2><p><span style=\"color: #ff0000\">1. Dispositivo eficaz para controlar o latido do c\u00e3o:<\/span> Este dispositivo de controle de latido ultrass\u00f4nico autom\u00e1tico ao ar livre adota a tecnologia aprimorada para evitar que seu c\u00e3o ou o cachorro do vizinho latam. Mais eficaz do que a vers\u00e3o antiga. Existem 3 frequ\u00eancias ajust\u00e1veis.<\/p><p><span style=\"color: #ff0000\">2. Seguro para voc\u00ea e seu cachorro:<\/span> A frequ\u00eancia ultrass\u00f4nica \u00e9 inofensiva para animais de estima\u00e7\u00e3o e \u00e9 completamente inaud\u00edvel para ouvidos humanos. A confian\u00e7a de treinadores de c\u00e3es e veterin\u00e1rios.<\/p><p><span style=\"color: #ff0000\">3. Adequado para c\u00e3es de v\u00e1rias ra\u00e7as:<\/span> O dispositivo de controle de latidos emite automaticamente um som seguro, o c\u00e3o pode ouvi-lo com muita clareza, mas n\u00e3o machuca o c\u00e3o ou a pessoa. Adequado para a maioria das ra\u00e7as e tipos f\u00edsicos de c\u00e3es, exceto c\u00e3es com problemas auditivos ou com menos de 6 meses de idade.<\/p><p><span style=\"color: #ff0000\">4. USB recarreg\u00e1vel e \u00e0 prova d&#039;\u00e1gua:<\/span> dispositivo anti-latido ultrass\u00f4nico, forma de mini coruja bem projetada.<br>\nProjetado para ser facilmente pendurado\/instalado em \u00e1rvores, paredes ou postes de cerca para evitar que os c\u00e3es latirem. O dispositivo antilatido ultrass\u00f4nico pode detectar automaticamente latidos a 25 p\u00e9s.<\/p><p><span style=\"color: #ff0000\">5. Pode ser usado como um dispositivo repelente de c\u00e3es e uma ferramenta de aux\u00edlio ao treinamento de c\u00e3es para impedir o mau comportamento dos c\u00e3es, como latidos sem fim.<\/span><\/p><h2>Especifica\u00e7\u00e3o:<\/h2><p><span style=\"color: #ff0000\">Material:<\/span> abd\u00f4men<\/p><p><span style=\"color: #ff0000\">Tamanho:<\/span>9*7,2*11cm<\/p><h2>Notas:<\/h2><p>N\u00e3o recomendamos para c\u00e3es menores de 6 meses e maiores de 8 anos.<\/p><p>Devido \u00e0 diferen\u00e7a entre diferentes monitores e c\u00e2meras, a imagem pode n\u00e3o refletir as cores reais do item. Mas garantimos que o estilo \u00e9 o mesmo mostrado nas fotos.<\/p><p>Por favor, permita uma pequena diferen\u00e7a de dimens\u00e3o devido a diferentes medi\u00e7\u00f5es manuais. Obrigado pela sua compreens\u00e3o.<\/p><p><span style=\"color: #ff0000\">Not\u00edcia importante:<\/span>Este n\u00e3o \u00e9 um dispositivo inteligente. N\u00e3o consegue distinguir entre latidos de c\u00e3es e outros sons. Se houver v\u00e1rios ru\u00eddos no ambiente, ele ser\u00e1 acionado com frequ\u00eancia, causando um consumo r\u00e1pido de energia. E n\u00e3o h\u00e1 correla\u00e7\u00e3o entre seu acionamento e o latido do cachorro, o que reduzir\u00e1 o efeito do treinamento. Portanto, \u00e9 adequado para ambientes com menos ru\u00eddo, exceto latidos de c\u00e3es.<\/p><h2>Lista de pe\u00e7as:<\/h2><p>1 * rolha de latido de cachorro<\/p><p>1 * cabo de carregamento USB<\/p><p>1 * manual em ingl\u00eas<\/p><p align=\"center\"><img decoding=\"async\" class=\"img-responsive\" src=\"https:\/\/18pet.com\/wp-content\/uploads\/2023\/05\/220956531-1.jpg\"><\/p><p align=\"center\"><img decoding=\"async\" class=\"img-responsive\" src=\"https:\/\/18pet.com\/wp-content\/uploads\/2023\/05\/1425130330-1.jpg\"><img decoding=\"async\" class=\"img-responsive\" src=\"https:\/\/18pet.com\/wp-content\/uploads\/2023\/05\/735019943-1.jpg\"><img decoding=\"async\" class=\"img-responsive\" src=\"https:\/\/18pet.com\/wp-content\/uploads\/2023\/05\/1143406920-1.jpg\"><img decoding=\"async\" class=\"img-responsive\" src=\"https:\/\/18pet.com\/wp-content\/uploads\/2023\/05\/83637626-1.jpg\"><\/p><\/div>","protected":false},"excerpt":{"rendered":"<p>1.Dispositivo eficaz para controlar o latido do c\u00e3o.<br>\n2. Seguro para voc\u00ea e seu c\u00e3o.<br>\n3. Adequado para c\u00e3es de v\u00e1rias ra\u00e7as.<br>\n4.USB recarreg\u00e1vel e \u00e0 prova d&#039;\u00e1gua.<br>\n5. Pode ser usado como um dispositivo repelente de c\u00e3es e uma ferramenta de aux\u00edlio ao treinamento de c\u00e3es.<p><strong><span style=\"color: #ff0000\">Not\u00edcia importante:<\/span><\/strong>Este n\u00e3o \u00e9 um dispositivo inteligente. N\u00e3o consegue distinguir entre latidos de c\u00e3es e outros sons. Se houver v\u00e1rios ru\u00eddos no ambiente, ele ser\u00e1 acionado com frequ\u00eancia, causando um consumo r\u00e1pido de energia. E n\u00e3o h\u00e1 correla\u00e7\u00e3o entre seu acionamento e o latido do cachorro, o que reduzir\u00e1 o efeito do treinamento. Portanto, \u00e9 adequado para ambientes com menos ru\u00eddo, exceto latidos de c\u00e3es.<\/p><\/p>","protected":false},"featured_media":3236,"comment_status":"open","ping_status":"closed","template":"","meta":[],"product_brand":[],"product_cat":[102],"product_tag":[256,277,265],"class_list":{"0":"post-3235","1":"product","2":"type-product","3":"status-publish","4":"has-post-thumbnail","6":"product_cat-bark-deterrents","7":"product_tag-anti-bark","8":"product_tag-bark-deterrent","9":"product_tag-dog-training","11":"first","12":"instock","13":"sale","14":"taxable","15":"shipping-taxable","16":"purchasable","17":"product-type-simple"},"yoast_head":"<!-- This site is optimized with the Yoast SEO plugin v25.0 - https:\/\/yoast.com\/wordpress\/plugins\/seo\/ -->\n<title>Dog Bark Control Device Ultrasonic Anti Bark Deterrent &#8212; 18pet.com<\/title>\n<meta name=\"robots\" content=\"index, follow, max-snippet:-1, max-image-preview:large, max-video-preview:-1\" \/>\n<link rel=\"canonical\" href=\"https:\/\/18pet.com\/pt_br\/produto\/dispositivo-de-controle-de-latidos-dispositivo-ultrassonico-antilatidos-para-caes-ao-ar-livre-dissuasor-de-latidos-silenciador-ferramenta-de-treinamento-a-prova-dagua\/\" \/>\n<meta property=\"og:locale\" content=\"pt_BR\" \/>\n<meta property=\"og:type\" content=\"article\" \/>\n<meta property=\"og:title\" content=\"Dog Bark Control Device Ultrasonic Anti Bark Deterrent &#8212; 18pet.com\" \/>\n<meta property=\"og:description\" content=\"1.Effective device to control dog barking. 2.Safe for you and your dog. 3.Suitable for dogs of various breeds. 4.USB rechargeable and waterproof. 5.It can be used as a dog repellent device and a dog training aid tool.  Important Notice:This is not a smart device. It cannot distinguish between dog barking and other sounds.\u00a0 If there are various noises in the environment,\u00a0 it will trigger frequently, causing fast power consumption. And there is no correlation between its triggering and dog barking, which will reduce the training effect.\u00a0 So, it is suitable for environments with less sound except dog barking.\" \/>\n<meta property=\"og:url\" content=\"https:\/\/18pet.com\/pt_br\/produto\/dispositivo-de-controle-de-latidos-dispositivo-ultrassonico-antilatidos-para-caes-ao-ar-livre-dissuasor-de-latidos-silenciador-ferramenta-de-treinamento-a-prova-dagua\/\" \/>\n<meta property=\"og:site_name\" content=\"18pet.com\" \/>\n<meta property=\"article:modified_time\" content=\"2025-03-23T12:58:34+00:00\" \/>\n<meta property=\"og:image\" content=\"https:\/\/18pet.com\/wp-content\/uploads\/2023\/05\/884645188-1.jpg\" \/>\n\t<meta property=\"og:image:width\" content=\"800\" \/>\n\t<meta property=\"og:image:height\" content=\"800\" \/>\n\t<meta property=\"og:image:type\" content=\"image\/jpeg\" \/>\n<meta name=\"twitter:card\" content=\"summary_large_image\" \/>\n<meta name=\"twitter:label1\" content=\"Est. tempo de leitura\" \/>\n\t<meta name=\"twitter:data1\" content=\"2 minutos\" \/>\n<script type=\"application\/ld+json\" class=\"yoast-schema-graph\">{\"@context\":\"https:\/\/schema.org\",\"@graph\":[{\"@type\":\"WebPage\",\"@id\":\"https:\/\/18pet.com\/product\/bark-control-device-ultrasonic-anti-bark-device-outdoor-dog-barking-deterrent-silencer-waterproof-training-tool\/\",\"url\":\"https:\/\/18pet.com\/product\/bark-control-device-ultrasonic-anti-bark-device-outdoor-dog-barking-deterrent-silencer-waterproof-training-tool\/\",\"name\":\"Dog Bark Control Device Ultrasonic Anti Bark Deterrent &#8212; 18pet.com\",\"isPartOf\":{\"@id\":\"https:\/\/18pet.com\/id\/#website\"},\"primaryImageOfPage\":{\"@id\":\"https:\/\/18pet.com\/product\/bark-control-device-ultrasonic-anti-bark-device-outdoor-dog-barking-deterrent-silencer-waterproof-training-tool\/#primaryimage\"},\"image\":{\"@id\":\"https:\/\/18pet.com\/product\/bark-control-device-ultrasonic-anti-bark-device-outdoor-dog-barking-deterrent-silencer-waterproof-training-tool\/#primaryimage\"},\"thumbnailUrl\":\"https:\/\/18pet.com\/wp-content\/uploads\/2023\/05\/884645188-1.jpg\",\"datePublished\":\"2022-05-03T02:34:04+00:00\",\"dateModified\":\"2025-03-23T12:58:34+00:00\",\"breadcrumb\":{\"@id\":\"https:\/\/18pet.com\/product\/bark-control-device-ultrasonic-anti-bark-device-outdoor-dog-barking-deterrent-silencer-waterproof-training-tool\/#breadcrumb\"},\"inLanguage\":\"pt-BR\",\"potentialAction\":[{\"@type\":\"ReadAction\",\"target\":[\"https:\/\/18pet.com\/product\/bark-control-device-ultrasonic-anti-bark-device-outdoor-dog-barking-deterrent-silencer-waterproof-training-tool\/\"]}]},{\"@type\":\"ImageObject\",\"inLanguage\":\"pt-BR\",\"@id\":\"https:\/\/18pet.com\/product\/bark-control-device-ultrasonic-anti-bark-device-outdoor-dog-barking-deterrent-silencer-waterproof-training-tool\/#primaryimage\",\"url\":\"https:\/\/18pet.com\/wp-content\/uploads\/2023\/05\/884645188-1.jpg\",\"contentUrl\":\"https:\/\/18pet.com\/wp-content\/uploads\/2023\/05\/884645188-1.jpg\",\"width\":800,\"height\":800,\"caption\":\"Bark Control Device Ultrasonic Anti Bark Device Outdoor Dog Barking Deterrent Silencer Waterproof Training Tool 1\"},{\"@type\":\"BreadcrumbList\",\"@id\":\"https:\/\/18pet.com\/product\/bark-control-device-ultrasonic-anti-bark-device-outdoor-dog-barking-deterrent-silencer-waterproof-training-tool\/#breadcrumb\",\"itemListElement\":[{\"@type\":\"ListItem\",\"position\":1,\"name\":\"Home\",\"item\":\"https:\/\/18pet.com\/\"},{\"@type\":\"ListItem\",\"position\":2,\"name\":\"Products\",\"item\":\"https:\/\/18pet.com\/tr\/products\/\"},{\"@type\":\"ListItem\",\"position\":3,\"name\":\"Dog Bark Control Device Ultrasonic Anti Bark Deterrent\"}]},{\"@type\":\"WebSite\",\"@id\":\"https:\/\/18pet.com\/id\/#website\",\"url\":\"https:\/\/18pet.com\/id\/\",\"name\":\"18pet.com\",\"description\":\"Your pet supplies center\",\"publisher\":{\"@id\":\"https:\/\/18pet.com\/id\/#organization\"},\"potentialAction\":[{\"@type\":\"SearchAction\",\"target\":{\"@type\":\"EntryPoint\",\"urlTemplate\":\"https:\/\/18pet.com\/id\/?s={search_term_string}\"},\"query-input\":{\"@type\":\"PropertyValueSpecification\",\"valueRequired\":true,\"valueName\":\"search_term_string\"}}],\"inLanguage\":\"pt-BR\"},{\"@type\":\"Organization\",\"@id\":\"https:\/\/18pet.com\/id\/#organization\",\"name\":\"18pet.com\",\"url\":\"https:\/\/18pet.com\/id\/\",\"logo\":{\"@type\":\"ImageObject\",\"inLanguage\":\"pt-BR\",\"@id\":\"https:\/\/18pet.com\/id\/#\/schema\/logo\/image\/\",\"url\":\"https:\/\/18pet.com\/wp-content\/uploads\/2023\/04\/18pet-white-background.png\",\"contentUrl\":\"https:\/\/18pet.com\/wp-content\/uploads\/2023\/04\/18pet-white-background.png\",\"width\":515,\"height\":167,\"caption\":\"18pet.com\"},\"image\":{\"@id\":\"https:\/\/18pet.com\/id\/#\/schema\/logo\/image\/\"}}]}<\/script>\n<!-- \/ Yoast SEO plugin. -->","yoast_head_json":{"title":"Dog Bark Control Device Ultrasonic Anti Bark Deterrent &#8212; 18pet.com","robots":{"index":"index","follow":"follow","max-snippet":"max-snippet:-1","max-image-preview":"max-image-preview:large","max-video-preview":"max-video-preview:-1"},"canonical":"https:\/\/18pet.com\/pt_br\/produto\/dispositivo-de-controle-de-latidos-dispositivo-ultrassonico-antilatidos-para-caes-ao-ar-livre-dissuasor-de-latidos-silenciador-ferramenta-de-treinamento-a-prova-dagua\/","og_locale":"pt_BR","og_type":"article","og_title":"Dog Bark Control Device Ultrasonic Anti Bark Deterrent &#8212; 18pet.com","og_description":"1.Effective device to control dog barking. 2.Safe for you and your dog. 3.Suitable for dogs of various breeds. 4.USB rechargeable and waterproof. 5.It can be used as a dog repellent device and a dog training aid tool.  Important Notice:This is not a smart device. It cannot distinguish between dog barking and other sounds.\u00a0 If there are various noises in the environment,\u00a0 it will trigger frequently, causing fast power consumption. And there is no correlation between its triggering and dog barking, which will reduce the training effect.\u00a0 So, it is suitable for environments with less sound except dog barking.","og_url":"https:\/\/18pet.com\/pt_br\/produto\/dispositivo-de-controle-de-latidos-dispositivo-ultrassonico-antilatidos-para-caes-ao-ar-livre-dissuasor-de-latidos-silenciador-ferramenta-de-treinamento-a-prova-dagua\/","og_site_name":"18pet.com","article_modified_time":"2025-03-23T12:58:34+00:00","og_image":[{"width":800,"height":800,"url":"https:\/\/18pet.com\/wp-content\/uploads\/2023\/05\/884645188-1.jpg","type":"image\/jpeg"}],"twitter_card":"summary_large_image","twitter_misc":{"Est. tempo de leitura":"2 minutos"},"schema":{"@context":"https:\/\/schema.org","@graph":[{"@type":"WebPage","@id":"https:\/\/18pet.com\/product\/bark-control-device-ultrasonic-anti-bark-device-outdoor-dog-barking-deterrent-silencer-waterproof-training-tool\/","url":"https:\/\/18pet.com\/product\/bark-control-device-ultrasonic-anti-bark-device-outdoor-dog-barking-deterrent-silencer-waterproof-training-tool\/","name":"Dog Bark Control Device Ultrasonic Anti Bark Deterrent &#8212; 18pet.com","isPartOf":{"@id":"https:\/\/18pet.com\/id\/#website"},"primaryImageOfPage":{"@id":"https:\/\/18pet.com\/product\/bark-control-device-ultrasonic-anti-bark-device-outdoor-dog-barking-deterrent-silencer-waterproof-training-tool\/#primaryimage"},"image":{"@id":"https:\/\/18pet.com\/product\/bark-control-device-ultrasonic-anti-bark-device-outdoor-dog-barking-deterrent-silencer-waterproof-training-tool\/#primaryimage"},"thumbnailUrl":"https:\/\/18pet.com\/wp-content\/uploads\/2023\/05\/884645188-1.jpg","datePublished":"2022-05-03T02:34:04+00:00","dateModified":"2025-03-23T12:58:34+00:00","breadcrumb":{"@id":"https:\/\/18pet.com\/product\/bark-control-device-ultrasonic-anti-bark-device-outdoor-dog-barking-deterrent-silencer-waterproof-training-tool\/#breadcrumb"},"inLanguage":"pt-BR","potentialAction":[{"@type":"ReadAction","target":["https:\/\/18pet.com\/product\/bark-control-device-ultrasonic-anti-bark-device-outdoor-dog-barking-deterrent-silencer-waterproof-training-tool\/"]}]},{"@type":"ImageObject","inLanguage":"pt-BR","@id":"https:\/\/18pet.com\/product\/bark-control-device-ultrasonic-anti-bark-device-outdoor-dog-barking-deterrent-silencer-waterproof-training-tool\/#primaryimage","url":"https:\/\/18pet.com\/wp-content\/uploads\/2023\/05\/884645188-1.jpg","contentUrl":"https:\/\/18pet.com\/wp-content\/uploads\/2023\/05\/884645188-1.jpg","width":800,"height":800,"caption":"Bark Control Device Ultrasonic Anti Bark Device Outdoor Dog Barking Deterrent Silencer Waterproof Training Tool 1"},{"@type":"BreadcrumbList","@id":"https:\/\/18pet.com\/product\/bark-control-device-ultrasonic-anti-bark-device-outdoor-dog-barking-deterrent-silencer-waterproof-training-tool\/#breadcrumb","itemListElement":[{"@type":"ListItem","position":1,"name":"Home","item":"https:\/\/18pet.com\/"},{"@type":"ListItem","position":2,"name":"Products","item":"https:\/\/18pet.com\/tr\/products\/"},{"@type":"ListItem","position":3,"name":"Dog Bark Control Device Ultrasonic Anti Bark Deterrent"}]},{"@type":"WebSite","@id":"https:\/\/18pet.com\/id\/#website","url":"https:\/\/18pet.com\/id\/","name":"18pet.com","description":"Your pet supplies center","publisher":{"@id":"https:\/\/18pet.com\/id\/#organization"},"potentialAction":[{"@type":"SearchAction","target":{"@type":"EntryPoint","urlTemplate":"https:\/\/18pet.com\/id\/?s={search_term_string}"},"query-input":{"@type":"PropertyValueSpecification","valueRequired":true,"valueName":"search_term_string"}}],"inLanguage":"pt-BR"},{"@type":"Organization","@id":"https:\/\/18pet.com\/id\/#organization","name":"18pet.com","url":"https:\/\/18pet.com\/id\/","logo":{"@type":"ImageObject","inLanguage":"pt-BR","@id":"https:\/\/18pet.com\/id\/#\/schema\/logo\/image\/","url":"https:\/\/18pet.com\/wp-content\/uploads\/2023\/04\/18pet-white-background.png","contentUrl":"https:\/\/18pet.com\/wp-content\/uploads\/2023\/04\/18pet-white-background.png","width":515,"height":167,"caption":"18pet.com"},"image":{"@id":"https:\/\/18pet.com\/id\/#\/schema\/logo\/image\/"}}]}},"jetpack_sharing_enabled":true,"_links":{"self":[{"href":"https:\/\/18pet.com\/pt_br\/wp-json\/wp\/v2\/product\/3235","targetHints":{"allow":["GET"]}}],"collection":[{"href":"https:\/\/18pet.com\/pt_br\/wp-json\/wp\/v2\/product"}],"about":[{"href":"https:\/\/18pet.com\/pt_br\/wp-json\/wp\/v2\/types\/product"}],"replies":[{"embeddable":true,"href":"https:\/\/18pet.com\/pt_br\/wp-json\/wp\/v2\/comments?post=3235"}],"wp:featuredmedia":[{"embeddable":true,"href":"https:\/\/18pet.com\/pt_br\/wp-json\/wp\/v2\/media\/3236"}],"wp:attachment":[{"href":"https:\/\/18pet.com\/pt_br\/wp-json\/wp\/v2\/media?parent=3235"}],"wp:term":[{"taxonomy":"product_brand","embeddable":true,"href":"https:\/\/18pet.com\/pt_br\/wp-json\/wp\/v2\/product_brand?post=3235"},{"taxonomy":"product_cat","embeddable":true,"href":"https:\/\/18pet.com\/pt_br\/wp-json\/wp\/v2\/product_cat?post=3235"},{"taxonomy":"product_tag","embeddable":true,"href":"https:\/\/18pet.com\/pt_br\/wp-json\/wp\/v2\/product_tag?post=3235"}],"curies":[{"name":"wp","href":"https:\/\/api.w.org\/{rel}","templated":true}]}}