{"id":2865,"date":"2022-04-30T09:25:48","date_gmt":"2022-04-30T09:25:48","guid":{"rendered":"https:\/\/18pet.com\/?post_type=product&#038;p=2865"},"modified":"2026-05-08T10:19:53","modified_gmt":"2026-05-08T10:19:53","slug":"portable-pet-dog-food-reward-waist-bags","status":"publish","type":"product","link":"https:\/\/18pet.com\/pt_br\/produto\/bolsas-de-cintura-para-comida-de-cachorro-portatil\/","title":{"rendered":"<p>Bolsas de cintura port\u00e1teis para recompensa de alimentos para c\u00e3es de estima\u00e7\u00e3o<\/p>"},"content":{"rendered":"<div style=\"width: 100%\">\n<div style=\"width: 1280px;\" class=\"wp-video\"><video class=\"wp-video-shortcode\" id=\"video-2865-1\" width=\"1280\" height=\"720\" preload=\"metadata\" controls=\"controls\"><source type=\"video\/mp4\" src=\"https:\/\/18pet.com\/wp-content\/uploads\/2023\/04\/506-agility-equipment-for-dog-plastic-bag.mp4?_=1\"><\/source><a href=\"https:\/\/18pet.com\/wp-content\/uploads\/2023\/04\/506-agility-equipment-for-dog-plastic-bag.mp4\">https:\/\/18pet.com\/wp-content\/uploads\/2023\/04\/506-agility-equipment-for-dog-plastic-bag.mp4<\/a><\/video><\/div>\n<p><strong>Tipo de item:<\/strong><\/p><p>Bolsa para petiscos<\/p><p><strong>Material:<\/strong><\/p><p>Silicone<\/p><p><strong>Cor:<\/strong><br>\nRosa, azul, cinza, preto, roxo, cinza, verde, roxo, marinho, rosa<\/p><p style=\"font-family: 'font-size:14px;font-weight:300;margin-bottom:12px;line-height:20px;color:#000000;'\"><strong>P\u00fablico-alvo:<\/strong><\/p><p style=\"font-family: 'font-size:14px;font-weight:300;margin-bottom:12px;line-height:20px;color:#000000;'\">C\u00e3es<\/p><p style=\"font-family: 'font-size:14px;font-weight:300;margin-bottom:12px;line-height:20px;color:#000000;'\"><strong>Caracter\u00edsticas:<\/strong><br>\n1. Seguro e saud\u00e1vel: este produto \u00e9 feito de silicone com mem\u00f3ria de grau aliment\u00edcio, n\u00e3o \u00e9 t\u00f3xico e \u00e9 inofensivo.<br>\n2. Dur\u00e1vel e de alta qualidade: com resist\u00eancia \u00e0 corros\u00e3o e elasticidade, tem uma longa vida \u00fatil.<br>\n3. F\u00e1cil de usar: h\u00e1 um \u00edm\u00e3 na abertura semifechada, que \u00e9 f\u00e1cil de colocar e retirar, e ela se fechar\u00e1 automaticamente ap\u00f3s a alimenta\u00e7\u00e3o.<br>\n4. Leve e port\u00e1til: com um clipe, voc\u00ea pode carreg\u00e1-lo na m\u00e3o e prend\u00ea-lo no cinto, na cal\u00e7a ou na embalagem para facilitar o treinamento ou a caminhada ao ar livre.<br>\n5. F\u00e1cil de limpar: a abertura grande permite limpar facilmente o interior da bolsa para animais de estima\u00e7\u00e3o para mant\u00ea-la limpa e evitar germes.<\/p><p style=\"font-family: 'font-size:14px;font-weight:300;margin-bottom:12px;line-height:20px;color:#000000;'\"><strong>O pacote inclui:<\/strong><br>\n1 saco para petiscos<\/p><p style=\"font-family: 'font-size:14px;font-weight:300;margin-bottom:12px;line-height:20px;color:#000000;'\"><img decoding=\"async\" class=\"img-responsive\" src=\"https:\/\/18pet.com\/wp-content\/uploads\/2023\/04\/600552793-1.jpg\"><\/p><p><img decoding=\"async\" class=\"img-responsive\" src=\"https:\/\/18pet.com\/wp-content\/uploads\/2023\/04\/46275644-1.jpg\"><br>\n<img decoding=\"async\" class=\"img-responsive\" src=\"https:\/\/18pet.com\/wp-content\/uploads\/2023\/04\/1429999552-1.jpg\"><br>\n<img decoding=\"async\" class=\"img-responsive\" src=\"https:\/\/18pet.com\/wp-content\/uploads\/2023\/04\/1747519968-1.jpg\"><br>\n<img decoding=\"async\" class=\"img-responsive\" src=\"https:\/\/18pet.com\/wp-content\/uploads\/2023\/04\/912853417-1.jpg\"><br>\n<img decoding=\"async\" class=\"img-responsive\" src=\"https:\/\/18pet.com\/wp-content\/uploads\/2023\/04\/659004991-1.jpg\"><br>\n<img decoding=\"async\" class=\"img-responsive\" src=\"https:\/\/18pet.com\/wp-content\/uploads\/2023\/04\/1270938926-1.jpg\"><\/p><p><img decoding=\"async\" class=\"img-responsive\" src=\"https:\/\/18pet.com\/wp-content\/uploads\/2023\/04\/1688403545-1.jpg\"><br>\n<img decoding=\"async\" class=\"img-responsive\" src=\"https:\/\/18pet.com\/wp-content\/uploads\/2023\/04\/1082678811-1.jpg\"><\/p><p><img decoding=\"async\" class=\"img-responsive\" src=\"https:\/\/18pet.com\/wp-content\/uploads\/2023\/04\/874785336-1.jpg\"><\/p><p><img decoding=\"async\" class=\"img-responsive\" src=\"https:\/\/18pet.com\/wp-content\/uploads\/2023\/04\/559987554-1.jpg\"><\/p><p><img decoding=\"async\" class=\"img-responsive\" src=\"https:\/\/18pet.com\/wp-content\/uploads\/2023\/04\/443294423-1.jpg\"><\/p><p><img decoding=\"async\" class=\"img-responsive\" src=\"https:\/\/18pet.com\/wp-content\/uploads\/2023\/04\/181917080-1.jpg\"><\/p><p><img decoding=\"async\" class=\"img-responsive\" src=\"https:\/\/18pet.com\/wp-content\/uploads\/2023\/04\/1052999326-1.jpg\"><\/p><p><img decoding=\"async\" class=\"img-responsive\" src=\"https:\/\/18pet.com\/wp-content\/uploads\/2023\/04\/6344123-1.jpg\"><\/p><p><img decoding=\"async\" class=\"img-responsive\" src=\"https:\/\/18pet.com\/wp-content\/uploads\/2023\/04\/557158599-1.jpg\"><\/p><p><img decoding=\"async\" class=\"img-responsive\" src=\"https:\/\/18pet.com\/wp-content\/uploads\/2023\/04\/1496612396-1.jpg\"><\/p><p><img decoding=\"async\" class=\"img-responsive\" src=\"https:\/\/18pet.com\/wp-content\/uploads\/2023\/04\/265562828-1.jpg\"><\/p><p><img decoding=\"async\" class=\"img-responsive\" src=\"https:\/\/18pet.com\/wp-content\/uploads\/2023\/04\/63948339-1.jpg\"><\/p><p><img decoding=\"async\" class=\"img-responsive\" src=\"https:\/\/18pet.com\/wp-content\/uploads\/2023\/04\/1792348098-1.jpg\"><\/p><p>window.adminAccountId=247183243;<\/p><\/div>","protected":false},"excerpt":{"rendered":"<p>1. Design simples, f\u00e1cil de usar.<br>\n2. Material pl\u00e1stico, f\u00e1cil de limpar.<br>\n3. Design com \u00edm\u00e3, suc\u00e7\u00e3o autom\u00e1tica. Evita o derramamento de alimentos.<\/p>","protected":false},"featured_media":2866,"comment_status":"open","ping_status":"closed","template":"","meta":[],"product_brand":[],"product_cat":[100],"product_tag":[263,244,265,264],"class_list":{"0":"post-2865","1":"product","2":"type-product","3":"status-publish","4":"has-post-thumbnail","6":"product_cat-agility-equipment","7":"product_tag-agility-equipment","8":"product_tag-dog","9":"product_tag-dog-training","10":"product_tag-outdoor","11":"pa_color-black","12":"pa_color-blue","13":"pa_color-grass-green","14":"pa_color-gray","15":"pa_color-lemon-yellow","16":"pa_color-pink","17":"pa_color-purple","18":"pa_color-rose-red","19":"pa_color-sky-blue","20":"pa_color-yellow","22":"first","23":"instock","24":"sale","25":"taxable","26":"shipping-taxable","27":"purchasable","28":"product-type-variable"},"yoast_head":"<!-- This site is optimized with the Yoast SEO plugin v25.0 - https:\/\/yoast.com\/wordpress\/plugins\/seo\/ -->\n<title>Portable Pet Dog Food Reward Waist Bags &#8212; 18pet.com<\/title>\n<meta name=\"robots\" content=\"index, follow, max-snippet:-1, max-image-preview:large, max-video-preview:-1\" \/>\n<link rel=\"canonical\" href=\"https:\/\/18pet.com\/pt_br\/produto\/bolsas-de-cintura-para-comida-de-cachorro-portatil\/\" \/>\n<meta property=\"og:locale\" content=\"pt_BR\" \/>\n<meta property=\"og:type\" content=\"article\" \/>\n<meta property=\"og:title\" content=\"Portable Pet Dog Food Reward Waist Bags &#8212; 18pet.com\" \/>\n<meta property=\"og:description\" content=\"1. Simple design, easy to use. 2. Plastic material, easy to clean. 3. Magnet design, automatic suction. Prevent food from spilling.\" \/>\n<meta property=\"og:url\" content=\"https:\/\/18pet.com\/pt_br\/produto\/bolsas-de-cintura-para-comida-de-cachorro-portatil\/\" \/>\n<meta property=\"og:site_name\" content=\"18pet.com\" \/>\n<meta property=\"article:modified_time\" content=\"2026-05-08T10:19:53+00:00\" \/>\n<meta property=\"og:image\" content=\"https:\/\/18pet.com\/wp-content\/uploads\/2023\/04\/1533591612-1.jpg\" \/>\n\t<meta property=\"og:image:width\" content=\"800\" \/>\n\t<meta property=\"og:image:height\" content=\"800\" \/>\n\t<meta property=\"og:image:type\" content=\"image\/jpeg\" \/>\n<meta name=\"twitter:card\" content=\"summary_large_image\" \/>\n<meta name=\"twitter:label1\" content=\"Est. tempo de leitura\" \/>\n\t<meta name=\"twitter:data1\" content=\"1 minuto\" \/>\n<script type=\"application\/ld+json\" class=\"yoast-schema-graph\">{\"@context\":\"https:\/\/schema.org\",\"@graph\":[{\"@type\":\"WebPage\",\"@id\":\"https:\/\/18pet.com\/product\/portable-pet-dog-food-reward-waist-bags\/\",\"url\":\"https:\/\/18pet.com\/product\/portable-pet-dog-food-reward-waist-bags\/\",\"name\":\"Portable Pet Dog Food Reward Waist Bags &#8212; 18pet.com\",\"isPartOf\":{\"@id\":\"https:\/\/18pet.com\/id\/#website\"},\"primaryImageOfPage\":{\"@id\":\"https:\/\/18pet.com\/product\/portable-pet-dog-food-reward-waist-bags\/#primaryimage\"},\"image\":{\"@id\":\"https:\/\/18pet.com\/product\/portable-pet-dog-food-reward-waist-bags\/#primaryimage\"},\"thumbnailUrl\":\"https:\/\/18pet.com\/wp-content\/uploads\/2023\/04\/1533591612-1.jpg\",\"datePublished\":\"2022-04-30T09:25:48+00:00\",\"dateModified\":\"2026-05-08T10:19:53+00:00\",\"breadcrumb\":{\"@id\":\"https:\/\/18pet.com\/product\/portable-pet-dog-food-reward-waist-bags\/#breadcrumb\"},\"inLanguage\":\"pt-BR\",\"potentialAction\":[{\"@type\":\"ReadAction\",\"target\":[\"https:\/\/18pet.com\/product\/portable-pet-dog-food-reward-waist-bags\/\"]}]},{\"@type\":\"ImageObject\",\"inLanguage\":\"pt-BR\",\"@id\":\"https:\/\/18pet.com\/product\/portable-pet-dog-food-reward-waist-bags\/#primaryimage\",\"url\":\"https:\/\/18pet.com\/wp-content\/uploads\/2023\/04\/1533591612-1.jpg\",\"contentUrl\":\"https:\/\/18pet.com\/wp-content\/uploads\/2023\/04\/1533591612-1.jpg\",\"width\":800,\"height\":800,\"caption\":\"1PC Portable Pet Dog Training Bag Food Reward Waist Bags Pet Supplies Pouch Obedience Agility Outdoor Feed Storage Waist Bags 1\"},{\"@type\":\"BreadcrumbList\",\"@id\":\"https:\/\/18pet.com\/product\/portable-pet-dog-food-reward-waist-bags\/#breadcrumb\",\"itemListElement\":[{\"@type\":\"ListItem\",\"position\":1,\"name\":\"Home\",\"item\":\"https:\/\/18pet.com\/\"},{\"@type\":\"ListItem\",\"position\":2,\"name\":\"Products\",\"item\":\"https:\/\/18pet.com\/tr\/products\/\"},{\"@type\":\"ListItem\",\"position\":3,\"name\":\"Portable Pet Dog Food Reward Waist Bags\"}]},{\"@type\":\"WebSite\",\"@id\":\"https:\/\/18pet.com\/id\/#website\",\"url\":\"https:\/\/18pet.com\/id\/\",\"name\":\"18pet.com\",\"description\":\"Your pet supplies center\",\"publisher\":{\"@id\":\"https:\/\/18pet.com\/id\/#organization\"},\"potentialAction\":[{\"@type\":\"SearchAction\",\"target\":{\"@type\":\"EntryPoint\",\"urlTemplate\":\"https:\/\/18pet.com\/id\/?s={search_term_string}\"},\"query-input\":{\"@type\":\"PropertyValueSpecification\",\"valueRequired\":true,\"valueName\":\"search_term_string\"}}],\"inLanguage\":\"pt-BR\"},{\"@type\":\"Organization\",\"@id\":\"https:\/\/18pet.com\/id\/#organization\",\"name\":\"18pet.com\",\"url\":\"https:\/\/18pet.com\/id\/\",\"logo\":{\"@type\":\"ImageObject\",\"inLanguage\":\"pt-BR\",\"@id\":\"https:\/\/18pet.com\/id\/#\/schema\/logo\/image\/\",\"url\":\"https:\/\/18pet.com\/wp-content\/uploads\/2023\/04\/18pet-white-background.png\",\"contentUrl\":\"https:\/\/18pet.com\/wp-content\/uploads\/2023\/04\/18pet-white-background.png\",\"width\":515,\"height\":167,\"caption\":\"18pet.com\"},\"image\":{\"@id\":\"https:\/\/18pet.com\/id\/#\/schema\/logo\/image\/\"}}]}<\/script>\n<!-- \/ Yoast SEO plugin. -->","yoast_head_json":{"title":"Portable Pet Dog Food Reward Waist Bags &#8212; 18pet.com","robots":{"index":"index","follow":"follow","max-snippet":"max-snippet:-1","max-image-preview":"max-image-preview:large","max-video-preview":"max-video-preview:-1"},"canonical":"https:\/\/18pet.com\/pt_br\/produto\/bolsas-de-cintura-para-comida-de-cachorro-portatil\/","og_locale":"pt_BR","og_type":"article","og_title":"Portable Pet Dog Food Reward Waist Bags &#8212; 18pet.com","og_description":"1. Simple design, easy to use. 2. Plastic material, easy to clean. 3. Magnet design, automatic suction. Prevent food from spilling.","og_url":"https:\/\/18pet.com\/pt_br\/produto\/bolsas-de-cintura-para-comida-de-cachorro-portatil\/","og_site_name":"18pet.com","article_modified_time":"2026-05-08T10:19:53+00:00","og_image":[{"width":800,"height":800,"url":"https:\/\/18pet.com\/wp-content\/uploads\/2023\/04\/1533591612-1.jpg","type":"image\/jpeg"}],"twitter_card":"summary_large_image","twitter_misc":{"Est. tempo de leitura":"1 minuto"},"schema":{"@context":"https:\/\/schema.org","@graph":[{"@type":"WebPage","@id":"https:\/\/18pet.com\/product\/portable-pet-dog-food-reward-waist-bags\/","url":"https:\/\/18pet.com\/product\/portable-pet-dog-food-reward-waist-bags\/","name":"Portable Pet Dog Food Reward Waist Bags &#8212; 18pet.com","isPartOf":{"@id":"https:\/\/18pet.com\/id\/#website"},"primaryImageOfPage":{"@id":"https:\/\/18pet.com\/product\/portable-pet-dog-food-reward-waist-bags\/#primaryimage"},"image":{"@id":"https:\/\/18pet.com\/product\/portable-pet-dog-food-reward-waist-bags\/#primaryimage"},"thumbnailUrl":"https:\/\/18pet.com\/wp-content\/uploads\/2023\/04\/1533591612-1.jpg","datePublished":"2022-04-30T09:25:48+00:00","dateModified":"2026-05-08T10:19:53+00:00","breadcrumb":{"@id":"https:\/\/18pet.com\/product\/portable-pet-dog-food-reward-waist-bags\/#breadcrumb"},"inLanguage":"pt-BR","potentialAction":[{"@type":"ReadAction","target":["https:\/\/18pet.com\/product\/portable-pet-dog-food-reward-waist-bags\/"]}]},{"@type":"ImageObject","inLanguage":"pt-BR","@id":"https:\/\/18pet.com\/product\/portable-pet-dog-food-reward-waist-bags\/#primaryimage","url":"https:\/\/18pet.com\/wp-content\/uploads\/2023\/04\/1533591612-1.jpg","contentUrl":"https:\/\/18pet.com\/wp-content\/uploads\/2023\/04\/1533591612-1.jpg","width":800,"height":800,"caption":"1PC Portable Pet Dog Training Bag Food Reward Waist Bags Pet Supplies Pouch Obedience Agility Outdoor Feed Storage Waist Bags 1"},{"@type":"BreadcrumbList","@id":"https:\/\/18pet.com\/product\/portable-pet-dog-food-reward-waist-bags\/#breadcrumb","itemListElement":[{"@type":"ListItem","position":1,"name":"Home","item":"https:\/\/18pet.com\/"},{"@type":"ListItem","position":2,"name":"Products","item":"https:\/\/18pet.com\/tr\/products\/"},{"@type":"ListItem","position":3,"name":"Portable Pet Dog Food Reward Waist Bags"}]},{"@type":"WebSite","@id":"https:\/\/18pet.com\/id\/#website","url":"https:\/\/18pet.com\/id\/","name":"18pet.com","description":"Your pet supplies center","publisher":{"@id":"https:\/\/18pet.com\/id\/#organization"},"potentialAction":[{"@type":"SearchAction","target":{"@type":"EntryPoint","urlTemplate":"https:\/\/18pet.com\/id\/?s={search_term_string}"},"query-input":{"@type":"PropertyValueSpecification","valueRequired":true,"valueName":"search_term_string"}}],"inLanguage":"pt-BR"},{"@type":"Organization","@id":"https:\/\/18pet.com\/id\/#organization","name":"18pet.com","url":"https:\/\/18pet.com\/id\/","logo":{"@type":"ImageObject","inLanguage":"pt-BR","@id":"https:\/\/18pet.com\/id\/#\/schema\/logo\/image\/","url":"https:\/\/18pet.com\/wp-content\/uploads\/2023\/04\/18pet-white-background.png","contentUrl":"https:\/\/18pet.com\/wp-content\/uploads\/2023\/04\/18pet-white-background.png","width":515,"height":167,"caption":"18pet.com"},"image":{"@id":"https:\/\/18pet.com\/id\/#\/schema\/logo\/image\/"}}]}},"jetpack_sharing_enabled":true,"_links":{"self":[{"href":"https:\/\/18pet.com\/pt_br\/wp-json\/wp\/v2\/product\/2865","targetHints":{"allow":["GET"]}}],"collection":[{"href":"https:\/\/18pet.com\/pt_br\/wp-json\/wp\/v2\/product"}],"about":[{"href":"https:\/\/18pet.com\/pt_br\/wp-json\/wp\/v2\/types\/product"}],"replies":[{"embeddable":true,"href":"https:\/\/18pet.com\/pt_br\/wp-json\/wp\/v2\/comments?post=2865"}],"wp:featuredmedia":[{"embeddable":true,"href":"https:\/\/18pet.com\/pt_br\/wp-json\/wp\/v2\/media\/2866"}],"wp:attachment":[{"href":"https:\/\/18pet.com\/pt_br\/wp-json\/wp\/v2\/media?parent=2865"}],"wp:term":[{"taxonomy":"product_brand","embeddable":true,"href":"https:\/\/18pet.com\/pt_br\/wp-json\/wp\/v2\/product_brand?post=2865"},{"taxonomy":"product_cat","embeddable":true,"href":"https:\/\/18pet.com\/pt_br\/wp-json\/wp\/v2\/product_cat?post=2865"},{"taxonomy":"product_tag","embeddable":true,"href":"https:\/\/18pet.com\/pt_br\/wp-json\/wp\/v2\/product_tag?post=2865"}],"curies":[{"name":"wp","href":"https:\/\/api.w.org\/{rel}","templated":true}]}}