{"id":2844,"date":"2022-04-30T08:43:52","date_gmt":"2022-04-30T08:43:52","guid":{"rendered":"https:\/\/18pet.com\/?post_type=product&#038;p=2844"},"modified":"2025-03-23T13:30:19","modified_gmt":"2025-03-23T13:30:19","slug":"outdoor-food-storage-bag-agility-dog-training-equipment","status":"publish","type":"product","link":"https:\/\/18pet.com\/pt_br\/produto\/equipamento-de-treinamento-de-caes-de-agilidade-para-armazenamento-de-alimentos-ao-ar-livre\/","title":{"rendered":"<p>Saco para armazenamento de alimentos ao ar livre Equipamento de treinamento de c\u00e3es para agility<\/p>"},"content":{"rendered":"<div style=\"width: 100%\">\n<div style=\"width: 1280px;\" class=\"wp-video\"><video class=\"wp-video-shortcode\" id=\"video-2844-1\" width=\"1280\" height=\"720\" preload=\"metadata\" controls=\"controls\"><source type=\"video\/mp4\" src=\"https:\/\/18pet.com\/wp-content\/uploads\/2023\/04\/505-dog-training-bag-agility-equipment.mp4?_=1\"><\/source><a href=\"https:\/\/18pet.com\/wp-content\/uploads\/2023\/04\/505-dog-training-bag-agility-equipment.mp4\">https:\/\/18pet.com\/wp-content\/uploads\/2023\/04\/505-dog-training-bag-agility-equipment.mp4<\/a><\/video><\/div>\n<h2>Projeto multifuncional:<\/h2><p>Cinto bicolor, com cor distinta. Vem com um anel D de metal, voc\u00ea pode pendurar uma corda de tra\u00e7\u00e3o com fivela dupla, soltar as m\u00e3os, adequado para caminhadas e corridas di\u00e1rias com c\u00e3es. Quando voc\u00ea sair, voc\u00ea tamb\u00e9m pode pendurar pequenos copos de \u00e1gua\/tigelas dobr\u00e1veis e outros produtos para c\u00e3es.<\/p><h2>Quatro formas de uso:<\/h2><p>amarre na cintura, ombro, diagonalmente, prenda no cinto ou na fivela do cinto.<\/p><h2>Grande bolso com z\u00edper selado:<\/h2><p>O bolso tem uma grande capacidade, o suficiente para armazenar bancos de energia, al\u00e9m de telefones celulares, protetores solares externos, len\u00e7os, chaves, etc. Equipado com tiras reflexivas \u00e0 prova d&#039;\u00e1gua para melhorar a visibilidade e proteger a seguran\u00e7a de pessoas e animais de estima\u00e7\u00e3o \u00e0 noite.<\/p><h2>Clipe de cintura tri\u00e2ngulo refor\u00e7ado:<\/h2><p>\u00c9 feito com artesanato pesado e pode ser preso a um cinto ou cinto de cal\u00e7a; o design alargado do tri\u00e2ngulo \u00e9 forte e dur\u00e1vel, minimizando a possibilidade de sacudir a bolsa de cintura; a cauda do clipe \u00e9 virada para cima e f\u00e1cil de prender e remover.<\/p><h2>Grande abertura curvada rec\u00e9m-atualizada na parte superior:<\/h2><p>mover-se ou correr pode evitar que os lanches se espalhem; f\u00e1cil de tirar lanches. Evite que os c\u00e3es enfiem o nariz na comida durante o treinamento; tecido Oxford 600D de alta densidade + revestimento em pvc. O tecido \u00e9 el\u00e1stico e confort\u00e1vel. Fique em p\u00e9, \u00e0 prova d&#039;\u00e1gua e \u00e0 prova de \u00f3leo, resistente ao desgaste e resistente a arranh\u00f5es. Todo o corpo do saco \u00e9 curvo, o que facilita a recolha das coisas e evita que os snacks fiquem presos nos cantos.<\/p><h2>Bolso de lanche destac\u00e1vel de camada dupla:<\/h2><p>saco de forro interno de camada dupla para armazenar uma variedade de lanches. Dois lanches, brinquedos ou materiais de treinamento para c\u00e3es diferentes podem ser instalados ao mesmo tempo. Remov\u00edvel para limpeza, saud\u00e1vel e higi\u00eanico.<\/p><h2>Pacote:<\/h2><p>1 * bolsa de treinamento para c\u00e3es<br>\n1 * faixa de cintura<\/p><p><img decoding=\"async\" class=\"img-responsive\" src=\"https:\/\/18pet.com\/wp-content\/uploads\/2023\/04\/2065644637-1.jpg\"><img decoding=\"async\" class=\"img-responsive\" src=\"https:\/\/18pet.com\/wp-content\/uploads\/2023\/04\/448563680-1.jpg\"><img decoding=\"async\" class=\"img-responsive\" src=\"https:\/\/18pet.com\/wp-content\/uploads\/2023\/04\/193037755-1.jpg\"><img decoding=\"async\" class=\"img-responsive\" src=\"https:\/\/18pet.com\/wp-content\/uploads\/2023\/04\/341181285-1.jpg\"><img decoding=\"async\" class=\"img-responsive\" src=\"https:\/\/18pet.com\/wp-content\/uploads\/2023\/04\/1507527271-1.jpg\"><img decoding=\"async\" class=\"img-responsive\" src=\"https:\/\/18pet.com\/wp-content\/uploads\/2023\/04\/823698428-1.jpg\"><img decoding=\"async\" class=\"img-responsive\" src=\"https:\/\/18pet.com\/wp-content\/uploads\/2023\/04\/198672865-1.jpg\"><img decoding=\"async\" class=\"img-responsive\" src=\"https:\/\/18pet.com\/wp-content\/uploads\/2023\/04\/1326958239-1.jpg\"><\/p><\/div>","protected":false},"excerpt":{"rendered":"<p><strong>Grande capacidade, z\u00edper e design de armazenamento separado:<\/strong> Voc\u00ea pode colocar seu telefone durante atividades ao ar livre para evitar perdas.<br>\n<strong>Dur\u00e1vel:<\/strong> tecido Oxford 600D de alta densidade + revestimento de cloreto de polivinila. Imperme\u00e1vel, resistente a \u00f3leo e resistente ao desgaste.<br>\n<strong>Confort\u00e1vel de usar:<\/strong> Este tecido tem elasticidade e \u00e9 muito confort\u00e1vel.<\/p>","protected":false},"featured_media":2863,"comment_status":"open","ping_status":"closed","template":"","meta":[],"product_brand":[],"product_cat":[100],"product_tag":[263,262,244,261],"class_list":{"0":"post-2844","1":"product","2":"type-product","3":"status-publish","4":"has-post-thumbnail","6":"product_cat-agility-equipment","7":"product_tag-agility-equipment","8":"product_tag-bag","9":"product_tag-dog","10":"product_tag-training","11":"pa_color-blue","12":"pa_color-gray","14":"first","15":"instock","16":"sale","17":"taxable","18":"shipping-taxable","19":"purchasable","20":"product-type-variable"},"yoast_head":"<!-- This site is optimized with the Yoast SEO plugin v25.0 - https:\/\/yoast.com\/wordpress\/plugins\/seo\/ -->\n<title>Outdoor Food Storage bag Agility Dog Training Equipment &#8212; 18pet.com<\/title>\n<meta name=\"robots\" content=\"index, follow, max-snippet:-1, max-image-preview:large, max-video-preview:-1\" \/>\n<link rel=\"canonical\" href=\"https:\/\/18pet.com\/pt_br\/produto\/equipamento-de-treinamento-de-caes-de-agilidade-para-armazenamento-de-alimentos-ao-ar-livre\/\" \/>\n<meta property=\"og:locale\" content=\"pt_BR\" \/>\n<meta property=\"og:type\" content=\"article\" \/>\n<meta property=\"og:title\" content=\"Outdoor Food Storage bag Agility Dog Training Equipment &#8212; 18pet.com\" \/>\n<meta property=\"og:description\" content=\"Large capacity, zipper, and separate storage design: You can put your phone in during outdoor activities to prevent loss. Durable: high-density 600D Oxford cloth+polyvinyl chloride coating. Waterproof, oil resistant, and wear-resistant. Comfortable to use: This fabric has elasticity and feels very comfortable.\" \/>\n<meta property=\"og:url\" content=\"https:\/\/18pet.com\/pt_br\/produto\/equipamento-de-treinamento-de-caes-de-agilidade-para-armazenamento-de-alimentos-ao-ar-livre\/\" \/>\n<meta property=\"og:site_name\" content=\"18pet.com\" \/>\n<meta property=\"article:modified_time\" content=\"2025-03-23T13:30:19+00:00\" \/>\n<meta property=\"og:image\" content=\"https:\/\/18pet.com\/wp-content\/uploads\/2023\/04\/1755169339-1.png\" \/>\n\t<meta property=\"og:image:width\" content=\"800\" \/>\n\t<meta property=\"og:image:height\" content=\"800\" \/>\n\t<meta property=\"og:image:type\" content=\"image\/png\" \/>\n<meta name=\"twitter:card\" content=\"summary_large_image\" \/>\n<meta name=\"twitter:label1\" content=\"Est. tempo de leitura\" \/>\n\t<meta name=\"twitter:data1\" content=\"1 minuto\" \/>\n<script type=\"application\/ld+json\" class=\"yoast-schema-graph\">{\"@context\":\"https:\/\/schema.org\",\"@graph\":[{\"@type\":\"WebPage\",\"@id\":\"https:\/\/18pet.com\/product\/outdoor-food-storage-bag-agility-dog-training-equipment\/\",\"url\":\"https:\/\/18pet.com\/product\/outdoor-food-storage-bag-agility-dog-training-equipment\/\",\"name\":\"Outdoor Food Storage bag Agility Dog Training Equipment &#8212; 18pet.com\",\"isPartOf\":{\"@id\":\"https:\/\/18pet.com\/id\/#website\"},\"primaryImageOfPage\":{\"@id\":\"https:\/\/18pet.com\/product\/outdoor-food-storage-bag-agility-dog-training-equipment\/#primaryimage\"},\"image\":{\"@id\":\"https:\/\/18pet.com\/product\/outdoor-food-storage-bag-agility-dog-training-equipment\/#primaryimage\"},\"thumbnailUrl\":\"https:\/\/18pet.com\/wp-content\/uploads\/2023\/04\/1755169339-1.png\",\"datePublished\":\"2022-04-30T08:43:52+00:00\",\"dateModified\":\"2025-03-23T13:30:19+00:00\",\"breadcrumb\":{\"@id\":\"https:\/\/18pet.com\/product\/outdoor-food-storage-bag-agility-dog-training-equipment\/#breadcrumb\"},\"inLanguage\":\"pt-BR\",\"potentialAction\":[{\"@type\":\"ReadAction\",\"target\":[\"https:\/\/18pet.com\/product\/outdoor-food-storage-bag-agility-dog-training-equipment\/\"]}]},{\"@type\":\"ImageObject\",\"inLanguage\":\"pt-BR\",\"@id\":\"https:\/\/18pet.com\/product\/outdoor-food-storage-bag-agility-dog-training-equipment\/#primaryimage\",\"url\":\"https:\/\/18pet.com\/wp-content\/uploads\/2023\/04\/1755169339-1.png\",\"contentUrl\":\"https:\/\/18pet.com\/wp-content\/uploads\/2023\/04\/1755169339-1.png\",\"width\":800,\"height\":800},{\"@type\":\"BreadcrumbList\",\"@id\":\"https:\/\/18pet.com\/product\/outdoor-food-storage-bag-agility-dog-training-equipment\/#breadcrumb\",\"itemListElement\":[{\"@type\":\"ListItem\",\"position\":1,\"name\":\"Home\",\"item\":\"https:\/\/18pet.com\/\"},{\"@type\":\"ListItem\",\"position\":2,\"name\":\"Products\",\"item\":\"https:\/\/18pet.com\/tr\/products\/\"},{\"@type\":\"ListItem\",\"position\":3,\"name\":\"Outdoor Food Storage bag Agility Dog Training Equipment\"}]},{\"@type\":\"WebSite\",\"@id\":\"https:\/\/18pet.com\/id\/#website\",\"url\":\"https:\/\/18pet.com\/id\/\",\"name\":\"18pet.com\",\"description\":\"Your pet supplies center\",\"publisher\":{\"@id\":\"https:\/\/18pet.com\/id\/#organization\"},\"potentialAction\":[{\"@type\":\"SearchAction\",\"target\":{\"@type\":\"EntryPoint\",\"urlTemplate\":\"https:\/\/18pet.com\/id\/?s={search_term_string}\"},\"query-input\":{\"@type\":\"PropertyValueSpecification\",\"valueRequired\":true,\"valueName\":\"search_term_string\"}}],\"inLanguage\":\"pt-BR\"},{\"@type\":\"Organization\",\"@id\":\"https:\/\/18pet.com\/id\/#organization\",\"name\":\"18pet.com\",\"url\":\"https:\/\/18pet.com\/id\/\",\"logo\":{\"@type\":\"ImageObject\",\"inLanguage\":\"pt-BR\",\"@id\":\"https:\/\/18pet.com\/id\/#\/schema\/logo\/image\/\",\"url\":\"https:\/\/18pet.com\/wp-content\/uploads\/2023\/04\/18pet-white-background.png\",\"contentUrl\":\"https:\/\/18pet.com\/wp-content\/uploads\/2023\/04\/18pet-white-background.png\",\"width\":515,\"height\":167,\"caption\":\"18pet.com\"},\"image\":{\"@id\":\"https:\/\/18pet.com\/id\/#\/schema\/logo\/image\/\"}}]}<\/script>\n<!-- \/ Yoast SEO plugin. -->","yoast_head_json":{"title":"Outdoor Food Storage bag Agility Dog Training Equipment &#8212; 18pet.com","robots":{"index":"index","follow":"follow","max-snippet":"max-snippet:-1","max-image-preview":"max-image-preview:large","max-video-preview":"max-video-preview:-1"},"canonical":"https:\/\/18pet.com\/pt_br\/produto\/equipamento-de-treinamento-de-caes-de-agilidade-para-armazenamento-de-alimentos-ao-ar-livre\/","og_locale":"pt_BR","og_type":"article","og_title":"Outdoor Food Storage bag Agility Dog Training Equipment &#8212; 18pet.com","og_description":"Large capacity, zipper, and separate storage design: You can put your phone in during outdoor activities to prevent loss. Durable: high-density 600D Oxford cloth+polyvinyl chloride coating. Waterproof, oil resistant, and wear-resistant. Comfortable to use: This fabric has elasticity and feels very comfortable.","og_url":"https:\/\/18pet.com\/pt_br\/produto\/equipamento-de-treinamento-de-caes-de-agilidade-para-armazenamento-de-alimentos-ao-ar-livre\/","og_site_name":"18pet.com","article_modified_time":"2025-03-23T13:30:19+00:00","og_image":[{"width":800,"height":800,"url":"https:\/\/18pet.com\/wp-content\/uploads\/2023\/04\/1755169339-1.png","type":"image\/png"}],"twitter_card":"summary_large_image","twitter_misc":{"Est. tempo de leitura":"1 minuto"},"schema":{"@context":"https:\/\/schema.org","@graph":[{"@type":"WebPage","@id":"https:\/\/18pet.com\/product\/outdoor-food-storage-bag-agility-dog-training-equipment\/","url":"https:\/\/18pet.com\/product\/outdoor-food-storage-bag-agility-dog-training-equipment\/","name":"Outdoor Food Storage bag Agility Dog Training Equipment &#8212; 18pet.com","isPartOf":{"@id":"https:\/\/18pet.com\/id\/#website"},"primaryImageOfPage":{"@id":"https:\/\/18pet.com\/product\/outdoor-food-storage-bag-agility-dog-training-equipment\/#primaryimage"},"image":{"@id":"https:\/\/18pet.com\/product\/outdoor-food-storage-bag-agility-dog-training-equipment\/#primaryimage"},"thumbnailUrl":"https:\/\/18pet.com\/wp-content\/uploads\/2023\/04\/1755169339-1.png","datePublished":"2022-04-30T08:43:52+00:00","dateModified":"2025-03-23T13:30:19+00:00","breadcrumb":{"@id":"https:\/\/18pet.com\/product\/outdoor-food-storage-bag-agility-dog-training-equipment\/#breadcrumb"},"inLanguage":"pt-BR","potentialAction":[{"@type":"ReadAction","target":["https:\/\/18pet.com\/product\/outdoor-food-storage-bag-agility-dog-training-equipment\/"]}]},{"@type":"ImageObject","inLanguage":"pt-BR","@id":"https:\/\/18pet.com\/product\/outdoor-food-storage-bag-agility-dog-training-equipment\/#primaryimage","url":"https:\/\/18pet.com\/wp-content\/uploads\/2023\/04\/1755169339-1.png","contentUrl":"https:\/\/18pet.com\/wp-content\/uploads\/2023\/04\/1755169339-1.png","width":800,"height":800},{"@type":"BreadcrumbList","@id":"https:\/\/18pet.com\/product\/outdoor-food-storage-bag-agility-dog-training-equipment\/#breadcrumb","itemListElement":[{"@type":"ListItem","position":1,"name":"Home","item":"https:\/\/18pet.com\/"},{"@type":"ListItem","position":2,"name":"Products","item":"https:\/\/18pet.com\/tr\/products\/"},{"@type":"ListItem","position":3,"name":"Outdoor Food Storage bag Agility Dog Training Equipment"}]},{"@type":"WebSite","@id":"https:\/\/18pet.com\/id\/#website","url":"https:\/\/18pet.com\/id\/","name":"18pet.com","description":"Your pet supplies center","publisher":{"@id":"https:\/\/18pet.com\/id\/#organization"},"potentialAction":[{"@type":"SearchAction","target":{"@type":"EntryPoint","urlTemplate":"https:\/\/18pet.com\/id\/?s={search_term_string}"},"query-input":{"@type":"PropertyValueSpecification","valueRequired":true,"valueName":"search_term_string"}}],"inLanguage":"pt-BR"},{"@type":"Organization","@id":"https:\/\/18pet.com\/id\/#organization","name":"18pet.com","url":"https:\/\/18pet.com\/id\/","logo":{"@type":"ImageObject","inLanguage":"pt-BR","@id":"https:\/\/18pet.com\/id\/#\/schema\/logo\/image\/","url":"https:\/\/18pet.com\/wp-content\/uploads\/2023\/04\/18pet-white-background.png","contentUrl":"https:\/\/18pet.com\/wp-content\/uploads\/2023\/04\/18pet-white-background.png","width":515,"height":167,"caption":"18pet.com"},"image":{"@id":"https:\/\/18pet.com\/id\/#\/schema\/logo\/image\/"}}]}},"jetpack_sharing_enabled":true,"_links":{"self":[{"href":"https:\/\/18pet.com\/pt_br\/wp-json\/wp\/v2\/product\/2844","targetHints":{"allow":["GET"]}}],"collection":[{"href":"https:\/\/18pet.com\/pt_br\/wp-json\/wp\/v2\/product"}],"about":[{"href":"https:\/\/18pet.com\/pt_br\/wp-json\/wp\/v2\/types\/product"}],"replies":[{"embeddable":true,"href":"https:\/\/18pet.com\/pt_br\/wp-json\/wp\/v2\/comments?post=2844"}],"wp:featuredmedia":[{"embeddable":true,"href":"https:\/\/18pet.com\/pt_br\/wp-json\/wp\/v2\/media\/2863"}],"wp:attachment":[{"href":"https:\/\/18pet.com\/pt_br\/wp-json\/wp\/v2\/media?parent=2844"}],"wp:term":[{"taxonomy":"product_brand","embeddable":true,"href":"https:\/\/18pet.com\/pt_br\/wp-json\/wp\/v2\/product_brand?post=2844"},{"taxonomy":"product_cat","embeddable":true,"href":"https:\/\/18pet.com\/pt_br\/wp-json\/wp\/v2\/product_cat?post=2844"},{"taxonomy":"product_tag","embeddable":true,"href":"https:\/\/18pet.com\/pt_br\/wp-json\/wp\/v2\/product_tag?post=2844"}],"curies":[{"name":"wp","href":"https:\/\/api.w.org\/{rel}","templated":true}]}}