{"id":2738,"date":"2022-04-29T04:27:45","date_gmt":"2022-04-29T04:27:45","guid":{"rendered":"https:\/\/18pet.com\/?post_type=product&#038;p=2738"},"modified":"2026-05-03T05:52:32","modified_gmt":"2026-05-03T05:52:32","slug":"800-meters-waterproof-remote-control-rechargeable-dog-training-collar","status":"publish","type":"product","link":"https:\/\/18pet.com\/pt_br\/produto\/800-metros-a-prova-dagua-controle-remoto-recarregavel-colar-treinamento-cao\/","title":{"rendered":"<p>Coleira de treinamento para c\u00e3es recarreg\u00e1vel com controle remoto \u00e0 prova d'\u00e1gua de 800 metros<\/p>"},"content":{"rendered":"<div style=\"width: 100%\">\n<div style=\"width: 952px;\" class=\"wp-video\"><video class=\"wp-video-shortcode\" id=\"video-2738-1\" width=\"952\" height=\"540\" preload=\"metadata\" controls=\"controls\"><source type=\"video\/mp4\" src=\"https:\/\/18pet.com\/wp-content\/uploads\/2023\/04\/502-dog-training-collar.mp4?_=1\"><\/source><a href=\"https:\/\/18pet.com\/wp-content\/uploads\/2023\/04\/502-dog-training-collar.mp4\">https:\/\/18pet.com\/wp-content\/uploads\/2023\/04\/502-dog-training-collar.mp4<\/a><\/video><\/div>\n<h2>Descri\u00e7\u00e3o:<\/h2><p>Esta coleira totalmente \u00e0 prova d&#039;\u00e1gua \u00e9 muito popular entre os treinadores de c\u00e3es e donos de animais de estima\u00e7\u00e3o. Seu sistema de treinamento ajudar\u00e1 voc\u00ea a controlar e treinar seu c\u00e3o em um alcance efetivo por uma s\u00e9rie de fun\u00e7\u00f5es. Incluindo vibra\u00e7\u00e3o, choque el\u00e9trico e modo de bipe. Com seu design remoto, voc\u00ea pode parar de latir e correr remotamente. Chamada f\u00e1cil de volta, pare de morder e lutar. Ser\u00e1 o seu bom assistente de treinamento.<br>\nRa\u00e7a de c\u00e3o aplic\u00e1vel:<br>\nCachorro Grande, Cachorro M\u00e9dio, Cachorro Pequeno.<br>\nEspecifica\u00e7\u00f5es:<br>\nTipo de bateria: bateria de \u00edon de l\u00edtio (embutida)<br>\nTempo de carregamento: 4 horas<br>\nTempo de espera: cerca de uma semana<br>\nPeso aproximado: 0,1 kg por coleira; 0,06 kg por controlador.<br>\nPacote Incluindo:<br>\nCarregador, controle remoto, coleira, luz de teste, manual do usu\u00e1rio em ingl\u00eas.<\/p><h2>Observa\u00e7\u00e3o:<\/h2><p>Por favor, carregue o colar e o controlador antes de usar pela primeira vez.<br>\nElimine um mau comportamento ou ensine um comando de obedi\u00eancia de uma vez, se o treinamento ficar muito r\u00e1pido, seu animal de estima\u00e7\u00e3o pode ficar confuso e repelir.<br>\nAntes de usar o modo de choque el\u00e9trico em seu animal de estima\u00e7\u00e3o, voc\u00ea deve primeiro experimentar a vibra\u00e7\u00e3o em seu animal de estima\u00e7\u00e3o.<br>\nObserve a rea\u00e7\u00e3o do c\u00e3o e certifique-se de que a intensidade do treinamento n\u00e3o seja excessiva.<br>\nExamine a \u00e1rea de contato diariamente em busca de sinais de erup\u00e7\u00e3o cut\u00e2nea ou ferida.<br>\nSe uma erup\u00e7\u00e3o cut\u00e2nea ou ferida for encontrada, interrompa o uso do colar at\u00e9 que a pele esteja cicatrizada.<br>\nEste produto deve ser combinado, antes de usar. Se houver algum problema que o produto n\u00e3o possa ser usado, sinta-se \u00e0 vontade para entrar em contato conosco, faremos o poss\u00edvel para resolver o problema o mais r\u00e1pido poss\u00edvel. Obrigado!<br>\nSe voc\u00ea precisar de um \u00fanico acess\u00f3rio, entre em contato conosco ~<\/p><p><img decoding=\"async\" class=\"img-responsive\" src=\"https:\/\/18pet.com\/wp-content\/uploads\/2023\/04\/1526762503-1.jpg\"><img decoding=\"async\" class=\"img-responsive\" src=\"https:\/\/18pet.com\/wp-content\/uploads\/2023\/04\/1158865097-1.jpg\"><img decoding=\"async\" class=\"img-responsive\" src=\"https:\/\/18pet.com\/wp-content\/uploads\/2023\/04\/664744353-1.jpg\"><img decoding=\"async\" class=\"img-responsive\" src=\"https:\/\/18pet.com\/wp-content\/uploads\/2023\/04\/281187688-1.jpg\"><img decoding=\"async\" class=\"img-responsive\" src=\"https:\/\/18pet.com\/wp-content\/uploads\/2023\/04\/1350907745-1.jpg\"><img decoding=\"async\" class=\"img-responsive\" src=\"https:\/\/18pet.com\/wp-content\/uploads\/2023\/04\/294235013-1.jpg\"><img decoding=\"async\" class=\"img-responsive\" src=\"https:\/\/18pet.com\/wp-content\/uploads\/2023\/04\/229578909-1.jpg\"><\/p><p><img decoding=\"async\" class=\"img-responsive\" src=\"https:\/\/18pet.com\/wp-content\/uploads\/2023\/04\/1834923469-1.jpg\"><img decoding=\"async\" class=\"img-responsive\" src=\"https:\/\/18pet.com\/wp-content\/uploads\/2023\/04\/926411691-1.jpg\"><img decoding=\"async\" class=\"img-responsive\" src=\"https:\/\/18pet.com\/wp-content\/uploads\/2023\/04\/1171196394-1.jpg\"><\/p><p>&nbsp;<\/p><\/div>","protected":false},"excerpt":{"rendered":"<p><strong>Dur\u00e1vel:<\/strong> Bateria de l\u00edtio recarreg\u00e1vel de alta qualidade.<br>\n<strong>Projeto imperme\u00e1vel:<\/strong> Os c\u00e3es podem usar coleiras para nadar e mergulhar.<br>\n<strong>Longa dist\u00e2ncia de controle:<\/strong> 800 metros.<br>\n<strong>Modo m\u00faltiplo:<\/strong> bipe, vibra\u00e7\u00e3o, choque el\u00e9trico. Intensidade ajust\u00e1vel: A intensidade da vibra\u00e7\u00e3o e da corrente pode ser ajustada de 1 a 99, com uma ampla faixa.<br>\n<strong>Intensidade ajust\u00e1vel:<\/strong> A intensidade de vibra\u00e7\u00e3o e corrente pode ser ajustada de 1 a 99, com uma ampla faixa.<br>\n<strong>Configura\u00e7\u00e3o flex\u00edvel:<\/strong> um controlador pode ser emparelhado com 1 a 3 coleiras.<\/p>","protected":false},"featured_media":2750,"comment_status":"open","ping_status":"closed","template":"","meta":[],"product_brand":[],"product_cat":[99],"product_tag":[246,244,261],"class_list":{"0":"post-2738","1":"product","2":"type-product","3":"status-publish","4":"has-post-thumbnail","6":"product_cat-training-collars","7":"product_tag-collar","8":"product_tag-dog","9":"product_tag-training","10":"pa_color-black-and-blue","11":"pa_color-black-and-orange","12":"pa_color-black-and-yellow","13":"pa_color-for-1-dog","14":"pa_color-two-black","15":"pa_plug-type-au-plug","16":"pa_plug-type-eu-plug","17":"pa_plug-type-uk-plug","18":"pa_plug-type-us-plug","19":"pa_ships-from-china","21":"first","22":"instock","23":"sale","24":"taxable","25":"shipping-taxable","26":"purchasable","27":"product-type-variable"},"yoast_head":"<!-- This site is optimized with the Yoast SEO plugin v25.0 - https:\/\/yoast.com\/wordpress\/plugins\/seo\/ -->\n<title>800 Meters Waterproof Remote Control Rechargeable Dog Training Collar &#8212; 18pet.com<\/title>\n<meta name=\"robots\" content=\"index, follow, max-snippet:-1, max-image-preview:large, max-video-preview:-1\" \/>\n<link rel=\"canonical\" href=\"https:\/\/18pet.com\/pt_br\/produto\/800-metros-a-prova-dagua-controle-remoto-recarregavel-colar-treinamento-cao\/\" \/>\n<meta property=\"og:locale\" content=\"pt_BR\" \/>\n<meta property=\"og:type\" content=\"article\" \/>\n<meta property=\"og:title\" content=\"800 Meters Waterproof Remote Control Rechargeable Dog Training Collar &#8212; 18pet.com\" \/>\n<meta property=\"og:description\" content=\"Durable: High quality rechargeable lithium battery. Waterproof design: Dogs can wear collars for swimming and diving. Long control distance: 800 meters. Multi mode: beep, vibration, electric shock.Adjustable intensity: The intensity of vibration and current can be adjusted from 1 to 99, with a wide range. Adjustable intensity: The intensity of vibration and current can be adjusted from 1 to 99, with a wide range. Flexible configuration: one controller can be paired with 1 to 3 collars.\" \/>\n<meta property=\"og:url\" content=\"https:\/\/18pet.com\/pt_br\/produto\/800-metros-a-prova-dagua-controle-remoto-recarregavel-colar-treinamento-cao\/\" \/>\n<meta property=\"og:site_name\" content=\"18pet.com\" \/>\n<meta property=\"article:modified_time\" content=\"2026-05-03T05:52:32+00:00\" \/>\n<meta property=\"og:image\" content=\"https:\/\/18pet.com\/wp-content\/uploads\/2023\/04\/1526762503-1.jpg\" \/>\n\t<meta property=\"og:image:width\" content=\"800\" \/>\n\t<meta property=\"og:image:height\" content=\"800\" \/>\n\t<meta property=\"og:image:type\" content=\"image\/jpeg\" \/>\n<meta name=\"twitter:card\" content=\"summary_large_image\" \/>\n<meta name=\"twitter:label1\" content=\"Est. tempo de leitura\" \/>\n\t<meta name=\"twitter:data1\" content=\"1 minuto\" \/>\n<script type=\"application\/ld+json\" class=\"yoast-schema-graph\">{\"@context\":\"https:\/\/schema.org\",\"@graph\":[{\"@type\":\"WebPage\",\"@id\":\"https:\/\/18pet.com\/product\/800-meters-waterproof-remote-control-rechargeable-dog-training-collar\/\",\"url\":\"https:\/\/18pet.com\/product\/800-meters-waterproof-remote-control-rechargeable-dog-training-collar\/\",\"name\":\"800 Meters Waterproof Remote Control Rechargeable Dog Training Collar &#8212; 18pet.com\",\"isPartOf\":{\"@id\":\"https:\/\/18pet.com\/id\/#website\"},\"primaryImageOfPage\":{\"@id\":\"https:\/\/18pet.com\/product\/800-meters-waterproof-remote-control-rechargeable-dog-training-collar\/#primaryimage\"},\"image\":{\"@id\":\"https:\/\/18pet.com\/product\/800-meters-waterproof-remote-control-rechargeable-dog-training-collar\/#primaryimage\"},\"thumbnailUrl\":\"https:\/\/18pet.com\/wp-content\/uploads\/2023\/04\/1526762503-1.jpg\",\"datePublished\":\"2022-04-29T04:27:45+00:00\",\"dateModified\":\"2026-05-03T05:52:32+00:00\",\"breadcrumb\":{\"@id\":\"https:\/\/18pet.com\/product\/800-meters-waterproof-remote-control-rechargeable-dog-training-collar\/#breadcrumb\"},\"inLanguage\":\"pt-BR\",\"potentialAction\":[{\"@type\":\"ReadAction\",\"target\":[\"https:\/\/18pet.com\/product\/800-meters-waterproof-remote-control-rechargeable-dog-training-collar\/\"]}]},{\"@type\":\"ImageObject\",\"inLanguage\":\"pt-BR\",\"@id\":\"https:\/\/18pet.com\/product\/800-meters-waterproof-remote-control-rechargeable-dog-training-collar\/#primaryimage\",\"url\":\"https:\/\/18pet.com\/wp-content\/uploads\/2023\/04\/1526762503-1.jpg\",\"contentUrl\":\"https:\/\/18pet.com\/wp-content\/uploads\/2023\/04\/1526762503-1.jpg\",\"width\":800,\"height\":800,\"caption\":\"800m Electric Dog Training Collar Waterproof Pet Remote Control Rechargeable training dog collar with Shock Vibration Sound 12\"},{\"@type\":\"BreadcrumbList\",\"@id\":\"https:\/\/18pet.com\/product\/800-meters-waterproof-remote-control-rechargeable-dog-training-collar\/#breadcrumb\",\"itemListElement\":[{\"@type\":\"ListItem\",\"position\":1,\"name\":\"Home\",\"item\":\"https:\/\/18pet.com\/\"},{\"@type\":\"ListItem\",\"position\":2,\"name\":\"Products\",\"item\":\"https:\/\/18pet.com\/tr\/products\/\"},{\"@type\":\"ListItem\",\"position\":3,\"name\":\"800 Meters Waterproof Remote Control Rechargeable Dog Training Collar\"}]},{\"@type\":\"WebSite\",\"@id\":\"https:\/\/18pet.com\/id\/#website\",\"url\":\"https:\/\/18pet.com\/id\/\",\"name\":\"18pet.com\",\"description\":\"Your pet supplies center\",\"publisher\":{\"@id\":\"https:\/\/18pet.com\/id\/#organization\"},\"potentialAction\":[{\"@type\":\"SearchAction\",\"target\":{\"@type\":\"EntryPoint\",\"urlTemplate\":\"https:\/\/18pet.com\/id\/?s={search_term_string}\"},\"query-input\":{\"@type\":\"PropertyValueSpecification\",\"valueRequired\":true,\"valueName\":\"search_term_string\"}}],\"inLanguage\":\"pt-BR\"},{\"@type\":\"Organization\",\"@id\":\"https:\/\/18pet.com\/id\/#organization\",\"name\":\"18pet.com\",\"url\":\"https:\/\/18pet.com\/id\/\",\"logo\":{\"@type\":\"ImageObject\",\"inLanguage\":\"pt-BR\",\"@id\":\"https:\/\/18pet.com\/id\/#\/schema\/logo\/image\/\",\"url\":\"https:\/\/18pet.com\/wp-content\/uploads\/2023\/04\/18pet-white-background.png\",\"contentUrl\":\"https:\/\/18pet.com\/wp-content\/uploads\/2023\/04\/18pet-white-background.png\",\"width\":515,\"height\":167,\"caption\":\"18pet.com\"},\"image\":{\"@id\":\"https:\/\/18pet.com\/id\/#\/schema\/logo\/image\/\"}}]}<\/script>\n<!-- \/ Yoast SEO plugin. -->","yoast_head_json":{"title":"800 Meters Waterproof Remote Control Rechargeable Dog Training Collar &#8212; 18pet.com","robots":{"index":"index","follow":"follow","max-snippet":"max-snippet:-1","max-image-preview":"max-image-preview:large","max-video-preview":"max-video-preview:-1"},"canonical":"https:\/\/18pet.com\/pt_br\/produto\/800-metros-a-prova-dagua-controle-remoto-recarregavel-colar-treinamento-cao\/","og_locale":"pt_BR","og_type":"article","og_title":"800 Meters Waterproof Remote Control Rechargeable Dog Training Collar &#8212; 18pet.com","og_description":"Durable: High quality rechargeable lithium battery. Waterproof design: Dogs can wear collars for swimming and diving. Long control distance: 800 meters. Multi mode: beep, vibration, electric shock.Adjustable intensity: The intensity of vibration and current can be adjusted from 1 to 99, with a wide range. Adjustable intensity: The intensity of vibration and current can be adjusted from 1 to 99, with a wide range. Flexible configuration: one controller can be paired with 1 to 3 collars.","og_url":"https:\/\/18pet.com\/pt_br\/produto\/800-metros-a-prova-dagua-controle-remoto-recarregavel-colar-treinamento-cao\/","og_site_name":"18pet.com","article_modified_time":"2026-05-03T05:52:32+00:00","og_image":[{"width":800,"height":800,"url":"https:\/\/18pet.com\/wp-content\/uploads\/2023\/04\/1526762503-1.jpg","type":"image\/jpeg"}],"twitter_card":"summary_large_image","twitter_misc":{"Est. tempo de leitura":"1 minuto"},"schema":{"@context":"https:\/\/schema.org","@graph":[{"@type":"WebPage","@id":"https:\/\/18pet.com\/product\/800-meters-waterproof-remote-control-rechargeable-dog-training-collar\/","url":"https:\/\/18pet.com\/product\/800-meters-waterproof-remote-control-rechargeable-dog-training-collar\/","name":"800 Meters Waterproof Remote Control Rechargeable Dog Training Collar &#8212; 18pet.com","isPartOf":{"@id":"https:\/\/18pet.com\/id\/#website"},"primaryImageOfPage":{"@id":"https:\/\/18pet.com\/product\/800-meters-waterproof-remote-control-rechargeable-dog-training-collar\/#primaryimage"},"image":{"@id":"https:\/\/18pet.com\/product\/800-meters-waterproof-remote-control-rechargeable-dog-training-collar\/#primaryimage"},"thumbnailUrl":"https:\/\/18pet.com\/wp-content\/uploads\/2023\/04\/1526762503-1.jpg","datePublished":"2022-04-29T04:27:45+00:00","dateModified":"2026-05-03T05:52:32+00:00","breadcrumb":{"@id":"https:\/\/18pet.com\/product\/800-meters-waterproof-remote-control-rechargeable-dog-training-collar\/#breadcrumb"},"inLanguage":"pt-BR","potentialAction":[{"@type":"ReadAction","target":["https:\/\/18pet.com\/product\/800-meters-waterproof-remote-control-rechargeable-dog-training-collar\/"]}]},{"@type":"ImageObject","inLanguage":"pt-BR","@id":"https:\/\/18pet.com\/product\/800-meters-waterproof-remote-control-rechargeable-dog-training-collar\/#primaryimage","url":"https:\/\/18pet.com\/wp-content\/uploads\/2023\/04\/1526762503-1.jpg","contentUrl":"https:\/\/18pet.com\/wp-content\/uploads\/2023\/04\/1526762503-1.jpg","width":800,"height":800,"caption":"800m Electric Dog Training Collar Waterproof Pet Remote Control Rechargeable training dog collar with Shock Vibration Sound 12"},{"@type":"BreadcrumbList","@id":"https:\/\/18pet.com\/product\/800-meters-waterproof-remote-control-rechargeable-dog-training-collar\/#breadcrumb","itemListElement":[{"@type":"ListItem","position":1,"name":"Home","item":"https:\/\/18pet.com\/"},{"@type":"ListItem","position":2,"name":"Products","item":"https:\/\/18pet.com\/tr\/products\/"},{"@type":"ListItem","position":3,"name":"800 Meters Waterproof Remote Control Rechargeable Dog Training Collar"}]},{"@type":"WebSite","@id":"https:\/\/18pet.com\/id\/#website","url":"https:\/\/18pet.com\/id\/","name":"18pet.com","description":"Your pet supplies center","publisher":{"@id":"https:\/\/18pet.com\/id\/#organization"},"potentialAction":[{"@type":"SearchAction","target":{"@type":"EntryPoint","urlTemplate":"https:\/\/18pet.com\/id\/?s={search_term_string}"},"query-input":{"@type":"PropertyValueSpecification","valueRequired":true,"valueName":"search_term_string"}}],"inLanguage":"pt-BR"},{"@type":"Organization","@id":"https:\/\/18pet.com\/id\/#organization","name":"18pet.com","url":"https:\/\/18pet.com\/id\/","logo":{"@type":"ImageObject","inLanguage":"pt-BR","@id":"https:\/\/18pet.com\/id\/#\/schema\/logo\/image\/","url":"https:\/\/18pet.com\/wp-content\/uploads\/2023\/04\/18pet-white-background.png","contentUrl":"https:\/\/18pet.com\/wp-content\/uploads\/2023\/04\/18pet-white-background.png","width":515,"height":167,"caption":"18pet.com"},"image":{"@id":"https:\/\/18pet.com\/id\/#\/schema\/logo\/image\/"}}]}},"jetpack_sharing_enabled":true,"_links":{"self":[{"href":"https:\/\/18pet.com\/pt_br\/wp-json\/wp\/v2\/product\/2738","targetHints":{"allow":["GET"]}}],"collection":[{"href":"https:\/\/18pet.com\/pt_br\/wp-json\/wp\/v2\/product"}],"about":[{"href":"https:\/\/18pet.com\/pt_br\/wp-json\/wp\/v2\/types\/product"}],"replies":[{"embeddable":true,"href":"https:\/\/18pet.com\/pt_br\/wp-json\/wp\/v2\/comments?post=2738"}],"wp:featuredmedia":[{"embeddable":true,"href":"https:\/\/18pet.com\/pt_br\/wp-json\/wp\/v2\/media\/2750"}],"wp:attachment":[{"href":"https:\/\/18pet.com\/pt_br\/wp-json\/wp\/v2\/media?parent=2738"}],"wp:term":[{"taxonomy":"product_brand","embeddable":true,"href":"https:\/\/18pet.com\/pt_br\/wp-json\/wp\/v2\/product_brand?post=2738"},{"taxonomy":"product_cat","embeddable":true,"href":"https:\/\/18pet.com\/pt_br\/wp-json\/wp\/v2\/product_cat?post=2738"},{"taxonomy":"product_tag","embeddable":true,"href":"https:\/\/18pet.com\/pt_br\/wp-json\/wp\/v2\/product_tag?post=2738"}],"curies":[{"name":"wp","href":"https:\/\/api.w.org\/{rel}","templated":true}]}}