{"id":5109,"date":"2022-06-28T06:55:14","date_gmt":"2022-06-28T06:55:14","guid":{"rendered":"https:\/\/18pet.com\/?post_type=product&#038;p=5109"},"modified":"2025-03-23T13:30:23","modified_gmt":"2025-03-23T13:30:23","slug":"parrot-perch-climbing-ladder-wood-platform-bird-stand-sanded-stairs-chew-toy-for-small-medium-birds-easy-to-install","status":"publish","type":"product","link":"https:\/\/18pet.com\/es\/producto\/parrot-perch-climbing-ladder-wood-platform-bird-stand-sanded-stairs-chew-toy-for-small-medium-birds-easy-to-install\/","title":{"rendered":"<p>Parrot Perch Climbing Wood Ladder Platform Bird Stand Escaleras<\/p>"},"content":{"rendered":"<p>Material:<p>Este juguete de escalera para trepar loros est\u00e1 hecho de madera natural y accesorios de metal, s\u00f3lido, duradero y seguro para que los p\u00e1jaros jueguen y mastiquen.<\/p><p>&nbsp;<\/p><p>Color vibrante:<\/p><p>El juguete de escalera para p\u00e1jaros tiene forma de puente, con escaleras azules o rosas. Este dise\u00f1o \u00fanico hace que la escalera sea m\u00e1s atractiva para su mascota. Tu p\u00e1jaro disfrutar\u00e1 saltando arriba y abajo durante horas y haciendo m\u00e1s ejercicio.<\/p><p>Molienda:<\/p><p>Las superficies lijadas son excelentes para que las mascotas peque\u00f1as rechinen los dientes. Cuando las aves muerden o se mueven, cortar\u00e1n autom\u00e1ticamente el exceso de u\u00f1as y picos, lo que evita que se lastimen inadvertidamente debido a que los picos o las u\u00f1as son demasiado largos.<\/p><p>F\u00e1cil de instalar:<\/p><p>Solo toma 3 pasos, primero, encuentre la posici\u00f3n del tornillo, segundo, instale la junta y, finalmente, apriete el tornillo.<\/p><p>Tama\u00f1o:<\/p><p>La escalera colgante para p\u00e1jaros mide 12,6 pulgadas de largo y 3,8 pulgadas de ancho, es adecuada para la mayor\u00eda de las jaulas de p\u00e1jaros, perfecta para p\u00e1jaros peque\u00f1os y medianos, como periquitos, periquitos, cotorras, cacat\u00faas, agapornis, incluso apto para h\u00e1mster, cobayas j\u00f3venes y otros animales peque\u00f1os.<\/p><p>Especificaciones:<\/p><p>Material: Madera<\/p><p>Color: Azul\/Rosa<\/p><p>Tama\u00f1o (aprox.): 32 \u00d7 9,7 cm\/12,60 \u00d7 3,82 pulgadas<\/p><p>Peso (Aprox.): 100g<\/p><p>El paquete incluye:<\/p><p>Escalera para trepar p\u00e1jaros de 1 pieza (azul\/rosa)<\/p><p>Nota:<\/p><p>1. Permita un error de 0-1 cm debido a la medici\u00f3n manual. Por favor, aseg\u00farese de que no le importe antes de ofertar.<\/p><p>2. Debido a la diferencia entre diferentes monitores, es posible que la imagen no refleje el color real del art\u00edculo. \u00a1Gracias!<\/p><p><img decoding=\"async\" class=\"img-responsive\" src=\"https:\/\/18pet.com\/wp-content\/uploads\/2023\/06\/546427493-1.jpg\"><\/p><p><img decoding=\"async\" class=\"img-responsive\" src=\"https:\/\/18pet.com\/wp-content\/uploads\/2023\/06\/1360509864-1.jpg\"><\/p><p><img decoding=\"async\" class=\"img-responsive\" src=\"https:\/\/18pet.com\/wp-content\/uploads\/2023\/06\/621339714-1.jpg\"><\/p><p><img decoding=\"async\" class=\"img-responsive\" src=\"https:\/\/18pet.com\/wp-content\/uploads\/2023\/06\/1172713403-1.jpg\"><\/p><p><img decoding=\"async\" class=\"img-responsive\" src=\"https:\/\/18pet.com\/wp-content\/uploads\/2023\/06\/874116294-1.jpg\"><\/p><p><img decoding=\"async\" class=\"img-responsive\" src=\"https:\/\/18pet.com\/wp-content\/uploads\/2023\/06\/809668714-1.jpg\"><\/p><p><img decoding=\"async\" class=\"img-responsive\" src=\"https:\/\/18pet.com\/wp-content\/uploads\/2023\/06\/2052092389-1.jpg\"><\/p><p><img decoding=\"async\" class=\"img-responsive\" src=\"https:\/\/18pet.com\/wp-content\/uploads\/2023\/06\/520605330-1.jpg\"><\/p><p>&nbsp;<\/p><\/p>","protected":false},"excerpt":{"rendered":"<p>Juguetes para loros, juguetes para p\u00e1jaros, escaleras.<\/p>","protected":false},"featured_media":5110,"comment_status":"open","ping_status":"closed","template":"","meta":[],"product_brand":[],"product_cat":[187],"product_tag":[425,426],"class_list":{"0":"post-5109","1":"product","2":"type-product","3":"status-publish","4":"has-post-thumbnail","6":"product_cat-bird-toys","7":"product_tag-bird","8":"product_tag-bird-toys","9":"pa_color-blue","10":"pa_color-pink","12":"first","13":"instock","14":"sale","15":"taxable","16":"shipping-taxable","17":"purchasable","18":"product-type-variable"},"yoast_head":"<!-- This site is optimized with the Yoast SEO plugin v25.0 - https:\/\/yoast.com\/wordpress\/plugins\/seo\/ -->\n<title>Parrot Perch Climbing Wood Ladder Platform Bird Stand Stairs &#8212; 18pet.com<\/title>\n<meta name=\"robots\" content=\"index, follow, max-snippet:-1, max-image-preview:large, max-video-preview:-1\" \/>\n<link rel=\"canonical\" href=\"https:\/\/18pet.com\/es\/producto\/parrot-perch-climbing-ladder-wood-platform-bird-stand-sanded-stairs-chew-toy-for-small-medium-birds-easy-to-install\/\" \/>\n<meta property=\"og:locale\" content=\"es_ES\" \/>\n<meta property=\"og:type\" content=\"article\" \/>\n<meta property=\"og:title\" content=\"Parrot Perch Climbing Wood Ladder Platform Bird Stand Stairs &#8212; 18pet.com\" \/>\n<meta property=\"og:description\" content=\"Parrot toys, bird toys, ladders.\" \/>\n<meta property=\"og:url\" content=\"https:\/\/18pet.com\/es\/producto\/parrot-perch-climbing-ladder-wood-platform-bird-stand-sanded-stairs-chew-toy-for-small-medium-birds-easy-to-install\/\" \/>\n<meta property=\"og:site_name\" content=\"18pet.com\" \/>\n<meta property=\"article:modified_time\" content=\"2025-03-23T13:30:23+00:00\" \/>\n<meta property=\"og:image\" content=\"https:\/\/18pet.com\/wp-content\/uploads\/2023\/06\/797678555-1.jpg\" \/>\n\t<meta property=\"og:image:width\" content=\"800\" \/>\n\t<meta property=\"og:image:height\" content=\"800\" \/>\n\t<meta property=\"og:image:type\" content=\"image\/jpeg\" \/>\n<meta name=\"twitter:card\" content=\"summary_large_image\" \/>\n<meta name=\"twitter:label1\" content=\"Tiempo de lectura\" \/>\n\t<meta name=\"twitter:data1\" content=\"3 minutos\" \/>\n<script type=\"application\/ld+json\" class=\"yoast-schema-graph\">{\"@context\":\"https:\/\/schema.org\",\"@graph\":[{\"@type\":\"WebPage\",\"@id\":\"https:\/\/18pet.com\/product\/parrot-perch-climbing-ladder-wood-platform-bird-stand-sanded-stairs-chew-toy-for-small-medium-birds-easy-to-install\/\",\"url\":\"https:\/\/18pet.com\/product\/parrot-perch-climbing-ladder-wood-platform-bird-stand-sanded-stairs-chew-toy-for-small-medium-birds-easy-to-install\/\",\"name\":\"Parrot Perch Climbing Wood Ladder Platform Bird Stand Stairs &#8212; 18pet.com\",\"isPartOf\":{\"@id\":\"https:\/\/18pet.com\/id\/#website\"},\"primaryImageOfPage\":{\"@id\":\"https:\/\/18pet.com\/product\/parrot-perch-climbing-ladder-wood-platform-bird-stand-sanded-stairs-chew-toy-for-small-medium-birds-easy-to-install\/#primaryimage\"},\"image\":{\"@id\":\"https:\/\/18pet.com\/product\/parrot-perch-climbing-ladder-wood-platform-bird-stand-sanded-stairs-chew-toy-for-small-medium-birds-easy-to-install\/#primaryimage\"},\"thumbnailUrl\":\"https:\/\/18pet.com\/wp-content\/uploads\/2023\/06\/797678555-1.jpg\",\"datePublished\":\"2022-06-28T06:55:14+00:00\",\"dateModified\":\"2025-03-23T13:30:23+00:00\",\"breadcrumb\":{\"@id\":\"https:\/\/18pet.com\/product\/parrot-perch-climbing-ladder-wood-platform-bird-stand-sanded-stairs-chew-toy-for-small-medium-birds-easy-to-install\/#breadcrumb\"},\"inLanguage\":\"es\",\"potentialAction\":[{\"@type\":\"ReadAction\",\"target\":[\"https:\/\/18pet.com\/product\/parrot-perch-climbing-ladder-wood-platform-bird-stand-sanded-stairs-chew-toy-for-small-medium-birds-easy-to-install\/\"]}]},{\"@type\":\"ImageObject\",\"inLanguage\":\"es\",\"@id\":\"https:\/\/18pet.com\/product\/parrot-perch-climbing-ladder-wood-platform-bird-stand-sanded-stairs-chew-toy-for-small-medium-birds-easy-to-install\/#primaryimage\",\"url\":\"https:\/\/18pet.com\/wp-content\/uploads\/2023\/06\/797678555-1.jpg\",\"contentUrl\":\"https:\/\/18pet.com\/wp-content\/uploads\/2023\/06\/797678555-1.jpg\",\"width\":800,\"height\":800,\"caption\":\"Parrot Perch Climbing Ladder Wood Platform Bird Stand Sanded Stairs Chew Toy for Small Medium Birds Easy to Install 1\"},{\"@type\":\"BreadcrumbList\",\"@id\":\"https:\/\/18pet.com\/product\/parrot-perch-climbing-ladder-wood-platform-bird-stand-sanded-stairs-chew-toy-for-small-medium-birds-easy-to-install\/#breadcrumb\",\"itemListElement\":[{\"@type\":\"ListItem\",\"position\":1,\"name\":\"Home\",\"item\":\"https:\/\/18pet.com\/\"},{\"@type\":\"ListItem\",\"position\":2,\"name\":\"Products\",\"item\":\"https:\/\/18pet.com\/tr\/products\/\"},{\"@type\":\"ListItem\",\"position\":3,\"name\":\"Parrot Perch Climbing Wood Ladder Platform Bird Stand Stairs\"}]},{\"@type\":\"WebSite\",\"@id\":\"https:\/\/18pet.com\/id\/#website\",\"url\":\"https:\/\/18pet.com\/id\/\",\"name\":\"18pet.com\",\"description\":\"Your pet supplies center\",\"publisher\":{\"@id\":\"https:\/\/18pet.com\/id\/#organization\"},\"potentialAction\":[{\"@type\":\"SearchAction\",\"target\":{\"@type\":\"EntryPoint\",\"urlTemplate\":\"https:\/\/18pet.com\/id\/?s={search_term_string}\"},\"query-input\":{\"@type\":\"PropertyValueSpecification\",\"valueRequired\":true,\"valueName\":\"search_term_string\"}}],\"inLanguage\":\"es\"},{\"@type\":\"Organization\",\"@id\":\"https:\/\/18pet.com\/id\/#organization\",\"name\":\"18pet.com\",\"url\":\"https:\/\/18pet.com\/id\/\",\"logo\":{\"@type\":\"ImageObject\",\"inLanguage\":\"es\",\"@id\":\"https:\/\/18pet.com\/id\/#\/schema\/logo\/image\/\",\"url\":\"https:\/\/18pet.com\/wp-content\/uploads\/2023\/04\/18pet-white-background.png\",\"contentUrl\":\"https:\/\/18pet.com\/wp-content\/uploads\/2023\/04\/18pet-white-background.png\",\"width\":515,\"height\":167,\"caption\":\"18pet.com\"},\"image\":{\"@id\":\"https:\/\/18pet.com\/id\/#\/schema\/logo\/image\/\"}}]}<\/script>\n<!-- \/ Yoast SEO plugin. -->","yoast_head_json":{"title":"Parrot Perch Climbing Wood Ladder Platform Bird Stand Stairs &#8212; 18pet.com","robots":{"index":"index","follow":"follow","max-snippet":"max-snippet:-1","max-image-preview":"max-image-preview:large","max-video-preview":"max-video-preview:-1"},"canonical":"https:\/\/18pet.com\/es\/producto\/parrot-perch-climbing-ladder-wood-platform-bird-stand-sanded-stairs-chew-toy-for-small-medium-birds-easy-to-install\/","og_locale":"es_ES","og_type":"article","og_title":"Parrot Perch Climbing Wood Ladder Platform Bird Stand Stairs &#8212; 18pet.com","og_description":"Parrot toys, bird toys, ladders.","og_url":"https:\/\/18pet.com\/es\/producto\/parrot-perch-climbing-ladder-wood-platform-bird-stand-sanded-stairs-chew-toy-for-small-medium-birds-easy-to-install\/","og_site_name":"18pet.com","article_modified_time":"2025-03-23T13:30:23+00:00","og_image":[{"width":800,"height":800,"url":"https:\/\/18pet.com\/wp-content\/uploads\/2023\/06\/797678555-1.jpg","type":"image\/jpeg"}],"twitter_card":"summary_large_image","twitter_misc":{"Tiempo de lectura":"3 minutos"},"schema":{"@context":"https:\/\/schema.org","@graph":[{"@type":"WebPage","@id":"https:\/\/18pet.com\/product\/parrot-perch-climbing-ladder-wood-platform-bird-stand-sanded-stairs-chew-toy-for-small-medium-birds-easy-to-install\/","url":"https:\/\/18pet.com\/product\/parrot-perch-climbing-ladder-wood-platform-bird-stand-sanded-stairs-chew-toy-for-small-medium-birds-easy-to-install\/","name":"Parrot Perch Climbing Wood Ladder Platform Bird Stand Stairs &#8212; 18pet.com","isPartOf":{"@id":"https:\/\/18pet.com\/id\/#website"},"primaryImageOfPage":{"@id":"https:\/\/18pet.com\/product\/parrot-perch-climbing-ladder-wood-platform-bird-stand-sanded-stairs-chew-toy-for-small-medium-birds-easy-to-install\/#primaryimage"},"image":{"@id":"https:\/\/18pet.com\/product\/parrot-perch-climbing-ladder-wood-platform-bird-stand-sanded-stairs-chew-toy-for-small-medium-birds-easy-to-install\/#primaryimage"},"thumbnailUrl":"https:\/\/18pet.com\/wp-content\/uploads\/2023\/06\/797678555-1.jpg","datePublished":"2022-06-28T06:55:14+00:00","dateModified":"2025-03-23T13:30:23+00:00","breadcrumb":{"@id":"https:\/\/18pet.com\/product\/parrot-perch-climbing-ladder-wood-platform-bird-stand-sanded-stairs-chew-toy-for-small-medium-birds-easy-to-install\/#breadcrumb"},"inLanguage":"es","potentialAction":[{"@type":"ReadAction","target":["https:\/\/18pet.com\/product\/parrot-perch-climbing-ladder-wood-platform-bird-stand-sanded-stairs-chew-toy-for-small-medium-birds-easy-to-install\/"]}]},{"@type":"ImageObject","inLanguage":"es","@id":"https:\/\/18pet.com\/product\/parrot-perch-climbing-ladder-wood-platform-bird-stand-sanded-stairs-chew-toy-for-small-medium-birds-easy-to-install\/#primaryimage","url":"https:\/\/18pet.com\/wp-content\/uploads\/2023\/06\/797678555-1.jpg","contentUrl":"https:\/\/18pet.com\/wp-content\/uploads\/2023\/06\/797678555-1.jpg","width":800,"height":800,"caption":"Parrot Perch Climbing Ladder Wood Platform Bird Stand Sanded Stairs Chew Toy for Small Medium Birds Easy to Install 1"},{"@type":"BreadcrumbList","@id":"https:\/\/18pet.com\/product\/parrot-perch-climbing-ladder-wood-platform-bird-stand-sanded-stairs-chew-toy-for-small-medium-birds-easy-to-install\/#breadcrumb","itemListElement":[{"@type":"ListItem","position":1,"name":"Home","item":"https:\/\/18pet.com\/"},{"@type":"ListItem","position":2,"name":"Products","item":"https:\/\/18pet.com\/tr\/products\/"},{"@type":"ListItem","position":3,"name":"Parrot Perch Climbing Wood Ladder Platform Bird Stand Stairs"}]},{"@type":"WebSite","@id":"https:\/\/18pet.com\/id\/#website","url":"https:\/\/18pet.com\/id\/","name":"18pet.com","description":"Your pet supplies center","publisher":{"@id":"https:\/\/18pet.com\/id\/#organization"},"potentialAction":[{"@type":"SearchAction","target":{"@type":"EntryPoint","urlTemplate":"https:\/\/18pet.com\/id\/?s={search_term_string}"},"query-input":{"@type":"PropertyValueSpecification","valueRequired":true,"valueName":"search_term_string"}}],"inLanguage":"es"},{"@type":"Organization","@id":"https:\/\/18pet.com\/id\/#organization","name":"18pet.com","url":"https:\/\/18pet.com\/id\/","logo":{"@type":"ImageObject","inLanguage":"es","@id":"https:\/\/18pet.com\/id\/#\/schema\/logo\/image\/","url":"https:\/\/18pet.com\/wp-content\/uploads\/2023\/04\/18pet-white-background.png","contentUrl":"https:\/\/18pet.com\/wp-content\/uploads\/2023\/04\/18pet-white-background.png","width":515,"height":167,"caption":"18pet.com"},"image":{"@id":"https:\/\/18pet.com\/id\/#\/schema\/logo\/image\/"}}]}},"jetpack_sharing_enabled":true,"_links":{"self":[{"href":"https:\/\/18pet.com\/es\/wp-json\/wp\/v2\/product\/5109","targetHints":{"allow":["GET"]}}],"collection":[{"href":"https:\/\/18pet.com\/es\/wp-json\/wp\/v2\/product"}],"about":[{"href":"https:\/\/18pet.com\/es\/wp-json\/wp\/v2\/types\/product"}],"replies":[{"embeddable":true,"href":"https:\/\/18pet.com\/es\/wp-json\/wp\/v2\/comments?post=5109"}],"wp:featuredmedia":[{"embeddable":true,"href":"https:\/\/18pet.com\/es\/wp-json\/wp\/v2\/media\/5110"}],"wp:attachment":[{"href":"https:\/\/18pet.com\/es\/wp-json\/wp\/v2\/media?parent=5109"}],"wp:term":[{"taxonomy":"product_brand","embeddable":true,"href":"https:\/\/18pet.com\/es\/wp-json\/wp\/v2\/product_brand?post=5109"},{"taxonomy":"product_cat","embeddable":true,"href":"https:\/\/18pet.com\/es\/wp-json\/wp\/v2\/product_cat?post=5109"},{"taxonomy":"product_tag","embeddable":true,"href":"https:\/\/18pet.com\/es\/wp-json\/wp\/v2\/product_tag?post=5109"}],"curies":[{"name":"wp","href":"https:\/\/api.w.org\/{rel}","templated":true}]}}