{"id":4833,"date":"2022-05-22T04:39:28","date_gmt":"2022-05-22T04:39:28","guid":{"rendered":"https:\/\/18pet.com\/?post_type=product&#038;p=4833"},"modified":"2025-03-23T14:00:33","modified_gmt":"2025-03-23T14:00:33","slug":"pet-dog-mouth-breathable-adjustable-anti-bite-metal-muzzle-protection-cover-dog-accessories","status":"publish","type":"product","link":"https:\/\/18pet.com\/es\/producto\/mascota-perro-boca-transpirable-ajustable-anti-mordedura-metal-bozal-proteccion-cubierta-accesorios-perro\/","title":{"rendered":"<p>Bozal de metal para perros Cubierta de protecci\u00f3n antimordida ajustable transpirable<\/p>"},"content":{"rendered":"<h3><strong>Caracter\u00edstica:<\/strong><p>1. Este bozal de canasta bien ventilado permite jadear y beber, interior acolchado con piel sint\u00e9tica suave, para mayor comodidad y seguridad.<\/p><p>2. Hecho de piel sint\u00e9tica flexible y alambre de hierro, muy duradero.<\/p><p>3. Las correas de seguridad ajustables aseguran que el bozal permanezca siempre en su lugar.<\/p><p>4. F\u00e1cil de poner, pero el perro no puede quitarse solo.<\/p><p><strong><em>Este bozal para perros es una herramienta de entrenamiento \u00fatil en muchas situaciones y uso diario, que disuade a los perros de morder, ladrar, masticar objetos extra\u00f1os o lamer heridas.<\/em><\/strong><\/p><p><strong>Tipo:<\/strong> bozal de perro<br>\n<strong>Material<\/strong>: Imitaci\u00f3n de cuero, Hierro<br>\n<strong>Caracter\u00edsticas<\/strong>: Transpirable, Duradero, C\u00f3modo, Ajustable<\/p><h3><span style=\"color: #ff0000\"><strong>Detalles del tama\u00f1o<\/strong>: Mida cuidadosamente el tama\u00f1o de la boca del perro antes de comprar. Esto es importante.<\/span><\/h3><p><strong><span style=\"color: #ff0000\">METRO: <\/span><\/strong><\/p><p><strong>Circunferencia frontal:<\/strong> 23cm\/9.06\u2033,<\/p><p><strong>Longitud:<\/strong> 6 cm\/2,36\u2033,<\/p><p><strong>Circunferencia media:<\/strong> 29 cm\/11,42\u2033 (aprox.)<\/p><p><strong><span style=\"color: #ff0000\">L: <\/span><\/strong><\/p><p><strong>Circunferencia frontal:<\/strong> 30cm\/11.81\u2033,<\/p><p><strong>Longitud:<\/strong> 8,5 cm\/3,35\u2033,<\/p><p><strong>Circunferencia media:<\/strong> 37 cm\/14,57\u2033 (aprox.)<\/p><p><span style=\"color: #ff0000\">SG: <\/span><\/p><p><strong>Circunferencia frontal:<\/strong> 32 cm\/12,60\u2033,<\/p><p><strong>Longitud:<\/strong> 9,5 cm\/3,74\u2033,<\/p><p><strong>Circunferencia media:<\/strong> 44 cm\/17,32\u2033 (aprox.)<\/p><p><span style=\"color: #ff0000\">XXL: <\/span><\/p><p><strong>Circunferencia frontal:<\/strong> 41 cm\/16,14\u2033,<\/p><p><strong>Longitud:<\/strong> 10 cm\/3,94\u2033,<\/p><p><strong>Circunferencia media:<\/strong> 48 cm\/18,90\u2033 (aprox.)<\/p><p><strong>Notas:<\/strong><\/p><p>Debido a la diferencia de configuraci\u00f3n de luz y pantalla, el color del art\u00edculo puede ser ligeramente diferente al de las im\u00e1genes.<br>\nPermita una ligera diferencia de dimensi\u00f3n debido a las diferentes medidas manuales.<\/p><p><strong>El paquete incluye:<\/strong><\/p><p>1 bozal para perro.<\/p><p><img decoding=\"async\" class=\"img-responsive\" src=\"https:\/\/18pet.com\/wp-content\/uploads\/2023\/05\/891467424-1.jpg\"><img decoding=\"async\" class=\"img-responsive\" src=\"https:\/\/18pet.com\/wp-content\/uploads\/2023\/05\/405613593-1.jpg\"><img decoding=\"async\" class=\"img-responsive\" src=\"https:\/\/18pet.com\/wp-content\/uploads\/2023\/05\/1202312148-1.jpg\"><img decoding=\"async\" class=\"img-responsive\" src=\"https:\/\/18pet.com\/wp-content\/uploads\/2023\/05\/1240136531-1.jpg\"><img decoding=\"async\" class=\"img-responsive\" src=\"https:\/\/18pet.com\/wp-content\/uploads\/2023\/05\/1143836322-1.jpg\"><img decoding=\"async\" class=\"img-responsive\" src=\"https:\/\/18pet.com\/wp-content\/uploads\/2023\/05\/143617062-1.jpg\"><img decoding=\"async\" class=\"img-responsive\" src=\"https:\/\/18pet.com\/wp-content\/uploads\/2023\/05\/762126164-1.jpg\"><img decoding=\"async\" class=\"img-responsive\" src=\"https:\/\/18pet.com\/wp-content\/uploads\/2023\/05\/672897733-1.jpg\"><\/p><\/h3>","protected":false},"excerpt":{"rendered":"<h3><strong>Caracter\u00edstica:<\/strong><p>1. Este bozal de canasta bien ventilado permite jadear y beber, interior acolchado con piel sint\u00e9tica suave, para mayor comodidad y seguridad.<\/p><p>2. Hecho de piel sint\u00e9tica flexible y alambre de hierro, muy duradero.<\/p><p>3. Las correas de seguridad ajustables aseguran que el bozal permanezca siempre en su lugar.<\/p><p>4. F\u00e1cil de poner, pero el perro no puede quitarse solo.<\/p><\/h3>","protected":false},"featured_media":4834,"comment_status":"open","ping_status":"closed","template":"","meta":[],"product_brand":[],"product_cat":[118],"product_tag":[244,424],"class_list":{"0":"post-4833","1":"product","2":"type-product","3":"status-publish","4":"has-post-thumbnail","6":"product_cat-muzzles","7":"product_tag-dog","8":"product_tag-muzzles","9":"pa_size-l","10":"pa_size-m","11":"pa_size-xl","12":"pa_size-xxl","14":"first","15":"instock","16":"sale","17":"taxable","18":"shipping-taxable","19":"purchasable","20":"product-type-variable"},"yoast_head":"<!-- This site is optimized with the Yoast SEO plugin v25.0 - https:\/\/yoast.com\/wordpress\/plugins\/seo\/ -->\n<title>Dog Metal Muzzle Mouth Breathable Adjustable Anti-Bite Protection Cover &#8212; 18pet.com<\/title>\n<meta name=\"description\" content=\"This muzzle is made of metal wire outside and leather inside. Excellent design, both durable and comfortable to wear, preventing harm to dogs.\" \/>\n<meta name=\"robots\" content=\"index, follow, max-snippet:-1, max-image-preview:large, max-video-preview:-1\" \/>\n<link rel=\"canonical\" href=\"https:\/\/18pet.com\/es\/producto\/mascota-perro-boca-transpirable-ajustable-anti-mordedura-metal-bozal-proteccion-cubierta-accesorios-perro\/\" \/>\n<meta property=\"og:locale\" content=\"es_ES\" \/>\n<meta property=\"og:type\" content=\"article\" \/>\n<meta property=\"og:title\" content=\"Dog Metal Muzzle Mouth Breathable Adjustable Anti-Bite Protection Cover &#8212; 18pet.com\" \/>\n<meta property=\"og:description\" content=\"This muzzle is made of metal wire outside and leather inside. Excellent design, both durable and comfortable to wear, preventing harm to dogs.\" \/>\n<meta property=\"og:url\" content=\"https:\/\/18pet.com\/es\/producto\/mascota-perro-boca-transpirable-ajustable-anti-mordedura-metal-bozal-proteccion-cubierta-accesorios-perro\/\" \/>\n<meta property=\"og:site_name\" content=\"18pet.com\" \/>\n<meta property=\"article:modified_time\" content=\"2025-03-23T14:00:33+00:00\" \/>\n<meta property=\"og:image\" content=\"https:\/\/18pet.com\/wp-content\/uploads\/2023\/05\/1627849007-1.jpg\" \/>\n\t<meta property=\"og:image:width\" content=\"1000\" \/>\n\t<meta property=\"og:image:height\" content=\"1000\" \/>\n\t<meta property=\"og:image:type\" content=\"image\/jpeg\" \/>\n<meta name=\"twitter:card\" content=\"summary_large_image\" \/>\n<meta name=\"twitter:label1\" content=\"Tiempo de lectura\" \/>\n\t<meta name=\"twitter:data1\" content=\"3 minutos\" \/>\n<script type=\"application\/ld+json\" class=\"yoast-schema-graph\">{\"@context\":\"https:\/\/schema.org\",\"@graph\":[{\"@type\":\"WebPage\",\"@id\":\"https:\/\/18pet.com\/product\/pet-dog-mouth-breathable-adjustable-anti-bite-metal-muzzle-protection-cover-dog-accessories\/\",\"url\":\"https:\/\/18pet.com\/product\/pet-dog-mouth-breathable-adjustable-anti-bite-metal-muzzle-protection-cover-dog-accessories\/\",\"name\":\"Dog Metal Muzzle Mouth Breathable Adjustable Anti-Bite Protection Cover &#8212; 18pet.com\",\"isPartOf\":{\"@id\":\"https:\/\/18pet.com\/id\/#website\"},\"primaryImageOfPage\":{\"@id\":\"https:\/\/18pet.com\/product\/pet-dog-mouth-breathable-adjustable-anti-bite-metal-muzzle-protection-cover-dog-accessories\/#primaryimage\"},\"image\":{\"@id\":\"https:\/\/18pet.com\/product\/pet-dog-mouth-breathable-adjustable-anti-bite-metal-muzzle-protection-cover-dog-accessories\/#primaryimage\"},\"thumbnailUrl\":\"https:\/\/18pet.com\/wp-content\/uploads\/2023\/05\/1627849007-1.jpg\",\"datePublished\":\"2022-05-22T04:39:28+00:00\",\"dateModified\":\"2025-03-23T14:00:33+00:00\",\"description\":\"This muzzle is made of metal wire outside and leather inside. Excellent design, both durable and comfortable to wear, preventing harm to dogs.\",\"breadcrumb\":{\"@id\":\"https:\/\/18pet.com\/product\/pet-dog-mouth-breathable-adjustable-anti-bite-metal-muzzle-protection-cover-dog-accessories\/#breadcrumb\"},\"inLanguage\":\"es\",\"potentialAction\":[{\"@type\":\"ReadAction\",\"target\":[\"https:\/\/18pet.com\/product\/pet-dog-mouth-breathable-adjustable-anti-bite-metal-muzzle-protection-cover-dog-accessories\/\"]}]},{\"@type\":\"ImageObject\",\"inLanguage\":\"es\",\"@id\":\"https:\/\/18pet.com\/product\/pet-dog-mouth-breathable-adjustable-anti-bite-metal-muzzle-protection-cover-dog-accessories\/#primaryimage\",\"url\":\"https:\/\/18pet.com\/wp-content\/uploads\/2023\/05\/1627849007-1.jpg\",\"contentUrl\":\"https:\/\/18pet.com\/wp-content\/uploads\/2023\/05\/1627849007-1.jpg\",\"width\":1000,\"height\":1000,\"caption\":\"Pet Dog Mouth Breathable Adjustable Anti-Bite Metal Muzzle Protection Cover Dog Accessories 1\"},{\"@type\":\"BreadcrumbList\",\"@id\":\"https:\/\/18pet.com\/product\/pet-dog-mouth-breathable-adjustable-anti-bite-metal-muzzle-protection-cover-dog-accessories\/#breadcrumb\",\"itemListElement\":[{\"@type\":\"ListItem\",\"position\":1,\"name\":\"Home\",\"item\":\"https:\/\/18pet.com\/\"},{\"@type\":\"ListItem\",\"position\":2,\"name\":\"Products\",\"item\":\"https:\/\/18pet.com\/tr\/products\/\"},{\"@type\":\"ListItem\",\"position\":3,\"name\":\"Dog Metal Muzzle Mouth Breathable Adjustable Anti-Bite Protection Cover\"}]},{\"@type\":\"WebSite\",\"@id\":\"https:\/\/18pet.com\/id\/#website\",\"url\":\"https:\/\/18pet.com\/id\/\",\"name\":\"18pet.com\",\"description\":\"Your pet supplies center\",\"publisher\":{\"@id\":\"https:\/\/18pet.com\/id\/#organization\"},\"potentialAction\":[{\"@type\":\"SearchAction\",\"target\":{\"@type\":\"EntryPoint\",\"urlTemplate\":\"https:\/\/18pet.com\/id\/?s={search_term_string}\"},\"query-input\":{\"@type\":\"PropertyValueSpecification\",\"valueRequired\":true,\"valueName\":\"search_term_string\"}}],\"inLanguage\":\"es\"},{\"@type\":\"Organization\",\"@id\":\"https:\/\/18pet.com\/id\/#organization\",\"name\":\"18pet.com\",\"url\":\"https:\/\/18pet.com\/id\/\",\"logo\":{\"@type\":\"ImageObject\",\"inLanguage\":\"es\",\"@id\":\"https:\/\/18pet.com\/id\/#\/schema\/logo\/image\/\",\"url\":\"https:\/\/18pet.com\/wp-content\/uploads\/2023\/04\/18pet-white-background.png\",\"contentUrl\":\"https:\/\/18pet.com\/wp-content\/uploads\/2023\/04\/18pet-white-background.png\",\"width\":515,\"height\":167,\"caption\":\"18pet.com\"},\"image\":{\"@id\":\"https:\/\/18pet.com\/id\/#\/schema\/logo\/image\/\"}}]}<\/script>\n<!-- \/ Yoast SEO plugin. -->","yoast_head_json":{"title":"Dog Metal Muzzle Mouth Breathable Adjustable Anti-Bite Protection Cover &#8212; 18pet.com","description":"This muzzle is made of metal wire outside and leather inside. Excellent design, both durable and comfortable to wear, preventing harm to dogs.","robots":{"index":"index","follow":"follow","max-snippet":"max-snippet:-1","max-image-preview":"max-image-preview:large","max-video-preview":"max-video-preview:-1"},"canonical":"https:\/\/18pet.com\/es\/producto\/mascota-perro-boca-transpirable-ajustable-anti-mordedura-metal-bozal-proteccion-cubierta-accesorios-perro\/","og_locale":"es_ES","og_type":"article","og_title":"Dog Metal Muzzle Mouth Breathable Adjustable Anti-Bite Protection Cover &#8212; 18pet.com","og_description":"This muzzle is made of metal wire outside and leather inside. Excellent design, both durable and comfortable to wear, preventing harm to dogs.","og_url":"https:\/\/18pet.com\/es\/producto\/mascota-perro-boca-transpirable-ajustable-anti-mordedura-metal-bozal-proteccion-cubierta-accesorios-perro\/","og_site_name":"18pet.com","article_modified_time":"2025-03-23T14:00:33+00:00","og_image":[{"width":1000,"height":1000,"url":"https:\/\/18pet.com\/wp-content\/uploads\/2023\/05\/1627849007-1.jpg","type":"image\/jpeg"}],"twitter_card":"summary_large_image","twitter_misc":{"Tiempo de lectura":"3 minutos"},"schema":{"@context":"https:\/\/schema.org","@graph":[{"@type":"WebPage","@id":"https:\/\/18pet.com\/product\/pet-dog-mouth-breathable-adjustable-anti-bite-metal-muzzle-protection-cover-dog-accessories\/","url":"https:\/\/18pet.com\/product\/pet-dog-mouth-breathable-adjustable-anti-bite-metal-muzzle-protection-cover-dog-accessories\/","name":"Dog Metal Muzzle Mouth Breathable Adjustable Anti-Bite Protection Cover &#8212; 18pet.com","isPartOf":{"@id":"https:\/\/18pet.com\/id\/#website"},"primaryImageOfPage":{"@id":"https:\/\/18pet.com\/product\/pet-dog-mouth-breathable-adjustable-anti-bite-metal-muzzle-protection-cover-dog-accessories\/#primaryimage"},"image":{"@id":"https:\/\/18pet.com\/product\/pet-dog-mouth-breathable-adjustable-anti-bite-metal-muzzle-protection-cover-dog-accessories\/#primaryimage"},"thumbnailUrl":"https:\/\/18pet.com\/wp-content\/uploads\/2023\/05\/1627849007-1.jpg","datePublished":"2022-05-22T04:39:28+00:00","dateModified":"2025-03-23T14:00:33+00:00","description":"This muzzle is made of metal wire outside and leather inside. Excellent design, both durable and comfortable to wear, preventing harm to dogs.","breadcrumb":{"@id":"https:\/\/18pet.com\/product\/pet-dog-mouth-breathable-adjustable-anti-bite-metal-muzzle-protection-cover-dog-accessories\/#breadcrumb"},"inLanguage":"es","potentialAction":[{"@type":"ReadAction","target":["https:\/\/18pet.com\/product\/pet-dog-mouth-breathable-adjustable-anti-bite-metal-muzzle-protection-cover-dog-accessories\/"]}]},{"@type":"ImageObject","inLanguage":"es","@id":"https:\/\/18pet.com\/product\/pet-dog-mouth-breathable-adjustable-anti-bite-metal-muzzle-protection-cover-dog-accessories\/#primaryimage","url":"https:\/\/18pet.com\/wp-content\/uploads\/2023\/05\/1627849007-1.jpg","contentUrl":"https:\/\/18pet.com\/wp-content\/uploads\/2023\/05\/1627849007-1.jpg","width":1000,"height":1000,"caption":"Pet Dog Mouth Breathable Adjustable Anti-Bite Metal Muzzle Protection Cover Dog Accessories 1"},{"@type":"BreadcrumbList","@id":"https:\/\/18pet.com\/product\/pet-dog-mouth-breathable-adjustable-anti-bite-metal-muzzle-protection-cover-dog-accessories\/#breadcrumb","itemListElement":[{"@type":"ListItem","position":1,"name":"Home","item":"https:\/\/18pet.com\/"},{"@type":"ListItem","position":2,"name":"Products","item":"https:\/\/18pet.com\/tr\/products\/"},{"@type":"ListItem","position":3,"name":"Dog Metal Muzzle Mouth Breathable Adjustable Anti-Bite Protection Cover"}]},{"@type":"WebSite","@id":"https:\/\/18pet.com\/id\/#website","url":"https:\/\/18pet.com\/id\/","name":"18pet.com","description":"Your pet supplies center","publisher":{"@id":"https:\/\/18pet.com\/id\/#organization"},"potentialAction":[{"@type":"SearchAction","target":{"@type":"EntryPoint","urlTemplate":"https:\/\/18pet.com\/id\/?s={search_term_string}"},"query-input":{"@type":"PropertyValueSpecification","valueRequired":true,"valueName":"search_term_string"}}],"inLanguage":"es"},{"@type":"Organization","@id":"https:\/\/18pet.com\/id\/#organization","name":"18pet.com","url":"https:\/\/18pet.com\/id\/","logo":{"@type":"ImageObject","inLanguage":"es","@id":"https:\/\/18pet.com\/id\/#\/schema\/logo\/image\/","url":"https:\/\/18pet.com\/wp-content\/uploads\/2023\/04\/18pet-white-background.png","contentUrl":"https:\/\/18pet.com\/wp-content\/uploads\/2023\/04\/18pet-white-background.png","width":515,"height":167,"caption":"18pet.com"},"image":{"@id":"https:\/\/18pet.com\/id\/#\/schema\/logo\/image\/"}}]}},"jetpack_sharing_enabled":true,"_links":{"self":[{"href":"https:\/\/18pet.com\/es\/wp-json\/wp\/v2\/product\/4833","targetHints":{"allow":["GET"]}}],"collection":[{"href":"https:\/\/18pet.com\/es\/wp-json\/wp\/v2\/product"}],"about":[{"href":"https:\/\/18pet.com\/es\/wp-json\/wp\/v2\/types\/product"}],"replies":[{"embeddable":true,"href":"https:\/\/18pet.com\/es\/wp-json\/wp\/v2\/comments?post=4833"}],"wp:featuredmedia":[{"embeddable":true,"href":"https:\/\/18pet.com\/es\/wp-json\/wp\/v2\/media\/4834"}],"wp:attachment":[{"href":"https:\/\/18pet.com\/es\/wp-json\/wp\/v2\/media?parent=4833"}],"wp:term":[{"taxonomy":"product_brand","embeddable":true,"href":"https:\/\/18pet.com\/es\/wp-json\/wp\/v2\/product_brand?post=4833"},{"taxonomy":"product_cat","embeddable":true,"href":"https:\/\/18pet.com\/es\/wp-json\/wp\/v2\/product_cat?post=4833"},{"taxonomy":"product_tag","embeddable":true,"href":"https:\/\/18pet.com\/es\/wp-json\/wp\/v2\/product_tag?post=4833"}],"curies":[{"name":"wp","href":"https:\/\/api.w.org\/{rel}","templated":true}]}}