{"id":4803,"date":"2022-05-22T02:21:17","date_gmt":"2022-05-22T02:21:17","guid":{"rendered":"https:\/\/18pet.com\/?post_type=product&#038;p=4803"},"modified":"2025-03-23T13:30:22","modified_gmt":"2025-03-23T13:30:22","slug":"pet-dog-leash-car-seat-belt-adjustable-lead-leash-safety-collar-leash-backseat-safety-belt-dogs-collar-pet-accessories","status":"publish","type":"product","link":"https:\/\/18pet.com\/es\/producto\/mascota-perro-correa-cinturon-de-asiento-de-coche-correa-de-plomo-ajustable-collar-de-seguridad-correa-asiento-trasero-cinturon-de-seguridad-perros-collar-accesorios-mascotas\/","title":{"rendered":"<p>Pet Dog Cat Leash Cintur\u00f3n de seguridad de coche ajustable<\/p>"},"content":{"rendered":"<h3>Caracter\u00edsticas:<p><strong>Seguridad:<\/strong> Esta correa de seguridad profesional ayuda a mantener a su mascota en su lugar y evita distracciones al conducir. Es ajustable tanto para gatos como para perros.<\/p><p><strong>Aplicabilidad:<\/strong> Siempre que se pueda ajustar para adaptarse al tama\u00f1o de su mascota para garantizar la seguridad de las mascotas, la correa no solo es adecuada para perros, sino que tambi\u00e9n se aplica a otras mascotas, incluidos gatos, cerdos, etc.<br>\nEs f\u00e1cil sujetar una mascota a un \u00e1rbol u otro accesorio resistente para protegerla si es necesario.<br>\nEspecialmente adecuado para mascotas que se asustan f\u00e1cilmente, puede evitar que se caigan por las ventanas debido al miedo al conducir.<\/p><p><strong>Durabilidad:<\/strong> Nuestras correas est\u00e1n hechas de tela de nailon de alta calidad para mejorar la seguridad y utilizan un cierre giratorio hecho de aleaci\u00f3n de zinc s\u00f3lido y un cierre de alta calidad.<\/p><p><strong>Color:<\/strong> como la imagen<\/p><p><strong>Material:<\/strong> Nylon<\/p><p><strong>tama\u00f1o:<\/strong><br>\nTama\u00f1o del cuello: 35-47.5<br>\nTama\u00f1o del cintur\u00f3n de seguridad: 42,5-75 cm<\/p><p><strong>Contenidos del paquete:<\/strong><br>\n1 correa para cintur\u00f3n de seguridad para mascotas.<\/p><p><strong>Nota:<\/strong> Los disparos ligeros y las diferentes pantallas pueden hacer que el color del art\u00edculo en la imagen sea un poco diferente al real. El error de medici\u00f3n permitido es \/- 1-3 cm.<\/p><p><img decoding=\"async\" class=\"img-responsive\" src=\"https:\/\/18pet.com\/wp-content\/uploads\/2023\/05\/1416556690-1.jpg\"><br>\n<img decoding=\"async\" class=\"img-responsive\" src=\"https:\/\/18pet.com\/wp-content\/uploads\/2023\/05\/487043591-1.jpg\"><\/p><p><img decoding=\"async\" class=\"img-responsive\" src=\"https:\/\/18pet.com\/wp-content\/uploads\/2023\/05\/1814115228-1.jpg\"><img decoding=\"async\" class=\"img-responsive\" src=\"https:\/\/18pet.com\/wp-content\/uploads\/2023\/05\/74641514-1.jpg\"><img decoding=\"async\" class=\"img-responsive\" src=\"https:\/\/18pet.com\/wp-content\/uploads\/2023\/05\/1644622376-1.jpg\"><img decoding=\"async\" class=\"img-responsive\" src=\"https:\/\/18pet.com\/wp-content\/uploads\/2023\/05\/594157357-1.jpg\"><img decoding=\"async\" class=\"img-responsive\" src=\"https:\/\/18pet.com\/wp-content\/uploads\/2023\/05\/1772327016-1.jpg\"><img decoding=\"async\" class=\"img-responsive\" src=\"https:\/\/18pet.com\/wp-content\/uploads\/2023\/05\/850921409-1.jpg\"><img decoding=\"async\" class=\"img-responsive\" src=\"https:\/\/18pet.com\/wp-content\/uploads\/2023\/05\/2075934757-1.jpg\"><img decoding=\"async\" class=\"img-responsive\" src=\"https:\/\/18pet.com\/wp-content\/uploads\/2023\/05\/2124287447-1.jpg\"><img decoding=\"async\" class=\"img-responsive\" src=\"https:\/\/18pet.com\/wp-content\/uploads\/2023\/05\/494337858-1.jpg\"><img decoding=\"async\" class=\"img-responsive\" src=\"https:\/\/18pet.com\/wp-content\/uploads\/2023\/05\/898498035-1.jpg\"><img decoding=\"async\" class=\"img-responsive\" src=\"https:\/\/18pet.com\/wp-content\/uploads\/2023\/05\/755114356-1.jpg\"><\/p><\/h3>","protected":false},"excerpt":{"rendered":"<p>Cintur\u00f3n de seguridad de coche ajustable para mascotas. Adecuado para perros, gatos, cerdos dom\u00e9sticos, etc.<\/p>","protected":false},"featured_media":4804,"comment_status":"open","ping_status":"closed","template":"","meta":[],"product_brand":[],"product_cat":[117],"product_tag":[387,244,286,421],"class_list":{"0":"post-4803","1":"product","2":"type-product","3":"status-publish","4":"has-post-thumbnail","6":"product_cat-seat-belts","7":"product_tag-cat","8":"product_tag-dog","9":"product_tag-leashes","10":"product_tag-seat-belt","11":"pa_color-armygreen","12":"pa_color-black","13":"pa_color-blue","14":"pa_color-purple","15":"pa_color-red","16":"pa_size-strong-and-safe","18":"first","19":"instock","20":"sale","21":"taxable","22":"shipping-taxable","23":"purchasable","24":"product-type-variable"},"yoast_head":"<!-- This site is optimized with the Yoast SEO plugin v25.0 - https:\/\/yoast.com\/wordpress\/plugins\/seo\/ -->\n<title>Pet Dog Cat Leash Car Seat Belt Adjustable &#8212; 18pet.com<\/title>\n<meta name=\"robots\" content=\"index, follow, max-snippet:-1, max-image-preview:large, max-video-preview:-1\" \/>\n<link rel=\"canonical\" href=\"https:\/\/18pet.com\/es\/producto\/mascota-perro-correa-cinturon-de-asiento-de-coche-correa-de-plomo-ajustable-collar-de-seguridad-correa-asiento-trasero-cinturon-de-seguridad-perros-collar-accesorios-mascotas\/\" \/>\n<meta property=\"og:locale\" content=\"es_ES\" \/>\n<meta property=\"og:type\" content=\"article\" \/>\n<meta property=\"og:title\" content=\"Pet Dog Cat Leash Car Seat Belt Adjustable &#8212; 18pet.com\" \/>\n<meta property=\"og:description\" content=\"Adjustable car seat belt for Pets. Suitable for dogs, cats, pet pigs, and so on.\" \/>\n<meta property=\"og:url\" content=\"https:\/\/18pet.com\/es\/producto\/mascota-perro-correa-cinturon-de-asiento-de-coche-correa-de-plomo-ajustable-collar-de-seguridad-correa-asiento-trasero-cinturon-de-seguridad-perros-collar-accesorios-mascotas\/\" \/>\n<meta property=\"og:site_name\" content=\"18pet.com\" \/>\n<meta property=\"article:modified_time\" content=\"2025-03-23T13:30:22+00:00\" \/>\n<meta property=\"og:image\" content=\"https:\/\/18pet.com\/wp-content\/uploads\/2023\/05\/184440351-1.jpg\" \/>\n\t<meta property=\"og:image:width\" content=\"800\" \/>\n\t<meta property=\"og:image:height\" content=\"800\" \/>\n\t<meta property=\"og:image:type\" content=\"image\/jpeg\" \/>\n<meta name=\"twitter:card\" content=\"summary_large_image\" \/>\n<meta name=\"twitter:label1\" content=\"Tiempo de lectura\" \/>\n\t<meta name=\"twitter:data1\" content=\"4 minutos\" \/>\n<script type=\"application\/ld+json\" class=\"yoast-schema-graph\">{\"@context\":\"https:\/\/schema.org\",\"@graph\":[{\"@type\":\"WebPage\",\"@id\":\"https:\/\/18pet.com\/product\/pet-dog-leash-car-seat-belt-adjustable-lead-leash-safety-collar-leash-backseat-safety-belt-dogs-collar-pet-accessories\/\",\"url\":\"https:\/\/18pet.com\/product\/pet-dog-leash-car-seat-belt-adjustable-lead-leash-safety-collar-leash-backseat-safety-belt-dogs-collar-pet-accessories\/\",\"name\":\"Pet Dog Cat Leash Car Seat Belt Adjustable &#8212; 18pet.com\",\"isPartOf\":{\"@id\":\"https:\/\/18pet.com\/id\/#website\"},\"primaryImageOfPage\":{\"@id\":\"https:\/\/18pet.com\/product\/pet-dog-leash-car-seat-belt-adjustable-lead-leash-safety-collar-leash-backseat-safety-belt-dogs-collar-pet-accessories\/#primaryimage\"},\"image\":{\"@id\":\"https:\/\/18pet.com\/product\/pet-dog-leash-car-seat-belt-adjustable-lead-leash-safety-collar-leash-backseat-safety-belt-dogs-collar-pet-accessories\/#primaryimage\"},\"thumbnailUrl\":\"https:\/\/18pet.com\/wp-content\/uploads\/2023\/05\/184440351-1.jpg\",\"datePublished\":\"2022-05-22T02:21:17+00:00\",\"dateModified\":\"2025-03-23T13:30:22+00:00\",\"breadcrumb\":{\"@id\":\"https:\/\/18pet.com\/product\/pet-dog-leash-car-seat-belt-adjustable-lead-leash-safety-collar-leash-backseat-safety-belt-dogs-collar-pet-accessories\/#breadcrumb\"},\"inLanguage\":\"es\",\"potentialAction\":[{\"@type\":\"ReadAction\",\"target\":[\"https:\/\/18pet.com\/product\/pet-dog-leash-car-seat-belt-adjustable-lead-leash-safety-collar-leash-backseat-safety-belt-dogs-collar-pet-accessories\/\"]}]},{\"@type\":\"ImageObject\",\"inLanguage\":\"es\",\"@id\":\"https:\/\/18pet.com\/product\/pet-dog-leash-car-seat-belt-adjustable-lead-leash-safety-collar-leash-backseat-safety-belt-dogs-collar-pet-accessories\/#primaryimage\",\"url\":\"https:\/\/18pet.com\/wp-content\/uploads\/2023\/05\/184440351-1.jpg\",\"contentUrl\":\"https:\/\/18pet.com\/wp-content\/uploads\/2023\/05\/184440351-1.jpg\",\"width\":800,\"height\":800,\"caption\":\"Pet Dog Leash Car Seat Belt Adjustable Lead Leash Safety Collar Leash BackSeat Safety Belt Dogs Collar Pet Accessories 1\"},{\"@type\":\"BreadcrumbList\",\"@id\":\"https:\/\/18pet.com\/product\/pet-dog-leash-car-seat-belt-adjustable-lead-leash-safety-collar-leash-backseat-safety-belt-dogs-collar-pet-accessories\/#breadcrumb\",\"itemListElement\":[{\"@type\":\"ListItem\",\"position\":1,\"name\":\"Home\",\"item\":\"https:\/\/18pet.com\/\"},{\"@type\":\"ListItem\",\"position\":2,\"name\":\"Products\",\"item\":\"https:\/\/18pet.com\/tr\/products\/\"},{\"@type\":\"ListItem\",\"position\":3,\"name\":\"Pet Dog Cat Leash Car Seat Belt Adjustable\"}]},{\"@type\":\"WebSite\",\"@id\":\"https:\/\/18pet.com\/id\/#website\",\"url\":\"https:\/\/18pet.com\/id\/\",\"name\":\"18pet.com\",\"description\":\"Your pet supplies center\",\"publisher\":{\"@id\":\"https:\/\/18pet.com\/id\/#organization\"},\"potentialAction\":[{\"@type\":\"SearchAction\",\"target\":{\"@type\":\"EntryPoint\",\"urlTemplate\":\"https:\/\/18pet.com\/id\/?s={search_term_string}\"},\"query-input\":{\"@type\":\"PropertyValueSpecification\",\"valueRequired\":true,\"valueName\":\"search_term_string\"}}],\"inLanguage\":\"es\"},{\"@type\":\"Organization\",\"@id\":\"https:\/\/18pet.com\/id\/#organization\",\"name\":\"18pet.com\",\"url\":\"https:\/\/18pet.com\/id\/\",\"logo\":{\"@type\":\"ImageObject\",\"inLanguage\":\"es\",\"@id\":\"https:\/\/18pet.com\/id\/#\/schema\/logo\/image\/\",\"url\":\"https:\/\/18pet.com\/wp-content\/uploads\/2023\/04\/18pet-white-background.png\",\"contentUrl\":\"https:\/\/18pet.com\/wp-content\/uploads\/2023\/04\/18pet-white-background.png\",\"width\":515,\"height\":167,\"caption\":\"18pet.com\"},\"image\":{\"@id\":\"https:\/\/18pet.com\/id\/#\/schema\/logo\/image\/\"}}]}<\/script>\n<!-- \/ Yoast SEO plugin. -->","yoast_head_json":{"title":"Pet Dog Cat Leash Car Seat Belt Adjustable &#8212; 18pet.com","robots":{"index":"index","follow":"follow","max-snippet":"max-snippet:-1","max-image-preview":"max-image-preview:large","max-video-preview":"max-video-preview:-1"},"canonical":"https:\/\/18pet.com\/es\/producto\/mascota-perro-correa-cinturon-de-asiento-de-coche-correa-de-plomo-ajustable-collar-de-seguridad-correa-asiento-trasero-cinturon-de-seguridad-perros-collar-accesorios-mascotas\/","og_locale":"es_ES","og_type":"article","og_title":"Pet Dog Cat Leash Car Seat Belt Adjustable &#8212; 18pet.com","og_description":"Adjustable car seat belt for Pets. Suitable for dogs, cats, pet pigs, and so on.","og_url":"https:\/\/18pet.com\/es\/producto\/mascota-perro-correa-cinturon-de-asiento-de-coche-correa-de-plomo-ajustable-collar-de-seguridad-correa-asiento-trasero-cinturon-de-seguridad-perros-collar-accesorios-mascotas\/","og_site_name":"18pet.com","article_modified_time":"2025-03-23T13:30:22+00:00","og_image":[{"width":800,"height":800,"url":"https:\/\/18pet.com\/wp-content\/uploads\/2023\/05\/184440351-1.jpg","type":"image\/jpeg"}],"twitter_card":"summary_large_image","twitter_misc":{"Tiempo de lectura":"4 minutos"},"schema":{"@context":"https:\/\/schema.org","@graph":[{"@type":"WebPage","@id":"https:\/\/18pet.com\/product\/pet-dog-leash-car-seat-belt-adjustable-lead-leash-safety-collar-leash-backseat-safety-belt-dogs-collar-pet-accessories\/","url":"https:\/\/18pet.com\/product\/pet-dog-leash-car-seat-belt-adjustable-lead-leash-safety-collar-leash-backseat-safety-belt-dogs-collar-pet-accessories\/","name":"Pet Dog Cat Leash Car Seat Belt Adjustable &#8212; 18pet.com","isPartOf":{"@id":"https:\/\/18pet.com\/id\/#website"},"primaryImageOfPage":{"@id":"https:\/\/18pet.com\/product\/pet-dog-leash-car-seat-belt-adjustable-lead-leash-safety-collar-leash-backseat-safety-belt-dogs-collar-pet-accessories\/#primaryimage"},"image":{"@id":"https:\/\/18pet.com\/product\/pet-dog-leash-car-seat-belt-adjustable-lead-leash-safety-collar-leash-backseat-safety-belt-dogs-collar-pet-accessories\/#primaryimage"},"thumbnailUrl":"https:\/\/18pet.com\/wp-content\/uploads\/2023\/05\/184440351-1.jpg","datePublished":"2022-05-22T02:21:17+00:00","dateModified":"2025-03-23T13:30:22+00:00","breadcrumb":{"@id":"https:\/\/18pet.com\/product\/pet-dog-leash-car-seat-belt-adjustable-lead-leash-safety-collar-leash-backseat-safety-belt-dogs-collar-pet-accessories\/#breadcrumb"},"inLanguage":"es","potentialAction":[{"@type":"ReadAction","target":["https:\/\/18pet.com\/product\/pet-dog-leash-car-seat-belt-adjustable-lead-leash-safety-collar-leash-backseat-safety-belt-dogs-collar-pet-accessories\/"]}]},{"@type":"ImageObject","inLanguage":"es","@id":"https:\/\/18pet.com\/product\/pet-dog-leash-car-seat-belt-adjustable-lead-leash-safety-collar-leash-backseat-safety-belt-dogs-collar-pet-accessories\/#primaryimage","url":"https:\/\/18pet.com\/wp-content\/uploads\/2023\/05\/184440351-1.jpg","contentUrl":"https:\/\/18pet.com\/wp-content\/uploads\/2023\/05\/184440351-1.jpg","width":800,"height":800,"caption":"Pet Dog Leash Car Seat Belt Adjustable Lead Leash Safety Collar Leash BackSeat Safety Belt Dogs Collar Pet Accessories 1"},{"@type":"BreadcrumbList","@id":"https:\/\/18pet.com\/product\/pet-dog-leash-car-seat-belt-adjustable-lead-leash-safety-collar-leash-backseat-safety-belt-dogs-collar-pet-accessories\/#breadcrumb","itemListElement":[{"@type":"ListItem","position":1,"name":"Home","item":"https:\/\/18pet.com\/"},{"@type":"ListItem","position":2,"name":"Products","item":"https:\/\/18pet.com\/tr\/products\/"},{"@type":"ListItem","position":3,"name":"Pet Dog Cat Leash Car Seat Belt Adjustable"}]},{"@type":"WebSite","@id":"https:\/\/18pet.com\/id\/#website","url":"https:\/\/18pet.com\/id\/","name":"18pet.com","description":"Your pet supplies center","publisher":{"@id":"https:\/\/18pet.com\/id\/#organization"},"potentialAction":[{"@type":"SearchAction","target":{"@type":"EntryPoint","urlTemplate":"https:\/\/18pet.com\/id\/?s={search_term_string}"},"query-input":{"@type":"PropertyValueSpecification","valueRequired":true,"valueName":"search_term_string"}}],"inLanguage":"es"},{"@type":"Organization","@id":"https:\/\/18pet.com\/id\/#organization","name":"18pet.com","url":"https:\/\/18pet.com\/id\/","logo":{"@type":"ImageObject","inLanguage":"es","@id":"https:\/\/18pet.com\/id\/#\/schema\/logo\/image\/","url":"https:\/\/18pet.com\/wp-content\/uploads\/2023\/04\/18pet-white-background.png","contentUrl":"https:\/\/18pet.com\/wp-content\/uploads\/2023\/04\/18pet-white-background.png","width":515,"height":167,"caption":"18pet.com"},"image":{"@id":"https:\/\/18pet.com\/id\/#\/schema\/logo\/image\/"}}]}},"jetpack_sharing_enabled":true,"_links":{"self":[{"href":"https:\/\/18pet.com\/es\/wp-json\/wp\/v2\/product\/4803","targetHints":{"allow":["GET"]}}],"collection":[{"href":"https:\/\/18pet.com\/es\/wp-json\/wp\/v2\/product"}],"about":[{"href":"https:\/\/18pet.com\/es\/wp-json\/wp\/v2\/types\/product"}],"replies":[{"embeddable":true,"href":"https:\/\/18pet.com\/es\/wp-json\/wp\/v2\/comments?post=4803"}],"wp:featuredmedia":[{"embeddable":true,"href":"https:\/\/18pet.com\/es\/wp-json\/wp\/v2\/media\/4804"}],"wp:attachment":[{"href":"https:\/\/18pet.com\/es\/wp-json\/wp\/v2\/media?parent=4803"}],"wp:term":[{"taxonomy":"product_brand","embeddable":true,"href":"https:\/\/18pet.com\/es\/wp-json\/wp\/v2\/product_brand?post=4803"},{"taxonomy":"product_cat","embeddable":true,"href":"https:\/\/18pet.com\/es\/wp-json\/wp\/v2\/product_cat?post=4803"},{"taxonomy":"product_tag","embeddable":true,"href":"https:\/\/18pet.com\/es\/wp-json\/wp\/v2\/product_tag?post=4803"}],"curies":[{"name":"wp","href":"https:\/\/api.w.org\/{rel}","templated":true}]}}