{"id":4650,"date":"2022-05-17T07:13:03","date_gmt":"2022-05-17T07:13:03","guid":{"rendered":"https:\/\/18pet.com\/?post_type=product&#038;p=4650"},"modified":"2025-03-23T13:30:20","modified_gmt":"2025-03-23T13:30:20","slug":"dog-harness-no-pulls-pet-vest-with-solid-metal-d-ring-for-small-medium-dogs-reflective-no-choke-harnesses-with-leash","status":"publish","type":"product","link":"https:\/\/18pet.com\/es\/producto\/arnes-para-perros-sin-tirones-chaleco-para-mascotas-con-anillo-en-d-de-metal-solido-para-perros-pequenos-y-medianos-arneses-reflectantes-sin-estrangulamiento-con-correa\/","title":{"rendered":"<p>Conjunto de arn\u00e9s para perros, chaleco para mascotas, reflectante, sin estrangulamiento con correa<\/p>"},"content":{"rendered":"<div style=\"width: 100%\">\n<div style=\"width: 720px;\" class=\"wp-video\"><video class=\"wp-video-shortcode\" id=\"video-4650-1\" width=\"720\" height=\"720\" preload=\"metadata\" controls=\"controls\"><source type=\"video\/mp4\" src=\"https:\/\/18pet.com\/wp-content\/uploads\/2023\/05\/532-Dog-collar-and-leash-set.mp4?_=1\"><\/source><a href=\"https:\/\/18pet.com\/wp-content\/uploads\/2023\/05\/532-Dog-collar-and-leash-set.mp4\">https:\/\/18pet.com\/wp-content\/uploads\/2023\/05\/532-Dog-collar-and-leash-set.mp4<\/a><\/video><\/div>\n<div>\n<h3><strong>Descripciones:<\/strong><\/h3>\n<p>Dise\u00f1o para perros peque\u00f1os y medianos: el arn\u00e9s de chaleco para perros peque\u00f1os y medianos incluye el tama\u00f1o de SL para razas peque\u00f1as y medianas, como Shih Tzu, Chihuahuas, Schnauzers, Pugs, etc. Antes de comprar, mida la circunferencia del cuello y la circunferencia del pecho de su perro y comp\u00e1relos con la tabla de tallas.<br>\nJuego de arn\u00e9s y correa: este arn\u00e9s en forma de X para perros peque\u00f1os y medianos viene con una correa c\u00f3moda<br>\nMaterial: el arn\u00e9s para perros peque\u00f1os est\u00e1 hecho de tela de alta calidad, lo suficientemente suave para proteger la piel de su perro, mientras que es transpirable para mantenerlo fresco<br>\nHebilla mejorada: nuestro arn\u00e9s para perros presenta un anillo en D de metal mejorado, s\u00f3lido y duradero, para sujetar una correa, para caminatas seguras para perros. Ideal para caminar, correr, caminar, etc.<br>\nCinta reflectante: el arn\u00e9s del chaleco para perros viene con costuras reflectantes. Puede mejorar la visibilidad en la oscuridad, protegiendo as\u00ed la seguridad de usted y su perro.<\/p>\n<h3><b>Especificaciones:<\/b><\/h3>\n<p>Material: Poli\u00e9ster Algod\u00f3n<br>\nColor: rosa\/verde\/azul\/amarillo<br>\nPeso (Aprox.): 135g<br>\nTama\u00f1o (aprox.):<br>\nTama\u00f1o: S Busto: 38-46 cm (14,96-18,11 pulgadas) Circunferencia del cuello: 32-40 cm (12,60-15,75 pulgadas)<br>\nTama\u00f1o: Busto: 42-52 cm (16,54-20,47 pulgadas) Circunferencia del cuello: 34-45 cm (13,39-17,72 pulgadas)<br>\nTama\u00f1o: L Busto: 48-60 cm (18,90-23,62 pulgadas) Circunferencia del cuello: 40-52 cm (15,75-20,47 pulgadas)<\/p>\n<h3><b>El paquete incluye:<\/b><\/h3>\n<p>Arn\u00e9s tipo chaleco para perro de 1 pieza (peque\u00f1o\/mediano\/L, rosa\/verde\/azul\/amarillo)<br>\nCorrea de 1 pieza<\/p>\n<p><b>Nota:<\/b><br>\n1. Permita un error de 0-1 cm debido a la medici\u00f3n manual.<br>\n2. Debido a la diferencia entre diferentes monitores, es posible que la imagen no refleje completamente el color real del art\u00edculo. \u00a1Gracias!<\/p>\n<p><img decoding=\"async\" class=\"img-responsive\" src=\"https:\/\/18pet.com\/wp-content\/uploads\/2023\/05\/164454751-1.jpg\"><br>\n<img decoding=\"async\" class=\"img-responsive\" src=\"https:\/\/18pet.com\/wp-content\/uploads\/2023\/05\/1270404607-1.jpg\"><br>\n<img decoding=\"async\" class=\"img-responsive\" src=\"https:\/\/18pet.com\/wp-content\/uploads\/2023\/05\/930640898-1.jpg\"><br>\n<img decoding=\"async\" class=\"img-responsive\" src=\"https:\/\/18pet.com\/wp-content\/uploads\/2023\/05\/554084487-1.jpg\"><br>\n<img decoding=\"async\" class=\"img-responsive\" src=\"https:\/\/18pet.com\/wp-content\/uploads\/2023\/05\/49494280-1.jpg\"><br>\n<img decoding=\"async\" class=\"img-responsive\" src=\"https:\/\/18pet.com\/wp-content\/uploads\/2023\/05\/498272620-1.jpg\"><br>\n<img decoding=\"async\" class=\"img-responsive\" src=\"https:\/\/18pet.com\/wp-content\/uploads\/2023\/05\/2048200167-1.jpg\"><br>\n<img decoding=\"async\" class=\"img-responsive\" src=\"https:\/\/18pet.com\/wp-content\/uploads\/2023\/05\/767912110-1.jpg\"><br>\n<img decoding=\"async\" class=\"img-responsive\" src=\"https:\/\/18pet.com\/wp-content\/uploads\/2023\/05\/372733096-1.jpg\"><br>\n<img decoding=\"async\" class=\"img-responsive\" src=\"https:\/\/18pet.com\/wp-content\/uploads\/2023\/05\/879299324-1.jpg\"><\/p>\n<\/div>\n<\/div>","protected":false},"excerpt":{"rendered":"<h3><span style=\"color: #ff0000\"><strong>Caracter\u00edstica:<\/strong><\/span><p>Este chaleco para perros viene con la correa, no es necesario que compre la correa.<\/p><\/h3>","protected":false},"featured_media":4651,"comment_status":"open","ping_status":"closed","template":"","meta":[],"product_brand":[],"product_cat":[116],"product_tag":[246,378,244,412],"class_list":{"0":"post-4650","1":"product","2":"type-product","3":"status-publish","4":"has-post-thumbnail","6":"product_cat-sets","7":"product_tag-collar","8":"product_tag-collars-and-leads","9":"product_tag-dog","10":"product_tag-leash","11":"pa_color-blue","12":"pa_color-green","13":"pa_color-pink","14":"pa_color-yellow","15":"pa_size-for-m","16":"pa_size-l","17":"pa_size-s","19":"first","20":"instock","21":"sale","22":"taxable","23":"shipping-taxable","24":"purchasable","25":"product-type-variable"},"yoast_head":"<!-- This site is optimized with the Yoast SEO plugin v25.0 - https:\/\/yoast.com\/wordpress\/plugins\/seo\/ -->\n<title>Dog Harness Set Pet Vest, Reflective No Choke with Leash &#8212; 18pet.com<\/title>\n<meta name=\"robots\" content=\"index, follow, max-snippet:-1, max-image-preview:large, max-video-preview:-1\" \/>\n<link rel=\"canonical\" href=\"https:\/\/18pet.com\/es\/producto\/arnes-para-perros-sin-tirones-chaleco-para-mascotas-con-anillo-en-d-de-metal-solido-para-perros-pequenos-y-medianos-arneses-reflectantes-sin-estrangulamiento-con-correa\/\" \/>\n<meta property=\"og:locale\" content=\"es_ES\" \/>\n<meta property=\"og:type\" content=\"article\" \/>\n<meta property=\"og:title\" content=\"Dog Harness Set Pet Vest, Reflective No Choke with Leash &#8212; 18pet.com\" \/>\n<meta property=\"og:description\" content=\"Feature: This dog vest come with the leash,\u00a0 you do not need to buy leash.\" \/>\n<meta property=\"og:url\" content=\"https:\/\/18pet.com\/es\/producto\/arnes-para-perros-sin-tirones-chaleco-para-mascotas-con-anillo-en-d-de-metal-solido-para-perros-pequenos-y-medianos-arneses-reflectantes-sin-estrangulamiento-con-correa\/\" \/>\n<meta property=\"og:site_name\" content=\"18pet.com\" \/>\n<meta property=\"article:modified_time\" content=\"2025-03-23T13:30:20+00:00\" \/>\n<meta property=\"og:image\" content=\"https:\/\/18pet.com\/wp-content\/uploads\/2023\/05\/1273594291-1.jpg\" \/>\n\t<meta property=\"og:image:width\" content=\"800\" \/>\n\t<meta property=\"og:image:height\" content=\"800\" \/>\n\t<meta property=\"og:image:type\" content=\"image\/jpeg\" \/>\n<meta name=\"twitter:card\" content=\"summary_large_image\" \/>\n<meta name=\"twitter:label1\" content=\"Tiempo de lectura\" \/>\n\t<meta name=\"twitter:data1\" content=\"3 minutos\" \/>\n<script type=\"application\/ld+json\" class=\"yoast-schema-graph\">{\"@context\":\"https:\/\/schema.org\",\"@graph\":[{\"@type\":\"WebPage\",\"@id\":\"https:\/\/18pet.com\/product\/dog-harness-no-pulls-pet-vest-with-solid-metal-d-ring-for-small-medium-dogs-reflective-no-choke-harnesses-with-leash\/\",\"url\":\"https:\/\/18pet.com\/product\/dog-harness-no-pulls-pet-vest-with-solid-metal-d-ring-for-small-medium-dogs-reflective-no-choke-harnesses-with-leash\/\",\"name\":\"Dog Harness Set Pet Vest, Reflective No Choke with Leash &#8212; 18pet.com\",\"isPartOf\":{\"@id\":\"https:\/\/18pet.com\/id\/#website\"},\"primaryImageOfPage\":{\"@id\":\"https:\/\/18pet.com\/product\/dog-harness-no-pulls-pet-vest-with-solid-metal-d-ring-for-small-medium-dogs-reflective-no-choke-harnesses-with-leash\/#primaryimage\"},\"image\":{\"@id\":\"https:\/\/18pet.com\/product\/dog-harness-no-pulls-pet-vest-with-solid-metal-d-ring-for-small-medium-dogs-reflective-no-choke-harnesses-with-leash\/#primaryimage\"},\"thumbnailUrl\":\"https:\/\/18pet.com\/wp-content\/uploads\/2023\/05\/1273594291-1.jpg\",\"datePublished\":\"2022-05-17T07:13:03+00:00\",\"dateModified\":\"2025-03-23T13:30:20+00:00\",\"breadcrumb\":{\"@id\":\"https:\/\/18pet.com\/product\/dog-harness-no-pulls-pet-vest-with-solid-metal-d-ring-for-small-medium-dogs-reflective-no-choke-harnesses-with-leash\/#breadcrumb\"},\"inLanguage\":\"es\",\"potentialAction\":[{\"@type\":\"ReadAction\",\"target\":[\"https:\/\/18pet.com\/product\/dog-harness-no-pulls-pet-vest-with-solid-metal-d-ring-for-small-medium-dogs-reflective-no-choke-harnesses-with-leash\/\"]}]},{\"@type\":\"ImageObject\",\"inLanguage\":\"es\",\"@id\":\"https:\/\/18pet.com\/product\/dog-harness-no-pulls-pet-vest-with-solid-metal-d-ring-for-small-medium-dogs-reflective-no-choke-harnesses-with-leash\/#primaryimage\",\"url\":\"https:\/\/18pet.com\/wp-content\/uploads\/2023\/05\/1273594291-1.jpg\",\"contentUrl\":\"https:\/\/18pet.com\/wp-content\/uploads\/2023\/05\/1273594291-1.jpg\",\"width\":800,\"height\":800,\"caption\":\"Dog Harness No Pulls Pet Vest with Solid Metal D-Ring for Small Medium Dogs Reflective No Choke Harnesses with Leash 1\"},{\"@type\":\"BreadcrumbList\",\"@id\":\"https:\/\/18pet.com\/product\/dog-harness-no-pulls-pet-vest-with-solid-metal-d-ring-for-small-medium-dogs-reflective-no-choke-harnesses-with-leash\/#breadcrumb\",\"itemListElement\":[{\"@type\":\"ListItem\",\"position\":1,\"name\":\"Home\",\"item\":\"https:\/\/18pet.com\/\"},{\"@type\":\"ListItem\",\"position\":2,\"name\":\"Products\",\"item\":\"https:\/\/18pet.com\/tr\/products\/\"},{\"@type\":\"ListItem\",\"position\":3,\"name\":\"Dog Harness Set Pet Vest, Reflective No Choke with Leash\"}]},{\"@type\":\"WebSite\",\"@id\":\"https:\/\/18pet.com\/id\/#website\",\"url\":\"https:\/\/18pet.com\/id\/\",\"name\":\"18pet.com\",\"description\":\"Your pet supplies center\",\"publisher\":{\"@id\":\"https:\/\/18pet.com\/id\/#organization\"},\"potentialAction\":[{\"@type\":\"SearchAction\",\"target\":{\"@type\":\"EntryPoint\",\"urlTemplate\":\"https:\/\/18pet.com\/id\/?s={search_term_string}\"},\"query-input\":{\"@type\":\"PropertyValueSpecification\",\"valueRequired\":true,\"valueName\":\"search_term_string\"}}],\"inLanguage\":\"es\"},{\"@type\":\"Organization\",\"@id\":\"https:\/\/18pet.com\/id\/#organization\",\"name\":\"18pet.com\",\"url\":\"https:\/\/18pet.com\/id\/\",\"logo\":{\"@type\":\"ImageObject\",\"inLanguage\":\"es\",\"@id\":\"https:\/\/18pet.com\/id\/#\/schema\/logo\/image\/\",\"url\":\"https:\/\/18pet.com\/wp-content\/uploads\/2023\/04\/18pet-white-background.png\",\"contentUrl\":\"https:\/\/18pet.com\/wp-content\/uploads\/2023\/04\/18pet-white-background.png\",\"width\":515,\"height\":167,\"caption\":\"18pet.com\"},\"image\":{\"@id\":\"https:\/\/18pet.com\/id\/#\/schema\/logo\/image\/\"}}]}<\/script>\n<!-- \/ Yoast SEO plugin. -->","yoast_head_json":{"title":"Dog Harness Set Pet Vest, Reflective No Choke with Leash &#8212; 18pet.com","robots":{"index":"index","follow":"follow","max-snippet":"max-snippet:-1","max-image-preview":"max-image-preview:large","max-video-preview":"max-video-preview:-1"},"canonical":"https:\/\/18pet.com\/es\/producto\/arnes-para-perros-sin-tirones-chaleco-para-mascotas-con-anillo-en-d-de-metal-solido-para-perros-pequenos-y-medianos-arneses-reflectantes-sin-estrangulamiento-con-correa\/","og_locale":"es_ES","og_type":"article","og_title":"Dog Harness Set Pet Vest, Reflective No Choke with Leash &#8212; 18pet.com","og_description":"Feature: This dog vest come with the leash,\u00a0 you do not need to buy leash.","og_url":"https:\/\/18pet.com\/es\/producto\/arnes-para-perros-sin-tirones-chaleco-para-mascotas-con-anillo-en-d-de-metal-solido-para-perros-pequenos-y-medianos-arneses-reflectantes-sin-estrangulamiento-con-correa\/","og_site_name":"18pet.com","article_modified_time":"2025-03-23T13:30:20+00:00","og_image":[{"width":800,"height":800,"url":"https:\/\/18pet.com\/wp-content\/uploads\/2023\/05\/1273594291-1.jpg","type":"image\/jpeg"}],"twitter_card":"summary_large_image","twitter_misc":{"Tiempo de lectura":"3 minutos"},"schema":{"@context":"https:\/\/schema.org","@graph":[{"@type":"WebPage","@id":"https:\/\/18pet.com\/product\/dog-harness-no-pulls-pet-vest-with-solid-metal-d-ring-for-small-medium-dogs-reflective-no-choke-harnesses-with-leash\/","url":"https:\/\/18pet.com\/product\/dog-harness-no-pulls-pet-vest-with-solid-metal-d-ring-for-small-medium-dogs-reflective-no-choke-harnesses-with-leash\/","name":"Dog Harness Set Pet Vest, Reflective No Choke with Leash &#8212; 18pet.com","isPartOf":{"@id":"https:\/\/18pet.com\/id\/#website"},"primaryImageOfPage":{"@id":"https:\/\/18pet.com\/product\/dog-harness-no-pulls-pet-vest-with-solid-metal-d-ring-for-small-medium-dogs-reflective-no-choke-harnesses-with-leash\/#primaryimage"},"image":{"@id":"https:\/\/18pet.com\/product\/dog-harness-no-pulls-pet-vest-with-solid-metal-d-ring-for-small-medium-dogs-reflective-no-choke-harnesses-with-leash\/#primaryimage"},"thumbnailUrl":"https:\/\/18pet.com\/wp-content\/uploads\/2023\/05\/1273594291-1.jpg","datePublished":"2022-05-17T07:13:03+00:00","dateModified":"2025-03-23T13:30:20+00:00","breadcrumb":{"@id":"https:\/\/18pet.com\/product\/dog-harness-no-pulls-pet-vest-with-solid-metal-d-ring-for-small-medium-dogs-reflective-no-choke-harnesses-with-leash\/#breadcrumb"},"inLanguage":"es","potentialAction":[{"@type":"ReadAction","target":["https:\/\/18pet.com\/product\/dog-harness-no-pulls-pet-vest-with-solid-metal-d-ring-for-small-medium-dogs-reflective-no-choke-harnesses-with-leash\/"]}]},{"@type":"ImageObject","inLanguage":"es","@id":"https:\/\/18pet.com\/product\/dog-harness-no-pulls-pet-vest-with-solid-metal-d-ring-for-small-medium-dogs-reflective-no-choke-harnesses-with-leash\/#primaryimage","url":"https:\/\/18pet.com\/wp-content\/uploads\/2023\/05\/1273594291-1.jpg","contentUrl":"https:\/\/18pet.com\/wp-content\/uploads\/2023\/05\/1273594291-1.jpg","width":800,"height":800,"caption":"Dog Harness No Pulls Pet Vest with Solid Metal D-Ring for Small Medium Dogs Reflective No Choke Harnesses with Leash 1"},{"@type":"BreadcrumbList","@id":"https:\/\/18pet.com\/product\/dog-harness-no-pulls-pet-vest-with-solid-metal-d-ring-for-small-medium-dogs-reflective-no-choke-harnesses-with-leash\/#breadcrumb","itemListElement":[{"@type":"ListItem","position":1,"name":"Home","item":"https:\/\/18pet.com\/"},{"@type":"ListItem","position":2,"name":"Products","item":"https:\/\/18pet.com\/tr\/products\/"},{"@type":"ListItem","position":3,"name":"Dog Harness Set Pet Vest, Reflective No Choke with Leash"}]},{"@type":"WebSite","@id":"https:\/\/18pet.com\/id\/#website","url":"https:\/\/18pet.com\/id\/","name":"18pet.com","description":"Your pet supplies center","publisher":{"@id":"https:\/\/18pet.com\/id\/#organization"},"potentialAction":[{"@type":"SearchAction","target":{"@type":"EntryPoint","urlTemplate":"https:\/\/18pet.com\/id\/?s={search_term_string}"},"query-input":{"@type":"PropertyValueSpecification","valueRequired":true,"valueName":"search_term_string"}}],"inLanguage":"es"},{"@type":"Organization","@id":"https:\/\/18pet.com\/id\/#organization","name":"18pet.com","url":"https:\/\/18pet.com\/id\/","logo":{"@type":"ImageObject","inLanguage":"es","@id":"https:\/\/18pet.com\/id\/#\/schema\/logo\/image\/","url":"https:\/\/18pet.com\/wp-content\/uploads\/2023\/04\/18pet-white-background.png","contentUrl":"https:\/\/18pet.com\/wp-content\/uploads\/2023\/04\/18pet-white-background.png","width":515,"height":167,"caption":"18pet.com"},"image":{"@id":"https:\/\/18pet.com\/id\/#\/schema\/logo\/image\/"}}]}},"jetpack_sharing_enabled":true,"_links":{"self":[{"href":"https:\/\/18pet.com\/es\/wp-json\/wp\/v2\/product\/4650","targetHints":{"allow":["GET"]}}],"collection":[{"href":"https:\/\/18pet.com\/es\/wp-json\/wp\/v2\/product"}],"about":[{"href":"https:\/\/18pet.com\/es\/wp-json\/wp\/v2\/types\/product"}],"replies":[{"embeddable":true,"href":"https:\/\/18pet.com\/es\/wp-json\/wp\/v2\/comments?post=4650"}],"wp:featuredmedia":[{"embeddable":true,"href":"https:\/\/18pet.com\/es\/wp-json\/wp\/v2\/media\/4651"}],"wp:attachment":[{"href":"https:\/\/18pet.com\/es\/wp-json\/wp\/v2\/media?parent=4650"}],"wp:term":[{"taxonomy":"product_brand","embeddable":true,"href":"https:\/\/18pet.com\/es\/wp-json\/wp\/v2\/product_brand?post=4650"},{"taxonomy":"product_cat","embeddable":true,"href":"https:\/\/18pet.com\/es\/wp-json\/wp\/v2\/product_cat?post=4650"},{"taxonomy":"product_tag","embeddable":true,"href":"https:\/\/18pet.com\/es\/wp-json\/wp\/v2\/product_tag?post=4650"}],"curies":[{"name":"wp","href":"https:\/\/api.w.org\/{rel}","templated":true}]}}