{"id":4455,"date":"2022-05-16T09:54:16","date_gmt":"2022-05-16T09:54:16","guid":{"rendered":"https:\/\/18pet.com\/?post_type=product&#038;p=4455"},"modified":"2025-03-23T14:00:26","modified_gmt":"2025-03-23T14:00:26","slug":"personalized-dog-collar-leather-reflective-cat-collar-custom-engraved-id-tag-engraved-for-puppy-large-dogs-pet-accessories","status":"publish","type":"product","link":"https:\/\/18pet.com\/es\/producto\/collar-de-perro-personalizado-cuero-reflectante-collar-de-gato-etiqueta-de-identificacion-grabada-personalizada-para-cachorro-perros-grandes-accesorios-mascotas\/","title":{"rendered":"<p>Collar reflectante de cuero para perros y gatos con etiquetas de identificaci\u00f3n de acero inoxidable grabadas personalizadas<\/p>"},"content":{"rendered":"<h3>Caracter\u00edstica:<h3>Suave y c\u00f3modo:<\/h3><p>El material especial hace que el collar sea muy liviano y el forro suave es c\u00f3modo para su mascota y sus manos. No se convierta en una carga para los perros, es su mejor opci\u00f3n para entrenar perros, caminar, actividades al aire libre, etc.<\/p><h3><span style=\"color: #ff0000\">Etiqueta de identificaci\u00f3n personalizada:<\/span><\/h3><p>Se trata de productos personalizados y esperamos que dejes informaci\u00f3n para finalizar tu pedido. Cuando realice un pedido, ver\u00e1 el cuadro de entrada de mensaje, en la parte inferior, luego ll\u00e9nelo. Por ejemplo, el nombre de la mascota m\u00e1s el n\u00famero de tel\u00e9fono: Lily 07933 350688.<\/p><p><span style=\"color: #ff0000\"><em>Si no deja un mensaje al realizar el pedido, intentaremos comunicarnos con usted en 2 d\u00edas, pero si no podemos comunicarnos con usted, \u00a1tenemos que enviarle una etiqueta en blanco y no nos haremos cargo de las molestias resultantes!<\/em><\/span><\/p><p>Nota: \u00a1D\u00e9janos un mensaje sobre la informaci\u00f3n que necesitas! Podemos grabar su idioma (por ejemplo, ingl\u00e9s o ruso, etc.)<\/p><h4><\/h4><p><img decoding=\"async\" class=\"img-responsive\" src=\"https:\/\/18pet.com\/wp-content\/uploads\/2023\/05\/2115608987-1.jpg\"><\/p><p><img decoding=\"async\" class=\"img-responsive\" src=\"https:\/\/18pet.com\/wp-content\/uploads\/2023\/05\/21910600-1.jpg\"><\/p><p><img decoding=\"async\" class=\"img-responsive\" src=\"https:\/\/18pet.com\/wp-content\/uploads\/2023\/05\/889456350-1.jpg\"><\/p><p><img decoding=\"async\" class=\"img-responsive\" src=\"https:\/\/18pet.com\/wp-content\/uploads\/2023\/05\/1744224754-1.jpg\"><\/p><p><img decoding=\"async\" class=\"img-responsive\" src=\"https:\/\/18pet.com\/wp-content\/uploads\/2023\/05\/1972517860-1.jpg\"><\/p><p><img decoding=\"async\" class=\"img-responsive\" src=\"https:\/\/18pet.com\/wp-content\/uploads\/2023\/05\/1557289996-1.jpg\"><\/p><\/h3>","protected":false},"excerpt":{"rendered":"<p><span style=\"color: #ff0000\">Caracter\u00edstica:<\/span><p>Este collar para perros\/gatos se puede personalizar. Podemos grabar la breve informaci\u00f3n que necesita en la etiqueta de acero inoxidable.<\/p><\/p>","protected":false},"featured_media":4456,"comment_status":"open","ping_status":"closed","template":"","meta":[],"product_brand":[],"product_cat":[163,112,115],"product_tag":[387,246,244,395],"class_list":{"0":"post-4455","1":"product","2":"type-product","3":"status-publish","4":"has-post-thumbnail","6":"product_cat-cat-collars-leads","7":"product_cat-collars","8":"product_cat-id-tags","9":"product_tag-cat","10":"product_tag-collar","11":"product_tag-dog","12":"product_tag-id-tags","13":"pa_color-black","14":"pa_color-blue","15":"pa_color-brow","16":"pa_color-coffee","17":"pa_color-pink","18":"pa_color-purple","19":"pa_color-red","20":"pa_ships-from-china","21":"pa_size-l-neck-36-46-cm","22":"pa_size-m-neck-29-38-cm","23":"pa_size-s-neck-26-32-cm","24":"pa_size-xl-neck-41-51cm","25":"pa_size-xs-neck-20-26-cm","26":"pa_size-xxl-neck-46-56-cm","28":"first","29":"instock","30":"sale","31":"taxable","32":"shipping-taxable","33":"purchasable","34":"product-type-variable"},"yoast_head":"<!-- This site is optimized with the Yoast SEO plugin v25.0 - https:\/\/yoast.com\/wordpress\/plugins\/seo\/ -->\n<title>Leather Reflective Dog Cat Collar With Personalized Custom Engraved Stainless Steel ID Tags &#8212; 18pet.com %<\/title>\n<meta name=\"robots\" content=\"index, follow, max-snippet:-1, max-image-preview:large, max-video-preview:-1\" \/>\n<link rel=\"canonical\" href=\"https:\/\/18pet.com\/es\/producto\/collar-de-perro-personalizado-cuero-reflectante-collar-de-gato-etiqueta-de-identificacion-grabada-personalizada-para-cachorro-perros-grandes-accesorios-mascotas\/\" \/>\n<meta property=\"og:locale\" content=\"es_ES\" \/>\n<meta property=\"og:type\" content=\"article\" \/>\n<meta property=\"og:title\" content=\"Leather Reflective Dog Cat Collar With Personalized Custom Engraved Stainless Steel ID Tags &#8212; 18pet.com %\" \/>\n<meta property=\"og:description\" content=\"Feature:  This dog \/ cat collar can be customized. We can engrave the short information you need on the stainless steel label.\" \/>\n<meta property=\"og:url\" content=\"https:\/\/18pet.com\/es\/producto\/collar-de-perro-personalizado-cuero-reflectante-collar-de-gato-etiqueta-de-identificacion-grabada-personalizada-para-cachorro-perros-grandes-accesorios-mascotas\/\" \/>\n<meta property=\"og:site_name\" content=\"18pet.com\" \/>\n<meta property=\"article:modified_time\" content=\"2025-03-23T14:00:26+00:00\" \/>\n<meta property=\"og:image\" content=\"https:\/\/18pet.com\/wp-content\/uploads\/2023\/05\/867651095-1.jpg\" \/>\n\t<meta property=\"og:image:width\" content=\"850\" \/>\n\t<meta property=\"og:image:height\" content=\"850\" \/>\n\t<meta property=\"og:image:type\" content=\"image\/jpeg\" \/>\n<meta name=\"twitter:card\" content=\"summary_large_image\" \/>\n<meta name=\"twitter:label1\" content=\"Tiempo de lectura\" \/>\n\t<meta name=\"twitter:data1\" content=\"2 minutos\" \/>\n<script type=\"application\/ld+json\" class=\"yoast-schema-graph\">{\"@context\":\"https:\/\/schema.org\",\"@graph\":[{\"@type\":\"WebPage\",\"@id\":\"https:\/\/18pet.com\/product\/personalized-dog-collar-leather-reflective-cat-collar-custom-engraved-id-tag-engraved-for-puppy-large-dogs-pet-accessories\/\",\"url\":\"https:\/\/18pet.com\/product\/personalized-dog-collar-leather-reflective-cat-collar-custom-engraved-id-tag-engraved-for-puppy-large-dogs-pet-accessories\/\",\"name\":\"Leather Reflective Dog Cat Collar With Personalized Custom Engraved Stainless Steel ID Tags &#8212; 18pet.com %\",\"isPartOf\":{\"@id\":\"https:\/\/18pet.com\/id\/#website\"},\"primaryImageOfPage\":{\"@id\":\"https:\/\/18pet.com\/product\/personalized-dog-collar-leather-reflective-cat-collar-custom-engraved-id-tag-engraved-for-puppy-large-dogs-pet-accessories\/#primaryimage\"},\"image\":{\"@id\":\"https:\/\/18pet.com\/product\/personalized-dog-collar-leather-reflective-cat-collar-custom-engraved-id-tag-engraved-for-puppy-large-dogs-pet-accessories\/#primaryimage\"},\"thumbnailUrl\":\"https:\/\/18pet.com\/wp-content\/uploads\/2023\/05\/867651095-1.jpg\",\"datePublished\":\"2022-05-16T09:54:16+00:00\",\"dateModified\":\"2025-03-23T14:00:26+00:00\",\"breadcrumb\":{\"@id\":\"https:\/\/18pet.com\/product\/personalized-dog-collar-leather-reflective-cat-collar-custom-engraved-id-tag-engraved-for-puppy-large-dogs-pet-accessories\/#breadcrumb\"},\"inLanguage\":\"es\",\"potentialAction\":[{\"@type\":\"ReadAction\",\"target\":[\"https:\/\/18pet.com\/product\/personalized-dog-collar-leather-reflective-cat-collar-custom-engraved-id-tag-engraved-for-puppy-large-dogs-pet-accessories\/\"]}]},{\"@type\":\"ImageObject\",\"inLanguage\":\"es\",\"@id\":\"https:\/\/18pet.com\/product\/personalized-dog-collar-leather-reflective-cat-collar-custom-engraved-id-tag-engraved-for-puppy-large-dogs-pet-accessories\/#primaryimage\",\"url\":\"https:\/\/18pet.com\/wp-content\/uploads\/2023\/05\/867651095-1.jpg\",\"contentUrl\":\"https:\/\/18pet.com\/wp-content\/uploads\/2023\/05\/867651095-1.jpg\",\"width\":850,\"height\":850,\"caption\":\"Personalized Dog Collar Leather Reflective Cat Collar Custom Engraved ID Tag Engraved For Puppy Large Dogs Pet accessories 1\"},{\"@type\":\"BreadcrumbList\",\"@id\":\"https:\/\/18pet.com\/product\/personalized-dog-collar-leather-reflective-cat-collar-custom-engraved-id-tag-engraved-for-puppy-large-dogs-pet-accessories\/#breadcrumb\",\"itemListElement\":[{\"@type\":\"ListItem\",\"position\":1,\"name\":\"Home\",\"item\":\"https:\/\/18pet.com\/\"},{\"@type\":\"ListItem\",\"position\":2,\"name\":\"Products\",\"item\":\"https:\/\/18pet.com\/tr\/products\/\"},{\"@type\":\"ListItem\",\"position\":3,\"name\":\"Leather Reflective Dog Cat Collar With Personalized Custom Engraved Stainless Steel ID Tags\"}]},{\"@type\":\"WebSite\",\"@id\":\"https:\/\/18pet.com\/id\/#website\",\"url\":\"https:\/\/18pet.com\/id\/\",\"name\":\"18pet.com\",\"description\":\"Your pet supplies center\",\"publisher\":{\"@id\":\"https:\/\/18pet.com\/id\/#organization\"},\"potentialAction\":[{\"@type\":\"SearchAction\",\"target\":{\"@type\":\"EntryPoint\",\"urlTemplate\":\"https:\/\/18pet.com\/id\/?s={search_term_string}\"},\"query-input\":{\"@type\":\"PropertyValueSpecification\",\"valueRequired\":true,\"valueName\":\"search_term_string\"}}],\"inLanguage\":\"es\"},{\"@type\":\"Organization\",\"@id\":\"https:\/\/18pet.com\/id\/#organization\",\"name\":\"18pet.com\",\"url\":\"https:\/\/18pet.com\/id\/\",\"logo\":{\"@type\":\"ImageObject\",\"inLanguage\":\"es\",\"@id\":\"https:\/\/18pet.com\/id\/#\/schema\/logo\/image\/\",\"url\":\"https:\/\/18pet.com\/wp-content\/uploads\/2023\/04\/18pet-white-background.png\",\"contentUrl\":\"https:\/\/18pet.com\/wp-content\/uploads\/2023\/04\/18pet-white-background.png\",\"width\":515,\"height\":167,\"caption\":\"18pet.com\"},\"image\":{\"@id\":\"https:\/\/18pet.com\/id\/#\/schema\/logo\/image\/\"}}]}<\/script>\n<!-- \/ Yoast SEO plugin. -->","yoast_head_json":{"title":"Leather Reflective Dog Cat Collar With Personalized Custom Engraved Stainless Steel ID Tags &#8212; 18pet.com %","robots":{"index":"index","follow":"follow","max-snippet":"max-snippet:-1","max-image-preview":"max-image-preview:large","max-video-preview":"max-video-preview:-1"},"canonical":"https:\/\/18pet.com\/es\/producto\/collar-de-perro-personalizado-cuero-reflectante-collar-de-gato-etiqueta-de-identificacion-grabada-personalizada-para-cachorro-perros-grandes-accesorios-mascotas\/","og_locale":"es_ES","og_type":"article","og_title":"Leather Reflective Dog Cat Collar With Personalized Custom Engraved Stainless Steel ID Tags &#8212; 18pet.com %","og_description":"Feature:  This dog \/ cat collar can be customized. We can engrave the short information you need on the stainless steel label.","og_url":"https:\/\/18pet.com\/es\/producto\/collar-de-perro-personalizado-cuero-reflectante-collar-de-gato-etiqueta-de-identificacion-grabada-personalizada-para-cachorro-perros-grandes-accesorios-mascotas\/","og_site_name":"18pet.com","article_modified_time":"2025-03-23T14:00:26+00:00","og_image":[{"width":850,"height":850,"url":"https:\/\/18pet.com\/wp-content\/uploads\/2023\/05\/867651095-1.jpg","type":"image\/jpeg"}],"twitter_card":"summary_large_image","twitter_misc":{"Tiempo de lectura":"2 minutos"},"schema":{"@context":"https:\/\/schema.org","@graph":[{"@type":"WebPage","@id":"https:\/\/18pet.com\/product\/personalized-dog-collar-leather-reflective-cat-collar-custom-engraved-id-tag-engraved-for-puppy-large-dogs-pet-accessories\/","url":"https:\/\/18pet.com\/product\/personalized-dog-collar-leather-reflective-cat-collar-custom-engraved-id-tag-engraved-for-puppy-large-dogs-pet-accessories\/","name":"Leather Reflective Dog Cat Collar With Personalized Custom Engraved Stainless Steel ID Tags &#8212; 18pet.com %","isPartOf":{"@id":"https:\/\/18pet.com\/id\/#website"},"primaryImageOfPage":{"@id":"https:\/\/18pet.com\/product\/personalized-dog-collar-leather-reflective-cat-collar-custom-engraved-id-tag-engraved-for-puppy-large-dogs-pet-accessories\/#primaryimage"},"image":{"@id":"https:\/\/18pet.com\/product\/personalized-dog-collar-leather-reflective-cat-collar-custom-engraved-id-tag-engraved-for-puppy-large-dogs-pet-accessories\/#primaryimage"},"thumbnailUrl":"https:\/\/18pet.com\/wp-content\/uploads\/2023\/05\/867651095-1.jpg","datePublished":"2022-05-16T09:54:16+00:00","dateModified":"2025-03-23T14:00:26+00:00","breadcrumb":{"@id":"https:\/\/18pet.com\/product\/personalized-dog-collar-leather-reflective-cat-collar-custom-engraved-id-tag-engraved-for-puppy-large-dogs-pet-accessories\/#breadcrumb"},"inLanguage":"es","potentialAction":[{"@type":"ReadAction","target":["https:\/\/18pet.com\/product\/personalized-dog-collar-leather-reflective-cat-collar-custom-engraved-id-tag-engraved-for-puppy-large-dogs-pet-accessories\/"]}]},{"@type":"ImageObject","inLanguage":"es","@id":"https:\/\/18pet.com\/product\/personalized-dog-collar-leather-reflective-cat-collar-custom-engraved-id-tag-engraved-for-puppy-large-dogs-pet-accessories\/#primaryimage","url":"https:\/\/18pet.com\/wp-content\/uploads\/2023\/05\/867651095-1.jpg","contentUrl":"https:\/\/18pet.com\/wp-content\/uploads\/2023\/05\/867651095-1.jpg","width":850,"height":850,"caption":"Personalized Dog Collar Leather Reflective Cat Collar Custom Engraved ID Tag Engraved For Puppy Large Dogs Pet accessories 1"},{"@type":"BreadcrumbList","@id":"https:\/\/18pet.com\/product\/personalized-dog-collar-leather-reflective-cat-collar-custom-engraved-id-tag-engraved-for-puppy-large-dogs-pet-accessories\/#breadcrumb","itemListElement":[{"@type":"ListItem","position":1,"name":"Home","item":"https:\/\/18pet.com\/"},{"@type":"ListItem","position":2,"name":"Products","item":"https:\/\/18pet.com\/tr\/products\/"},{"@type":"ListItem","position":3,"name":"Leather Reflective Dog Cat Collar With Personalized Custom Engraved Stainless Steel ID Tags"}]},{"@type":"WebSite","@id":"https:\/\/18pet.com\/id\/#website","url":"https:\/\/18pet.com\/id\/","name":"18pet.com","description":"Your pet supplies center","publisher":{"@id":"https:\/\/18pet.com\/id\/#organization"},"potentialAction":[{"@type":"SearchAction","target":{"@type":"EntryPoint","urlTemplate":"https:\/\/18pet.com\/id\/?s={search_term_string}"},"query-input":{"@type":"PropertyValueSpecification","valueRequired":true,"valueName":"search_term_string"}}],"inLanguage":"es"},{"@type":"Organization","@id":"https:\/\/18pet.com\/id\/#organization","name":"18pet.com","url":"https:\/\/18pet.com\/id\/","logo":{"@type":"ImageObject","inLanguage":"es","@id":"https:\/\/18pet.com\/id\/#\/schema\/logo\/image\/","url":"https:\/\/18pet.com\/wp-content\/uploads\/2023\/04\/18pet-white-background.png","contentUrl":"https:\/\/18pet.com\/wp-content\/uploads\/2023\/04\/18pet-white-background.png","width":515,"height":167,"caption":"18pet.com"},"image":{"@id":"https:\/\/18pet.com\/id\/#\/schema\/logo\/image\/"}}]}},"jetpack_sharing_enabled":true,"_links":{"self":[{"href":"https:\/\/18pet.com\/es\/wp-json\/wp\/v2\/product\/4455","targetHints":{"allow":["GET"]}}],"collection":[{"href":"https:\/\/18pet.com\/es\/wp-json\/wp\/v2\/product"}],"about":[{"href":"https:\/\/18pet.com\/es\/wp-json\/wp\/v2\/types\/product"}],"replies":[{"embeddable":true,"href":"https:\/\/18pet.com\/es\/wp-json\/wp\/v2\/comments?post=4455"}],"wp:featuredmedia":[{"embeddable":true,"href":"https:\/\/18pet.com\/es\/wp-json\/wp\/v2\/media\/4456"}],"wp:attachment":[{"href":"https:\/\/18pet.com\/es\/wp-json\/wp\/v2\/media?parent=4455"}],"wp:term":[{"taxonomy":"product_brand","embeddable":true,"href":"https:\/\/18pet.com\/es\/wp-json\/wp\/v2\/product_brand?post=4455"},{"taxonomy":"product_cat","embeddable":true,"href":"https:\/\/18pet.com\/es\/wp-json\/wp\/v2\/product_cat?post=4455"},{"taxonomy":"product_tag","embeddable":true,"href":"https:\/\/18pet.com\/es\/wp-json\/wp\/v2\/product_tag?post=4455"}],"curies":[{"name":"wp","href":"https:\/\/api.w.org\/{rel}","templated":true}]}}