{"id":4084,"date":"2022-05-14T14:57:39","date_gmt":"2022-05-14T14:57:39","guid":{"rendered":"https:\/\/18pet.com\/?post_type=product&#038;p=4084"},"modified":"2026-03-05T16:20:20","modified_gmt":"2026-03-05T16:20:20","slug":"personalized-dog-harness-reflective-breathable-pet-harness","status":"publish","type":"product","link":"https:\/\/18pet.com\/es\/producto\/arnes-perro-personalizado-reflectante-transpirable-mascota-arnes\/","title":{"rendered":"<p>Arn\u00e9s para perro personalizado Arn\u00e9s reflectante transpirable para mascotas<\/p>"},"content":{"rendered":"<div style=\"width: 100%\">\n<div style=\"width: 1280px;\" class=\"wp-video\"><video class=\"wp-video-shortcode\" id=\"video-4084-1\" width=\"1280\" height=\"720\" preload=\"metadata\" controls=\"controls\"><source type=\"video\/mp4\" src=\"https:\/\/18pet.com\/wp-content\/uploads\/2023\/05\/524-Personalized-Dog-Harness-Reflective-Breathable.mp4?_=1\"><\/source><a href=\"https:\/\/18pet.com\/wp-content\/uploads\/2023\/05\/524-Personalized-Dog-Harness-Reflective-Breathable.mp4\">https:\/\/18pet.com\/wp-content\/uploads\/2023\/05\/524-Personalized-Dog-Harness-Reflective-Breathable.mp4<\/a><\/video><\/div>\n<h2>Caracter\u00edstica:<\/h2><h3>1. Etiquetas personalizadas. Evita que los perros se pierdan.<\/h3><p>Las etiquetas del Arn\u00e9s para perros, se pueden personalizar. cuando realiza el pedido, puede escribir una nota en \u00e9l, h\u00e1ganos saber el nombre de su perro y el n\u00famero de contacto de usted.<\/p><h3>2. S\u00daPER C\u00d3MODO:<\/h3><p>La presi\u00f3n de tracci\u00f3n se distribuye uniformemente en el cuerpo para evitar tirones y asfixia. El arn\u00e9s del chaleco para perros tiene una correa de pecho ajustable con hebilla a presi\u00f3n, mueve las partes del cuerpo libremente, puede personalizarse para el crecimiento de sus perros, no es necesario cambiarlo siempre.<\/p><h3>3. MANGO RESISTENTE:<\/h3><p>El mango de nailon resistente mejora a\u00fan m\u00e1s la distancia con el perro y es m\u00e1s \u00edntimo entre ellos. Tambi\u00e9n es el mejor compa\u00f1ero para perros de servicio y es f\u00e1cil de controlar a su perro.<\/p><h3>4. SEGURIDAD AL AIRE LIBRE:<\/h3><p>Correas reflectantes para garantizar que su perro sea muy visible y mantener a los perros seguros durante la noche. Puede conectar la correa del perro en el anillo en D y es m\u00e1s seguro en calles concurridas. \u00a1El arn\u00e9s de alta gama es perfecto para caminar, correr, caminar, entrenar, cazar, aventuras al aire libre y m\u00e1s a diario!<\/p><h3>5. GARANT\u00cdA DE SATISFACCI\u00d3N 100%:<\/h3><p>Estamos comprometidos a brindar a nuestros clientes productos de alta calidad y la mejor experiencia de compra. Si encuentra alg\u00fan problema o no est\u00e1 satisfecho de alguna manera, simplemente env\u00edenos un correo electr\u00f3nico y le brindaremos la mejor soluci\u00f3n y todos los problemas se resolver\u00e1n dentro de las 48 horas.<\/p><p>&nbsp;<\/p><h3>C\u00f3mo personalizar las etiquetas:<\/h3><p>\u00a1Por favor d\u00e9jenos un mensaje corto sobre la informaci\u00f3n que necesita!<\/p><p><u>Podemos imprimir su idioma en el parche (por ejemplo, ingl\u00e9s o ruso, etc.) nombre de la mascota + n\u00famero de tel\u00e9fono como: Kiki 191 456 7897.&nbsp;<\/u><\/p><p><u><span style=\"color: #ff0000\">Si se ha olvidado de dejar el mensaje.&nbsp;<\/span> Intentaremos ponernos en contacto contigo. Por favor, mant\u00e9ngase en contacto dentro de las 24 horas posteriores a la realizaci\u00f3n de su pedido. Si no podemos obtener su respuesta. Le enviaremos un aleatorio <\/u><u>parche: por ejemplo: perro de servicio, en entrenamiento, etc.<\/u><\/p><p>&nbsp;<\/p><p>La siguiente imagen es de la demostraci\u00f3n del comprador.<\/p><p><img decoding=\"async\" class=\"img-responsive\" src=\"https:\/\/18pet.com\/wp-content\/uploads\/2023\/05\/1097758268-1.jpg\"><img decoding=\"async\" class=\"img-responsive\" src=\"https:\/\/18pet.com\/wp-content\/uploads\/2023\/05\/947890778-1.jpg\"><\/p><p>Las siguientes im\u00e1genes son ejemplos de etiquetas personalizadas.<\/p><p><img decoding=\"async\" class=\"img-responsive\" src=\"https:\/\/18pet.com\/wp-content\/uploads\/2023\/05\/1995615340-1.jpg\"><\/p><p>La siguiente imagen muestra etiquetas en diferentes idiomas.<br>\n<img decoding=\"async\" class=\"img-responsive\" src=\"https:\/\/18pet.com\/wp-content\/uploads\/2023\/05\/382564094-1.jpg\"><\/p><p>&nbsp;<\/p><p>&nbsp;<\/p><p><span style=\"color: #ff0000\">Aqu\u00ed est\u00e1 la tabla de tallas a continuaci\u00f3n.&nbsp;<\/span><\/p><p>Las columnas de izquierda a derecha en la siguiente tabla son: talla, busto o pecho (cm), cuello (cm), peso del perro (kg)<\/p><p><img decoding=\"async\" class=\"img-responsive\" src=\"https:\/\/18pet.com\/wp-content\/uploads\/2023\/05\/805939755-1.jpg\"><\/p><p>&nbsp;<\/p><p>La siguiente imagen muestra los detalles de este arn\u00e9s para perros.<strong>.<\/strong><br>\n<img decoding=\"async\" class=\"img-responsive\" src=\"https:\/\/18pet.com\/wp-content\/uploads\/2023\/05\/205201903-1.jpg\"><\/p><p>&nbsp;<\/p><p>Las siguientes fotos son fotos reales del producto. Debido a la diferencia de color entre la c\u00e1mara y la pantalla de visualizaci\u00f3n, los objetos que reciba pueden tener una diferencia de color. Gracias por su comprensi\u00f3n.<br>\n<img decoding=\"async\" class=\"img-responsive\" src=\"https:\/\/18pet.com\/wp-content\/uploads\/2023\/05\/745155955-1.jpg\"><br>\n<img decoding=\"async\" class=\"img-responsive\" src=\"https:\/\/18pet.com\/wp-content\/uploads\/2023\/05\/467324355-1.jpg\"><br>\n<img decoding=\"async\" class=\"img-responsive\" src=\"https:\/\/18pet.com\/wp-content\/uploads\/2023\/05\/573072890-1.jpg\"><br>\n<img decoding=\"async\" class=\"img-responsive\" src=\"https:\/\/18pet.com\/wp-content\/uploads\/2023\/05\/1149209281-1.jpg\"><br>\n<img decoding=\"async\" class=\"img-responsive\" src=\"https:\/\/18pet.com\/wp-content\/uploads\/2023\/05\/1369455858-1.jpg\"><br>\n<img decoding=\"async\" class=\"img-responsive\" src=\"https:\/\/18pet.com\/wp-content\/uploads\/2023\/05\/669192286-1.jpg\"><br>\n<img decoding=\"async\" class=\"img-responsive\" src=\"https:\/\/18pet.com\/wp-content\/uploads\/2023\/05\/1815608854-1.jpg\"><br>\n<img decoding=\"async\" class=\"img-responsive\" src=\"https:\/\/18pet.com\/wp-content\/uploads\/2023\/05\/692966439-1.jpg\"><br>\n<img decoding=\"async\" class=\"img-responsive\" src=\"https:\/\/18pet.com\/wp-content\/uploads\/2023\/05\/276741857-1.jpg\"><br>\n<img decoding=\"async\" class=\"img-responsive\" src=\"https:\/\/18pet.com\/wp-content\/uploads\/2023\/05\/837536306-1.jpg\"><br>\n<img decoding=\"async\" class=\"img-responsive\" src=\"https:\/\/18pet.com\/wp-content\/uploads\/2023\/05\/685597709-1.jpg\"><br>\n<img decoding=\"async\" class=\"img-responsive\" src=\"https:\/\/18pet.com\/wp-content\/uploads\/2023\/05\/1958507725-1.jpg\"><br>\n<img decoding=\"async\" class=\"img-responsive\" src=\"https:\/\/18pet.com\/wp-content\/uploads\/2023\/05\/1863893827-1.jpg\"><br>\n<img decoding=\"async\" class=\"img-responsive\" src=\"https:\/\/18pet.com\/wp-content\/uploads\/2023\/05\/2076575841-1.jpg\"><br>\n<img decoding=\"async\" class=\"img-responsive\" src=\"https:\/\/18pet.com\/wp-content\/uploads\/2023\/05\/1522979851-1.jpg\"><br>\n<img decoding=\"async\" class=\"img-responsive\" src=\"https:\/\/18pet.com\/wp-content\/uploads\/2023\/05\/739716679-1.jpg\"><br>\n<img decoding=\"async\" class=\"img-responsive\" src=\"https:\/\/18pet.com\/wp-content\/uploads\/2023\/05\/1129077977-1.jpg\"><br>\n<img decoding=\"async\" class=\"img-responsive\" src=\"https:\/\/18pet.com\/wp-content\/uploads\/2023\/05\/1072660987-1.jpg\"><br>\n<img decoding=\"async\" class=\"img-responsive\" src=\"https:\/\/18pet.com\/wp-content\/uploads\/2023\/05\/1795766003-1.jpg\"><\/p><p><span style=\"color: #ff0000\"><strong>\u00bfEnv\u00edo?<\/strong><\/span><\/p><h4>Tiempo de preparaci\u00f3n:<\/h4><p>necesitamos de 2 a 5 d\u00edas h\u00e1biles para preparar su pedido de acuerdo con nuestros numerosos pedidos todos los d\u00edas.<\/p><h4><strong>APO\/FPO\/DPO<\/strong> Env\u00edo:<\/h4><p>Lamentamos que no se puedan entregar apartados de correos ni direcciones militares (APO, FPO). Para los territorios de EE. UU., deje un comentario al realizar el pedido. Por ejemplo, si estuviera en Guam, Puerto Rico, podr\u00eda indicar Guam, Puerto Rico en la secci\u00f3n del pa\u00eds. Los clientes de Brasil deben dejar un mensaje para proporcionarnos su CPF de 11 d\u00edgitos.<\/p><\/div>","protected":false},"excerpt":{"rendered":"<h2><span style=\"color: #ff0000\"><strong>Caracter\u00edstica:<\/strong><\/span><p>1. Las etiquetas del arn\u00e9s para perros se pueden personalizar para evitar que el perro pierda.<\/p><p>2. Excelente dise\u00f1o, c\u00f3modo de llevar para los perros.<\/p><p>3. Hay tiras reflectantes que brindan comodidad para el uso nocturno.<\/p><\/h2>","protected":false},"featured_media":4085,"comment_status":"open","ping_status":"closed","template":"","meta":[],"product_brand":[],"product_cat":[113],"product_tag":[246,244,374,373],"class_list":{"0":"post-4084","1":"product","2":"type-product","3":"status-publish","4":"has-post-thumbnail","6":"product_cat-harnesses","7":"product_tag-collar","8":"product_tag-dog","9":"product_tag-harnesses","10":"product_tag-leads","11":"pa_color-black","12":"pa_color-blue","13":"pa_color-blue-camouflage","14":"pa_color-fallen-leaves","15":"pa_color-green","16":"pa_color-green-camouflage","17":"pa_color-pink","18":"pa_color-purple","19":"pa_color-red","20":"pa_color-rose-red","21":"pa_ships-from-china","22":"pa_size-l","23":"pa_size-m","24":"pa_size-s","25":"pa_size-xl","26":"pa_size-xs","27":"pa_size-xxl","29":"first","30":"instock","31":"sale","32":"taxable","33":"shipping-taxable","34":"purchasable","35":"product-type-variable"},"yoast_head":"<!-- This site is optimized with the Yoast SEO plugin v25.0 - https:\/\/yoast.com\/wordpress\/plugins\/seo\/ -->\n<title>Personalized Dog Harness Reflective Breathable Pet Harness &#8212; 18pet.com<\/title>\n<meta name=\"robots\" content=\"index, follow, max-snippet:-1, max-image-preview:large, max-video-preview:-1\" \/>\n<link rel=\"canonical\" href=\"https:\/\/18pet.com\/es\/producto\/arnes-perro-personalizado-reflectante-transpirable-mascota-arnes\/\" \/>\n<meta property=\"og:locale\" content=\"es_ES\" \/>\n<meta property=\"og:type\" content=\"article\" \/>\n<meta property=\"og:title\" content=\"Personalized Dog Harness Reflective Breathable Pet Harness &#8212; 18pet.com\" \/>\n<meta property=\"og:description\" content=\"Feature: 1.\u00a0 Tags of the dog harness can be customise, prevent dog losing.  2. Excellent design, comfortable for dogs to wear.  3. There are reflective strips that provide convenience for nighttime use.\" \/>\n<meta property=\"og:url\" content=\"https:\/\/18pet.com\/es\/producto\/arnes-perro-personalizado-reflectante-transpirable-mascota-arnes\/\" \/>\n<meta property=\"og:site_name\" content=\"18pet.com\" \/>\n<meta property=\"article:modified_time\" content=\"2026-03-05T16:20:20+00:00\" \/>\n<meta property=\"og:image\" content=\"https:\/\/18pet.com\/wp-content\/uploads\/2023\/05\/1855960904-1.jpg\" \/>\n\t<meta property=\"og:image:width\" content=\"850\" \/>\n\t<meta property=\"og:image:height\" content=\"850\" \/>\n\t<meta property=\"og:image:type\" content=\"image\/jpeg\" \/>\n<meta name=\"twitter:card\" content=\"summary_large_image\" \/>\n<meta name=\"twitter:label1\" content=\"Tiempo de lectura\" \/>\n\t<meta name=\"twitter:data1\" content=\"2 minutos\" \/>\n<script type=\"application\/ld+json\" class=\"yoast-schema-graph\">{\"@context\":\"https:\/\/schema.org\",\"@graph\":[{\"@type\":\"WebPage\",\"@id\":\"https:\/\/18pet.com\/product\/personalized-dog-harness-reflective-breathable-pet-harness\/\",\"url\":\"https:\/\/18pet.com\/product\/personalized-dog-harness-reflective-breathable-pet-harness\/\",\"name\":\"Personalized Dog Harness Reflective Breathable Pet Harness &#8212; 18pet.com\",\"isPartOf\":{\"@id\":\"https:\/\/18pet.com\/id\/#website\"},\"primaryImageOfPage\":{\"@id\":\"https:\/\/18pet.com\/product\/personalized-dog-harness-reflective-breathable-pet-harness\/#primaryimage\"},\"image\":{\"@id\":\"https:\/\/18pet.com\/product\/personalized-dog-harness-reflective-breathable-pet-harness\/#primaryimage\"},\"thumbnailUrl\":\"https:\/\/18pet.com\/wp-content\/uploads\/2023\/05\/1855960904-1.jpg\",\"datePublished\":\"2022-05-14T14:57:39+00:00\",\"dateModified\":\"2026-03-05T16:20:20+00:00\",\"breadcrumb\":{\"@id\":\"https:\/\/18pet.com\/product\/personalized-dog-harness-reflective-breathable-pet-harness\/#breadcrumb\"},\"inLanguage\":\"es\",\"potentialAction\":[{\"@type\":\"ReadAction\",\"target\":[\"https:\/\/18pet.com\/product\/personalized-dog-harness-reflective-breathable-pet-harness\/\"]}]},{\"@type\":\"ImageObject\",\"inLanguage\":\"es\",\"@id\":\"https:\/\/18pet.com\/product\/personalized-dog-harness-reflective-breathable-pet-harness\/#primaryimage\",\"url\":\"https:\/\/18pet.com\/wp-content\/uploads\/2023\/05\/1855960904-1.jpg\",\"contentUrl\":\"https:\/\/18pet.com\/wp-content\/uploads\/2023\/05\/1855960904-1.jpg\",\"width\":850,\"height\":850,\"caption\":\"Personalized Dog Harness Reflective Breathable Pet Harness 1\"},{\"@type\":\"BreadcrumbList\",\"@id\":\"https:\/\/18pet.com\/product\/personalized-dog-harness-reflective-breathable-pet-harness\/#breadcrumb\",\"itemListElement\":[{\"@type\":\"ListItem\",\"position\":1,\"name\":\"Home\",\"item\":\"https:\/\/18pet.com\/\"},{\"@type\":\"ListItem\",\"position\":2,\"name\":\"Products\",\"item\":\"https:\/\/18pet.com\/tr\/products\/\"},{\"@type\":\"ListItem\",\"position\":3,\"name\":\"Personalized Dog Harness Reflective Breathable Pet Harness\"}]},{\"@type\":\"WebSite\",\"@id\":\"https:\/\/18pet.com\/id\/#website\",\"url\":\"https:\/\/18pet.com\/id\/\",\"name\":\"18pet.com\",\"description\":\"Your pet supplies center\",\"publisher\":{\"@id\":\"https:\/\/18pet.com\/id\/#organization\"},\"potentialAction\":[{\"@type\":\"SearchAction\",\"target\":{\"@type\":\"EntryPoint\",\"urlTemplate\":\"https:\/\/18pet.com\/id\/?s={search_term_string}\"},\"query-input\":{\"@type\":\"PropertyValueSpecification\",\"valueRequired\":true,\"valueName\":\"search_term_string\"}}],\"inLanguage\":\"es\"},{\"@type\":\"Organization\",\"@id\":\"https:\/\/18pet.com\/id\/#organization\",\"name\":\"18pet.com\",\"url\":\"https:\/\/18pet.com\/id\/\",\"logo\":{\"@type\":\"ImageObject\",\"inLanguage\":\"es\",\"@id\":\"https:\/\/18pet.com\/id\/#\/schema\/logo\/image\/\",\"url\":\"https:\/\/18pet.com\/wp-content\/uploads\/2023\/04\/18pet-white-background.png\",\"contentUrl\":\"https:\/\/18pet.com\/wp-content\/uploads\/2023\/04\/18pet-white-background.png\",\"width\":515,\"height\":167,\"caption\":\"18pet.com\"},\"image\":{\"@id\":\"https:\/\/18pet.com\/id\/#\/schema\/logo\/image\/\"}}]}<\/script>\n<!-- \/ Yoast SEO plugin. -->","yoast_head_json":{"title":"Personalized Dog Harness Reflective Breathable Pet Harness &#8212; 18pet.com","robots":{"index":"index","follow":"follow","max-snippet":"max-snippet:-1","max-image-preview":"max-image-preview:large","max-video-preview":"max-video-preview:-1"},"canonical":"https:\/\/18pet.com\/es\/producto\/arnes-perro-personalizado-reflectante-transpirable-mascota-arnes\/","og_locale":"es_ES","og_type":"article","og_title":"Personalized Dog Harness Reflective Breathable Pet Harness &#8212; 18pet.com","og_description":"Feature: 1.\u00a0 Tags of the dog harness can be customise, prevent dog losing.  2. Excellent design, comfortable for dogs to wear.  3. There are reflective strips that provide convenience for nighttime use.","og_url":"https:\/\/18pet.com\/es\/producto\/arnes-perro-personalizado-reflectante-transpirable-mascota-arnes\/","og_site_name":"18pet.com","article_modified_time":"2026-03-05T16:20:20+00:00","og_image":[{"width":850,"height":850,"url":"https:\/\/18pet.com\/wp-content\/uploads\/2023\/05\/1855960904-1.jpg","type":"image\/jpeg"}],"twitter_card":"summary_large_image","twitter_misc":{"Tiempo de lectura":"2 minutos"},"schema":{"@context":"https:\/\/schema.org","@graph":[{"@type":"WebPage","@id":"https:\/\/18pet.com\/product\/personalized-dog-harness-reflective-breathable-pet-harness\/","url":"https:\/\/18pet.com\/product\/personalized-dog-harness-reflective-breathable-pet-harness\/","name":"Personalized Dog Harness Reflective Breathable Pet Harness &#8212; 18pet.com","isPartOf":{"@id":"https:\/\/18pet.com\/id\/#website"},"primaryImageOfPage":{"@id":"https:\/\/18pet.com\/product\/personalized-dog-harness-reflective-breathable-pet-harness\/#primaryimage"},"image":{"@id":"https:\/\/18pet.com\/product\/personalized-dog-harness-reflective-breathable-pet-harness\/#primaryimage"},"thumbnailUrl":"https:\/\/18pet.com\/wp-content\/uploads\/2023\/05\/1855960904-1.jpg","datePublished":"2022-05-14T14:57:39+00:00","dateModified":"2026-03-05T16:20:20+00:00","breadcrumb":{"@id":"https:\/\/18pet.com\/product\/personalized-dog-harness-reflective-breathable-pet-harness\/#breadcrumb"},"inLanguage":"es","potentialAction":[{"@type":"ReadAction","target":["https:\/\/18pet.com\/product\/personalized-dog-harness-reflective-breathable-pet-harness\/"]}]},{"@type":"ImageObject","inLanguage":"es","@id":"https:\/\/18pet.com\/product\/personalized-dog-harness-reflective-breathable-pet-harness\/#primaryimage","url":"https:\/\/18pet.com\/wp-content\/uploads\/2023\/05\/1855960904-1.jpg","contentUrl":"https:\/\/18pet.com\/wp-content\/uploads\/2023\/05\/1855960904-1.jpg","width":850,"height":850,"caption":"Personalized Dog Harness Reflective Breathable Pet Harness 1"},{"@type":"BreadcrumbList","@id":"https:\/\/18pet.com\/product\/personalized-dog-harness-reflective-breathable-pet-harness\/#breadcrumb","itemListElement":[{"@type":"ListItem","position":1,"name":"Home","item":"https:\/\/18pet.com\/"},{"@type":"ListItem","position":2,"name":"Products","item":"https:\/\/18pet.com\/tr\/products\/"},{"@type":"ListItem","position":3,"name":"Personalized Dog Harness Reflective Breathable Pet Harness"}]},{"@type":"WebSite","@id":"https:\/\/18pet.com\/id\/#website","url":"https:\/\/18pet.com\/id\/","name":"18pet.com","description":"Your pet supplies center","publisher":{"@id":"https:\/\/18pet.com\/id\/#organization"},"potentialAction":[{"@type":"SearchAction","target":{"@type":"EntryPoint","urlTemplate":"https:\/\/18pet.com\/id\/?s={search_term_string}"},"query-input":{"@type":"PropertyValueSpecification","valueRequired":true,"valueName":"search_term_string"}}],"inLanguage":"es"},{"@type":"Organization","@id":"https:\/\/18pet.com\/id\/#organization","name":"18pet.com","url":"https:\/\/18pet.com\/id\/","logo":{"@type":"ImageObject","inLanguage":"es","@id":"https:\/\/18pet.com\/id\/#\/schema\/logo\/image\/","url":"https:\/\/18pet.com\/wp-content\/uploads\/2023\/04\/18pet-white-background.png","contentUrl":"https:\/\/18pet.com\/wp-content\/uploads\/2023\/04\/18pet-white-background.png","width":515,"height":167,"caption":"18pet.com"},"image":{"@id":"https:\/\/18pet.com\/id\/#\/schema\/logo\/image\/"}}]}},"jetpack_sharing_enabled":true,"_links":{"self":[{"href":"https:\/\/18pet.com\/es\/wp-json\/wp\/v2\/product\/4084","targetHints":{"allow":["GET"]}}],"collection":[{"href":"https:\/\/18pet.com\/es\/wp-json\/wp\/v2\/product"}],"about":[{"href":"https:\/\/18pet.com\/es\/wp-json\/wp\/v2\/types\/product"}],"replies":[{"embeddable":true,"href":"https:\/\/18pet.com\/es\/wp-json\/wp\/v2\/comments?post=4084"}],"wp:featuredmedia":[{"embeddable":true,"href":"https:\/\/18pet.com\/es\/wp-json\/wp\/v2\/media\/4085"}],"wp:attachment":[{"href":"https:\/\/18pet.com\/es\/wp-json\/wp\/v2\/media?parent=4084"}],"wp:term":[{"taxonomy":"product_brand","embeddable":true,"href":"https:\/\/18pet.com\/es\/wp-json\/wp\/v2\/product_brand?post=4084"},{"taxonomy":"product_cat","embeddable":true,"href":"https:\/\/18pet.com\/es\/wp-json\/wp\/v2\/product_cat?post=4084"},{"taxonomy":"product_tag","embeddable":true,"href":"https:\/\/18pet.com\/es\/wp-json\/wp\/v2\/product_tag?post=4084"}],"curies":[{"name":"wp","href":"https:\/\/api.w.org\/{rel}","templated":true}]}}