{"id":3870,"date":"2022-05-06T08:06:12","date_gmt":"2022-05-06T08:06:12","guid":{"rendered":"https:\/\/18pet.com\/?post_type=product&#038;p=3870"},"modified":"2025-03-23T14:00:27","modified_gmt":"2025-03-23T14:00:27","slug":"lovely-female-dog-diapers-pet-dog-panties","status":"publish","type":"product","link":"https:\/\/18pet.com\/es\/producto\/encantadora-hembra-perro-panales-mascota-perro-bragas\/","title":{"rendered":"<p>Adorables pa\u00f1ales para perros hembras Bragas para perros mascotas<\/p>"},"content":{"rendered":"<h2>Caracter\u00edstica:<p><strong>Material:<\/strong>Poli\u00e9ster<\/p><p><strong>Color:<\/strong>amarillo, rosa oscuro, azul, rosa<\/p><p><strong>Tama\u00f1o:<\/strong>XS,S,M,L,XL,XXL<\/p><p>(1 pulgada = 25,4 mm o 1 mm = 0,0393 pulgadas)<\/p><h2>El paquete incluye:<\/h2><p>1pc pantalones fisiol\u00f3gicos para mascotas<\/p><h2>Nota:<\/h2><p>Permita una desviaci\u00f3n de medici\u00f3n de 2% debido a la medici\u00f3n manual.<\/p><p>Debido a la diferencia entre diferentes monitores, es posible que la imagen no refleje el color real del art\u00edculo. Gracias.<\/p><table class=\"table table-bordered cellspacing=\">\n<tbody>\n<tr>\n<td colspan=\"7\">\n<p align=\"center\">Carta del tama\u00f1o<\/p>\n<\/td>\n<\/tr>\n<tr>\n<td>\n<p align=\"center\">Talla<\/p>\n<\/td>\n<td>\n<p align=\"center\">XS<\/p>\n<\/td>\n<td>\n<p align=\"center\">S<\/p>\n<\/td>\n<td>\n<p align=\"center\">METRO<\/p>\n<\/td>\n<td>\n<p align=\"center\">L<\/p>\n<\/td>\n<td>\n<p align=\"center\">SG<\/p>\n<\/td>\n<td>\n<p align=\"center\">XXL<\/p>\n<\/td>\n<\/tr>\n<tr>\n<td><\/td>\n<td>\n<p align=\"center\">cm|pulgada<\/p>\n<\/td>\n<td>\n<p align=\"center\">cm|pulgada<\/p>\n<\/td>\n<td>\n<p align=\"center\">cm|pulgada<\/p>\n<\/td>\n<td>\n<p align=\"center\">cm|pulgada<\/p>\n<\/td>\n<td>\n<p align=\"center\">cm|pulgada<\/p>\n<\/td>\n<td>\n<p align=\"center\">cm|pulgada<\/p>\n<\/td>\n<\/tr>\n<tr>\n<td>\n<p align=\"center\">Cintura<\/p>\n<\/td>\n<td>\n<p align=\"center\">21-32cm | 8.3\u201d-12.6\u201d<\/p>\n<\/td>\n<td>\n<p align=\"center\">24-36cm | 9.4\u201d-14.1\u201d<\/p>\n<\/td>\n<td>\n<p align=\"center\">26-41cm | 10,2\u201d-16,1\u201d<\/p>\n<\/td>\n<td>\n<p align=\"center\">32-44cm | 12,6\u201d-17,3\u201d<\/p>\n<\/td>\n<td>\n<p align=\"center\">34-50cm | 13,4\u201d-19,7\u201d<\/p>\n<\/td>\n<td>\n<p align=\"center\">37-55cm | 14.5\u201d-21.6\u201d<\/p>\n<\/td>\n<\/tr>\n<\/tbody>\n<\/table><h2 style=\"text-align: left\" align=\"center\">Fotos del producto<\/h2><p><img decoding=\"async\" class=\"img-responsive\" src=\"https:\/\/18pet.com\/wp-content\/uploads\/2023\/05\/1924616145-1.jpg\"><\/p><p><img decoding=\"async\" class=\"img-responsive\" src=\"https:\/\/18pet.com\/wp-content\/uploads\/2023\/05\/496457199-1.jpg\"><\/p><p><img decoding=\"async\" class=\"img-responsive\" src=\"https:\/\/18pet.com\/wp-content\/uploads\/2023\/05\/1604659554-1.jpg\"><\/p><p><img decoding=\"async\" class=\"img-responsive\" src=\"https:\/\/18pet.com\/wp-content\/uploads\/2023\/05\/976936742-1.jpg\"><\/p><p><img decoding=\"async\" class=\"img-responsive\" src=\"https:\/\/18pet.com\/wp-content\/uploads\/2023\/05\/1252889859-1.jpg\"><\/p><p><img decoding=\"async\" class=\"img-responsive\" src=\"https:\/\/18pet.com\/wp-content\/uploads\/2023\/05\/2059780777-1.jpg\"><\/p><p><img decoding=\"async\" class=\"img-responsive\" src=\"https:\/\/18pet.com\/wp-content\/uploads\/2023\/05\/1632714407-1.jpg\"><\/p><p><img decoding=\"async\" class=\"img-responsive\" src=\"https:\/\/18pet.com\/wp-content\/uploads\/2023\/05\/2089845750-1.jpg\"><\/p><p><img decoding=\"async\" class=\"img-responsive\" src=\"https:\/\/18pet.com\/wp-content\/uploads\/2023\/05\/632217942-1.jpg\"><\/p><p><img decoding=\"async\" class=\"img-responsive\" src=\"https:\/\/18pet.com\/wp-content\/uploads\/2023\/05\/1517964778-1.jpg\"><\/p><p><img decoding=\"async\" class=\"img-responsive\" src=\"https:\/\/18pet.com\/wp-content\/uploads\/2023\/05\/349526881-1.jpg\"><\/p><p><img decoding=\"async\" class=\"img-responsive\" src=\"https:\/\/18pet.com\/wp-content\/uploads\/2023\/05\/160619931-1.jpg\"><\/p><p><img decoding=\"async\" class=\"img-responsive\" src=\"https:\/\/18pet.com\/wp-content\/uploads\/2023\/05\/1061442811-1.jpg\"><\/p><p><img decoding=\"async\" class=\"img-responsive\" src=\"https:\/\/18pet.com\/wp-content\/uploads\/2023\/05\/1298995521-1.jpg\"><\/p><\/h2>","protected":false},"excerpt":{"rendered":"<h3><span style=\"color: #ff0000\">Caracter\u00edstica:<\/span><p>Apto para perras. Especialmente durante el uso fisiol\u00f3gico.<\/p><\/h3>","protected":false},"featured_media":3871,"comment_status":"open","ping_status":"closed","template":"","meta":[],"product_brand":[],"product_cat":[109],"product_tag":[349,244],"class_list":{"0":"post-3870","1":"product","2":"type-product","3":"status-publish","4":"has-post-thumbnail","6":"product_cat-diapers","7":"product_tag-diapers","8":"product_tag-dog","9":"pa_color-blue","10":"pa_color-dark-pink","11":"pa_color-pink","12":"pa_color-yellow","13":"pa_size-l","14":"pa_size-m","15":"pa_size-s","16":"pa_size-xl","17":"pa_size-xs","18":"pa_size-xxl","20":"first","21":"instock","22":"sale","23":"taxable","24":"shipping-taxable","25":"purchasable","26":"product-type-variable"},"yoast_head":"<!-- This site is optimized with the Yoast SEO plugin v25.0 - https:\/\/yoast.com\/wordpress\/plugins\/seo\/ -->\n<title>Lovely Female Dog Diapers Pet Dog Panties &#8212; 18pet.com<\/title>\n<meta name=\"robots\" content=\"index, follow, max-snippet:-1, max-image-preview:large, max-video-preview:-1\" \/>\n<link rel=\"canonical\" href=\"https:\/\/18pet.com\/es\/producto\/encantadora-hembra-perro-panales-mascota-perro-bragas\/\" \/>\n<meta property=\"og:locale\" content=\"es_ES\" \/>\n<meta property=\"og:type\" content=\"article\" \/>\n<meta property=\"og:title\" content=\"Lovely Female Dog Diapers Pet Dog Panties &#8212; 18pet.com\" \/>\n<meta property=\"og:description\" content=\"Feature: Suitable for female dogs. Especially during physiological use.\" \/>\n<meta property=\"og:url\" content=\"https:\/\/18pet.com\/es\/producto\/encantadora-hembra-perro-panales-mascota-perro-bragas\/\" \/>\n<meta property=\"og:site_name\" content=\"18pet.com\" \/>\n<meta property=\"article:modified_time\" content=\"2025-03-23T14:00:27+00:00\" \/>\n<meta property=\"og:image\" content=\"https:\/\/18pet.com\/wp-content\/uploads\/2023\/05\/2050301976-1.jpg\" \/>\n\t<meta property=\"og:image:width\" content=\"800\" \/>\n\t<meta property=\"og:image:height\" content=\"800\" \/>\n\t<meta property=\"og:image:type\" content=\"image\/jpeg\" \/>\n<meta name=\"twitter:card\" content=\"summary_large_image\" \/>\n<meta name=\"twitter:label1\" content=\"Tiempo de lectura\" \/>\n\t<meta name=\"twitter:data1\" content=\"4 minutos\" \/>\n<script type=\"application\/ld+json\" class=\"yoast-schema-graph\">{\"@context\":\"https:\/\/schema.org\",\"@graph\":[{\"@type\":\"WebPage\",\"@id\":\"https:\/\/18pet.com\/product\/lovely-female-dog-diapers-pet-dog-panties\/\",\"url\":\"https:\/\/18pet.com\/product\/lovely-female-dog-diapers-pet-dog-panties\/\",\"name\":\"Lovely Female Dog Diapers Pet Dog Panties &#8212; 18pet.com\",\"isPartOf\":{\"@id\":\"https:\/\/18pet.com\/id\/#website\"},\"primaryImageOfPage\":{\"@id\":\"https:\/\/18pet.com\/product\/lovely-female-dog-diapers-pet-dog-panties\/#primaryimage\"},\"image\":{\"@id\":\"https:\/\/18pet.com\/product\/lovely-female-dog-diapers-pet-dog-panties\/#primaryimage\"},\"thumbnailUrl\":\"https:\/\/18pet.com\/wp-content\/uploads\/2023\/05\/2050301976-1.jpg\",\"datePublished\":\"2022-05-06T08:06:12+00:00\",\"dateModified\":\"2025-03-23T14:00:27+00:00\",\"breadcrumb\":{\"@id\":\"https:\/\/18pet.com\/product\/lovely-female-dog-diapers-pet-dog-panties\/#breadcrumb\"},\"inLanguage\":\"es\",\"potentialAction\":[{\"@type\":\"ReadAction\",\"target\":[\"https:\/\/18pet.com\/product\/lovely-female-dog-diapers-pet-dog-panties\/\"]}]},{\"@type\":\"ImageObject\",\"inLanguage\":\"es\",\"@id\":\"https:\/\/18pet.com\/product\/lovely-female-dog-diapers-pet-dog-panties\/#primaryimage\",\"url\":\"https:\/\/18pet.com\/wp-content\/uploads\/2023\/05\/2050301976-1.jpg\",\"contentUrl\":\"https:\/\/18pet.com\/wp-content\/uploads\/2023\/05\/2050301976-1.jpg\",\"width\":800,\"height\":800,\"caption\":\"Lovely Female Dog Diapers Pet Dog Panties 1\"},{\"@type\":\"BreadcrumbList\",\"@id\":\"https:\/\/18pet.com\/product\/lovely-female-dog-diapers-pet-dog-panties\/#breadcrumb\",\"itemListElement\":[{\"@type\":\"ListItem\",\"position\":1,\"name\":\"Home\",\"item\":\"https:\/\/18pet.com\/\"},{\"@type\":\"ListItem\",\"position\":2,\"name\":\"Products\",\"item\":\"https:\/\/18pet.com\/tr\/products\/\"},{\"@type\":\"ListItem\",\"position\":3,\"name\":\"Lovely Female Dog Diapers Pet Dog Panties\"}]},{\"@type\":\"WebSite\",\"@id\":\"https:\/\/18pet.com\/id\/#website\",\"url\":\"https:\/\/18pet.com\/id\/\",\"name\":\"18pet.com\",\"description\":\"Your pet supplies center\",\"publisher\":{\"@id\":\"https:\/\/18pet.com\/id\/#organization\"},\"potentialAction\":[{\"@type\":\"SearchAction\",\"target\":{\"@type\":\"EntryPoint\",\"urlTemplate\":\"https:\/\/18pet.com\/id\/?s={search_term_string}\"},\"query-input\":{\"@type\":\"PropertyValueSpecification\",\"valueRequired\":true,\"valueName\":\"search_term_string\"}}],\"inLanguage\":\"es\"},{\"@type\":\"Organization\",\"@id\":\"https:\/\/18pet.com\/id\/#organization\",\"name\":\"18pet.com\",\"url\":\"https:\/\/18pet.com\/id\/\",\"logo\":{\"@type\":\"ImageObject\",\"inLanguage\":\"es\",\"@id\":\"https:\/\/18pet.com\/id\/#\/schema\/logo\/image\/\",\"url\":\"https:\/\/18pet.com\/wp-content\/uploads\/2023\/04\/18pet-white-background.png\",\"contentUrl\":\"https:\/\/18pet.com\/wp-content\/uploads\/2023\/04\/18pet-white-background.png\",\"width\":515,\"height\":167,\"caption\":\"18pet.com\"},\"image\":{\"@id\":\"https:\/\/18pet.com\/id\/#\/schema\/logo\/image\/\"}}]}<\/script>\n<!-- \/ Yoast SEO plugin. -->","yoast_head_json":{"title":"Lovely Female Dog Diapers Pet Dog Panties &#8212; 18pet.com","robots":{"index":"index","follow":"follow","max-snippet":"max-snippet:-1","max-image-preview":"max-image-preview:large","max-video-preview":"max-video-preview:-1"},"canonical":"https:\/\/18pet.com\/es\/producto\/encantadora-hembra-perro-panales-mascota-perro-bragas\/","og_locale":"es_ES","og_type":"article","og_title":"Lovely Female Dog Diapers Pet Dog Panties &#8212; 18pet.com","og_description":"Feature: Suitable for female dogs. Especially during physiological use.","og_url":"https:\/\/18pet.com\/es\/producto\/encantadora-hembra-perro-panales-mascota-perro-bragas\/","og_site_name":"18pet.com","article_modified_time":"2025-03-23T14:00:27+00:00","og_image":[{"width":800,"height":800,"url":"https:\/\/18pet.com\/wp-content\/uploads\/2023\/05\/2050301976-1.jpg","type":"image\/jpeg"}],"twitter_card":"summary_large_image","twitter_misc":{"Tiempo de lectura":"4 minutos"},"schema":{"@context":"https:\/\/schema.org","@graph":[{"@type":"WebPage","@id":"https:\/\/18pet.com\/product\/lovely-female-dog-diapers-pet-dog-panties\/","url":"https:\/\/18pet.com\/product\/lovely-female-dog-diapers-pet-dog-panties\/","name":"Lovely Female Dog Diapers Pet Dog Panties &#8212; 18pet.com","isPartOf":{"@id":"https:\/\/18pet.com\/id\/#website"},"primaryImageOfPage":{"@id":"https:\/\/18pet.com\/product\/lovely-female-dog-diapers-pet-dog-panties\/#primaryimage"},"image":{"@id":"https:\/\/18pet.com\/product\/lovely-female-dog-diapers-pet-dog-panties\/#primaryimage"},"thumbnailUrl":"https:\/\/18pet.com\/wp-content\/uploads\/2023\/05\/2050301976-1.jpg","datePublished":"2022-05-06T08:06:12+00:00","dateModified":"2025-03-23T14:00:27+00:00","breadcrumb":{"@id":"https:\/\/18pet.com\/product\/lovely-female-dog-diapers-pet-dog-panties\/#breadcrumb"},"inLanguage":"es","potentialAction":[{"@type":"ReadAction","target":["https:\/\/18pet.com\/product\/lovely-female-dog-diapers-pet-dog-panties\/"]}]},{"@type":"ImageObject","inLanguage":"es","@id":"https:\/\/18pet.com\/product\/lovely-female-dog-diapers-pet-dog-panties\/#primaryimage","url":"https:\/\/18pet.com\/wp-content\/uploads\/2023\/05\/2050301976-1.jpg","contentUrl":"https:\/\/18pet.com\/wp-content\/uploads\/2023\/05\/2050301976-1.jpg","width":800,"height":800,"caption":"Lovely Female Dog Diapers Pet Dog Panties 1"},{"@type":"BreadcrumbList","@id":"https:\/\/18pet.com\/product\/lovely-female-dog-diapers-pet-dog-panties\/#breadcrumb","itemListElement":[{"@type":"ListItem","position":1,"name":"Home","item":"https:\/\/18pet.com\/"},{"@type":"ListItem","position":2,"name":"Products","item":"https:\/\/18pet.com\/tr\/products\/"},{"@type":"ListItem","position":3,"name":"Lovely Female Dog Diapers Pet Dog Panties"}]},{"@type":"WebSite","@id":"https:\/\/18pet.com\/id\/#website","url":"https:\/\/18pet.com\/id\/","name":"18pet.com","description":"Your pet supplies center","publisher":{"@id":"https:\/\/18pet.com\/id\/#organization"},"potentialAction":[{"@type":"SearchAction","target":{"@type":"EntryPoint","urlTemplate":"https:\/\/18pet.com\/id\/?s={search_term_string}"},"query-input":{"@type":"PropertyValueSpecification","valueRequired":true,"valueName":"search_term_string"}}],"inLanguage":"es"},{"@type":"Organization","@id":"https:\/\/18pet.com\/id\/#organization","name":"18pet.com","url":"https:\/\/18pet.com\/id\/","logo":{"@type":"ImageObject","inLanguage":"es","@id":"https:\/\/18pet.com\/id\/#\/schema\/logo\/image\/","url":"https:\/\/18pet.com\/wp-content\/uploads\/2023\/04\/18pet-white-background.png","contentUrl":"https:\/\/18pet.com\/wp-content\/uploads\/2023\/04\/18pet-white-background.png","width":515,"height":167,"caption":"18pet.com"},"image":{"@id":"https:\/\/18pet.com\/id\/#\/schema\/logo\/image\/"}}]}},"jetpack_sharing_enabled":true,"_links":{"self":[{"href":"https:\/\/18pet.com\/es\/wp-json\/wp\/v2\/product\/3870","targetHints":{"allow":["GET"]}}],"collection":[{"href":"https:\/\/18pet.com\/es\/wp-json\/wp\/v2\/product"}],"about":[{"href":"https:\/\/18pet.com\/es\/wp-json\/wp\/v2\/types\/product"}],"replies":[{"embeddable":true,"href":"https:\/\/18pet.com\/es\/wp-json\/wp\/v2\/comments?post=3870"}],"wp:featuredmedia":[{"embeddable":true,"href":"https:\/\/18pet.com\/es\/wp-json\/wp\/v2\/media\/3871"}],"wp:attachment":[{"href":"https:\/\/18pet.com\/es\/wp-json\/wp\/v2\/media?parent=3870"}],"wp:term":[{"taxonomy":"product_brand","embeddable":true,"href":"https:\/\/18pet.com\/es\/wp-json\/wp\/v2\/product_brand?post=3870"},{"taxonomy":"product_cat","embeddable":true,"href":"https:\/\/18pet.com\/es\/wp-json\/wp\/v2\/product_cat?post=3870"},{"taxonomy":"product_tag","embeddable":true,"href":"https:\/\/18pet.com\/es\/wp-json\/wp\/v2\/product_tag?post=3870"}],"curies":[{"name":"wp","href":"https:\/\/api.w.org\/{rel}","templated":true}]}}