{"id":3564,"date":"2022-05-04T02:43:52","date_gmt":"2022-05-04T02:43:52","guid":{"rendered":"https:\/\/18pet.com\/?post_type=product&#038;p=3564"},"modified":"2025-03-23T12:58:33","modified_gmt":"2025-03-23T12:58:33","slug":"luxury-genuine-pure-leather-dog-airtag-collar-anti-lost-cowhide-pet-collar","status":"publish","type":"product","link":"https:\/\/18pet.com\/es\/producto\/lujoso-genuino-cuero-puro-perro-airtag-collar-anti-perdida-piel-de-vaca-pet-collar\/","title":{"rendered":"<p>De lujo genuino de cuero puro perro Airtag Collar Anti-p\u00e9rdida de cuero de vaca collar de mascotas<\/p>"},"content":{"rendered":"<div style=\"width: 100%\">\n<div style=\"width: 1280px;\" class=\"wp-video\"><video class=\"wp-video-shortcode\" id=\"video-3564-1\" width=\"1280\" height=\"720\" preload=\"metadata\" controls=\"controls\"><source type=\"video\/mp4\" src=\"https:\/\/18pet.com\/wp-content\/uploads\/2023\/06\/Apple-Air-Tag-Dog-Collar-Cowhide-leather-anti-lost-dog-collar.mp4?_=1\"><\/source><a href=\"https:\/\/18pet.com\/wp-content\/uploads\/2023\/06\/Apple-Air-Tag-Dog-Collar-Cowhide-leather-anti-lost-dog-collar.mp4\">https:\/\/18pet.com\/wp-content\/uploads\/2023\/06\/Apple-Air-Tag-Dog-Collar-Cowhide-leather-anti-lost-dog-collar.mp4<\/a><\/video><\/div>\n<h3>Caracter\u00edstica:<\/h3><p><strong>Tama\u00f1o:<\/strong> Circunferencia del cuello S 22-30 cm, M 30-43 cm, L 40-58 cm<br>\nEspecialmente dise\u00f1ado para AirTags Bluetooth Tracker.<br>\nCuero de vaca de lujo de alta calidad, tacto suave y c\u00f3modo, resistente al desgaste y no t\u00f3xico, tiene una larga vida \u00fatil.<br>\nElecci\u00f3n de varios colores para satisfacer sus necesidades.<\/p><h4><span style=\"color: #ff0000\">Nota: <\/span><\/h4><p><span style=\"color: #ff0000\"><span style=\"color: #ff00ff\">Collar AirTags solamente, \u00a1otros accesorios de demostraci\u00f3n en la imagen no est\u00e1n incluidos!<\/span><\/span><\/p><h3>El paquete incluye:<\/h3><p>1 collar de etiquetas de aire.<\/p><p><span style=\"color: #ff0000\">NOTA:<\/span> <span style=\"color: #ff00ff\">Solo collar, no incluye Apple Air Tag.<\/span><\/p><p><img decoding=\"async\" class=\"img-responsive\" src=\"https:\/\/18pet.com\/wp-content\/uploads\/2023\/05\/1509386649-1.jpg\"><img decoding=\"async\" class=\"img-responsive\" src=\"https:\/\/18pet.com\/wp-content\/uploads\/2023\/05\/396004010-1.jpg\"><img decoding=\"async\" class=\"img-responsive\" src=\"https:\/\/18pet.com\/wp-content\/uploads\/2023\/05\/84064287-1.jpg\"><img decoding=\"async\" class=\"img-responsive\" src=\"https:\/\/18pet.com\/wp-content\/uploads\/2023\/05\/2002353550-1.jpg\"><img decoding=\"async\" class=\"img-responsive\" src=\"https:\/\/18pet.com\/wp-content\/uploads\/2023\/05\/1428617922-1.jpg\"><img decoding=\"async\" class=\"img-responsive\" src=\"https:\/\/18pet.com\/wp-content\/uploads\/2023\/05\/108491285-1.jpg\"><img decoding=\"async\" class=\"img-responsive\" src=\"https:\/\/18pet.com\/wp-content\/uploads\/2023\/05\/771965312-1.jpg\"><img decoding=\"async\" class=\"img-responsive\" src=\"https:\/\/18pet.com\/wp-content\/uploads\/2023\/05\/1318499958-1.jpg\"><\/p><p><img decoding=\"async\" class=\"img-responsive\" src=\"https:\/\/18pet.com\/wp-content\/uploads\/2023\/05\/1146155556-1.jpg\"><img decoding=\"async\" class=\"img-responsive\" src=\"https:\/\/18pet.com\/wp-content\/uploads\/2023\/05\/940592167-1.jpg\"><img decoding=\"async\" class=\"img-responsive\" src=\"https:\/\/18pet.com\/wp-content\/uploads\/2023\/05\/665760294-1.jpg\"><img decoding=\"async\" class=\"img-responsive\" src=\"https:\/\/18pet.com\/wp-content\/uploads\/2023\/05\/1036231629-1.jpg\"><img decoding=\"async\" class=\"img-responsive\" src=\"https:\/\/18pet.com\/wp-content\/uploads\/2023\/05\/1606085569-1.jpg\"><img decoding=\"async\" class=\"img-responsive\" src=\"https:\/\/18pet.com\/wp-content\/uploads\/2023\/05\/1906709437-1.jpg\"><\/p><\/div>","protected":false},"excerpt":{"rendered":"<p><span style=\"color: #ff0000\">Dise\u00f1ado para Apple Air Tag:<\/span> Especialmente dise\u00f1ado para AirTags Bluetooth Tracker.<br>\n<span style=\"color: #ff0000\">Piel pura de vacuno:<\/span> Cuero de vaca de lujo de alta calidad, tacto suave y c\u00f3modo, resistente al desgaste y no t\u00f3xico, tiene una larga vida \u00fatil.<br>\nElecci\u00f3n de varios colores para satisfacer sus necesidades.<p><span style=\"color: #ff0000\">NOTA:<\/span> <span style=\"color: #ff00ff\">Estos son<\/span> <span style=\"color: #ff00ff\">Solo collar, no incluye Apple Air Tag.<\/span><\/p><\/p>","protected":false},"featured_media":6643,"comment_status":"open","ping_status":"closed","template":"","meta":[],"product_brand":[],"product_cat":[112],"product_tag":[432,246,244],"class_list":{"0":"post-3564","1":"product","2":"type-product","3":"status-publish","4":"has-post-thumbnail","6":"product_cat-collars","7":"product_tag-air-tag","8":"product_tag-collar","9":"product_tag-dog","10":"pa_color-ac61s-black","11":"pa_color-ac61s-brown","12":"pa_color-ac61s-green","13":"pa_size-l","14":"pa_size-m","15":"pa_size-s","17":"first","18":"instock","19":"sale","20":"taxable","21":"shipping-taxable","22":"purchasable","23":"product-type-variable"},"yoast_head":"<!-- This site is optimized with the Yoast SEO plugin v25.0 - https:\/\/yoast.com\/wordpress\/plugins\/seo\/ -->\n<title>Luxury Genuine pure Leather Dog Airtag Collar Anti-lost Cowhide Pet Collar &#8212; 18pet.com<\/title>\n<meta name=\"robots\" content=\"index, follow, max-snippet:-1, max-image-preview:large, max-video-preview:-1\" \/>\n<link rel=\"canonical\" href=\"https:\/\/18pet.com\/es\/producto\/lujoso-genuino-cuero-puro-perro-airtag-collar-anti-perdida-piel-de-vaca-pet-collar\/\" \/>\n<meta property=\"og:locale\" content=\"es_ES\" \/>\n<meta property=\"og:type\" content=\"article\" \/>\n<meta property=\"og:title\" content=\"Luxury Genuine pure Leather Dog Airtag Collar Anti-lost Cowhide Pet Collar &#8212; 18pet.com\" \/>\n<meta property=\"og:description\" content=\"Designed for Apple Air Tag: Specially designed for AirTags Bluetooth Tracker. Pure cowhide leather: High-quality luxury cowhide leather, soft and comfortable touch, wear-resistant and nontoxic, has a long service life. Multi-colors choice to meet your needs.  NOTE: These are Collar only, do not include Apple Air Tag.\" \/>\n<meta property=\"og:url\" content=\"https:\/\/18pet.com\/es\/producto\/lujoso-genuino-cuero-puro-perro-airtag-collar-anti-perdida-piel-de-vaca-pet-collar\/\" \/>\n<meta property=\"og:site_name\" content=\"18pet.com\" \/>\n<meta property=\"article:modified_time\" content=\"2025-03-23T12:58:33+00:00\" \/>\n<meta property=\"og:image\" content=\"https:\/\/18pet.com\/wp-content\/uploads\/2023\/07\/1-Luxury-Genuine-Leather-Dog-Airtag-Collar-Anti-lost-Cowhide-Pet-Collar-For-Puppy-Medium-Large-Dog.jpg\" \/>\n\t<meta property=\"og:image:width\" content=\"800\" \/>\n\t<meta property=\"og:image:height\" content=\"800\" \/>\n\t<meta property=\"og:image:type\" content=\"image\/jpeg\" \/>\n<meta name=\"twitter:card\" content=\"summary_large_image\" \/>\n<meta name=\"twitter:label1\" content=\"Tiempo de lectura\" \/>\n\t<meta name=\"twitter:data1\" content=\"4 minutos\" \/>\n<script type=\"application\/ld+json\" class=\"yoast-schema-graph\">{\"@context\":\"https:\/\/schema.org\",\"@graph\":[{\"@type\":\"WebPage\",\"@id\":\"https:\/\/18pet.com\/product\/luxury-genuine-pure-leather-dog-airtag-collar-anti-lost-cowhide-pet-collar\/\",\"url\":\"https:\/\/18pet.com\/product\/luxury-genuine-pure-leather-dog-airtag-collar-anti-lost-cowhide-pet-collar\/\",\"name\":\"Luxury Genuine pure Leather Dog Airtag Collar Anti-lost Cowhide Pet Collar &#8212; 18pet.com\",\"isPartOf\":{\"@id\":\"https:\/\/18pet.com\/id\/#website\"},\"primaryImageOfPage\":{\"@id\":\"https:\/\/18pet.com\/product\/luxury-genuine-pure-leather-dog-airtag-collar-anti-lost-cowhide-pet-collar\/#primaryimage\"},\"image\":{\"@id\":\"https:\/\/18pet.com\/product\/luxury-genuine-pure-leather-dog-airtag-collar-anti-lost-cowhide-pet-collar\/#primaryimage\"},\"thumbnailUrl\":\"https:\/\/18pet.com\/wp-content\/uploads\/2023\/07\/1-Luxury-Genuine-Leather-Dog-Airtag-Collar-Anti-lost-Cowhide-Pet-Collar-For-Puppy-Medium-Large-Dog.jpg\",\"datePublished\":\"2022-05-04T02:43:52+00:00\",\"dateModified\":\"2025-03-23T12:58:33+00:00\",\"breadcrumb\":{\"@id\":\"https:\/\/18pet.com\/product\/luxury-genuine-pure-leather-dog-airtag-collar-anti-lost-cowhide-pet-collar\/#breadcrumb\"},\"inLanguage\":\"es\",\"potentialAction\":[{\"@type\":\"ReadAction\",\"target\":[\"https:\/\/18pet.com\/product\/luxury-genuine-pure-leather-dog-airtag-collar-anti-lost-cowhide-pet-collar\/\"]}]},{\"@type\":\"ImageObject\",\"inLanguage\":\"es\",\"@id\":\"https:\/\/18pet.com\/product\/luxury-genuine-pure-leather-dog-airtag-collar-anti-lost-cowhide-pet-collar\/#primaryimage\",\"url\":\"https:\/\/18pet.com\/wp-content\/uploads\/2023\/07\/1-Luxury-Genuine-Leather-Dog-Airtag-Collar-Anti-lost-Cowhide-Pet-Collar-For-Puppy-Medium-Large-Dog.jpg\",\"contentUrl\":\"https:\/\/18pet.com\/wp-content\/uploads\/2023\/07\/1-Luxury-Genuine-Leather-Dog-Airtag-Collar-Anti-lost-Cowhide-Pet-Collar-For-Puppy-Medium-Large-Dog.jpg\",\"width\":800,\"height\":800},{\"@type\":\"BreadcrumbList\",\"@id\":\"https:\/\/18pet.com\/product\/luxury-genuine-pure-leather-dog-airtag-collar-anti-lost-cowhide-pet-collar\/#breadcrumb\",\"itemListElement\":[{\"@type\":\"ListItem\",\"position\":1,\"name\":\"Home\",\"item\":\"https:\/\/18pet.com\/\"},{\"@type\":\"ListItem\",\"position\":2,\"name\":\"Products\",\"item\":\"https:\/\/18pet.com\/tr\/products\/\"},{\"@type\":\"ListItem\",\"position\":3,\"name\":\"Luxury Genuine pure Leather Dog Airtag Collar Anti-lost Cowhide Pet Collar\"}]},{\"@type\":\"WebSite\",\"@id\":\"https:\/\/18pet.com\/id\/#website\",\"url\":\"https:\/\/18pet.com\/id\/\",\"name\":\"18pet.com\",\"description\":\"Your pet supplies center\",\"publisher\":{\"@id\":\"https:\/\/18pet.com\/id\/#organization\"},\"potentialAction\":[{\"@type\":\"SearchAction\",\"target\":{\"@type\":\"EntryPoint\",\"urlTemplate\":\"https:\/\/18pet.com\/id\/?s={search_term_string}\"},\"query-input\":{\"@type\":\"PropertyValueSpecification\",\"valueRequired\":true,\"valueName\":\"search_term_string\"}}],\"inLanguage\":\"es\"},{\"@type\":\"Organization\",\"@id\":\"https:\/\/18pet.com\/id\/#organization\",\"name\":\"18pet.com\",\"url\":\"https:\/\/18pet.com\/id\/\",\"logo\":{\"@type\":\"ImageObject\",\"inLanguage\":\"es\",\"@id\":\"https:\/\/18pet.com\/id\/#\/schema\/logo\/image\/\",\"url\":\"https:\/\/18pet.com\/wp-content\/uploads\/2023\/04\/18pet-white-background.png\",\"contentUrl\":\"https:\/\/18pet.com\/wp-content\/uploads\/2023\/04\/18pet-white-background.png\",\"width\":515,\"height\":167,\"caption\":\"18pet.com\"},\"image\":{\"@id\":\"https:\/\/18pet.com\/id\/#\/schema\/logo\/image\/\"}}]}<\/script>\n<!-- \/ Yoast SEO plugin. -->","yoast_head_json":{"title":"Luxury Genuine pure Leather Dog Airtag Collar Anti-lost Cowhide Pet Collar &#8212; 18pet.com","robots":{"index":"index","follow":"follow","max-snippet":"max-snippet:-1","max-image-preview":"max-image-preview:large","max-video-preview":"max-video-preview:-1"},"canonical":"https:\/\/18pet.com\/es\/producto\/lujoso-genuino-cuero-puro-perro-airtag-collar-anti-perdida-piel-de-vaca-pet-collar\/","og_locale":"es_ES","og_type":"article","og_title":"Luxury Genuine pure Leather Dog Airtag Collar Anti-lost Cowhide Pet Collar &#8212; 18pet.com","og_description":"Designed for Apple Air Tag: Specially designed for AirTags Bluetooth Tracker. Pure cowhide leather: High-quality luxury cowhide leather, soft and comfortable touch, wear-resistant and nontoxic, has a long service life. Multi-colors choice to meet your needs.  NOTE: These are Collar only, do not include Apple Air Tag.","og_url":"https:\/\/18pet.com\/es\/producto\/lujoso-genuino-cuero-puro-perro-airtag-collar-anti-perdida-piel-de-vaca-pet-collar\/","og_site_name":"18pet.com","article_modified_time":"2025-03-23T12:58:33+00:00","og_image":[{"width":800,"height":800,"url":"https:\/\/18pet.com\/wp-content\/uploads\/2023\/07\/1-Luxury-Genuine-Leather-Dog-Airtag-Collar-Anti-lost-Cowhide-Pet-Collar-For-Puppy-Medium-Large-Dog.jpg","type":"image\/jpeg"}],"twitter_card":"summary_large_image","twitter_misc":{"Tiempo de lectura":"4 minutos"},"schema":{"@context":"https:\/\/schema.org","@graph":[{"@type":"WebPage","@id":"https:\/\/18pet.com\/product\/luxury-genuine-pure-leather-dog-airtag-collar-anti-lost-cowhide-pet-collar\/","url":"https:\/\/18pet.com\/product\/luxury-genuine-pure-leather-dog-airtag-collar-anti-lost-cowhide-pet-collar\/","name":"Luxury Genuine pure Leather Dog Airtag Collar Anti-lost Cowhide Pet Collar &#8212; 18pet.com","isPartOf":{"@id":"https:\/\/18pet.com\/id\/#website"},"primaryImageOfPage":{"@id":"https:\/\/18pet.com\/product\/luxury-genuine-pure-leather-dog-airtag-collar-anti-lost-cowhide-pet-collar\/#primaryimage"},"image":{"@id":"https:\/\/18pet.com\/product\/luxury-genuine-pure-leather-dog-airtag-collar-anti-lost-cowhide-pet-collar\/#primaryimage"},"thumbnailUrl":"https:\/\/18pet.com\/wp-content\/uploads\/2023\/07\/1-Luxury-Genuine-Leather-Dog-Airtag-Collar-Anti-lost-Cowhide-Pet-Collar-For-Puppy-Medium-Large-Dog.jpg","datePublished":"2022-05-04T02:43:52+00:00","dateModified":"2025-03-23T12:58:33+00:00","breadcrumb":{"@id":"https:\/\/18pet.com\/product\/luxury-genuine-pure-leather-dog-airtag-collar-anti-lost-cowhide-pet-collar\/#breadcrumb"},"inLanguage":"es","potentialAction":[{"@type":"ReadAction","target":["https:\/\/18pet.com\/product\/luxury-genuine-pure-leather-dog-airtag-collar-anti-lost-cowhide-pet-collar\/"]}]},{"@type":"ImageObject","inLanguage":"es","@id":"https:\/\/18pet.com\/product\/luxury-genuine-pure-leather-dog-airtag-collar-anti-lost-cowhide-pet-collar\/#primaryimage","url":"https:\/\/18pet.com\/wp-content\/uploads\/2023\/07\/1-Luxury-Genuine-Leather-Dog-Airtag-Collar-Anti-lost-Cowhide-Pet-Collar-For-Puppy-Medium-Large-Dog.jpg","contentUrl":"https:\/\/18pet.com\/wp-content\/uploads\/2023\/07\/1-Luxury-Genuine-Leather-Dog-Airtag-Collar-Anti-lost-Cowhide-Pet-Collar-For-Puppy-Medium-Large-Dog.jpg","width":800,"height":800},{"@type":"BreadcrumbList","@id":"https:\/\/18pet.com\/product\/luxury-genuine-pure-leather-dog-airtag-collar-anti-lost-cowhide-pet-collar\/#breadcrumb","itemListElement":[{"@type":"ListItem","position":1,"name":"Home","item":"https:\/\/18pet.com\/"},{"@type":"ListItem","position":2,"name":"Products","item":"https:\/\/18pet.com\/tr\/products\/"},{"@type":"ListItem","position":3,"name":"Luxury Genuine pure Leather Dog Airtag Collar Anti-lost Cowhide Pet Collar"}]},{"@type":"WebSite","@id":"https:\/\/18pet.com\/id\/#website","url":"https:\/\/18pet.com\/id\/","name":"18pet.com","description":"Your pet supplies center","publisher":{"@id":"https:\/\/18pet.com\/id\/#organization"},"potentialAction":[{"@type":"SearchAction","target":{"@type":"EntryPoint","urlTemplate":"https:\/\/18pet.com\/id\/?s={search_term_string}"},"query-input":{"@type":"PropertyValueSpecification","valueRequired":true,"valueName":"search_term_string"}}],"inLanguage":"es"},{"@type":"Organization","@id":"https:\/\/18pet.com\/id\/#organization","name":"18pet.com","url":"https:\/\/18pet.com\/id\/","logo":{"@type":"ImageObject","inLanguage":"es","@id":"https:\/\/18pet.com\/id\/#\/schema\/logo\/image\/","url":"https:\/\/18pet.com\/wp-content\/uploads\/2023\/04\/18pet-white-background.png","contentUrl":"https:\/\/18pet.com\/wp-content\/uploads\/2023\/04\/18pet-white-background.png","width":515,"height":167,"caption":"18pet.com"},"image":{"@id":"https:\/\/18pet.com\/id\/#\/schema\/logo\/image\/"}}]}},"jetpack_sharing_enabled":true,"_links":{"self":[{"href":"https:\/\/18pet.com\/es\/wp-json\/wp\/v2\/product\/3564","targetHints":{"allow":["GET"]}}],"collection":[{"href":"https:\/\/18pet.com\/es\/wp-json\/wp\/v2\/product"}],"about":[{"href":"https:\/\/18pet.com\/es\/wp-json\/wp\/v2\/types\/product"}],"replies":[{"embeddable":true,"href":"https:\/\/18pet.com\/es\/wp-json\/wp\/v2\/comments?post=3564"}],"wp:featuredmedia":[{"embeddable":true,"href":"https:\/\/18pet.com\/es\/wp-json\/wp\/v2\/media\/6643"}],"wp:attachment":[{"href":"https:\/\/18pet.com\/es\/wp-json\/wp\/v2\/media?parent=3564"}],"wp:term":[{"taxonomy":"product_brand","embeddable":true,"href":"https:\/\/18pet.com\/es\/wp-json\/wp\/v2\/product_brand?post=3564"},{"taxonomy":"product_cat","embeddable":true,"href":"https:\/\/18pet.com\/es\/wp-json\/wp\/v2\/product_cat?post=3564"},{"taxonomy":"product_tag","embeddable":true,"href":"https:\/\/18pet.com\/es\/wp-json\/wp\/v2\/product_tag?post=3564"}],"curies":[{"name":"wp","href":"https:\/\/api.w.org\/{rel}","templated":true}]}}