{"id":3452,"date":"2022-05-03T12:53:36","date_gmt":"2022-05-03T12:53:36","guid":{"rendered":"https:\/\/18pet.com\/?post_type=product&#038;p=3452"},"modified":"2025-03-23T14:00:29","modified_gmt":"2025-03-23T14:00:29","slug":"solid-dog-leash-nylon-pet-rope","status":"publish","type":"product","link":"https:\/\/18pet.com\/es\/producto\/solida-perro-correa-nylon-mascota-cuerda\/","title":{"rendered":"<p>Solid Dog Leash Nylon Pet Rope<\/p>"},"content":{"rendered":"<div style=\"width: 100%\">\n<div style=\"width: 720px;\" class=\"wp-video\"><video class=\"wp-video-shortcode\" id=\"video-3452-1\" width=\"720\" height=\"720\" preload=\"metadata\" controls=\"controls\"><source type=\"video\/mp4\" src=\"https:\/\/18pet.com\/wp-content\/uploads\/2023\/05\/dog-leash-1.mp4?_=1\"><\/source><a href=\"https:\/\/18pet.com\/wp-content\/uploads\/2023\/05\/dog-leash-1.mp4\">https:\/\/18pet.com\/wp-content\/uploads\/2023\/05\/dog-leash-1.mp4<\/a><\/video><\/div>\n<p>&nbsp;<\/p>\n<h3><span style=\"color: #ff0000\">Elija el tama\u00f1o seg\u00fan el peso de la mascota:<\/span><\/h3><p><span style=\"color: #ff0000\">menos de 3 kg: S<\/span><\/p><p>di\u00e1metro 0,6 cm longitud 1,2 metros. Adecuado para mascotas que pesen menos de 3 kg.<\/p><p><span style=\"color: #ff0000\">3-7,5 kg: M<\/span><br>\ndi\u00e1metro 0,8 cm longitud 1,2 metros. Adecuado para mascotas que pesen entre 3 y 7,5 kg.<\/p><p><span style=\"color: #ff0000\">7,5-12,5 kg: L<\/span><br>\ndi\u00e1metro 1,0 cm longitud 1,2 metros. Adecuado para mascotas que pesen entre 7,5 y 12,5 kg.<\/p><p><span style=\"color: #ff0000\">12,5-60 kg: XL<\/span><br>\ndi\u00e1metro 1,2 cm longitud 1,2 metros. Adecuado para mascotas que pesen entre 12,5 y 60 kg.<\/p><h3>CARACTER\u00cdSTICA<\/h3><p>Esta correa para mascotas est\u00e1 hecha de nailon, resistente y duradera, adecuada para cachorros, perros peque\u00f1os y grandes. Mango de esponja, c\u00f3modo. Gancho de metal giratorio de 360 grados, duradero. La cuerda de la correa del perro es necesaria para que las mascotas salgan al aire libre.<\/p><h3>PAR\u00c1METRO<\/h3><p>PRODUCTO: correa para mascotas<br>\nMATERIAL: nailon<br>\nCOLOR: rojo, rosa, naranja, amarillo, negro, azul, p\u00farpura<\/p><h3>USAR PARA:<\/h3><p>perro gato<\/p><p><img decoding=\"async\" class=\"img-responsive\" src=\"https:\/\/18pet.com\/wp-content\/uploads\/2023\/05\/741810876-1.jpg\"><\/p><p>CARTA DEL TAMA\u00d1O<\/p><p><img decoding=\"async\" class=\"img-responsive\" src=\"https:\/\/18pet.com\/wp-content\/uploads\/2023\/05\/985401691-1.jpg\"><\/p><h3>DETALLE<\/h3><h4>01. C\u00f3modo mango de esponja<\/h4><p><img decoding=\"async\" class=\"img-responsive\" src=\"https:\/\/18pet.com\/wp-content\/uploads\/2023\/05\/597938523-1.jpg\"><\/p><h4>02. Gancho de metal duradero.<\/h4><p><img decoding=\"async\" class=\"img-responsive\" src=\"https:\/\/18pet.com\/wp-content\/uploads\/2023\/05\/1229763937-1.jpg\"><\/p><h3>COLOR<\/h3><h4>01.azul<\/h4><p><img decoding=\"async\" class=\"img-responsive\" src=\"https:\/\/18pet.com\/wp-content\/uploads\/2023\/05\/1844135631-1.jpg\"><\/p><h4>02.naranja<\/h4><p><img decoding=\"async\" class=\"img-responsive\" src=\"https:\/\/18pet.com\/wp-content\/uploads\/2023\/05\/1702719723-1.jpg\"><\/p><h4>03 rosa<\/h4><p><img decoding=\"async\" class=\"img-responsive\" src=\"https:\/\/18pet.com\/wp-content\/uploads\/2023\/05\/2082647969-1.jpg\"><\/p><h4>04.p\u00farpura<\/h4><p><img decoding=\"async\" class=\"img-responsive\" src=\"https:\/\/18pet.com\/wp-content\/uploads\/2023\/05\/1534661887-1.jpg\"><\/p><h4>05.amarillo<\/h4><p><img decoding=\"async\" class=\"img-responsive\" src=\"https:\/\/18pet.com\/wp-content\/uploads\/2023\/05\/1760388535-1.jpg\"><\/p><h4>06.negro<\/h4><p><img decoding=\"async\" class=\"img-responsive\" src=\"https:\/\/18pet.com\/wp-content\/uploads\/2023\/05\/1852516142-1.jpg\"><\/p><h4>07.rojo<\/h4><p><img decoding=\"async\" class=\"img-responsive\" src=\"https:\/\/18pet.com\/wp-content\/uploads\/2023\/05\/1981672518-1.jpg\"><\/p><\/div>","protected":false},"excerpt":{"rendered":"<p><span style=\"color: #ff0000\">Durable:<\/span> Cuerda s\u00f3lida, resistente al desgaste y duradera.<br>\n<span style=\"color: #ff0000\">C\u00f3modo:<\/span> mango de esponja; F\u00e1cil de usar.<br>\n<span style=\"color: #ff0000\">Adecuado tanto para gatos como para perros:<\/span> Elija el grosor adecuado de la cuerda de acuerdo con las instrucciones en la p\u00e1gina de detalles.<\/p>","protected":false},"featured_media":3453,"comment_status":"open","ping_status":"closed","template":"","meta":[],"product_brand":[],"product_cat":[163,114,104],"product_tag":[244,265,286],"class_list":{"0":"post-3452","1":"product","2":"type-product","3":"status-publish","4":"has-post-thumbnail","6":"product_cat-cat-collars-leads","7":"product_cat-leashes","8":"product_cat-training-leashes","9":"product_tag-dog","10":"product_tag-dog-training","11":"product_tag-leashes","12":"pa_color-black","13":"pa_color-blue","14":"pa_color-orange","15":"pa_color-pink","16":"pa_color-purple","17":"pa_color-red","18":"pa_color-yellow","19":"pa_size-l-dia-1-0cm","20":"pa_size-m-dia-0-8cm","21":"pa_size-s-dia-0-6cm","22":"pa_size-xl-dia-1-2cm","24":"first","25":"instock","26":"sale","27":"taxable","28":"shipping-taxable","29":"purchasable","30":"product-type-variable"},"yoast_head":"<!-- This site is optimized with the Yoast SEO plugin v25.0 - https:\/\/yoast.com\/wordpress\/plugins\/seo\/ -->\n<title>Solid Dog Leash Nylon Pet Rope &#8212; 18pet.com<\/title>\n<meta name=\"robots\" content=\"index, follow, max-snippet:-1, max-image-preview:large, max-video-preview:-1\" \/>\n<link rel=\"canonical\" href=\"https:\/\/18pet.com\/es\/producto\/solida-perro-correa-nylon-mascota-cuerda\/\" \/>\n<meta property=\"og:locale\" content=\"es_ES\" \/>\n<meta property=\"og:type\" content=\"article\" \/>\n<meta property=\"og:title\" content=\"Solid Dog Leash Nylon Pet Rope &#8212; 18pet.com\" \/>\n<meta property=\"og:description\" content=\"Durable: Solid rope, wear-resistant and durable. Comfortable: Sponge handle; Easy to use. Suitable for both cats and dogs: Please choose the appropriate thickness of rope according to the instructions on the details page.\" \/>\n<meta property=\"og:url\" content=\"https:\/\/18pet.com\/es\/producto\/solida-perro-correa-nylon-mascota-cuerda\/\" \/>\n<meta property=\"og:site_name\" content=\"18pet.com\" \/>\n<meta property=\"article:modified_time\" content=\"2025-03-23T14:00:29+00:00\" \/>\n<meta property=\"og:image\" content=\"https:\/\/18pet.com\/wp-content\/uploads\/2023\/05\/649214278-1.jpg\" \/>\n\t<meta property=\"og:image:width\" content=\"1000\" \/>\n\t<meta property=\"og:image:height\" content=\"1000\" \/>\n\t<meta property=\"og:image:type\" content=\"image\/jpeg\" \/>\n<meta name=\"twitter:card\" content=\"summary_large_image\" \/>\n<meta name=\"twitter:label1\" content=\"Tiempo de lectura\" \/>\n\t<meta name=\"twitter:data1\" content=\"1 minuto\" \/>\n<script type=\"application\/ld+json\" class=\"yoast-schema-graph\">{\"@context\":\"https:\/\/schema.org\",\"@graph\":[{\"@type\":\"WebPage\",\"@id\":\"https:\/\/18pet.com\/product\/solid-dog-leash-nylon-pet-rope\/\",\"url\":\"https:\/\/18pet.com\/product\/solid-dog-leash-nylon-pet-rope\/\",\"name\":\"Solid Dog Leash Nylon Pet Rope &#8212; 18pet.com\",\"isPartOf\":{\"@id\":\"https:\/\/18pet.com\/id\/#website\"},\"primaryImageOfPage\":{\"@id\":\"https:\/\/18pet.com\/product\/solid-dog-leash-nylon-pet-rope\/#primaryimage\"},\"image\":{\"@id\":\"https:\/\/18pet.com\/product\/solid-dog-leash-nylon-pet-rope\/#primaryimage\"},\"thumbnailUrl\":\"https:\/\/18pet.com\/wp-content\/uploads\/2023\/05\/649214278-1.jpg\",\"datePublished\":\"2022-05-03T12:53:36+00:00\",\"dateModified\":\"2025-03-23T14:00:29+00:00\",\"breadcrumb\":{\"@id\":\"https:\/\/18pet.com\/product\/solid-dog-leash-nylon-pet-rope\/#breadcrumb\"},\"inLanguage\":\"es\",\"potentialAction\":[{\"@type\":\"ReadAction\",\"target\":[\"https:\/\/18pet.com\/product\/solid-dog-leash-nylon-pet-rope\/\"]}]},{\"@type\":\"ImageObject\",\"inLanguage\":\"es\",\"@id\":\"https:\/\/18pet.com\/product\/solid-dog-leash-nylon-pet-rope\/#primaryimage\",\"url\":\"https:\/\/18pet.com\/wp-content\/uploads\/2023\/05\/649214278-1.jpg\",\"contentUrl\":\"https:\/\/18pet.com\/wp-content\/uploads\/2023\/05\/649214278-1.jpg\",\"width\":1000,\"height\":1000,\"caption\":\"Solid Dog Leash Nylon Pet Rope 1\"},{\"@type\":\"BreadcrumbList\",\"@id\":\"https:\/\/18pet.com\/product\/solid-dog-leash-nylon-pet-rope\/#breadcrumb\",\"itemListElement\":[{\"@type\":\"ListItem\",\"position\":1,\"name\":\"Home\",\"item\":\"https:\/\/18pet.com\/\"},{\"@type\":\"ListItem\",\"position\":2,\"name\":\"Products\",\"item\":\"https:\/\/18pet.com\/tr\/products\/\"},{\"@type\":\"ListItem\",\"position\":3,\"name\":\"Solid Dog Leash Nylon Pet Rope\"}]},{\"@type\":\"WebSite\",\"@id\":\"https:\/\/18pet.com\/id\/#website\",\"url\":\"https:\/\/18pet.com\/id\/\",\"name\":\"18pet.com\",\"description\":\"Your pet supplies center\",\"publisher\":{\"@id\":\"https:\/\/18pet.com\/id\/#organization\"},\"potentialAction\":[{\"@type\":\"SearchAction\",\"target\":{\"@type\":\"EntryPoint\",\"urlTemplate\":\"https:\/\/18pet.com\/id\/?s={search_term_string}\"},\"query-input\":{\"@type\":\"PropertyValueSpecification\",\"valueRequired\":true,\"valueName\":\"search_term_string\"}}],\"inLanguage\":\"es\"},{\"@type\":\"Organization\",\"@id\":\"https:\/\/18pet.com\/id\/#organization\",\"name\":\"18pet.com\",\"url\":\"https:\/\/18pet.com\/id\/\",\"logo\":{\"@type\":\"ImageObject\",\"inLanguage\":\"es\",\"@id\":\"https:\/\/18pet.com\/id\/#\/schema\/logo\/image\/\",\"url\":\"https:\/\/18pet.com\/wp-content\/uploads\/2023\/04\/18pet-white-background.png\",\"contentUrl\":\"https:\/\/18pet.com\/wp-content\/uploads\/2023\/04\/18pet-white-background.png\",\"width\":515,\"height\":167,\"caption\":\"18pet.com\"},\"image\":{\"@id\":\"https:\/\/18pet.com\/id\/#\/schema\/logo\/image\/\"}}]}<\/script>\n<!-- \/ Yoast SEO plugin. -->","yoast_head_json":{"title":"Solid Dog Leash Nylon Pet Rope &#8212; 18pet.com","robots":{"index":"index","follow":"follow","max-snippet":"max-snippet:-1","max-image-preview":"max-image-preview:large","max-video-preview":"max-video-preview:-1"},"canonical":"https:\/\/18pet.com\/es\/producto\/solida-perro-correa-nylon-mascota-cuerda\/","og_locale":"es_ES","og_type":"article","og_title":"Solid Dog Leash Nylon Pet Rope &#8212; 18pet.com","og_description":"Durable: Solid rope, wear-resistant and durable. Comfortable: Sponge handle; Easy to use. Suitable for both cats and dogs: Please choose the appropriate thickness of rope according to the instructions on the details page.","og_url":"https:\/\/18pet.com\/es\/producto\/solida-perro-correa-nylon-mascota-cuerda\/","og_site_name":"18pet.com","article_modified_time":"2025-03-23T14:00:29+00:00","og_image":[{"width":1000,"height":1000,"url":"https:\/\/18pet.com\/wp-content\/uploads\/2023\/05\/649214278-1.jpg","type":"image\/jpeg"}],"twitter_card":"summary_large_image","twitter_misc":{"Tiempo de lectura":"1 minuto"},"schema":{"@context":"https:\/\/schema.org","@graph":[{"@type":"WebPage","@id":"https:\/\/18pet.com\/product\/solid-dog-leash-nylon-pet-rope\/","url":"https:\/\/18pet.com\/product\/solid-dog-leash-nylon-pet-rope\/","name":"Solid Dog Leash Nylon Pet Rope &#8212; 18pet.com","isPartOf":{"@id":"https:\/\/18pet.com\/id\/#website"},"primaryImageOfPage":{"@id":"https:\/\/18pet.com\/product\/solid-dog-leash-nylon-pet-rope\/#primaryimage"},"image":{"@id":"https:\/\/18pet.com\/product\/solid-dog-leash-nylon-pet-rope\/#primaryimage"},"thumbnailUrl":"https:\/\/18pet.com\/wp-content\/uploads\/2023\/05\/649214278-1.jpg","datePublished":"2022-05-03T12:53:36+00:00","dateModified":"2025-03-23T14:00:29+00:00","breadcrumb":{"@id":"https:\/\/18pet.com\/product\/solid-dog-leash-nylon-pet-rope\/#breadcrumb"},"inLanguage":"es","potentialAction":[{"@type":"ReadAction","target":["https:\/\/18pet.com\/product\/solid-dog-leash-nylon-pet-rope\/"]}]},{"@type":"ImageObject","inLanguage":"es","@id":"https:\/\/18pet.com\/product\/solid-dog-leash-nylon-pet-rope\/#primaryimage","url":"https:\/\/18pet.com\/wp-content\/uploads\/2023\/05\/649214278-1.jpg","contentUrl":"https:\/\/18pet.com\/wp-content\/uploads\/2023\/05\/649214278-1.jpg","width":1000,"height":1000,"caption":"Solid Dog Leash Nylon Pet Rope 1"},{"@type":"BreadcrumbList","@id":"https:\/\/18pet.com\/product\/solid-dog-leash-nylon-pet-rope\/#breadcrumb","itemListElement":[{"@type":"ListItem","position":1,"name":"Home","item":"https:\/\/18pet.com\/"},{"@type":"ListItem","position":2,"name":"Products","item":"https:\/\/18pet.com\/tr\/products\/"},{"@type":"ListItem","position":3,"name":"Solid Dog Leash Nylon Pet Rope"}]},{"@type":"WebSite","@id":"https:\/\/18pet.com\/id\/#website","url":"https:\/\/18pet.com\/id\/","name":"18pet.com","description":"Your pet supplies center","publisher":{"@id":"https:\/\/18pet.com\/id\/#organization"},"potentialAction":[{"@type":"SearchAction","target":{"@type":"EntryPoint","urlTemplate":"https:\/\/18pet.com\/id\/?s={search_term_string}"},"query-input":{"@type":"PropertyValueSpecification","valueRequired":true,"valueName":"search_term_string"}}],"inLanguage":"es"},{"@type":"Organization","@id":"https:\/\/18pet.com\/id\/#organization","name":"18pet.com","url":"https:\/\/18pet.com\/id\/","logo":{"@type":"ImageObject","inLanguage":"es","@id":"https:\/\/18pet.com\/id\/#\/schema\/logo\/image\/","url":"https:\/\/18pet.com\/wp-content\/uploads\/2023\/04\/18pet-white-background.png","contentUrl":"https:\/\/18pet.com\/wp-content\/uploads\/2023\/04\/18pet-white-background.png","width":515,"height":167,"caption":"18pet.com"},"image":{"@id":"https:\/\/18pet.com\/id\/#\/schema\/logo\/image\/"}}]}},"jetpack_sharing_enabled":true,"_links":{"self":[{"href":"https:\/\/18pet.com\/es\/wp-json\/wp\/v2\/product\/3452","targetHints":{"allow":["GET"]}}],"collection":[{"href":"https:\/\/18pet.com\/es\/wp-json\/wp\/v2\/product"}],"about":[{"href":"https:\/\/18pet.com\/es\/wp-json\/wp\/v2\/types\/product"}],"replies":[{"embeddable":true,"href":"https:\/\/18pet.com\/es\/wp-json\/wp\/v2\/comments?post=3452"}],"wp:featuredmedia":[{"embeddable":true,"href":"https:\/\/18pet.com\/es\/wp-json\/wp\/v2\/media\/3453"}],"wp:attachment":[{"href":"https:\/\/18pet.com\/es\/wp-json\/wp\/v2\/media?parent=3452"}],"wp:term":[{"taxonomy":"product_brand","embeddable":true,"href":"https:\/\/18pet.com\/es\/wp-json\/wp\/v2\/product_brand?post=3452"},{"taxonomy":"product_cat","embeddable":true,"href":"https:\/\/18pet.com\/es\/wp-json\/wp\/v2\/product_cat?post=3452"},{"taxonomy":"product_tag","embeddable":true,"href":"https:\/\/18pet.com\/es\/wp-json\/wp\/v2\/product_tag?post=3452"}],"curies":[{"name":"wp","href":"https:\/\/api.w.org\/{rel}","templated":true}]}}