{"id":3384,"date":"2022-05-03T10:06:29","date_gmt":"2022-05-03T10:06:29","guid":{"rendered":"https:\/\/18pet.com\/?post_type=product&#038;p=3384"},"modified":"2025-03-23T14:00:27","modified_gmt":"2025-03-23T14:00:27","slug":"long-dog-leash-rope","status":"publish","type":"product","link":"https:\/\/18pet.com\/es\/producto\/cuerda-correa-larga-para-perro\/","title":{"rendered":"<p>Cuerda larga para correa de perro<\/p>"},"content":{"rendered":"<p><strong>Nueva cuerda larga para correa de perro con mango de esponja c\u00f3modo<\/strong><div style=\"width: 100%\">\n<div style=\"width: 1280px;\" class=\"wp-video\"><video class=\"wp-video-shortcode\" id=\"video-3384-1\" width=\"1280\" height=\"720\" preload=\"metadata\" controls=\"controls\"><source type=\"video\/mp4\" src=\"https:\/\/18pet.com\/wp-content\/uploads\/2023\/05\/dog-leash.mp4?_=1\"><\/source><a href=\"https:\/\/18pet.com\/wp-content\/uploads\/2023\/05\/dog-leash.mp4\">https:\/\/18pet.com\/wp-content\/uploads\/2023\/05\/dog-leash.mp4<\/a><\/video><\/div>\n<\/div><p><img decoding=\"async\" class=\"img-responsive\" src=\"https:\/\/18pet.com\/wp-content\/uploads\/2023\/05\/2003746099-1.jpg\"><\/p><h3>CARACTER\u00cdSTICA<\/h3><p>Esta correa para mascotas est\u00e1 hecha de nailon, resistente y duradera, adecuada para cachorros, perros peque\u00f1os, medianos y grandes. Versi\u00f3n mejorada del mango c\u00f3modo de la esponja, sin restricciones. Gancho de metal giratorio de 360 grados, duradero. Una variedad de longitudes opcionales: 1,2 m \/ 1,5 m \/ 1,8 m \/ 3 m \/ 4,5 m \/ 6 m \/ 10 m, adecuado para la cuerda de plomo para perros en interiores y exteriores. Una correa para mascotas es necesaria para que las mascotas salgan al aire libre.<\/p><h3>PAR\u00c1METRO<\/h3><p>PRODUCTO: alargar la cuerda de la correa para mascotas<br>\nMATERIAL:PP (imitaci\u00f3n nailon) + gancho de aleaci\u00f3n de zinc<br>\nCOLOR: azul, negro, rojo, verde, rosa.<br>\nTAMA\u00d1O: ancho 2 cm, largo 1,2 m\/1,5 m\/1,8 m\/3 m\/4,5 m\/6 m\/10 m<br>\nUSO PARA: cachorros, perros peque\u00f1os, medianos y grandes<\/p><h3>DETALLE<\/h3><p>01. mango c\u00f3modo<br>\n02. material de nailon de imitaci\u00f3n<br>\n03 duradero<br>\n04. Gancho de aleaci\u00f3n de zinc<\/p><p><img decoding=\"async\" class=\"img-responsive\" src=\"https:\/\/18pet.com\/wp-content\/uploads\/2023\/05\/906378842-1.jpg\"><br>\n<img decoding=\"async\" class=\"img-responsive\" src=\"https:\/\/18pet.com\/wp-content\/uploads\/2023\/05\/45355815-1.jpg\"><br>\n<img decoding=\"async\" class=\"img-responsive\" src=\"https:\/\/18pet.com\/wp-content\/uploads\/2023\/05\/37981351-1.jpg\"><\/p><p>ESPECT\u00c1CULO<\/p><p><img decoding=\"async\" class=\"img-responsive\" src=\"https:\/\/18pet.com\/wp-content\/uploads\/2023\/05\/1554354347-1.jpg\"><br>\n<img decoding=\"async\" class=\"img-responsive\" src=\"https:\/\/18pet.com\/wp-content\/uploads\/2023\/05\/269593965-1.jpg\"><br>\n<img decoding=\"async\" class=\"img-responsive\" src=\"https:\/\/18pet.com\/wp-content\/uploads\/2023\/05\/846324804-1.jpg\"><br>\n<img decoding=\"async\" class=\"img-responsive\" src=\"https:\/\/18pet.com\/wp-content\/uploads\/2023\/05\/41132732-1.jpg\"><\/p><p>COLOR<\/p><p><img decoding=\"async\" class=\"img-responsive\" src=\"https:\/\/18pet.com\/wp-content\/uploads\/2023\/05\/1529699534-1.jpg\"><br>\n<img decoding=\"async\" class=\"img-responsive\" src=\"https:\/\/18pet.com\/wp-content\/uploads\/2023\/05\/531617937-1.jpg\"><br>\n<img decoding=\"async\" class=\"img-responsive\" src=\"https:\/\/18pet.com\/wp-content\/uploads\/2023\/05\/1626587059-1.jpg\"><br>\n<img decoding=\"async\" class=\"img-responsive\" src=\"https:\/\/18pet.com\/wp-content\/uploads\/2023\/05\/1013582712-1.jpg\"><br>\n<img decoding=\"async\" class=\"img-responsive\" src=\"https:\/\/18pet.com\/wp-content\/uploads\/2023\/05\/1143131048-1.jpg\"><\/p><\/p>","protected":false},"excerpt":{"rendered":"<p><span style=\"color: #ff0000\"><strong>Cuerda larga para correa de perro <\/strong><\/span><p><span style=\"color: #ff0000\"><strong>Con c\u00f3modo mango de esponja.<\/strong><\/span><\/p><\/p>","protected":false},"featured_media":3385,"comment_status":"open","ping_status":"closed","template":"","meta":[],"product_brand":[],"product_cat":[114],"product_tag":[244,286],"class_list":{"0":"post-3384","1":"product","2":"type-product","3":"status-publish","4":"has-post-thumbnail","6":"product_cat-leashes","7":"product_tag-dog","8":"product_tag-leashes","9":"pa_color-black-handle","10":"pa_color-blue-handle","11":"pa_color-green-handle","12":"pa_color-pink-handle","13":"pa_color-red-handle","14":"pa_size-1-2m","15":"pa_size-1-5m","16":"pa_size-1-8m","17":"pa_size-10m","18":"pa_size-3m","19":"pa_size-4-5m","20":"pa_size-6m","22":"first","23":"instock","24":"sale","25":"taxable","26":"shipping-taxable","27":"purchasable","28":"product-type-variable"},"yoast_head":"<!-- This site is optimized with the Yoast SEO plugin v25.0 - https:\/\/yoast.com\/wordpress\/plugins\/seo\/ -->\n<title>Long Dog Leash Rope &#8212; 18pet.com<\/title>\n<meta name=\"robots\" content=\"index, follow, max-snippet:-1, max-image-preview:large, max-video-preview:-1\" \/>\n<link rel=\"canonical\" href=\"https:\/\/18pet.com\/es\/producto\/cuerda-correa-larga-para-perro\/\" \/>\n<meta property=\"og:locale\" content=\"es_ES\" \/>\n<meta property=\"og:type\" content=\"article\" \/>\n<meta property=\"og:title\" content=\"Long Dog Leash Rope &#8212; 18pet.com\" \/>\n<meta property=\"og:description\" content=\"Long Dog Leash Rope   With Comfortable Sponge Handle\" \/>\n<meta property=\"og:url\" content=\"https:\/\/18pet.com\/es\/producto\/cuerda-correa-larga-para-perro\/\" \/>\n<meta property=\"og:site_name\" content=\"18pet.com\" \/>\n<meta property=\"article:modified_time\" content=\"2025-03-23T14:00:27+00:00\" \/>\n<meta property=\"og:image\" content=\"https:\/\/18pet.com\/wp-content\/uploads\/2023\/05\/611639437-1.jpg\" \/>\n\t<meta property=\"og:image:width\" content=\"800\" \/>\n\t<meta property=\"og:image:height\" content=\"800\" \/>\n\t<meta property=\"og:image:type\" content=\"image\/jpeg\" \/>\n<meta name=\"twitter:card\" content=\"summary_large_image\" \/>\n<meta name=\"twitter:label1\" content=\"Tiempo de lectura\" \/>\n\t<meta name=\"twitter:data1\" content=\"1 minuto\" \/>\n<script type=\"application\/ld+json\" class=\"yoast-schema-graph\">{\"@context\":\"https:\/\/schema.org\",\"@graph\":[{\"@type\":\"WebPage\",\"@id\":\"https:\/\/18pet.com\/product\/long-dog-leash-rope\/\",\"url\":\"https:\/\/18pet.com\/product\/long-dog-leash-rope\/\",\"name\":\"Long Dog Leash Rope &#8212; 18pet.com\",\"isPartOf\":{\"@id\":\"https:\/\/18pet.com\/id\/#website\"},\"primaryImageOfPage\":{\"@id\":\"https:\/\/18pet.com\/product\/long-dog-leash-rope\/#primaryimage\"},\"image\":{\"@id\":\"https:\/\/18pet.com\/product\/long-dog-leash-rope\/#primaryimage\"},\"thumbnailUrl\":\"https:\/\/18pet.com\/wp-content\/uploads\/2023\/05\/611639437-1.jpg\",\"datePublished\":\"2022-05-03T10:06:29+00:00\",\"dateModified\":\"2025-03-23T14:00:27+00:00\",\"breadcrumb\":{\"@id\":\"https:\/\/18pet.com\/product\/long-dog-leash-rope\/#breadcrumb\"},\"inLanguage\":\"es\",\"potentialAction\":[{\"@type\":\"ReadAction\",\"target\":[\"https:\/\/18pet.com\/product\/long-dog-leash-rope\/\"]}]},{\"@type\":\"ImageObject\",\"inLanguage\":\"es\",\"@id\":\"https:\/\/18pet.com\/product\/long-dog-leash-rope\/#primaryimage\",\"url\":\"https:\/\/18pet.com\/wp-content\/uploads\/2023\/05\/611639437-1.jpg\",\"contentUrl\":\"https:\/\/18pet.com\/wp-content\/uploads\/2023\/05\/611639437-1.jpg\",\"width\":800,\"height\":800,\"caption\":\"Long Dog Leash Rope 1\"},{\"@type\":\"BreadcrumbList\",\"@id\":\"https:\/\/18pet.com\/product\/long-dog-leash-rope\/#breadcrumb\",\"itemListElement\":[{\"@type\":\"ListItem\",\"position\":1,\"name\":\"Home\",\"item\":\"https:\/\/18pet.com\/\"},{\"@type\":\"ListItem\",\"position\":2,\"name\":\"Products\",\"item\":\"https:\/\/18pet.com\/tr\/products\/\"},{\"@type\":\"ListItem\",\"position\":3,\"name\":\"Long Dog Leash Rope\"}]},{\"@type\":\"WebSite\",\"@id\":\"https:\/\/18pet.com\/id\/#website\",\"url\":\"https:\/\/18pet.com\/id\/\",\"name\":\"18pet.com\",\"description\":\"Your pet supplies center\",\"publisher\":{\"@id\":\"https:\/\/18pet.com\/id\/#organization\"},\"potentialAction\":[{\"@type\":\"SearchAction\",\"target\":{\"@type\":\"EntryPoint\",\"urlTemplate\":\"https:\/\/18pet.com\/id\/?s={search_term_string}\"},\"query-input\":{\"@type\":\"PropertyValueSpecification\",\"valueRequired\":true,\"valueName\":\"search_term_string\"}}],\"inLanguage\":\"es\"},{\"@type\":\"Organization\",\"@id\":\"https:\/\/18pet.com\/id\/#organization\",\"name\":\"18pet.com\",\"url\":\"https:\/\/18pet.com\/id\/\",\"logo\":{\"@type\":\"ImageObject\",\"inLanguage\":\"es\",\"@id\":\"https:\/\/18pet.com\/id\/#\/schema\/logo\/image\/\",\"url\":\"https:\/\/18pet.com\/wp-content\/uploads\/2023\/04\/18pet-white-background.png\",\"contentUrl\":\"https:\/\/18pet.com\/wp-content\/uploads\/2023\/04\/18pet-white-background.png\",\"width\":515,\"height\":167,\"caption\":\"18pet.com\"},\"image\":{\"@id\":\"https:\/\/18pet.com\/id\/#\/schema\/logo\/image\/\"}}]}<\/script>\n<!-- \/ Yoast SEO plugin. -->","yoast_head_json":{"title":"Long Dog Leash Rope &#8212; 18pet.com","robots":{"index":"index","follow":"follow","max-snippet":"max-snippet:-1","max-image-preview":"max-image-preview:large","max-video-preview":"max-video-preview:-1"},"canonical":"https:\/\/18pet.com\/es\/producto\/cuerda-correa-larga-para-perro\/","og_locale":"es_ES","og_type":"article","og_title":"Long Dog Leash Rope &#8212; 18pet.com","og_description":"Long Dog Leash Rope   With Comfortable Sponge Handle","og_url":"https:\/\/18pet.com\/es\/producto\/cuerda-correa-larga-para-perro\/","og_site_name":"18pet.com","article_modified_time":"2025-03-23T14:00:27+00:00","og_image":[{"width":800,"height":800,"url":"https:\/\/18pet.com\/wp-content\/uploads\/2023\/05\/611639437-1.jpg","type":"image\/jpeg"}],"twitter_card":"summary_large_image","twitter_misc":{"Tiempo de lectura":"1 minuto"},"schema":{"@context":"https:\/\/schema.org","@graph":[{"@type":"WebPage","@id":"https:\/\/18pet.com\/product\/long-dog-leash-rope\/","url":"https:\/\/18pet.com\/product\/long-dog-leash-rope\/","name":"Long Dog Leash Rope &#8212; 18pet.com","isPartOf":{"@id":"https:\/\/18pet.com\/id\/#website"},"primaryImageOfPage":{"@id":"https:\/\/18pet.com\/product\/long-dog-leash-rope\/#primaryimage"},"image":{"@id":"https:\/\/18pet.com\/product\/long-dog-leash-rope\/#primaryimage"},"thumbnailUrl":"https:\/\/18pet.com\/wp-content\/uploads\/2023\/05\/611639437-1.jpg","datePublished":"2022-05-03T10:06:29+00:00","dateModified":"2025-03-23T14:00:27+00:00","breadcrumb":{"@id":"https:\/\/18pet.com\/product\/long-dog-leash-rope\/#breadcrumb"},"inLanguage":"es","potentialAction":[{"@type":"ReadAction","target":["https:\/\/18pet.com\/product\/long-dog-leash-rope\/"]}]},{"@type":"ImageObject","inLanguage":"es","@id":"https:\/\/18pet.com\/product\/long-dog-leash-rope\/#primaryimage","url":"https:\/\/18pet.com\/wp-content\/uploads\/2023\/05\/611639437-1.jpg","contentUrl":"https:\/\/18pet.com\/wp-content\/uploads\/2023\/05\/611639437-1.jpg","width":800,"height":800,"caption":"Long Dog Leash Rope 1"},{"@type":"BreadcrumbList","@id":"https:\/\/18pet.com\/product\/long-dog-leash-rope\/#breadcrumb","itemListElement":[{"@type":"ListItem","position":1,"name":"Home","item":"https:\/\/18pet.com\/"},{"@type":"ListItem","position":2,"name":"Products","item":"https:\/\/18pet.com\/tr\/products\/"},{"@type":"ListItem","position":3,"name":"Long Dog Leash Rope"}]},{"@type":"WebSite","@id":"https:\/\/18pet.com\/id\/#website","url":"https:\/\/18pet.com\/id\/","name":"18pet.com","description":"Your pet supplies center","publisher":{"@id":"https:\/\/18pet.com\/id\/#organization"},"potentialAction":[{"@type":"SearchAction","target":{"@type":"EntryPoint","urlTemplate":"https:\/\/18pet.com\/id\/?s={search_term_string}"},"query-input":{"@type":"PropertyValueSpecification","valueRequired":true,"valueName":"search_term_string"}}],"inLanguage":"es"},{"@type":"Organization","@id":"https:\/\/18pet.com\/id\/#organization","name":"18pet.com","url":"https:\/\/18pet.com\/id\/","logo":{"@type":"ImageObject","inLanguage":"es","@id":"https:\/\/18pet.com\/id\/#\/schema\/logo\/image\/","url":"https:\/\/18pet.com\/wp-content\/uploads\/2023\/04\/18pet-white-background.png","contentUrl":"https:\/\/18pet.com\/wp-content\/uploads\/2023\/04\/18pet-white-background.png","width":515,"height":167,"caption":"18pet.com"},"image":{"@id":"https:\/\/18pet.com\/id\/#\/schema\/logo\/image\/"}}]}},"jetpack_sharing_enabled":true,"_links":{"self":[{"href":"https:\/\/18pet.com\/es\/wp-json\/wp\/v2\/product\/3384","targetHints":{"allow":["GET"]}}],"collection":[{"href":"https:\/\/18pet.com\/es\/wp-json\/wp\/v2\/product"}],"about":[{"href":"https:\/\/18pet.com\/es\/wp-json\/wp\/v2\/types\/product"}],"replies":[{"embeddable":true,"href":"https:\/\/18pet.com\/es\/wp-json\/wp\/v2\/comments?post=3384"}],"wp:featuredmedia":[{"embeddable":true,"href":"https:\/\/18pet.com\/es\/wp-json\/wp\/v2\/media\/3385"}],"wp:attachment":[{"href":"https:\/\/18pet.com\/es\/wp-json\/wp\/v2\/media?parent=3384"}],"wp:term":[{"taxonomy":"product_brand","embeddable":true,"href":"https:\/\/18pet.com\/es\/wp-json\/wp\/v2\/product_brand?post=3384"},{"taxonomy":"product_cat","embeddable":true,"href":"https:\/\/18pet.com\/es\/wp-json\/wp\/v2\/product_cat?post=3384"},{"taxonomy":"product_tag","embeddable":true,"href":"https:\/\/18pet.com\/es\/wp-json\/wp\/v2\/product_tag?post=3384"}],"curies":[{"name":"wp","href":"https:\/\/api.w.org\/{rel}","templated":true}]}}