{"id":3340,"date":"2022-05-03T08:10:17","date_gmt":"2022-05-03T08:10:17","guid":{"rendered":"https:\/\/18pet.com\/?post_type=product&#038;p=3340"},"modified":"2025-03-23T12:58:32","modified_gmt":"2025-03-23T12:58:32","slug":"automatic-retractable-dog-traction-rope-dog-leash","status":"publish","type":"product","link":"https:\/\/18pet.com\/es\/producto\/automatica-retractil-perro-traccion-cuerda-correa-perro\/","title":{"rendered":"<p>Correa de perro de cuerda de tracci\u00f3n de perro retr\u00e1ctil autom\u00e1tica<\/p>"},"content":{"rendered":"<h2><span style=\"color: #ff0000\">Como escoger:<\/span><p><span style=\"color: #ff0000\">3M<\/span>: 3 m es adecuado para mascotas con un peso de hasta 15 KG, longitud de la correa de 3 M<br>\n<span style=\"color: #ff0000\">5M<\/span> :5m es adecuado para mascotas con un peso de hasta 25KG, correa de 5M de longitud<\/p><h2>Bot\u00f3n de freno patentado:<\/h2><p>Bot\u00f3n de freno de punto, dise\u00f1o antideslizante de cara ancha que mejora la comodidad del pulgar, sistema de freno patentado, material resistente a tirones fuertes, respuesta r\u00e1pida, bot\u00f3n tonto de un bot\u00f3n, en l\u00ednea con la operaci\u00f3n de reflexi\u00f3n condicional del cuerpo humano en situaciones de emergencia.<\/p><h2>ABS resistente a la c\u00e1scara fuerte?<\/h2><p>El cuerpo principal de la carcasa del fuselaje est\u00e1 hecho de material ABS de alta resistencia, y el interior de la carcasa est\u00e1 conectado de forma fija mediante 14 pernos met\u00e1licos resistentes a la corrosi\u00f3n, combinados con tecnolog\u00eda de prensado ultras\u00f3nico, que es fuerte y resistente a ca\u00eddas.<\/p><h2>\u00bfDise\u00f1o ergon\u00f3mico de mango de goma suave?<\/h2><p>El mango es ergon\u00f3mico y aerodin\u00e1mico, combinado con un proceso de caucho relleno de caucho suave y respetuoso con el medio ambiente para un agarre c\u00f3modo.<\/p><h2>Cincha de alta resistencia y antidesgaste:<\/h2><p>Fuerza de tracci\u00f3n m\u00e1xima est\u00e1ndar de m\u00e1s de cinco veces el valor nominal alta resistencia a la tracci\u00f3n, antidesgaste, no es f\u00e1cil de rebabas, correas y color de la carcasa, moda y combinaci\u00f3n de valores de color.<\/p><h2>Gancho de electroforesis anticorrosi\u00f3n mejorado:<\/h2><p>Adopta el gancho de electroforesis de protecci\u00f3n ambiental mejorado, que es resistente a la corrosi\u00f3n por niebla salina y no es f\u00e1cil de oxidar. Se puede usar f\u00e1cilmente con el cuello y el pecho hacia atr\u00e1s.<\/p><p align=\"center\"><img decoding=\"async\" class=\"img-responsive\" src=\"https:\/\/18pet.com\/wp-content\/uploads\/2023\/05\/2051948329-1.jpg\"><img decoding=\"async\" class=\"img-responsive\" src=\"https:\/\/18pet.com\/wp-content\/uploads\/2023\/05\/834587198-1.jpg\"><img decoding=\"async\" class=\"img-responsive\" src=\"https:\/\/18pet.com\/wp-content\/uploads\/2023\/05\/1264309890-1.jpg\"><img decoding=\"async\" class=\"img-responsive\" src=\"https:\/\/18pet.com\/wp-content\/uploads\/2023\/05\/1208886570-1.jpg\"><img decoding=\"async\" class=\"img-responsive\" src=\"https:\/\/18pet.com\/wp-content\/uploads\/2023\/05\/1990431932-1.jpg\"><img decoding=\"async\" class=\"img-responsive\" src=\"https:\/\/18pet.com\/wp-content\/uploads\/2023\/05\/1727437834-1.jpg\"><img decoding=\"async\" class=\"img-responsive\" src=\"https:\/\/18pet.com\/wp-content\/uploads\/2023\/05\/1312003729-1.jpg\"><img decoding=\"async\" class=\"img-responsive\" src=\"https:\/\/18pet.com\/wp-content\/uploads\/2023\/05\/938249656-1.jpg\"><img decoding=\"async\" class=\"img-responsive\" src=\"https:\/\/18pet.com\/wp-content\/uploads\/2023\/05\/1085178089-1.jpg\"><img decoding=\"async\" class=\"img-responsive\" src=\"https:\/\/18pet.com\/wp-content\/uploads\/2023\/05\/1504917139-1.jpg\"><img decoding=\"async\" class=\"img-responsive\" src=\"https:\/\/18pet.com\/wp-content\/uploads\/2023\/05\/654055404-1.jpg\"><img decoding=\"async\" class=\"img-responsive\" src=\"https:\/\/18pet.com\/wp-content\/uploads\/2023\/05\/1609163459-1.jpg\"><img decoding=\"async\" class=\"img-responsive\" src=\"https:\/\/18pet.com\/wp-content\/uploads\/2023\/05\/218251162-1.jpg\"><img decoding=\"async\" class=\"img-responsive\" src=\"https:\/\/18pet.com\/wp-content\/uploads\/2023\/05\/439712414-1.jpg\"><img decoding=\"async\" class=\"img-responsive\" src=\"https:\/\/18pet.com\/wp-content\/uploads\/2023\/05\/1390722026-1.jpg\"><\/p><\/h2>","protected":false},"excerpt":{"rendered":"<h2><span style=\"color: #ff0000\">3M<\/span>: 3m es adecuado para mascotas con un peso de hasta 15 kg, correa de 3 m de longitud.<br>\n<span style=\"color: #ff0000\">5M<\/span> : 5 m es adecuado para mascotas con un peso de hasta 25 kg, correa de 5 m de longitud.<h2><span style=\"color: #ff0000\">Caracter\u00edstica<\/span> :Se puede extender y acortar, lo que facilita su uso.<\/h2><\/h2>","protected":false},"featured_media":3380,"comment_status":"open","ping_status":"closed","template":"","meta":[],"product_brand":[],"product_cat":[114],"product_tag":[244,286],"class_list":{"0":"post-3340","1":"product","2":"type-product","3":"status-publish","4":"has-post-thumbnail","6":"product_cat-leashes","7":"product_tag-dog","8":"product_tag-leashes","9":"pa_color-blue","10":"pa_color-coffee","11":"pa_color-dark-blue","12":"pa_color-dark-grey","13":"pa_color-purple","14":"pa_color-red","15":"pa_size-3m-15kg","16":"pa_size-5m-25kg","18":"first","19":"instock","20":"sale","21":"taxable","22":"shipping-taxable","23":"purchasable","24":"product-type-variable"},"yoast_head":"<!-- This site is optimized with the Yoast SEO plugin v25.0 - https:\/\/yoast.com\/wordpress\/plugins\/seo\/ -->\n<title>Automatic Retractable Dog Traction Rope Dog Leash &#8212; 18pet.com<\/title>\n<meta name=\"robots\" content=\"index, follow, max-snippet:-1, max-image-preview:large, max-video-preview:-1\" \/>\n<link rel=\"canonical\" href=\"https:\/\/18pet.com\/es\/producto\/automatica-retractil-perro-traccion-cuerda-correa-perro\/\" \/>\n<meta property=\"og:locale\" content=\"es_ES\" \/>\n<meta property=\"og:type\" content=\"article\" \/>\n<meta property=\"og:title\" content=\"Automatic Retractable Dog Traction Rope Dog Leash &#8212; 18pet.com\" \/>\n<meta property=\"og:description\" content=\"3M: 3m is suitable for pet weight up to 15KG, leash length 3M. 5M :5m is suitable for pet weight up to 25KG, leash length 5M. Feature :It can be extended and shortened, making it easy to use.\" \/>\n<meta property=\"og:url\" content=\"https:\/\/18pet.com\/es\/producto\/automatica-retractil-perro-traccion-cuerda-correa-perro\/\" \/>\n<meta property=\"og:site_name\" content=\"18pet.com\" \/>\n<meta property=\"article:modified_time\" content=\"2025-03-23T12:58:32+00:00\" \/>\n<meta property=\"og:image\" content=\"https:\/\/18pet.com\/wp-content\/uploads\/2023\/05\/1783558209-1.png\" \/>\n\t<meta property=\"og:image:width\" content=\"1000\" \/>\n\t<meta property=\"og:image:height\" content=\"1000\" \/>\n\t<meta property=\"og:image:type\" content=\"image\/png\" \/>\n<meta name=\"twitter:card\" content=\"summary_large_image\" \/>\n<meta name=\"twitter:label1\" content=\"Tiempo de lectura\" \/>\n\t<meta name=\"twitter:data1\" content=\"1 minuto\" \/>\n<script type=\"application\/ld+json\" class=\"yoast-schema-graph\">{\"@context\":\"https:\/\/schema.org\",\"@graph\":[{\"@type\":\"WebPage\",\"@id\":\"https:\/\/18pet.com\/product\/automatic-retractable-dog-traction-rope-dog-leash\/\",\"url\":\"https:\/\/18pet.com\/product\/automatic-retractable-dog-traction-rope-dog-leash\/\",\"name\":\"Automatic Retractable Dog Traction Rope Dog Leash &#8212; 18pet.com\",\"isPartOf\":{\"@id\":\"https:\/\/18pet.com\/id\/#website\"},\"primaryImageOfPage\":{\"@id\":\"https:\/\/18pet.com\/product\/automatic-retractable-dog-traction-rope-dog-leash\/#primaryimage\"},\"image\":{\"@id\":\"https:\/\/18pet.com\/product\/automatic-retractable-dog-traction-rope-dog-leash\/#primaryimage\"},\"thumbnailUrl\":\"https:\/\/18pet.com\/wp-content\/uploads\/2023\/05\/1783558209-1.png\",\"datePublished\":\"2022-05-03T08:10:17+00:00\",\"dateModified\":\"2025-03-23T12:58:32+00:00\",\"breadcrumb\":{\"@id\":\"https:\/\/18pet.com\/product\/automatic-retractable-dog-traction-rope-dog-leash\/#breadcrumb\"},\"inLanguage\":\"es\",\"potentialAction\":[{\"@type\":\"ReadAction\",\"target\":[\"https:\/\/18pet.com\/product\/automatic-retractable-dog-traction-rope-dog-leash\/\"]}]},{\"@type\":\"ImageObject\",\"inLanguage\":\"es\",\"@id\":\"https:\/\/18pet.com\/product\/automatic-retractable-dog-traction-rope-dog-leash\/#primaryimage\",\"url\":\"https:\/\/18pet.com\/wp-content\/uploads\/2023\/05\/1783558209-1.png\",\"contentUrl\":\"https:\/\/18pet.com\/wp-content\/uploads\/2023\/05\/1783558209-1.png\",\"width\":1000,\"height\":1000},{\"@type\":\"BreadcrumbList\",\"@id\":\"https:\/\/18pet.com\/product\/automatic-retractable-dog-traction-rope-dog-leash\/#breadcrumb\",\"itemListElement\":[{\"@type\":\"ListItem\",\"position\":1,\"name\":\"Home\",\"item\":\"https:\/\/18pet.com\/\"},{\"@type\":\"ListItem\",\"position\":2,\"name\":\"Products\",\"item\":\"https:\/\/18pet.com\/tr\/products\/\"},{\"@type\":\"ListItem\",\"position\":3,\"name\":\"Automatic Retractable Dog Traction Rope Dog Leash\"}]},{\"@type\":\"WebSite\",\"@id\":\"https:\/\/18pet.com\/id\/#website\",\"url\":\"https:\/\/18pet.com\/id\/\",\"name\":\"18pet.com\",\"description\":\"Your pet supplies center\",\"publisher\":{\"@id\":\"https:\/\/18pet.com\/id\/#organization\"},\"potentialAction\":[{\"@type\":\"SearchAction\",\"target\":{\"@type\":\"EntryPoint\",\"urlTemplate\":\"https:\/\/18pet.com\/id\/?s={search_term_string}\"},\"query-input\":{\"@type\":\"PropertyValueSpecification\",\"valueRequired\":true,\"valueName\":\"search_term_string\"}}],\"inLanguage\":\"es\"},{\"@type\":\"Organization\",\"@id\":\"https:\/\/18pet.com\/id\/#organization\",\"name\":\"18pet.com\",\"url\":\"https:\/\/18pet.com\/id\/\",\"logo\":{\"@type\":\"ImageObject\",\"inLanguage\":\"es\",\"@id\":\"https:\/\/18pet.com\/id\/#\/schema\/logo\/image\/\",\"url\":\"https:\/\/18pet.com\/wp-content\/uploads\/2023\/04\/18pet-white-background.png\",\"contentUrl\":\"https:\/\/18pet.com\/wp-content\/uploads\/2023\/04\/18pet-white-background.png\",\"width\":515,\"height\":167,\"caption\":\"18pet.com\"},\"image\":{\"@id\":\"https:\/\/18pet.com\/id\/#\/schema\/logo\/image\/\"}}]}<\/script>\n<!-- \/ Yoast SEO plugin. -->","yoast_head_json":{"title":"Automatic Retractable Dog Traction Rope Dog Leash &#8212; 18pet.com","robots":{"index":"index","follow":"follow","max-snippet":"max-snippet:-1","max-image-preview":"max-image-preview:large","max-video-preview":"max-video-preview:-1"},"canonical":"https:\/\/18pet.com\/es\/producto\/automatica-retractil-perro-traccion-cuerda-correa-perro\/","og_locale":"es_ES","og_type":"article","og_title":"Automatic Retractable Dog Traction Rope Dog Leash &#8212; 18pet.com","og_description":"3M: 3m is suitable for pet weight up to 15KG, leash length 3M. 5M :5m is suitable for pet weight up to 25KG, leash length 5M. Feature :It can be extended and shortened, making it easy to use.","og_url":"https:\/\/18pet.com\/es\/producto\/automatica-retractil-perro-traccion-cuerda-correa-perro\/","og_site_name":"18pet.com","article_modified_time":"2025-03-23T12:58:32+00:00","og_image":[{"width":1000,"height":1000,"url":"https:\/\/18pet.com\/wp-content\/uploads\/2023\/05\/1783558209-1.png","type":"image\/png"}],"twitter_card":"summary_large_image","twitter_misc":{"Tiempo de lectura":"1 minuto"},"schema":{"@context":"https:\/\/schema.org","@graph":[{"@type":"WebPage","@id":"https:\/\/18pet.com\/product\/automatic-retractable-dog-traction-rope-dog-leash\/","url":"https:\/\/18pet.com\/product\/automatic-retractable-dog-traction-rope-dog-leash\/","name":"Automatic Retractable Dog Traction Rope Dog Leash &#8212; 18pet.com","isPartOf":{"@id":"https:\/\/18pet.com\/id\/#website"},"primaryImageOfPage":{"@id":"https:\/\/18pet.com\/product\/automatic-retractable-dog-traction-rope-dog-leash\/#primaryimage"},"image":{"@id":"https:\/\/18pet.com\/product\/automatic-retractable-dog-traction-rope-dog-leash\/#primaryimage"},"thumbnailUrl":"https:\/\/18pet.com\/wp-content\/uploads\/2023\/05\/1783558209-1.png","datePublished":"2022-05-03T08:10:17+00:00","dateModified":"2025-03-23T12:58:32+00:00","breadcrumb":{"@id":"https:\/\/18pet.com\/product\/automatic-retractable-dog-traction-rope-dog-leash\/#breadcrumb"},"inLanguage":"es","potentialAction":[{"@type":"ReadAction","target":["https:\/\/18pet.com\/product\/automatic-retractable-dog-traction-rope-dog-leash\/"]}]},{"@type":"ImageObject","inLanguage":"es","@id":"https:\/\/18pet.com\/product\/automatic-retractable-dog-traction-rope-dog-leash\/#primaryimage","url":"https:\/\/18pet.com\/wp-content\/uploads\/2023\/05\/1783558209-1.png","contentUrl":"https:\/\/18pet.com\/wp-content\/uploads\/2023\/05\/1783558209-1.png","width":1000,"height":1000},{"@type":"BreadcrumbList","@id":"https:\/\/18pet.com\/product\/automatic-retractable-dog-traction-rope-dog-leash\/#breadcrumb","itemListElement":[{"@type":"ListItem","position":1,"name":"Home","item":"https:\/\/18pet.com\/"},{"@type":"ListItem","position":2,"name":"Products","item":"https:\/\/18pet.com\/tr\/products\/"},{"@type":"ListItem","position":3,"name":"Automatic Retractable Dog Traction Rope Dog Leash"}]},{"@type":"WebSite","@id":"https:\/\/18pet.com\/id\/#website","url":"https:\/\/18pet.com\/id\/","name":"18pet.com","description":"Your pet supplies center","publisher":{"@id":"https:\/\/18pet.com\/id\/#organization"},"potentialAction":[{"@type":"SearchAction","target":{"@type":"EntryPoint","urlTemplate":"https:\/\/18pet.com\/id\/?s={search_term_string}"},"query-input":{"@type":"PropertyValueSpecification","valueRequired":true,"valueName":"search_term_string"}}],"inLanguage":"es"},{"@type":"Organization","@id":"https:\/\/18pet.com\/id\/#organization","name":"18pet.com","url":"https:\/\/18pet.com\/id\/","logo":{"@type":"ImageObject","inLanguage":"es","@id":"https:\/\/18pet.com\/id\/#\/schema\/logo\/image\/","url":"https:\/\/18pet.com\/wp-content\/uploads\/2023\/04\/18pet-white-background.png","contentUrl":"https:\/\/18pet.com\/wp-content\/uploads\/2023\/04\/18pet-white-background.png","width":515,"height":167,"caption":"18pet.com"},"image":{"@id":"https:\/\/18pet.com\/id\/#\/schema\/logo\/image\/"}}]}},"jetpack_sharing_enabled":true,"_links":{"self":[{"href":"https:\/\/18pet.com\/es\/wp-json\/wp\/v2\/product\/3340","targetHints":{"allow":["GET"]}}],"collection":[{"href":"https:\/\/18pet.com\/es\/wp-json\/wp\/v2\/product"}],"about":[{"href":"https:\/\/18pet.com\/es\/wp-json\/wp\/v2\/types\/product"}],"replies":[{"embeddable":true,"href":"https:\/\/18pet.com\/es\/wp-json\/wp\/v2\/comments?post=3340"}],"wp:featuredmedia":[{"embeddable":true,"href":"https:\/\/18pet.com\/es\/wp-json\/wp\/v2\/media\/3380"}],"wp:attachment":[{"href":"https:\/\/18pet.com\/es\/wp-json\/wp\/v2\/media?parent=3340"}],"wp:term":[{"taxonomy":"product_brand","embeddable":true,"href":"https:\/\/18pet.com\/es\/wp-json\/wp\/v2\/product_brand?post=3340"},{"taxonomy":"product_cat","embeddable":true,"href":"https:\/\/18pet.com\/es\/wp-json\/wp\/v2\/product_cat?post=3340"},{"taxonomy":"product_tag","embeddable":true,"href":"https:\/\/18pet.com\/es\/wp-json\/wp\/v2\/product_tag?post=3340"}],"curies":[{"name":"wp","href":"https:\/\/api.w.org\/{rel}","templated":true}]}}