{"id":3235,"date":"2022-05-03T02:34:04","date_gmt":"2022-05-03T02:34:04","guid":{"rendered":"https:\/\/18pet.com\/?post_type=product&#038;p=3235"},"modified":"2025-03-23T12:58:34","modified_gmt":"2025-03-23T12:58:34","slug":"bark-control-device-ultrasonic-anti-bark-device-outdoor-dog-barking-deterrent-silencer-waterproof-training-tool","status":"publish","type":"product","link":"https:\/\/18pet.com\/es\/producto\/dispositivo-de-control-de-ladridos-ultrasonic-anti-ladrido-dispositivo-exterior-perro-ladrido-disuasorio-silenciador-impermeable-herramienta-de-entrenamiento\/","title":{"rendered":"<p>Dispositivo antiladridos ultras\u00f3nico para perros<\/p>"},"content":{"rendered":"<div style=\"width: 100%\">\n<div style=\"width: 854px;\" class=\"wp-video\"><video class=\"wp-video-shortcode\" id=\"video-3235-1\" width=\"854\" height=\"480\" preload=\"metadata\" controls=\"controls\"><source type=\"video\/mp4\" src=\"https:\/\/18pet.com\/wp-content\/uploads\/2023\/05\/510-dog-deterrent.mp4?_=1\"><\/source><a href=\"https:\/\/18pet.com\/wp-content\/uploads\/2023\/05\/510-dog-deterrent.mp4\">https:\/\/18pet.com\/wp-content\/uploads\/2023\/05\/510-dog-deterrent.mp4<\/a><\/video><\/div>\n<h2>Sobre el producto:<\/h2><p><span style=\"color: #ff0000\">1. Dispositivo eficaz para controlar los ladridos de perros:<\/span> Este dispositivo de control de ladridos ultras\u00f3nico autom\u00e1tico para exteriores adopta la tecnolog\u00eda mejorada para evitar que su perro o el perro del vecino ladren. M\u00e1s eficaz que la versi\u00f3n anterior. Hay 3 frecuencias ajustables.<\/p><p><span style=\"color: #ff0000\">2. Seguro para ti y tu perro:<\/span> La frecuencia ultras\u00f3nica es inofensiva para las mascotas y es completamente inaudible para los o\u00eddos humanos. La confianza de los adiestradores caninos y veterinarios.<\/p><p><span style=\"color: #ff0000\">3.Adecuado para perros de varias razas:<\/span> El dispositivo de control de ladridos emite autom\u00e1ticamente un sonido seguro, el perro puede escucharlo muy claramente, pero no lastima al perro ni a la persona. Adecuado para la mayor\u00eda de las razas y tipos de perros, excepto para perros con problemas auditivos o menores de 6 meses.<\/p><p><span style=\"color: #ff0000\">4. USB recargable y resistente al agua:<\/span> Dispositivo ultras\u00f3nico antiladridos, forma de mini b\u00faho bien dise\u00f1ada.<br>\nDise\u00f1ado para colgarse\/instalarse f\u00e1cilmente en \u00e1rboles, paredes o postes de vallas para evitar que los perros ladren. El dispositivo ultras\u00f3nico antiladridos puede detectar autom\u00e1ticamente los ladridos en 25 pies.<\/p><p><span style=\"color: #ff0000\">5. Se puede usar como un dispositivo repelente de perros y una herramienta de ayuda para el entrenamiento de perros para detener el mal comportamiento de los perros, como los ladridos interminables.<\/span><\/p><h2>Especificaci\u00f3n:<\/h2><p><span style=\"color: #ff0000\">Material:<\/span> abdominales<\/p><p><span style=\"color: #ff0000\">Tama\u00f1o:<\/span>9*7,2*11 cm<\/p><h2>Notas:<\/h2><p>No lo recomendamos para perros menores de 6 meses y mayores de 8 a\u00f1os.<\/p><p>Debido a la diferencia entre diferentes monitores y c\u00e1maras, es posible que la imagen no refleje los colores reales del art\u00edculo. Pero garantizamos que el estilo es el mismo que se muestra en las im\u00e1genes.<\/p><p>Permita una ligera diferencia de dimensi\u00f3n debido a las diferentes medidas manuales. Gracias por su comprensi\u00f3n.<\/p><p><span style=\"color: #ff0000\">Noticia importante:<\/span>Este no es un dispositivo inteligente. No puede distinguir entre los ladridos de perros y otros sonidos. Si hay varios ruidos en el entorno, se activar\u00e1 con frecuencia, provocando un r\u00e1pido consumo de energ\u00eda. Y no hay correlaci\u00f3n entre su activaci\u00f3n y los ladridos de perros, lo que reducir\u00e1 el efecto de entrenamiento. Por lo tanto, es adecuado para entornos con menos ruido, excepto los ladridos de perros.<\/p><h2>Lista de partes:<\/h2><p>1 tap\u00f3n para ladridos de perro.<\/p><p>1 * cable de carga USB<\/p><p>1 * manual en ingl\u00e9s<\/p><p align=\"center\"><img decoding=\"async\" class=\"img-responsive\" src=\"https:\/\/18pet.com\/wp-content\/uploads\/2023\/05\/220956531-1.jpg\"><\/p><p align=\"center\"><img decoding=\"async\" class=\"img-responsive\" src=\"https:\/\/18pet.com\/wp-content\/uploads\/2023\/05\/1425130330-1.jpg\"><img decoding=\"async\" class=\"img-responsive\" src=\"https:\/\/18pet.com\/wp-content\/uploads\/2023\/05\/735019943-1.jpg\"><img decoding=\"async\" class=\"img-responsive\" src=\"https:\/\/18pet.com\/wp-content\/uploads\/2023\/05\/1143406920-1.jpg\"><img decoding=\"async\" class=\"img-responsive\" src=\"https:\/\/18pet.com\/wp-content\/uploads\/2023\/05\/83637626-1.jpg\"><\/p><\/div>","protected":false},"excerpt":{"rendered":"<p>1. Dispositivo eficaz para controlar los ladridos de perros.<br>\n2. Seguro para ti y tu perro.<br>\n3. Adecuado para perros de varias razas.<br>\n4. USB recargable y resistente al agua.<br>\n5. Se puede utilizar como dispositivo repelente de perros y como herramienta de ayuda para el entrenamiento de perros.<p><strong><span style=\"color: #ff0000\">Noticia importante:<\/span><\/strong>Este no es un dispositivo inteligente. No puede distinguir entre los ladridos de perros y otros sonidos. Si hay varios ruidos en el entorno, se activar\u00e1 con frecuencia, provocando un r\u00e1pido consumo de energ\u00eda. Y no hay correlaci\u00f3n entre su activaci\u00f3n y los ladridos de perros, lo que reducir\u00e1 el efecto de entrenamiento. Por lo tanto, es adecuado para entornos con menos ruido, excepto los ladridos de perros.<\/p><\/p>","protected":false},"featured_media":3236,"comment_status":"open","ping_status":"closed","template":"","meta":[],"product_brand":[],"product_cat":[102],"product_tag":[256,277,265],"class_list":{"0":"post-3235","1":"product","2":"type-product","3":"status-publish","4":"has-post-thumbnail","6":"product_cat-bark-deterrents","7":"product_tag-anti-bark","8":"product_tag-bark-deterrent","9":"product_tag-dog-training","11":"first","12":"instock","13":"sale","14":"taxable","15":"shipping-taxable","16":"purchasable","17":"product-type-simple"},"yoast_head":"<!-- This site is optimized with the Yoast SEO plugin v25.0 - https:\/\/yoast.com\/wordpress\/plugins\/seo\/ -->\n<title>Dog Bark Control Device Ultrasonic Anti Bark Deterrent &#8212; 18pet.com<\/title>\n<meta name=\"robots\" content=\"index, follow, max-snippet:-1, max-image-preview:large, max-video-preview:-1\" \/>\n<link rel=\"canonical\" href=\"https:\/\/18pet.com\/es\/producto\/dispositivo-de-control-de-ladridos-ultrasonic-anti-ladrido-dispositivo-exterior-perro-ladrido-disuasorio-silenciador-impermeable-herramienta-de-entrenamiento\/\" \/>\n<meta property=\"og:locale\" content=\"es_ES\" \/>\n<meta property=\"og:type\" content=\"article\" \/>\n<meta property=\"og:title\" content=\"Dog Bark Control Device Ultrasonic Anti Bark Deterrent &#8212; 18pet.com\" \/>\n<meta property=\"og:description\" content=\"1.Effective device to control dog barking. 2.Safe for you and your dog. 3.Suitable for dogs of various breeds. 4.USB rechargeable and waterproof. 5.It can be used as a dog repellent device and a dog training aid tool.  Important Notice:This is not a smart device. It cannot distinguish between dog barking and other sounds.\u00a0 If there are various noises in the environment,\u00a0 it will trigger frequently, causing fast power consumption. And there is no correlation between its triggering and dog barking, which will reduce the training effect.\u00a0 So, it is suitable for environments with less sound except dog barking.\" \/>\n<meta property=\"og:url\" content=\"https:\/\/18pet.com\/es\/producto\/dispositivo-de-control-de-ladridos-ultrasonic-anti-ladrido-dispositivo-exterior-perro-ladrido-disuasorio-silenciador-impermeable-herramienta-de-entrenamiento\/\" \/>\n<meta property=\"og:site_name\" content=\"18pet.com\" \/>\n<meta property=\"article:modified_time\" content=\"2025-03-23T12:58:34+00:00\" \/>\n<meta property=\"og:image\" content=\"https:\/\/18pet.com\/wp-content\/uploads\/2023\/05\/884645188-1.jpg\" \/>\n\t<meta property=\"og:image:width\" content=\"800\" \/>\n\t<meta property=\"og:image:height\" content=\"800\" \/>\n\t<meta property=\"og:image:type\" content=\"image\/jpeg\" \/>\n<meta name=\"twitter:card\" content=\"summary_large_image\" \/>\n<meta name=\"twitter:label1\" content=\"Tiempo de lectura\" \/>\n\t<meta name=\"twitter:data1\" content=\"2 minutos\" \/>\n<script type=\"application\/ld+json\" class=\"yoast-schema-graph\">{\"@context\":\"https:\/\/schema.org\",\"@graph\":[{\"@type\":\"WebPage\",\"@id\":\"https:\/\/18pet.com\/product\/bark-control-device-ultrasonic-anti-bark-device-outdoor-dog-barking-deterrent-silencer-waterproof-training-tool\/\",\"url\":\"https:\/\/18pet.com\/product\/bark-control-device-ultrasonic-anti-bark-device-outdoor-dog-barking-deterrent-silencer-waterproof-training-tool\/\",\"name\":\"Dog Bark Control Device Ultrasonic Anti Bark Deterrent &#8212; 18pet.com\",\"isPartOf\":{\"@id\":\"https:\/\/18pet.com\/id\/#website\"},\"primaryImageOfPage\":{\"@id\":\"https:\/\/18pet.com\/product\/bark-control-device-ultrasonic-anti-bark-device-outdoor-dog-barking-deterrent-silencer-waterproof-training-tool\/#primaryimage\"},\"image\":{\"@id\":\"https:\/\/18pet.com\/product\/bark-control-device-ultrasonic-anti-bark-device-outdoor-dog-barking-deterrent-silencer-waterproof-training-tool\/#primaryimage\"},\"thumbnailUrl\":\"https:\/\/18pet.com\/wp-content\/uploads\/2023\/05\/884645188-1.jpg\",\"datePublished\":\"2022-05-03T02:34:04+00:00\",\"dateModified\":\"2025-03-23T12:58:34+00:00\",\"breadcrumb\":{\"@id\":\"https:\/\/18pet.com\/product\/bark-control-device-ultrasonic-anti-bark-device-outdoor-dog-barking-deterrent-silencer-waterproof-training-tool\/#breadcrumb\"},\"inLanguage\":\"es\",\"potentialAction\":[{\"@type\":\"ReadAction\",\"target\":[\"https:\/\/18pet.com\/product\/bark-control-device-ultrasonic-anti-bark-device-outdoor-dog-barking-deterrent-silencer-waterproof-training-tool\/\"]}]},{\"@type\":\"ImageObject\",\"inLanguage\":\"es\",\"@id\":\"https:\/\/18pet.com\/product\/bark-control-device-ultrasonic-anti-bark-device-outdoor-dog-barking-deterrent-silencer-waterproof-training-tool\/#primaryimage\",\"url\":\"https:\/\/18pet.com\/wp-content\/uploads\/2023\/05\/884645188-1.jpg\",\"contentUrl\":\"https:\/\/18pet.com\/wp-content\/uploads\/2023\/05\/884645188-1.jpg\",\"width\":800,\"height\":800,\"caption\":\"Bark Control Device Ultrasonic Anti Bark Device Outdoor Dog Barking Deterrent Silencer Waterproof Training Tool 1\"},{\"@type\":\"BreadcrumbList\",\"@id\":\"https:\/\/18pet.com\/product\/bark-control-device-ultrasonic-anti-bark-device-outdoor-dog-barking-deterrent-silencer-waterproof-training-tool\/#breadcrumb\",\"itemListElement\":[{\"@type\":\"ListItem\",\"position\":1,\"name\":\"Home\",\"item\":\"https:\/\/18pet.com\/\"},{\"@type\":\"ListItem\",\"position\":2,\"name\":\"Products\",\"item\":\"https:\/\/18pet.com\/tr\/products\/\"},{\"@type\":\"ListItem\",\"position\":3,\"name\":\"Dog Bark Control Device Ultrasonic Anti Bark Deterrent\"}]},{\"@type\":\"WebSite\",\"@id\":\"https:\/\/18pet.com\/id\/#website\",\"url\":\"https:\/\/18pet.com\/id\/\",\"name\":\"18pet.com\",\"description\":\"Your pet supplies center\",\"publisher\":{\"@id\":\"https:\/\/18pet.com\/id\/#organization\"},\"potentialAction\":[{\"@type\":\"SearchAction\",\"target\":{\"@type\":\"EntryPoint\",\"urlTemplate\":\"https:\/\/18pet.com\/id\/?s={search_term_string}\"},\"query-input\":{\"@type\":\"PropertyValueSpecification\",\"valueRequired\":true,\"valueName\":\"search_term_string\"}}],\"inLanguage\":\"es\"},{\"@type\":\"Organization\",\"@id\":\"https:\/\/18pet.com\/id\/#organization\",\"name\":\"18pet.com\",\"url\":\"https:\/\/18pet.com\/id\/\",\"logo\":{\"@type\":\"ImageObject\",\"inLanguage\":\"es\",\"@id\":\"https:\/\/18pet.com\/id\/#\/schema\/logo\/image\/\",\"url\":\"https:\/\/18pet.com\/wp-content\/uploads\/2023\/04\/18pet-white-background.png\",\"contentUrl\":\"https:\/\/18pet.com\/wp-content\/uploads\/2023\/04\/18pet-white-background.png\",\"width\":515,\"height\":167,\"caption\":\"18pet.com\"},\"image\":{\"@id\":\"https:\/\/18pet.com\/id\/#\/schema\/logo\/image\/\"}}]}<\/script>\n<!-- \/ Yoast SEO plugin. -->","yoast_head_json":{"title":"Dog Bark Control Device Ultrasonic Anti Bark Deterrent &#8212; 18pet.com","robots":{"index":"index","follow":"follow","max-snippet":"max-snippet:-1","max-image-preview":"max-image-preview:large","max-video-preview":"max-video-preview:-1"},"canonical":"https:\/\/18pet.com\/es\/producto\/dispositivo-de-control-de-ladridos-ultrasonic-anti-ladrido-dispositivo-exterior-perro-ladrido-disuasorio-silenciador-impermeable-herramienta-de-entrenamiento\/","og_locale":"es_ES","og_type":"article","og_title":"Dog Bark Control Device Ultrasonic Anti Bark Deterrent &#8212; 18pet.com","og_description":"1.Effective device to control dog barking. 2.Safe for you and your dog. 3.Suitable for dogs of various breeds. 4.USB rechargeable and waterproof. 5.It can be used as a dog repellent device and a dog training aid tool.  Important Notice:This is not a smart device. It cannot distinguish between dog barking and other sounds.\u00a0 If there are various noises in the environment,\u00a0 it will trigger frequently, causing fast power consumption. And there is no correlation between its triggering and dog barking, which will reduce the training effect.\u00a0 So, it is suitable for environments with less sound except dog barking.","og_url":"https:\/\/18pet.com\/es\/producto\/dispositivo-de-control-de-ladridos-ultrasonic-anti-ladrido-dispositivo-exterior-perro-ladrido-disuasorio-silenciador-impermeable-herramienta-de-entrenamiento\/","og_site_name":"18pet.com","article_modified_time":"2025-03-23T12:58:34+00:00","og_image":[{"width":800,"height":800,"url":"https:\/\/18pet.com\/wp-content\/uploads\/2023\/05\/884645188-1.jpg","type":"image\/jpeg"}],"twitter_card":"summary_large_image","twitter_misc":{"Tiempo de lectura":"2 minutos"},"schema":{"@context":"https:\/\/schema.org","@graph":[{"@type":"WebPage","@id":"https:\/\/18pet.com\/product\/bark-control-device-ultrasonic-anti-bark-device-outdoor-dog-barking-deterrent-silencer-waterproof-training-tool\/","url":"https:\/\/18pet.com\/product\/bark-control-device-ultrasonic-anti-bark-device-outdoor-dog-barking-deterrent-silencer-waterproof-training-tool\/","name":"Dog Bark Control Device Ultrasonic Anti Bark Deterrent &#8212; 18pet.com","isPartOf":{"@id":"https:\/\/18pet.com\/id\/#website"},"primaryImageOfPage":{"@id":"https:\/\/18pet.com\/product\/bark-control-device-ultrasonic-anti-bark-device-outdoor-dog-barking-deterrent-silencer-waterproof-training-tool\/#primaryimage"},"image":{"@id":"https:\/\/18pet.com\/product\/bark-control-device-ultrasonic-anti-bark-device-outdoor-dog-barking-deterrent-silencer-waterproof-training-tool\/#primaryimage"},"thumbnailUrl":"https:\/\/18pet.com\/wp-content\/uploads\/2023\/05\/884645188-1.jpg","datePublished":"2022-05-03T02:34:04+00:00","dateModified":"2025-03-23T12:58:34+00:00","breadcrumb":{"@id":"https:\/\/18pet.com\/product\/bark-control-device-ultrasonic-anti-bark-device-outdoor-dog-barking-deterrent-silencer-waterproof-training-tool\/#breadcrumb"},"inLanguage":"es","potentialAction":[{"@type":"ReadAction","target":["https:\/\/18pet.com\/product\/bark-control-device-ultrasonic-anti-bark-device-outdoor-dog-barking-deterrent-silencer-waterproof-training-tool\/"]}]},{"@type":"ImageObject","inLanguage":"es","@id":"https:\/\/18pet.com\/product\/bark-control-device-ultrasonic-anti-bark-device-outdoor-dog-barking-deterrent-silencer-waterproof-training-tool\/#primaryimage","url":"https:\/\/18pet.com\/wp-content\/uploads\/2023\/05\/884645188-1.jpg","contentUrl":"https:\/\/18pet.com\/wp-content\/uploads\/2023\/05\/884645188-1.jpg","width":800,"height":800,"caption":"Bark Control Device Ultrasonic Anti Bark Device Outdoor Dog Barking Deterrent Silencer Waterproof Training Tool 1"},{"@type":"BreadcrumbList","@id":"https:\/\/18pet.com\/product\/bark-control-device-ultrasonic-anti-bark-device-outdoor-dog-barking-deterrent-silencer-waterproof-training-tool\/#breadcrumb","itemListElement":[{"@type":"ListItem","position":1,"name":"Home","item":"https:\/\/18pet.com\/"},{"@type":"ListItem","position":2,"name":"Products","item":"https:\/\/18pet.com\/tr\/products\/"},{"@type":"ListItem","position":3,"name":"Dog Bark Control Device Ultrasonic Anti Bark Deterrent"}]},{"@type":"WebSite","@id":"https:\/\/18pet.com\/id\/#website","url":"https:\/\/18pet.com\/id\/","name":"18pet.com","description":"Your pet supplies center","publisher":{"@id":"https:\/\/18pet.com\/id\/#organization"},"potentialAction":[{"@type":"SearchAction","target":{"@type":"EntryPoint","urlTemplate":"https:\/\/18pet.com\/id\/?s={search_term_string}"},"query-input":{"@type":"PropertyValueSpecification","valueRequired":true,"valueName":"search_term_string"}}],"inLanguage":"es"},{"@type":"Organization","@id":"https:\/\/18pet.com\/id\/#organization","name":"18pet.com","url":"https:\/\/18pet.com\/id\/","logo":{"@type":"ImageObject","inLanguage":"es","@id":"https:\/\/18pet.com\/id\/#\/schema\/logo\/image\/","url":"https:\/\/18pet.com\/wp-content\/uploads\/2023\/04\/18pet-white-background.png","contentUrl":"https:\/\/18pet.com\/wp-content\/uploads\/2023\/04\/18pet-white-background.png","width":515,"height":167,"caption":"18pet.com"},"image":{"@id":"https:\/\/18pet.com\/id\/#\/schema\/logo\/image\/"}}]}},"jetpack_sharing_enabled":true,"_links":{"self":[{"href":"https:\/\/18pet.com\/es\/wp-json\/wp\/v2\/product\/3235","targetHints":{"allow":["GET"]}}],"collection":[{"href":"https:\/\/18pet.com\/es\/wp-json\/wp\/v2\/product"}],"about":[{"href":"https:\/\/18pet.com\/es\/wp-json\/wp\/v2\/types\/product"}],"replies":[{"embeddable":true,"href":"https:\/\/18pet.com\/es\/wp-json\/wp\/v2\/comments?post=3235"}],"wp:featuredmedia":[{"embeddable":true,"href":"https:\/\/18pet.com\/es\/wp-json\/wp\/v2\/media\/3236"}],"wp:attachment":[{"href":"https:\/\/18pet.com\/es\/wp-json\/wp\/v2\/media?parent=3235"}],"wp:term":[{"taxonomy":"product_brand","embeddable":true,"href":"https:\/\/18pet.com\/es\/wp-json\/wp\/v2\/product_brand?post=3235"},{"taxonomy":"product_cat","embeddable":true,"href":"https:\/\/18pet.com\/es\/wp-json\/wp\/v2\/product_cat?post=3235"},{"taxonomy":"product_tag","embeddable":true,"href":"https:\/\/18pet.com\/es\/wp-json\/wp\/v2\/product_tag?post=3235"}],"curies":[{"name":"wp","href":"https:\/\/api.w.org\/{rel}","templated":true}]}}