{"id":3201,"date":"2022-05-02T10:38:21","date_gmt":"2022-05-02T10:38:21","guid":{"rendered":"https:\/\/18pet.com\/?post_type=product&#038;p=3201"},"modified":"2025-03-23T14:00:39","modified_gmt":"2025-03-23T14:00:39","slug":"dog-repeller-noise-anti-barking-deterrent-devices","status":"publish","type":"product","link":"https:\/\/18pet.com\/es\/producto\/ahuyentador-de-perros-ruido-anti-ladridos-disuasivos\/","title":{"rendered":"<p>Ahuyentador de ruido para perros Dispositivos disuasorios antiladridos<\/p>"},"content":{"rendered":"<div style=\"width: 100%\">\n<div style=\"width: 1280px;\" class=\"wp-video\"><video class=\"wp-video-shortcode\" id=\"video-3201-1\" width=\"1280\" height=\"720\" preload=\"metadata\" controls=\"controls\"><source type=\"video\/mp4\" src=\"https:\/\/18pet.com\/wp-content\/uploads\/2023\/05\/509-bark-Deterrents-Dog-Noise-Anti.mp4?_=1\"><\/source><a href=\"https:\/\/18pet.com\/wp-content\/uploads\/2023\/05\/509-bark-Deterrents-Dog-Noise-Anti.mp4\">https:\/\/18pet.com\/wp-content\/uploads\/2023\/05\/509-bark-Deterrents-Dog-Noise-Anti.mp4<\/a><\/video><\/div>\n<h3>100% Seguridad<\/h3><p>Este bloqueador de ladridos para perros no utiliza ning\u00fan propulsor l\u00edquido ni aerosoles o productos qu\u00edmicos da\u00f1inos, que es cien por ciento inofensivo para sus perros u otras mascotas o plantas y, por supuesto, seguro para usted y sus familiares, amigos, etc.<\/p><h3>Alcance efectivo<\/h3><p>Equipado con sensores ultras\u00f3nicos de tono alto actualizados de 3 canales que tienen una frecuencia de potencia de 20 ~ 25 KHZ, este dispositivo ultras\u00f3nico para disuadir los ladridos de perros puede expulsar a los perros de manera efectiva dentro de los 10M.<\/p><h3>multifunci\u00f3n<\/h3><p>Este producto con bater\u00eda de 1000 mAh y puede ser recargable. Tiene tres modos de onda de sonido diferentes, que pueden romper la inmunidad del perro a una determinada onda de sonido.<\/p><h3>F\u00e1cil de cargar<\/h3><p>El repelente antiladridos de mano es de tama\u00f1o peque\u00f1o y puede estar en su bolsillo o llevarlo en la mano (con una cuerda para colgar).<\/p><p>El rango m\u00e1ximo de exposici\u00f3n es de 32.8 pies<\/p><h3>Capacidad de la bater\u00eda:<\/h3><p>1000mah,<\/p><h3>Modos de trabajo:<\/h3><p>Modo de sonido, modo ultras\u00f3nico, modo de luz de flash<\/p><p><img decoding=\"async\" class=\"img-responsive\" src=\"https:\/\/18pet.com\/wp-content\/uploads\/2023\/05\/394541409-1.jpg\"><img decoding=\"async\" class=\"img-responsive\" src=\"https:\/\/18pet.com\/wp-content\/uploads\/2023\/05\/1320715306.jpg\"><img decoding=\"async\" class=\"img-responsive\" src=\"https:\/\/18pet.com\/wp-content\/uploads\/2023\/05\/873797510-1.jpg\"><img decoding=\"async\" class=\"img-responsive\" src=\"https:\/\/18pet.com\/wp-content\/uploads\/2023\/05\/121836978-1.jpg\"><img decoding=\"async\" class=\"img-responsive\" src=\"https:\/\/18pet.com\/wp-content\/uploads\/2023\/05\/1957023153-1.jpg\"><img decoding=\"async\" class=\"img-responsive\" src=\"https:\/\/18pet.com\/wp-content\/uploads\/2023\/05\/1402795997-1.jpg\"><img decoding=\"async\" class=\"img-responsive\" src=\"https:\/\/18pet.com\/wp-content\/uploads\/2023\/05\/512416985-1.jpg\"><img decoding=\"async\" class=\"img-responsive\" src=\"https:\/\/18pet.com\/wp-content\/uploads\/2023\/05\/2052448405-1.jpg\"><img decoding=\"async\" class=\"img-responsive\" src=\"https:\/\/18pet.com\/wp-content\/uploads\/2023\/05\/1169226498-1.jpg\"><img decoding=\"async\" class=\"img-responsive\" src=\"https:\/\/18pet.com\/wp-content\/uploads\/2023\/05\/397890656-1.jpg\"><img decoding=\"async\" class=\"img-responsive\" src=\"https:\/\/18pet.com\/wp-content\/uploads\/2023\/05\/1827746880-1.jpg\"><img decoding=\"async\" class=\"img-responsive\" src=\"https:\/\/18pet.com\/wp-content\/uploads\/2023\/05\/1023278053-1.jpg\"><img decoding=\"async\" class=\"img-responsive\" src=\"https:\/\/18pet.com\/wp-content\/uploads\/2023\/05\/1896142483-1.jpg\"><img decoding=\"async\" class=\"img-responsive\" src=\"https:\/\/18pet.com\/wp-content\/uploads\/2023\/05\/528366042-1.jpg\"><img decoding=\"async\" class=\"img-responsive\" src=\"https:\/\/18pet.com\/wp-content\/uploads\/2023\/05\/442673471-1.jpg\"><\/p><\/div>","protected":false},"excerpt":{"rendered":"<p><span style=\"color: #ff0000\"><strong>1. Seguridad 100%:<\/strong> <\/span>Este antiladridos para perros no utiliza ning\u00fan propulsor l\u00edquido ni aerosoles o productos qu\u00edmicos nocivos.<br>\n<span style=\"color: #ff0000\"><strong>2. Efectivo:<\/strong><\/span>Frecuencia de potencia de 20 ~ 25 KHZ, este dispositivo ultras\u00f3nico para disuadir los ladridos de perros puede expulsar a los perros de manera efectiva dentro de los 10M.<br>\n<span style=\"color: #ff0000\"><strong>3. F\u00e1cil de llevar:<\/strong> <\/span>Es de tama\u00f1o diminuto. Puede estar en tu bolsillo o llevarlo en tu mano.<\/p>","protected":false},"featured_media":3231,"comment_status":"open","ping_status":"closed","template":"","meta":[],"product_brand":[],"product_cat":[102],"product_tag":[277,244,265],"class_list":{"0":"post-3201","1":"product","2":"type-product","3":"status-publish","4":"has-post-thumbnail","6":"product_cat-bark-deterrents","7":"product_tag-bark-deterrent","8":"product_tag-dog","9":"product_tag-dog-training","10":"pa_color-black","11":"pa_color-blue","12":"pa_color-gray","13":"pa_color-white","15":"first","16":"instock","17":"sale","18":"taxable","19":"shipping-taxable","20":"purchasable","21":"product-type-variable"},"yoast_head":"<!-- This site is optimized with the Yoast SEO plugin v25.0 - https:\/\/yoast.com\/wordpress\/plugins\/seo\/ -->\n<title>Dog Repeller Noise Anti Barking Deterrent Devices &#8212; 18pet.com<\/title>\n<meta name=\"robots\" content=\"index, follow, max-snippet:-1, max-image-preview:large, max-video-preview:-1\" \/>\n<link rel=\"canonical\" href=\"https:\/\/18pet.com\/es\/producto\/ahuyentador-de-perros-ruido-anti-ladridos-disuasivos\/\" \/>\n<meta property=\"og:locale\" content=\"es_ES\" \/>\n<meta property=\"og:type\" content=\"article\" \/>\n<meta property=\"og:title\" content=\"Dog Repeller Noise Anti Barking Deterrent Devices &#8212; 18pet.com\" \/>\n<meta property=\"og:description\" content=\"1. 100% Safety: This dog barking stopper does not use any liquid propellant or harmful sprays or chemical. 2. Effective:20~25KHZ power frequency, this ultrasonic dog bark deterrent can effectively expel dogs within 10M. 3. Easy to carry: It is tiny in size. It can be in your pocket or take it on your hand\" \/>\n<meta property=\"og:url\" content=\"https:\/\/18pet.com\/es\/producto\/ahuyentador-de-perros-ruido-anti-ladridos-disuasivos\/\" \/>\n<meta property=\"og:site_name\" content=\"18pet.com\" \/>\n<meta property=\"article:modified_time\" content=\"2025-03-23T14:00:39+00:00\" \/>\n<meta property=\"og:image\" content=\"https:\/\/18pet.com\/wp-content\/uploads\/2023\/05\/1020369773-1.png\" \/>\n\t<meta property=\"og:image:width\" content=\"1000\" \/>\n\t<meta property=\"og:image:height\" content=\"1000\" \/>\n\t<meta property=\"og:image:type\" content=\"image\/png\" \/>\n<meta name=\"twitter:card\" content=\"summary_large_image\" \/>\n<meta name=\"twitter:label1\" content=\"Tiempo de lectura\" \/>\n\t<meta name=\"twitter:data1\" content=\"1 minuto\" \/>\n<script type=\"application\/ld+json\" class=\"yoast-schema-graph\">{\"@context\":\"https:\/\/schema.org\",\"@graph\":[{\"@type\":\"WebPage\",\"@id\":\"https:\/\/18pet.com\/product\/dog-repeller-noise-anti-barking-deterrent-devices\/\",\"url\":\"https:\/\/18pet.com\/product\/dog-repeller-noise-anti-barking-deterrent-devices\/\",\"name\":\"Dog Repeller Noise Anti Barking Deterrent Devices &#8212; 18pet.com\",\"isPartOf\":{\"@id\":\"https:\/\/18pet.com\/id\/#website\"},\"primaryImageOfPage\":{\"@id\":\"https:\/\/18pet.com\/product\/dog-repeller-noise-anti-barking-deterrent-devices\/#primaryimage\"},\"image\":{\"@id\":\"https:\/\/18pet.com\/product\/dog-repeller-noise-anti-barking-deterrent-devices\/#primaryimage\"},\"thumbnailUrl\":\"https:\/\/18pet.com\/wp-content\/uploads\/2023\/05\/1020369773-1.png\",\"datePublished\":\"2022-05-02T10:38:21+00:00\",\"dateModified\":\"2025-03-23T14:00:39+00:00\",\"breadcrumb\":{\"@id\":\"https:\/\/18pet.com\/product\/dog-repeller-noise-anti-barking-deterrent-devices\/#breadcrumb\"},\"inLanguage\":\"es\",\"potentialAction\":[{\"@type\":\"ReadAction\",\"target\":[\"https:\/\/18pet.com\/product\/dog-repeller-noise-anti-barking-deterrent-devices\/\"]}]},{\"@type\":\"ImageObject\",\"inLanguage\":\"es\",\"@id\":\"https:\/\/18pet.com\/product\/dog-repeller-noise-anti-barking-deterrent-devices\/#primaryimage\",\"url\":\"https:\/\/18pet.com\/wp-content\/uploads\/2023\/05\/1020369773-1.png\",\"contentUrl\":\"https:\/\/18pet.com\/wp-content\/uploads\/2023\/05\/1020369773-1.png\",\"width\":1000,\"height\":1000},{\"@type\":\"BreadcrumbList\",\"@id\":\"https:\/\/18pet.com\/product\/dog-repeller-noise-anti-barking-deterrent-devices\/#breadcrumb\",\"itemListElement\":[{\"@type\":\"ListItem\",\"position\":1,\"name\":\"Home\",\"item\":\"https:\/\/18pet.com\/\"},{\"@type\":\"ListItem\",\"position\":2,\"name\":\"Products\",\"item\":\"https:\/\/18pet.com\/tr\/products\/\"},{\"@type\":\"ListItem\",\"position\":3,\"name\":\"Dog Repeller Noise Anti Barking Deterrent Devices\"}]},{\"@type\":\"WebSite\",\"@id\":\"https:\/\/18pet.com\/id\/#website\",\"url\":\"https:\/\/18pet.com\/id\/\",\"name\":\"18pet.com\",\"description\":\"Your pet supplies center\",\"publisher\":{\"@id\":\"https:\/\/18pet.com\/id\/#organization\"},\"potentialAction\":[{\"@type\":\"SearchAction\",\"target\":{\"@type\":\"EntryPoint\",\"urlTemplate\":\"https:\/\/18pet.com\/id\/?s={search_term_string}\"},\"query-input\":{\"@type\":\"PropertyValueSpecification\",\"valueRequired\":true,\"valueName\":\"search_term_string\"}}],\"inLanguage\":\"es\"},{\"@type\":\"Organization\",\"@id\":\"https:\/\/18pet.com\/id\/#organization\",\"name\":\"18pet.com\",\"url\":\"https:\/\/18pet.com\/id\/\",\"logo\":{\"@type\":\"ImageObject\",\"inLanguage\":\"es\",\"@id\":\"https:\/\/18pet.com\/id\/#\/schema\/logo\/image\/\",\"url\":\"https:\/\/18pet.com\/wp-content\/uploads\/2023\/04\/18pet-white-background.png\",\"contentUrl\":\"https:\/\/18pet.com\/wp-content\/uploads\/2023\/04\/18pet-white-background.png\",\"width\":515,\"height\":167,\"caption\":\"18pet.com\"},\"image\":{\"@id\":\"https:\/\/18pet.com\/id\/#\/schema\/logo\/image\/\"}}]}<\/script>\n<!-- \/ Yoast SEO plugin. -->","yoast_head_json":{"title":"Dog Repeller Noise Anti Barking Deterrent Devices &#8212; 18pet.com","robots":{"index":"index","follow":"follow","max-snippet":"max-snippet:-1","max-image-preview":"max-image-preview:large","max-video-preview":"max-video-preview:-1"},"canonical":"https:\/\/18pet.com\/es\/producto\/ahuyentador-de-perros-ruido-anti-ladridos-disuasivos\/","og_locale":"es_ES","og_type":"article","og_title":"Dog Repeller Noise Anti Barking Deterrent Devices &#8212; 18pet.com","og_description":"1. 100% Safety: This dog barking stopper does not use any liquid propellant or harmful sprays or chemical. 2. Effective:20~25KHZ power frequency, this ultrasonic dog bark deterrent can effectively expel dogs within 10M. 3. Easy to carry: It is tiny in size. It can be in your pocket or take it on your hand","og_url":"https:\/\/18pet.com\/es\/producto\/ahuyentador-de-perros-ruido-anti-ladridos-disuasivos\/","og_site_name":"18pet.com","article_modified_time":"2025-03-23T14:00:39+00:00","og_image":[{"width":1000,"height":1000,"url":"https:\/\/18pet.com\/wp-content\/uploads\/2023\/05\/1020369773-1.png","type":"image\/png"}],"twitter_card":"summary_large_image","twitter_misc":{"Tiempo de lectura":"1 minuto"},"schema":{"@context":"https:\/\/schema.org","@graph":[{"@type":"WebPage","@id":"https:\/\/18pet.com\/product\/dog-repeller-noise-anti-barking-deterrent-devices\/","url":"https:\/\/18pet.com\/product\/dog-repeller-noise-anti-barking-deterrent-devices\/","name":"Dog Repeller Noise Anti Barking Deterrent Devices &#8212; 18pet.com","isPartOf":{"@id":"https:\/\/18pet.com\/id\/#website"},"primaryImageOfPage":{"@id":"https:\/\/18pet.com\/product\/dog-repeller-noise-anti-barking-deterrent-devices\/#primaryimage"},"image":{"@id":"https:\/\/18pet.com\/product\/dog-repeller-noise-anti-barking-deterrent-devices\/#primaryimage"},"thumbnailUrl":"https:\/\/18pet.com\/wp-content\/uploads\/2023\/05\/1020369773-1.png","datePublished":"2022-05-02T10:38:21+00:00","dateModified":"2025-03-23T14:00:39+00:00","breadcrumb":{"@id":"https:\/\/18pet.com\/product\/dog-repeller-noise-anti-barking-deterrent-devices\/#breadcrumb"},"inLanguage":"es","potentialAction":[{"@type":"ReadAction","target":["https:\/\/18pet.com\/product\/dog-repeller-noise-anti-barking-deterrent-devices\/"]}]},{"@type":"ImageObject","inLanguage":"es","@id":"https:\/\/18pet.com\/product\/dog-repeller-noise-anti-barking-deterrent-devices\/#primaryimage","url":"https:\/\/18pet.com\/wp-content\/uploads\/2023\/05\/1020369773-1.png","contentUrl":"https:\/\/18pet.com\/wp-content\/uploads\/2023\/05\/1020369773-1.png","width":1000,"height":1000},{"@type":"BreadcrumbList","@id":"https:\/\/18pet.com\/product\/dog-repeller-noise-anti-barking-deterrent-devices\/#breadcrumb","itemListElement":[{"@type":"ListItem","position":1,"name":"Home","item":"https:\/\/18pet.com\/"},{"@type":"ListItem","position":2,"name":"Products","item":"https:\/\/18pet.com\/tr\/products\/"},{"@type":"ListItem","position":3,"name":"Dog Repeller Noise Anti Barking Deterrent Devices"}]},{"@type":"WebSite","@id":"https:\/\/18pet.com\/id\/#website","url":"https:\/\/18pet.com\/id\/","name":"18pet.com","description":"Your pet supplies center","publisher":{"@id":"https:\/\/18pet.com\/id\/#organization"},"potentialAction":[{"@type":"SearchAction","target":{"@type":"EntryPoint","urlTemplate":"https:\/\/18pet.com\/id\/?s={search_term_string}"},"query-input":{"@type":"PropertyValueSpecification","valueRequired":true,"valueName":"search_term_string"}}],"inLanguage":"es"},{"@type":"Organization","@id":"https:\/\/18pet.com\/id\/#organization","name":"18pet.com","url":"https:\/\/18pet.com\/id\/","logo":{"@type":"ImageObject","inLanguage":"es","@id":"https:\/\/18pet.com\/id\/#\/schema\/logo\/image\/","url":"https:\/\/18pet.com\/wp-content\/uploads\/2023\/04\/18pet-white-background.png","contentUrl":"https:\/\/18pet.com\/wp-content\/uploads\/2023\/04\/18pet-white-background.png","width":515,"height":167,"caption":"18pet.com"},"image":{"@id":"https:\/\/18pet.com\/id\/#\/schema\/logo\/image\/"}}]}},"jetpack_sharing_enabled":true,"_links":{"self":[{"href":"https:\/\/18pet.com\/es\/wp-json\/wp\/v2\/product\/3201","targetHints":{"allow":["GET"]}}],"collection":[{"href":"https:\/\/18pet.com\/es\/wp-json\/wp\/v2\/product"}],"about":[{"href":"https:\/\/18pet.com\/es\/wp-json\/wp\/v2\/types\/product"}],"replies":[{"embeddable":true,"href":"https:\/\/18pet.com\/es\/wp-json\/wp\/v2\/comments?post=3201"}],"wp:featuredmedia":[{"embeddable":true,"href":"https:\/\/18pet.com\/es\/wp-json\/wp\/v2\/media\/3231"}],"wp:attachment":[{"href":"https:\/\/18pet.com\/es\/wp-json\/wp\/v2\/media?parent=3201"}],"wp:term":[{"taxonomy":"product_brand","embeddable":true,"href":"https:\/\/18pet.com\/es\/wp-json\/wp\/v2\/product_brand?post=3201"},{"taxonomy":"product_cat","embeddable":true,"href":"https:\/\/18pet.com\/es\/wp-json\/wp\/v2\/product_cat?post=3201"},{"taxonomy":"product_tag","embeddable":true,"href":"https:\/\/18pet.com\/es\/wp-json\/wp\/v2\/product_tag?post=3201"}],"curies":[{"name":"wp","href":"https:\/\/api.w.org\/{rel}","templated":true}]}}