{"id":3152,"date":"2022-05-02T07:35:41","date_gmt":"2022-05-02T07:35:41","guid":{"rendered":"https:\/\/18pet.com\/?post_type=product&#038;p=3152"},"modified":"2025-03-23T12:58:34","modified_gmt":"2025-03-23T12:58:34","slug":"dog-training-ultrasonic-supersonic-sound-repeller-whistles","status":"publish","type":"product","link":"https:\/\/18pet.com\/es\/producto\/adiestramiento-canino-ultrasonic-supersonic-sound-repeler-silbatos\/","title":{"rendered":"<p>Adiestramiento de perros Silbatos ahuyentadores ultras\u00f3nicos de sonido supers\u00f3nico<\/p>"},"content":{"rendered":"<h3>Color:<p>Astilla<\/p><h3>Material:<\/h3><p>acero inoxidable<\/p><h3>Longitud:<\/h3><p>aprox. 6,5 cm (lazo para llavero incluido); 5,3 cm (llavero no incluido)<\/p><h3>Funciones:<\/h3><p>Silbato para perros: esta es una de las herramientas m\u00e1s \u00fatiles que se utilizan para traer de vuelta a un perro. No solo el sonido de un tubo forma un silbato para perros que los humanos pueden escuchar, sino que tambi\u00e9n produce frecuencias ultras\u00f3nicas que solo los perros pueden escuchar. Este ultrasonido de frecuencia est\u00e1 tan lejos que el perro puede escucharlo a lo lejos.<br>\nOnda ultras\u00f3nica: la energ\u00eda ultras\u00f3nica es grande y se propaga a lo largo de una l\u00ednea recta. Las ondas ultras\u00f3nicas emitidas por el silbato para perros pueden ser claramente identificadas por el perro. El propietario puede usar el silbato para perros para emitir diferentes tonos para dar instrucciones. Dependiendo del ritmo del sonido, puedes dejar que el perro entienda el significado de cada ritmo y las instrucciones dadas.<\/p><h3>\u00bfC\u00f3mo usar el silbato?<\/h3><p>Afloje los tornillos que regulan las ondas sonoras. Sople el aire en la entrada de aire y gire la palanca al paso \u00f3ptimo. Apriete el tornillo de ajuste de onda de sonido despu\u00e9s de ajustar la varilla.<\/p><h3>\u00bfC\u00f3mo entrenar a tu perro?<\/h3><p>1. Usar un m\u00e9todo de flauta diferente para especificar \u201cno te muevas\u201d, \u201csi\u00e9ntate\u201d, \u201cven\u201d, etc.<br>\nPor ejemplo:<br>\n\u201cDon&#039;t move\u201d: dos sonidos largos.<br>\n\u201cSi\u00e9ntate\u201d: un sonido largo, un sonido corto.<br>\n\u201cVen\u201d: dos sonidos cortos.<br>\nCuando le ense\u00f1e al perro estos movimientos, toque la flauta del perro de acuerdo con el reglamento, luego ens\u00e9\u00f1ele a hacer la acci\u00f3n correspondiente. Entrena una y otra vez, y tu perro sabr\u00e1 qu\u00e9 hacer cuando escuche el sonido del silbato para perros.<br>\n2. Es necesario entrenar el comportamiento del perro de acuerdo con sus instrucciones. Por ejemplo, a la hora de la comida, tocar el silbato antes de recibir la comida. Solo tomar\u00e1 unas pocas veces hacer esto y su perro reaccionar\u00e1 r\u00e1pidamente.<\/p><p><img decoding=\"async\" class=\"img-responsive\" src=\"https:\/\/18pet.com\/wp-content\/uploads\/2023\/05\/1001697120-1.jpg\"> <img decoding=\"async\" class=\"img-responsive\" src=\"https:\/\/18pet.com\/wp-content\/uploads\/2023\/05\/847863384-1.jpg\"> <img decoding=\"async\" class=\"img-responsive\" src=\"https:\/\/18pet.com\/wp-content\/uploads\/2023\/05\/435031013-1.jpg\"> <img decoding=\"async\" class=\"img-responsive\" src=\"https:\/\/18pet.com\/wp-content\/uploads\/2023\/05\/288466441-1.jpg\"> <img decoding=\"async\" class=\"img-responsive\" src=\"https:\/\/18pet.com\/wp-content\/uploads\/2023\/05\/2108038440-1.jpg\"> <img decoding=\"async\" class=\"img-responsive\" src=\"https:\/\/18pet.com\/wp-content\/uploads\/2023\/05\/734931316-1.jpg\"> <img decoding=\"async\" class=\"img-responsive\" src=\"https:\/\/18pet.com\/wp-content\/uploads\/2023\/05\/608780304-1.jpg\"> <img decoding=\"async\" class=\"img-responsive\" src=\"https:\/\/18pet.com\/wp-content\/uploads\/2023\/05\/1380109772-1.jpg\"> <img decoding=\"async\" class=\"img-responsive\" src=\"https:\/\/18pet.com\/wp-content\/uploads\/2023\/05\/720863382-1.jpg\"><\/p><\/h3>","protected":false},"excerpt":{"rendered":"<p><strong>1. F\u00e1cil de limpiar.<\/strong> Hecho de material de acero inoxidable.<br>\n<strong>2. El sonido viaja lejos.<\/strong> Emite simult\u00e1neamente sonido ordinario y ultrasonido. Las personas no pueden escuchar el ultrasonido, pero los perros pueden escucharlo. El ultrasonido puede viajar distancias m\u00e1s largas.<\/p>","protected":false},"featured_media":3153,"comment_status":"open","ping_status":"closed","template":"","meta":[],"product_brand":[],"product_cat":[101],"product_tag":[244,265,274],"class_list":{"0":"post-3152","1":"product","2":"type-product","3":"status-publish","4":"has-post-thumbnail","6":"product_cat-dog-whistles","7":"product_tag-dog","8":"product_tag-dog-training","9":"product_tag-whistles","11":"first","12":"instock","13":"sale","14":"taxable","15":"shipping-taxable","16":"purchasable","17":"product-type-simple"},"yoast_head":"<!-- This site is optimized with the Yoast SEO plugin v25.0 - https:\/\/yoast.com\/wordpress\/plugins\/seo\/ -->\n<title>Dog Training Ultrasonic Supersonic Sound Repeller Whistles &#8212; 18pet.com<\/title>\n<meta name=\"robots\" content=\"index, follow, max-snippet:-1, max-image-preview:large, max-video-preview:-1\" \/>\n<link rel=\"canonical\" href=\"https:\/\/18pet.com\/es\/producto\/adiestramiento-canino-ultrasonic-supersonic-sound-repeler-silbatos\/\" \/>\n<meta property=\"og:locale\" content=\"es_ES\" \/>\n<meta property=\"og:type\" content=\"article\" \/>\n<meta property=\"og:title\" content=\"Dog Training Ultrasonic Supersonic Sound Repeller Whistles &#8212; 18pet.com\" \/>\n<meta property=\"og:description\" content=\"1. Easy to clean. Made of stainless steel material. 2. Sound travels far. Simultaneously emit ordinary sound and ultrasound. People cannot hear ultrasound, but dogs can hear it. Ultrasound can travel farther distances.\" \/>\n<meta property=\"og:url\" content=\"https:\/\/18pet.com\/es\/producto\/adiestramiento-canino-ultrasonic-supersonic-sound-repeler-silbatos\/\" \/>\n<meta property=\"og:site_name\" content=\"18pet.com\" \/>\n<meta property=\"article:modified_time\" content=\"2025-03-23T12:58:34+00:00\" \/>\n<meta property=\"og:image\" content=\"https:\/\/18pet.com\/wp-content\/uploads\/2023\/05\/604878481-1.jpg\" \/>\n\t<meta property=\"og:image:width\" content=\"800\" \/>\n\t<meta property=\"og:image:height\" content=\"800\" \/>\n\t<meta property=\"og:image:type\" content=\"image\/jpeg\" \/>\n<meta name=\"twitter:card\" content=\"summary_large_image\" \/>\n<meta name=\"twitter:label1\" content=\"Tiempo de lectura\" \/>\n\t<meta name=\"twitter:data1\" content=\"2 minutos\" \/>\n<script type=\"application\/ld+json\" class=\"yoast-schema-graph\">{\"@context\":\"https:\/\/schema.org\",\"@graph\":[{\"@type\":\"WebPage\",\"@id\":\"https:\/\/18pet.com\/product\/dog-training-ultrasonic-supersonic-sound-repeller-whistles\/\",\"url\":\"https:\/\/18pet.com\/product\/dog-training-ultrasonic-supersonic-sound-repeller-whistles\/\",\"name\":\"Dog Training Ultrasonic Supersonic Sound Repeller Whistles &#8212; 18pet.com\",\"isPartOf\":{\"@id\":\"https:\/\/18pet.com\/id\/#website\"},\"primaryImageOfPage\":{\"@id\":\"https:\/\/18pet.com\/product\/dog-training-ultrasonic-supersonic-sound-repeller-whistles\/#primaryimage\"},\"image\":{\"@id\":\"https:\/\/18pet.com\/product\/dog-training-ultrasonic-supersonic-sound-repeller-whistles\/#primaryimage\"},\"thumbnailUrl\":\"https:\/\/18pet.com\/wp-content\/uploads\/2023\/05\/604878481-1.jpg\",\"datePublished\":\"2022-05-02T07:35:41+00:00\",\"dateModified\":\"2025-03-23T12:58:34+00:00\",\"breadcrumb\":{\"@id\":\"https:\/\/18pet.com\/product\/dog-training-ultrasonic-supersonic-sound-repeller-whistles\/#breadcrumb\"},\"inLanguage\":\"es\",\"potentialAction\":[{\"@type\":\"ReadAction\",\"target\":[\"https:\/\/18pet.com\/product\/dog-training-ultrasonic-supersonic-sound-repeller-whistles\/\"]}]},{\"@type\":\"ImageObject\",\"inLanguage\":\"es\",\"@id\":\"https:\/\/18pet.com\/product\/dog-training-ultrasonic-supersonic-sound-repeller-whistles\/#primaryimage\",\"url\":\"https:\/\/18pet.com\/wp-content\/uploads\/2023\/05\/604878481-1.jpg\",\"contentUrl\":\"https:\/\/18pet.com\/wp-content\/uploads\/2023\/05\/604878481-1.jpg\",\"width\":800,\"height\":800,\"caption\":\"1pc Pet Dog Whistle Cat Dog Training Obedience Ultrasonic Supersonic Sound Repeller Pitch Stop Barking Quiet Whistles for Dogs 1\"},{\"@type\":\"BreadcrumbList\",\"@id\":\"https:\/\/18pet.com\/product\/dog-training-ultrasonic-supersonic-sound-repeller-whistles\/#breadcrumb\",\"itemListElement\":[{\"@type\":\"ListItem\",\"position\":1,\"name\":\"Home\",\"item\":\"https:\/\/18pet.com\/\"},{\"@type\":\"ListItem\",\"position\":2,\"name\":\"Products\",\"item\":\"https:\/\/18pet.com\/tr\/products\/\"},{\"@type\":\"ListItem\",\"position\":3,\"name\":\"Dog Training Ultrasonic Supersonic Sound Repeller Whistles\"}]},{\"@type\":\"WebSite\",\"@id\":\"https:\/\/18pet.com\/id\/#website\",\"url\":\"https:\/\/18pet.com\/id\/\",\"name\":\"18pet.com\",\"description\":\"Your pet supplies center\",\"publisher\":{\"@id\":\"https:\/\/18pet.com\/id\/#organization\"},\"potentialAction\":[{\"@type\":\"SearchAction\",\"target\":{\"@type\":\"EntryPoint\",\"urlTemplate\":\"https:\/\/18pet.com\/id\/?s={search_term_string}\"},\"query-input\":{\"@type\":\"PropertyValueSpecification\",\"valueRequired\":true,\"valueName\":\"search_term_string\"}}],\"inLanguage\":\"es\"},{\"@type\":\"Organization\",\"@id\":\"https:\/\/18pet.com\/id\/#organization\",\"name\":\"18pet.com\",\"url\":\"https:\/\/18pet.com\/id\/\",\"logo\":{\"@type\":\"ImageObject\",\"inLanguage\":\"es\",\"@id\":\"https:\/\/18pet.com\/id\/#\/schema\/logo\/image\/\",\"url\":\"https:\/\/18pet.com\/wp-content\/uploads\/2023\/04\/18pet-white-background.png\",\"contentUrl\":\"https:\/\/18pet.com\/wp-content\/uploads\/2023\/04\/18pet-white-background.png\",\"width\":515,\"height\":167,\"caption\":\"18pet.com\"},\"image\":{\"@id\":\"https:\/\/18pet.com\/id\/#\/schema\/logo\/image\/\"}}]}<\/script>\n<!-- \/ Yoast SEO plugin. -->","yoast_head_json":{"title":"Dog Training Ultrasonic Supersonic Sound Repeller Whistles &#8212; 18pet.com","robots":{"index":"index","follow":"follow","max-snippet":"max-snippet:-1","max-image-preview":"max-image-preview:large","max-video-preview":"max-video-preview:-1"},"canonical":"https:\/\/18pet.com\/es\/producto\/adiestramiento-canino-ultrasonic-supersonic-sound-repeler-silbatos\/","og_locale":"es_ES","og_type":"article","og_title":"Dog Training Ultrasonic Supersonic Sound Repeller Whistles &#8212; 18pet.com","og_description":"1. Easy to clean. Made of stainless steel material. 2. Sound travels far. Simultaneously emit ordinary sound and ultrasound. People cannot hear ultrasound, but dogs can hear it. Ultrasound can travel farther distances.","og_url":"https:\/\/18pet.com\/es\/producto\/adiestramiento-canino-ultrasonic-supersonic-sound-repeler-silbatos\/","og_site_name":"18pet.com","article_modified_time":"2025-03-23T12:58:34+00:00","og_image":[{"width":800,"height":800,"url":"https:\/\/18pet.com\/wp-content\/uploads\/2023\/05\/604878481-1.jpg","type":"image\/jpeg"}],"twitter_card":"summary_large_image","twitter_misc":{"Tiempo de lectura":"2 minutos"},"schema":{"@context":"https:\/\/schema.org","@graph":[{"@type":"WebPage","@id":"https:\/\/18pet.com\/product\/dog-training-ultrasonic-supersonic-sound-repeller-whistles\/","url":"https:\/\/18pet.com\/product\/dog-training-ultrasonic-supersonic-sound-repeller-whistles\/","name":"Dog Training Ultrasonic Supersonic Sound Repeller Whistles &#8212; 18pet.com","isPartOf":{"@id":"https:\/\/18pet.com\/id\/#website"},"primaryImageOfPage":{"@id":"https:\/\/18pet.com\/product\/dog-training-ultrasonic-supersonic-sound-repeller-whistles\/#primaryimage"},"image":{"@id":"https:\/\/18pet.com\/product\/dog-training-ultrasonic-supersonic-sound-repeller-whistles\/#primaryimage"},"thumbnailUrl":"https:\/\/18pet.com\/wp-content\/uploads\/2023\/05\/604878481-1.jpg","datePublished":"2022-05-02T07:35:41+00:00","dateModified":"2025-03-23T12:58:34+00:00","breadcrumb":{"@id":"https:\/\/18pet.com\/product\/dog-training-ultrasonic-supersonic-sound-repeller-whistles\/#breadcrumb"},"inLanguage":"es","potentialAction":[{"@type":"ReadAction","target":["https:\/\/18pet.com\/product\/dog-training-ultrasonic-supersonic-sound-repeller-whistles\/"]}]},{"@type":"ImageObject","inLanguage":"es","@id":"https:\/\/18pet.com\/product\/dog-training-ultrasonic-supersonic-sound-repeller-whistles\/#primaryimage","url":"https:\/\/18pet.com\/wp-content\/uploads\/2023\/05\/604878481-1.jpg","contentUrl":"https:\/\/18pet.com\/wp-content\/uploads\/2023\/05\/604878481-1.jpg","width":800,"height":800,"caption":"1pc Pet Dog Whistle Cat Dog Training Obedience Ultrasonic Supersonic Sound Repeller Pitch Stop Barking Quiet Whistles for Dogs 1"},{"@type":"BreadcrumbList","@id":"https:\/\/18pet.com\/product\/dog-training-ultrasonic-supersonic-sound-repeller-whistles\/#breadcrumb","itemListElement":[{"@type":"ListItem","position":1,"name":"Home","item":"https:\/\/18pet.com\/"},{"@type":"ListItem","position":2,"name":"Products","item":"https:\/\/18pet.com\/tr\/products\/"},{"@type":"ListItem","position":3,"name":"Dog Training Ultrasonic Supersonic Sound Repeller Whistles"}]},{"@type":"WebSite","@id":"https:\/\/18pet.com\/id\/#website","url":"https:\/\/18pet.com\/id\/","name":"18pet.com","description":"Your pet supplies center","publisher":{"@id":"https:\/\/18pet.com\/id\/#organization"},"potentialAction":[{"@type":"SearchAction","target":{"@type":"EntryPoint","urlTemplate":"https:\/\/18pet.com\/id\/?s={search_term_string}"},"query-input":{"@type":"PropertyValueSpecification","valueRequired":true,"valueName":"search_term_string"}}],"inLanguage":"es"},{"@type":"Organization","@id":"https:\/\/18pet.com\/id\/#organization","name":"18pet.com","url":"https:\/\/18pet.com\/id\/","logo":{"@type":"ImageObject","inLanguage":"es","@id":"https:\/\/18pet.com\/id\/#\/schema\/logo\/image\/","url":"https:\/\/18pet.com\/wp-content\/uploads\/2023\/04\/18pet-white-background.png","contentUrl":"https:\/\/18pet.com\/wp-content\/uploads\/2023\/04\/18pet-white-background.png","width":515,"height":167,"caption":"18pet.com"},"image":{"@id":"https:\/\/18pet.com\/id\/#\/schema\/logo\/image\/"}}]}},"jetpack_sharing_enabled":true,"_links":{"self":[{"href":"https:\/\/18pet.com\/es\/wp-json\/wp\/v2\/product\/3152","targetHints":{"allow":["GET"]}}],"collection":[{"href":"https:\/\/18pet.com\/es\/wp-json\/wp\/v2\/product"}],"about":[{"href":"https:\/\/18pet.com\/es\/wp-json\/wp\/v2\/types\/product"}],"replies":[{"embeddable":true,"href":"https:\/\/18pet.com\/es\/wp-json\/wp\/v2\/comments?post=3152"}],"wp:featuredmedia":[{"embeddable":true,"href":"https:\/\/18pet.com\/es\/wp-json\/wp\/v2\/media\/3153"}],"wp:attachment":[{"href":"https:\/\/18pet.com\/es\/wp-json\/wp\/v2\/media?parent=3152"}],"wp:term":[{"taxonomy":"product_brand","embeddable":true,"href":"https:\/\/18pet.com\/es\/wp-json\/wp\/v2\/product_brand?post=3152"},{"taxonomy":"product_cat","embeddable":true,"href":"https:\/\/18pet.com\/es\/wp-json\/wp\/v2\/product_cat?post=3152"},{"taxonomy":"product_tag","embeddable":true,"href":"https:\/\/18pet.com\/es\/wp-json\/wp\/v2\/product_tag?post=3152"}],"curies":[{"name":"wp","href":"https:\/\/api.w.org\/{rel}","templated":true}]}}