{"id":2821,"date":"2022-04-30T03:20:39","date_gmt":"2022-04-30T03:20:39","guid":{"rendered":"https:\/\/18pet.com\/?post_type=product&#038;p=2821"},"modified":"2025-03-23T13:30:23","modified_gmt":"2025-03-23T13:30:23","slug":"waterproof-pet-dog-training-e-collar-800-yard-remote-control","status":"publish","type":"product","link":"https:\/\/18pet.com\/es\/producto\/impermeable-pet-dog-training-e-collar-800-yard-control-remoto\/","title":{"rendered":"<p>Entrenador remoto de 800 yardas con collar electr\u00f3nico para entrenamiento de perros y mascotas a prueba de agua<\/p>"},"content":{"rendered":"<div style=\"width: 100%\">\n<div style=\"width: 854px;\" class=\"wp-video\"><video class=\"wp-video-shortcode\" id=\"video-2821-1\" width=\"854\" height=\"480\" preload=\"metadata\" controls=\"controls\"><source type=\"video\/mp4\" src=\"https:\/\/18pet.com\/wp-content\/uploads\/2023\/04\/504-remote-control-dog-training-e-collar.mp4?_=1\"><\/source><a href=\"https:\/\/18pet.com\/wp-content\/uploads\/2023\/04\/504-remote-control-dog-training-e-collar.mp4\">https:\/\/18pet.com\/wp-content\/uploads\/2023\/04\/504-remote-control-dog-training-e-collar.mp4<\/a><\/video><\/div>\n<h2>Descripci\u00f3n:<\/h2><p>Este collar electr\u00f3nico totalmente resistente al agua es muy popular entre los entrenadores de perros y los due\u00f1os de mascotas. Su sistema de adiestramiento te ayudar\u00e1 a controlar y adiestrar a tu perro en un rango efectivo mediante una serie de funciones. Incluye alerta de vibraci\u00f3n, modo de choque y pitido, etc. Con su dise\u00f1o remoto, puede detener el ladrido de forma remota, correr sobre la correcci\u00f3n, devolver la llamada f\u00e1cilmente, morder y pelear. Ser\u00e1 tu buen asistente de entrenamiento.<\/p><h2>Nota:<\/h2><p>1. \u00a1No use el dispositivo en perros que tengan menos de tres meses, pesen menos de ocho libras, sean viejos o est\u00e9n embarazadas, se asusten f\u00e1cilmente, sean agresivos o est\u00e9n en celo, o est\u00e9n en malas condiciones!<\/p><p>2. \u00a1El modo de choque es siempre la \u00faltima opci\u00f3n! Antes de usar el modo de choque, primero debe probar el modo de pitido\/luz\/vibraci\u00f3n para su mascota.<\/p><p>3. El entrenamiento comienza con el nivel m\u00e1s bajo de estimulaci\u00f3n.<\/p><p>4. \u00a1No deje el collar en su perro por m\u00e1s de 12 horas por d\u00eda! (Mejor dentro de las 6 horas)<\/p><p>5. Verifique el receptor y el collar cada 1-2 horas, ajuste la posici\u00f3n y ajuste si es necesario para evitar una presi\u00f3n excesiva.<\/p><p>6. Controle diariamente la salud de la piel del cuello del perro, si hay alguna anomal\u00eda, suspenda el uso de este producto y consulte a un veterinario.<\/p><p>7. \u00a1No sujete las correas del perro a este collar de adiestramiento!<br>\n<img decoding=\"async\" class=\"img-responsive alignleft\" src=\"https:\/\/18pet.com\/wp-content\/uploads\/2023\/04\/594744566-1.jpg\"><img decoding=\"async\" class=\"img-responsive alignleft\" src=\"https:\/\/18pet.com\/wp-content\/uploads\/2023\/04\/372768927-1.jpg\"><img decoding=\"async\" class=\"img-responsive alignleft\" src=\"https:\/\/18pet.com\/wp-content\/uploads\/2023\/04\/519985430-1.jpg\"><img decoding=\"async\" class=\"img-responsive alignleft\" src=\"https:\/\/18pet.com\/wp-content\/uploads\/2023\/04\/2065159012-1.jpg\"><img decoding=\"async\" class=\"img-responsive alignleft\" src=\"https:\/\/18pet.com\/wp-content\/uploads\/2023\/04\/63044585-1.jpg\"><img decoding=\"async\" class=\"img-responsive alignleft\" src=\"https:\/\/18pet.com\/wp-content\/uploads\/2023\/04\/1214907006-1.jpg\"><img decoding=\"async\" class=\"img-responsive alignleft\" src=\"https:\/\/18pet.com\/wp-content\/uploads\/2023\/04\/1250597096-1.jpg\"><img decoding=\"async\" class=\"img-responsive alignleft\" src=\"https:\/\/18pet.com\/wp-content\/uploads\/2023\/04\/1287166270-1.jpg\"><img decoding=\"async\" class=\"img-responsive alignleft\" src=\"https:\/\/18pet.com\/wp-content\/uploads\/2023\/04\/1986930569-1.jpg\"><\/p><\/div>","protected":false},"excerpt":{"rendered":"<p>1. Control remoto de larga distancia: 800 metros.<br>\n2. F\u00e1cil operaci\u00f3n, pantalla de alta definici\u00f3n.<br>\n3. Hay un bot\u00f3n de bloqueo para evitar un mal funcionamiento.<br>\n4. Con la funci\u00f3n de iluminaci\u00f3n, es conveniente descubrir mascotas por la noche.<\/p>","protected":false},"featured_media":2822,"comment_status":"open","ping_status":"closed","template":"","meta":[],"product_brand":[],"product_cat":[99],"product_tag":[256,257,246,244,261],"class_list":{"0":"post-2821","1":"product","2":"type-product","3":"status-publish","4":"has-post-thumbnail","6":"product_cat-training-collars","7":"product_tag-anti-bark","8":"product_tag-barking-stopper","9":"product_tag-collar","10":"product_tag-dog","11":"product_tag-training","12":"pa_color-black-and-grey","13":"pa_color-grey","14":"pa_color-two-grey","15":"pa_ships-from-china","17":"first","18":"instock","19":"sale","20":"taxable","21":"shipping-taxable","22":"purchasable","23":"product-type-variable"},"yoast_head":"<!-- This site is optimized with the Yoast SEO plugin v25.0 - https:\/\/yoast.com\/wordpress\/plugins\/seo\/ -->\n<title>Waterproof Pet Dog Training E-collar 800 Yard Remote Trainer &#8212; 18pet.com<\/title>\n<meta name=\"robots\" content=\"index, follow, max-snippet:-1, max-image-preview:large, max-video-preview:-1\" \/>\n<link rel=\"canonical\" href=\"https:\/\/18pet.com\/es\/producto\/impermeable-pet-dog-training-e-collar-800-yard-control-remoto\/\" \/>\n<meta property=\"og:locale\" content=\"es_ES\" \/>\n<meta property=\"og:type\" content=\"article\" \/>\n<meta property=\"og:title\" content=\"Waterproof Pet Dog Training E-collar 800 Yard Remote Trainer &#8212; 18pet.com\" \/>\n<meta property=\"og:description\" content=\"1. Long distance remote control: 800 meters. 2. Easy operation, high-definition screen. 3. There is a locking button to prevent misoperation. 4. With lighting function, it is convenient to discover pets at night.\" \/>\n<meta property=\"og:url\" content=\"https:\/\/18pet.com\/es\/producto\/impermeable-pet-dog-training-e-collar-800-yard-control-remoto\/\" \/>\n<meta property=\"og:site_name\" content=\"18pet.com\" \/>\n<meta property=\"article:modified_time\" content=\"2025-03-23T13:30:23+00:00\" \/>\n<meta property=\"og:image\" content=\"https:\/\/18pet.com\/wp-content\/uploads\/2023\/04\/1869125176-1.jpg\" \/>\n\t<meta property=\"og:image:width\" content=\"1000\" \/>\n\t<meta property=\"og:image:height\" content=\"1000\" \/>\n\t<meta property=\"og:image:type\" content=\"image\/jpeg\" \/>\n<meta name=\"twitter:card\" content=\"summary_large_image\" \/>\n<meta name=\"twitter:label1\" content=\"Tiempo de lectura\" \/>\n\t<meta name=\"twitter:data1\" content=\"3 minutos\" \/>\n<script type=\"application\/ld+json\" class=\"yoast-schema-graph\">{\"@context\":\"https:\/\/schema.org\",\"@graph\":[{\"@type\":\"WebPage\",\"@id\":\"https:\/\/18pet.com\/product\/waterproof-pet-dog-training-e-collar-800-yard-remote-control\/\",\"url\":\"https:\/\/18pet.com\/product\/waterproof-pet-dog-training-e-collar-800-yard-remote-control\/\",\"name\":\"Waterproof Pet Dog Training E-collar 800 Yard Remote Trainer &#8212; 18pet.com\",\"isPartOf\":{\"@id\":\"https:\/\/18pet.com\/id\/#website\"},\"primaryImageOfPage\":{\"@id\":\"https:\/\/18pet.com\/product\/waterproof-pet-dog-training-e-collar-800-yard-remote-control\/#primaryimage\"},\"image\":{\"@id\":\"https:\/\/18pet.com\/product\/waterproof-pet-dog-training-e-collar-800-yard-remote-control\/#primaryimage\"},\"thumbnailUrl\":\"https:\/\/18pet.com\/wp-content\/uploads\/2023\/04\/1869125176-1.jpg\",\"datePublished\":\"2022-04-30T03:20:39+00:00\",\"dateModified\":\"2025-03-23T13:30:23+00:00\",\"breadcrumb\":{\"@id\":\"https:\/\/18pet.com\/product\/waterproof-pet-dog-training-e-collar-800-yard-remote-control\/#breadcrumb\"},\"inLanguage\":\"es\",\"potentialAction\":[{\"@type\":\"ReadAction\",\"target\":[\"https:\/\/18pet.com\/product\/waterproof-pet-dog-training-e-collar-800-yard-remote-control\/\"]}]},{\"@type\":\"ImageObject\",\"inLanguage\":\"es\",\"@id\":\"https:\/\/18pet.com\/product\/waterproof-pet-dog-training-e-collar-800-yard-remote-control\/#primaryimage\",\"url\":\"https:\/\/18pet.com\/wp-content\/uploads\/2023\/04\/1869125176-1.jpg\",\"contentUrl\":\"https:\/\/18pet.com\/wp-content\/uploads\/2023\/04\/1869125176-1.jpg\",\"width\":1000,\"height\":1000,\"caption\":\"Smart Dog Training Collar Automatic Anti Barking Collar For Dog Bark Stopper 800m Remote Control Pet Training Collar Waterproof 1\"},{\"@type\":\"BreadcrumbList\",\"@id\":\"https:\/\/18pet.com\/product\/waterproof-pet-dog-training-e-collar-800-yard-remote-control\/#breadcrumb\",\"itemListElement\":[{\"@type\":\"ListItem\",\"position\":1,\"name\":\"Home\",\"item\":\"https:\/\/18pet.com\/\"},{\"@type\":\"ListItem\",\"position\":2,\"name\":\"Products\",\"item\":\"https:\/\/18pet.com\/tr\/products\/\"},{\"@type\":\"ListItem\",\"position\":3,\"name\":\"Waterproof Pet Dog Training E-collar 800 Yard Remote Trainer\"}]},{\"@type\":\"WebSite\",\"@id\":\"https:\/\/18pet.com\/id\/#website\",\"url\":\"https:\/\/18pet.com\/id\/\",\"name\":\"18pet.com\",\"description\":\"Your pet supplies center\",\"publisher\":{\"@id\":\"https:\/\/18pet.com\/id\/#organization\"},\"potentialAction\":[{\"@type\":\"SearchAction\",\"target\":{\"@type\":\"EntryPoint\",\"urlTemplate\":\"https:\/\/18pet.com\/id\/?s={search_term_string}\"},\"query-input\":{\"@type\":\"PropertyValueSpecification\",\"valueRequired\":true,\"valueName\":\"search_term_string\"}}],\"inLanguage\":\"es\"},{\"@type\":\"Organization\",\"@id\":\"https:\/\/18pet.com\/id\/#organization\",\"name\":\"18pet.com\",\"url\":\"https:\/\/18pet.com\/id\/\",\"logo\":{\"@type\":\"ImageObject\",\"inLanguage\":\"es\",\"@id\":\"https:\/\/18pet.com\/id\/#\/schema\/logo\/image\/\",\"url\":\"https:\/\/18pet.com\/wp-content\/uploads\/2023\/04\/18pet-white-background.png\",\"contentUrl\":\"https:\/\/18pet.com\/wp-content\/uploads\/2023\/04\/18pet-white-background.png\",\"width\":515,\"height\":167,\"caption\":\"18pet.com\"},\"image\":{\"@id\":\"https:\/\/18pet.com\/id\/#\/schema\/logo\/image\/\"}}]}<\/script>\n<!-- \/ Yoast SEO plugin. -->","yoast_head_json":{"title":"Waterproof Pet Dog Training E-collar 800 Yard Remote Trainer &#8212; 18pet.com","robots":{"index":"index","follow":"follow","max-snippet":"max-snippet:-1","max-image-preview":"max-image-preview:large","max-video-preview":"max-video-preview:-1"},"canonical":"https:\/\/18pet.com\/es\/producto\/impermeable-pet-dog-training-e-collar-800-yard-control-remoto\/","og_locale":"es_ES","og_type":"article","og_title":"Waterproof Pet Dog Training E-collar 800 Yard Remote Trainer &#8212; 18pet.com","og_description":"1. Long distance remote control: 800 meters. 2. Easy operation, high-definition screen. 3. There is a locking button to prevent misoperation. 4. With lighting function, it is convenient to discover pets at night.","og_url":"https:\/\/18pet.com\/es\/producto\/impermeable-pet-dog-training-e-collar-800-yard-control-remoto\/","og_site_name":"18pet.com","article_modified_time":"2025-03-23T13:30:23+00:00","og_image":[{"width":1000,"height":1000,"url":"https:\/\/18pet.com\/wp-content\/uploads\/2023\/04\/1869125176-1.jpg","type":"image\/jpeg"}],"twitter_card":"summary_large_image","twitter_misc":{"Tiempo de lectura":"3 minutos"},"schema":{"@context":"https:\/\/schema.org","@graph":[{"@type":"WebPage","@id":"https:\/\/18pet.com\/product\/waterproof-pet-dog-training-e-collar-800-yard-remote-control\/","url":"https:\/\/18pet.com\/product\/waterproof-pet-dog-training-e-collar-800-yard-remote-control\/","name":"Waterproof Pet Dog Training E-collar 800 Yard Remote Trainer &#8212; 18pet.com","isPartOf":{"@id":"https:\/\/18pet.com\/id\/#website"},"primaryImageOfPage":{"@id":"https:\/\/18pet.com\/product\/waterproof-pet-dog-training-e-collar-800-yard-remote-control\/#primaryimage"},"image":{"@id":"https:\/\/18pet.com\/product\/waterproof-pet-dog-training-e-collar-800-yard-remote-control\/#primaryimage"},"thumbnailUrl":"https:\/\/18pet.com\/wp-content\/uploads\/2023\/04\/1869125176-1.jpg","datePublished":"2022-04-30T03:20:39+00:00","dateModified":"2025-03-23T13:30:23+00:00","breadcrumb":{"@id":"https:\/\/18pet.com\/product\/waterproof-pet-dog-training-e-collar-800-yard-remote-control\/#breadcrumb"},"inLanguage":"es","potentialAction":[{"@type":"ReadAction","target":["https:\/\/18pet.com\/product\/waterproof-pet-dog-training-e-collar-800-yard-remote-control\/"]}]},{"@type":"ImageObject","inLanguage":"es","@id":"https:\/\/18pet.com\/product\/waterproof-pet-dog-training-e-collar-800-yard-remote-control\/#primaryimage","url":"https:\/\/18pet.com\/wp-content\/uploads\/2023\/04\/1869125176-1.jpg","contentUrl":"https:\/\/18pet.com\/wp-content\/uploads\/2023\/04\/1869125176-1.jpg","width":1000,"height":1000,"caption":"Smart Dog Training Collar Automatic Anti Barking Collar For Dog Bark Stopper 800m Remote Control Pet Training Collar Waterproof 1"},{"@type":"BreadcrumbList","@id":"https:\/\/18pet.com\/product\/waterproof-pet-dog-training-e-collar-800-yard-remote-control\/#breadcrumb","itemListElement":[{"@type":"ListItem","position":1,"name":"Home","item":"https:\/\/18pet.com\/"},{"@type":"ListItem","position":2,"name":"Products","item":"https:\/\/18pet.com\/tr\/products\/"},{"@type":"ListItem","position":3,"name":"Waterproof Pet Dog Training E-collar 800 Yard Remote Trainer"}]},{"@type":"WebSite","@id":"https:\/\/18pet.com\/id\/#website","url":"https:\/\/18pet.com\/id\/","name":"18pet.com","description":"Your pet supplies center","publisher":{"@id":"https:\/\/18pet.com\/id\/#organization"},"potentialAction":[{"@type":"SearchAction","target":{"@type":"EntryPoint","urlTemplate":"https:\/\/18pet.com\/id\/?s={search_term_string}"},"query-input":{"@type":"PropertyValueSpecification","valueRequired":true,"valueName":"search_term_string"}}],"inLanguage":"es"},{"@type":"Organization","@id":"https:\/\/18pet.com\/id\/#organization","name":"18pet.com","url":"https:\/\/18pet.com\/id\/","logo":{"@type":"ImageObject","inLanguage":"es","@id":"https:\/\/18pet.com\/id\/#\/schema\/logo\/image\/","url":"https:\/\/18pet.com\/wp-content\/uploads\/2023\/04\/18pet-white-background.png","contentUrl":"https:\/\/18pet.com\/wp-content\/uploads\/2023\/04\/18pet-white-background.png","width":515,"height":167,"caption":"18pet.com"},"image":{"@id":"https:\/\/18pet.com\/id\/#\/schema\/logo\/image\/"}}]}},"jetpack_sharing_enabled":true,"_links":{"self":[{"href":"https:\/\/18pet.com\/es\/wp-json\/wp\/v2\/product\/2821","targetHints":{"allow":["GET"]}}],"collection":[{"href":"https:\/\/18pet.com\/es\/wp-json\/wp\/v2\/product"}],"about":[{"href":"https:\/\/18pet.com\/es\/wp-json\/wp\/v2\/types\/product"}],"replies":[{"embeddable":true,"href":"https:\/\/18pet.com\/es\/wp-json\/wp\/v2\/comments?post=2821"}],"wp:featuredmedia":[{"embeddable":true,"href":"https:\/\/18pet.com\/es\/wp-json\/wp\/v2\/media\/2822"}],"wp:attachment":[{"href":"https:\/\/18pet.com\/es\/wp-json\/wp\/v2\/media?parent=2821"}],"wp:term":[{"taxonomy":"product_brand","embeddable":true,"href":"https:\/\/18pet.com\/es\/wp-json\/wp\/v2\/product_brand?post=2821"},{"taxonomy":"product_cat","embeddable":true,"href":"https:\/\/18pet.com\/es\/wp-json\/wp\/v2\/product_cat?post=2821"},{"taxonomy":"product_tag","embeddable":true,"href":"https:\/\/18pet.com\/es\/wp-json\/wp\/v2\/product_tag?post=2821"}],"curies":[{"name":"wp","href":"https:\/\/api.w.org\/{rel}","templated":true}]}}