{"id":2788,"date":"2022-04-29T16:20:17","date_gmt":"2022-04-29T16:20:17","guid":{"rendered":"https:\/\/18pet.com\/?post_type=product&#038;p=2788"},"modified":"2026-04-14T07:26:42","modified_gmt":"2026-04-14T07:26:42","slug":"dog-training-collar-stop-barking-anti-bark-collar","status":"publish","type":"product","link":"https:\/\/18pet.com\/es\/producto\/collar-de-adiestramiento-para-perros-deja-de-ladrar-collar-anti-ladridos\/","title":{"rendered":"<p>Collar de adiestramiento antiladridos para perros Barking Stopper<\/p>"},"content":{"rendered":"<h2>Aviso:<p>Consulte la clasificaci\u00f3n de colores, solo un modelo tiene una descarga el\u00e9ctrica. Otros modelos no tienen funci\u00f3n de descarga el\u00e9ctrica.<\/p><h2>\u00bfComo instalar?<\/h2><p>Mantenga presionado el bot\u00f3n de encendido durante 0,5 segundos para encender. Mant\u00e9ngalo presionado para apagar. Cuando est\u00e9 encendido, presione brevemente el bot\u00f3n de encendido para ajustar la sensibilidad. Las luces indicadoras le mostrar\u00e1n visualmente la sensibilidad actual, en un rango de 1 a 7. Las luces m\u00e1s encendidas indican las m\u00e1s sensibles.<br>\nOtro bot\u00f3n para cambiar el modo de trabajo. Presione brevemente para seleccionar una funci\u00f3n y la luz indicadora de la funci\u00f3n activada se encender\u00e1. Un collar tiene dos funciones, recordatorio de sonido y vibraci\u00f3n (la versi\u00f3n de descarga el\u00e9ctrica es recordatorio de sonido y descarga el\u00e9ctrica). Al presionar el bot\u00f3n, puede activar una sola funci\u00f3n o dos funciones.<\/p><h2>\u00bfC\u00f3mo funcionar\u00e1?<\/h2><p>Esta es una herramienta de educaci\u00f3n canina. Una vez que su perro haya recibido educaci\u00f3n para dejar de ladrar, incluso si no usa un collar en el futuro, no ladrar\u00e1 en exceso.<\/p><p>La salida de vibraci\u00f3n o descarga el\u00e9ctrica del antiladridos tiene 7 niveles. Se ajustar\u00e1 autom\u00e1ticamente.<\/p><p>Los perros son muy inteligentes. Por lo general, aprenden a no ladrar en exceso dentro de una o dos semanas para evitar vibraciones no deseadas o descargas el\u00e9ctricas seguras pero inc\u00f3modas.<\/p><p>Cuando un perro ladra por primera vez, activa la salida de menor intensidad.<br>\nSi el perro responde (deja de ladrar), la salida se bloquear\u00e1 en la marcha actual. Si el perro no responde, entrar\u00e1 en la intensidad de salida de la siguiente marcha.<br>\nY as\u00ed sucesivamente, hasta que la intensidad de salida alcance la s\u00e9ptima marcha. Si sigue sin responder, el antiladridos dejar\u00e1 de funcionar. Despu\u00e9s de un minuto, se reiniciar\u00e1 desde la marcha de salida m\u00e1s baja.<br>\nSi se activa 7 veces consecutivas en un minuto. El antiladridos dejar\u00e1 de funcionar autom\u00e1ticamente durante un minuto para evitar que las mascotas no se acostumbren a los nuevos equipos y reduzcan sus resultados de aprendizaje.<\/p><h2>Otras caracter\u00edsticas del producto:<\/h2><p>1. recargable.<br>\n2. con bater\u00eda de litio de gran capacidad, hasta 60 d\u00edas de larga espera. <strong><em>Si el ladrido del perro activa el funcionamiento y consume electricidad, acortar\u00e1 el tiempo de espera.<\/em><\/strong><br>\n3. El di\u00e1metro del cintur\u00f3n para perros se puede ajustar de 6 cm a 35 cm. Es adecuado para todo tipo de perros.<br>\n4. Este producto es resistente al agua, puede funcionar con fuertes vientos y fuertes lluvias.<\/p><p><img decoding=\"async\" class=\"img-responsive\" src=\"https:\/\/18pet.com\/wp-content\/uploads\/2023\/04\/2099476685-1.jpg\"> <img decoding=\"async\" class=\"img-responsive\" src=\"https:\/\/18pet.com\/wp-content\/uploads\/2023\/04\/1262615508-1.jpg\"> <img decoding=\"async\" class=\"img-responsive\" src=\"https:\/\/18pet.com\/wp-content\/uploads\/2023\/04\/753351339-1.jpg\"> <img decoding=\"async\" class=\"img-responsive\" src=\"https:\/\/18pet.com\/wp-content\/uploads\/2023\/04\/2082627193-1.jpg\"> <img decoding=\"async\" class=\"img-responsive\" src=\"https:\/\/18pet.com\/wp-content\/uploads\/2023\/04\/516350280-1.jpg\"><\/p><\/h2>","protected":false},"excerpt":{"rendered":"<p><strong>1. Bater\u00eda de alta capacidad.<\/strong> Recargable, con un tiempo de espera de hasta 60 d\u00edas.<br>\n<strong>2. Inofensivo para las mascotas.<\/strong>&nbsp; Si se activa 7 veces en un minuto, dejar\u00e1 de funcionar autom\u00e1ticamente durante un per\u00edodo de tiempo para evitar que la mascota no se acostumbre al nuevo collar y cause una tensi\u00f3n emocional excesiva.<br>\n<strong>3. Impermeable.<\/strong> Trabajar bajo fuertes lluvias no lo da\u00f1ar\u00e1.<br>\n<strong>4. Adecuado para perros de todos los tama\u00f1os.<\/strong><br>\n<strong>5. Evite la activaci\u00f3n falsa. <\/strong>Evita activaciones falsas causadas por ladridos de otros perros cercanos, ruido ambiental, truenos, etc.<br>\n<strong>6. <span style=\"color: #ff0000\">Garant\u00eda de devoluci\u00f3n de dinero de 30 d\u00edas.<\/span> <\/strong> Consulte nuestra pol\u00edtica de reembolso y devoluci\u00f3n para obtener m\u00e1s detalles.<\/p>","protected":false},"featured_media":2819,"comment_status":"open","ping_status":"closed","template":"","meta":[],"product_brand":[],"product_cat":[99],"product_tag":[256,257,246,244,261],"class_list":{"0":"post-2788","1":"product","2":"type-product","3":"status-publish","4":"has-post-thumbnail","6":"product_cat-training-collars","7":"product_tag-anti-bark","8":"product_tag-barking-stopper","9":"product_tag-collar","10":"product_tag-dog","11":"product_tag-training","12":"pa_color-black-footprints","13":"pa_color-blue-footprint","14":"pa_color-electric-shock","15":"pa_color-green-footprint","16":"pa_color-orange-footprints","17":"pa_color-purple","18":"pa_color-red-vibration","19":"pa_color-the-blue-bone","20":"pa_color-yellow-footprint","22":"first","23":"instock","24":"sale","25":"taxable","26":"shipping-taxable","27":"purchasable","28":"product-type-variable"},"yoast_head":"<!-- This site is optimized with the Yoast SEO plugin v25.0 - https:\/\/yoast.com\/wordpress\/plugins\/seo\/ -->\n<title>Barking Stopper Anti Bark Dog Training Collar &#8212; 18pet.com<\/title>\n<meta name=\"robots\" content=\"index, follow, max-snippet:-1, max-image-preview:large, max-video-preview:-1\" \/>\n<link rel=\"canonical\" href=\"https:\/\/18pet.com\/es\/producto\/collar-de-adiestramiento-para-perros-deja-de-ladrar-collar-anti-ladridos\/\" \/>\n<meta property=\"og:locale\" content=\"es_ES\" \/>\n<meta property=\"og:type\" content=\"article\" \/>\n<meta property=\"og:title\" content=\"Barking Stopper Anti Bark Dog Training Collar &#8212; 18pet.com\" \/>\n<meta property=\"og:description\" content=\"1. High capacity battery. Rechargeable, with a standby time of up to 60 days. 2. Harmless to pets.\u00a0 If triggered 7 times in a minute, it will automatically stop working for a period of time to prevent the pet from getting not used to the new collar and causing excessive emotional tension. 3. Waterproof. Working in heavy rain will not damage it. 4. Suitable to wear for dogs of all sizes. 5. Prevent false triggering. Prevent false triggering caused by barking of other nearby dogs, environmental noise, thunder, etc. 6. 30 Days Money Return Guarantee. Please refer to our refund and return policy for details.\" \/>\n<meta property=\"og:url\" content=\"https:\/\/18pet.com\/es\/producto\/collar-de-adiestramiento-para-perros-deja-de-ladrar-collar-anti-ladridos\/\" \/>\n<meta property=\"og:site_name\" content=\"18pet.com\" \/>\n<meta property=\"article:modified_time\" content=\"2026-04-14T07:26:42+00:00\" \/>\n<meta property=\"og:image\" content=\"https:\/\/18pet.com\/wp-content\/uploads\/2023\/04\/barking-stopper.jpg\" \/>\n\t<meta property=\"og:image:width\" content=\"800\" \/>\n\t<meta property=\"og:image:height\" content=\"800\" \/>\n\t<meta property=\"og:image:type\" content=\"image\/jpeg\" \/>\n<meta name=\"twitter:card\" content=\"summary_large_image\" \/>\n<meta name=\"twitter:label1\" content=\"Tiempo de lectura\" \/>\n\t<meta name=\"twitter:data1\" content=\"3 minutos\" \/>\n<script type=\"application\/ld+json\" class=\"yoast-schema-graph\">{\"@context\":\"https:\/\/schema.org\",\"@graph\":[{\"@type\":\"WebPage\",\"@id\":\"https:\/\/18pet.com\/product\/dog-training-collar-stop-barking-anti-bark-collar\/\",\"url\":\"https:\/\/18pet.com\/product\/dog-training-collar-stop-barking-anti-bark-collar\/\",\"name\":\"Barking Stopper Anti Bark Dog Training Collar &#8212; 18pet.com\",\"isPartOf\":{\"@id\":\"https:\/\/18pet.com\/id\/#website\"},\"primaryImageOfPage\":{\"@id\":\"https:\/\/18pet.com\/product\/dog-training-collar-stop-barking-anti-bark-collar\/#primaryimage\"},\"image\":{\"@id\":\"https:\/\/18pet.com\/product\/dog-training-collar-stop-barking-anti-bark-collar\/#primaryimage\"},\"thumbnailUrl\":\"https:\/\/18pet.com\/wp-content\/uploads\/2023\/04\/barking-stopper.jpg\",\"datePublished\":\"2022-04-29T16:20:17+00:00\",\"dateModified\":\"2026-04-14T07:26:42+00:00\",\"breadcrumb\":{\"@id\":\"https:\/\/18pet.com\/product\/dog-training-collar-stop-barking-anti-bark-collar\/#breadcrumb\"},\"inLanguage\":\"es\",\"potentialAction\":[{\"@type\":\"ReadAction\",\"target\":[\"https:\/\/18pet.com\/product\/dog-training-collar-stop-barking-anti-bark-collar\/\"]}]},{\"@type\":\"ImageObject\",\"inLanguage\":\"es\",\"@id\":\"https:\/\/18pet.com\/product\/dog-training-collar-stop-barking-anti-bark-collar\/#primaryimage\",\"url\":\"https:\/\/18pet.com\/wp-content\/uploads\/2023\/04\/barking-stopper.jpg\",\"contentUrl\":\"https:\/\/18pet.com\/wp-content\/uploads\/2023\/04\/barking-stopper.jpg\",\"width\":800,\"height\":800},{\"@type\":\"BreadcrumbList\",\"@id\":\"https:\/\/18pet.com\/product\/dog-training-collar-stop-barking-anti-bark-collar\/#breadcrumb\",\"itemListElement\":[{\"@type\":\"ListItem\",\"position\":1,\"name\":\"Home\",\"item\":\"https:\/\/18pet.com\/\"},{\"@type\":\"ListItem\",\"position\":2,\"name\":\"Products\",\"item\":\"https:\/\/18pet.com\/tr\/products\/\"},{\"@type\":\"ListItem\",\"position\":3,\"name\":\"Barking Stopper Anti Bark Dog Training Collar\"}]},{\"@type\":\"WebSite\",\"@id\":\"https:\/\/18pet.com\/id\/#website\",\"url\":\"https:\/\/18pet.com\/id\/\",\"name\":\"18pet.com\",\"description\":\"Your pet supplies center\",\"publisher\":{\"@id\":\"https:\/\/18pet.com\/id\/#organization\"},\"potentialAction\":[{\"@type\":\"SearchAction\",\"target\":{\"@type\":\"EntryPoint\",\"urlTemplate\":\"https:\/\/18pet.com\/id\/?s={search_term_string}\"},\"query-input\":{\"@type\":\"PropertyValueSpecification\",\"valueRequired\":true,\"valueName\":\"search_term_string\"}}],\"inLanguage\":\"es\"},{\"@type\":\"Organization\",\"@id\":\"https:\/\/18pet.com\/id\/#organization\",\"name\":\"18pet.com\",\"url\":\"https:\/\/18pet.com\/id\/\",\"logo\":{\"@type\":\"ImageObject\",\"inLanguage\":\"es\",\"@id\":\"https:\/\/18pet.com\/id\/#\/schema\/logo\/image\/\",\"url\":\"https:\/\/18pet.com\/wp-content\/uploads\/2023\/04\/18pet-white-background.png\",\"contentUrl\":\"https:\/\/18pet.com\/wp-content\/uploads\/2023\/04\/18pet-white-background.png\",\"width\":515,\"height\":167,\"caption\":\"18pet.com\"},\"image\":{\"@id\":\"https:\/\/18pet.com\/id\/#\/schema\/logo\/image\/\"}}]}<\/script>\n<!-- \/ Yoast SEO plugin. -->","yoast_head_json":{"title":"Barking Stopper Anti Bark Dog Training Collar &#8212; 18pet.com","robots":{"index":"index","follow":"follow","max-snippet":"max-snippet:-1","max-image-preview":"max-image-preview:large","max-video-preview":"max-video-preview:-1"},"canonical":"https:\/\/18pet.com\/es\/producto\/collar-de-adiestramiento-para-perros-deja-de-ladrar-collar-anti-ladridos\/","og_locale":"es_ES","og_type":"article","og_title":"Barking Stopper Anti Bark Dog Training Collar &#8212; 18pet.com","og_description":"1. High capacity battery. Rechargeable, with a standby time of up to 60 days. 2. Harmless to pets.\u00a0 If triggered 7 times in a minute, it will automatically stop working for a period of time to prevent the pet from getting not used to the new collar and causing excessive emotional tension. 3. Waterproof. Working in heavy rain will not damage it. 4. Suitable to wear for dogs of all sizes. 5. Prevent false triggering. Prevent false triggering caused by barking of other nearby dogs, environmental noise, thunder, etc. 6. 30 Days Money Return Guarantee. Please refer to our refund and return policy for details.","og_url":"https:\/\/18pet.com\/es\/producto\/collar-de-adiestramiento-para-perros-deja-de-ladrar-collar-anti-ladridos\/","og_site_name":"18pet.com","article_modified_time":"2026-04-14T07:26:42+00:00","og_image":[{"width":800,"height":800,"url":"https:\/\/18pet.com\/wp-content\/uploads\/2023\/04\/barking-stopper.jpg","type":"image\/jpeg"}],"twitter_card":"summary_large_image","twitter_misc":{"Tiempo de lectura":"3 minutos"},"schema":{"@context":"https:\/\/schema.org","@graph":[{"@type":"WebPage","@id":"https:\/\/18pet.com\/product\/dog-training-collar-stop-barking-anti-bark-collar\/","url":"https:\/\/18pet.com\/product\/dog-training-collar-stop-barking-anti-bark-collar\/","name":"Barking Stopper Anti Bark Dog Training Collar &#8212; 18pet.com","isPartOf":{"@id":"https:\/\/18pet.com\/id\/#website"},"primaryImageOfPage":{"@id":"https:\/\/18pet.com\/product\/dog-training-collar-stop-barking-anti-bark-collar\/#primaryimage"},"image":{"@id":"https:\/\/18pet.com\/product\/dog-training-collar-stop-barking-anti-bark-collar\/#primaryimage"},"thumbnailUrl":"https:\/\/18pet.com\/wp-content\/uploads\/2023\/04\/barking-stopper.jpg","datePublished":"2022-04-29T16:20:17+00:00","dateModified":"2026-04-14T07:26:42+00:00","breadcrumb":{"@id":"https:\/\/18pet.com\/product\/dog-training-collar-stop-barking-anti-bark-collar\/#breadcrumb"},"inLanguage":"es","potentialAction":[{"@type":"ReadAction","target":["https:\/\/18pet.com\/product\/dog-training-collar-stop-barking-anti-bark-collar\/"]}]},{"@type":"ImageObject","inLanguage":"es","@id":"https:\/\/18pet.com\/product\/dog-training-collar-stop-barking-anti-bark-collar\/#primaryimage","url":"https:\/\/18pet.com\/wp-content\/uploads\/2023\/04\/barking-stopper.jpg","contentUrl":"https:\/\/18pet.com\/wp-content\/uploads\/2023\/04\/barking-stopper.jpg","width":800,"height":800},{"@type":"BreadcrumbList","@id":"https:\/\/18pet.com\/product\/dog-training-collar-stop-barking-anti-bark-collar\/#breadcrumb","itemListElement":[{"@type":"ListItem","position":1,"name":"Home","item":"https:\/\/18pet.com\/"},{"@type":"ListItem","position":2,"name":"Products","item":"https:\/\/18pet.com\/tr\/products\/"},{"@type":"ListItem","position":3,"name":"Barking Stopper Anti Bark Dog Training Collar"}]},{"@type":"WebSite","@id":"https:\/\/18pet.com\/id\/#website","url":"https:\/\/18pet.com\/id\/","name":"18pet.com","description":"Your pet supplies center","publisher":{"@id":"https:\/\/18pet.com\/id\/#organization"},"potentialAction":[{"@type":"SearchAction","target":{"@type":"EntryPoint","urlTemplate":"https:\/\/18pet.com\/id\/?s={search_term_string}"},"query-input":{"@type":"PropertyValueSpecification","valueRequired":true,"valueName":"search_term_string"}}],"inLanguage":"es"},{"@type":"Organization","@id":"https:\/\/18pet.com\/id\/#organization","name":"18pet.com","url":"https:\/\/18pet.com\/id\/","logo":{"@type":"ImageObject","inLanguage":"es","@id":"https:\/\/18pet.com\/id\/#\/schema\/logo\/image\/","url":"https:\/\/18pet.com\/wp-content\/uploads\/2023\/04\/18pet-white-background.png","contentUrl":"https:\/\/18pet.com\/wp-content\/uploads\/2023\/04\/18pet-white-background.png","width":515,"height":167,"caption":"18pet.com"},"image":{"@id":"https:\/\/18pet.com\/id\/#\/schema\/logo\/image\/"}}]}},"jetpack_sharing_enabled":true,"_links":{"self":[{"href":"https:\/\/18pet.com\/es\/wp-json\/wp\/v2\/product\/2788","targetHints":{"allow":["GET"]}}],"collection":[{"href":"https:\/\/18pet.com\/es\/wp-json\/wp\/v2\/product"}],"about":[{"href":"https:\/\/18pet.com\/es\/wp-json\/wp\/v2\/types\/product"}],"replies":[{"embeddable":true,"href":"https:\/\/18pet.com\/es\/wp-json\/wp\/v2\/comments?post=2788"}],"wp:featuredmedia":[{"embeddable":true,"href":"https:\/\/18pet.com\/es\/wp-json\/wp\/v2\/media\/2819"}],"wp:attachment":[{"href":"https:\/\/18pet.com\/es\/wp-json\/wp\/v2\/media?parent=2788"}],"wp:term":[{"taxonomy":"product_brand","embeddable":true,"href":"https:\/\/18pet.com\/es\/wp-json\/wp\/v2\/product_brand?post=2788"},{"taxonomy":"product_cat","embeddable":true,"href":"https:\/\/18pet.com\/es\/wp-json\/wp\/v2\/product_cat?post=2788"},{"taxonomy":"product_tag","embeddable":true,"href":"https:\/\/18pet.com\/es\/wp-json\/wp\/v2\/product_tag?post=2788"}],"curies":[{"name":"wp","href":"https:\/\/api.w.org\/{rel}","templated":true}]}}