{"id":2738,"date":"2022-04-29T04:27:45","date_gmt":"2022-04-29T04:27:45","guid":{"rendered":"https:\/\/18pet.com\/?post_type=product&#038;p=2738"},"modified":"2026-04-03T20:17:45","modified_gmt":"2026-04-03T20:17:45","slug":"800-meters-waterproof-remote-control-rechargeable-dog-training-collar","status":"publish","type":"product","link":"https:\/\/18pet.com\/es\/producto\/800-metros-impermeable-control-remoto-recargable-collar-de-entrenamiento-perro\/","title":{"rendered":"<p>Collar de adiestramiento para perros recargable con mando a distancia impermeable de 800 metros<\/p>"},"content":{"rendered":"<div style=\"width: 100%\">\n<div style=\"width: 952px;\" class=\"wp-video\"><video class=\"wp-video-shortcode\" id=\"video-2738-1\" width=\"952\" height=\"540\" preload=\"metadata\" controls=\"controls\"><source type=\"video\/mp4\" src=\"https:\/\/18pet.com\/wp-content\/uploads\/2023\/04\/502-dog-training-collar.mp4?_=1\"><\/source><a href=\"https:\/\/18pet.com\/wp-content\/uploads\/2023\/04\/502-dog-training-collar.mp4\">https:\/\/18pet.com\/wp-content\/uploads\/2023\/04\/502-dog-training-collar.mp4<\/a><\/video><\/div>\n<h2>Descripci\u00f3n:<\/h2><p>Este collar electr\u00f3nico totalmente resistente al agua es muy popular entre los entrenadores de perros y los due\u00f1os de mascotas. Su sistema de adiestramiento te ayudar\u00e1 a controlar y adiestrar a tu perro en un rango efectivo mediante una serie de funciones. Incluye modo de vibraci\u00f3n, descarga el\u00e9ctrica y pitido. Con su dise\u00f1o remoto, puede dejar de ladrar y correr de forma remota. F\u00e1cil de devolver la llamada, dejar de morder y pelear. Ser\u00e1 tu buen asistente de entrenamiento.<br>\nRaza de perro aplicable:<br>\nPerro grande, Perro mediano, Perro peque\u00f1o.<br>\nEspecificaciones:<br>\nTipo de bater\u00eda: bater\u00eda de iones de litio (incorporada)<br>\nTiempo de carga: 4 horas<br>\nTiempo de espera: alrededor de una semana<br>\nPeso aproximado: 0,1 kg por collar; 0,06 kg por controlador.<br>\nPaquete que incluye:<br>\nCargador, control remoto, collar, luz de prueba, manual de usuario en ingl\u00e9s.<\/p><h2>Nota:<\/h2><p>Cargue el collar y el controlador antes de usarlos por primera vez.<br>\nElimine un mal comportamiento o ense\u00f1e un comando de obediencia a la vez, si el entrenamiento se vuelve demasiado r\u00e1pido, su mascota puede confundirse y repeler.<br>\nAntes de usar el modo de descarga el\u00e9ctrica para su mascota, primero debe probar la vibraci\u00f3n para su mascota.<br>\nObserva la reacci\u00f3n del perro y aseg\u00farate de que la intensidad del entrenamiento no sea demasiado.<br>\nExamine el \u00e1rea de contacto diariamente en busca de signos de sarpullido o llaga.<br>\nSi encuentra un sarpullido o una llaga, suspenda el uso del collar hasta que la piel se haya curado.<br>\nEste producto debe ser emparejado, antes de usar. Si hay alg\u00fan problema de que el producto no se puede usar, no dude en contactarnos, haremos todo lo posible para resolver el problema lo antes posible. \u00a1Gracias!<br>\nSi necesita un solo accesorio, cont\u00e1ctenos ~<\/p><p><img decoding=\"async\" class=\"img-responsive\" src=\"https:\/\/18pet.com\/wp-content\/uploads\/2023\/04\/1526762503-1.jpg\"><img decoding=\"async\" class=\"img-responsive\" src=\"https:\/\/18pet.com\/wp-content\/uploads\/2023\/04\/1158865097-1.jpg\"><img decoding=\"async\" class=\"img-responsive\" src=\"https:\/\/18pet.com\/wp-content\/uploads\/2023\/04\/664744353-1.jpg\"><img decoding=\"async\" class=\"img-responsive\" src=\"https:\/\/18pet.com\/wp-content\/uploads\/2023\/04\/281187688-1.jpg\"><img decoding=\"async\" class=\"img-responsive\" src=\"https:\/\/18pet.com\/wp-content\/uploads\/2023\/04\/1350907745-1.jpg\"><img decoding=\"async\" class=\"img-responsive\" src=\"https:\/\/18pet.com\/wp-content\/uploads\/2023\/04\/294235013-1.jpg\"><img decoding=\"async\" class=\"img-responsive\" src=\"https:\/\/18pet.com\/wp-content\/uploads\/2023\/04\/229578909-1.jpg\"><\/p><p><img decoding=\"async\" class=\"img-responsive\" src=\"https:\/\/18pet.com\/wp-content\/uploads\/2023\/04\/1834923469-1.jpg\"><img decoding=\"async\" class=\"img-responsive\" src=\"https:\/\/18pet.com\/wp-content\/uploads\/2023\/04\/926411691-1.jpg\"><img decoding=\"async\" class=\"img-responsive\" src=\"https:\/\/18pet.com\/wp-content\/uploads\/2023\/04\/1171196394-1.jpg\"><\/p><p>&nbsp;<\/p><\/div>","protected":false},"excerpt":{"rendered":"<p><strong>Durable:<\/strong> Bater\u00eda de litio recargable de alta calidad.<br>\n<strong>Dise\u00f1o impermeable:<\/strong> Los perros pueden usar collares para nadar y bucear.<br>\n<strong>Larga distancia de control:<\/strong> 800 metros<br>\n<strong>Modo m\u00faltiple:<\/strong> pitido, vibraci\u00f3n, descarga el\u00e9ctrica. Intensidad ajustable: la intensidad de la vibraci\u00f3n y la corriente se puede ajustar de 1 a 99, con un amplio rango.<br>\n<strong>Intensidad ajustable:<\/strong> La intensidad de la vibraci\u00f3n y la corriente se puede ajustar de 1 a 99, con un amplio rango.<br>\n<strong>Configuraci\u00f3n flexible:<\/strong> un controlador se puede emparejar con 1 a 3 collares.<\/p>","protected":false},"featured_media":2750,"comment_status":"open","ping_status":"closed","template":"","meta":[],"product_brand":[],"product_cat":[99],"product_tag":[246,244,261],"class_list":{"0":"post-2738","1":"product","2":"type-product","3":"status-publish","4":"has-post-thumbnail","6":"product_cat-training-collars","7":"product_tag-collar","8":"product_tag-dog","9":"product_tag-training","10":"pa_color-black-and-blue","11":"pa_color-black-and-orange","12":"pa_color-black-and-yellow","13":"pa_color-for-1-dog","14":"pa_color-two-black","15":"pa_plug-type-au-plug","16":"pa_plug-type-eu-plug","17":"pa_plug-type-uk-plug","18":"pa_plug-type-us-plug","19":"pa_ships-from-china","21":"first","22":"instock","23":"sale","24":"taxable","25":"shipping-taxable","26":"purchasable","27":"product-type-variable"},"yoast_head":"<!-- This site is optimized with the Yoast SEO plugin v25.0 - https:\/\/yoast.com\/wordpress\/plugins\/seo\/ -->\n<title>800 Meters Waterproof Remote Control Rechargeable Dog Training Collar &#8212; 18pet.com<\/title>\n<meta name=\"robots\" content=\"index, follow, max-snippet:-1, max-image-preview:large, max-video-preview:-1\" \/>\n<link rel=\"canonical\" href=\"https:\/\/18pet.com\/es\/producto\/800-metros-impermeable-control-remoto-recargable-collar-de-entrenamiento-perro\/\" \/>\n<meta property=\"og:locale\" content=\"es_ES\" \/>\n<meta property=\"og:type\" content=\"article\" \/>\n<meta property=\"og:title\" content=\"800 Meters Waterproof Remote Control Rechargeable Dog Training Collar &#8212; 18pet.com\" \/>\n<meta property=\"og:description\" content=\"Durable: High quality rechargeable lithium battery. Waterproof design: Dogs can wear collars for swimming and diving. Long control distance: 800 meters. Multi mode: beep, vibration, electric shock.Adjustable intensity: The intensity of vibration and current can be adjusted from 1 to 99, with a wide range. Adjustable intensity: The intensity of vibration and current can be adjusted from 1 to 99, with a wide range. Flexible configuration: one controller can be paired with 1 to 3 collars.\" \/>\n<meta property=\"og:url\" content=\"https:\/\/18pet.com\/es\/producto\/800-metros-impermeable-control-remoto-recargable-collar-de-entrenamiento-perro\/\" \/>\n<meta property=\"og:site_name\" content=\"18pet.com\" \/>\n<meta property=\"article:modified_time\" content=\"2026-04-03T20:17:45+00:00\" \/>\n<meta property=\"og:image\" content=\"https:\/\/18pet.com\/wp-content\/uploads\/2023\/04\/1526762503-1.jpg\" \/>\n\t<meta property=\"og:image:width\" content=\"800\" \/>\n\t<meta property=\"og:image:height\" content=\"800\" \/>\n\t<meta property=\"og:image:type\" content=\"image\/jpeg\" \/>\n<meta name=\"twitter:card\" content=\"summary_large_image\" \/>\n<meta name=\"twitter:label1\" content=\"Tiempo de lectura\" \/>\n\t<meta name=\"twitter:data1\" content=\"1 minuto\" \/>\n<script type=\"application\/ld+json\" class=\"yoast-schema-graph\">{\"@context\":\"https:\/\/schema.org\",\"@graph\":[{\"@type\":\"WebPage\",\"@id\":\"https:\/\/18pet.com\/product\/800-meters-waterproof-remote-control-rechargeable-dog-training-collar\/\",\"url\":\"https:\/\/18pet.com\/product\/800-meters-waterproof-remote-control-rechargeable-dog-training-collar\/\",\"name\":\"800 Meters Waterproof Remote Control Rechargeable Dog Training Collar &#8212; 18pet.com\",\"isPartOf\":{\"@id\":\"https:\/\/18pet.com\/id\/#website\"},\"primaryImageOfPage\":{\"@id\":\"https:\/\/18pet.com\/product\/800-meters-waterproof-remote-control-rechargeable-dog-training-collar\/#primaryimage\"},\"image\":{\"@id\":\"https:\/\/18pet.com\/product\/800-meters-waterproof-remote-control-rechargeable-dog-training-collar\/#primaryimage\"},\"thumbnailUrl\":\"https:\/\/18pet.com\/wp-content\/uploads\/2023\/04\/1526762503-1.jpg\",\"datePublished\":\"2022-04-29T04:27:45+00:00\",\"dateModified\":\"2026-04-03T20:17:45+00:00\",\"breadcrumb\":{\"@id\":\"https:\/\/18pet.com\/product\/800-meters-waterproof-remote-control-rechargeable-dog-training-collar\/#breadcrumb\"},\"inLanguage\":\"es\",\"potentialAction\":[{\"@type\":\"ReadAction\",\"target\":[\"https:\/\/18pet.com\/product\/800-meters-waterproof-remote-control-rechargeable-dog-training-collar\/\"]}]},{\"@type\":\"ImageObject\",\"inLanguage\":\"es\",\"@id\":\"https:\/\/18pet.com\/product\/800-meters-waterproof-remote-control-rechargeable-dog-training-collar\/#primaryimage\",\"url\":\"https:\/\/18pet.com\/wp-content\/uploads\/2023\/04\/1526762503-1.jpg\",\"contentUrl\":\"https:\/\/18pet.com\/wp-content\/uploads\/2023\/04\/1526762503-1.jpg\",\"width\":800,\"height\":800,\"caption\":\"800m Electric Dog Training Collar Waterproof Pet Remote Control Rechargeable training dog collar with Shock Vibration Sound 12\"},{\"@type\":\"BreadcrumbList\",\"@id\":\"https:\/\/18pet.com\/product\/800-meters-waterproof-remote-control-rechargeable-dog-training-collar\/#breadcrumb\",\"itemListElement\":[{\"@type\":\"ListItem\",\"position\":1,\"name\":\"Home\",\"item\":\"https:\/\/18pet.com\/\"},{\"@type\":\"ListItem\",\"position\":2,\"name\":\"Products\",\"item\":\"https:\/\/18pet.com\/tr\/products\/\"},{\"@type\":\"ListItem\",\"position\":3,\"name\":\"800 Meters Waterproof Remote Control Rechargeable Dog Training Collar\"}]},{\"@type\":\"WebSite\",\"@id\":\"https:\/\/18pet.com\/id\/#website\",\"url\":\"https:\/\/18pet.com\/id\/\",\"name\":\"18pet.com\",\"description\":\"Your pet supplies center\",\"publisher\":{\"@id\":\"https:\/\/18pet.com\/id\/#organization\"},\"potentialAction\":[{\"@type\":\"SearchAction\",\"target\":{\"@type\":\"EntryPoint\",\"urlTemplate\":\"https:\/\/18pet.com\/id\/?s={search_term_string}\"},\"query-input\":{\"@type\":\"PropertyValueSpecification\",\"valueRequired\":true,\"valueName\":\"search_term_string\"}}],\"inLanguage\":\"es\"},{\"@type\":\"Organization\",\"@id\":\"https:\/\/18pet.com\/id\/#organization\",\"name\":\"18pet.com\",\"url\":\"https:\/\/18pet.com\/id\/\",\"logo\":{\"@type\":\"ImageObject\",\"inLanguage\":\"es\",\"@id\":\"https:\/\/18pet.com\/id\/#\/schema\/logo\/image\/\",\"url\":\"https:\/\/18pet.com\/wp-content\/uploads\/2023\/04\/18pet-white-background.png\",\"contentUrl\":\"https:\/\/18pet.com\/wp-content\/uploads\/2023\/04\/18pet-white-background.png\",\"width\":515,\"height\":167,\"caption\":\"18pet.com\"},\"image\":{\"@id\":\"https:\/\/18pet.com\/id\/#\/schema\/logo\/image\/\"}}]}<\/script>\n<!-- \/ Yoast SEO plugin. -->","yoast_head_json":{"title":"800 Meters Waterproof Remote Control Rechargeable Dog Training Collar &#8212; 18pet.com","robots":{"index":"index","follow":"follow","max-snippet":"max-snippet:-1","max-image-preview":"max-image-preview:large","max-video-preview":"max-video-preview:-1"},"canonical":"https:\/\/18pet.com\/es\/producto\/800-metros-impermeable-control-remoto-recargable-collar-de-entrenamiento-perro\/","og_locale":"es_ES","og_type":"article","og_title":"800 Meters Waterproof Remote Control Rechargeable Dog Training Collar &#8212; 18pet.com","og_description":"Durable: High quality rechargeable lithium battery. Waterproof design: Dogs can wear collars for swimming and diving. Long control distance: 800 meters. Multi mode: beep, vibration, electric shock.Adjustable intensity: The intensity of vibration and current can be adjusted from 1 to 99, with a wide range. Adjustable intensity: The intensity of vibration and current can be adjusted from 1 to 99, with a wide range. Flexible configuration: one controller can be paired with 1 to 3 collars.","og_url":"https:\/\/18pet.com\/es\/producto\/800-metros-impermeable-control-remoto-recargable-collar-de-entrenamiento-perro\/","og_site_name":"18pet.com","article_modified_time":"2026-04-03T20:17:45+00:00","og_image":[{"width":800,"height":800,"url":"https:\/\/18pet.com\/wp-content\/uploads\/2023\/04\/1526762503-1.jpg","type":"image\/jpeg"}],"twitter_card":"summary_large_image","twitter_misc":{"Tiempo de lectura":"1 minuto"},"schema":{"@context":"https:\/\/schema.org","@graph":[{"@type":"WebPage","@id":"https:\/\/18pet.com\/product\/800-meters-waterproof-remote-control-rechargeable-dog-training-collar\/","url":"https:\/\/18pet.com\/product\/800-meters-waterproof-remote-control-rechargeable-dog-training-collar\/","name":"800 Meters Waterproof Remote Control Rechargeable Dog Training Collar &#8212; 18pet.com","isPartOf":{"@id":"https:\/\/18pet.com\/id\/#website"},"primaryImageOfPage":{"@id":"https:\/\/18pet.com\/product\/800-meters-waterproof-remote-control-rechargeable-dog-training-collar\/#primaryimage"},"image":{"@id":"https:\/\/18pet.com\/product\/800-meters-waterproof-remote-control-rechargeable-dog-training-collar\/#primaryimage"},"thumbnailUrl":"https:\/\/18pet.com\/wp-content\/uploads\/2023\/04\/1526762503-1.jpg","datePublished":"2022-04-29T04:27:45+00:00","dateModified":"2026-04-03T20:17:45+00:00","breadcrumb":{"@id":"https:\/\/18pet.com\/product\/800-meters-waterproof-remote-control-rechargeable-dog-training-collar\/#breadcrumb"},"inLanguage":"es","potentialAction":[{"@type":"ReadAction","target":["https:\/\/18pet.com\/product\/800-meters-waterproof-remote-control-rechargeable-dog-training-collar\/"]}]},{"@type":"ImageObject","inLanguage":"es","@id":"https:\/\/18pet.com\/product\/800-meters-waterproof-remote-control-rechargeable-dog-training-collar\/#primaryimage","url":"https:\/\/18pet.com\/wp-content\/uploads\/2023\/04\/1526762503-1.jpg","contentUrl":"https:\/\/18pet.com\/wp-content\/uploads\/2023\/04\/1526762503-1.jpg","width":800,"height":800,"caption":"800m Electric Dog Training Collar Waterproof Pet Remote Control Rechargeable training dog collar with Shock Vibration Sound 12"},{"@type":"BreadcrumbList","@id":"https:\/\/18pet.com\/product\/800-meters-waterproof-remote-control-rechargeable-dog-training-collar\/#breadcrumb","itemListElement":[{"@type":"ListItem","position":1,"name":"Home","item":"https:\/\/18pet.com\/"},{"@type":"ListItem","position":2,"name":"Products","item":"https:\/\/18pet.com\/tr\/products\/"},{"@type":"ListItem","position":3,"name":"800 Meters Waterproof Remote Control Rechargeable Dog Training Collar"}]},{"@type":"WebSite","@id":"https:\/\/18pet.com\/id\/#website","url":"https:\/\/18pet.com\/id\/","name":"18pet.com","description":"Your pet supplies center","publisher":{"@id":"https:\/\/18pet.com\/id\/#organization"},"potentialAction":[{"@type":"SearchAction","target":{"@type":"EntryPoint","urlTemplate":"https:\/\/18pet.com\/id\/?s={search_term_string}"},"query-input":{"@type":"PropertyValueSpecification","valueRequired":true,"valueName":"search_term_string"}}],"inLanguage":"es"},{"@type":"Organization","@id":"https:\/\/18pet.com\/id\/#organization","name":"18pet.com","url":"https:\/\/18pet.com\/id\/","logo":{"@type":"ImageObject","inLanguage":"es","@id":"https:\/\/18pet.com\/id\/#\/schema\/logo\/image\/","url":"https:\/\/18pet.com\/wp-content\/uploads\/2023\/04\/18pet-white-background.png","contentUrl":"https:\/\/18pet.com\/wp-content\/uploads\/2023\/04\/18pet-white-background.png","width":515,"height":167,"caption":"18pet.com"},"image":{"@id":"https:\/\/18pet.com\/id\/#\/schema\/logo\/image\/"}}]}},"jetpack_sharing_enabled":true,"_links":{"self":[{"href":"https:\/\/18pet.com\/es\/wp-json\/wp\/v2\/product\/2738","targetHints":{"allow":["GET"]}}],"collection":[{"href":"https:\/\/18pet.com\/es\/wp-json\/wp\/v2\/product"}],"about":[{"href":"https:\/\/18pet.com\/es\/wp-json\/wp\/v2\/types\/product"}],"replies":[{"embeddable":true,"href":"https:\/\/18pet.com\/es\/wp-json\/wp\/v2\/comments?post=2738"}],"wp:featuredmedia":[{"embeddable":true,"href":"https:\/\/18pet.com\/es\/wp-json\/wp\/v2\/media\/2750"}],"wp:attachment":[{"href":"https:\/\/18pet.com\/es\/wp-json\/wp\/v2\/media?parent=2738"}],"wp:term":[{"taxonomy":"product_brand","embeddable":true,"href":"https:\/\/18pet.com\/es\/wp-json\/wp\/v2\/product_brand?post=2738"},{"taxonomy":"product_cat","embeddable":true,"href":"https:\/\/18pet.com\/es\/wp-json\/wp\/v2\/product_cat?post=2738"},{"taxonomy":"product_tag","embeddable":true,"href":"https:\/\/18pet.com\/es\/wp-json\/wp\/v2\/product_tag?post=2738"}],"curies":[{"name":"wp","href":"https:\/\/api.w.org\/{rel}","templated":true}]}}