{"id":2430,"date":"2023-04-20T13:50:45","date_gmt":"2023-04-20T13:50:45","guid":{"rendered":"https:\/\/18pet.com\/?page_id=2430"},"modified":"2023-04-20T13:56:10","modified_gmt":"2023-04-20T13:56:10","slug":"terms-of-service","status":"publish","type":"page","link":"https:\/\/18pet.com\/es\/terminos-de-servicio\/","title":{"rendered":"<p>Condiciones de servicio<\/p>"},"content":{"rendered":"<div data-elementor-type=\"wp-page\" data-elementor-id=\"2430\" class=\"elementor elementor-2430\">\n\t\t\t\t\t\t<section class=\"elementor-section elementor-top-section elementor-element elementor-element-fa4b762 ct-section-stretched elementor-section-boxed elementor-section-height-default elementor-section-height-default\" data-id=\"fa4b762\" data-element_type=\"section\" data-settings='{\"background_background\":\"classic\"}'>\n\t\t\t\t\t\t\t<div class=\"elementor-background-overlay\"><\/div>\n\t\t\t\t\t\t\t<div class=\"elementor-container elementor-column-gap-default\">\n\t\t\t\t\t<div class=\"elementor-column elementor-col-100 elementor-top-column elementor-element elementor-element-6e959f6\" data-id=\"6e959f6\" data-element_type=\"column\">\n\t\t\t<div class=\"elementor-widget-wrap elementor-element-populated\">\n\t\t\t\t\t\t<div class=\"elementor-element elementor-element-f7d8dcc elementor-widget elementor-widget-text-editor\" data-id=\"f7d8dcc\" data-element_type=\"widget\" data-widget_type=\"text-editor.default\">\n\t\t\t\t<div class=\"elementor-widget-container\">\n\t\t\t\t\t\t\t\t\t<p>Tenemos los mejores productos para mascotas<\/p>\t\t\t\t\t\t\t\t<\/div>\n\t\t\t\t<\/div>\n\t\t\t\t<div class=\"elementor-element elementor-element-ac31ce6 elementor-widget elementor-widget-heading\" data-id=\"ac31ce6\" data-element_type=\"widget\" data-widget_type=\"heading.default\">\n\t\t\t\t<div class=\"elementor-widget-container\">\n\t\t\t\t\t<h2 class=\"elementor-heading-title elementor-size-default\">Condiciones de servicio<\/h2>\t\t\t\t<\/div>\n\t\t\t\t<\/div>\n\t\t\t\t<div class=\"elementor-element elementor-element-386da4c elementor-widget elementor-widget-image\" data-id=\"386da4c\" data-element_type=\"widget\" data-widget_type=\"image.default\">\n\t\t\t\t<div class=\"elementor-widget-container\">\n\t\t\t\t\t\t\t\t\t\t\t\t\t\t\t<img fetchpriority=\"high\" decoding=\"async\" width=\"1721\" height=\"595\" src=\"https:\/\/18pet.com\/wp-content\/uploads\/2021\/12\/about-us-hero-pets_optimized.webp\" class=\"attachment-full size-full wp-image-286\" alt=\"\" srcset=\"https:\/\/18pet.com\/wp-content\/uploads\/2021\/12\/about-us-hero-pets_optimized.webp 1721w, https:\/\/18pet.com\/wp-content\/uploads\/2021\/12\/about-us-hero-pets_optimized-600x207.webp 600w, https:\/\/18pet.com\/wp-content\/uploads\/2021\/12\/about-us-hero-pets_optimized-300x104.webp 300w, https:\/\/18pet.com\/wp-content\/uploads\/2021\/12\/about-us-hero-pets_optimized-1024x354.webp 1024w, https:\/\/18pet.com\/wp-content\/uploads\/2021\/12\/about-us-hero-pets_optimized-768x266.webp 768w, https:\/\/18pet.com\/wp-content\/uploads\/2021\/12\/about-us-hero-pets_optimized-1536x531.webp 1536w\" sizes=\"(max-width: 1721px) 100vw, 1721px\">\t\t\t\t\t\t\t\t\t\t\t\t\t\t\t<\/div>\n\t\t\t\t<\/div>\n\t\t\t\t\t<\/div>\n\t\t<\/div>\n\t\t\t\t\t<\/div>\n\t\t<\/section>\n\t\t<div class=\"elementor-element elementor-element-a8c1f2e e-flex e-con-boxed e-con e-parent\" data-id=\"a8c1f2e\" data-element_type=\"container\">\n\t\t\t\t\t<div class=\"e-con-inner\">\n\t\t\t\t<div class=\"elementor-element elementor-element-753a3ea elementor-widget elementor-widget-text-editor\" data-id=\"753a3ea\" data-element_type=\"widget\" data-widget_type=\"text-editor.default\">\n\t\t\t\t<div class=\"elementor-widget-container\">\n\t\t\t\t\t\t\t\t\t<p><strong><b>Condiciones de servicio del sitio web<\/b><\/strong><\/p><p>\u00daltima actualizaci\u00f3n: 28 de marzo de 2023<\/p><p>&nbsp;<\/p><p>Estos T\u00e9rminos de servicio (los ?T\u00e9rminos?) se aplican a su uso del sitio web &quot;18Pet.com&quot;. El sitio web es proporcionado por China MaoMing Quark Trading Ltd.(?18Pet,? ?Nosotros? ?Nosotros? o ?Nuestro?).<\/p><p>&nbsp;<\/p><p>Su uso del sitio web est\u00e1 sujeto a estos T\u00e9rminos, junto con cualquier acuerdo escrito que celebre con nosotros u otros t\u00e9rminos que publiquemos con el sitio web (?T\u00e9rminos adicionales?). Los T\u00e9rminos adicionales se incorporan por referencia a estos T\u00e9rminos.<\/p><p>&nbsp;<\/p><p>Al utilizar el sitio web, usted acepta estar sujeto a estos T\u00e9rminos, as\u00ed que l\u00e9alos detenidamente. No use el sitio web si no est\u00e1 de acuerdo con estos T\u00e9rminos.<\/p><p>&nbsp;<\/p><p><strong><b>Aceptaci\u00f3n de los T\u00e9rminos de uso.<\/b><\/strong>&nbsp;Usted afirma que tiene al menos 18 a\u00f1os de edad o que ha revisado estos T\u00e9rminos con su padre o tutor y que \u00e9l o ella acepta estos T\u00e9rminos en su nombre. Si tiene menos de 18 a\u00f1os, puede usar el sitio web solo con la participaci\u00f3n de un padre o tutor.<\/p><p>&nbsp;<\/p><p><strong><b>Cambios a estos T\u00e9rminos.&nbsp;<\/b><\/strong>Podemos cambiar estos T\u00e9rminos de vez en cuando. Si lo hacemos, publicaremos la versi\u00f3n m\u00e1s reciente en Nuestro sitio. Puede ver los T\u00e9rminos m\u00e1s recientes en cualquier momento haciendo clic en ?T\u00e9rminos de servicio? enlace en la parte inferior de la p\u00e1gina web correspondiente. Le animamos a comprobar si hay actualizaciones peri\u00f3dicamente. Su uso continuado del sitio web significa que ha aceptado los T\u00e9rminos actualizados.<\/p><p>&nbsp;<\/p><p><strong><b>Privacidad.<\/b><\/strong>&nbsp;Su privacidad es importante para nosotros. Hemos proporcionado una Pol\u00edtica de privacidad para explicar qu\u00e9 informaci\u00f3n sobre usted recopilamos y c\u00f3mo usamos, compartimos y protegemos dicha informaci\u00f3n. Al usar el sitio web, usted acepta nuestra recopilaci\u00f3n y uso de su informaci\u00f3n como se describe en la Pol\u00edtica de privacidad. Le recomendamos que revise la Pol\u00edtica de privacidad para obtener m\u00e1s informaci\u00f3n. P\u00f3ngase en contacto con nosotros en service@18pet.com, si tiene alguna pregunta.<\/p><p>&nbsp;<\/p><p><strong><b>Comunicaciones Electr\u00f3nicas.&nbsp;<\/b><\/strong>Cuando nos env\u00eda correos electr\u00f3nicos, se est\u00e1 comunicando con nosotros electr\u00f3nicamente. Usted acepta recibir nuestras comunicaciones electr\u00f3nicamente. Nos comunicaremos con usted por correo electr\u00f3nico o publicando avisos en este sitio web. Usted acepta que todos los acuerdos, avisos, divulgaciones y otras comunicaciones que le proporcionamos electr\u00f3nicamente satisfacen cualquier requisito legal de que dichas comunicaciones se realicen por escrito.<\/p><p>&nbsp;<\/p><p><strong><b>Propiedad del contenido.&nbsp;<\/b><\/strong>Las fotos, las im\u00e1genes, los videos, los gr\u00e1ficos, el texto y el contenido que se muestran o se usan en relaci\u00f3n con Nuestro sitio web (\u00bfContenido?), incluidos, entre otros, el dise\u00f1o, la expresi\u00f3n y la disposici\u00f3n de dicho Contenido, son de nuestra propiedad exclusiva y exclusiva o son con licencia para nosotros y est\u00e1 protegido por China y las leyes internacionales de derechos de autor. No se le permite copiar, modificar, exhibir, otorgar licencias, crear obras derivadas o explotar de otro modo nuestro contenido sin nuestro permiso por escrito.<\/p><p>&nbsp;<\/p><p><strong><b>Uso del Sitio Web.&nbsp;<\/b><\/strong>Usted acepta que no utilizar\u00e1 el sitio web para ning\u00fan prop\u00f3sito ilegal, de una manera prohibida por los T\u00e9rminos, o de una manera que interfiera con nuestra operaci\u00f3n o el uso y disfrute de cualquier usuario del sitio web. Por ejemplo, al usar Nuestro sitio web, usted acepta no:<\/p><p>&nbsp;<\/p><p>Usar cualquier software o herramienta de pirater\u00eda o trampa;<\/p><p>Usar cualquier robot, iframe, ara\u00f1a, rastreador, raspador u otro medio o interfaz automatizado no proporcionado por nosotros para acceder al sitio web, incluido, entre otros, con el fin de copiar, extraer, agregar, mostrar, publicar o distribuir cualquier contenido o datos disponible a trav\u00e9s del sitio web;<\/p><p>Cargar cualquier archivo que pueda da\u00f1ar Nuestro sitio web; o<\/p><p>Intentar modificar cualquier sitio web de una manera que no hayamos permitido.<\/p><p>Si desea informar una violaci\u00f3n de estos T\u00e9rminos, cont\u00e1ctenos en service@18pet.com.<\/p><p>&nbsp;<\/p><p>Servicio al Cliente. Si tiene alguna pregunta sobre Nuestros productos o servicios, no dude en contactarnos por correo electr\u00f3nico a service@18pet.com.<\/p><p>&nbsp;<\/p><p><strong><b>Avisos de infracci\u00f3n\/uso de derechos de autor.<\/b><\/strong><\/p><p>&nbsp;<\/p><p>Si cree que se est\u00e1n infringiendo sus materiales protegidos por derechos de autor en nuestro sitio web, comun\u00edquese con nosotros:<\/p><p>&nbsp;<\/p><p>WhatsApp:+8618802589981<\/p><p>WeChat:+8618802589981<\/p><p>Correo electr\u00f3nico: service@18pet.com<\/p><p>&nbsp;<\/p><p><strong><b>Enlaces a sitios web y contenido de terceros.&nbsp;<\/b><\/strong>Nuestro sitio web puede incluir enlaces a sitios web o contenido propiedad de terceros u operados por ellos. Algunos sitios de terceros pueden recopilar datos o solicitarle informaci\u00f3n personal. 18Pet no posee ni controla dichos sitios y no es responsable de su contenido o acciones. Le sugerimos que lea los t\u00e9rminos y condiciones y las pol\u00edticas de privacidad de cualquier sitio web o contenido vinculado a Nuestro sitio web para conocer las pr\u00e1cticas de terceros.<\/p><p>&nbsp;<\/p><p><strong><b>Modificaci\u00f3n\/Cancelaci\u00f3n del sitio web.&nbsp;<\/b><\/strong>Regularmente actualizamos y cambiamos nuestro sitio web. Tambi\u00e9n podemos eliminar o modificar caracter\u00edsticas, funcionalidades o eliminar o descontinuar un producto. Usted acepta que podemos suspender o rescindir su derecho a acceder a Nuestro sitio web en cualquier momento y por cualquier motivo. Si se entera de que hemos suspendido o rescindido su derecho a nuestro sitio web, acepta no intentar acceder al sitio web nuevamente sin nuestro permiso.<\/p><p>&nbsp;<\/p><p><strong><b>Disputas e Indemnizaciones.<\/b><\/strong><\/p><p>&nbsp;<\/p><p>POR FAVOR LEA ESTA SECCI\u00d3N CUIDADOSAMENTE PORQUE AFECTA SUS DERECHOS LEGALES.<\/p><p>&nbsp;<\/p><p>Esperamos que no tenga ning\u00fan problema cuando use nuestro sitio web. Si es as\u00ed, le pedimos que se comunique con el servicio de atenci\u00f3n al cliente de 18Pet en service@18pet.com. Sin embargo, si hay un problema que no podemos solucionar y usted tiene alg\u00fan reclamo, causa de acci\u00f3n o disputa (\u00bfun ?reclamo?) que nos involucre (incluidos nuestros funcionarios, directores, afiliados, empleados, agentes, sucesores y asigna) que surja de estos T\u00e9rminos o se relacione con ellos, debe presentar ese reclamo dentro de un a\u00f1o, a menos que la ley exija un per\u00edodo m\u00e1s largo. Si no lo hace, perder\u00e1 el derecho a presentar la reclamaci\u00f3n.<\/p><p>&nbsp;<\/p><p>Las leyes de China se aplicar\u00e1n a estos T\u00e9rminos y al uso que haga de Nuestro sitio web. Usted acepta la jurisdicci\u00f3n exclusiva de China. Si presentamos una demanda en su contra para hacer valer Nuestros derechos bajo estos T\u00e9rminos, tendremos derecho a recuperar a Nuestros abogados razonables. honorarios y costos de usted. Si usted o cualquier otra persona presenta un reclamo que surja de o est\u00e9 relacionado con su uso del sitio web, acepta indemnizarnos y eximirnos de cualquier reclamo, p\u00e9rdida, gasto, da\u00f1o y costo (incluidos los honorarios de abogados) que tengamos. en relaci\u00f3n con cualquier reclamaci\u00f3n de este tipo. Si tiene una disputa con otra persona relacionada con 18Pet, nos libera de cualquier responsabilidad que surja de esa disputa o est\u00e9 relacionada con ella.<\/p><p>&nbsp;<\/p><p><strong><b>Renuncia de Garant\u00edas.&nbsp;<\/b><\/strong>PROPORCIONAMOS NUESTRO SITIO WEB ?TAL CUAL? SIN NINGUNA REPRESENTACI\u00d3N O GARANT\u00cdA DE NING\u00daN TIPO. 18Pet RENUNCIA EN LA MEDIDA M\u00c1XIMA PERMITIDA POR LA LEY TODAS LAS REPRESENTACIONES Y GARANT\u00cdAS RELATIVAS A NUESTRO SITIO WEB. SIN LIMITAR LA GENERALIDAD DE LA DECLARACI\u00d3N ANTERIOR, RENUNCIAMOS EN LA MEDIDA M\u00c1XIMA PERMITIDA POR LA LEY CUALQUIERA Y TODAS (A) GARANT\u00cdAS DE COMERCIABILIDAD O IDONEIDAD PARA UN PROP\u00d3SITO PARTICULAR; (B) GARANT\u00cdAS CONTRA LA VIOLACI\u00d3N DE CUALQUIER PROPIEDAD INTELECTUAL O DERECHOS DE PROPIEDAD DE TERCEROS; (C) GARANT\u00cdAS RELACIONADAS CON LA TRANSMISI\u00d3N O ENTREGA DEL SITIO WEB; (D) GARANT\u00cdAS RELACIONADAS CON LA EXACTITUD, CONFIABILIDAD, CORRECCI\u00d3N O INTEGRIDAD DE LOS DATOS DISPONIBLES EN EL SITIO WEB; Y (E) GARANT\u00cdAS RELACIONADAS DE OTRO MODO CON EL RENDIMIENTO, EL INCUMPLIMIENTO U OTROS ACTOS U OMISIONES POR PARTE DE 18Pet O CUALQUIER TERCERO. ADEM\u00c1S, NO HAY GARANT\u00cdA DE QUE EL SITIO WEB SATISFAGA SUS NECESIDADES O REQUISITOS O LAS NECESIDADES O REQUISITOS DE CUALQUIER OTRA PERSONA. NO OFRECEMOS NINGUNA GARANT\u00cdA NI REPRESENTACI\u00d3N, EXPL\u00cdCITA O IMPL\u00cdCITA, (X) DE QUE LA INFORMACI\u00d3N PROPORCIONADA A TRAV\u00c9S DEL SITIO WEB ESTAR\u00c1 LIBRE DE ERRORES, OMISIONES, INTERRUPCIONES, DEFECTOS O RETRASO EN LA OPERACI\u00d3N, O DE IMPRECISIONES T\u00c9CNICAS O ERRORES TIPOGR\u00c1FICOS; (Y) QUE EL SITIO WEB ESTAR\u00c1 DISPONIBLE EN CUALQUIER MOMENTO O LUGAR EN PARTICULAR; O (Z) QUE EL SITIO WEB EST\u00c9 LIBRE DE VIRUS U OTROS COMPONENTES DA\u00d1INOS.<\/p><p>&nbsp;<\/p><p><strong><b>Limitaci\u00f3n de responsabilidad.&nbsp;<\/b><\/strong>EN LA MEDIDA M\u00c1XIMA PERMITIDA POR LA LEY, NO SOMOS RESPONSABLES DE NING\u00daN DA\u00d1O QUE SURJA O EST\u00c9 RELACIONADO CON SU ACCESO, USO, USO INCORRECTO O INCAPACIDAD PARA USAR EL SITIO WEB O EN RELACI\u00d3N CON CUALQUIER FALLA DE RENDIMIENTO, ERROR, OMISI\u00d3N, INTERRUPCI\u00d3N, DEFECTO , RETRASO EN LA OPERACI\u00d3N O TRANSMISI\u00d3N, VIRUS INFORM\u00c1TICO O FALLA DE L\u00cdNEA O SISTEMA. NO SEREMOS RESPONSABLES DE NING\u00daN DA\u00d1O ESPECIAL O CONSECUENTE, INCLUYENDO LA P\u00c9RDIDA DE BENEFICIOS, INCLUSO SI NOS HAYAN ADVERTIDO DE LA POSIBILIDAD DE DICHOS DA\u00d1OS. NUESTRA RESPONSABILIDAD TOTAL HACIA USTED EN RELACI\u00d3N CON CUALQUIER RECLAMO QUE SURJA O EST\u00c9 RELACIONADO CON EL SITIO WEB SE LIMITAR\u00c1 AL MAYOR DE $100. Si una ley restringe Nuestra capacidad para limitar la responsabilidad, es posible que las limitaciones enumeradas anteriormente no se apliquen a usted. En ese caso, limitamos Nuestra responsabilidad en la mayor medida permitida por la ley aplicable.<\/p><p>&nbsp;<\/p><p><strong><b>Miscel\u00e1neas.&nbsp;<\/b><\/strong>No puede ceder sus derechos en virtud de estos T\u00e9rminos ni ceder a otra persona ning\u00fan reclamo que pueda tener con respecto al sitio web. Si se determina que alguna parte de estos T\u00e9rminos es ilegal, nula o por cualquier motivo inaplicable, esa parte se separar\u00e1 de estos T\u00e9rminos y el resto de los T\u00e9rminos permanecer\u00e1n intactos. Si no hacemos cumplir alguna disposici\u00f3n de estos T\u00e9rminos, eso no se considerar\u00e1 una renuncia a Nuestros derechos. Cualquier renuncia a estos T\u00e9rminos debe obtenerse en un documento escrito firmado por un representante autorizado de 18Pet.<\/p><p>&nbsp;<\/p>\t\t\t\t\t\t\t\t<\/div>\n\t\t\t\t<\/div>\n\t\t\t\t\t<\/div>\n\t\t\t\t<\/div>\n\t\t\t\t<\/div>","protected":false},"excerpt":{"rendered":"<p>Tenemos los mejores productos para mascotas T\u00e9rminos de servicio T\u00e9rminos de servicio del sitio web \u00daltima actualizaci\u00f3n: 28 de marzo de 2023 Estos T\u00e9rminos de servicio (los ?T\u00e9rminos?) se aplican a su uso del sitio web &quot;18Pet.com&quot;. El sitio web es proporcionado por China MaoMing Quark Trading Ltd.(?18Pet,? ?Nosotros? ?Nosotros? o ?Nuestro?). Su uso del sitio web est\u00e1 sujeto a estos T\u00e9rminos, junto con cualquier acuerdo escrito que celebre con nosotros u otros t\u00e9rminos que publiquemos con el sitio web (?T\u00e9rminos adicionales?). Los T\u00e9rminos adicionales se incorporan por referencia a estos T\u00e9rminos. Al utilizar el sitio web, usted acepta estar sujeto a estos T\u00e9rminos, as\u00ed que l\u00e9alos detenidamente. por favor no<\/p>","protected":false},"author":1,"featured_media":0,"parent":0,"menu_order":0,"comment_status":"closed","ping_status":"closed","template":"elementor_header_footer","meta":{"footnotes":""},"class_list":["post-2430","page","type-page","status-publish","hentry"],"blocksy_meta":"","yoast_head":"<!-- This site is optimized with the Yoast SEO plugin v25.0 - https:\/\/yoast.com\/wordpress\/plugins\/seo\/ -->\n<title>Terms of service &#8212; 18pet.com<\/title>\n<meta name=\"robots\" content=\"index, follow, max-snippet:-1, max-image-preview:large, max-video-preview:-1\" \/>\n<link rel=\"canonical\" href=\"https:\/\/18pet.com\/es\/terminos-de-servicio\/\" \/>\n<meta property=\"og:locale\" content=\"es_ES\" \/>\n<meta property=\"og:type\" content=\"article\" \/>\n<meta property=\"og:title\" content=\"Terms of service &#8212; 18pet.com\" \/>\n<meta property=\"og:description\" content=\"WE have the best pet products Terms of service Website Terms of Service Last Updated: March 28, 2023 \u00a0 These Terms of\u00a0service(the\u00a0\u201cTerms\u201d) apply to your use of the website &#8220;18Pet.com&#8221;. The Website is provided by\u00a0China\u00a0MaoMing\u00a0Quark Trading Ltd.(\u201c18Pet,\u201d \u201cWe,\u201d \u201cUs,\u201d\u00a0or\u00a0\u201cOur\u201d). \u00a0 Your use of the Website is subject to these Terms, together with any written agreements you enter into with Us, or other terms that We post with the Website (\u201cAdditional Terms\u201d). Additional Terms are incorporated by reference into these Terms. \u00a0 By using the Website you agree to be bound by these Terms, so please read them carefully. Please don\u2019t\u2026\" \/>\n<meta property=\"og:url\" content=\"https:\/\/18pet.com\/es\/terminos-de-servicio\/\" \/>\n<meta property=\"og:site_name\" content=\"18pet.com\" \/>\n<meta property=\"article:modified_time\" content=\"2023-04-20T13:56:10+00:00\" \/>\n<meta property=\"og:image\" content=\"https:\/\/18pet.com\/wp-content\/uploads\/2021\/12\/about-us-hero-pets_optimized.webp\" \/>\n<meta name=\"twitter:card\" content=\"summary_large_image\" \/>\n<meta name=\"twitter:label1\" content=\"Tiempo de lectura\" \/>\n\t<meta name=\"twitter:data1\" content=\"7 minutos\" \/>\n<script type=\"application\/ld+json\" class=\"yoast-schema-graph\">{\"@context\":\"https:\/\/schema.org\",\"@graph\":[{\"@type\":\"WebPage\",\"@id\":\"https:\/\/18pet.com\/terms-of-service\/\",\"url\":\"https:\/\/18pet.com\/terms-of-service\/\",\"name\":\"Terms of service &#8212; 18pet.com\",\"isPartOf\":{\"@id\":\"https:\/\/18pet.com\/id\/#website\"},\"primaryImageOfPage\":{\"@id\":\"https:\/\/18pet.com\/terms-of-service\/#primaryimage\"},\"image\":{\"@id\":\"https:\/\/18pet.com\/terms-of-service\/#primaryimage\"},\"thumbnailUrl\":\"https:\/\/18pet.com\/wp-content\/uploads\/2021\/12\/about-us-hero-pets_optimized.webp\",\"datePublished\":\"2023-04-20T13:50:45+00:00\",\"dateModified\":\"2023-04-20T13:56:10+00:00\",\"breadcrumb\":{\"@id\":\"https:\/\/18pet.com\/terms-of-service\/#breadcrumb\"},\"inLanguage\":\"es\",\"potentialAction\":[{\"@type\":\"ReadAction\",\"target\":[\"https:\/\/18pet.com\/terms-of-service\/\"]}]},{\"@type\":\"ImageObject\",\"inLanguage\":\"es\",\"@id\":\"https:\/\/18pet.com\/terms-of-service\/#primaryimage\",\"url\":\"https:\/\/18pet.com\/wp-content\/uploads\/2021\/12\/about-us-hero-pets_optimized.webp\",\"contentUrl\":\"https:\/\/18pet.com\/wp-content\/uploads\/2021\/12\/about-us-hero-pets_optimized.webp\"},{\"@type\":\"BreadcrumbList\",\"@id\":\"https:\/\/18pet.com\/terms-of-service\/#breadcrumb\",\"itemListElement\":[{\"@type\":\"ListItem\",\"position\":1,\"name\":\"Home\",\"item\":\"https:\/\/18pet.com\/\"},{\"@type\":\"ListItem\",\"position\":2,\"name\":\"Terms of service\"}]},{\"@type\":\"WebSite\",\"@id\":\"https:\/\/18pet.com\/id\/#website\",\"url\":\"https:\/\/18pet.com\/id\/\",\"name\":\"18pet.com\",\"description\":\"Your pet supplies center\",\"publisher\":{\"@id\":\"https:\/\/18pet.com\/id\/#organization\"},\"potentialAction\":[{\"@type\":\"SearchAction\",\"target\":{\"@type\":\"EntryPoint\",\"urlTemplate\":\"https:\/\/18pet.com\/id\/?s={search_term_string}\"},\"query-input\":{\"@type\":\"PropertyValueSpecification\",\"valueRequired\":true,\"valueName\":\"search_term_string\"}}],\"inLanguage\":\"es\"},{\"@type\":\"Organization\",\"@id\":\"https:\/\/18pet.com\/id\/#organization\",\"name\":\"18pet.com\",\"url\":\"https:\/\/18pet.com\/id\/\",\"logo\":{\"@type\":\"ImageObject\",\"inLanguage\":\"es\",\"@id\":\"https:\/\/18pet.com\/id\/#\/schema\/logo\/image\/\",\"url\":\"https:\/\/18pet.com\/wp-content\/uploads\/2023\/04\/18pet-white-background.png\",\"contentUrl\":\"https:\/\/18pet.com\/wp-content\/uploads\/2023\/04\/18pet-white-background.png\",\"width\":515,\"height\":167,\"caption\":\"18pet.com\"},\"image\":{\"@id\":\"https:\/\/18pet.com\/id\/#\/schema\/logo\/image\/\"}}]}<\/script>\n<!-- \/ Yoast SEO plugin. -->","yoast_head_json":{"title":"Terms of service &#8212; 18pet.com","robots":{"index":"index","follow":"follow","max-snippet":"max-snippet:-1","max-image-preview":"max-image-preview:large","max-video-preview":"max-video-preview:-1"},"canonical":"https:\/\/18pet.com\/es\/terminos-de-servicio\/","og_locale":"es_ES","og_type":"article","og_title":"Terms of service &#8212; 18pet.com","og_description":"WE have the best pet products Terms of service Website Terms of Service Last Updated: March 28, 2023 \u00a0 These Terms of\u00a0service(the\u00a0\u201cTerms\u201d) apply to your use of the website &#8220;18Pet.com&#8221;. The Website is provided by\u00a0China\u00a0MaoMing\u00a0Quark Trading Ltd.(\u201c18Pet,\u201d \u201cWe,\u201d \u201cUs,\u201d\u00a0or\u00a0\u201cOur\u201d). \u00a0 Your use of the Website is subject to these Terms, together with any written agreements you enter into with Us, or other terms that We post with the Website (\u201cAdditional Terms\u201d). Additional Terms are incorporated by reference into these Terms. \u00a0 By using the Website you agree to be bound by these Terms, so please read them carefully. Please don\u2019t\u2026","og_url":"https:\/\/18pet.com\/es\/terminos-de-servicio\/","og_site_name":"18pet.com","article_modified_time":"2023-04-20T13:56:10+00:00","og_image":[{"url":"https:\/\/18pet.com\/wp-content\/uploads\/2021\/12\/about-us-hero-pets_optimized.webp","type":"","width":"","height":""}],"twitter_card":"summary_large_image","twitter_misc":{"Tiempo de lectura":"7 minutos"},"schema":{"@context":"https:\/\/schema.org","@graph":[{"@type":"WebPage","@id":"https:\/\/18pet.com\/terms-of-service\/","url":"https:\/\/18pet.com\/terms-of-service\/","name":"Terms of service &#8212; 18pet.com","isPartOf":{"@id":"https:\/\/18pet.com\/id\/#website"},"primaryImageOfPage":{"@id":"https:\/\/18pet.com\/terms-of-service\/#primaryimage"},"image":{"@id":"https:\/\/18pet.com\/terms-of-service\/#primaryimage"},"thumbnailUrl":"https:\/\/18pet.com\/wp-content\/uploads\/2021\/12\/about-us-hero-pets_optimized.webp","datePublished":"2023-04-20T13:50:45+00:00","dateModified":"2023-04-20T13:56:10+00:00","breadcrumb":{"@id":"https:\/\/18pet.com\/terms-of-service\/#breadcrumb"},"inLanguage":"es","potentialAction":[{"@type":"ReadAction","target":["https:\/\/18pet.com\/terms-of-service\/"]}]},{"@type":"ImageObject","inLanguage":"es","@id":"https:\/\/18pet.com\/terms-of-service\/#primaryimage","url":"https:\/\/18pet.com\/wp-content\/uploads\/2021\/12\/about-us-hero-pets_optimized.webp","contentUrl":"https:\/\/18pet.com\/wp-content\/uploads\/2021\/12\/about-us-hero-pets_optimized.webp"},{"@type":"BreadcrumbList","@id":"https:\/\/18pet.com\/terms-of-service\/#breadcrumb","itemListElement":[{"@type":"ListItem","position":1,"name":"Home","item":"https:\/\/18pet.com\/"},{"@type":"ListItem","position":2,"name":"Terms of service"}]},{"@type":"WebSite","@id":"https:\/\/18pet.com\/id\/#website","url":"https:\/\/18pet.com\/id\/","name":"18pet.com","description":"Your pet supplies center","publisher":{"@id":"https:\/\/18pet.com\/id\/#organization"},"potentialAction":[{"@type":"SearchAction","target":{"@type":"EntryPoint","urlTemplate":"https:\/\/18pet.com\/id\/?s={search_term_string}"},"query-input":{"@type":"PropertyValueSpecification","valueRequired":true,"valueName":"search_term_string"}}],"inLanguage":"es"},{"@type":"Organization","@id":"https:\/\/18pet.com\/id\/#organization","name":"18pet.com","url":"https:\/\/18pet.com\/id\/","logo":{"@type":"ImageObject","inLanguage":"es","@id":"https:\/\/18pet.com\/id\/#\/schema\/logo\/image\/","url":"https:\/\/18pet.com\/wp-content\/uploads\/2023\/04\/18pet-white-background.png","contentUrl":"https:\/\/18pet.com\/wp-content\/uploads\/2023\/04\/18pet-white-background.png","width":515,"height":167,"caption":"18pet.com"},"image":{"@id":"https:\/\/18pet.com\/id\/#\/schema\/logo\/image\/"}}]}},"jetpack_sharing_enabled":true,"_links":{"self":[{"href":"https:\/\/18pet.com\/es\/wp-json\/wp\/v2\/pages\/2430","targetHints":{"allow":["GET"]}}],"collection":[{"href":"https:\/\/18pet.com\/es\/wp-json\/wp\/v2\/pages"}],"about":[{"href":"https:\/\/18pet.com\/es\/wp-json\/wp\/v2\/types\/page"}],"author":[{"embeddable":true,"href":"https:\/\/18pet.com\/es\/wp-json\/wp\/v2\/users\/1"}],"replies":[{"embeddable":true,"href":"https:\/\/18pet.com\/es\/wp-json\/wp\/v2\/comments?post=2430"}],"version-history":[{"count":7,"href":"https:\/\/18pet.com\/es\/wp-json\/wp\/v2\/pages\/2430\/revisions"}],"predecessor-version":[{"id":2437,"href":"https:\/\/18pet.com\/es\/wp-json\/wp\/v2\/pages\/2430\/revisions\/2437"}],"wp:attachment":[{"href":"https:\/\/18pet.com\/es\/wp-json\/wp\/v2\/media?parent=2430"}],"curies":[{"name":"wp","href":"https:\/\/api.w.org\/{rel}","templated":true}]}}