{"id":2422,"date":"2023-04-20T13:46:18","date_gmt":"2023-04-20T13:46:18","guid":{"rendered":"https:\/\/18pet.com\/?page_id=2422"},"modified":"2023-04-20T13:50:18","modified_gmt":"2023-04-20T13:50:18","slug":"shipping-policy","status":"publish","type":"page","link":"https:\/\/18pet.com\/es\/politica-de-envios\/","title":{"rendered":"<p>Pol\u00edtica de env\u00edos<\/p>"},"content":{"rendered":"<div data-elementor-type=\"wp-page\" data-elementor-id=\"2422\" class=\"elementor elementor-2422\">\n\t\t\t\t\t\t<section class=\"elementor-section elementor-top-section elementor-element elementor-element-39229b2 ct-section-stretched elementor-section-boxed elementor-section-height-default elementor-section-height-default\" data-id=\"39229b2\" data-element_type=\"section\" data-settings='{\"background_background\":\"classic\"}'>\n\t\t\t\t\t\t\t<div class=\"elementor-background-overlay\"><\/div>\n\t\t\t\t\t\t\t<div class=\"elementor-container elementor-column-gap-default\">\n\t\t\t\t\t<div class=\"elementor-column elementor-col-100 elementor-top-column elementor-element elementor-element-3616e8d\" data-id=\"3616e8d\" data-element_type=\"column\">\n\t\t\t<div class=\"elementor-widget-wrap elementor-element-populated\">\n\t\t\t\t\t\t<div class=\"elementor-element elementor-element-d11a4bb elementor-widget elementor-widget-text-editor\" data-id=\"d11a4bb\" data-element_type=\"widget\" data-widget_type=\"text-editor.default\">\n\t\t\t\t<div class=\"elementor-widget-container\">\n\t\t\t\t\t\t\t\t\t<p>Tenemos los mejores productos para mascotas<\/p>\t\t\t\t\t\t\t\t<\/div>\n\t\t\t\t<\/div>\n\t\t\t\t<div class=\"elementor-element elementor-element-ce2fe25 elementor-widget elementor-widget-heading\" data-id=\"ce2fe25\" data-element_type=\"widget\" data-widget_type=\"heading.default\">\n\t\t\t\t<div class=\"elementor-widget-container\">\n\t\t\t\t\t<h2 class=\"elementor-heading-title elementor-size-default\">Pol\u00edtica de env\u00edos<\/h2>\t\t\t\t<\/div>\n\t\t\t\t<\/div>\n\t\t\t\t<div class=\"elementor-element elementor-element-5840868 elementor-widget elementor-widget-image\" data-id=\"5840868\" data-element_type=\"widget\" data-widget_type=\"image.default\">\n\t\t\t\t<div class=\"elementor-widget-container\">\n\t\t\t\t\t\t\t\t\t\t\t\t\t\t\t<img fetchpriority=\"high\" decoding=\"async\" width=\"1721\" height=\"595\" src=\"https:\/\/18pet.com\/wp-content\/uploads\/2021\/12\/about-us-hero-pets_optimized.webp\" class=\"attachment-full size-full wp-image-286\" alt=\"\" srcset=\"https:\/\/18pet.com\/wp-content\/uploads\/2021\/12\/about-us-hero-pets_optimized.webp 1721w, https:\/\/18pet.com\/wp-content\/uploads\/2021\/12\/about-us-hero-pets_optimized-600x207.webp 600w, https:\/\/18pet.com\/wp-content\/uploads\/2021\/12\/about-us-hero-pets_optimized-300x104.webp 300w, https:\/\/18pet.com\/wp-content\/uploads\/2021\/12\/about-us-hero-pets_optimized-1024x354.webp 1024w, https:\/\/18pet.com\/wp-content\/uploads\/2021\/12\/about-us-hero-pets_optimized-768x266.webp 768w, https:\/\/18pet.com\/wp-content\/uploads\/2021\/12\/about-us-hero-pets_optimized-1536x531.webp 1536w\" sizes=\"(max-width: 1721px) 100vw, 1721px\">\t\t\t\t\t\t\t\t\t\t\t\t\t\t\t<\/div>\n\t\t\t\t<\/div>\n\t\t\t\t\t<\/div>\n\t\t<\/div>\n\t\t\t\t\t<\/div>\n\t\t<\/section>\n\t\t<div class=\"elementor-element elementor-element-1e636b2 e-flex e-con-boxed e-con e-parent\" data-id=\"1e636b2\" data-element_type=\"container\">\n\t\t\t\t\t<div class=\"e-con-inner\">\n\t\t\t\t<div class=\"elementor-element elementor-element-b04259a elementor-widget elementor-widget-text-editor\" data-id=\"b04259a\" data-element_type=\"widget\" data-widget_type=\"text-editor.default\">\n\t\t\t\t<div class=\"elementor-widget-container\">\n\t\t\t\t\t\t\t\t\t<p><strong><b>\u00daltima actualizaci\u00f3n: 31 de marzo de 2023<\/b><\/strong><\/p><p><strong><b>Damos gran importancia a la puntualidad log\u00edstica.<\/b><\/strong><\/p><p>Entendemos que para las ventas en l\u00ednea, los costos de env\u00edo razonables y una log\u00edstica eficiente son uno de los factores m\u00e1s importantes para mejorar la satisfacci\u00f3n del cliente.<\/p><p>&nbsp;<\/p><p><strong><b>1. Por lo general, enviamos dentro de los 3 d\u00edas posteriores a la realizaci\u00f3n del pago.<\/b><\/strong><\/p><p>Hacemos todo lo posible para acelerar la velocidad de entrega y elegir la mejor log\u00edstica en funci\u00f3n de la experiencia y los datos de puntualidad de los proveedores de log\u00edstica.<\/p><p>Le enviaremos de inmediato el progreso del env\u00edo, el n\u00famero de seguimiento de log\u00edstica, el sitio web de consulta de log\u00edstica relevante, etc. a su correo electr\u00f3nico. Es importante completar la direcci\u00f3n de correo electr\u00f3nico correcta al realizar un pedido.<\/p><p>&nbsp;<\/p><ol start=\"2\"><li><b><\/b><strong><b>La mayor\u00eda de nuestros productos se env\u00edan desde China.<\/b><\/strong><\/li><\/ol><p>La ventaja de enviar directamente desde China es que ahorramos costos y los clientes reciben m\u00e1s beneficios. La desventaja es que, en comparaci\u00f3n con los almacenes en el extranjero, llevar\u00e1 m\u00e1s tiempo de transporte. La compra de productos por adelantado puede resolver estos problemas de manera efectiva.<\/p><p>&nbsp;<\/p><ol start=\"3\"><li><strong><b> Proporcionamos m\u00faltiples canales log\u00edsticos.<\/b><\/strong><\/li><\/ol><p>Despu\u00e9s de completar la direcci\u00f3n, le brindamos m\u00faltiples canales de log\u00edstica disponibles para elegir y mostrar el costo de env\u00edo. Por lo general, los canales con una eficiencia log\u00edstica m\u00e1s r\u00e1pida incurrir\u00e1n en costos m\u00e1s altos. Por favor, elija de acuerdo a sus propias necesidades.<\/p><p>&nbsp;<\/p>\t\t\t\t\t\t\t\t<\/div>\n\t\t\t\t<\/div>\n\t\t\t\t\t<\/div>\n\t\t\t\t<\/div>\n\t\t\t\t<\/div>","protected":false},"excerpt":{"rendered":"<p>Contamos con los mejores productos para mascotas Pol\u00edtica de env\u00edos \u00daltima actualizaci\u00f3n: 31 de marzo de 2023 Damos gran importancia a la puntualidad log\u00edstica. Entendemos que para las ventas en l\u00ednea, los costos de env\u00edo razonables y una log\u00edstica eficiente son uno de los factores m\u00e1s importantes para mejorar la satisfacci\u00f3n del cliente. 1. Por lo general, enviamos dentro de los 3 d\u00edas posteriores a la realizaci\u00f3n del pago. Hacemos todo lo posible para acelerar la velocidad de entrega y elegir la mejor log\u00edstica en funci\u00f3n de la experiencia y los datos de puntualidad de los proveedores de log\u00edstica. Le enviaremos de inmediato el progreso del env\u00edo, el n\u00famero de seguimiento de log\u00edstica, el sitio web de consulta de log\u00edstica relevante, etc. a su correo electr\u00f3nico. \u00bfEs importante?<\/p>","protected":false},"author":1,"featured_media":0,"parent":0,"menu_order":0,"comment_status":"closed","ping_status":"closed","template":"elementor_header_footer","meta":{"footnotes":""},"class_list":["post-2422","page","type-page","status-publish","hentry"],"blocksy_meta":"","yoast_head":"<!-- This site is optimized with the Yoast SEO plugin v25.0 - https:\/\/yoast.com\/wordpress\/plugins\/seo\/ -->\n<title>Shipping policy &#8212; 18pet.com<\/title>\n<meta name=\"robots\" content=\"index, follow, max-snippet:-1, max-image-preview:large, max-video-preview:-1\" \/>\n<link rel=\"canonical\" href=\"https:\/\/18pet.com\/es\/politica-de-envios\/\" \/>\n<meta property=\"og:locale\" content=\"es_ES\" \/>\n<meta property=\"og:type\" content=\"article\" \/>\n<meta property=\"og:title\" content=\"Shipping policy &#8212; 18pet.com\" \/>\n<meta property=\"og:description\" content=\"WE have the best pet products Shipping policy Last Updated:\u202fMarch 31, 2023 We attach great importance to logistics timeliness. We understand that for online sales, reasonable shipping costs and efficient logistics are one of the most important factors in improving customer satisfaction. \u00a0 1.Usually, we ship within 3 days after you make the payment. We try our best to accelerate the delivery speed and choose the best logistics based on experience and the timeliness data of logistics providers. We will promptly send the shipment progress, logistics tracking number, relevant logistics query website, etc. to your email. It is important to\u2026\" \/>\n<meta property=\"og:url\" content=\"https:\/\/18pet.com\/es\/politica-de-envios\/\" \/>\n<meta property=\"og:site_name\" content=\"18pet.com\" \/>\n<meta property=\"article:modified_time\" content=\"2023-04-20T13:50:18+00:00\" \/>\n<meta property=\"og:image\" content=\"https:\/\/18pet.com\/wp-content\/uploads\/2021\/12\/about-us-hero-pets_optimized.webp\" \/>\n<meta name=\"twitter:card\" content=\"summary_large_image\" \/>\n<meta name=\"twitter:label1\" content=\"Tiempo de lectura\" \/>\n\t<meta name=\"twitter:data1\" content=\"1 minuto\" \/>\n<script type=\"application\/ld+json\" class=\"yoast-schema-graph\">{\"@context\":\"https:\/\/schema.org\",\"@graph\":[{\"@type\":\"WebPage\",\"@id\":\"https:\/\/18pet.com\/shipping-policy\/\",\"url\":\"https:\/\/18pet.com\/shipping-policy\/\",\"name\":\"Shipping policy &#8212; 18pet.com\",\"isPartOf\":{\"@id\":\"https:\/\/18pet.com\/id\/#website\"},\"primaryImageOfPage\":{\"@id\":\"https:\/\/18pet.com\/shipping-policy\/#primaryimage\"},\"image\":{\"@id\":\"https:\/\/18pet.com\/shipping-policy\/#primaryimage\"},\"thumbnailUrl\":\"https:\/\/18pet.com\/wp-content\/uploads\/2021\/12\/about-us-hero-pets_optimized.webp\",\"datePublished\":\"2023-04-20T13:46:18+00:00\",\"dateModified\":\"2023-04-20T13:50:18+00:00\",\"breadcrumb\":{\"@id\":\"https:\/\/18pet.com\/shipping-policy\/#breadcrumb\"},\"inLanguage\":\"es\",\"potentialAction\":[{\"@type\":\"ReadAction\",\"target\":[\"https:\/\/18pet.com\/shipping-policy\/\"]}]},{\"@type\":\"ImageObject\",\"inLanguage\":\"es\",\"@id\":\"https:\/\/18pet.com\/shipping-policy\/#primaryimage\",\"url\":\"https:\/\/18pet.com\/wp-content\/uploads\/2021\/12\/about-us-hero-pets_optimized.webp\",\"contentUrl\":\"https:\/\/18pet.com\/wp-content\/uploads\/2021\/12\/about-us-hero-pets_optimized.webp\"},{\"@type\":\"BreadcrumbList\",\"@id\":\"https:\/\/18pet.com\/shipping-policy\/#breadcrumb\",\"itemListElement\":[{\"@type\":\"ListItem\",\"position\":1,\"name\":\"Home\",\"item\":\"https:\/\/18pet.com\/\"},{\"@type\":\"ListItem\",\"position\":2,\"name\":\"Shipping policy\"}]},{\"@type\":\"WebSite\",\"@id\":\"https:\/\/18pet.com\/id\/#website\",\"url\":\"https:\/\/18pet.com\/id\/\",\"name\":\"18pet.com\",\"description\":\"Your pet supplies center\",\"publisher\":{\"@id\":\"https:\/\/18pet.com\/id\/#organization\"},\"potentialAction\":[{\"@type\":\"SearchAction\",\"target\":{\"@type\":\"EntryPoint\",\"urlTemplate\":\"https:\/\/18pet.com\/id\/?s={search_term_string}\"},\"query-input\":{\"@type\":\"PropertyValueSpecification\",\"valueRequired\":true,\"valueName\":\"search_term_string\"}}],\"inLanguage\":\"es\"},{\"@type\":\"Organization\",\"@id\":\"https:\/\/18pet.com\/id\/#organization\",\"name\":\"18pet.com\",\"url\":\"https:\/\/18pet.com\/id\/\",\"logo\":{\"@type\":\"ImageObject\",\"inLanguage\":\"es\",\"@id\":\"https:\/\/18pet.com\/id\/#\/schema\/logo\/image\/\",\"url\":\"https:\/\/18pet.com\/wp-content\/uploads\/2023\/04\/18pet-white-background.png\",\"contentUrl\":\"https:\/\/18pet.com\/wp-content\/uploads\/2023\/04\/18pet-white-background.png\",\"width\":515,\"height\":167,\"caption\":\"18pet.com\"},\"image\":{\"@id\":\"https:\/\/18pet.com\/id\/#\/schema\/logo\/image\/\"}}]}<\/script>\n<!-- \/ Yoast SEO plugin. -->","yoast_head_json":{"title":"Shipping policy &#8212; 18pet.com","robots":{"index":"index","follow":"follow","max-snippet":"max-snippet:-1","max-image-preview":"max-image-preview:large","max-video-preview":"max-video-preview:-1"},"canonical":"https:\/\/18pet.com\/es\/politica-de-envios\/","og_locale":"es_ES","og_type":"article","og_title":"Shipping policy &#8212; 18pet.com","og_description":"WE have the best pet products Shipping policy Last Updated:\u202fMarch 31, 2023 We attach great importance to logistics timeliness. We understand that for online sales, reasonable shipping costs and efficient logistics are one of the most important factors in improving customer satisfaction. \u00a0 1.Usually, we ship within 3 days after you make the payment. We try our best to accelerate the delivery speed and choose the best logistics based on experience and the timeliness data of logistics providers. We will promptly send the shipment progress, logistics tracking number, relevant logistics query website, etc. to your email. It is important to\u2026","og_url":"https:\/\/18pet.com\/es\/politica-de-envios\/","og_site_name":"18pet.com","article_modified_time":"2023-04-20T13:50:18+00:00","og_image":[{"url":"https:\/\/18pet.com\/wp-content\/uploads\/2021\/12\/about-us-hero-pets_optimized.webp","type":"","width":"","height":""}],"twitter_card":"summary_large_image","twitter_misc":{"Tiempo de lectura":"1 minuto"},"schema":{"@context":"https:\/\/schema.org","@graph":[{"@type":"WebPage","@id":"https:\/\/18pet.com\/shipping-policy\/","url":"https:\/\/18pet.com\/shipping-policy\/","name":"Shipping policy &#8212; 18pet.com","isPartOf":{"@id":"https:\/\/18pet.com\/id\/#website"},"primaryImageOfPage":{"@id":"https:\/\/18pet.com\/shipping-policy\/#primaryimage"},"image":{"@id":"https:\/\/18pet.com\/shipping-policy\/#primaryimage"},"thumbnailUrl":"https:\/\/18pet.com\/wp-content\/uploads\/2021\/12\/about-us-hero-pets_optimized.webp","datePublished":"2023-04-20T13:46:18+00:00","dateModified":"2023-04-20T13:50:18+00:00","breadcrumb":{"@id":"https:\/\/18pet.com\/shipping-policy\/#breadcrumb"},"inLanguage":"es","potentialAction":[{"@type":"ReadAction","target":["https:\/\/18pet.com\/shipping-policy\/"]}]},{"@type":"ImageObject","inLanguage":"es","@id":"https:\/\/18pet.com\/shipping-policy\/#primaryimage","url":"https:\/\/18pet.com\/wp-content\/uploads\/2021\/12\/about-us-hero-pets_optimized.webp","contentUrl":"https:\/\/18pet.com\/wp-content\/uploads\/2021\/12\/about-us-hero-pets_optimized.webp"},{"@type":"BreadcrumbList","@id":"https:\/\/18pet.com\/shipping-policy\/#breadcrumb","itemListElement":[{"@type":"ListItem","position":1,"name":"Home","item":"https:\/\/18pet.com\/"},{"@type":"ListItem","position":2,"name":"Shipping policy"}]},{"@type":"WebSite","@id":"https:\/\/18pet.com\/id\/#website","url":"https:\/\/18pet.com\/id\/","name":"18pet.com","description":"Your pet supplies center","publisher":{"@id":"https:\/\/18pet.com\/id\/#organization"},"potentialAction":[{"@type":"SearchAction","target":{"@type":"EntryPoint","urlTemplate":"https:\/\/18pet.com\/id\/?s={search_term_string}"},"query-input":{"@type":"PropertyValueSpecification","valueRequired":true,"valueName":"search_term_string"}}],"inLanguage":"es"},{"@type":"Organization","@id":"https:\/\/18pet.com\/id\/#organization","name":"18pet.com","url":"https:\/\/18pet.com\/id\/","logo":{"@type":"ImageObject","inLanguage":"es","@id":"https:\/\/18pet.com\/id\/#\/schema\/logo\/image\/","url":"https:\/\/18pet.com\/wp-content\/uploads\/2023\/04\/18pet-white-background.png","contentUrl":"https:\/\/18pet.com\/wp-content\/uploads\/2023\/04\/18pet-white-background.png","width":515,"height":167,"caption":"18pet.com"},"image":{"@id":"https:\/\/18pet.com\/id\/#\/schema\/logo\/image\/"}}]}},"jetpack_sharing_enabled":true,"_links":{"self":[{"href":"https:\/\/18pet.com\/es\/wp-json\/wp\/v2\/pages\/2422","targetHints":{"allow":["GET"]}}],"collection":[{"href":"https:\/\/18pet.com\/es\/wp-json\/wp\/v2\/pages"}],"about":[{"href":"https:\/\/18pet.com\/es\/wp-json\/wp\/v2\/types\/page"}],"author":[{"embeddable":true,"href":"https:\/\/18pet.com\/es\/wp-json\/wp\/v2\/users\/1"}],"replies":[{"embeddable":true,"href":"https:\/\/18pet.com\/es\/wp-json\/wp\/v2\/comments?post=2422"}],"version-history":[{"count":7,"href":"https:\/\/18pet.com\/es\/wp-json\/wp\/v2\/pages\/2422\/revisions"}],"predecessor-version":[{"id":2429,"href":"https:\/\/18pet.com\/es\/wp-json\/wp\/v2\/pages\/2422\/revisions\/2429"}],"wp:attachment":[{"href":"https:\/\/18pet.com\/es\/wp-json\/wp\/v2\/media?parent=2422"}],"curies":[{"name":"wp","href":"https:\/\/api.w.org\/{rel}","templated":true}]}}