{"id":1037,"date":"2022-01-16T21:40:57","date_gmt":"2022-01-16T21:40:57","guid":{"rendered":"https:\/\/demo.creativethemes.com\/elementor\/petsy\/?page_id=1037"},"modified":"2023-06-13T03:12:06","modified_gmt":"2023-06-13T03:12:06","slug":"about-us","status":"publish","type":"page","link":"https:\/\/18pet.com\/es\/sobre-nosotros\/","title":{"rendered":"<p>Qui\u00e9nes somos<\/p>"},"content":{"rendered":"<div data-elementor-type=\"wp-page\" data-elementor-id=\"1037\" class=\"elementor elementor-1037\">\n\t\t\t\t\t\t<section class=\"elementor-section elementor-top-section elementor-element elementor-element-cab6238 ct-section-stretched elementor-section-boxed elementor-section-height-default elementor-section-height-default\" data-id=\"cab6238\" data-element_type=\"section\" data-settings='{\"background_background\":\"classic\"}'>\n\t\t\t\t\t\t\t<div class=\"elementor-background-overlay\"><\/div>\n\t\t\t\t\t\t\t<div class=\"elementor-container elementor-column-gap-default\">\n\t\t\t\t\t<div class=\"elementor-column elementor-col-100 elementor-top-column elementor-element elementor-element-ab73247\" data-id=\"ab73247\" data-element_type=\"column\">\n\t\t\t<div class=\"elementor-widget-wrap elementor-element-populated\">\n\t\t\t\t\t\t<div class=\"elementor-element elementor-element-2594e50 elementor-widget elementor-widget-text-editor\" data-id=\"2594e50\" data-element_type=\"widget\" data-widget_type=\"text-editor.default\">\n\t\t\t\t<div class=\"elementor-widget-container\">\n\t\t\t\t\t\t\t\t\t<p>Tenemos los mejores productos para mascotas<\/p>\t\t\t\t\t\t\t\t<\/div>\n\t\t\t\t<\/div>\n\t\t\t\t<div class=\"elementor-element elementor-element-be27062 elementor-widget elementor-widget-heading\" data-id=\"be27062\" data-element_type=\"widget\" data-widget_type=\"heading.default\">\n\t\t\t\t<div class=\"elementor-widget-container\">\n\t\t\t\t\t<h2 class=\"elementor-heading-title elementor-size-default\">Qui\u00e9nes somos<\/h2>\t\t\t\t<\/div>\n\t\t\t\t<\/div>\n\t\t\t\t<div class=\"elementor-element elementor-element-59ef718 elementor-widget elementor-widget-image\" data-id=\"59ef718\" data-element_type=\"widget\" data-widget_type=\"image.default\">\n\t\t\t\t<div class=\"elementor-widget-container\">\n\t\t\t\t\t\t\t\t\t\t\t\t\t\t\t<img fetchpriority=\"high\" decoding=\"async\" width=\"1721\" height=\"595\" src=\"https:\/\/18pet.com\/wp-content\/uploads\/2021\/12\/about-us-hero-pets_optimized.webp\" class=\"attachment-full size-full wp-image-286\" alt=\"\" srcset=\"https:\/\/18pet.com\/wp-content\/uploads\/2021\/12\/about-us-hero-pets_optimized.webp 1721w, https:\/\/18pet.com\/wp-content\/uploads\/2021\/12\/about-us-hero-pets_optimized-600x207.webp 600w, https:\/\/18pet.com\/wp-content\/uploads\/2021\/12\/about-us-hero-pets_optimized-300x104.webp 300w, https:\/\/18pet.com\/wp-content\/uploads\/2021\/12\/about-us-hero-pets_optimized-1024x354.webp 1024w, https:\/\/18pet.com\/wp-content\/uploads\/2021\/12\/about-us-hero-pets_optimized-768x266.webp 768w, https:\/\/18pet.com\/wp-content\/uploads\/2021\/12\/about-us-hero-pets_optimized-1536x531.webp 1536w\" sizes=\"(max-width: 1721px) 100vw, 1721px\">\t\t\t\t\t\t\t\t\t\t\t\t\t\t\t<\/div>\n\t\t\t\t<\/div>\n\t\t\t\t\t<\/div>\n\t\t<\/div>\n\t\t\t\t\t<\/div>\n\t\t<\/section>\n\t\t\t\t<section class=\"elementor-section elementor-top-section elementor-element elementor-element-a295853 elementor-section-content-middle elementor-section-boxed elementor-section-height-default elementor-section-height-default\" data-id=\"a295853\" data-element_type=\"section\">\n\t\t\t\t\t\t<div class=\"elementor-container elementor-column-gap-default\">\n\t\t\t\t\t<div class=\"elementor-column elementor-col-50 elementor-top-column elementor-element elementor-element-1c923ce\" data-id=\"1c923ce\" data-element_type=\"column\">\n\t\t\t<div class=\"elementor-widget-wrap elementor-element-populated\">\n\t\t\t\t\t\t<div class=\"elementor-element elementor-element-62ba9ab elementor-widget elementor-widget-heading\" data-id=\"62ba9ab\" data-element_type=\"widget\" data-widget_type=\"heading.default\">\n\t\t\t\t<div class=\"elementor-widget-container\">\n\t\t\t\t\t<h2 class=\"elementor-heading-title elementor-size-default\">Ofrecemos productos para mascotas de alta calidad a un precio razonable.<\/h2>\t\t\t\t<\/div>\n\t\t\t\t<\/div>\n\t\t\t\t\t<\/div>\n\t\t<\/div>\n\t\t\t\t<div class=\"elementor-column elementor-col-50 elementor-top-column elementor-element elementor-element-0212503\" data-id=\"0212503\" data-element_type=\"column\">\n\t\t\t<div class=\"elementor-widget-wrap elementor-element-populated\">\n\t\t\t\t\t\t<div class=\"elementor-element elementor-element-4a1f15d elementor-align-right elementor-mobile-align-center elementor-widget elementor-widget-button\" data-id=\"4a1f15d\" data-element_type=\"widget\" data-widget_type=\"button.default\">\n\t\t\t\t<div class=\"elementor-widget-container\">\n\t\t\t\t\t\t\t\t\t<div class=\"elementor-button-wrapper\">\n\t\t\t\t\t<a class=\"elementor-button elementor-button-link elementor-size-sm\" href=\"\/\">\n\t\t\t\t\t\t<span class=\"elementor-button-content-wrapper\">\n\t\t\t\t\t\t\t\t\t<span class=\"elementor-button-text\">Compra ahora<\/span>\n\t\t\t\t\t<\/span>\n\t\t\t\t\t<\/a>\n\t\t\t\t<\/div>\n\t\t\t\t\t\t\t\t<\/div>\n\t\t\t\t<\/div>\n\t\t\t\t\t<\/div>\n\t\t<\/div>\n\t\t\t\t\t<\/div>\n\t\t<\/section>\n\t\t<div class=\"elementor-element elementor-element-cd3c9c7 e-flex e-con-boxed e-con e-parent\" data-id=\"cd3c9c7\" data-element_type=\"container\">\n\t\t\t\t\t<div class=\"e-con-inner\">\n\t\t\t\t<div class=\"elementor-element elementor-element-a1b330f elementor-widget__width-initial elementor-widget elementor-widget-text-editor\" data-id=\"a1b330f\" data-element_type=\"widget\" data-widget_type=\"text-editor.default\">\n\t\t\t\t<div class=\"elementor-widget-container\">\n\t\t\t\t\t\t\t\t\t<p>Somos una empresa china de ventas transfronterizas. Maoming Quark Trading Co., Ltd.&nbsp;<\/p><p>Nuestra misi\u00f3n es: Mejorar la vida de las mascotas y los due\u00f1os. Para lograr este objetivo, vendemos productos para mascotas de alta calidad a precios razonables.<\/p><p>Desde 2010, nos hemos centrado en las ventas en l\u00ednea para ofrecer productos para mascotas de alta calidad a los consumidores de toda China.<\/p><p>Desde 2021, proporcionamos transacciones internacionales. Nuestros usuarios se encuentran principalmente en Europa y Am\u00e9rica del Norte. A fines de 2022, nuestros clientes se han extendido por los Estados Unidos, Canad\u00e1, Gran Breta\u00f1a, Australia, Suecia, Noruega, Finlandia, incluidos m\u00e1s de 50 pa\u00edses y regiones.<\/p><p>Confiamos en los productos ricos y asequibles de China, los bajos costos de mano de obra y ofrecemos productos de alta calidad para clientes globales a un precio razonable. La formaci\u00f3n de una situaci\u00f3n en la que todos ganan permite que tanto los compradores como los vendedores se beneficien de ella.<\/p><p>De hecho, como China es un centro de fabricaci\u00f3n global, la mayor\u00eda de los productos para mascotas provienen de las f\u00e1bricas o mercados mayoristas de China. Los vendedores de otros pa\u00edses pueden obtener ganancias varias veces al colocar sus propios logotipos.&nbsp;<\/p><p><strong>Hacer un pedido directamente desde el sitio web de los vendedores chinos para reducir el costo de los enlaces intermedios es una buena manera de ahorrar dinero.<\/strong><\/p><p><strong>&nbsp;<\/strong><\/p>\t\t\t\t\t\t\t\t<\/div>\n\t\t\t\t<\/div>\n\t\t\t\t\t<\/div>\n\t\t\t\t<\/div>\n\t\t\t\t<\/div>","protected":false},"excerpt":{"rendered":"<p>Tenemos los mejores productos para mascotas Acerca de nosotros Ofrecemos productos para mascotas de alta calidad a un precio razonable. Compre ahora Somos una empresa china de ventas transfronterizas. Maoming Quark Trading Co., Ltd. Nuestra misi\u00f3n es: Mejorar la vida de las mascotas y los due\u00f1os. Para lograr este objetivo, vendemos productos para mascotas de alta calidad a precios razonables. Desde 2010, nos hemos centrado en las ventas en l\u00ednea para ofrecer productos para mascotas de alta calidad a los consumidores de toda China. Desde 2021, proporcionamos transacciones internacionales. Nuestros usuarios se encuentran principalmente en Europa y Am\u00e9rica del Norte. A finales de 2022, nuestros clientes se han extendido?<\/p>","protected":false},"author":1,"featured_media":0,"parent":0,"menu_order":0,"comment_status":"closed","ping_status":"closed","template":"","meta":{"footnotes":""},"class_list":["post-1037","page","type-page","status-publish","hentry"],"blocksy_meta":{"styles_descriptor":{"styles":{"desktop":"","tablet":"","mobile":""},"google_fonts":[],"version":4},"page_title_panel":"","has_hero_section":"disabled","4e9622a58ae9202d304f2fa67d0b656b":"","hero_section":"type-1","hero_elements":[{"id":"custom_title","enabled":true,"heading_tag":"h1","title":"Home"},{"id":"custom_description","enabled":true,"description_visibility":{"desktop":true,"tablet":true,"mobile":false}},{"id":"custom_meta","enabled":false,"meta_elements":[{"id":"author","enabled":true,"label":"By","has_author_avatar":"yes","avatar_size":25},{"id":"post_date","enabled":true,"label":"On","date_format_source":"default","date_format":"M j, Y"},{"id":"updated_date","enabled":false,"label":"On","date_format_source":"default","date_format":"M j, Y"},{"id":"categories","enabled":false,"label":"In","style":"simple"},{"id":"comments","enabled":true}],"page_meta_elements":{"joined":true,"articles_count":true,"comments":true}},{"id":"breadcrumbs","enabled":false}],"3224b0982925e0d25861ef6296ac6398":"","hero_alignment1":"CT_CSS_SKIP_RULE","hero_margin":40,"hero_alignment2":"center","hero_vertical_alignment":"center","e28a740a10aceb7e2d888c1ab3a92255":"","hero_structure":"narrow","d77f8af00fccace7d44bb074a4e914a0":"","page_title_bg_type":"featured_image","custom_hero_background":{"attachment_id":null},"parallax":{"desktop":false,"tablet":false,"mobile":false},"64b21a7fa7a32ca7b0a4d7a5bc35bdeb":"","hero_height":"250px","pageTitleFont":{"family":"Default","variation":"Default","size":"30px","line-height":"CT_CSS_SKIP_RULE","letter-spacing":"CT_CSS_SKIP_RULE","text-transform":"CT_CSS_SKIP_RULE","text-decoration":"CT_CSS_SKIP_RULE"},"pageTitleFontColor":{"default":{"color":"CT_CSS_SKIP_RULEDEFAULT"}},"pageMetaFont":{"family":"Default","variation":"n6","size":"12px","line-height":"1.3","letter-spacing":"CT_CSS_SKIP_RULE","text-transform":"uppercase","text-decoration":"CT_CSS_SKIP_RULE"},"pageMetaFontColor":{"default":{"color":"CT_CSS_SKIP_RULEDEFAULT"},"hover":{"color":"CT_CSS_SKIP_RULEDEFAULT"}},"page_meta_button_type_font_colors":{"default":{"color":"CT_CSS_SKIP_RULEDEFAULT"},"hover":{"color":"CT_CSS_SKIP_RULEDEFAULT"}},"page_meta_button_type_background_colors":{"default":{"color":"CT_CSS_SKIP_RULEDEFAULT"},"hover":{"color":"CT_CSS_SKIP_RULEDEFAULT"}},"pageExcerptFont":{"family":"Default","variation":"Default","size":"CT_CSS_SKIP_RULE","line-height":"CT_CSS_SKIP_RULE","letter-spacing":"CT_CSS_SKIP_RULE","text-transform":"CT_CSS_SKIP_RULE","text-decoration":"CT_CSS_SKIP_RULE"},"pageExcerptColor":{"default":{"color":"CT_CSS_SKIP_RULEDEFAULT"}},"breadcrumbsFont":{"family":"Default","variation":"Default","size":"CT_CSS_SKIP_RULE","line-height":"CT_CSS_SKIP_RULE","letter-spacing":"CT_CSS_SKIP_RULE","text-transform":"CT_CSS_SKIP_RULE","text-decoration":"CT_CSS_SKIP_RULE"},"breadcrumbsFontColor":{"default":{"color":"CT_CSS_SKIP_RULEDEFAULT"},"initial":{"color":"CT_CSS_SKIP_RULEDEFAULT"},"hover":{"color":"CT_CSS_SKIP_RULEDEFAULT"}},"pageTitleOverlay":{"background_type":"color","background_pattern":"type-1","background_image":{"attachment_id":null,"x":0,"y":0},"gradient":"linear-gradient(135deg,rgba(6,147,227,1) 0%,rgb(155,81,224) 100%)","background_repeat":"repeat","background_size":"auto","background_attachment":"scroll","patternColor":{"default":{"color":"#e5e7ea"}},"overlayColor":{"default":{"color":"CT_CSS_SKIP_RULE"}},"backgroundColor":{"default":{"color":"CT_CSS_SKIP_RULE"}}},"pageTitleBackground":{"background_type":"color","background_pattern":"type-1","background_image":{"attachment_id":null,"x":0,"y":0},"gradient":"linear-gradient(135deg,rgba(6,147,227,1) 0%,rgb(155,81,224) 100%)","background_repeat":"repeat","background_size":"auto","background_attachment":"scroll","patternColor":{"default":{"color":"#e5e7ea"}},"overlayColor":{"default":{"color":"CT_CSS_SKIP_RULE"}},"backgroundColor":{"default":{"color":"var(--paletteColor6)"}}},"pageTitlePadding":{"top":"50px","bottom":"50px","left":"auto","right":"auto","linked":true},"71960806d2fcfecba7ddaab23d23b8f0":"","page_structure_type":"default","6f844eed94dfc9ef04f1eb7cb5691ccb":"","content_style_source":"inherit","content_style":"wide","vertical_spacing_source":"custom","content_area_spacing":"none","background":{"background_type":"color","background_pattern":"type-1","background_image":{"attachment_id":null,"x":0,"y":0},"gradient":"linear-gradient(135deg,rgba(6,147,227,1) 0%,rgb(155,81,224) 100%)","background_repeat":"repeat","background_size":"auto","background_attachment":"scroll","patternColor":{"default":{"color":"#e5e7ea"}},"overlayColor":{"default":{"color":"CT_CSS_SKIP_RULE"}},"backgroundColor":{"default":{"color":"CT_CSS_SKIP_RULE"}}},"content_background":{"background_type":"color","background_pattern":"type-1","background_image":{"attachment_id":null,"x":0,"y":0},"gradient":"linear-gradient(135deg,rgba(6,147,227,1) 0%,rgb(155,81,224) 100%)","background_repeat":"repeat","background_size":"auto","background_attachment":"scroll","patternColor":{"default":{"color":"#e5e7ea"}},"overlayColor":{"default":{"color":"CT_CSS_SKIP_RULE"}},"backgroundColor":{"default":{"color":"var(--paletteColor8)"}}},"content_boxed_shadow":{"inherit":false,"blur":18,"spread":-6,"v_offset":12,"h_offset":0,"inset":false,"enable":true,"color":{"color":"rgba(34, 56, 101, 0.04)"}},"boxed_content_spacing":{"desktop":{"top":"40px","bottom":"40px","left":"40px","right":"40px","linked":true},"tablet":{"top":"35px","bottom":"35px","left":"35px","right":"35px","linked":true},"mobile":{"top":"20px","bottom":"20px","left":"20px","right":"20px","linked":true}},"content_boxed_radius":{"top":"3px","bottom":"3px","left":"3px","right":"3px","linked":true},"4643673b8daac30e67a7b9abb80f6dba":"","disable_featured_image":"no","disable_share_box":"no","disable_header":"no","disable_footer":"no"},"yoast_head":"<!-- This site is optimized with the Yoast SEO plugin v25.0 - https:\/\/yoast.com\/wordpress\/plugins\/seo\/ -->\n<title>About Us &#8212; 18pet.com<\/title>\n<meta name=\"robots\" content=\"index, follow, max-snippet:-1, max-image-preview:large, max-video-preview:-1\" \/>\n<link rel=\"canonical\" href=\"https:\/\/18pet.com\/es\/sobre-nosotros\/\" \/>\n<meta property=\"og:locale\" content=\"es_ES\" \/>\n<meta property=\"og:type\" content=\"article\" \/>\n<meta property=\"og:title\" content=\"About Us &#8212; 18pet.com\" \/>\n<meta property=\"og:description\" content=\"WE have the best pet products About Us We provide high-quality pet products at a reasonable price. Shop Now We are a Chinese cross-border sales company. Maoming Quark Trading Co., Ltd.\u00a0 Our mission is: Make the lives of pets and owners better. In order to achieve this goal, we sell high-quality pet products at reasonable prices. Since 2010, we have been focusing on online sales to provide high-quality pet products to consumers throughout China. Since 2021, we have provided international transactions. Our users are mainly in Europe and North America. As of the end of 2022, our customers have spread\u2026\" \/>\n<meta property=\"og:url\" content=\"https:\/\/18pet.com\/es\/sobre-nosotros\/\" \/>\n<meta property=\"og:site_name\" content=\"18pet.com\" \/>\n<meta property=\"article:modified_time\" content=\"2023-06-13T03:12:06+00:00\" \/>\n<meta property=\"og:image\" content=\"https:\/\/18pet.com\/wp-content\/uploads\/2021\/12\/about-us-hero-pets_optimized.webp\" \/>\n<meta name=\"twitter:card\" content=\"summary_large_image\" \/>\n<meta name=\"twitter:label1\" content=\"Tiempo de lectura\" \/>\n\t<meta name=\"twitter:data1\" content=\"2 minutos\" \/>\n<script type=\"application\/ld+json\" class=\"yoast-schema-graph\">{\"@context\":\"https:\/\/schema.org\",\"@graph\":[{\"@type\":\"WebPage\",\"@id\":\"https:\/\/18pet.com\/about-us\/\",\"url\":\"https:\/\/18pet.com\/about-us\/\",\"name\":\"About Us &#8212; 18pet.com\",\"isPartOf\":{\"@id\":\"https:\/\/18pet.com\/id\/#website\"},\"primaryImageOfPage\":{\"@id\":\"https:\/\/18pet.com\/about-us\/#primaryimage\"},\"image\":{\"@id\":\"https:\/\/18pet.com\/about-us\/#primaryimage\"},\"thumbnailUrl\":\"https:\/\/18pet.com\/wp-content\/uploads\/2021\/12\/about-us-hero-pets_optimized.webp\",\"datePublished\":\"2022-01-16T21:40:57+00:00\",\"dateModified\":\"2023-06-13T03:12:06+00:00\",\"breadcrumb\":{\"@id\":\"https:\/\/18pet.com\/about-us\/#breadcrumb\"},\"inLanguage\":\"es\",\"potentialAction\":[{\"@type\":\"ReadAction\",\"target\":[\"https:\/\/18pet.com\/about-us\/\"]}]},{\"@type\":\"ImageObject\",\"inLanguage\":\"es\",\"@id\":\"https:\/\/18pet.com\/about-us\/#primaryimage\",\"url\":\"https:\/\/18pet.com\/wp-content\/uploads\/2021\/12\/about-us-hero-pets_optimized.webp\",\"contentUrl\":\"https:\/\/18pet.com\/wp-content\/uploads\/2021\/12\/about-us-hero-pets_optimized.webp\"},{\"@type\":\"BreadcrumbList\",\"@id\":\"https:\/\/18pet.com\/about-us\/#breadcrumb\",\"itemListElement\":[{\"@type\":\"ListItem\",\"position\":1,\"name\":\"Home\",\"item\":\"https:\/\/18pet.com\/\"},{\"@type\":\"ListItem\",\"position\":2,\"name\":\"About Us\"}]},{\"@type\":\"WebSite\",\"@id\":\"https:\/\/18pet.com\/id\/#website\",\"url\":\"https:\/\/18pet.com\/id\/\",\"name\":\"18pet.com\",\"description\":\"Your pet supplies center\",\"publisher\":{\"@id\":\"https:\/\/18pet.com\/id\/#organization\"},\"potentialAction\":[{\"@type\":\"SearchAction\",\"target\":{\"@type\":\"EntryPoint\",\"urlTemplate\":\"https:\/\/18pet.com\/id\/?s={search_term_string}\"},\"query-input\":{\"@type\":\"PropertyValueSpecification\",\"valueRequired\":true,\"valueName\":\"search_term_string\"}}],\"inLanguage\":\"es\"},{\"@type\":\"Organization\",\"@id\":\"https:\/\/18pet.com\/id\/#organization\",\"name\":\"18pet.com\",\"url\":\"https:\/\/18pet.com\/id\/\",\"logo\":{\"@type\":\"ImageObject\",\"inLanguage\":\"es\",\"@id\":\"https:\/\/18pet.com\/id\/#\/schema\/logo\/image\/\",\"url\":\"https:\/\/18pet.com\/wp-content\/uploads\/2023\/04\/18pet-white-background.png\",\"contentUrl\":\"https:\/\/18pet.com\/wp-content\/uploads\/2023\/04\/18pet-white-background.png\",\"width\":515,\"height\":167,\"caption\":\"18pet.com\"},\"image\":{\"@id\":\"https:\/\/18pet.com\/id\/#\/schema\/logo\/image\/\"}}]}<\/script>\n<!-- \/ Yoast SEO plugin. -->","yoast_head_json":{"title":"About Us &#8212; 18pet.com","robots":{"index":"index","follow":"follow","max-snippet":"max-snippet:-1","max-image-preview":"max-image-preview:large","max-video-preview":"max-video-preview:-1"},"canonical":"https:\/\/18pet.com\/es\/sobre-nosotros\/","og_locale":"es_ES","og_type":"article","og_title":"About Us &#8212; 18pet.com","og_description":"WE have the best pet products About Us We provide high-quality pet products at a reasonable price. Shop Now We are a Chinese cross-border sales company. Maoming Quark Trading Co., Ltd.\u00a0 Our mission is: Make the lives of pets and owners better. In order to achieve this goal, we sell high-quality pet products at reasonable prices. Since 2010, we have been focusing on online sales to provide high-quality pet products to consumers throughout China. Since 2021, we have provided international transactions. Our users are mainly in Europe and North America. As of the end of 2022, our customers have spread\u2026","og_url":"https:\/\/18pet.com\/es\/sobre-nosotros\/","og_site_name":"18pet.com","article_modified_time":"2023-06-13T03:12:06+00:00","og_image":[{"url":"https:\/\/18pet.com\/wp-content\/uploads\/2021\/12\/about-us-hero-pets_optimized.webp","type":"","width":"","height":""}],"twitter_card":"summary_large_image","twitter_misc":{"Tiempo de lectura":"2 minutos"},"schema":{"@context":"https:\/\/schema.org","@graph":[{"@type":"WebPage","@id":"https:\/\/18pet.com\/about-us\/","url":"https:\/\/18pet.com\/about-us\/","name":"About Us &#8212; 18pet.com","isPartOf":{"@id":"https:\/\/18pet.com\/id\/#website"},"primaryImageOfPage":{"@id":"https:\/\/18pet.com\/about-us\/#primaryimage"},"image":{"@id":"https:\/\/18pet.com\/about-us\/#primaryimage"},"thumbnailUrl":"https:\/\/18pet.com\/wp-content\/uploads\/2021\/12\/about-us-hero-pets_optimized.webp","datePublished":"2022-01-16T21:40:57+00:00","dateModified":"2023-06-13T03:12:06+00:00","breadcrumb":{"@id":"https:\/\/18pet.com\/about-us\/#breadcrumb"},"inLanguage":"es","potentialAction":[{"@type":"ReadAction","target":["https:\/\/18pet.com\/about-us\/"]}]},{"@type":"ImageObject","inLanguage":"es","@id":"https:\/\/18pet.com\/about-us\/#primaryimage","url":"https:\/\/18pet.com\/wp-content\/uploads\/2021\/12\/about-us-hero-pets_optimized.webp","contentUrl":"https:\/\/18pet.com\/wp-content\/uploads\/2021\/12\/about-us-hero-pets_optimized.webp"},{"@type":"BreadcrumbList","@id":"https:\/\/18pet.com\/about-us\/#breadcrumb","itemListElement":[{"@type":"ListItem","position":1,"name":"Home","item":"https:\/\/18pet.com\/"},{"@type":"ListItem","position":2,"name":"About Us"}]},{"@type":"WebSite","@id":"https:\/\/18pet.com\/id\/#website","url":"https:\/\/18pet.com\/id\/","name":"18pet.com","description":"Your pet supplies center","publisher":{"@id":"https:\/\/18pet.com\/id\/#organization"},"potentialAction":[{"@type":"SearchAction","target":{"@type":"EntryPoint","urlTemplate":"https:\/\/18pet.com\/id\/?s={search_term_string}"},"query-input":{"@type":"PropertyValueSpecification","valueRequired":true,"valueName":"search_term_string"}}],"inLanguage":"es"},{"@type":"Organization","@id":"https:\/\/18pet.com\/id\/#organization","name":"18pet.com","url":"https:\/\/18pet.com\/id\/","logo":{"@type":"ImageObject","inLanguage":"es","@id":"https:\/\/18pet.com\/id\/#\/schema\/logo\/image\/","url":"https:\/\/18pet.com\/wp-content\/uploads\/2023\/04\/18pet-white-background.png","contentUrl":"https:\/\/18pet.com\/wp-content\/uploads\/2023\/04\/18pet-white-background.png","width":515,"height":167,"caption":"18pet.com"},"image":{"@id":"https:\/\/18pet.com\/id\/#\/schema\/logo\/image\/"}}]}},"jetpack_sharing_enabled":true,"_links":{"self":[{"href":"https:\/\/18pet.com\/es\/wp-json\/wp\/v2\/pages\/1037","targetHints":{"allow":["GET"]}}],"collection":[{"href":"https:\/\/18pet.com\/es\/wp-json\/wp\/v2\/pages"}],"about":[{"href":"https:\/\/18pet.com\/es\/wp-json\/wp\/v2\/types\/page"}],"author":[{"embeddable":true,"href":"https:\/\/18pet.com\/es\/wp-json\/wp\/v2\/users\/1"}],"replies":[{"embeddable":true,"href":"https:\/\/18pet.com\/es\/wp-json\/wp\/v2\/comments?post=1037"}],"version-history":[{"count":41,"href":"https:\/\/18pet.com\/es\/wp-json\/wp\/v2\/pages\/1037\/revisions"}],"predecessor-version":[{"id":5031,"href":"https:\/\/18pet.com\/es\/wp-json\/wp\/v2\/pages\/1037\/revisions\/5031"}],"wp:attachment":[{"href":"https:\/\/18pet.com\/es\/wp-json\/wp\/v2\/media?parent=1037"}],"curies":[{"name":"wp","href":"https:\/\/api.w.org\/{rel}","templated":true}]}}